{"id":14492,"date":"2019-07-11T05:55:51","date_gmt":"2019-07-11T05:55:51","guid":{"rendered":"http:\/\/www.edicionesalfar.es\/web-wordpress\/?post_type=product\\&#051;p="},"modified":"-0001-11-30T00:00:00","modified_gmt":"-0001-11-29T22:00:00","slug":"tormenta-solar","status":"publish","type":"product","link":"https:\/\/edicionesalfar.es\/es\/producto\/tormenta-solar\/","title":{"rendered":"Tormenta solar"},"content":{"rendered":"<p>CONTENIDO:\u00a0<br style=\"color: #656565; font-family: sans-serif; font-size: 12px; line-height: 18px;\" \/>\u00bfSe imagina qu\u00e9 ser\u00eda de su vida si un d\u00eda, sin previo aviso, todo aquello que necesita electricidad dejase de funcionar?<br style=\"color: #656565; font-family: sans-serif; font-size: 12px; line-height: 18px;\" \/>No se trata solo de estar a oscuras por las noches. O de no tener agua que salga por los grifos las fallas las bombas hidr\u00e1ulicas.<br style=\"color: #656565; font-family: sans-serif; font-size: 12px; line-height: 18px;\" \/>Todo lo que somos quedar\u00eda oculto para siempre en ordenadores quemados. Nuestra identidad, nuestro dinero&#8230;. Todo lo que en esta sociedad moderna nos define.<br style=\"color: #656565; font-family: sans-serif; font-size: 12px; line-height: 18px;\" \/>La comunicaci\u00f3n ser\u00eda inexistente. Los veh\u00edculos no funcionar\u00edan y en una ciudad en la que no se produce nada, donde se depende absolutamente de un sistema log\u00edstico que nos provea de alimentos y medicinas, las consecuencias podr\u00edan ser nefastas.<br style=\"color: #656565; font-family: sans-serif; font-size: 12px; line-height: 18px;\" \/>Un agente comercial de cuarenta a\u00f1os, un matrimonio de octogenarios y una pareja de j\u00f3venes amigas que comparten piso con el hijo peque\u00f1o de una de ellas, formar\u00e1n una extra\u00f1a alianza en un intento desesperado por sobrevivir en una ciudad sometida r\u00e1pidamente a los deseos de una de las florecientes comunidades sectarias que surgen por todas partes.<br style=\"color: #656565; font-family: sans-serif; font-size: 12px; line-height: 18px;\" \/>Desastres, amor, antih\u00e9roes, fan\u00e1ticos religiosos&#8230;Todo unido en una trepidante carrera en busca de la salvaci\u00f3n.<br style=\"color: #656565; font-family: sans-serif; font-size: 12px; line-height: 18px;\" \/>\u00bfCu\u00e1nto tiempo calcula que sobrevivir\u00eda en una situaci\u00f3n as\u00ed?\u00a0<br style=\"color: #656565; font-family: sans-serif; font-size: 12px; line-height: 18px;\" \/>AUTOR:\u00a0<br style=\"color: #656565; font-family: sans-serif; font-size: 12px; line-height: 18px;\" \/>Jos\u00e9 Pedrera es un malague\u00f1o que desde ni\u00f1o estuvo interesado por el mundo de los enigmas, los misterios y la ciencia. Sin embargo, no es hasta el a\u00f1o 2012, cuando decide escribir sobre uno de los temas que tanto le ha atra\u00eddo y tanto le ha hecho investigar. Es con la novela Tormenta Solar, la obra con la que este autor decide exponer todos los datos que ha recopilado. Tambi\u00e9n es este libro con el que se estrena en el mundo de la literatura. Actualmente est\u00e1 escribiendo otra novela que se espera vea la luz a finales de 2013.<\/p>\n","protected":false},"excerpt":{"rendered":"<p><span style=\"margin: 0px; padding: 0px; color: #656565; line-height: 18px; font-family: arial, helvetica, sans-serif; font-size: 12pt;\">\u00bfSe imagina qu\u00e9 ser\u00eda de su vida si un d\u00eda, sin previo aviso, todo aquello que necesita electricidad dejase de funcionar?<\/span><br style=\"color: #656565; font-family: sans-serif; font-size: 12px; line-height: 18px;\" \/><span style=\"margin: 0px; padding: 0px; color: #656565; line-height: 18px; font-family: arial, helvetica, sans-serif; font-size: 12pt;\">No se trata solo de estar a oscuras por las noches. O de no tener agua que salga por los grifos las fallas las bombas hidr\u00e1ulicas.<\/span><br style=\"color: #656565; font-family: sans-serif; font-size: 12px; line-height: 18px;\" \/><span style=\"margin: 0px; padding: 0px; color: #656565; line-height: 18px; font-family: arial, helvetica, sans-serif; font-size: 12pt;\">Todo lo que somos quedar\u00eda oculto para siempre en ordenadores quemados. Nuestra identidad, nuestro dinero&#8230;. Todo lo que en esta sociedad moderna nos define.<\/span><br style=\"color: #656565; font-family: sans-serif; font-size: 12px; line-height: 18px;\" \/><span style=\"margin: 0px; padding: 0px; color: #656565; line-height: 18px; font-family: arial, helvetica, sans-serif; font-size: 12pt;\">La comunicaci\u00f3n ser\u00eda inexistente. Los veh\u00edculos no funcionar\u00edan y en una ciudad en la que no se produce nada, donde se depende absolutamente de un sistema log\u00edstico que nos provea de alimentos y medicinas, las consecuencias podr\u00edan ser nefastas.<\/span><br style=\"color: #656565; font-family: sans-serif; font-size: 12px; line-height: 18px;\" \/><span style=\"margin: 0px; padding: 0px; color: #656565; line-height: 18px; font-family: arial, helvetica, sans-serif; font-size: 12pt;\">Un agente comercial de cuarenta a\u00f1os, un matrimonio de octogenarios y una pareja de j\u00f3venes amigas que comparten piso con el hijo peque\u00f1o de una de ellas, formar\u00e1n una extra\u00f1a alianza en un intento desesperado por sobrevivir en una ciudad sometida r\u00e1pidamente a los deseos de una de las florecientes comunidades sectarias que surgen por todas partes.<\/span><br style=\"color: #656565; font-family: sans-serif; font-size: 12px; line-height: 18px;\" \/><span style=\"margin: 0px; padding: 0px; color: #656565; line-height: 18px; font-family: arial, helvetica, sans-serif; font-size: 12pt;\">Desastres, amor, antih\u00e9roes, fan\u00e1ticos religiosos&#8230;Todo unido en una trepidante carrera en busca de la salvaci\u00f3n.<\/span><br style=\"color: #656565; font-family: sans-serif; font-size: 12px; line-height: 18px;\" \/><span style=\"margin: 0px; padding: 0px; color: #656565; line-height: 18px; font-family: arial, helvetica, sans-serif; font-size: 12pt;\">\u00bfCu\u00e1nto tiempo calcula que sobrevivir\u00eda en una situaci\u00f3n as\u00ed?<\/span><\/p>\n","protected":false},"featured_media":14493,"comment_status":"open","ping_status":"open","template":"","meta":{"_acf_changed":false,"_et_pb_use_builder":"","_et_pb_old_content":"","_et_gb_content_width":""},"product_brand":[],"product_cat":[51],"product_tag":[],"class_list":{"0":"post-14492","1":"product","2":"type-product","3":"status-publish","4":"has-post-thumbnail","6":"product_cat-revistas-libros-distribucion","8":"first","9":"instock","10":"taxable","11":"shipping-taxable","12":"purchasable","13":"product-type-simple"},"acf":[],"yoast_head":"<!-- This site is optimized with the Yoast SEO plugin v27.5 - https:\/\/yoast.com\/product\/yoast-seo-wordpress\/ -->\n<title>Tormenta solar - Ediciones Alfar<\/title>\n<meta name=\"robots\" content=\"index, follow, max-snippet:-1, max-image-preview:large, max-video-preview:-1\" \/>\n<link rel=\"canonical\" href=\"https:\/\/edicionesalfar.es\/es\/producto\/tormenta-solar\/\" \/>\n<meta property=\"og:locale\" content=\"es_ES\" \/>\n<meta property=\"og:type\" content=\"article\" \/>\n<meta property=\"og:title\" content=\"Tormenta solar - Ediciones Alfar\" \/>\n<meta property=\"og:description\" content=\"\u00bfSe imagina qu\u00e9 ser\u00eda de su vida si un d\u00eda, sin previo aviso, todo aquello que necesita electricidad dejase de funcionar?No se trata solo de estar a oscuras por las noches. O de no tener agua que salga por los grifos las fallas las bombas hidr\u00e1ulicas.Todo lo que somos quedar\u00eda oculto para siempre en ordenadores quemados. Nuestra identidad, nuestro dinero.... Todo lo que en esta sociedad moderna nos define.La comunicaci\u00f3n ser\u00eda inexistente. Los veh\u00edculos no funcionar\u00edan y en una ciudad en la que no se produce nada, donde se depende absolutamente de un sistema log\u00edstico que nos provea de alimentos y medicinas, las consecuencias podr\u00edan ser nefastas.Un agente comercial de cuarenta a\u00f1os, un matrimonio de octogenarios y una pareja de j\u00f3venes amigas que comparten piso con el hijo peque\u00f1o de una de ellas, formar\u00e1n una extra\u00f1a alianza en un intento desesperado por sobrevivir en una ciudad sometida r\u00e1pidamente a los deseos de una de las florecientes comunidades sectarias que surgen por todas partes.Desastres, amor, antih\u00e9roes, fan\u00e1ticos religiosos...Todo unido en una trepidante carrera en busca de la salvaci\u00f3n.\u00bfCu\u00e1nto tiempo calcula que sobrevivir\u00eda en una situaci\u00f3n as\u00ed?\" \/>\n<meta property=\"og:url\" content=\"https:\/\/edicionesalfar.es\/es\/producto\/tormenta-solar\/\" \/>\n<meta property=\"og:site_name\" content=\"Ediciones Alfar\" \/>\n<meta property=\"og:image\" content=\"https:\/\/edicionesalfar.es\/es\/wp-content\/uploads\/2019\/05\/978-84-7898-492-3_f978fba0.jpg\" \/>\n\t<meta property=\"og:image:width\" content=\"1\" \/>\n\t<meta property=\"og:image:height\" content=\"1\" \/>\n\t<meta property=\"og:image:type\" content=\"image\/jpeg\" \/>\n<meta name=\"twitter:card\" content=\"summary_large_image\" \/>\n<meta name=\"twitter:label1\" content=\"Tiempo de lectura\" \/>\n\t<meta name=\"twitter:data1\" content=\"2 minutos\" \/>\n<script type=\"application\/ld+json\" class=\"yoast-schema-graph\">{\"@context\":\"https:\\\/\\\/schema.org\",\"@graph\":[{\"@type\":\"WebPage\",\"@id\":\"https:\\\/\\\/edicionesalfar.es\\\/es\\\/producto\\\/tormenta-solar\\\/\",\"url\":\"https:\\\/\\\/edicionesalfar.es\\\/es\\\/producto\\\/tormenta-solar\\\/\",\"name\":\"Tormenta solar - Ediciones Alfar\",\"isPartOf\":{\"@id\":\"https:\\\/\\\/edicionesalfar.es\\\/es\\\/#website\"},\"primaryImageOfPage\":{\"@id\":\"https:\\\/\\\/edicionesalfar.es\\\/es\\\/producto\\\/tormenta-solar\\\/#primaryimage\"},\"image\":{\"@id\":\"https:\\\/\\\/edicionesalfar.es\\\/es\\\/producto\\\/tormenta-solar\\\/#primaryimage\"},\"thumbnailUrl\":\"https:\\\/\\\/edicionesalfar.es\\\/es\\\/wp-content\\\/uploads\\\/2019\\\/05\\\/978-84-7898-492-3_f978fba0.jpg\",\"datePublished\":\"2019-07-11T05:55:51+00:00\",\"breadcrumb\":{\"@id\":\"https:\\\/\\\/edicionesalfar.es\\\/es\\\/producto\\\/tormenta-solar\\\/#breadcrumb\"},\"inLanguage\":\"es\",\"potentialAction\":[{\"@type\":\"ReadAction\",\"target\":[\"https:\\\/\\\/edicionesalfar.es\\\/es\\\/producto\\\/tormenta-solar\\\/\"]}]},{\"@type\":\"ImageObject\",\"inLanguage\":\"es\",\"@id\":\"https:\\\/\\\/edicionesalfar.es\\\/es\\\/producto\\\/tormenta-solar\\\/#primaryimage\",\"url\":\"https:\\\/\\\/edicionesalfar.es\\\/es\\\/wp-content\\\/uploads\\\/2019\\\/05\\\/978-84-7898-492-3_f978fba0.jpg\",\"contentUrl\":\"https:\\\/\\\/edicionesalfar.es\\\/es\\\/wp-content\\\/uploads\\\/2019\\\/05\\\/978-84-7898-492-3_f978fba0.jpg\"},{\"@type\":\"BreadcrumbList\",\"@id\":\"https:\\\/\\\/edicionesalfar.es\\\/es\\\/producto\\\/tormenta-solar\\\/#breadcrumb\",\"itemListElement\":[{\"@type\":\"ListItem\",\"position\":1,\"name\":\"Portada\",\"item\":\"https:\\\/\\\/edicionesalfar.es\\\/es\\\/\"},{\"@type\":\"ListItem\",\"position\":2,\"name\":\"Cat\u00e1logo\",\"item\":\"https:\\\/\\\/edicionesalfar.es\\\/es\\\/catalogo\\\/\"},{\"@type\":\"ListItem\",\"position\":3,\"name\":\"Tormenta solar\"}]},{\"@type\":\"WebSite\",\"@id\":\"https:\\\/\\\/edicionesalfar.es\\\/es\\\/#website\",\"url\":\"https:\\\/\\\/edicionesalfar.es\\\/es\\\/\",\"name\":\"Ediciones Alfar\",\"description\":\"\",\"potentialAction\":[{\"@type\":\"SearchAction\",\"target\":{\"@type\":\"EntryPoint\",\"urlTemplate\":\"https:\\\/\\\/edicionesalfar.es\\\/es\\\/?s={search_term_string}\"},\"query-input\":{\"@type\":\"PropertyValueSpecification\",\"valueRequired\":true,\"valueName\":\"search_term_string\"}}],\"inLanguage\":\"es\"}]}<\/script>\n<!-- \/ Yoast SEO plugin. -->","yoast_head_json":{"title":"Tormenta solar - Ediciones Alfar","robots":{"index":"index","follow":"follow","max-snippet":"max-snippet:-1","max-image-preview":"max-image-preview:large","max-video-preview":"max-video-preview:-1"},"canonical":"https:\/\/edicionesalfar.es\/es\/producto\/tormenta-solar\/","og_locale":"es_ES","og_type":"article","og_title":"Tormenta solar - Ediciones Alfar","og_description":"\u00bfSe imagina qu\u00e9 ser\u00eda de su vida si un d\u00eda, sin previo aviso, todo aquello que necesita electricidad dejase de funcionar?No se trata solo de estar a oscuras por las noches. O de no tener agua que salga por los grifos las fallas las bombas hidr\u00e1ulicas.Todo lo que somos quedar\u00eda oculto para siempre en ordenadores quemados. Nuestra identidad, nuestro dinero.... Todo lo que en esta sociedad moderna nos define.La comunicaci\u00f3n ser\u00eda inexistente. Los veh\u00edculos no funcionar\u00edan y en una ciudad en la que no se produce nada, donde se depende absolutamente de un sistema log\u00edstico que nos provea de alimentos y medicinas, las consecuencias podr\u00edan ser nefastas.Un agente comercial de cuarenta a\u00f1os, un matrimonio de octogenarios y una pareja de j\u00f3venes amigas que comparten piso con el hijo peque\u00f1o de una de ellas, formar\u00e1n una extra\u00f1a alianza en un intento desesperado por sobrevivir en una ciudad sometida r\u00e1pidamente a los deseos de una de las florecientes comunidades sectarias que surgen por todas partes.Desastres, amor, antih\u00e9roes, fan\u00e1ticos religiosos...Todo unido en una trepidante carrera en busca de la salvaci\u00f3n.\u00bfCu\u00e1nto tiempo calcula que sobrevivir\u00eda en una situaci\u00f3n as\u00ed?","og_url":"https:\/\/edicionesalfar.es\/es\/producto\/tormenta-solar\/","og_site_name":"Ediciones Alfar","og_image":[{"url":"https:\/\/edicionesalfar.es\/es\/wp-content\/uploads\/2019\/05\/978-84-7898-492-3_f978fba0.jpg","width":1,"height":1,"type":"image\/jpeg"}],"twitter_card":"summary_large_image","twitter_misc":{"Tiempo de lectura":"2 minutos"},"schema":{"@context":"https:\/\/schema.org","@graph":[{"@type":"WebPage","@id":"https:\/\/edicionesalfar.es\/es\/producto\/tormenta-solar\/","url":"https:\/\/edicionesalfar.es\/es\/producto\/tormenta-solar\/","name":"Tormenta solar - Ediciones Alfar","isPartOf":{"@id":"https:\/\/edicionesalfar.es\/es\/#website"},"primaryImageOfPage":{"@id":"https:\/\/edicionesalfar.es\/es\/producto\/tormenta-solar\/#primaryimage"},"image":{"@id":"https:\/\/edicionesalfar.es\/es\/producto\/tormenta-solar\/#primaryimage"},"thumbnailUrl":"https:\/\/edicionesalfar.es\/es\/wp-content\/uploads\/2019\/05\/978-84-7898-492-3_f978fba0.jpg","datePublished":"2019-07-11T05:55:51+00:00","breadcrumb":{"@id":"https:\/\/edicionesalfar.es\/es\/producto\/tormenta-solar\/#breadcrumb"},"inLanguage":"es","potentialAction":[{"@type":"ReadAction","target":["https:\/\/edicionesalfar.es\/es\/producto\/tormenta-solar\/"]}]},{"@type":"ImageObject","inLanguage":"es","@id":"https:\/\/edicionesalfar.es\/es\/producto\/tormenta-solar\/#primaryimage","url":"https:\/\/edicionesalfar.es\/es\/wp-content\/uploads\/2019\/05\/978-84-7898-492-3_f978fba0.jpg","contentUrl":"https:\/\/edicionesalfar.es\/es\/wp-content\/uploads\/2019\/05\/978-84-7898-492-3_f978fba0.jpg"},{"@type":"BreadcrumbList","@id":"https:\/\/edicionesalfar.es\/es\/producto\/tormenta-solar\/#breadcrumb","itemListElement":[{"@type":"ListItem","position":1,"name":"Portada","item":"https:\/\/edicionesalfar.es\/es\/"},{"@type":"ListItem","position":2,"name":"Cat\u00e1logo","item":"https:\/\/edicionesalfar.es\/es\/catalogo\/"},{"@type":"ListItem","position":3,"name":"Tormenta solar"}]},{"@type":"WebSite","@id":"https:\/\/edicionesalfar.es\/es\/#website","url":"https:\/\/edicionesalfar.es\/es\/","name":"Ediciones Alfar","description":"","potentialAction":[{"@type":"SearchAction","target":{"@type":"EntryPoint","urlTemplate":"https:\/\/edicionesalfar.es\/es\/?s={search_term_string}"},"query-input":{"@type":"PropertyValueSpecification","valueRequired":true,"valueName":"search_term_string"}}],"inLanguage":"es"}]}},"_links":{"self":[{"href":"https:\/\/edicionesalfar.es\/es\/wp-json\/wp\/v2\/product\/14492","targetHints":{"allow":["GET"]}}],"collection":[{"href":"https:\/\/edicionesalfar.es\/es\/wp-json\/wp\/v2\/product"}],"about":[{"href":"https:\/\/edicionesalfar.es\/es\/wp-json\/wp\/v2\/types\/product"}],"replies":[{"embeddable":true,"href":"https:\/\/edicionesalfar.es\/es\/wp-json\/wp\/v2\/comments?post=14492"}],"wp:featuredmedia":[{"embeddable":true,"href":"https:\/\/edicionesalfar.es\/es\/wp-json\/wp\/v2\/media\/14493"}],"wp:attachment":[{"href":"https:\/\/edicionesalfar.es\/es\/wp-json\/wp\/v2\/media?parent=14492"}],"wp:term":[{"taxonomy":"product_brand","embeddable":true,"href":"https:\/\/edicionesalfar.es\/es\/wp-json\/wp\/v2\/product_brand?post=14492"},{"taxonomy":"product_cat","embeddable":true,"href":"https:\/\/edicionesalfar.es\/es\/wp-json\/wp\/v2\/product_cat?post=14492"},{"taxonomy":"product_tag","embeddable":true,"href":"https:\/\/edicionesalfar.es\/es\/wp-json\/wp\/v2\/product_tag?post=14492"}],"curies":[{"name":"wp","href":"https:\/\/api.w.org\/{rel}","templated":true}]}}