{"id":14490,"date":"2019-07-11T05:55:50","date_gmt":"2019-07-11T05:55:50","guid":{"rendered":"http:\/\/www.edicionesalfar.es\/web-wordpress\/?post_type=product\\&#047;p="},"modified":"-0001-11-30T00:00:00","modified_gmt":"-0001-11-29T22:00:00","slug":"historias-azules","status":"publish","type":"product","link":"https:\/\/edicionesalfar.es\/es\/producto\/historias-azules\/","title":{"rendered":"Historias azules"},"content":{"rendered":"<p style=\"margin: 0px 0px 1.5em; padding-left: 0px; font-size: 12px; line-height: 18px; color: #656565; font-family: sans-serif; font-style: normal;\">CONTENIDO:\u00a0<br \/>El autor plasma en este libro sus inquietudes personales a trav\u00e9s de los relatos breves, donde nos presenta reflexiones, acontecimientos, dramas, humor, intriga, actualidad&#8230;<br \/>\u201cTal vez&#8230; Alguna vez dejar\u00e9 de imaginar lo bueno azul. Valorar\u00e9 igual otros preciosos colores. Ni la paz, ni la ilusi\u00f3n ser\u00e1n azules y tampoco el tropel de los envoltorios que me escolten. Al azul le dar\u00e9 generosas gracias por haber estado en mi alma y en mi vida. Si bien entiendo desde lo m\u00e1s profundo de mi ser que para entonces, cuando no crea en el azul, estar\u00e9 muerto.<br \/>Tal vez&#8230;<\/p>\n<p style=\"margin: 0px 0px 1.5em; padding-left: 0px; font-size: 12px; line-height: 18px; color: #656565; font-family: sans-serif; font-style: normal;\">AUTOR:\u00a0<br \/>Fernando \u00c1ngel Lumbreras Garc\u00eda naci\u00f3 en la ciudad de C\u00e1ceres, Patrimonio de la Humanidad, el 30 de mayo de 1963. Es Licenciado en Derecho por la Universidad de Extremadura. Vive en Tomares (Sevilla), pero sin romper nunca y bajo ning\u00fan concepto su vinculaci\u00f3n con la tierra que le vio nacer. Desarrolla su carrera profesional en la capital andaluza hace ya m\u00e1s de veinte a\u00f1os y vinculado siempre a entidades financieras en el \u00e1mbito de los impagados, departamentos de recuperaciones y recobro. Tras el primer libro , \u201cEl moroso ese gran desconocido (Divertimento)\u201d, y el segundo, \u201cAzulpoes\u00eda\u201d, ambos editados tambi\u00e9n por Alfar, ahora nos presenta \u201cHistorias azules\u201d. El autor utiliza recuerdos, vivencias y ficciones que cobran vida propia evolucionando hasta expresar una idea, un sentimiento, un testimonio. Encontramos en \u201cHistorias azules\u201d personajes cercanos y f\u00e1cilmente identificables, aunque v\u00edctimas en muchos casos de s\u00ed mismos, que nos ayudan a sonreir o a meditar sobre la vida diaria, el amor, la vejez, la pol\u00edtica, la educaci\u00f3n y otras cuestiones, casi tantas como relatos se incluyen en el libro.<\/p>\n","protected":false},"excerpt":{"rendered":"<p>El autor plasma en este libro sus inquietudes personales a trav\u00e9s de los relatos breves, donde nos presenta reflexiones, acontecimientos, dramas, humor, intriga, actualidad&#8230;<br \/>\u201cTal vez&#8230; Alguna vez dejar\u00e9 de imaginar lo bueno azul. Valorar\u00e9 igual otros preciosos colores. Ni la paz, ni la ilusi\u00f3n ser\u00e1n azules y tampoco el tropel de los envoltorios que me escolten. Al azul le dar\u00e9 generosas gracias por haber estado en mi alma y en mi vida. Si bien entiendo desde lo m\u00e1s profundo de mi ser que para entonces, cuando no crea en el azul, estar\u00e9 muerto.<\/p>\n","protected":false},"featured_media":14491,"comment_status":"open","ping_status":"open","template":"","meta":{"_acf_changed":false,"_et_pb_use_builder":"","_et_pb_old_content":"","_et_gb_content_width":""},"product_brand":[],"product_cat":[47],"product_tag":[],"class_list":{"0":"post-14490","1":"product","2":"type-product","3":"status-publish","4":"has-post-thumbnail","6":"product_cat-otras-narrativas","8":"first","9":"instock","10":"taxable","11":"shipping-taxable","12":"purchasable","13":"product-type-simple"},"acf":[],"yoast_head":"<!-- This site is optimized with the Yoast SEO plugin v27.6 - https:\/\/yoast.com\/product\/yoast-seo-wordpress\/ -->\n<title>Historias azules - Ediciones Alfar<\/title>\n<meta name=\"robots\" content=\"index, follow, max-snippet:-1, max-image-preview:large, max-video-preview:-1\" \/>\n<link rel=\"canonical\" href=\"https:\/\/edicionesalfar.es\/es\/producto\/historias-azules\/\" \/>\n<meta property=\"og:locale\" content=\"es_ES\" \/>\n<meta property=\"og:type\" content=\"article\" \/>\n<meta property=\"og:title\" content=\"Historias azules - Ediciones Alfar\" \/>\n<meta property=\"og:description\" content=\"El autor plasma en este libro sus inquietudes personales a trav\u00e9s de los relatos breves, donde nos presenta reflexiones, acontecimientos, dramas, humor, intriga, actualidad...\u201cTal vez... Alguna vez dejar\u00e9 de imaginar lo bueno azul. Valorar\u00e9 igual otros preciosos colores. Ni la paz, ni la ilusi\u00f3n ser\u00e1n azules y tampoco el tropel de los envoltorios que me escolten. Al azul le dar\u00e9 generosas gracias por haber estado en mi alma y en mi vida. Si bien entiendo desde lo m\u00e1s profundo de mi ser que para entonces, cuando no crea en el azul, estar\u00e9 muerto.\" \/>\n<meta property=\"og:url\" content=\"https:\/\/edicionesalfar.es\/es\/producto\/historias-azules\/\" \/>\n<meta property=\"og:site_name\" content=\"Ediciones Alfar\" \/>\n<meta property=\"og:image\" content=\"https:\/\/edicionesalfar.es\/es\/wp-content\/uploads\/2019\/05\/978-84-7898-478-7_b2636e98.jpg\" \/>\n\t<meta property=\"og:image:width\" content=\"1\" \/>\n\t<meta property=\"og:image:height\" content=\"1\" \/>\n\t<meta property=\"og:image:type\" content=\"image\/jpeg\" \/>\n<meta name=\"twitter:card\" content=\"summary_large_image\" \/>\n<meta name=\"twitter:label1\" content=\"Tiempo de lectura\" \/>\n\t<meta name=\"twitter:data1\" content=\"1 minuto\" \/>\n<script type=\"application\/ld+json\" class=\"yoast-schema-graph\">{\"@context\":\"https:\\\/\\\/schema.org\",\"@graph\":[{\"@type\":\"WebPage\",\"@id\":\"https:\\\/\\\/edicionesalfar.es\\\/es\\\/producto\\\/historias-azules\\\/\",\"url\":\"https:\\\/\\\/edicionesalfar.es\\\/es\\\/producto\\\/historias-azules\\\/\",\"name\":\"Historias azules - Ediciones Alfar\",\"isPartOf\":{\"@id\":\"https:\\\/\\\/edicionesalfar.es\\\/es\\\/#website\"},\"primaryImageOfPage\":{\"@id\":\"https:\\\/\\\/edicionesalfar.es\\\/es\\\/producto\\\/historias-azules\\\/#primaryimage\"},\"image\":{\"@id\":\"https:\\\/\\\/edicionesalfar.es\\\/es\\\/producto\\\/historias-azules\\\/#primaryimage\"},\"thumbnailUrl\":\"https:\\\/\\\/edicionesalfar.es\\\/es\\\/wp-content\\\/uploads\\\/2019\\\/05\\\/978-84-7898-478-7_b2636e98.jpg\",\"datePublished\":\"2019-07-11T05:55:50+00:00\",\"breadcrumb\":{\"@id\":\"https:\\\/\\\/edicionesalfar.es\\\/es\\\/producto\\\/historias-azules\\\/#breadcrumb\"},\"inLanguage\":\"es\",\"potentialAction\":[{\"@type\":\"ReadAction\",\"target\":[\"https:\\\/\\\/edicionesalfar.es\\\/es\\\/producto\\\/historias-azules\\\/\"]}]},{\"@type\":\"ImageObject\",\"inLanguage\":\"es\",\"@id\":\"https:\\\/\\\/edicionesalfar.es\\\/es\\\/producto\\\/historias-azules\\\/#primaryimage\",\"url\":\"https:\\\/\\\/edicionesalfar.es\\\/es\\\/wp-content\\\/uploads\\\/2019\\\/05\\\/978-84-7898-478-7_b2636e98.jpg\",\"contentUrl\":\"https:\\\/\\\/edicionesalfar.es\\\/es\\\/wp-content\\\/uploads\\\/2019\\\/05\\\/978-84-7898-478-7_b2636e98.jpg\"},{\"@type\":\"BreadcrumbList\",\"@id\":\"https:\\\/\\\/edicionesalfar.es\\\/es\\\/producto\\\/historias-azules\\\/#breadcrumb\",\"itemListElement\":[{\"@type\":\"ListItem\",\"position\":1,\"name\":\"Portada\",\"item\":\"https:\\\/\\\/edicionesalfar.es\\\/es\\\/\"},{\"@type\":\"ListItem\",\"position\":2,\"name\":\"Cat\u00e1logo\",\"item\":\"https:\\\/\\\/edicionesalfar.es\\\/es\\\/catalogo\\\/\"},{\"@type\":\"ListItem\",\"position\":3,\"name\":\"Historias azules\"}]},{\"@type\":\"WebSite\",\"@id\":\"https:\\\/\\\/edicionesalfar.es\\\/es\\\/#website\",\"url\":\"https:\\\/\\\/edicionesalfar.es\\\/es\\\/\",\"name\":\"Ediciones Alfar\",\"description\":\"\",\"potentialAction\":[{\"@type\":\"SearchAction\",\"target\":{\"@type\":\"EntryPoint\",\"urlTemplate\":\"https:\\\/\\\/edicionesalfar.es\\\/es\\\/?s={search_term_string}\"},\"query-input\":{\"@type\":\"PropertyValueSpecification\",\"valueRequired\":true,\"valueName\":\"search_term_string\"}}],\"inLanguage\":\"es\"}]}<\/script>\n<!-- \/ Yoast SEO plugin. -->","yoast_head_json":{"title":"Historias azules - Ediciones Alfar","robots":{"index":"index","follow":"follow","max-snippet":"max-snippet:-1","max-image-preview":"max-image-preview:large","max-video-preview":"max-video-preview:-1"},"canonical":"https:\/\/edicionesalfar.es\/es\/producto\/historias-azules\/","og_locale":"es_ES","og_type":"article","og_title":"Historias azules - Ediciones Alfar","og_description":"El autor plasma en este libro sus inquietudes personales a trav\u00e9s de los relatos breves, donde nos presenta reflexiones, acontecimientos, dramas, humor, intriga, actualidad...\u201cTal vez... Alguna vez dejar\u00e9 de imaginar lo bueno azul. Valorar\u00e9 igual otros preciosos colores. Ni la paz, ni la ilusi\u00f3n ser\u00e1n azules y tampoco el tropel de los envoltorios que me escolten. Al azul le dar\u00e9 generosas gracias por haber estado en mi alma y en mi vida. Si bien entiendo desde lo m\u00e1s profundo de mi ser que para entonces, cuando no crea en el azul, estar\u00e9 muerto.","og_url":"https:\/\/edicionesalfar.es\/es\/producto\/historias-azules\/","og_site_name":"Ediciones Alfar","og_image":[{"url":"https:\/\/edicionesalfar.es\/es\/wp-content\/uploads\/2019\/05\/978-84-7898-478-7_b2636e98.jpg","width":1,"height":1,"type":"image\/jpeg"}],"twitter_card":"summary_large_image","twitter_misc":{"Tiempo de lectura":"1 minuto"},"schema":{"@context":"https:\/\/schema.org","@graph":[{"@type":"WebPage","@id":"https:\/\/edicionesalfar.es\/es\/producto\/historias-azules\/","url":"https:\/\/edicionesalfar.es\/es\/producto\/historias-azules\/","name":"Historias azules - Ediciones Alfar","isPartOf":{"@id":"https:\/\/edicionesalfar.es\/es\/#website"},"primaryImageOfPage":{"@id":"https:\/\/edicionesalfar.es\/es\/producto\/historias-azules\/#primaryimage"},"image":{"@id":"https:\/\/edicionesalfar.es\/es\/producto\/historias-azules\/#primaryimage"},"thumbnailUrl":"https:\/\/edicionesalfar.es\/es\/wp-content\/uploads\/2019\/05\/978-84-7898-478-7_b2636e98.jpg","datePublished":"2019-07-11T05:55:50+00:00","breadcrumb":{"@id":"https:\/\/edicionesalfar.es\/es\/producto\/historias-azules\/#breadcrumb"},"inLanguage":"es","potentialAction":[{"@type":"ReadAction","target":["https:\/\/edicionesalfar.es\/es\/producto\/historias-azules\/"]}]},{"@type":"ImageObject","inLanguage":"es","@id":"https:\/\/edicionesalfar.es\/es\/producto\/historias-azules\/#primaryimage","url":"https:\/\/edicionesalfar.es\/es\/wp-content\/uploads\/2019\/05\/978-84-7898-478-7_b2636e98.jpg","contentUrl":"https:\/\/edicionesalfar.es\/es\/wp-content\/uploads\/2019\/05\/978-84-7898-478-7_b2636e98.jpg"},{"@type":"BreadcrumbList","@id":"https:\/\/edicionesalfar.es\/es\/producto\/historias-azules\/#breadcrumb","itemListElement":[{"@type":"ListItem","position":1,"name":"Portada","item":"https:\/\/edicionesalfar.es\/es\/"},{"@type":"ListItem","position":2,"name":"Cat\u00e1logo","item":"https:\/\/edicionesalfar.es\/es\/catalogo\/"},{"@type":"ListItem","position":3,"name":"Historias azules"}]},{"@type":"WebSite","@id":"https:\/\/edicionesalfar.es\/es\/#website","url":"https:\/\/edicionesalfar.es\/es\/","name":"Ediciones Alfar","description":"","potentialAction":[{"@type":"SearchAction","target":{"@type":"EntryPoint","urlTemplate":"https:\/\/edicionesalfar.es\/es\/?s={search_term_string}"},"query-input":{"@type":"PropertyValueSpecification","valueRequired":true,"valueName":"search_term_string"}}],"inLanguage":"es"}]}},"_links":{"self":[{"href":"https:\/\/edicionesalfar.es\/es\/wp-json\/wp\/v2\/product\/14490","targetHints":{"allow":["GET"]}}],"collection":[{"href":"https:\/\/edicionesalfar.es\/es\/wp-json\/wp\/v2\/product"}],"about":[{"href":"https:\/\/edicionesalfar.es\/es\/wp-json\/wp\/v2\/types\/product"}],"replies":[{"embeddable":true,"href":"https:\/\/edicionesalfar.es\/es\/wp-json\/wp\/v2\/comments?post=14490"}],"wp:featuredmedia":[{"embeddable":true,"href":"https:\/\/edicionesalfar.es\/es\/wp-json\/wp\/v2\/media\/14491"}],"wp:attachment":[{"href":"https:\/\/edicionesalfar.es\/es\/wp-json\/wp\/v2\/media?parent=14490"}],"wp:term":[{"taxonomy":"product_brand","embeddable":true,"href":"https:\/\/edicionesalfar.es\/es\/wp-json\/wp\/v2\/product_brand?post=14490"},{"taxonomy":"product_cat","embeddable":true,"href":"https:\/\/edicionesalfar.es\/es\/wp-json\/wp\/v2\/product_cat?post=14490"},{"taxonomy":"product_tag","embeddable":true,"href":"https:\/\/edicionesalfar.es\/es\/wp-json\/wp\/v2\/product_tag?post=14490"}],"curies":[{"name":"wp","href":"https:\/\/api.w.org\/{rel}","templated":true}]}}