{"id":14410,"date":"2019-07-11T05:55:09","date_gmt":"2019-07-11T05:55:09","guid":{"rendered":"http:\/\/www.edicionesalfar.es\/web-wordpress\/?post_type=product\\&#046;p="},"modified":"2020-02-25T09:05:38","modified_gmt":"2020-02-25T08:05:38","slug":"el-miedo-a-la-libertad-en-espana-ensayos-sobre-liberalismo-y-nacionalismo","status":"publish","type":"product","link":"https:\/\/edicionesalfar.es\/es\/producto\/el-miedo-a-la-libertad-en-espana-ensayos-sobre-liberalismo-y-nacionalismo\/","title":{"rendered":"EL MIEDO A LA LIBERTAD EN ESPA\u00d1A. Ensayos sobre Liberalismo y Nacionalismo"},"content":{"rendered":"<p>EL MIEDO A LA LIBERTAD EN ESPA\u00d1A. Ensayos sobre Liberalismo y Nacionalismo<\/p>\n","protected":false},"excerpt":{"rendered":"<p><span style=\"font-size: 10pt;\"><span style=\"font-family: georgia,palatino;\">Este libro re\u00fane un  conjunto de ensayos hist\u00f3ricos aparecidos en varias publicaciones a lo largo de  pr\u00e1cticamente un cuarto de siglo. Apoy\u00e1ndose en estos  trabajos, el autor expone su continua l\u00ednea de investigaci\u00f3n sobre el  Liberalismo y el Nacionalismo en Espa\u00f1a, dando una visi\u00f3n poco conocida de ambos  fen\u00f3menos.<\/span><\/span><\/p>\n<p><span style=\"font-size: 10pt;\"><span style=\"font-family: georgia,palatino;\"><br \/><\/span><\/span><\/p>\n<p><a target=\"_blank\" href=\"http:\/\/www.todoebook.com\/ficha-public.asp?cod=PUB0129411\"><span style=\"font-size: 10pt;\"><span style=\"font-family: georgia,palatino;\"><span style=\"font-family: 'Book Antiqua','Times New Roman',Times;\"><span lang=\"ES\"><img decoding=\"async\" style=\"padding: 0px; margin: 0px; border: initial none initial;\" src=\"..\/logo-todoebook.gif\" \/><\/span><\/span>DISPONIBLE EN TODOEBOOK<\/span><\/span><\/a><\/p>\n<p><span style=\"font-size: 10pt;\"><br \/><\/span><\/p>\n<p><a target=\"_blank\" href=\"http:\/\/www.biblioandalucia.com\/LIBRO-EL-MIEDO-A-LA-LIBERTAD-MANUEL-MORENO-ALONSO_9788478983391.html\"><span style=\"font-size: 10pt;\"><span style=\"font-family: georgia,palatino;\"><img decoding=\"async\" src=\"..\/biblioandalucia.gif\" width=\"100\" \/> <span style=\"font-family: 'Book Antiqua','Times New Roman',Times;\"><span lang=\"ES\"> <\/span><\/span> <\/span>DISPONIBLE EN BIBLIOANDALUCIA<\/span><\/a><\/p>\n<p><span style=\"font-size: 10pt;\"><br \/><\/span><\/p>\n<p><a target=\"_blank\" href=\"http:\/\/www.casadellibro.com\/libro-el-miedo-a-la-libertad-en-espana-ensayos-sobre-liberalismo-y-nac-ionalismo\/1121510\/2900001159651\"><span style=\"font-size: 10pt;\"><br \/><\/span><\/a><a target=\"_blank\" href=\"http:\/\/www.casadellibro.com\/libro-el-miedo-a-la-libertad-en-espana-ensayos-sobre-liberalismo-y-nac-ionalismo\/1121510\/2900001159651\"><\/a><\/p>\n<p><a target=\"_blank\" href=\"http:\/\/www.casadellibro.com\/libro-el-miedo-a-la-libertad-en-espana-ensayos-sobre-liberalismo-y-nac-ionalismo\/1121510\/2900001159651\"><span style=\"font-size: 10pt;\"><strong><strong><img decoding=\"async\" src=\"..\/logo.gif\" style=\"margin: 5px; float: left;\" width=\"171\" height=\"25\" \/><\/strong><\/strong> <\/span><\/a><a target=\"_blank\" href=\"http:\/\/www.casadellibro.com\/libro-el-miedo-a-la-libertad-en-espana-ensayos-sobre-liberalismo-y-nac-ionalismo\/1121510\/2900001159651\"><\/a><\/p>\n<p><a target=\"_blank\" href=\"http:\/\/www.casadellibro.com\/libro-el-miedo-a-la-libertad-en-espana-ensayos-sobre-liberalismo-y-nac-ionalismo\/1121510\/2900001159651\"><span style=\"font-size: 10pt;\"> <span style=\"color: #3366ff;\">DISPONIBLE EN CASADELLIBRO<\/span><\/span><\/a><\/p>\n<p><span style=\"font-size: 10pt;\"><span style=\"color: #3366ff;\"><br \/><\/span><\/span><\/p>\n<p><span style=\"font-size: 10pt;\"><span style=\"color: #3366ff;\"><br \/><\/span><\/span><\/p>\n<p><a target=\"_blank\" href=\"http:\/\/ebooks.elcorteingles.es\/EL-MIEDO-A-LA-LIBERTAD-LibroEbook-9788478983391.html\"><span style=\"font-size: 10pt;\"><br \/><\/span><\/a><\/p>\n<p><a target=\"_blank\" href=\"http:\/\/ebooks.elcorteingles.es\/EL-MIEDO-A-LA-LIBERTAD-LibroEbook-9788478983391.html\"><span style=\"font-size: 10pt;\"><strong><strong><img decoding=\"async\" src=\"..\/elcorteingles.jpg\" width=\"126\" height=\"69\" \/> <\/strong><\/strong><span style=\"font-family: Book Antiqua,Times New Roman,Times;\"><span style=\"font-family: Arial;\"><span style=\"color: #3366ff;\"> <\/span><\/span><\/span><span style=\"font-family: Book Antiqua,Times New Roman,Times;\"><span style=\"font-family: Arial;\"> <\/span><\/span><span style=\"color: #3366ff;\">DISPONIBLE EN EL CORTE INGLES<\/span><\/span><\/a><\/p>\n<p><span style=\"font-size: 10pt;\"><span style=\"color: #3366ff;\"><br \/><\/span><\/span><\/p>\n<p><a target=\"_blank\" href=\"http:\/\/digital.casalini.it\/9788478983391\"><span style=\"color: #0358a8;\"><img decoding=\"async\" width=\"200\" src=\"http:\/\/www.edicionesalfar.es\/logo_casalini.JPG\" style=\"padding: 0px; margin: 0px; border: initial none initial;\" \/><\/span> DISPONIBLE EN CASALINI (EBOOK + CAP\u00cdTULOS)<\/a><\/p>\n<p><span style=\"font-size: 10pt;\"><a href=\"http:\/\/www.futurbook.com\/ficha\/ficha.asp?ID_LIBRO=239\" target=\"_blank\"><img decoding=\"async\" style=\"padding: 0px; margin: 0px; border: initial none initial;\" width=\"150\" src=\"..\/logo_Naranja_small.jpg\" \/><\/a><span style=\"font-size: 8pt;\"><span style=\"color: #3366ff;\"><a href=\"http:\/\/www.futurbook.com\/ficha\/ficha.asp?ID_LIBRO=239\" target=\"_blank\">DISPONIBLE EN\u00a0FUTURBOOK.COM<\/a><\/span><\/span><\/span><\/p>\n","protected":false},"featured_media":14411,"comment_status":"open","ping_status":"open","template":"","meta":{"_acf_changed":false,"_et_pb_use_builder":"","_et_pb_old_content":"","_et_gb_content_width":""},"product_brand":[],"product_cat":[46],"product_tag":[],"class_list":{"0":"post-14410","1":"product","2":"type-product","3":"status-publish","4":"has-post-thumbnail","6":"product_cat-mapa-calendario","8":"first","9":"instock","10":"taxable","11":"shipping-taxable","12":"purchasable","13":"product-type-simple"},"acf":[],"yoast_head":"<!-- This site is optimized with the Yoast SEO plugin v27.5 - https:\/\/yoast.com\/product\/yoast-seo-wordpress\/ -->\n<title>EL MIEDO A LA LIBERTAD EN ESPA\u00d1A. Ensayos sobre Liberalismo y Nacionalismo - Ediciones Alfar<\/title>\n<meta name=\"robots\" content=\"index, follow, max-snippet:-1, max-image-preview:large, max-video-preview:-1\" \/>\n<link rel=\"canonical\" href=\"https:\/\/edicionesalfar.es\/es\/producto\/el-miedo-a-la-libertad-en-espana-ensayos-sobre-liberalismo-y-nacionalismo\/\" \/>\n<meta property=\"og:locale\" content=\"es_ES\" \/>\n<meta property=\"og:type\" content=\"article\" \/>\n<meta property=\"og:title\" content=\"EL MIEDO A LA LIBERTAD EN ESPA\u00d1A. Ensayos sobre Liberalismo y Nacionalismo - Ediciones Alfar\" \/>\n<meta property=\"og:description\" content=\"Este libro re\u00fane un conjunto de ensayos hist\u00f3ricos aparecidos en varias publicaciones a lo largo de pr\u00e1cticamente un cuarto de siglo. Apoy\u00e1ndose en estos trabajos, el autor expone su continua l\u00ednea de investigaci\u00f3n sobre el Liberalismo y el Nacionalismo en Espa\u00f1a, dando una visi\u00f3n poco conocida de ambos fen\u00f3menos. DISPONIBLE EN TODOEBOOK   DISPONIBLE EN BIBLIOANDALUCIA   DISPONIBLE EN CASADELLIBRO    DISPONIBLE EN EL CORTE INGLES  DISPONIBLE EN CASALINI (EBOOK + CAP\u00cdTULOS) DISPONIBLE EN\u00a0FUTURBOOK.COM\" \/>\n<meta property=\"og:url\" content=\"https:\/\/edicionesalfar.es\/es\/producto\/el-miedo-a-la-libertad-en-espana-ensayos-sobre-liberalismo-y-nacionalismo\/\" \/>\n<meta property=\"og:site_name\" content=\"Ediciones Alfar\" \/>\n<meta property=\"article:modified_time\" content=\"2020-02-25T08:05:38+00:00\" \/>\n<meta property=\"og:image\" content=\"https:\/\/edicionesalfar.es\/es\/wp-content\/uploads\/2019\/05\/miedo%20a%20la%20libertad.jpg\" \/>\n\t<meta property=\"og:image:width\" content=\"1\" \/>\n\t<meta property=\"og:image:height\" content=\"1\" \/>\n\t<meta property=\"og:image:type\" content=\"image\/jpeg\" \/>\n<meta name=\"twitter:card\" content=\"summary_large_image\" \/>\n<script type=\"application\/ld+json\" class=\"yoast-schema-graph\">{\"@context\":\"https:\\\/\\\/schema.org\",\"@graph\":[{\"@type\":\"WebPage\",\"@id\":\"https:\\\/\\\/edicionesalfar.es\\\/es\\\/producto\\\/el-miedo-a-la-libertad-en-espana-ensayos-sobre-liberalismo-y-nacionalismo\\\/\",\"url\":\"https:\\\/\\\/edicionesalfar.es\\\/es\\\/producto\\\/el-miedo-a-la-libertad-en-espana-ensayos-sobre-liberalismo-y-nacionalismo\\\/\",\"name\":\"EL MIEDO A LA LIBERTAD EN ESPA\u00d1A. Ensayos sobre Liberalismo y Nacionalismo - Ediciones Alfar\",\"isPartOf\":{\"@id\":\"https:\\\/\\\/edicionesalfar.es\\\/es\\\/#website\"},\"primaryImageOfPage\":{\"@id\":\"https:\\\/\\\/edicionesalfar.es\\\/es\\\/producto\\\/el-miedo-a-la-libertad-en-espana-ensayos-sobre-liberalismo-y-nacionalismo\\\/#primaryimage\"},\"image\":{\"@id\":\"https:\\\/\\\/edicionesalfar.es\\\/es\\\/producto\\\/el-miedo-a-la-libertad-en-espana-ensayos-sobre-liberalismo-y-nacionalismo\\\/#primaryimage\"},\"thumbnailUrl\":\"https:\\\/\\\/edicionesalfar.es\\\/es\\\/wp-content\\\/uploads\\\/2019\\\/05\\\/miedo a la libertad.jpg\",\"datePublished\":\"2019-07-11T05:55:09+00:00\",\"dateModified\":\"2020-02-25T08:05:38+00:00\",\"breadcrumb\":{\"@id\":\"https:\\\/\\\/edicionesalfar.es\\\/es\\\/producto\\\/el-miedo-a-la-libertad-en-espana-ensayos-sobre-liberalismo-y-nacionalismo\\\/#breadcrumb\"},\"inLanguage\":\"es\",\"potentialAction\":[{\"@type\":\"ReadAction\",\"target\":[\"https:\\\/\\\/edicionesalfar.es\\\/es\\\/producto\\\/el-miedo-a-la-libertad-en-espana-ensayos-sobre-liberalismo-y-nacionalismo\\\/\"]}]},{\"@type\":\"ImageObject\",\"inLanguage\":\"es\",\"@id\":\"https:\\\/\\\/edicionesalfar.es\\\/es\\\/producto\\\/el-miedo-a-la-libertad-en-espana-ensayos-sobre-liberalismo-y-nacionalismo\\\/#primaryimage\",\"url\":\"https:\\\/\\\/edicionesalfar.es\\\/es\\\/wp-content\\\/uploads\\\/2019\\\/05\\\/miedo a la libertad.jpg\",\"contentUrl\":\"https:\\\/\\\/edicionesalfar.es\\\/es\\\/wp-content\\\/uploads\\\/2019\\\/05\\\/miedo a la libertad.jpg\"},{\"@type\":\"BreadcrumbList\",\"@id\":\"https:\\\/\\\/edicionesalfar.es\\\/es\\\/producto\\\/el-miedo-a-la-libertad-en-espana-ensayos-sobre-liberalismo-y-nacionalismo\\\/#breadcrumb\",\"itemListElement\":[{\"@type\":\"ListItem\",\"position\":1,\"name\":\"Portada\",\"item\":\"https:\\\/\\\/edicionesalfar.es\\\/es\\\/\"},{\"@type\":\"ListItem\",\"position\":2,\"name\":\"Cat\u00e1logo\",\"item\":\"https:\\\/\\\/edicionesalfar.es\\\/es\\\/catalogo\\\/\"},{\"@type\":\"ListItem\",\"position\":3,\"name\":\"EL MIEDO A LA LIBERTAD EN ESPA\u00d1A. Ensayos sobre Liberalismo y Nacionalismo\"}]},{\"@type\":\"WebSite\",\"@id\":\"https:\\\/\\\/edicionesalfar.es\\\/es\\\/#website\",\"url\":\"https:\\\/\\\/edicionesalfar.es\\\/es\\\/\",\"name\":\"Ediciones Alfar\",\"description\":\"\",\"potentialAction\":[{\"@type\":\"SearchAction\",\"target\":{\"@type\":\"EntryPoint\",\"urlTemplate\":\"https:\\\/\\\/edicionesalfar.es\\\/es\\\/?s={search_term_string}\"},\"query-input\":{\"@type\":\"PropertyValueSpecification\",\"valueRequired\":true,\"valueName\":\"search_term_string\"}}],\"inLanguage\":\"es\"}]}<\/script>\n<!-- \/ Yoast SEO plugin. -->","yoast_head_json":{"title":"EL MIEDO A LA LIBERTAD EN ESPA\u00d1A. Ensayos sobre Liberalismo y Nacionalismo - Ediciones Alfar","robots":{"index":"index","follow":"follow","max-snippet":"max-snippet:-1","max-image-preview":"max-image-preview:large","max-video-preview":"max-video-preview:-1"},"canonical":"https:\/\/edicionesalfar.es\/es\/producto\/el-miedo-a-la-libertad-en-espana-ensayos-sobre-liberalismo-y-nacionalismo\/","og_locale":"es_ES","og_type":"article","og_title":"EL MIEDO A LA LIBERTAD EN ESPA\u00d1A. Ensayos sobre Liberalismo y Nacionalismo - Ediciones Alfar","og_description":"Este libro re\u00fane un conjunto de ensayos hist\u00f3ricos aparecidos en varias publicaciones a lo largo de pr\u00e1cticamente un cuarto de siglo. Apoy\u00e1ndose en estos trabajos, el autor expone su continua l\u00ednea de investigaci\u00f3n sobre el Liberalismo y el Nacionalismo en Espa\u00f1a, dando una visi\u00f3n poco conocida de ambos fen\u00f3menos. DISPONIBLE EN TODOEBOOK   DISPONIBLE EN BIBLIOANDALUCIA   DISPONIBLE EN CASADELLIBRO    DISPONIBLE EN EL CORTE INGLES  DISPONIBLE EN CASALINI (EBOOK + CAP\u00cdTULOS) DISPONIBLE EN\u00a0FUTURBOOK.COM","og_url":"https:\/\/edicionesalfar.es\/es\/producto\/el-miedo-a-la-libertad-en-espana-ensayos-sobre-liberalismo-y-nacionalismo\/","og_site_name":"Ediciones Alfar","article_modified_time":"2020-02-25T08:05:38+00:00","og_image":[{"url":"https:\/\/edicionesalfar.es\/es\/wp-content\/uploads\/2019\/05\/miedo a la libertad.jpg","width":1,"height":1,"type":"image\/jpeg"}],"twitter_card":"summary_large_image","schema":{"@context":"https:\/\/schema.org","@graph":[{"@type":"WebPage","@id":"https:\/\/edicionesalfar.es\/es\/producto\/el-miedo-a-la-libertad-en-espana-ensayos-sobre-liberalismo-y-nacionalismo\/","url":"https:\/\/edicionesalfar.es\/es\/producto\/el-miedo-a-la-libertad-en-espana-ensayos-sobre-liberalismo-y-nacionalismo\/","name":"EL MIEDO A LA LIBERTAD EN ESPA\u00d1A. Ensayos sobre Liberalismo y Nacionalismo - Ediciones Alfar","isPartOf":{"@id":"https:\/\/edicionesalfar.es\/es\/#website"},"primaryImageOfPage":{"@id":"https:\/\/edicionesalfar.es\/es\/producto\/el-miedo-a-la-libertad-en-espana-ensayos-sobre-liberalismo-y-nacionalismo\/#primaryimage"},"image":{"@id":"https:\/\/edicionesalfar.es\/es\/producto\/el-miedo-a-la-libertad-en-espana-ensayos-sobre-liberalismo-y-nacionalismo\/#primaryimage"},"thumbnailUrl":"https:\/\/edicionesalfar.es\/es\/wp-content\/uploads\/2019\/05\/miedo a la libertad.jpg","datePublished":"2019-07-11T05:55:09+00:00","dateModified":"2020-02-25T08:05:38+00:00","breadcrumb":{"@id":"https:\/\/edicionesalfar.es\/es\/producto\/el-miedo-a-la-libertad-en-espana-ensayos-sobre-liberalismo-y-nacionalismo\/#breadcrumb"},"inLanguage":"es","potentialAction":[{"@type":"ReadAction","target":["https:\/\/edicionesalfar.es\/es\/producto\/el-miedo-a-la-libertad-en-espana-ensayos-sobre-liberalismo-y-nacionalismo\/"]}]},{"@type":"ImageObject","inLanguage":"es","@id":"https:\/\/edicionesalfar.es\/es\/producto\/el-miedo-a-la-libertad-en-espana-ensayos-sobre-liberalismo-y-nacionalismo\/#primaryimage","url":"https:\/\/edicionesalfar.es\/es\/wp-content\/uploads\/2019\/05\/miedo a la libertad.jpg","contentUrl":"https:\/\/edicionesalfar.es\/es\/wp-content\/uploads\/2019\/05\/miedo a la libertad.jpg"},{"@type":"BreadcrumbList","@id":"https:\/\/edicionesalfar.es\/es\/producto\/el-miedo-a-la-libertad-en-espana-ensayos-sobre-liberalismo-y-nacionalismo\/#breadcrumb","itemListElement":[{"@type":"ListItem","position":1,"name":"Portada","item":"https:\/\/edicionesalfar.es\/es\/"},{"@type":"ListItem","position":2,"name":"Cat\u00e1logo","item":"https:\/\/edicionesalfar.es\/es\/catalogo\/"},{"@type":"ListItem","position":3,"name":"EL MIEDO A LA LIBERTAD EN ESPA\u00d1A. Ensayos sobre Liberalismo y Nacionalismo"}]},{"@type":"WebSite","@id":"https:\/\/edicionesalfar.es\/es\/#website","url":"https:\/\/edicionesalfar.es\/es\/","name":"Ediciones Alfar","description":"","potentialAction":[{"@type":"SearchAction","target":{"@type":"EntryPoint","urlTemplate":"https:\/\/edicionesalfar.es\/es\/?s={search_term_string}"},"query-input":{"@type":"PropertyValueSpecification","valueRequired":true,"valueName":"search_term_string"}}],"inLanguage":"es"}]}},"_links":{"self":[{"href":"https:\/\/edicionesalfar.es\/es\/wp-json\/wp\/v2\/product\/14410","targetHints":{"allow":["GET"]}}],"collection":[{"href":"https:\/\/edicionesalfar.es\/es\/wp-json\/wp\/v2\/product"}],"about":[{"href":"https:\/\/edicionesalfar.es\/es\/wp-json\/wp\/v2\/types\/product"}],"replies":[{"embeddable":true,"href":"https:\/\/edicionesalfar.es\/es\/wp-json\/wp\/v2\/comments?post=14410"}],"wp:featuredmedia":[{"embeddable":true,"href":"https:\/\/edicionesalfar.es\/es\/wp-json\/wp\/v2\/media\/14411"}],"wp:attachment":[{"href":"https:\/\/edicionesalfar.es\/es\/wp-json\/wp\/v2\/media?parent=14410"}],"wp:term":[{"taxonomy":"product_brand","embeddable":true,"href":"https:\/\/edicionesalfar.es\/es\/wp-json\/wp\/v2\/product_brand?post=14410"},{"taxonomy":"product_cat","embeddable":true,"href":"https:\/\/edicionesalfar.es\/es\/wp-json\/wp\/v2\/product_cat?post=14410"},{"taxonomy":"product_tag","embeddable":true,"href":"https:\/\/edicionesalfar.es\/es\/wp-json\/wp\/v2\/product_tag?post=14410"}],"curies":[{"name":"wp","href":"https:\/\/api.w.org\/{rel}","templated":true}]}}