{"id":14378,"date":"2019-07-11T05:54:51","date_gmt":"2019-07-11T05:54:51","guid":{"rendered":"http:\/\/www.edicionesalfar.es\/web-wordpress\/?post_type=product&#046;p="},"modified":"2022-10-13T11:00:09","modified_gmt":"2022-10-13T09:00:09","slug":"el-tiempo-ilustrado-de-pablo-de-olavide-vida-obra-y-suenos-de-un-americano-en-la-espana-del-siglo-xviii","status":"publish","type":"product","link":"https:\/\/edicionesalfar.es\/es\/producto\/el-tiempo-ilustrado-de-pablo-de-olavide-vida-obra-y-suenos-de-un-americano-en-la-espana-del-siglo-xviii\/","title":{"rendered":"EL TIEMPO ILUSTRADO DE PABLO DE OLAVIDE. Vida, obra y sue\u00f1os de un americano en la Espa\u00f1a del siglo XVIII"},"content":{"rendered":"<p>EL TIEMPO ILUSTRADO DE PABLO DE OLAVIDE. Vida, obra y sue\u00f1os de un americano en la Espa\u00f1a del siglo XVIII<\/p>\n","protected":false},"excerpt":{"rendered":"<p><span style=\"font-size: 10pt;\"><span style=\"font-family: georgia,palatino;\">Revivimos estos a\u00f1os de La Ilustraci\u00f3n con el peruano Olavide en Sevilla, en Madrid y en las poblaciones que \u00e9l mismo fundara. Se incluye el texto de su reforma universitaria.<\/span><\/span><\/p>\n","protected":false},"featured_media":14379,"comment_status":"open","ping_status":"closed","template":"","meta":{"_acf_changed":false,"_et_pb_use_builder":"","_et_pb_old_content":"","_et_gb_content_width":""},"product_brand":[],"product_cat":[46],"product_tag":[],"class_list":{"0":"post-14378","1":"product","2":"type-product","3":"status-publish","4":"has-post-thumbnail","6":"product_cat-mapa-calendario","8":"first","9":"outofstock","10":"taxable","11":"shipping-taxable","12":"purchasable","13":"product-type-simple"},"acf":[],"yoast_head":"<!-- This site is optimized with the Yoast SEO plugin v27.3 - https:\/\/yoast.com\/product\/yoast-seo-wordpress\/ -->\n<title>EL TIEMPO ILUSTRADO DE PABLO DE OLAVIDE. Vida, obra y sue\u00f1os de un americano en la Espa\u00f1a del siglo XVIII - Ediciones Alfar<\/title>\n<meta name=\"robots\" content=\"index, follow, max-snippet:-1, max-image-preview:large, max-video-preview:-1\" \/>\n<link rel=\"canonical\" href=\"https:\/\/edicionesalfar.es\/es\/producto\/el-tiempo-ilustrado-de-pablo-de-olavide-vida-obra-y-suenos-de-un-americano-en-la-espana-del-siglo-xviii\/\" \/>\n<meta property=\"og:locale\" content=\"es_ES\" \/>\n<meta property=\"og:type\" content=\"article\" \/>\n<meta property=\"og:title\" content=\"EL TIEMPO ILUSTRADO DE PABLO DE OLAVIDE. Vida, obra y sue\u00f1os de un americano en la Espa\u00f1a del siglo XVIII - Ediciones Alfar\" \/>\n<meta property=\"og:description\" content=\"Revivimos estos a\u00f1os de La Ilustraci\u00f3n con el peruano Olavide en Sevilla, en Madrid y en las poblaciones que \u00e9l mismo fundara. Se incluye el texto de su reforma universitaria.\" \/>\n<meta property=\"og:url\" content=\"https:\/\/edicionesalfar.es\/es\/producto\/el-tiempo-ilustrado-de-pablo-de-olavide-vida-obra-y-suenos-de-un-americano-en-la-espana-del-siglo-xviii\/\" \/>\n<meta property=\"og:site_name\" content=\"Ediciones Alfar\" \/>\n<meta property=\"article:modified_time\" content=\"2022-10-13T09:00:09+00:00\" \/>\n<meta property=\"og:image\" content=\"https:\/\/edicionesalfar.es\/es\/wp-content\/uploads\/2019\/05\/pablo%20de%20olavide.jpg\" \/>\n\t<meta property=\"og:image:width\" content=\"1\" \/>\n\t<meta property=\"og:image:height\" content=\"1\" \/>\n\t<meta property=\"og:image:type\" content=\"image\/jpeg\" \/>\n<meta name=\"twitter:card\" content=\"summary_large_image\" \/>\n<meta name=\"twitter:label1\" content=\"Tiempo de lectura\" \/>\n\t<meta name=\"twitter:data1\" content=\"1 minuto\" \/>\n<script type=\"application\/ld+json\" class=\"yoast-schema-graph\">{\"@context\":\"https:\\\/\\\/schema.org\",\"@graph\":[{\"@type\":\"WebPage\",\"@id\":\"https:\\\/\\\/edicionesalfar.es\\\/es\\\/producto\\\/el-tiempo-ilustrado-de-pablo-de-olavide-vida-obra-y-suenos-de-un-americano-en-la-espana-del-siglo-xviii\\\/\",\"url\":\"https:\\\/\\\/edicionesalfar.es\\\/es\\\/producto\\\/el-tiempo-ilustrado-de-pablo-de-olavide-vida-obra-y-suenos-de-un-americano-en-la-espana-del-siglo-xviii\\\/\",\"name\":\"EL TIEMPO ILUSTRADO DE PABLO DE OLAVIDE. Vida, obra y sue\u00f1os de un americano en la Espa\u00f1a del siglo XVIII - Ediciones Alfar\",\"isPartOf\":{\"@id\":\"https:\\\/\\\/edicionesalfar.es\\\/es\\\/#website\"},\"primaryImageOfPage\":{\"@id\":\"https:\\\/\\\/edicionesalfar.es\\\/es\\\/producto\\\/el-tiempo-ilustrado-de-pablo-de-olavide-vida-obra-y-suenos-de-un-americano-en-la-espana-del-siglo-xviii\\\/#primaryimage\"},\"image\":{\"@id\":\"https:\\\/\\\/edicionesalfar.es\\\/es\\\/producto\\\/el-tiempo-ilustrado-de-pablo-de-olavide-vida-obra-y-suenos-de-un-americano-en-la-espana-del-siglo-xviii\\\/#primaryimage\"},\"thumbnailUrl\":\"https:\\\/\\\/edicionesalfar.es\\\/es\\\/wp-content\\\/uploads\\\/2019\\\/05\\\/pablo de olavide.jpg\",\"datePublished\":\"2019-07-11T05:54:51+00:00\",\"dateModified\":\"2022-10-13T09:00:09+00:00\",\"breadcrumb\":{\"@id\":\"https:\\\/\\\/edicionesalfar.es\\\/es\\\/producto\\\/el-tiempo-ilustrado-de-pablo-de-olavide-vida-obra-y-suenos-de-un-americano-en-la-espana-del-siglo-xviii\\\/#breadcrumb\"},\"inLanguage\":\"es\",\"potentialAction\":[{\"@type\":\"ReadAction\",\"target\":[\"https:\\\/\\\/edicionesalfar.es\\\/es\\\/producto\\\/el-tiempo-ilustrado-de-pablo-de-olavide-vida-obra-y-suenos-de-un-americano-en-la-espana-del-siglo-xviii\\\/\"]}]},{\"@type\":\"ImageObject\",\"inLanguage\":\"es\",\"@id\":\"https:\\\/\\\/edicionesalfar.es\\\/es\\\/producto\\\/el-tiempo-ilustrado-de-pablo-de-olavide-vida-obra-y-suenos-de-un-americano-en-la-espana-del-siglo-xviii\\\/#primaryimage\",\"url\":\"https:\\\/\\\/edicionesalfar.es\\\/es\\\/wp-content\\\/uploads\\\/2019\\\/05\\\/pablo de olavide.jpg\",\"contentUrl\":\"https:\\\/\\\/edicionesalfar.es\\\/es\\\/wp-content\\\/uploads\\\/2019\\\/05\\\/pablo de olavide.jpg\"},{\"@type\":\"BreadcrumbList\",\"@id\":\"https:\\\/\\\/edicionesalfar.es\\\/es\\\/producto\\\/el-tiempo-ilustrado-de-pablo-de-olavide-vida-obra-y-suenos-de-un-americano-en-la-espana-del-siglo-xviii\\\/#breadcrumb\",\"itemListElement\":[{\"@type\":\"ListItem\",\"position\":1,\"name\":\"Portada\",\"item\":\"https:\\\/\\\/edicionesalfar.es\\\/es\\\/\"},{\"@type\":\"ListItem\",\"position\":2,\"name\":\"Cat\u00e1logo\",\"item\":\"https:\\\/\\\/edicionesalfar.es\\\/es\\\/catalogo\\\/\"},{\"@type\":\"ListItem\",\"position\":3,\"name\":\"EL TIEMPO ILUSTRADO DE PABLO DE OLAVIDE. Vida, obra y sue\u00f1os de un americano en la Espa\u00f1a del siglo XVIII\"}]},{\"@type\":\"WebSite\",\"@id\":\"https:\\\/\\\/edicionesalfar.es\\\/es\\\/#website\",\"url\":\"https:\\\/\\\/edicionesalfar.es\\\/es\\\/\",\"name\":\"Ediciones Alfar\",\"description\":\"\",\"potentialAction\":[{\"@type\":\"SearchAction\",\"target\":{\"@type\":\"EntryPoint\",\"urlTemplate\":\"https:\\\/\\\/edicionesalfar.es\\\/es\\\/?s={search_term_string}\"},\"query-input\":{\"@type\":\"PropertyValueSpecification\",\"valueRequired\":true,\"valueName\":\"search_term_string\"}}],\"inLanguage\":\"es\"}]}<\/script>\n<!-- \/ Yoast SEO plugin. -->","yoast_head_json":{"title":"EL TIEMPO ILUSTRADO DE PABLO DE OLAVIDE. Vida, obra y sue\u00f1os de un americano en la Espa\u00f1a del siglo XVIII - Ediciones Alfar","robots":{"index":"index","follow":"follow","max-snippet":"max-snippet:-1","max-image-preview":"max-image-preview:large","max-video-preview":"max-video-preview:-1"},"canonical":"https:\/\/edicionesalfar.es\/es\/producto\/el-tiempo-ilustrado-de-pablo-de-olavide-vida-obra-y-suenos-de-un-americano-en-la-espana-del-siglo-xviii\/","og_locale":"es_ES","og_type":"article","og_title":"EL TIEMPO ILUSTRADO DE PABLO DE OLAVIDE. Vida, obra y sue\u00f1os de un americano en la Espa\u00f1a del siglo XVIII - Ediciones Alfar","og_description":"Revivimos estos a\u00f1os de La Ilustraci\u00f3n con el peruano Olavide en Sevilla, en Madrid y en las poblaciones que \u00e9l mismo fundara. Se incluye el texto de su reforma universitaria.","og_url":"https:\/\/edicionesalfar.es\/es\/producto\/el-tiempo-ilustrado-de-pablo-de-olavide-vida-obra-y-suenos-de-un-americano-en-la-espana-del-siglo-xviii\/","og_site_name":"Ediciones Alfar","article_modified_time":"2022-10-13T09:00:09+00:00","og_image":[{"url":"https:\/\/edicionesalfar.es\/es\/wp-content\/uploads\/2019\/05\/pablo de olavide.jpg","width":1,"height":1,"type":"image\/jpeg"}],"twitter_card":"summary_large_image","twitter_misc":{"Tiempo de lectura":"1 minuto"},"schema":{"@context":"https:\/\/schema.org","@graph":[{"@type":"WebPage","@id":"https:\/\/edicionesalfar.es\/es\/producto\/el-tiempo-ilustrado-de-pablo-de-olavide-vida-obra-y-suenos-de-un-americano-en-la-espana-del-siglo-xviii\/","url":"https:\/\/edicionesalfar.es\/es\/producto\/el-tiempo-ilustrado-de-pablo-de-olavide-vida-obra-y-suenos-de-un-americano-en-la-espana-del-siglo-xviii\/","name":"EL TIEMPO ILUSTRADO DE PABLO DE OLAVIDE. Vida, obra y sue\u00f1os de un americano en la Espa\u00f1a del siglo XVIII - Ediciones Alfar","isPartOf":{"@id":"https:\/\/edicionesalfar.es\/es\/#website"},"primaryImageOfPage":{"@id":"https:\/\/edicionesalfar.es\/es\/producto\/el-tiempo-ilustrado-de-pablo-de-olavide-vida-obra-y-suenos-de-un-americano-en-la-espana-del-siglo-xviii\/#primaryimage"},"image":{"@id":"https:\/\/edicionesalfar.es\/es\/producto\/el-tiempo-ilustrado-de-pablo-de-olavide-vida-obra-y-suenos-de-un-americano-en-la-espana-del-siglo-xviii\/#primaryimage"},"thumbnailUrl":"https:\/\/edicionesalfar.es\/es\/wp-content\/uploads\/2019\/05\/pablo de olavide.jpg","datePublished":"2019-07-11T05:54:51+00:00","dateModified":"2022-10-13T09:00:09+00:00","breadcrumb":{"@id":"https:\/\/edicionesalfar.es\/es\/producto\/el-tiempo-ilustrado-de-pablo-de-olavide-vida-obra-y-suenos-de-un-americano-en-la-espana-del-siglo-xviii\/#breadcrumb"},"inLanguage":"es","potentialAction":[{"@type":"ReadAction","target":["https:\/\/edicionesalfar.es\/es\/producto\/el-tiempo-ilustrado-de-pablo-de-olavide-vida-obra-y-suenos-de-un-americano-en-la-espana-del-siglo-xviii\/"]}]},{"@type":"ImageObject","inLanguage":"es","@id":"https:\/\/edicionesalfar.es\/es\/producto\/el-tiempo-ilustrado-de-pablo-de-olavide-vida-obra-y-suenos-de-un-americano-en-la-espana-del-siglo-xviii\/#primaryimage","url":"https:\/\/edicionesalfar.es\/es\/wp-content\/uploads\/2019\/05\/pablo de olavide.jpg","contentUrl":"https:\/\/edicionesalfar.es\/es\/wp-content\/uploads\/2019\/05\/pablo de olavide.jpg"},{"@type":"BreadcrumbList","@id":"https:\/\/edicionesalfar.es\/es\/producto\/el-tiempo-ilustrado-de-pablo-de-olavide-vida-obra-y-suenos-de-un-americano-en-la-espana-del-siglo-xviii\/#breadcrumb","itemListElement":[{"@type":"ListItem","position":1,"name":"Portada","item":"https:\/\/edicionesalfar.es\/es\/"},{"@type":"ListItem","position":2,"name":"Cat\u00e1logo","item":"https:\/\/edicionesalfar.es\/es\/catalogo\/"},{"@type":"ListItem","position":3,"name":"EL TIEMPO ILUSTRADO DE PABLO DE OLAVIDE. Vida, obra y sue\u00f1os de un americano en la Espa\u00f1a del siglo XVIII"}]},{"@type":"WebSite","@id":"https:\/\/edicionesalfar.es\/es\/#website","url":"https:\/\/edicionesalfar.es\/es\/","name":"Ediciones Alfar","description":"","potentialAction":[{"@type":"SearchAction","target":{"@type":"EntryPoint","urlTemplate":"https:\/\/edicionesalfar.es\/es\/?s={search_term_string}"},"query-input":{"@type":"PropertyValueSpecification","valueRequired":true,"valueName":"search_term_string"}}],"inLanguage":"es"}]}},"_links":{"self":[{"href":"https:\/\/edicionesalfar.es\/es\/wp-json\/wp\/v2\/product\/14378","targetHints":{"allow":["GET"]}}],"collection":[{"href":"https:\/\/edicionesalfar.es\/es\/wp-json\/wp\/v2\/product"}],"about":[{"href":"https:\/\/edicionesalfar.es\/es\/wp-json\/wp\/v2\/types\/product"}],"replies":[{"embeddable":true,"href":"https:\/\/edicionesalfar.es\/es\/wp-json\/wp\/v2\/comments?post=14378"}],"wp:featuredmedia":[{"embeddable":true,"href":"https:\/\/edicionesalfar.es\/es\/wp-json\/wp\/v2\/media\/14379"}],"wp:attachment":[{"href":"https:\/\/edicionesalfar.es\/es\/wp-json\/wp\/v2\/media?parent=14378"}],"wp:term":[{"taxonomy":"product_brand","embeddable":true,"href":"https:\/\/edicionesalfar.es\/es\/wp-json\/wp\/v2\/product_brand?post=14378"},{"taxonomy":"product_cat","embeddable":true,"href":"https:\/\/edicionesalfar.es\/es\/wp-json\/wp\/v2\/product_cat?post=14378"},{"taxonomy":"product_tag","embeddable":true,"href":"https:\/\/edicionesalfar.es\/es\/wp-json\/wp\/v2\/product_tag?post=14378"}],"curies":[{"name":"wp","href":"https:\/\/api.w.org\/{rel}","templated":true}]}}