{"id":14364,"date":"2019-07-11T05:54:44","date_gmt":"2019-07-11T05:54:44","guid":{"rendered":"http:\/\/www.edicionesalfar.es\/web-wordpress\/?post_type=product&#046;p="},"modified":"2023-04-12T09:33:29","modified_gmt":"2023-04-12T07:33:29","slug":"anonimo-gris","status":"publish","type":"product","link":"https:\/\/edicionesalfar.es\/es\/producto\/anonimo-gris\/","title":{"rendered":"AN\u00d3NIMO GRIS"},"content":{"rendered":"<p>AN\u00d3NIMO GRIS<\/p>\n","protected":false},"excerpt":{"rendered":"<p>El An\u00f3nimo Gris es una refracci\u00f3n de la realidad. Al igual que la luz al chocar con un prisma cambia de direcci\u00f3n, este libro no pretende ser un reflejo est\u00e1tico de una realidad desmoralizante. Este libro es un aliento para una nueva forma de ser sociales, individuos que no individuales. La misma energ\u00eda que irradian las palabras, est\u00e1n en el autor, dispuesto a cambiar la pol\u00edtica desde la base y desde dentro, todo un reto.<\/p>\n<p><span style=\"color: #333333;\"><span style=\"text-decoration: underline;\"><a href=\"http:\/\/www.todoebook.com\/ANONIMO-GRIS-JOSU-GOMEZ-BARRUTIA-EDICIONES-ALFAR-S_A_-LibroEbook-0000019570026.html\"><img decoding=\"async\" style=\"padding: 0px; margin: 0px; border: initial none initial;\" src=\"..\/logo-todoebook.gif\" \/><\/a><\/span><\/span><span style=\"color: #333333;\"><span style=\"text-decoration: underline;\"><a href=\"http:\/\/www.todoebook.com\/ANONIMO-GRIS-JOSU-GOMEZ-BARRUTIA-EDICIONES-ALFAR-S_A_-LibroEbook-0000019570026.html\"> DISPONIBLE EN<\/a><\/span><\/span><a href=\"http:\/\/www.todoebook.com\/ANONIMO-GRIS-JOSU-GOMEZ-BARRUTIA-EDICIONES-ALFAR-S_A_-LibroEbook-0000019570026.html\"> <span style=\"color: #3366ff;\">TODO EBOOK<\/span><\/a><\/p>\n<p><span style=\"color: #3366ff;\"><a href=\"http:\/\/digital.casalini.it\/9788478983650\" target=\"_blank\" rel=\"noopener\"><img decoding=\"async\" style=\"padding: 0px; margin: 0px;\" src=\"http:\/\/www.edicionesalfar.es\/logo_casalini.JPG\" width=\"200\" \/> DISPONIBLE EN CASALINI (EBOOK + CAP\u00cdTULOS<\/a>)<\/span><\/p>\n","protected":false},"featured_media":14365,"comment_status":"open","ping_status":"closed","template":"","meta":{"_acf_changed":false,"_et_pb_use_builder":"","_et_pb_old_content":"","_et_gb_content_width":""},"product_brand":[],"product_cat":[376,598,46],"product_tag":[],"class_list":{"0":"post-14364","1":"product","2":"type-product","3":"status-publish","4":"has-post-thumbnail","6":"product_cat-autores","7":"product_cat-gomez-barrutia-josu","8":"product_cat-mapa-calendario","10":"first","11":"instock","12":"taxable","13":"shipping-taxable","14":"purchasable","15":"product-type-simple"},"acf":[],"yoast_head":"<!-- This site is optimized with the Yoast SEO plugin v27.5 - https:\/\/yoast.com\/product\/yoast-seo-wordpress\/ -->\n<title>AN\u00d3NIMO GRIS - Ediciones Alfar<\/title>\n<meta name=\"robots\" content=\"index, follow, max-snippet:-1, max-image-preview:large, max-video-preview:-1\" \/>\n<link rel=\"canonical\" href=\"https:\/\/edicionesalfar.es\/es\/producto\/anonimo-gris\/\" \/>\n<meta property=\"og:locale\" content=\"es_ES\" \/>\n<meta property=\"og:type\" content=\"article\" \/>\n<meta property=\"og:title\" content=\"AN\u00d3NIMO GRIS - Ediciones Alfar\" \/>\n<meta property=\"og:description\" content=\"El An\u00f3nimo Gris es una refracci\u00f3n de la realidad. Al igual que la luz al chocar con un prisma cambia de direcci\u00f3n, este libro no pretende ser un reflejo est\u00e1tico de una realidad desmoralizante. Este libro es un aliento para una nueva forma de ser sociales, individuos que no individuales. La misma energ\u00eda que irradian las palabras, est\u00e1n en el autor, dispuesto a cambiar la pol\u00edtica desde la base y desde dentro, todo un reto.   DISPONIBLE EN TODO EBOOK   DISPONIBLE EN CASALINI (EBOOK + CAP\u00cdTULOS)\" \/>\n<meta property=\"og:url\" content=\"https:\/\/edicionesalfar.es\/es\/producto\/anonimo-gris\/\" \/>\n<meta property=\"og:site_name\" content=\"Ediciones Alfar\" \/>\n<meta property=\"article:modified_time\" content=\"2023-04-12T07:33:29+00:00\" \/>\n<meta property=\"og:image\" content=\"https:\/\/edicionesalfar.es\/es\/wp-content\/uploads\/2019\/05\/anonimo%20gris.jpg\" \/>\n\t<meta property=\"og:image:width\" content=\"1\" \/>\n\t<meta property=\"og:image:height\" content=\"1\" \/>\n\t<meta property=\"og:image:type\" content=\"image\/jpeg\" \/>\n<meta name=\"twitter:card\" content=\"summary_large_image\" \/>\n<meta name=\"twitter:label1\" content=\"Tiempo de lectura\" \/>\n\t<meta name=\"twitter:data1\" content=\"1 minuto\" \/>\n<script type=\"application\/ld+json\" class=\"yoast-schema-graph\">{\"@context\":\"https:\\\/\\\/schema.org\",\"@graph\":[{\"@type\":\"WebPage\",\"@id\":\"https:\\\/\\\/edicionesalfar.es\\\/es\\\/producto\\\/anonimo-gris\\\/\",\"url\":\"https:\\\/\\\/edicionesalfar.es\\\/es\\\/producto\\\/anonimo-gris\\\/\",\"name\":\"AN\u00d3NIMO GRIS - Ediciones Alfar\",\"isPartOf\":{\"@id\":\"https:\\\/\\\/edicionesalfar.es\\\/es\\\/#website\"},\"primaryImageOfPage\":{\"@id\":\"https:\\\/\\\/edicionesalfar.es\\\/es\\\/producto\\\/anonimo-gris\\\/#primaryimage\"},\"image\":{\"@id\":\"https:\\\/\\\/edicionesalfar.es\\\/es\\\/producto\\\/anonimo-gris\\\/#primaryimage\"},\"thumbnailUrl\":\"https:\\\/\\\/edicionesalfar.es\\\/es\\\/wp-content\\\/uploads\\\/2019\\\/05\\\/anonimo%20gris.jpg\",\"datePublished\":\"2019-07-11T05:54:44+00:00\",\"dateModified\":\"2023-04-12T07:33:29+00:00\",\"breadcrumb\":{\"@id\":\"https:\\\/\\\/edicionesalfar.es\\\/es\\\/producto\\\/anonimo-gris\\\/#breadcrumb\"},\"inLanguage\":\"es\",\"potentialAction\":[{\"@type\":\"ReadAction\",\"target\":[\"https:\\\/\\\/edicionesalfar.es\\\/es\\\/producto\\\/anonimo-gris\\\/\"]}]},{\"@type\":\"ImageObject\",\"inLanguage\":\"es\",\"@id\":\"https:\\\/\\\/edicionesalfar.es\\\/es\\\/producto\\\/anonimo-gris\\\/#primaryimage\",\"url\":\"https:\\\/\\\/edicionesalfar.es\\\/es\\\/wp-content\\\/uploads\\\/2019\\\/05\\\/anonimo%20gris.jpg\",\"contentUrl\":\"https:\\\/\\\/edicionesalfar.es\\\/es\\\/wp-content\\\/uploads\\\/2019\\\/05\\\/anonimo%20gris.jpg\"},{\"@type\":\"BreadcrumbList\",\"@id\":\"https:\\\/\\\/edicionesalfar.es\\\/es\\\/producto\\\/anonimo-gris\\\/#breadcrumb\",\"itemListElement\":[{\"@type\":\"ListItem\",\"position\":1,\"name\":\"Portada\",\"item\":\"https:\\\/\\\/edicionesalfar.es\\\/es\\\/\"},{\"@type\":\"ListItem\",\"position\":2,\"name\":\"Cat\u00e1logo\",\"item\":\"https:\\\/\\\/edicionesalfar.es\\\/es\\\/catalogo\\\/\"},{\"@type\":\"ListItem\",\"position\":3,\"name\":\"AN\u00d3NIMO GRIS\"}]},{\"@type\":\"WebSite\",\"@id\":\"https:\\\/\\\/edicionesalfar.es\\\/es\\\/#website\",\"url\":\"https:\\\/\\\/edicionesalfar.es\\\/es\\\/\",\"name\":\"Ediciones Alfar\",\"description\":\"\",\"potentialAction\":[{\"@type\":\"SearchAction\",\"target\":{\"@type\":\"EntryPoint\",\"urlTemplate\":\"https:\\\/\\\/edicionesalfar.es\\\/es\\\/?s={search_term_string}\"},\"query-input\":{\"@type\":\"PropertyValueSpecification\",\"valueRequired\":true,\"valueName\":\"search_term_string\"}}],\"inLanguage\":\"es\"}]}<\/script>\n<!-- \/ Yoast SEO plugin. -->","yoast_head_json":{"title":"AN\u00d3NIMO GRIS - Ediciones Alfar","robots":{"index":"index","follow":"follow","max-snippet":"max-snippet:-1","max-image-preview":"max-image-preview:large","max-video-preview":"max-video-preview:-1"},"canonical":"https:\/\/edicionesalfar.es\/es\/producto\/anonimo-gris\/","og_locale":"es_ES","og_type":"article","og_title":"AN\u00d3NIMO GRIS - Ediciones Alfar","og_description":"El An\u00f3nimo Gris es una refracci\u00f3n de la realidad. Al igual que la luz al chocar con un prisma cambia de direcci\u00f3n, este libro no pretende ser un reflejo est\u00e1tico de una realidad desmoralizante. Este libro es un aliento para una nueva forma de ser sociales, individuos que no individuales. La misma energ\u00eda que irradian las palabras, est\u00e1n en el autor, dispuesto a cambiar la pol\u00edtica desde la base y desde dentro, todo un reto.   DISPONIBLE EN TODO EBOOK   DISPONIBLE EN CASALINI (EBOOK + CAP\u00cdTULOS)","og_url":"https:\/\/edicionesalfar.es\/es\/producto\/anonimo-gris\/","og_site_name":"Ediciones Alfar","article_modified_time":"2023-04-12T07:33:29+00:00","og_image":[{"url":"https:\/\/edicionesalfar.es\/es\/wp-content\/uploads\/2019\/05\/anonimo%20gris.jpg","width":1,"height":1,"type":"image\/jpeg"}],"twitter_card":"summary_large_image","twitter_misc":{"Tiempo de lectura":"1 minuto"},"schema":{"@context":"https:\/\/schema.org","@graph":[{"@type":"WebPage","@id":"https:\/\/edicionesalfar.es\/es\/producto\/anonimo-gris\/","url":"https:\/\/edicionesalfar.es\/es\/producto\/anonimo-gris\/","name":"AN\u00d3NIMO GRIS - Ediciones Alfar","isPartOf":{"@id":"https:\/\/edicionesalfar.es\/es\/#website"},"primaryImageOfPage":{"@id":"https:\/\/edicionesalfar.es\/es\/producto\/anonimo-gris\/#primaryimage"},"image":{"@id":"https:\/\/edicionesalfar.es\/es\/producto\/anonimo-gris\/#primaryimage"},"thumbnailUrl":"https:\/\/edicionesalfar.es\/es\/wp-content\/uploads\/2019\/05\/anonimo%20gris.jpg","datePublished":"2019-07-11T05:54:44+00:00","dateModified":"2023-04-12T07:33:29+00:00","breadcrumb":{"@id":"https:\/\/edicionesalfar.es\/es\/producto\/anonimo-gris\/#breadcrumb"},"inLanguage":"es","potentialAction":[{"@type":"ReadAction","target":["https:\/\/edicionesalfar.es\/es\/producto\/anonimo-gris\/"]}]},{"@type":"ImageObject","inLanguage":"es","@id":"https:\/\/edicionesalfar.es\/es\/producto\/anonimo-gris\/#primaryimage","url":"https:\/\/edicionesalfar.es\/es\/wp-content\/uploads\/2019\/05\/anonimo%20gris.jpg","contentUrl":"https:\/\/edicionesalfar.es\/es\/wp-content\/uploads\/2019\/05\/anonimo%20gris.jpg"},{"@type":"BreadcrumbList","@id":"https:\/\/edicionesalfar.es\/es\/producto\/anonimo-gris\/#breadcrumb","itemListElement":[{"@type":"ListItem","position":1,"name":"Portada","item":"https:\/\/edicionesalfar.es\/es\/"},{"@type":"ListItem","position":2,"name":"Cat\u00e1logo","item":"https:\/\/edicionesalfar.es\/es\/catalogo\/"},{"@type":"ListItem","position":3,"name":"AN\u00d3NIMO GRIS"}]},{"@type":"WebSite","@id":"https:\/\/edicionesalfar.es\/es\/#website","url":"https:\/\/edicionesalfar.es\/es\/","name":"Ediciones Alfar","description":"","potentialAction":[{"@type":"SearchAction","target":{"@type":"EntryPoint","urlTemplate":"https:\/\/edicionesalfar.es\/es\/?s={search_term_string}"},"query-input":{"@type":"PropertyValueSpecification","valueRequired":true,"valueName":"search_term_string"}}],"inLanguage":"es"}]}},"_links":{"self":[{"href":"https:\/\/edicionesalfar.es\/es\/wp-json\/wp\/v2\/product\/14364","targetHints":{"allow":["GET"]}}],"collection":[{"href":"https:\/\/edicionesalfar.es\/es\/wp-json\/wp\/v2\/product"}],"about":[{"href":"https:\/\/edicionesalfar.es\/es\/wp-json\/wp\/v2\/types\/product"}],"replies":[{"embeddable":true,"href":"https:\/\/edicionesalfar.es\/es\/wp-json\/wp\/v2\/comments?post=14364"}],"wp:featuredmedia":[{"embeddable":true,"href":"https:\/\/edicionesalfar.es\/es\/wp-json\/wp\/v2\/media\/14365"}],"wp:attachment":[{"href":"https:\/\/edicionesalfar.es\/es\/wp-json\/wp\/v2\/media?parent=14364"}],"wp:term":[{"taxonomy":"product_brand","embeddable":true,"href":"https:\/\/edicionesalfar.es\/es\/wp-json\/wp\/v2\/product_brand?post=14364"},{"taxonomy":"product_cat","embeddable":true,"href":"https:\/\/edicionesalfar.es\/es\/wp-json\/wp\/v2\/product_cat?post=14364"},{"taxonomy":"product_tag","embeddable":true,"href":"https:\/\/edicionesalfar.es\/es\/wp-json\/wp\/v2\/product_tag?post=14364"}],"curies":[{"name":"wp","href":"https:\/\/api.w.org\/{rel}","templated":true}]}}