{"id":14356,"date":"2019-07-11T05:54:40","date_gmt":"2019-07-11T05:54:40","guid":{"rendered":"http:\/\/www.edicionesalfar.es\/web-wordpress\/?post_type=product\\&#046;p="},"modified":"2021-06-07T10:23:48","modified_gmt":"2021-06-07T08:23:48","slug":"jose-maria-blanco-white-traductor-de-poesia-inglesa","status":"publish","type":"product","link":"https:\/\/edicionesalfar.es\/es\/producto\/jose-maria-blanco-white-traductor-de-poesia-inglesa\/","title":{"rendered":"JOS\u00c9 MAR\u00cdA BLANCO WHITE: TRADUCTOR DE POES\u00cdA INGLESA"},"content":{"rendered":"","protected":false},"excerpt":{"rendered":"<p style=\"border: medium none; padding: 0cm; margin-bottom: 0.5cm; line-height: 0.56cm; widows: 2; orphans: 2;\"><span style=\"color: #333333;\"> <\/span><span style=\"color: #333333;\"><span style=\"font-family: 'Times New Roman', serif;\"><span style=\"font-size: small;\"><span style=\"font-style: normal;\"><span style=\"font-weight: normal;\">Este libro aborda la compleja filiaci\u00f3n cultural de Blanco White e indaga sobre todo en su periplo ingl\u00e9s, centr\u00e1ndose en su labor como traductor. El trabajo pone una vez m\u00e1s de manifiesto su personalidad compleja, su b\u00fasqueda permanente de la verdad, su liberalismo genuino, su anglofilia sincera y el fecundo latido de su cosmopolitismo.<\/span><\/span><\/span><\/span><\/span><\/p>\n<p style=\"border: medium none; padding: 0cm; margin-bottom: 0.5cm; line-height: 0.56cm; widows: 2; orphans: 2;\"><span style=\"color: #333333;\"><span><span style=\"font-size: small;\"><span style=\"font-style: normal;\"><span style=\"font-weight: normal;\"><a style=\"text-decoration: underline; line-height: 20px; font-size: medium;\" target=\"_blank\" href=\"http:\/\/www.todoebook.com\/JOSE-MARIA-BLANCO-WHITE--TRADUCTOR-DE-POESIA-INGLESA-JUAN-DE-DIOS-TORRALBO-EDICIONES-ALFAR-S_A_-LibroEbook-9788478984084.html\"><span style=\"color: #000000;\"><img decoding=\"async\" style=\"border-width: initial; border-color: initial;\" src=\"http:\/\/www.edicionesalfar.es\/logo-todoebook.gif\" \/> DISPONIBLE EN\u00a0TODO EBOOK<\/span><\/a><\/span><\/span><\/span><\/span><\/span><\/p>\n","protected":false},"featured_media":14357,"comment_status":"open","ping_status":"open","template":"","meta":{"_acf_changed":false,"_et_pb_use_builder":"","_et_pb_old_content":"","_et_gb_content_width":""},"product_brand":[],"product_cat":[46],"product_tag":[],"class_list":{"0":"post-14356","1":"product","2":"type-product","3":"status-publish","4":"has-post-thumbnail","6":"product_cat-mapa-calendario","8":"first","9":"instock","10":"taxable","11":"shipping-taxable","12":"purchasable","13":"product-type-simple"},"acf":[],"yoast_head":"<!-- This site is optimized with the Yoast SEO plugin v27.4 - https:\/\/yoast.com\/product\/yoast-seo-wordpress\/ -->\n<title>JOS\u00c9 MAR\u00cdA BLANCO WHITE: TRADUCTOR DE POES\u00cdA INGLESA - Ediciones Alfar<\/title>\n<meta name=\"robots\" content=\"index, follow, max-snippet:-1, max-image-preview:large, max-video-preview:-1\" \/>\n<link rel=\"canonical\" href=\"https:\/\/edicionesalfar.es\/es\/producto\/jose-maria-blanco-white-traductor-de-poesia-inglesa\/\" \/>\n<meta property=\"og:locale\" content=\"es_ES\" \/>\n<meta property=\"og:type\" content=\"article\" \/>\n<meta property=\"og:title\" content=\"JOS\u00c9 MAR\u00cdA BLANCO WHITE: TRADUCTOR DE POES\u00cdA INGLESA - Ediciones Alfar\" \/>\n<meta property=\"og:description\" content=\"Este libro aborda la compleja filiaci\u00f3n cultural de Blanco White e indaga sobre todo en su periplo ingl\u00e9s, centr\u00e1ndose en su labor como traductor. El trabajo pone una vez m\u00e1s de manifiesto su personalidad compleja, su b\u00fasqueda permanente de la verdad, su liberalismo genuino, su anglofilia sincera y el fecundo latido de su cosmopolitismo. DISPONIBLE EN\u00a0TODO EBOOK\" \/>\n<meta property=\"og:url\" content=\"https:\/\/edicionesalfar.es\/es\/producto\/jose-maria-blanco-white-traductor-de-poesia-inglesa\/\" \/>\n<meta property=\"og:site_name\" content=\"Ediciones Alfar\" \/>\n<meta property=\"article:modified_time\" content=\"2021-06-07T08:23:48+00:00\" \/>\n<meta property=\"og:image\" content=\"https:\/\/edicionesalfar.es\/es\/wp-content\/uploads\/2019\/05\/blancowhitetraductor.jpg\" \/>\n\t<meta property=\"og:image:width\" content=\"1\" \/>\n\t<meta property=\"og:image:height\" content=\"1\" \/>\n\t<meta property=\"og:image:type\" content=\"image\/jpeg\" \/>\n<meta name=\"twitter:card\" content=\"summary_large_image\" \/>\n<script type=\"application\/ld+json\" class=\"yoast-schema-graph\">{\"@context\":\"https:\\\/\\\/schema.org\",\"@graph\":[{\"@type\":\"WebPage\",\"@id\":\"https:\\\/\\\/edicionesalfar.es\\\/es\\\/producto\\\/jose-maria-blanco-white-traductor-de-poesia-inglesa\\\/\",\"url\":\"https:\\\/\\\/edicionesalfar.es\\\/es\\\/producto\\\/jose-maria-blanco-white-traductor-de-poesia-inglesa\\\/\",\"name\":\"JOS\u00c9 MAR\u00cdA BLANCO WHITE: TRADUCTOR DE POES\u00cdA INGLESA - Ediciones Alfar\",\"isPartOf\":{\"@id\":\"https:\\\/\\\/edicionesalfar.es\\\/es\\\/#website\"},\"primaryImageOfPage\":{\"@id\":\"https:\\\/\\\/edicionesalfar.es\\\/es\\\/producto\\\/jose-maria-blanco-white-traductor-de-poesia-inglesa\\\/#primaryimage\"},\"image\":{\"@id\":\"https:\\\/\\\/edicionesalfar.es\\\/es\\\/producto\\\/jose-maria-blanco-white-traductor-de-poesia-inglesa\\\/#primaryimage\"},\"thumbnailUrl\":\"https:\\\/\\\/edicionesalfar.es\\\/es\\\/wp-content\\\/uploads\\\/2019\\\/05\\\/blancowhitetraductor.jpg\",\"datePublished\":\"2019-07-11T05:54:40+00:00\",\"dateModified\":\"2021-06-07T08:23:48+00:00\",\"breadcrumb\":{\"@id\":\"https:\\\/\\\/edicionesalfar.es\\\/es\\\/producto\\\/jose-maria-blanco-white-traductor-de-poesia-inglesa\\\/#breadcrumb\"},\"inLanguage\":\"es\",\"potentialAction\":[{\"@type\":\"ReadAction\",\"target\":[\"https:\\\/\\\/edicionesalfar.es\\\/es\\\/producto\\\/jose-maria-blanco-white-traductor-de-poesia-inglesa\\\/\"]}]},{\"@type\":\"ImageObject\",\"inLanguage\":\"es\",\"@id\":\"https:\\\/\\\/edicionesalfar.es\\\/es\\\/producto\\\/jose-maria-blanco-white-traductor-de-poesia-inglesa\\\/#primaryimage\",\"url\":\"https:\\\/\\\/edicionesalfar.es\\\/es\\\/wp-content\\\/uploads\\\/2019\\\/05\\\/blancowhitetraductor.jpg\",\"contentUrl\":\"https:\\\/\\\/edicionesalfar.es\\\/es\\\/wp-content\\\/uploads\\\/2019\\\/05\\\/blancowhitetraductor.jpg\"},{\"@type\":\"BreadcrumbList\",\"@id\":\"https:\\\/\\\/edicionesalfar.es\\\/es\\\/producto\\\/jose-maria-blanco-white-traductor-de-poesia-inglesa\\\/#breadcrumb\",\"itemListElement\":[{\"@type\":\"ListItem\",\"position\":1,\"name\":\"Portada\",\"item\":\"https:\\\/\\\/edicionesalfar.es\\\/es\\\/\"},{\"@type\":\"ListItem\",\"position\":2,\"name\":\"Cat\u00e1logo\",\"item\":\"https:\\\/\\\/edicionesalfar.es\\\/es\\\/catalogo\\\/\"},{\"@type\":\"ListItem\",\"position\":3,\"name\":\"JOS\u00c9 MAR\u00cdA BLANCO WHITE: TRADUCTOR DE POES\u00cdA INGLESA\"}]},{\"@type\":\"WebSite\",\"@id\":\"https:\\\/\\\/edicionesalfar.es\\\/es\\\/#website\",\"url\":\"https:\\\/\\\/edicionesalfar.es\\\/es\\\/\",\"name\":\"Ediciones Alfar\",\"description\":\"\",\"potentialAction\":[{\"@type\":\"SearchAction\",\"target\":{\"@type\":\"EntryPoint\",\"urlTemplate\":\"https:\\\/\\\/edicionesalfar.es\\\/es\\\/?s={search_term_string}\"},\"query-input\":{\"@type\":\"PropertyValueSpecification\",\"valueRequired\":true,\"valueName\":\"search_term_string\"}}],\"inLanguage\":\"es\"}]}<\/script>\n<!-- \/ Yoast SEO plugin. -->","yoast_head_json":{"title":"JOS\u00c9 MAR\u00cdA BLANCO WHITE: TRADUCTOR DE POES\u00cdA INGLESA - Ediciones Alfar","robots":{"index":"index","follow":"follow","max-snippet":"max-snippet:-1","max-image-preview":"max-image-preview:large","max-video-preview":"max-video-preview:-1"},"canonical":"https:\/\/edicionesalfar.es\/es\/producto\/jose-maria-blanco-white-traductor-de-poesia-inglesa\/","og_locale":"es_ES","og_type":"article","og_title":"JOS\u00c9 MAR\u00cdA BLANCO WHITE: TRADUCTOR DE POES\u00cdA INGLESA - Ediciones Alfar","og_description":"Este libro aborda la compleja filiaci\u00f3n cultural de Blanco White e indaga sobre todo en su periplo ingl\u00e9s, centr\u00e1ndose en su labor como traductor. El trabajo pone una vez m\u00e1s de manifiesto su personalidad compleja, su b\u00fasqueda permanente de la verdad, su liberalismo genuino, su anglofilia sincera y el fecundo latido de su cosmopolitismo. DISPONIBLE EN\u00a0TODO EBOOK","og_url":"https:\/\/edicionesalfar.es\/es\/producto\/jose-maria-blanco-white-traductor-de-poesia-inglesa\/","og_site_name":"Ediciones Alfar","article_modified_time":"2021-06-07T08:23:48+00:00","og_image":[{"url":"https:\/\/edicionesalfar.es\/es\/wp-content\/uploads\/2019\/05\/blancowhitetraductor.jpg","width":1,"height":1,"type":"image\/jpeg"}],"twitter_card":"summary_large_image","schema":{"@context":"https:\/\/schema.org","@graph":[{"@type":"WebPage","@id":"https:\/\/edicionesalfar.es\/es\/producto\/jose-maria-blanco-white-traductor-de-poesia-inglesa\/","url":"https:\/\/edicionesalfar.es\/es\/producto\/jose-maria-blanco-white-traductor-de-poesia-inglesa\/","name":"JOS\u00c9 MAR\u00cdA BLANCO WHITE: TRADUCTOR DE POES\u00cdA INGLESA - Ediciones Alfar","isPartOf":{"@id":"https:\/\/edicionesalfar.es\/es\/#website"},"primaryImageOfPage":{"@id":"https:\/\/edicionesalfar.es\/es\/producto\/jose-maria-blanco-white-traductor-de-poesia-inglesa\/#primaryimage"},"image":{"@id":"https:\/\/edicionesalfar.es\/es\/producto\/jose-maria-blanco-white-traductor-de-poesia-inglesa\/#primaryimage"},"thumbnailUrl":"https:\/\/edicionesalfar.es\/es\/wp-content\/uploads\/2019\/05\/blancowhitetraductor.jpg","datePublished":"2019-07-11T05:54:40+00:00","dateModified":"2021-06-07T08:23:48+00:00","breadcrumb":{"@id":"https:\/\/edicionesalfar.es\/es\/producto\/jose-maria-blanco-white-traductor-de-poesia-inglesa\/#breadcrumb"},"inLanguage":"es","potentialAction":[{"@type":"ReadAction","target":["https:\/\/edicionesalfar.es\/es\/producto\/jose-maria-blanco-white-traductor-de-poesia-inglesa\/"]}]},{"@type":"ImageObject","inLanguage":"es","@id":"https:\/\/edicionesalfar.es\/es\/producto\/jose-maria-blanco-white-traductor-de-poesia-inglesa\/#primaryimage","url":"https:\/\/edicionesalfar.es\/es\/wp-content\/uploads\/2019\/05\/blancowhitetraductor.jpg","contentUrl":"https:\/\/edicionesalfar.es\/es\/wp-content\/uploads\/2019\/05\/blancowhitetraductor.jpg"},{"@type":"BreadcrumbList","@id":"https:\/\/edicionesalfar.es\/es\/producto\/jose-maria-blanco-white-traductor-de-poesia-inglesa\/#breadcrumb","itemListElement":[{"@type":"ListItem","position":1,"name":"Portada","item":"https:\/\/edicionesalfar.es\/es\/"},{"@type":"ListItem","position":2,"name":"Cat\u00e1logo","item":"https:\/\/edicionesalfar.es\/es\/catalogo\/"},{"@type":"ListItem","position":3,"name":"JOS\u00c9 MAR\u00cdA BLANCO WHITE: TRADUCTOR DE POES\u00cdA INGLESA"}]},{"@type":"WebSite","@id":"https:\/\/edicionesalfar.es\/es\/#website","url":"https:\/\/edicionesalfar.es\/es\/","name":"Ediciones Alfar","description":"","potentialAction":[{"@type":"SearchAction","target":{"@type":"EntryPoint","urlTemplate":"https:\/\/edicionesalfar.es\/es\/?s={search_term_string}"},"query-input":{"@type":"PropertyValueSpecification","valueRequired":true,"valueName":"search_term_string"}}],"inLanguage":"es"}]}},"_links":{"self":[{"href":"https:\/\/edicionesalfar.es\/es\/wp-json\/wp\/v2\/product\/14356","targetHints":{"allow":["GET"]}}],"collection":[{"href":"https:\/\/edicionesalfar.es\/es\/wp-json\/wp\/v2\/product"}],"about":[{"href":"https:\/\/edicionesalfar.es\/es\/wp-json\/wp\/v2\/types\/product"}],"replies":[{"embeddable":true,"href":"https:\/\/edicionesalfar.es\/es\/wp-json\/wp\/v2\/comments?post=14356"}],"wp:featuredmedia":[{"embeddable":true,"href":"https:\/\/edicionesalfar.es\/es\/wp-json\/wp\/v2\/media\/14357"}],"wp:attachment":[{"href":"https:\/\/edicionesalfar.es\/es\/wp-json\/wp\/v2\/media?parent=14356"}],"wp:term":[{"taxonomy":"product_brand","embeddable":true,"href":"https:\/\/edicionesalfar.es\/es\/wp-json\/wp\/v2\/product_brand?post=14356"},{"taxonomy":"product_cat","embeddable":true,"href":"https:\/\/edicionesalfar.es\/es\/wp-json\/wp\/v2\/product_cat?post=14356"},{"taxonomy":"product_tag","embeddable":true,"href":"https:\/\/edicionesalfar.es\/es\/wp-json\/wp\/v2\/product_tag?post=14356"}],"curies":[{"name":"wp","href":"https:\/\/api.w.org\/{rel}","templated":true}]}}