{"id":14348,"date":"2019-07-11T05:54:36","date_gmt":"2019-07-11T05:54:36","guid":{"rendered":"http:\/\/www.edicionesalfar.es\/web-wordpress\/?post_type=product\\&#046;p="},"modified":"2025-04-04T07:04:52","modified_gmt":"2025-04-04T05:04:52","slug":"la-constitucion-de-cadiz-una-mirada-critica","status":"publish","type":"product","link":"https:\/\/edicionesalfar.es\/es\/producto\/la-constitucion-de-cadiz-una-mirada-critica\/","title":{"rendered":"La Constituci\u00f3n de C\u00e1diz. Una mirada cr\u00edtica"},"content":{"rendered":"<p style=\"margin-top: 1em; margin-right: 0px; margin-bottom: 0cm; margin-left: 0px; padding-left: 0px; color: #333333; font-family: Georgia, Cambria, 'Times New Roman', Times, serif; font-size: 13px; font-style: normal; line-height: 20px;\" align=\"JUSTIFY\">CONTENIDO:\u00a0La bibliograf\u00eda dedicada a la Constituci\u00f3n de C\u00e1diz es verdaderamente oce\u00e1nica. En 1855,\u00a0<br style=\"height: 1px; font-size: 1px;\" \/>en sus famosos art\u00edculos sobre la \u201cEspa\u00f1a revolucionaria\u201d publicados en el\u00a0New York Daily Tribune, Karl\u00a0<br style=\"height: 1px; font-size: 1px;\" \/>Marx escribi\u00f3 que exist\u00eda \u201ctoda una biblioteca en\u00a0pro\u00a0y en\u00a0contra\u00a0de la Constituci\u00f3n de 1812\u201d. Sin embargo,\u00a0<br style=\"height: 1px; font-size: 1px;\" \/>con la persecuci\u00f3n de la obra de C\u00e1diz y su posterior mitificaci\u00f3n, ni los historiadores del siglo XIX ni\u00a0<br style=\"height: 1px; font-size: 1px;\" \/>los del XX se percataron de aspectos que hoy nos parecen fundamentales sobre la Constituci\u00f3n de 1812 y\u00a0<br style=\"height: 1px; font-size: 1px;\" \/>que quedan todav\u00eda por dilucidar en nuestra incipiente cultura constitucional. Prueba de ello es que hasta\u00a0<br style=\"height: 1px; font-size: 1px;\" \/>ahora nunca se ha escrito un libro cr\u00edtico sobre ella, ni menos a\u00fan una edici\u00f3n anotada de las \u201cpreciosas\u00a0<br style=\"height: 1px; font-size: 1px;\" \/>p\u00e1ginas\u201d de nuestra Constituci\u00f3n. En doscientos a\u00f1os de historiograf\u00eda pol\u00edtica y constitucional ha faltado\u00a0<br style=\"height: 1px; font-size: 1px;\" \/>el escalpelo \u2013que en su d\u00eda manej\u00f3 con suma destreza Jos\u00e9 Mar\u00eda Blanco White en sus\u00a0Cartas de Juan\u00a0<br style=\"height: 1px; font-size: 1px;\" \/>Sintierra-\u00a0para analizar y explicar de manera cr\u00edtica el significado de su obra y las razones de su fracaso\u00a0<br style=\"height: 1px; font-size: 1px;\" \/>a la hora de aplicarla. Un asunto del mayor inter\u00e9s cuando, al conmemorarse su bicentenario, con la\u00a0<br style=\"height: 1px; font-size: 1px;\" \/>obsesi\u00f3n existente por las \u201chistorias de la identidad\u201d, con tanta frecuencia nos amenaza el espejismo\u00a0<br style=\"height: 1px; font-size: 1px;\" \/>de creer que la Constituci\u00f3n de 1812 fund\u00f3 la \u201ccivilizaci\u00f3n pol\u00edtica\u201d gracias a la cual la Espa\u00f1a\u00a0<br style=\"height: 1px; font-size: 1px;\" \/>contempor\u00e1nea se hace inteligible.<\/p>\n<p>AUTOR: MANUEL MORENO ALONSO, profesor de Historia Contempor\u00e1nea en la Universidad de <br style=\"height: 1px; font-size: 1px;\" \/>Sevilla e historiador de la Guerra de la Independencia, se ha interesado particularmente por la obra de <br style=\"height: 1px; font-size: 1px;\" \/>las Cortes de C\u00e1diz y los or\u00edgenes del liberalismo hist\u00f3rico espa\u00f1ol. Editor de las Cartas de Juan <br style=\"height: 1px; font-size: 1px;\" \/>Sintierra. Cr\u00edtica de las Cortes de C\u00e1diz de Jos\u00e9 Mar\u00eda Blanco White (1990), ha editado textos y <br style=\"height: 1px; font-size: 1px;\" \/>documentos in\u00e9ditos de Arg\u00fcelles\u00a0 y de Quintana. Entre otros libros es autor de La Generaci\u00f3n <br style=\"height: 1px; font-size: 1px;\" \/>espa\u00f1ola de 1808 (1989), La forja del liberalismo en Espa\u00f1a: los amigos espa\u00f1oles de Lord <br style=\"height: 1px; font-size: 1px;\" \/>Holland, 1793-1840 (1997), Las Cortes de C\u00e1diz (2001), El miedo a la libertad en Espa\u00f1a <br style=\"height: 1px; font-size: 1px;\" \/>(2006), El nacimiento de una naci\u00f3n (2010) y, \u00faltimamente, La verdadera historia del asedio <br style=\"height: 1px; font-size: 1px;\" \/>napole\u00f3nico de C\u00e1diz. Una historia humana de la guerra de la Independencia (2011). En Alfar, <br style=\"height: 1px; font-size: 1px;\" \/>entre otras publicaciones, ha editado dos textos fundamentales sobre esta \u00e9poca: Examen de los <br style=\"height: 1px; font-size: 1px;\" \/>delitos de infidelidad a la patria de F\u00e9lix Jos\u00e9 Reinoso (2009), y las Cartas a Lord Holland <br style=\"height: 1px; font-size: 1px;\" \/>sobre los sucesos pol\u00edticos de Espa\u00f1a en la segunda \u00e9poca constitucional (2010). <\/p>\n","protected":false},"excerpt":{"rendered":"<p><span style=\"color: #333333; font-size: 13px; line-height: 20px;\">Edici\u00f3n original de la Constituci\u00f3n de 1812 con estudio cr\u00edtico anterior y notas a pie <\/span><br style=\"color: #333333;\" \/><span style=\"color: #333333; font-size: 13px; line-height: 20px;\">de p\u00e1gina. Es la m\u00e1s completa sobre la Constituci\u00f3n de C\u00e1diz, y nos adentra en el <\/span><br style=\"color: #333333;\" \/><span style=\"color: #333333; font-size: 13px; line-height: 20px;\">origen de la misma, y sobre todo, en las consecuencias de dicho documento.<\/span><\/p>\n","protected":false},"featured_media":14349,"comment_status":"open","ping_status":"open","template":"","meta":{"_acf_changed":false,"_et_pb_use_builder":"","_et_pb_old_content":"","_et_gb_content_width":""},"product_brand":[],"product_cat":[46],"product_tag":[],"class_list":{"0":"post-14348","1":"product","2":"type-product","3":"status-publish","4":"has-post-thumbnail","6":"product_cat-mapa-calendario","8":"first","9":"instock","10":"taxable","11":"shipping-taxable","12":"purchasable","13":"product-type-simple"},"acf":[],"yoast_head":"<!-- This site is optimized with the Yoast SEO plugin v27.3 - https:\/\/yoast.com\/product\/yoast-seo-wordpress\/ -->\n<title>La Constituci\u00f3n de C\u00e1diz. Una mirada cr\u00edtica - Ediciones Alfar<\/title>\n<meta name=\"robots\" content=\"index, follow, max-snippet:-1, max-image-preview:large, max-video-preview:-1\" \/>\n<link rel=\"canonical\" href=\"https:\/\/edicionesalfar.es\/es\/producto\/la-constitucion-de-cadiz-una-mirada-critica\/\" \/>\n<meta property=\"og:locale\" content=\"es_ES\" \/>\n<meta property=\"og:type\" content=\"article\" \/>\n<meta property=\"og:title\" content=\"La Constituci\u00f3n de C\u00e1diz. Una mirada cr\u00edtica - Ediciones Alfar\" \/>\n<meta property=\"og:description\" content=\"Edici\u00f3n original de la Constituci\u00f3n de 1812 con estudio cr\u00edtico anterior y notas a pie de p\u00e1gina. Es la m\u00e1s completa sobre la Constituci\u00f3n de C\u00e1diz, y nos adentra en el origen de la misma, y sobre todo, en las consecuencias de dicho documento.\" \/>\n<meta property=\"og:url\" content=\"https:\/\/edicionesalfar.es\/es\/producto\/la-constitucion-de-cadiz-una-mirada-critica\/\" \/>\n<meta property=\"og:site_name\" content=\"Ediciones Alfar\" \/>\n<meta property=\"article:modified_time\" content=\"2025-04-04T05:04:52+00:00\" \/>\n<meta property=\"og:image\" content=\"https:\/\/edicionesalfar.es\/es\/wp-content\/uploads\/2019\/05\/La-constitucion-simple.jpg\" \/>\n\t<meta property=\"og:image:width\" content=\"1\" \/>\n\t<meta property=\"og:image:height\" content=\"1\" \/>\n\t<meta property=\"og:image:type\" content=\"image\/jpeg\" \/>\n<meta name=\"twitter:card\" content=\"summary_large_image\" \/>\n<meta name=\"twitter:label1\" content=\"Tiempo de lectura\" \/>\n\t<meta name=\"twitter:data1\" content=\"2 minutos\" \/>\n<script type=\"application\/ld+json\" class=\"yoast-schema-graph\">{\"@context\":\"https:\\\/\\\/schema.org\",\"@graph\":[{\"@type\":\"WebPage\",\"@id\":\"https:\\\/\\\/edicionesalfar.es\\\/es\\\/producto\\\/la-constitucion-de-cadiz-una-mirada-critica\\\/\",\"url\":\"https:\\\/\\\/edicionesalfar.es\\\/es\\\/producto\\\/la-constitucion-de-cadiz-una-mirada-critica\\\/\",\"name\":\"La Constituci\u00f3n de C\u00e1diz. Una mirada cr\u00edtica - Ediciones Alfar\",\"isPartOf\":{\"@id\":\"https:\\\/\\\/edicionesalfar.es\\\/es\\\/#website\"},\"primaryImageOfPage\":{\"@id\":\"https:\\\/\\\/edicionesalfar.es\\\/es\\\/producto\\\/la-constitucion-de-cadiz-una-mirada-critica\\\/#primaryimage\"},\"image\":{\"@id\":\"https:\\\/\\\/edicionesalfar.es\\\/es\\\/producto\\\/la-constitucion-de-cadiz-una-mirada-critica\\\/#primaryimage\"},\"thumbnailUrl\":\"https:\\\/\\\/edicionesalfar.es\\\/es\\\/wp-content\\\/uploads\\\/2019\\\/05\\\/La-constitucion-simple.jpg\",\"datePublished\":\"2019-07-11T05:54:36+00:00\",\"dateModified\":\"2025-04-04T05:04:52+00:00\",\"breadcrumb\":{\"@id\":\"https:\\\/\\\/edicionesalfar.es\\\/es\\\/producto\\\/la-constitucion-de-cadiz-una-mirada-critica\\\/#breadcrumb\"},\"inLanguage\":\"es\",\"potentialAction\":[{\"@type\":\"ReadAction\",\"target\":[\"https:\\\/\\\/edicionesalfar.es\\\/es\\\/producto\\\/la-constitucion-de-cadiz-una-mirada-critica\\\/\"]}]},{\"@type\":\"ImageObject\",\"inLanguage\":\"es\",\"@id\":\"https:\\\/\\\/edicionesalfar.es\\\/es\\\/producto\\\/la-constitucion-de-cadiz-una-mirada-critica\\\/#primaryimage\",\"url\":\"https:\\\/\\\/edicionesalfar.es\\\/es\\\/wp-content\\\/uploads\\\/2019\\\/05\\\/La-constitucion-simple.jpg\",\"contentUrl\":\"https:\\\/\\\/edicionesalfar.es\\\/es\\\/wp-content\\\/uploads\\\/2019\\\/05\\\/La-constitucion-simple.jpg\"},{\"@type\":\"BreadcrumbList\",\"@id\":\"https:\\\/\\\/edicionesalfar.es\\\/es\\\/producto\\\/la-constitucion-de-cadiz-una-mirada-critica\\\/#breadcrumb\",\"itemListElement\":[{\"@type\":\"ListItem\",\"position\":1,\"name\":\"Portada\",\"item\":\"https:\\\/\\\/edicionesalfar.es\\\/es\\\/\"},{\"@type\":\"ListItem\",\"position\":2,\"name\":\"Cat\u00e1logo\",\"item\":\"https:\\\/\\\/edicionesalfar.es\\\/es\\\/catalogo\\\/\"},{\"@type\":\"ListItem\",\"position\":3,\"name\":\"La Constituci\u00f3n de C\u00e1diz. Una mirada cr\u00edtica\"}]},{\"@type\":\"WebSite\",\"@id\":\"https:\\\/\\\/edicionesalfar.es\\\/es\\\/#website\",\"url\":\"https:\\\/\\\/edicionesalfar.es\\\/es\\\/\",\"name\":\"Ediciones Alfar\",\"description\":\"\",\"potentialAction\":[{\"@type\":\"SearchAction\",\"target\":{\"@type\":\"EntryPoint\",\"urlTemplate\":\"https:\\\/\\\/edicionesalfar.es\\\/es\\\/?s={search_term_string}\"},\"query-input\":{\"@type\":\"PropertyValueSpecification\",\"valueRequired\":true,\"valueName\":\"search_term_string\"}}],\"inLanguage\":\"es\"}]}<\/script>\n<!-- \/ Yoast SEO plugin. -->","yoast_head_json":{"title":"La Constituci\u00f3n de C\u00e1diz. Una mirada cr\u00edtica - Ediciones Alfar","robots":{"index":"index","follow":"follow","max-snippet":"max-snippet:-1","max-image-preview":"max-image-preview:large","max-video-preview":"max-video-preview:-1"},"canonical":"https:\/\/edicionesalfar.es\/es\/producto\/la-constitucion-de-cadiz-una-mirada-critica\/","og_locale":"es_ES","og_type":"article","og_title":"La Constituci\u00f3n de C\u00e1diz. Una mirada cr\u00edtica - Ediciones Alfar","og_description":"Edici\u00f3n original de la Constituci\u00f3n de 1812 con estudio cr\u00edtico anterior y notas a pie de p\u00e1gina. Es la m\u00e1s completa sobre la Constituci\u00f3n de C\u00e1diz, y nos adentra en el origen de la misma, y sobre todo, en las consecuencias de dicho documento.","og_url":"https:\/\/edicionesalfar.es\/es\/producto\/la-constitucion-de-cadiz-una-mirada-critica\/","og_site_name":"Ediciones Alfar","article_modified_time":"2025-04-04T05:04:52+00:00","og_image":[{"url":"https:\/\/edicionesalfar.es\/es\/wp-content\/uploads\/2019\/05\/La-constitucion-simple.jpg","width":1,"height":1,"type":"image\/jpeg"}],"twitter_card":"summary_large_image","twitter_misc":{"Tiempo de lectura":"2 minutos"},"schema":{"@context":"https:\/\/schema.org","@graph":[{"@type":"WebPage","@id":"https:\/\/edicionesalfar.es\/es\/producto\/la-constitucion-de-cadiz-una-mirada-critica\/","url":"https:\/\/edicionesalfar.es\/es\/producto\/la-constitucion-de-cadiz-una-mirada-critica\/","name":"La Constituci\u00f3n de C\u00e1diz. Una mirada cr\u00edtica - Ediciones Alfar","isPartOf":{"@id":"https:\/\/edicionesalfar.es\/es\/#website"},"primaryImageOfPage":{"@id":"https:\/\/edicionesalfar.es\/es\/producto\/la-constitucion-de-cadiz-una-mirada-critica\/#primaryimage"},"image":{"@id":"https:\/\/edicionesalfar.es\/es\/producto\/la-constitucion-de-cadiz-una-mirada-critica\/#primaryimage"},"thumbnailUrl":"https:\/\/edicionesalfar.es\/es\/wp-content\/uploads\/2019\/05\/La-constitucion-simple.jpg","datePublished":"2019-07-11T05:54:36+00:00","dateModified":"2025-04-04T05:04:52+00:00","breadcrumb":{"@id":"https:\/\/edicionesalfar.es\/es\/producto\/la-constitucion-de-cadiz-una-mirada-critica\/#breadcrumb"},"inLanguage":"es","potentialAction":[{"@type":"ReadAction","target":["https:\/\/edicionesalfar.es\/es\/producto\/la-constitucion-de-cadiz-una-mirada-critica\/"]}]},{"@type":"ImageObject","inLanguage":"es","@id":"https:\/\/edicionesalfar.es\/es\/producto\/la-constitucion-de-cadiz-una-mirada-critica\/#primaryimage","url":"https:\/\/edicionesalfar.es\/es\/wp-content\/uploads\/2019\/05\/La-constitucion-simple.jpg","contentUrl":"https:\/\/edicionesalfar.es\/es\/wp-content\/uploads\/2019\/05\/La-constitucion-simple.jpg"},{"@type":"BreadcrumbList","@id":"https:\/\/edicionesalfar.es\/es\/producto\/la-constitucion-de-cadiz-una-mirada-critica\/#breadcrumb","itemListElement":[{"@type":"ListItem","position":1,"name":"Portada","item":"https:\/\/edicionesalfar.es\/es\/"},{"@type":"ListItem","position":2,"name":"Cat\u00e1logo","item":"https:\/\/edicionesalfar.es\/es\/catalogo\/"},{"@type":"ListItem","position":3,"name":"La Constituci\u00f3n de C\u00e1diz. Una mirada cr\u00edtica"}]},{"@type":"WebSite","@id":"https:\/\/edicionesalfar.es\/es\/#website","url":"https:\/\/edicionesalfar.es\/es\/","name":"Ediciones Alfar","description":"","potentialAction":[{"@type":"SearchAction","target":{"@type":"EntryPoint","urlTemplate":"https:\/\/edicionesalfar.es\/es\/?s={search_term_string}"},"query-input":{"@type":"PropertyValueSpecification","valueRequired":true,"valueName":"search_term_string"}}],"inLanguage":"es"}]}},"_links":{"self":[{"href":"https:\/\/edicionesalfar.es\/es\/wp-json\/wp\/v2\/product\/14348","targetHints":{"allow":["GET"]}}],"collection":[{"href":"https:\/\/edicionesalfar.es\/es\/wp-json\/wp\/v2\/product"}],"about":[{"href":"https:\/\/edicionesalfar.es\/es\/wp-json\/wp\/v2\/types\/product"}],"replies":[{"embeddable":true,"href":"https:\/\/edicionesalfar.es\/es\/wp-json\/wp\/v2\/comments?post=14348"}],"wp:featuredmedia":[{"embeddable":true,"href":"https:\/\/edicionesalfar.es\/es\/wp-json\/wp\/v2\/media\/14349"}],"wp:attachment":[{"href":"https:\/\/edicionesalfar.es\/es\/wp-json\/wp\/v2\/media?parent=14348"}],"wp:term":[{"taxonomy":"product_brand","embeddable":true,"href":"https:\/\/edicionesalfar.es\/es\/wp-json\/wp\/v2\/product_brand?post=14348"},{"taxonomy":"product_cat","embeddable":true,"href":"https:\/\/edicionesalfar.es\/es\/wp-json\/wp\/v2\/product_cat?post=14348"},{"taxonomy":"product_tag","embeddable":true,"href":"https:\/\/edicionesalfar.es\/es\/wp-json\/wp\/v2\/product_tag?post=14348"}],"curies":[{"name":"wp","href":"https:\/\/api.w.org\/{rel}","templated":true}]}}