{"id":14346,"date":"2019-07-11T05:54:35","date_gmt":"2019-07-11T05:54:35","guid":{"rendered":"http:\/\/www.edicionesalfar.es\/web-wordpress\/?post_type=product&#046;p="},"modified":"2023-11-07T10:54:52","modified_gmt":"2023-11-07T09:54:52","slug":"la-practica-del-cura-sui-una-askesis-filosofica","status":"publish","type":"product","link":"https:\/\/edicionesalfar.es\/es\/producto\/la-practica-del-cura-sui-una-askesis-filosofica\/","title":{"rendered":"La pr\u00e1ctica del Cura sui. Una askesis filos\u00f3fica"},"content":{"rendered":"<p>CONTENIDO:\u00a0Askesis filos\u00f3ficas\u00a0mienta aquel conjunto de pr\u00e1cticas que un individuo realiza para alcanzar cierta\u00a0methanoia\u00a0(transformaci\u00f3n). Enmarcadas en la tradici\u00f3n antigua del Cura sui (el cuidado de uno mismo), son una reivindicaci\u00f3n de la filosof\u00eda como camino pr\u00e1ctico de reflexi\u00f3n, actitud, di\u00e1logo y cambio.<br style=\"height: 1px; font-size: 1px;\" \/>Cuando nuestro presente se caracteriza por la precariedad de la experiencia individual, la hiper-normatividad externa, la subjetividad-producto o las sensaciones de sinsentido, cabe volver a recuperar la noci\u00f3n del cuidado hacia uno mismo, enlazando dicha tradici\u00f3n con las corrientes filos\u00f3ficas actuales que, cuestionando esta subjetividad imperante (econ\u00f3mica, angustiada, deprimida, instrumental, alienada\u2026), buscan hallar nuevas formas de experiencia y subjetividad, abriendo caminos para sujetos m\u00e1s emancipados e interdependientes.<br style=\"height: 1px; font-size: 1px;\" \/>AUTOR: Nacho Ba\u00f1eras Capell (Barcelona, 1980) es licenciado en Derecho (URV) y en Filosof\u00eda (UB).<br style=\"height: 1px; font-size: 1px;\" \/>Especializado en Pensamiento Contempor\u00e1neo, actualmente realiza el doctorado sobre los procesos de formaci\u00f3n de la subjetividad contempor\u00e1nea y la tradici\u00f3n antigua del Cura sui, reivindicando la autonom\u00eda y capacidad del individuo para ejercer pr\u00e1cticas de emancipaci\u00f3n, desarrollo y transformaci\u00f3n que incidan en su experiencia, modo de vida y cosmovisi\u00f3n.<br style=\"height: 1px; font-size: 1px;\" \/>Codirige el Centro\u00a0Wu wei\u00a0de Sant Cugat del Vall\u00e8s (Barcelona), dedicado a la ense\u00f1anza y divulgaci\u00f3n del Yoga, la Meditaci\u00f3n, la Gestalt y las pr\u00e1cticas del Cura sui.<br style=\"height: 1px; font-size: 1px;\" \/>Profesor de Yoga y Meditaci\u00f3n.<br style=\"height: 1px; font-size: 1px;\" \/>Terapeuta filos\u00f3fico, miembro de la AFPC (Associaci\u00f3 de Filosofia Pr\u00e0ctica de Catalunya).<br style=\"height: 1px; font-size: 1px;\" \/>Mediador en grupos de reflexi\u00f3n.<br style=\"height: 1px; font-size: 1px;\" \/>Realizando la formaci\u00f3n en terapia Gestalt en la ETGB (Escuela Taller de Gestalt de Barcelona).<br \/>\n\u00cdNDICE:<br \/>\nPrefacio<br \/>\nIntroducci\u00f3n<br \/>\nSubjetividad-sujetos<br \/>\nLa filosof\u00eda. Una reivindicaci\u00f3n<br \/>\nLa pr\u00e1ctica del Cura sui<br \/>\nDelimitaciones<br \/>\nPropuesta de ejercicios<br \/>\nBibliograf\u00eda tem\u00e1tica<\/p>\n","protected":false},"excerpt":{"rendered":"<p><em>Askesis filos\u00f3ficas<\/em><span style=\"color: #333333; font-size: 13px; line-height: 20px;\"> mienta aquel conjunto de pr\u00e1cticas que un individuo realiza para alcanzar cierta <\/span><em>methanoia<\/em><span style=\"color: #333333; font-size: 13px; line-height: 20px;\"> (transformaci\u00f3n). Enmarcadas en la tradici\u00f3n antigua del Cura sui (el cuidado de uno mismo), son una reivindicaci\u00f3n de la filosof\u00eda como camino pr\u00e1ctico de reflexi\u00f3n, actitud, di\u00e1logo y cambio.<\/span><\/p>\n<p>&nbsp;<\/p>\n<p><span style=\"color: #333333; font-size: 13px; line-height: 20px;\">DISPONIBLE EN EBOOK<\/span><\/p>\n<p><span style=\"color: #333333; font-size: 13px; line-height: 20px;\"><a href=\"http:\/\/www.casadellibro.com\/ebook-la-practica-del-cura-sui-una-askesis-filosofica-ebook\/9788478984695\/2042541\" target=\"_blank\" rel=\"noopener\"><img decoding=\"async\" src=\"http:\/\/image.casadellibro.com\/t1\/i\/logo-img.png\" alt=\"Librer\u00eda casadellibro.com\" \/><\/a><\/span><\/p>\n","protected":false},"featured_media":14347,"comment_status":"open","ping_status":"closed","template":"","meta":{"_acf_changed":false,"_et_pb_use_builder":"","_et_pb_old_content":"","_et_gb_content_width":""},"product_brand":[],"product_cat":[376,460,46],"product_tag":[],"class_list":{"0":"post-14346","1":"product","2":"type-product","3":"status-publish","4":"has-post-thumbnail","6":"product_cat-autores","7":"product_cat-baneras-capell-nacho","8":"product_cat-mapa-calendario","10":"first","11":"outofstock","12":"taxable","13":"shipping-taxable","14":"purchasable","15":"product-type-simple"},"acf":[],"yoast_head":"<!-- This site is optimized with the Yoast SEO plugin v27.5 - https:\/\/yoast.com\/product\/yoast-seo-wordpress\/ -->\n<title>La pr\u00e1ctica del Cura sui. Una askesis filos\u00f3fica - Ediciones Alfar<\/title>\n<meta name=\"robots\" content=\"index, follow, max-snippet:-1, max-image-preview:large, max-video-preview:-1\" \/>\n<link rel=\"canonical\" href=\"https:\/\/edicionesalfar.es\/es\/producto\/la-practica-del-cura-sui-una-askesis-filosofica\/\" \/>\n<meta property=\"og:locale\" content=\"es_ES\" \/>\n<meta property=\"og:type\" content=\"article\" \/>\n<meta property=\"og:title\" content=\"La pr\u00e1ctica del Cura sui. Una askesis filos\u00f3fica - Ediciones Alfar\" \/>\n<meta property=\"og:description\" content=\"Askesis filos\u00f3ficas mienta aquel conjunto de pr\u00e1cticas que un individuo realiza para alcanzar cierta methanoia (transformaci\u00f3n). Enmarcadas en la tradici\u00f3n antigua del Cura sui (el cuidado de uno mismo), son una reivindicaci\u00f3n de la filosof\u00eda como camino pr\u00e1ctico de reflexi\u00f3n, actitud, di\u00e1logo y cambio.  &nbsp;  DISPONIBLE EN EBOOK\" \/>\n<meta property=\"og:url\" content=\"https:\/\/edicionesalfar.es\/es\/producto\/la-practica-del-cura-sui-una-askesis-filosofica\/\" \/>\n<meta property=\"og:site_name\" content=\"Ediciones Alfar\" \/>\n<meta property=\"article:modified_time\" content=\"2023-11-07T09:54:52+00:00\" \/>\n<meta property=\"og:image\" content=\"https:\/\/edicionesalfar.es\/es\/wp-content\/uploads\/2019\/05\/Cura-sui-sencilla.jpg\" \/>\n\t<meta property=\"og:image:width\" content=\"1\" \/>\n\t<meta property=\"og:image:height\" content=\"1\" \/>\n\t<meta property=\"og:image:type\" content=\"image\/jpeg\" \/>\n<meta name=\"twitter:card\" content=\"summary_large_image\" \/>\n<meta name=\"twitter:label1\" content=\"Tiempo de lectura\" \/>\n\t<meta name=\"twitter:data1\" content=\"2 minutos\" \/>\n<script type=\"application\/ld+json\" class=\"yoast-schema-graph\">{\"@context\":\"https:\\\/\\\/schema.org\",\"@graph\":[{\"@type\":\"WebPage\",\"@id\":\"https:\\\/\\\/edicionesalfar.es\\\/es\\\/producto\\\/la-practica-del-cura-sui-una-askesis-filosofica\\\/\",\"url\":\"https:\\\/\\\/edicionesalfar.es\\\/es\\\/producto\\\/la-practica-del-cura-sui-una-askesis-filosofica\\\/\",\"name\":\"La pr\u00e1ctica del Cura sui. Una askesis filos\u00f3fica - Ediciones Alfar\",\"isPartOf\":{\"@id\":\"https:\\\/\\\/edicionesalfar.es\\\/es\\\/#website\"},\"primaryImageOfPage\":{\"@id\":\"https:\\\/\\\/edicionesalfar.es\\\/es\\\/producto\\\/la-practica-del-cura-sui-una-askesis-filosofica\\\/#primaryimage\"},\"image\":{\"@id\":\"https:\\\/\\\/edicionesalfar.es\\\/es\\\/producto\\\/la-practica-del-cura-sui-una-askesis-filosofica\\\/#primaryimage\"},\"thumbnailUrl\":\"https:\\\/\\\/edicionesalfar.es\\\/es\\\/wp-content\\\/uploads\\\/2019\\\/05\\\/Cura-sui-sencilla.jpg\",\"datePublished\":\"2019-07-11T05:54:35+00:00\",\"dateModified\":\"2023-11-07T09:54:52+00:00\",\"breadcrumb\":{\"@id\":\"https:\\\/\\\/edicionesalfar.es\\\/es\\\/producto\\\/la-practica-del-cura-sui-una-askesis-filosofica\\\/#breadcrumb\"},\"inLanguage\":\"es\",\"potentialAction\":[{\"@type\":\"ReadAction\",\"target\":[\"https:\\\/\\\/edicionesalfar.es\\\/es\\\/producto\\\/la-practica-del-cura-sui-una-askesis-filosofica\\\/\"]}]},{\"@type\":\"ImageObject\",\"inLanguage\":\"es\",\"@id\":\"https:\\\/\\\/edicionesalfar.es\\\/es\\\/producto\\\/la-practica-del-cura-sui-una-askesis-filosofica\\\/#primaryimage\",\"url\":\"https:\\\/\\\/edicionesalfar.es\\\/es\\\/wp-content\\\/uploads\\\/2019\\\/05\\\/Cura-sui-sencilla.jpg\",\"contentUrl\":\"https:\\\/\\\/edicionesalfar.es\\\/es\\\/wp-content\\\/uploads\\\/2019\\\/05\\\/Cura-sui-sencilla.jpg\"},{\"@type\":\"BreadcrumbList\",\"@id\":\"https:\\\/\\\/edicionesalfar.es\\\/es\\\/producto\\\/la-practica-del-cura-sui-una-askesis-filosofica\\\/#breadcrumb\",\"itemListElement\":[{\"@type\":\"ListItem\",\"position\":1,\"name\":\"Portada\",\"item\":\"https:\\\/\\\/edicionesalfar.es\\\/es\\\/\"},{\"@type\":\"ListItem\",\"position\":2,\"name\":\"Cat\u00e1logo\",\"item\":\"https:\\\/\\\/edicionesalfar.es\\\/es\\\/catalogo\\\/\"},{\"@type\":\"ListItem\",\"position\":3,\"name\":\"La pr\u00e1ctica del Cura sui. Una askesis filos\u00f3fica\"}]},{\"@type\":\"WebSite\",\"@id\":\"https:\\\/\\\/edicionesalfar.es\\\/es\\\/#website\",\"url\":\"https:\\\/\\\/edicionesalfar.es\\\/es\\\/\",\"name\":\"Ediciones Alfar\",\"description\":\"\",\"potentialAction\":[{\"@type\":\"SearchAction\",\"target\":{\"@type\":\"EntryPoint\",\"urlTemplate\":\"https:\\\/\\\/edicionesalfar.es\\\/es\\\/?s={search_term_string}\"},\"query-input\":{\"@type\":\"PropertyValueSpecification\",\"valueRequired\":true,\"valueName\":\"search_term_string\"}}],\"inLanguage\":\"es\"}]}<\/script>\n<!-- \/ Yoast SEO plugin. -->","yoast_head_json":{"title":"La pr\u00e1ctica del Cura sui. Una askesis filos\u00f3fica - Ediciones Alfar","robots":{"index":"index","follow":"follow","max-snippet":"max-snippet:-1","max-image-preview":"max-image-preview:large","max-video-preview":"max-video-preview:-1"},"canonical":"https:\/\/edicionesalfar.es\/es\/producto\/la-practica-del-cura-sui-una-askesis-filosofica\/","og_locale":"es_ES","og_type":"article","og_title":"La pr\u00e1ctica del Cura sui. Una askesis filos\u00f3fica - Ediciones Alfar","og_description":"Askesis filos\u00f3ficas mienta aquel conjunto de pr\u00e1cticas que un individuo realiza para alcanzar cierta methanoia (transformaci\u00f3n). Enmarcadas en la tradici\u00f3n antigua del Cura sui (el cuidado de uno mismo), son una reivindicaci\u00f3n de la filosof\u00eda como camino pr\u00e1ctico de reflexi\u00f3n, actitud, di\u00e1logo y cambio.  &nbsp;  DISPONIBLE EN EBOOK","og_url":"https:\/\/edicionesalfar.es\/es\/producto\/la-practica-del-cura-sui-una-askesis-filosofica\/","og_site_name":"Ediciones Alfar","article_modified_time":"2023-11-07T09:54:52+00:00","og_image":[{"url":"https:\/\/edicionesalfar.es\/es\/wp-content\/uploads\/2019\/05\/Cura-sui-sencilla.jpg","width":1,"height":1,"type":"image\/jpeg"}],"twitter_card":"summary_large_image","twitter_misc":{"Tiempo de lectura":"2 minutos"},"schema":{"@context":"https:\/\/schema.org","@graph":[{"@type":"WebPage","@id":"https:\/\/edicionesalfar.es\/es\/producto\/la-practica-del-cura-sui-una-askesis-filosofica\/","url":"https:\/\/edicionesalfar.es\/es\/producto\/la-practica-del-cura-sui-una-askesis-filosofica\/","name":"La pr\u00e1ctica del Cura sui. Una askesis filos\u00f3fica - Ediciones Alfar","isPartOf":{"@id":"https:\/\/edicionesalfar.es\/es\/#website"},"primaryImageOfPage":{"@id":"https:\/\/edicionesalfar.es\/es\/producto\/la-practica-del-cura-sui-una-askesis-filosofica\/#primaryimage"},"image":{"@id":"https:\/\/edicionesalfar.es\/es\/producto\/la-practica-del-cura-sui-una-askesis-filosofica\/#primaryimage"},"thumbnailUrl":"https:\/\/edicionesalfar.es\/es\/wp-content\/uploads\/2019\/05\/Cura-sui-sencilla.jpg","datePublished":"2019-07-11T05:54:35+00:00","dateModified":"2023-11-07T09:54:52+00:00","breadcrumb":{"@id":"https:\/\/edicionesalfar.es\/es\/producto\/la-practica-del-cura-sui-una-askesis-filosofica\/#breadcrumb"},"inLanguage":"es","potentialAction":[{"@type":"ReadAction","target":["https:\/\/edicionesalfar.es\/es\/producto\/la-practica-del-cura-sui-una-askesis-filosofica\/"]}]},{"@type":"ImageObject","inLanguage":"es","@id":"https:\/\/edicionesalfar.es\/es\/producto\/la-practica-del-cura-sui-una-askesis-filosofica\/#primaryimage","url":"https:\/\/edicionesalfar.es\/es\/wp-content\/uploads\/2019\/05\/Cura-sui-sencilla.jpg","contentUrl":"https:\/\/edicionesalfar.es\/es\/wp-content\/uploads\/2019\/05\/Cura-sui-sencilla.jpg"},{"@type":"BreadcrumbList","@id":"https:\/\/edicionesalfar.es\/es\/producto\/la-practica-del-cura-sui-una-askesis-filosofica\/#breadcrumb","itemListElement":[{"@type":"ListItem","position":1,"name":"Portada","item":"https:\/\/edicionesalfar.es\/es\/"},{"@type":"ListItem","position":2,"name":"Cat\u00e1logo","item":"https:\/\/edicionesalfar.es\/es\/catalogo\/"},{"@type":"ListItem","position":3,"name":"La pr\u00e1ctica del Cura sui. Una askesis filos\u00f3fica"}]},{"@type":"WebSite","@id":"https:\/\/edicionesalfar.es\/es\/#website","url":"https:\/\/edicionesalfar.es\/es\/","name":"Ediciones Alfar","description":"","potentialAction":[{"@type":"SearchAction","target":{"@type":"EntryPoint","urlTemplate":"https:\/\/edicionesalfar.es\/es\/?s={search_term_string}"},"query-input":{"@type":"PropertyValueSpecification","valueRequired":true,"valueName":"search_term_string"}}],"inLanguage":"es"}]}},"_links":{"self":[{"href":"https:\/\/edicionesalfar.es\/es\/wp-json\/wp\/v2\/product\/14346","targetHints":{"allow":["GET"]}}],"collection":[{"href":"https:\/\/edicionesalfar.es\/es\/wp-json\/wp\/v2\/product"}],"about":[{"href":"https:\/\/edicionesalfar.es\/es\/wp-json\/wp\/v2\/types\/product"}],"replies":[{"embeddable":true,"href":"https:\/\/edicionesalfar.es\/es\/wp-json\/wp\/v2\/comments?post=14346"}],"wp:featuredmedia":[{"embeddable":true,"href":"https:\/\/edicionesalfar.es\/es\/wp-json\/wp\/v2\/media\/14347"}],"wp:attachment":[{"href":"https:\/\/edicionesalfar.es\/es\/wp-json\/wp\/v2\/media?parent=14346"}],"wp:term":[{"taxonomy":"product_brand","embeddable":true,"href":"https:\/\/edicionesalfar.es\/es\/wp-json\/wp\/v2\/product_brand?post=14346"},{"taxonomy":"product_cat","embeddable":true,"href":"https:\/\/edicionesalfar.es\/es\/wp-json\/wp\/v2\/product_cat?post=14346"},{"taxonomy":"product_tag","embeddable":true,"href":"https:\/\/edicionesalfar.es\/es\/wp-json\/wp\/v2\/product_tag?post=14346"}],"curies":[{"name":"wp","href":"https:\/\/api.w.org\/{rel}","templated":true}]}}