{"id":14302,"date":"2019-07-11T05:54:13","date_gmt":"2019-07-11T05:54:13","guid":{"rendered":"http:\/\/www.edicionesalfar.es\/web-wordpress\/?post_type=product&#038;p="},"modified":"2023-03-29T10:30:36","modified_gmt":"2023-03-29T08:30:36","slug":"los-establecimientos-beneficos-mas-relevantes-de-sevilla-hasta-1849","status":"publish","type":"product","link":"https:\/\/edicionesalfar.es\/es\/producto\/los-establecimientos-beneficos-mas-relevantes-de-sevilla-hasta-1849\/","title":{"rendered":"LOS ESTABLECIMIENTOS BEN\u00c9FICOS M\u00c1S RELEVANTES DE SEVILLA HASTA 1849."},"content":{"rendered":"<p>LOS ESTABLECIMIENTOS BEN\u00c9FICOS M\u00c1S RELEVANTES DE SEVILLA HASTA 1849.<\/p>\n","protected":false},"excerpt":{"rendered":"<p><span style=\"font-size: 10pt;\"><span style=\"font-family: georgia,palatino;\">Historia de los establecimientos ben\u00e9ficos de Sevilla hasta 1849, prestando una especial atenci\u00f3n en la fundaci\u00f3n y fundadores, edificios que albergaron y los asuntos de administraci\u00f3n y gobierno.<\/span><\/span><\/p>\n<p>&nbsp;<\/p>\n<p><a href=\"http:\/\/www.todoebook.com\/LOS-ESTABLECIMIENTOS-BENEFICOS-MAS-RELEVANTES-DE-SEVILLA-HASTA-1849-M-DEL-CARMEN-GIMENEZ-MUNOZ-EDICIONES-ALFAR-SA-ebook-9788478983407.html\" target=\"_blank\" rel=\"noopener\"><span style=\"font-family: 'Book Antiqua', 'Times New Roman', Times;\"><span lang=\"ES\"><span style=\"font-size: x-small;\"><img decoding=\"async\" style=\"padding: 0px; margin: 0px; border: initial none initial;\" src=\"..\/logo-todoebook.gif\" alt=\"\" \/><\/span><\/span><\/span><span style=\"font-size: 10pt;\">D<\/span>ISPONIBLE EN TODOEBOOK<\/a><\/p>\n<p><a href=\"http:\/\/www.biblioandalucia.com\/LIBRO-LOS-ESTABLECIMIENTOS-BENEFICOS-MAS-RELEVANTES-DE-SEVILLA-HASTA-1849-M_-DEL-CARMEN-GIMENEZ-MUNOZ_9788478983407.html\" target=\"_blank\" rel=\"noopener\"><img decoding=\"async\" src=\"..\/biblioandalucia.gif\" alt=\"\" width=\"100\" \/> <\/a><a href=\"http:\/\/www.biblioandalucia.com\/LIBRO-LOS-ESTABLECIMIENTOS-BENEFICOS-MAS-RELEVANTES-DE-SEVILLA-HASTA-1849-M_-DEL-CARMEN-GIMENEZ-MUNOZ_9788478983407.html\" target=\"_blank\" rel=\"noopener\">D<\/a><a href=\"http:\/\/www.biblioandalucia.com\/LIBRO-LOS-ESTABLECIMIENTOS-BENEFICOS-MAS-RELEVANTES-DE-SEVILLA-HASTA-1849-M_-DEL-CARMEN-GIMENEZ-MUNOZ_9788478983407.html\" target=\"_blank\" rel=\"noopener\">ISPONIBLE EN BIBLIOANDALUCIA<\/a><\/p>\n<p>&nbsp;<\/p>\n<p>&nbsp;<\/p>\n<p><a href=\"http:\/\/www.casadellibro.com\/libro-los-establecimientos-beneficos-mas-relevantes-de-sevilla-hasta-18-49\/1192230\/2900001245247\" target=\"_blank\" rel=\"noopener\"><span style=\"font-size: 8pt;\"><strong><strong><img decoding=\"async\" style=\"margin: 5px; float: left;\" src=\"..\/logo.gif\" alt=\"\" width=\"171\" height=\"25\" \/><\/strong><\/strong> <\/span><\/a><\/p>\n<p><a href=\"http:\/\/www.casadellibro.com\/libro-los-establecimientos-beneficos-mas-relevantes-de-sevilla-hasta-18-49\/1192230\/2900001245247\" target=\"_blank\" rel=\"noopener\"><span style=\"font-size: 8pt;\"> <span style=\"color: #3366ff;\">DISPONIBLE EN CASADELLIBRO<\/span><\/span><\/a><\/p>\n<p>&nbsp;<\/p>\n<p>&nbsp;<\/p>\n<p><span style=\"font-size: 8pt;\"><a href=\"http:\/\/gandhi.todoebook.com\/LOS-ESTABLECIMIENTOS-BENEFICOS-MAS-RELEVANTES-DE-SEVILLA-HASTA-1849-ebooks-9788478983407.html\" target=\"_blank\" rel=\"noopener\"><img decoding=\"async\" src=\"..\/gandhi-esfuerzan.jpg\" alt=\"\" width=\"135\" height=\"37\" \/> <span style=\"color: #3366ff;\">DISPONIBLE EN GANDHI<\/span><\/a> <\/span><\/p>\n<p>&nbsp;<\/p>\n<p><a href=\"http:\/\/ebooks.elcorteingles.es\/LOS-ESTABLECIMIENTOS-BENEFICOS-MAS-RELEVANTES-DE-SEVILLA-HASTA-1849-LibroEbook-9788478983407.html\" target=\"_blank\" rel=\"noopener\"><strong><strong><img decoding=\"async\" src=\"..\/elcorteingles.jpg\" alt=\"\" width=\"126\" height=\"69\" \/> <\/strong><\/strong><span style=\"font-size: 8pt;\"> <span style=\"color: #3366ff;\">DISPONIBLE EN EL CORTE INGLES<\/span><\/span><\/a><\/p>\n<p>&nbsp;<\/p>\n<p><a style=\"color: #0358a8; text-decoration: none;\" href=\"http:\/\/digital.casalini.it\/9788478983407\" target=\"_blank\" rel=\"noopener\"><img decoding=\"async\" style=\"padding: 0px; margin: 0px; border: initial none initial;\" src=\"http:\/\/www.edicionesalfar.es\/logo_casalini.JPG\" alt=\"\" width=\"200\" \/> DISPONIBLE EN CASALINI (EBOOK + CAP\u00cdTULOS<\/a>)<\/p>\n<p><a href=\"http:\/\/www.futurbook.com\/ficha\/ficha.asp?ID_LIBRO=237\" target=\"_blank\" rel=\"noopener\"><img decoding=\"async\" style=\"padding: 0px; margin: 0px; border: initial none initial;\" src=\"..\/logo_Naranja_small.jpg\" alt=\"\" width=\"150\" \/><\/a><span style=\"font-size: 8pt;\"><span style=\"color: #3366ff;\"><a href=\"http:\/\/www.futurbook.com\/ficha\/ficha.asp?ID_LIBRO=237\" target=\"_blank\" rel=\"noopener\">DISPONIBLE EN\u00a0FUTURBOOK.COM<\/a><\/span><\/span><\/p>\n","protected":false},"featured_media":14303,"comment_status":"open","ping_status":"closed","template":"","meta":{"_acf_changed":false,"_et_pb_use_builder":"","_et_pb_old_content":"","_et_gb_content_width":""},"product_brand":[],"product_cat":[376,38,595],"product_tag":[],"class_list":{"0":"post-14302","1":"product","2":"type-product","3":"status-publish","4":"has-post-thumbnail","6":"product_cat-autores","7":"product_cat-cuadernos-meridionales","8":"product_cat-gimenez-munos-maria-del-carmen","10":"first","11":"instock","12":"taxable","13":"shipping-taxable","14":"purchasable","15":"product-type-simple"},"acf":[],"yoast_head":"<!-- This site is optimized with the Yoast SEO plugin v27.4 - https:\/\/yoast.com\/product\/yoast-seo-wordpress\/ -->\n<title>LOS ESTABLECIMIENTOS BEN\u00c9FICOS M\u00c1S RELEVANTES DE SEVILLA HASTA 1849. - Ediciones Alfar<\/title>\n<meta name=\"robots\" content=\"index, follow, max-snippet:-1, max-image-preview:large, max-video-preview:-1\" \/>\n<link rel=\"canonical\" href=\"https:\/\/edicionesalfar.es\/es\/producto\/los-establecimientos-beneficos-mas-relevantes-de-sevilla-hasta-1849\/\" \/>\n<meta property=\"og:locale\" content=\"es_ES\" \/>\n<meta property=\"og:type\" content=\"article\" \/>\n<meta property=\"og:title\" content=\"LOS ESTABLECIMIENTOS BEN\u00c9FICOS M\u00c1S RELEVANTES DE SEVILLA HASTA 1849. - Ediciones Alfar\" \/>\n<meta property=\"og:description\" content=\"Historia de los establecimientos ben\u00e9ficos de Sevilla hasta 1849, prestando una especial atenci\u00f3n en la fundaci\u00f3n y fundadores, edificios que albergaron y los asuntos de administraci\u00f3n y gobierno.  &nbsp;  DISPONIBLE EN TODOEBOOK   DISPONIBLE EN BIBLIOANDALUCIA  &nbsp;  &nbsp;     DISPONIBLE EN CASADELLIBRO  &nbsp;  &nbsp;   DISPONIBLE EN GANDHI   &nbsp;   DISPONIBLE EN EL CORTE INGLES  &nbsp;   DISPONIBLE EN CASALINI (EBOOK + CAP\u00cdTULOS)  DISPONIBLE EN\u00a0FUTURBOOK.COM\" \/>\n<meta property=\"og:url\" content=\"https:\/\/edicionesalfar.es\/es\/producto\/los-establecimientos-beneficos-mas-relevantes-de-sevilla-hasta-1849\/\" \/>\n<meta property=\"og:site_name\" content=\"Ediciones Alfar\" \/>\n<meta property=\"article:modified_time\" content=\"2023-03-29T08:30:36+00:00\" \/>\n<meta property=\"og:image\" content=\"https:\/\/edicionesalfar.es\/es\/wp-content\/uploads\/2019\/05\/web\/tienda_online\/img\/p\/1189-743-thickbox.jpg\" \/>\n\t<meta property=\"og:image:width\" content=\"1\" \/>\n\t<meta property=\"og:image:height\" content=\"1\" \/>\n\t<meta property=\"og:image:type\" content=\"image\/jpeg\" \/>\n<meta name=\"twitter:card\" content=\"summary_large_image\" \/>\n<meta name=\"twitter:label1\" content=\"Tiempo de lectura\" \/>\n\t<meta name=\"twitter:data1\" content=\"1 minuto\" \/>\n<script type=\"application\/ld+json\" class=\"yoast-schema-graph\">{\"@context\":\"https:\\\/\\\/schema.org\",\"@graph\":[{\"@type\":\"WebPage\",\"@id\":\"https:\\\/\\\/edicionesalfar.es\\\/es\\\/producto\\\/los-establecimientos-beneficos-mas-relevantes-de-sevilla-hasta-1849\\\/\",\"url\":\"https:\\\/\\\/edicionesalfar.es\\\/es\\\/producto\\\/los-establecimientos-beneficos-mas-relevantes-de-sevilla-hasta-1849\\\/\",\"name\":\"LOS ESTABLECIMIENTOS BEN\u00c9FICOS M\u00c1S RELEVANTES DE SEVILLA HASTA 1849. - Ediciones Alfar\",\"isPartOf\":{\"@id\":\"https:\\\/\\\/edicionesalfar.es\\\/es\\\/#website\"},\"primaryImageOfPage\":{\"@id\":\"https:\\\/\\\/edicionesalfar.es\\\/es\\\/producto\\\/los-establecimientos-beneficos-mas-relevantes-de-sevilla-hasta-1849\\\/#primaryimage\"},\"image\":{\"@id\":\"https:\\\/\\\/edicionesalfar.es\\\/es\\\/producto\\\/los-establecimientos-beneficos-mas-relevantes-de-sevilla-hasta-1849\\\/#primaryimage\"},\"thumbnailUrl\":\"https:\\\/\\\/edicionesalfar.es\\\/es\\\/wp-content\\\/uploads\\\/2019\\\/05\\\/web\\\/tienda_online\\\/img\\\/p\\\/1189-743-thickbox.jpg\",\"datePublished\":\"2019-07-11T05:54:13+00:00\",\"dateModified\":\"2023-03-29T08:30:36+00:00\",\"breadcrumb\":{\"@id\":\"https:\\\/\\\/edicionesalfar.es\\\/es\\\/producto\\\/los-establecimientos-beneficos-mas-relevantes-de-sevilla-hasta-1849\\\/#breadcrumb\"},\"inLanguage\":\"es\",\"potentialAction\":[{\"@type\":\"ReadAction\",\"target\":[\"https:\\\/\\\/edicionesalfar.es\\\/es\\\/producto\\\/los-establecimientos-beneficos-mas-relevantes-de-sevilla-hasta-1849\\\/\"]}]},{\"@type\":\"ImageObject\",\"inLanguage\":\"es\",\"@id\":\"https:\\\/\\\/edicionesalfar.es\\\/es\\\/producto\\\/los-establecimientos-beneficos-mas-relevantes-de-sevilla-hasta-1849\\\/#primaryimage\",\"url\":\"https:\\\/\\\/edicionesalfar.es\\\/es\\\/wp-content\\\/uploads\\\/2019\\\/05\\\/web\\\/tienda_online\\\/img\\\/p\\\/1189-743-thickbox.jpg\",\"contentUrl\":\"https:\\\/\\\/edicionesalfar.es\\\/es\\\/wp-content\\\/uploads\\\/2019\\\/05\\\/web\\\/tienda_online\\\/img\\\/p\\\/1189-743-thickbox.jpg\"},{\"@type\":\"BreadcrumbList\",\"@id\":\"https:\\\/\\\/edicionesalfar.es\\\/es\\\/producto\\\/los-establecimientos-beneficos-mas-relevantes-de-sevilla-hasta-1849\\\/#breadcrumb\",\"itemListElement\":[{\"@type\":\"ListItem\",\"position\":1,\"name\":\"Portada\",\"item\":\"https:\\\/\\\/edicionesalfar.es\\\/es\\\/\"},{\"@type\":\"ListItem\",\"position\":2,\"name\":\"Cat\u00e1logo\",\"item\":\"https:\\\/\\\/edicionesalfar.es\\\/es\\\/catalogo\\\/\"},{\"@type\":\"ListItem\",\"position\":3,\"name\":\"LOS ESTABLECIMIENTOS BEN\u00c9FICOS M\u00c1S RELEVANTES DE SEVILLA HASTA 1849.\"}]},{\"@type\":\"WebSite\",\"@id\":\"https:\\\/\\\/edicionesalfar.es\\\/es\\\/#website\",\"url\":\"https:\\\/\\\/edicionesalfar.es\\\/es\\\/\",\"name\":\"Ediciones Alfar\",\"description\":\"\",\"potentialAction\":[{\"@type\":\"SearchAction\",\"target\":{\"@type\":\"EntryPoint\",\"urlTemplate\":\"https:\\\/\\\/edicionesalfar.es\\\/es\\\/?s={search_term_string}\"},\"query-input\":{\"@type\":\"PropertyValueSpecification\",\"valueRequired\":true,\"valueName\":\"search_term_string\"}}],\"inLanguage\":\"es\"}]}<\/script>\n<!-- \/ Yoast SEO plugin. -->","yoast_head_json":{"title":"LOS ESTABLECIMIENTOS BEN\u00c9FICOS M\u00c1S RELEVANTES DE SEVILLA HASTA 1849. - Ediciones Alfar","robots":{"index":"index","follow":"follow","max-snippet":"max-snippet:-1","max-image-preview":"max-image-preview:large","max-video-preview":"max-video-preview:-1"},"canonical":"https:\/\/edicionesalfar.es\/es\/producto\/los-establecimientos-beneficos-mas-relevantes-de-sevilla-hasta-1849\/","og_locale":"es_ES","og_type":"article","og_title":"LOS ESTABLECIMIENTOS BEN\u00c9FICOS M\u00c1S RELEVANTES DE SEVILLA HASTA 1849. - Ediciones Alfar","og_description":"Historia de los establecimientos ben\u00e9ficos de Sevilla hasta 1849, prestando una especial atenci\u00f3n en la fundaci\u00f3n y fundadores, edificios que albergaron y los asuntos de administraci\u00f3n y gobierno.  &nbsp;  DISPONIBLE EN TODOEBOOK   DISPONIBLE EN BIBLIOANDALUCIA  &nbsp;  &nbsp;     DISPONIBLE EN CASADELLIBRO  &nbsp;  &nbsp;   DISPONIBLE EN GANDHI   &nbsp;   DISPONIBLE EN EL CORTE INGLES  &nbsp;   DISPONIBLE EN CASALINI (EBOOK + CAP\u00cdTULOS)  DISPONIBLE EN\u00a0FUTURBOOK.COM","og_url":"https:\/\/edicionesalfar.es\/es\/producto\/los-establecimientos-beneficos-mas-relevantes-de-sevilla-hasta-1849\/","og_site_name":"Ediciones Alfar","article_modified_time":"2023-03-29T08:30:36+00:00","og_image":[{"url":"https:\/\/edicionesalfar.es\/es\/wp-content\/uploads\/2019\/05\/web\/tienda_online\/img\/p\/1189-743-thickbox.jpg","width":1,"height":1,"type":"image\/jpeg"}],"twitter_card":"summary_large_image","twitter_misc":{"Tiempo de lectura":"1 minuto"},"schema":{"@context":"https:\/\/schema.org","@graph":[{"@type":"WebPage","@id":"https:\/\/edicionesalfar.es\/es\/producto\/los-establecimientos-beneficos-mas-relevantes-de-sevilla-hasta-1849\/","url":"https:\/\/edicionesalfar.es\/es\/producto\/los-establecimientos-beneficos-mas-relevantes-de-sevilla-hasta-1849\/","name":"LOS ESTABLECIMIENTOS BEN\u00c9FICOS M\u00c1S RELEVANTES DE SEVILLA HASTA 1849. - Ediciones Alfar","isPartOf":{"@id":"https:\/\/edicionesalfar.es\/es\/#website"},"primaryImageOfPage":{"@id":"https:\/\/edicionesalfar.es\/es\/producto\/los-establecimientos-beneficos-mas-relevantes-de-sevilla-hasta-1849\/#primaryimage"},"image":{"@id":"https:\/\/edicionesalfar.es\/es\/producto\/los-establecimientos-beneficos-mas-relevantes-de-sevilla-hasta-1849\/#primaryimage"},"thumbnailUrl":"https:\/\/edicionesalfar.es\/es\/wp-content\/uploads\/2019\/05\/web\/tienda_online\/img\/p\/1189-743-thickbox.jpg","datePublished":"2019-07-11T05:54:13+00:00","dateModified":"2023-03-29T08:30:36+00:00","breadcrumb":{"@id":"https:\/\/edicionesalfar.es\/es\/producto\/los-establecimientos-beneficos-mas-relevantes-de-sevilla-hasta-1849\/#breadcrumb"},"inLanguage":"es","potentialAction":[{"@type":"ReadAction","target":["https:\/\/edicionesalfar.es\/es\/producto\/los-establecimientos-beneficos-mas-relevantes-de-sevilla-hasta-1849\/"]}]},{"@type":"ImageObject","inLanguage":"es","@id":"https:\/\/edicionesalfar.es\/es\/producto\/los-establecimientos-beneficos-mas-relevantes-de-sevilla-hasta-1849\/#primaryimage","url":"https:\/\/edicionesalfar.es\/es\/wp-content\/uploads\/2019\/05\/web\/tienda_online\/img\/p\/1189-743-thickbox.jpg","contentUrl":"https:\/\/edicionesalfar.es\/es\/wp-content\/uploads\/2019\/05\/web\/tienda_online\/img\/p\/1189-743-thickbox.jpg"},{"@type":"BreadcrumbList","@id":"https:\/\/edicionesalfar.es\/es\/producto\/los-establecimientos-beneficos-mas-relevantes-de-sevilla-hasta-1849\/#breadcrumb","itemListElement":[{"@type":"ListItem","position":1,"name":"Portada","item":"https:\/\/edicionesalfar.es\/es\/"},{"@type":"ListItem","position":2,"name":"Cat\u00e1logo","item":"https:\/\/edicionesalfar.es\/es\/catalogo\/"},{"@type":"ListItem","position":3,"name":"LOS ESTABLECIMIENTOS BEN\u00c9FICOS M\u00c1S RELEVANTES DE SEVILLA HASTA 1849."}]},{"@type":"WebSite","@id":"https:\/\/edicionesalfar.es\/es\/#website","url":"https:\/\/edicionesalfar.es\/es\/","name":"Ediciones Alfar","description":"","potentialAction":[{"@type":"SearchAction","target":{"@type":"EntryPoint","urlTemplate":"https:\/\/edicionesalfar.es\/es\/?s={search_term_string}"},"query-input":{"@type":"PropertyValueSpecification","valueRequired":true,"valueName":"search_term_string"}}],"inLanguage":"es"}]}},"_links":{"self":[{"href":"https:\/\/edicionesalfar.es\/es\/wp-json\/wp\/v2\/product\/14302","targetHints":{"allow":["GET"]}}],"collection":[{"href":"https:\/\/edicionesalfar.es\/es\/wp-json\/wp\/v2\/product"}],"about":[{"href":"https:\/\/edicionesalfar.es\/es\/wp-json\/wp\/v2\/types\/product"}],"replies":[{"embeddable":true,"href":"https:\/\/edicionesalfar.es\/es\/wp-json\/wp\/v2\/comments?post=14302"}],"wp:featuredmedia":[{"embeddable":true,"href":"https:\/\/edicionesalfar.es\/es\/wp-json\/wp\/v2\/media\/14303"}],"wp:attachment":[{"href":"https:\/\/edicionesalfar.es\/es\/wp-json\/wp\/v2\/media?parent=14302"}],"wp:term":[{"taxonomy":"product_brand","embeddable":true,"href":"https:\/\/edicionesalfar.es\/es\/wp-json\/wp\/v2\/product_brand?post=14302"},{"taxonomy":"product_cat","embeddable":true,"href":"https:\/\/edicionesalfar.es\/es\/wp-json\/wp\/v2\/product_cat?post=14302"},{"taxonomy":"product_tag","embeddable":true,"href":"https:\/\/edicionesalfar.es\/es\/wp-json\/wp\/v2\/product_tag?post=14302"}],"curies":[{"name":"wp","href":"https:\/\/api.w.org\/{rel}","templated":true}]}}