{"id":14274,"date":"2019-07-11T05:53:58","date_gmt":"2019-07-11T05:53:58","guid":{"rendered":"http:\/\/www.edicionesalfar.es\/web-wordpress\/?post_type=product\\&#037;p="},"modified":"-0001-11-30T00:00:00","modified_gmt":"-0001-11-29T22:00:00","slug":"comunicacion-la-ciencia-y-lo-sensible","status":"publish","type":"product","link":"https:\/\/edicionesalfar.es\/es\/producto\/comunicacion-la-ciencia-y-lo-sensible\/","title":{"rendered":"Comunicaci\u00f3n: la ciencia y lo sensible"},"content":{"rendered":"<p>\u00a0<\/p>\n<p>CONTENIDO:Muniz Sodr\u00e9 de Ara\u00fajo Cabral, nacido el 12 de enero de 1942 en S\u00e3o Gon\u00e7alo dos Campos, Bahia, Brasil, es lo que podr\u00eda llamarse un pensador brasile\u00f1o genuino. Profesor e investigador universitario, consultor de organismos nacionales e internacionales en materia de comunicaci\u00f3n y cultura, soci\u00f3logo, fil\u00f3sofo, periodista y directivo de televisi\u00f3n, y autor de m\u00e1s de treinta libros de car\u00e1cter cient\u00edfico, filos\u00f3fico, literario, period\u00edstico y, tambi\u00e9n, cultural, educativo, social y pol\u00edtico; entre otros: Reinventando la Cultura (publicado en Espa\u00f1a en 1998), Claros e oscuros (1999), Antropol\u00f3gica do espelho (2002), As estrat\u00e9gias sens\u00edveis: afeto, m\u00eddia e pol\u00edtica (2006) o Reinventando a educa\u00e7ao (2012). Su obra es fruto de su experiencia acad\u00e9mica y del aprendizaje adquirido con maestros de la sabidur\u00eda y de la cultura popular brasile\u00f1a. Ocup\u00f3, entre 2005 y 2011, la presidencia de la Funda\u00e7ao Biblioteca Nacional do Brasil y actualmente es profesor em\u00e9rito de la Universidad Federal do Rio de Janeiro -UFRJ- Escola de Comunica\u00e7\u00e3o. Ha sido un asiduo colaborador del Departamento de Periodismo I de la Universidad de Sevilla, especialmente en diversas ediciones de sus programas de doctorado y como miembro del consejo internacional de la revista I\/C.<br \/>\nEste volumen es, precisamente, una aportaci\u00f3n del Departamento de Periodismo I de la Universidad de Sevilla a la celebraci\u00f3n del homenaje que, a la figura y obra de Muniz Sodr\u00e9, ha organizado\u00a0 el mundo acad\u00e9mico y cultural brasile\u00f1o a lo largo de 2012.<br \/>\n\u00cdNDICE:<br \/>\nPr\u00f3logo<br \/>\nCap\u00edtulo 1. Un saber redescriptivo<br \/>\nCap\u00edtulo 2. Lo emotivo y lo indicial en los medios<br \/>\nCap\u00edtulo 3. La regencia de la alegr\u00eda<br \/>\nPostscriptum. Muniz Sodr\u00e9, el conocimiento y la comunicaci\u00f3n<\/p>\n<p>\u00a0<\/p>\n<p>\u00a0<\/p>\n","protected":false},"excerpt":{"rendered":"<p><span style=\"color: #333333; font-size: 13px; line-height: 20px;\">Traducci\u00f3n de la obra del prestigioso profesor brasile\u00f1o Muniz Sodr\u00e9 en el que desgrana la situaci\u00f3n del mundo comunicacional y de la sociedad en estos momentos.<\/span><\/p>\n","protected":false},"featured_media":14275,"comment_status":"open","ping_status":"open","template":"","meta":{"_acf_changed":false,"_et_pb_use_builder":"","_et_pb_old_content":"","_et_gb_content_width":""},"product_brand":[],"product_cat":[37],"product_tag":[],"class_list":{"0":"post-14274","1":"product","2":"type-product","3":"status-publish","4":"has-post-thumbnail","6":"product_cat-cuadernos-comunicacion","8":"first","9":"instock","10":"taxable","11":"shipping-taxable","12":"purchasable","13":"product-type-simple"},"acf":[],"yoast_head":"<!-- This site is optimized with the Yoast SEO plugin v27.6 - https:\/\/yoast.com\/product\/yoast-seo-wordpress\/ -->\n<title>Comunicaci\u00f3n: la ciencia y lo sensible - Ediciones Alfar<\/title>\n<meta name=\"robots\" content=\"index, follow, max-snippet:-1, max-image-preview:large, max-video-preview:-1\" \/>\n<link rel=\"canonical\" href=\"https:\/\/edicionesalfar.es\/es\/producto\/comunicacion-la-ciencia-y-lo-sensible\/\" \/>\n<meta property=\"og:locale\" content=\"es_ES\" \/>\n<meta property=\"og:type\" content=\"article\" \/>\n<meta property=\"og:title\" content=\"Comunicaci\u00f3n: la ciencia y lo sensible - Ediciones Alfar\" \/>\n<meta property=\"og:description\" content=\"Traducci\u00f3n de la obra del prestigioso profesor brasile\u00f1o Muniz Sodr\u00e9 en el que desgrana la situaci\u00f3n del mundo comunicacional y de la sociedad en estos momentos.\" \/>\n<meta property=\"og:url\" content=\"https:\/\/edicionesalfar.es\/es\/producto\/comunicacion-la-ciencia-y-lo-sensible\/\" \/>\n<meta property=\"og:site_name\" content=\"Ediciones Alfar\" \/>\n<meta property=\"og:image\" content=\"https:\/\/edicionesalfar.es\/es\/wp-content\/uploads\/2019\/05\/9788478984602_comunicacion.jpg\" \/>\n\t<meta property=\"og:image:width\" content=\"1\" \/>\n\t<meta property=\"og:image:height\" content=\"1\" \/>\n\t<meta property=\"og:image:type\" content=\"image\/jpeg\" \/>\n<meta name=\"twitter:card\" content=\"summary_large_image\" \/>\n<meta name=\"twitter:label1\" content=\"Tiempo de lectura\" \/>\n\t<meta name=\"twitter:data1\" content=\"1 minuto\" \/>\n<script type=\"application\/ld+json\" class=\"yoast-schema-graph\">{\"@context\":\"https:\\\/\\\/schema.org\",\"@graph\":[{\"@type\":\"WebPage\",\"@id\":\"https:\\\/\\\/edicionesalfar.es\\\/es\\\/producto\\\/comunicacion-la-ciencia-y-lo-sensible\\\/\",\"url\":\"https:\\\/\\\/edicionesalfar.es\\\/es\\\/producto\\\/comunicacion-la-ciencia-y-lo-sensible\\\/\",\"name\":\"Comunicaci\u00f3n: la ciencia y lo sensible - Ediciones Alfar\",\"isPartOf\":{\"@id\":\"https:\\\/\\\/edicionesalfar.es\\\/es\\\/#website\"},\"primaryImageOfPage\":{\"@id\":\"https:\\\/\\\/edicionesalfar.es\\\/es\\\/producto\\\/comunicacion-la-ciencia-y-lo-sensible\\\/#primaryimage\"},\"image\":{\"@id\":\"https:\\\/\\\/edicionesalfar.es\\\/es\\\/producto\\\/comunicacion-la-ciencia-y-lo-sensible\\\/#primaryimage\"},\"thumbnailUrl\":\"https:\\\/\\\/edicionesalfar.es\\\/es\\\/wp-content\\\/uploads\\\/2019\\\/05\\\/9788478984602_comunicacion.jpg\",\"datePublished\":\"2019-07-11T05:53:58+00:00\",\"breadcrumb\":{\"@id\":\"https:\\\/\\\/edicionesalfar.es\\\/es\\\/producto\\\/comunicacion-la-ciencia-y-lo-sensible\\\/#breadcrumb\"},\"inLanguage\":\"es\",\"potentialAction\":[{\"@type\":\"ReadAction\",\"target\":[\"https:\\\/\\\/edicionesalfar.es\\\/es\\\/producto\\\/comunicacion-la-ciencia-y-lo-sensible\\\/\"]}]},{\"@type\":\"ImageObject\",\"inLanguage\":\"es\",\"@id\":\"https:\\\/\\\/edicionesalfar.es\\\/es\\\/producto\\\/comunicacion-la-ciencia-y-lo-sensible\\\/#primaryimage\",\"url\":\"https:\\\/\\\/edicionesalfar.es\\\/es\\\/wp-content\\\/uploads\\\/2019\\\/05\\\/9788478984602_comunicacion.jpg\",\"contentUrl\":\"https:\\\/\\\/edicionesalfar.es\\\/es\\\/wp-content\\\/uploads\\\/2019\\\/05\\\/9788478984602_comunicacion.jpg\"},{\"@type\":\"BreadcrumbList\",\"@id\":\"https:\\\/\\\/edicionesalfar.es\\\/es\\\/producto\\\/comunicacion-la-ciencia-y-lo-sensible\\\/#breadcrumb\",\"itemListElement\":[{\"@type\":\"ListItem\",\"position\":1,\"name\":\"Portada\",\"item\":\"https:\\\/\\\/edicionesalfar.es\\\/es\\\/\"},{\"@type\":\"ListItem\",\"position\":2,\"name\":\"Cat\u00e1logo\",\"item\":\"https:\\\/\\\/edicionesalfar.es\\\/es\\\/catalogo\\\/\"},{\"@type\":\"ListItem\",\"position\":3,\"name\":\"Comunicaci\u00f3n: la ciencia y lo sensible\"}]},{\"@type\":\"WebSite\",\"@id\":\"https:\\\/\\\/edicionesalfar.es\\\/es\\\/#website\",\"url\":\"https:\\\/\\\/edicionesalfar.es\\\/es\\\/\",\"name\":\"Ediciones Alfar\",\"description\":\"\",\"potentialAction\":[{\"@type\":\"SearchAction\",\"target\":{\"@type\":\"EntryPoint\",\"urlTemplate\":\"https:\\\/\\\/edicionesalfar.es\\\/es\\\/?s={search_term_string}\"},\"query-input\":{\"@type\":\"PropertyValueSpecification\",\"valueRequired\":true,\"valueName\":\"search_term_string\"}}],\"inLanguage\":\"es\"}]}<\/script>\n<!-- \/ Yoast SEO plugin. -->","yoast_head_json":{"title":"Comunicaci\u00f3n: la ciencia y lo sensible - Ediciones Alfar","robots":{"index":"index","follow":"follow","max-snippet":"max-snippet:-1","max-image-preview":"max-image-preview:large","max-video-preview":"max-video-preview:-1"},"canonical":"https:\/\/edicionesalfar.es\/es\/producto\/comunicacion-la-ciencia-y-lo-sensible\/","og_locale":"es_ES","og_type":"article","og_title":"Comunicaci\u00f3n: la ciencia y lo sensible - Ediciones Alfar","og_description":"Traducci\u00f3n de la obra del prestigioso profesor brasile\u00f1o Muniz Sodr\u00e9 en el que desgrana la situaci\u00f3n del mundo comunicacional y de la sociedad en estos momentos.","og_url":"https:\/\/edicionesalfar.es\/es\/producto\/comunicacion-la-ciencia-y-lo-sensible\/","og_site_name":"Ediciones Alfar","og_image":[{"url":"https:\/\/edicionesalfar.es\/es\/wp-content\/uploads\/2019\/05\/9788478984602_comunicacion.jpg","width":1,"height":1,"type":"image\/jpeg"}],"twitter_card":"summary_large_image","twitter_misc":{"Tiempo de lectura":"1 minuto"},"schema":{"@context":"https:\/\/schema.org","@graph":[{"@type":"WebPage","@id":"https:\/\/edicionesalfar.es\/es\/producto\/comunicacion-la-ciencia-y-lo-sensible\/","url":"https:\/\/edicionesalfar.es\/es\/producto\/comunicacion-la-ciencia-y-lo-sensible\/","name":"Comunicaci\u00f3n: la ciencia y lo sensible - Ediciones Alfar","isPartOf":{"@id":"https:\/\/edicionesalfar.es\/es\/#website"},"primaryImageOfPage":{"@id":"https:\/\/edicionesalfar.es\/es\/producto\/comunicacion-la-ciencia-y-lo-sensible\/#primaryimage"},"image":{"@id":"https:\/\/edicionesalfar.es\/es\/producto\/comunicacion-la-ciencia-y-lo-sensible\/#primaryimage"},"thumbnailUrl":"https:\/\/edicionesalfar.es\/es\/wp-content\/uploads\/2019\/05\/9788478984602_comunicacion.jpg","datePublished":"2019-07-11T05:53:58+00:00","breadcrumb":{"@id":"https:\/\/edicionesalfar.es\/es\/producto\/comunicacion-la-ciencia-y-lo-sensible\/#breadcrumb"},"inLanguage":"es","potentialAction":[{"@type":"ReadAction","target":["https:\/\/edicionesalfar.es\/es\/producto\/comunicacion-la-ciencia-y-lo-sensible\/"]}]},{"@type":"ImageObject","inLanguage":"es","@id":"https:\/\/edicionesalfar.es\/es\/producto\/comunicacion-la-ciencia-y-lo-sensible\/#primaryimage","url":"https:\/\/edicionesalfar.es\/es\/wp-content\/uploads\/2019\/05\/9788478984602_comunicacion.jpg","contentUrl":"https:\/\/edicionesalfar.es\/es\/wp-content\/uploads\/2019\/05\/9788478984602_comunicacion.jpg"},{"@type":"BreadcrumbList","@id":"https:\/\/edicionesalfar.es\/es\/producto\/comunicacion-la-ciencia-y-lo-sensible\/#breadcrumb","itemListElement":[{"@type":"ListItem","position":1,"name":"Portada","item":"https:\/\/edicionesalfar.es\/es\/"},{"@type":"ListItem","position":2,"name":"Cat\u00e1logo","item":"https:\/\/edicionesalfar.es\/es\/catalogo\/"},{"@type":"ListItem","position":3,"name":"Comunicaci\u00f3n: la ciencia y lo sensible"}]},{"@type":"WebSite","@id":"https:\/\/edicionesalfar.es\/es\/#website","url":"https:\/\/edicionesalfar.es\/es\/","name":"Ediciones Alfar","description":"","potentialAction":[{"@type":"SearchAction","target":{"@type":"EntryPoint","urlTemplate":"https:\/\/edicionesalfar.es\/es\/?s={search_term_string}"},"query-input":{"@type":"PropertyValueSpecification","valueRequired":true,"valueName":"search_term_string"}}],"inLanguage":"es"}]}},"_links":{"self":[{"href":"https:\/\/edicionesalfar.es\/es\/wp-json\/wp\/v2\/product\/14274","targetHints":{"allow":["GET"]}}],"collection":[{"href":"https:\/\/edicionesalfar.es\/es\/wp-json\/wp\/v2\/product"}],"about":[{"href":"https:\/\/edicionesalfar.es\/es\/wp-json\/wp\/v2\/types\/product"}],"replies":[{"embeddable":true,"href":"https:\/\/edicionesalfar.es\/es\/wp-json\/wp\/v2\/comments?post=14274"}],"wp:featuredmedia":[{"embeddable":true,"href":"https:\/\/edicionesalfar.es\/es\/wp-json\/wp\/v2\/media\/14275"}],"wp:attachment":[{"href":"https:\/\/edicionesalfar.es\/es\/wp-json\/wp\/v2\/media?parent=14274"}],"wp:term":[{"taxonomy":"product_brand","embeddable":true,"href":"https:\/\/edicionesalfar.es\/es\/wp-json\/wp\/v2\/product_brand?post=14274"},{"taxonomy":"product_cat","embeddable":true,"href":"https:\/\/edicionesalfar.es\/es\/wp-json\/wp\/v2\/product_cat?post=14274"},{"taxonomy":"product_tag","embeddable":true,"href":"https:\/\/edicionesalfar.es\/es\/wp-json\/wp\/v2\/product_tag?post=14274"}],"curies":[{"name":"wp","href":"https:\/\/api.w.org\/{rel}","templated":true}]}}