{"id":14254,"date":"2019-07-11T05:53:48","date_gmt":"2019-07-11T05:53:48","guid":{"rendered":"http:\/\/www.edicionesalfar.es\/web-wordpress\/?post_type=product\\&#036;p="},"modified":"-0001-11-30T00:00:00","modified_gmt":"-0001-11-29T22:00:00","slug":"cuaderno-alfar-ixbilia-n-10-homenaje-a-angel-vazquez","status":"publish","type":"product","link":"https:\/\/edicionesalfar.es\/es\/producto\/cuaderno-alfar-ixbilia-n-10-homenaje-a-angel-vazquez\/","title":{"rendered":"Cuaderno Alfar Ixbilia n\u00ba 10 Homenaje a \u00c1ngel V\u00e1zquez"},"content":{"rendered":"","protected":false},"excerpt":{"rendered":"<p align=\"JUSTIFY\" style=\"margin-bottom: 0cm;\"><span style=\"color: #000000;\">En estos momentos tan convulsos como los que vivimos, pocas actividades pueden servir tanto de conexi\u00f3n, de puente de comunicaci\u00f3n y de acercamiento entre pueblos y culturas como la literatura. Y es que, como rese\u00f1aba recientemente en un bello y comprometido art\u00edculo Juan Goytisolo, \u00abs\u00f3lo da\u00f1amos a los dem\u00e1s cuando somos incapaces de imaginarlos\u00bb. La literatura aporta ese don m\u00e1gico de hacernos imaginar, de ponernos, por medio de las palabras, en el lugar del otro, de aproximarnos no s\u00f3lo a su entorno vital, sino a su propia intimidad.<\/span><\/p>\n<p align=\"JUSTIFY\" style=\"margin-bottom: 0cm;\"><span style=\"color: #000000;\">Y en estos instantes de crisis de identidad generalizada es cuando m\u00e1s necesitados estamos de acercarnos a otros escenarios, a otros pensamientos, a otras formas distintas de ver y de entender la vida. Con ese objetivo iniciamos esta colecci\u00f3n de narrativa que, <\/span><span style=\"color: #000000;\"><span style=\"font-family: 'Times New Roman', serif;\"><span style=\"font-size: small;\">a\u00f1o y medio despu\u00e9s, alcanza el volumen n\u00ba 10.<\/span><\/span><\/span><\/p>\n<p align=\"JUSTIFY\" style=\"margin-bottom: 0cm;\"><span style=\"color: #000000;\"><span style=\"font-family: 'Times New Roman', serif;\"><span style=\"font-size: small;\">Las publicaciones en cuento de \u00c1ngel V\u00e1zquez (falleci\u00f3 en 1980 en Madrid), uno de los \u00faltimos escritores malditos en Espa\u00f1a, son escasas. En este n\u00famero se editan 3 cuentos que reflejan la personalidad, el mundo interior y la vinculaci\u00f3n de V\u00e1zquez con la ciudad y el mundo que nunca abandon\u00f3, T\u00e1nger.<\/span><\/span><\/span><span style=\"color: #000000;\"><span style=\"font-family: 'Times New Roman', serif;\"><span style=\"font-size: small;\"> <\/span><\/span><\/span><\/p>\n","protected":false},"featured_media":14255,"comment_status":"open","ping_status":"open","template":"","meta":{"_acf_changed":false,"_et_pb_use_builder":"","_et_pb_old_content":"","_et_gb_content_width":""},"product_brand":[],"product_cat":[36],"product_tag":[],"class_list":{"0":"post-14254","1":"product","2":"type-product","3":"status-publish","4":"has-post-thumbnail","6":"product_cat-cuadernos-alfar-ixbilia","8":"first","9":"instock","10":"taxable","11":"shipping-taxable","12":"purchasable","13":"product-type-simple"},"acf":[],"yoast_head":"<!-- This site is optimized with the Yoast SEO plugin v27.3 - https:\/\/yoast.com\/product\/yoast-seo-wordpress\/ -->\n<title>Cuaderno Alfar Ixbilia n\u00ba 10 Homenaje a \u00c1ngel V\u00e1zquez - Ediciones Alfar<\/title>\n<meta name=\"robots\" content=\"index, follow, max-snippet:-1, max-image-preview:large, max-video-preview:-1\" \/>\n<link rel=\"canonical\" href=\"https:\/\/edicionesalfar.es\/es\/producto\/cuaderno-alfar-ixbilia-n-10-homenaje-a-angel-vazquez\/\" \/>\n<meta property=\"og:locale\" content=\"es_ES\" \/>\n<meta property=\"og:type\" content=\"article\" \/>\n<meta property=\"og:title\" content=\"Cuaderno Alfar Ixbilia n\u00ba 10 Homenaje a \u00c1ngel V\u00e1zquez - Ediciones Alfar\" \/>\n<meta property=\"og:description\" content=\"En estos momentos tan convulsos como los que vivimos, pocas actividades pueden servir tanto de conexi\u00f3n, de puente de comunicaci\u00f3n y de acercamiento entre pueblos y culturas como la literatura. Y es que, como rese\u00f1aba recientemente en un bello y comprometido art\u00edculo Juan Goytisolo, &quot;s\u00f3lo da\u00f1amos a los dem\u00e1s cuando somos incapaces de imaginarlos&quot;. La literatura aporta ese don m\u00e1gico de hacernos imaginar, de ponernos, por medio de las palabras, en el lugar del otro, de aproximarnos no s\u00f3lo a su entorno vital, sino a su propia intimidad. Y en estos instantes de crisis de identidad generalizada es cuando m\u00e1s necesitados estamos de acercarnos a otros escenarios, a otros pensamientos, a otras formas distintas de ver y de entender la vida. Con ese objetivo iniciamos esta colecci\u00f3n de narrativa que, a\u00f1o y medio despu\u00e9s, alcanza el volumen n\u00ba 10. Las publicaciones en cuento de \u00c1ngel V\u00e1zquez (falleci\u00f3 en 1980 en Madrid), uno de los \u00faltimos escritores malditos en Espa\u00f1a, son escasas. En este n\u00famero se editan 3 cuentos que reflejan la personalidad, el mundo interior y la vinculaci\u00f3n de V\u00e1zquez con la ciudad y el mundo que nunca abandon\u00f3, T\u00e1nger.\" \/>\n<meta property=\"og:url\" content=\"https:\/\/edicionesalfar.es\/es\/producto\/cuaderno-alfar-ixbilia-n-10-homenaje-a-angel-vazquez\/\" \/>\n<meta property=\"og:site_name\" content=\"Ediciones Alfar\" \/>\n<meta property=\"og:image\" content=\"https:\/\/edicionesalfar.es\/es\/wp-content\/uploads\/2019\/05\/Cuaderno10.jpg\" \/>\n\t<meta property=\"og:image:width\" content=\"1\" \/>\n\t<meta property=\"og:image:height\" content=\"1\" \/>\n\t<meta property=\"og:image:type\" content=\"image\/jpeg\" \/>\n<meta name=\"twitter:card\" content=\"summary_large_image\" \/>\n<script type=\"application\/ld+json\" class=\"yoast-schema-graph\">{\"@context\":\"https:\\\/\\\/schema.org\",\"@graph\":[{\"@type\":\"WebPage\",\"@id\":\"https:\\\/\\\/edicionesalfar.es\\\/es\\\/producto\\\/cuaderno-alfar-ixbilia-n-10-homenaje-a-angel-vazquez\\\/\",\"url\":\"https:\\\/\\\/edicionesalfar.es\\\/es\\\/producto\\\/cuaderno-alfar-ixbilia-n-10-homenaje-a-angel-vazquez\\\/\",\"name\":\"Cuaderno Alfar Ixbilia n\u00ba 10 Homenaje a \u00c1ngel V\u00e1zquez - Ediciones Alfar\",\"isPartOf\":{\"@id\":\"https:\\\/\\\/edicionesalfar.es\\\/es\\\/#website\"},\"primaryImageOfPage\":{\"@id\":\"https:\\\/\\\/edicionesalfar.es\\\/es\\\/producto\\\/cuaderno-alfar-ixbilia-n-10-homenaje-a-angel-vazquez\\\/#primaryimage\"},\"image\":{\"@id\":\"https:\\\/\\\/edicionesalfar.es\\\/es\\\/producto\\\/cuaderno-alfar-ixbilia-n-10-homenaje-a-angel-vazquez\\\/#primaryimage\"},\"thumbnailUrl\":\"https:\\\/\\\/edicionesalfar.es\\\/es\\\/wp-content\\\/uploads\\\/2019\\\/05\\\/Cuaderno10.jpg\",\"datePublished\":\"2019-07-11T05:53:48+00:00\",\"breadcrumb\":{\"@id\":\"https:\\\/\\\/edicionesalfar.es\\\/es\\\/producto\\\/cuaderno-alfar-ixbilia-n-10-homenaje-a-angel-vazquez\\\/#breadcrumb\"},\"inLanguage\":\"es\",\"potentialAction\":[{\"@type\":\"ReadAction\",\"target\":[\"https:\\\/\\\/edicionesalfar.es\\\/es\\\/producto\\\/cuaderno-alfar-ixbilia-n-10-homenaje-a-angel-vazquez\\\/\"]}]},{\"@type\":\"ImageObject\",\"inLanguage\":\"es\",\"@id\":\"https:\\\/\\\/edicionesalfar.es\\\/es\\\/producto\\\/cuaderno-alfar-ixbilia-n-10-homenaje-a-angel-vazquez\\\/#primaryimage\",\"url\":\"https:\\\/\\\/edicionesalfar.es\\\/es\\\/wp-content\\\/uploads\\\/2019\\\/05\\\/Cuaderno10.jpg\",\"contentUrl\":\"https:\\\/\\\/edicionesalfar.es\\\/es\\\/wp-content\\\/uploads\\\/2019\\\/05\\\/Cuaderno10.jpg\"},{\"@type\":\"BreadcrumbList\",\"@id\":\"https:\\\/\\\/edicionesalfar.es\\\/es\\\/producto\\\/cuaderno-alfar-ixbilia-n-10-homenaje-a-angel-vazquez\\\/#breadcrumb\",\"itemListElement\":[{\"@type\":\"ListItem\",\"position\":1,\"name\":\"Portada\",\"item\":\"https:\\\/\\\/edicionesalfar.es\\\/es\\\/\"},{\"@type\":\"ListItem\",\"position\":2,\"name\":\"Cat\u00e1logo\",\"item\":\"https:\\\/\\\/edicionesalfar.es\\\/es\\\/catalogo\\\/\"},{\"@type\":\"ListItem\",\"position\":3,\"name\":\"Cuaderno Alfar Ixbilia n\u00ba 10 Homenaje a \u00c1ngel V\u00e1zquez\"}]},{\"@type\":\"WebSite\",\"@id\":\"https:\\\/\\\/edicionesalfar.es\\\/es\\\/#website\",\"url\":\"https:\\\/\\\/edicionesalfar.es\\\/es\\\/\",\"name\":\"Ediciones Alfar\",\"description\":\"\",\"potentialAction\":[{\"@type\":\"SearchAction\",\"target\":{\"@type\":\"EntryPoint\",\"urlTemplate\":\"https:\\\/\\\/edicionesalfar.es\\\/es\\\/?s={search_term_string}\"},\"query-input\":{\"@type\":\"PropertyValueSpecification\",\"valueRequired\":true,\"valueName\":\"search_term_string\"}}],\"inLanguage\":\"es\"}]}<\/script>\n<!-- \/ Yoast SEO plugin. -->","yoast_head_json":{"title":"Cuaderno Alfar Ixbilia n\u00ba 10 Homenaje a \u00c1ngel V\u00e1zquez - Ediciones Alfar","robots":{"index":"index","follow":"follow","max-snippet":"max-snippet:-1","max-image-preview":"max-image-preview:large","max-video-preview":"max-video-preview:-1"},"canonical":"https:\/\/edicionesalfar.es\/es\/producto\/cuaderno-alfar-ixbilia-n-10-homenaje-a-angel-vazquez\/","og_locale":"es_ES","og_type":"article","og_title":"Cuaderno Alfar Ixbilia n\u00ba 10 Homenaje a \u00c1ngel V\u00e1zquez - Ediciones Alfar","og_description":"En estos momentos tan convulsos como los que vivimos, pocas actividades pueden servir tanto de conexi\u00f3n, de puente de comunicaci\u00f3n y de acercamiento entre pueblos y culturas como la literatura. Y es que, como rese\u00f1aba recientemente en un bello y comprometido art\u00edculo Juan Goytisolo, \"s\u00f3lo da\u00f1amos a los dem\u00e1s cuando somos incapaces de imaginarlos\". La literatura aporta ese don m\u00e1gico de hacernos imaginar, de ponernos, por medio de las palabras, en el lugar del otro, de aproximarnos no s\u00f3lo a su entorno vital, sino a su propia intimidad. Y en estos instantes de crisis de identidad generalizada es cuando m\u00e1s necesitados estamos de acercarnos a otros escenarios, a otros pensamientos, a otras formas distintas de ver y de entender la vida. Con ese objetivo iniciamos esta colecci\u00f3n de narrativa que, a\u00f1o y medio despu\u00e9s, alcanza el volumen n\u00ba 10. Las publicaciones en cuento de \u00c1ngel V\u00e1zquez (falleci\u00f3 en 1980 en Madrid), uno de los \u00faltimos escritores malditos en Espa\u00f1a, son escasas. En este n\u00famero se editan 3 cuentos que reflejan la personalidad, el mundo interior y la vinculaci\u00f3n de V\u00e1zquez con la ciudad y el mundo que nunca abandon\u00f3, T\u00e1nger.","og_url":"https:\/\/edicionesalfar.es\/es\/producto\/cuaderno-alfar-ixbilia-n-10-homenaje-a-angel-vazquez\/","og_site_name":"Ediciones Alfar","og_image":[{"url":"https:\/\/edicionesalfar.es\/es\/wp-content\/uploads\/2019\/05\/Cuaderno10.jpg","width":1,"height":1,"type":"image\/jpeg"}],"twitter_card":"summary_large_image","schema":{"@context":"https:\/\/schema.org","@graph":[{"@type":"WebPage","@id":"https:\/\/edicionesalfar.es\/es\/producto\/cuaderno-alfar-ixbilia-n-10-homenaje-a-angel-vazquez\/","url":"https:\/\/edicionesalfar.es\/es\/producto\/cuaderno-alfar-ixbilia-n-10-homenaje-a-angel-vazquez\/","name":"Cuaderno Alfar Ixbilia n\u00ba 10 Homenaje a \u00c1ngel V\u00e1zquez - Ediciones Alfar","isPartOf":{"@id":"https:\/\/edicionesalfar.es\/es\/#website"},"primaryImageOfPage":{"@id":"https:\/\/edicionesalfar.es\/es\/producto\/cuaderno-alfar-ixbilia-n-10-homenaje-a-angel-vazquez\/#primaryimage"},"image":{"@id":"https:\/\/edicionesalfar.es\/es\/producto\/cuaderno-alfar-ixbilia-n-10-homenaje-a-angel-vazquez\/#primaryimage"},"thumbnailUrl":"https:\/\/edicionesalfar.es\/es\/wp-content\/uploads\/2019\/05\/Cuaderno10.jpg","datePublished":"2019-07-11T05:53:48+00:00","breadcrumb":{"@id":"https:\/\/edicionesalfar.es\/es\/producto\/cuaderno-alfar-ixbilia-n-10-homenaje-a-angel-vazquez\/#breadcrumb"},"inLanguage":"es","potentialAction":[{"@type":"ReadAction","target":["https:\/\/edicionesalfar.es\/es\/producto\/cuaderno-alfar-ixbilia-n-10-homenaje-a-angel-vazquez\/"]}]},{"@type":"ImageObject","inLanguage":"es","@id":"https:\/\/edicionesalfar.es\/es\/producto\/cuaderno-alfar-ixbilia-n-10-homenaje-a-angel-vazquez\/#primaryimage","url":"https:\/\/edicionesalfar.es\/es\/wp-content\/uploads\/2019\/05\/Cuaderno10.jpg","contentUrl":"https:\/\/edicionesalfar.es\/es\/wp-content\/uploads\/2019\/05\/Cuaderno10.jpg"},{"@type":"BreadcrumbList","@id":"https:\/\/edicionesalfar.es\/es\/producto\/cuaderno-alfar-ixbilia-n-10-homenaje-a-angel-vazquez\/#breadcrumb","itemListElement":[{"@type":"ListItem","position":1,"name":"Portada","item":"https:\/\/edicionesalfar.es\/es\/"},{"@type":"ListItem","position":2,"name":"Cat\u00e1logo","item":"https:\/\/edicionesalfar.es\/es\/catalogo\/"},{"@type":"ListItem","position":3,"name":"Cuaderno Alfar Ixbilia n\u00ba 10 Homenaje a \u00c1ngel V\u00e1zquez"}]},{"@type":"WebSite","@id":"https:\/\/edicionesalfar.es\/es\/#website","url":"https:\/\/edicionesalfar.es\/es\/","name":"Ediciones Alfar","description":"","potentialAction":[{"@type":"SearchAction","target":{"@type":"EntryPoint","urlTemplate":"https:\/\/edicionesalfar.es\/es\/?s={search_term_string}"},"query-input":{"@type":"PropertyValueSpecification","valueRequired":true,"valueName":"search_term_string"}}],"inLanguage":"es"}]}},"_links":{"self":[{"href":"https:\/\/edicionesalfar.es\/es\/wp-json\/wp\/v2\/product\/14254","targetHints":{"allow":["GET"]}}],"collection":[{"href":"https:\/\/edicionesalfar.es\/es\/wp-json\/wp\/v2\/product"}],"about":[{"href":"https:\/\/edicionesalfar.es\/es\/wp-json\/wp\/v2\/types\/product"}],"replies":[{"embeddable":true,"href":"https:\/\/edicionesalfar.es\/es\/wp-json\/wp\/v2\/comments?post=14254"}],"wp:featuredmedia":[{"embeddable":true,"href":"https:\/\/edicionesalfar.es\/es\/wp-json\/wp\/v2\/media\/14255"}],"wp:attachment":[{"href":"https:\/\/edicionesalfar.es\/es\/wp-json\/wp\/v2\/media?parent=14254"}],"wp:term":[{"taxonomy":"product_brand","embeddable":true,"href":"https:\/\/edicionesalfar.es\/es\/wp-json\/wp\/v2\/product_brand?post=14254"},{"taxonomy":"product_cat","embeddable":true,"href":"https:\/\/edicionesalfar.es\/es\/wp-json\/wp\/v2\/product_cat?post=14254"},{"taxonomy":"product_tag","embeddable":true,"href":"https:\/\/edicionesalfar.es\/es\/wp-json\/wp\/v2\/product_tag?post=14254"}],"curies":[{"name":"wp","href":"https:\/\/api.w.org\/{rel}","templated":true}]}}