{"id":14244,"date":"2019-07-11T05:53:43","date_gmt":"2019-07-11T05:53:43","guid":{"rendered":"http:\/\/www.edicionesalfar.es\/web-wordpress\/?post_type=product\\&#034;p="},"modified":"-0001-11-30T00:00:00","modified_gmt":"-0001-11-29T22:00:00","slug":"la-buena-fama-el-pajaro-verde-y-otros-cuentos","status":"publish","type":"product","link":"https:\/\/edicionesalfar.es\/es\/producto\/la-buena-fama-el-pajaro-verde-y-otros-cuentos\/","title":{"rendered":"La buena fama, El p\u00e1jaro verde y otros cuentos"},"content":{"rendered":"<p style=\"margin-top: 0.18cm; margin-right: 0px; margin-bottom: 0cm; margin-left: 0px; text-indent: 0.03cm; padding: 0px;\" lang=\"es-ES\" align=\"justify\">CONTENIDO:\u00a0Ediciones Alfar comienza con este libro su nueva colecci\u00f3n CL\u00c1SICOS DEL SIGLO XIX en la que, para no ser exhaustivos, porque ser\u00eda tarea \u00edmproba, dada la gran fecundidad de nuestros autores decimon\u00f3nicos, vamos a limitarnos a la narrativa, obviando por el momento el teatro y dejando alg\u00fan hueco para la poes\u00eda en casos muy especiales y se\u00f1alados. Naturalmente nos moveremos entre las dos grandes tendencias del siglo, Romanticismo y Realismo, y naturalmente tambi\u00e9n tocaremos a todos aquellos autores y textos que nos parezcan m\u00e1s representativos e imprescindibles tanto desde el punto de vista de su calidad literaria como de su transcendencia a niveles comunicacionales, porque se hayan convertido en c\u00f3digos (o mitos) que favorezcan, solamente con su alusi\u00f3n, el entendimiento de otras historias, cr\u00f3nicas o leyendas, bien escritas o audiovisuales.<\/p>\n<p style=\"margin-top: 0.18cm; margin-right: 0px; margin-bottom: 0cm; margin-left: 0px; text-indent: 0.03cm; padding: 0px;\" lang=\"es-ES\" align=\"justify\">AUTOR:\u00a0Comenzamos por Juan Valera. No nos vamos a detener en detalles de su biograf\u00eda que est\u00e1 al alcance de todos. Solamente decir que, encuadrado entre los representativos del Realismo, actu\u00f3 siempre por encima y al margen de las modas literarias de su tiempo, rigi\u00e9ndose por unos principios est\u00e9ticos m\u00e1s cercanos al idealismo.<\/p>\n<p style=\"margin-top: 0.18cm; margin-right: 0px; margin-bottom: 0cm; margin-left: 0px; text-indent: 0.03cm; padding: 0px;\" lang=\"es-ES\" align=\"justify\">Hemos seleccionado para esta ocasi\u00f3n una antolog\u00eda de cuentos en los que se pone de manifiesto su gran habilidad para urdir y tramar historias, sobresaliendo\u00a0La buena fama\u00a0yEl p\u00e1jaro verde\u00a0como dos aut\u00e9nticas obras maestras del g\u00e9nero.<\/p>\n","protected":false},"excerpt":{"rendered":"<p><strong><span style=\"font-size: 12pt;\"><\/p>\n<h3 style=\"line-height: normal; font-weight: normal; color: #333333; font-size: 24px; margin-top: 1em; margin-right: 0px; margin-bottom: 1em; margin-left: 0px; padding: 0px;\"><span><span style=\"font-size: 10pt;\">Hemos seleccionado para esta ocasi\u00f3n una antolog\u00eda de cuentos en los que se pone de manifiesto su gran habilidad para urdir y tramar historias, sobresaliendo <\/span><\/span><em><span><span style=\"font-size: 10pt;\">La buena fama<\/span><\/span><\/em><span><span style=\"font-size: 10pt;\"> y <\/span><\/span><em><span><span style=\"font-size: 10pt;\">El p\u00e1jaro verde<\/span><\/span><\/em><span><span style=\"font-size: 10pt;\"> como dos aut\u00e9nticas obras maestras del genero.<\/span><\/span><\/h3>\n<p>\u00a0<\/p>\n<p><span><span style=\"font-size: 10pt;\"><a href=\"http:\/\/www.todoebook.com\/LA-BUENA-FAMA_-EL-PAJARO-VERDE-Y-OTROS-CUENTOS-JUAN-VALERA-EDICIONES-ALFAR-S_A_-LibroEbook-9788478984176.html\" target=\"_blank\" style=\"font-size: medium;\"><span><img decoding=\"async\" src=\"http:\/\/www.edicionesalfar.es\/logo-todoebook.gif\" style=\"border-width: initial; border-color: initial;\" \/><\/span> DISPONIBLE EN\u00a0<span style=\"color: #3366ff;\">TODO EBOOK<\/span><\/a><\/span><\/span><\/p>\n<p><\/span><\/strong><\/p>\n","protected":false},"featured_media":14245,"comment_status":"open","ping_status":"open","template":"","meta":{"_acf_changed":false,"_et_pb_use_builder":"","_et_pb_old_content":"","_et_gb_content_width":""},"product_brand":[],"product_cat":[34],"product_tag":[],"class_list":{"0":"post-14244","1":"product","2":"type-product","3":"status-publish","4":"has-post-thumbnail","6":"product_cat-siglo-xix","8":"first","9":"instock","10":"taxable","11":"shipping-taxable","12":"purchasable","13":"product-type-simple"},"acf":[],"yoast_head":"<!-- This site is optimized with the Yoast SEO plugin v27.5 - https:\/\/yoast.com\/product\/yoast-seo-wordpress\/ -->\n<title>La buena fama, El p\u00e1jaro verde y otros cuentos - Ediciones Alfar<\/title>\n<meta name=\"robots\" content=\"index, follow, max-snippet:-1, max-image-preview:large, max-video-preview:-1\" \/>\n<link rel=\"canonical\" href=\"https:\/\/edicionesalfar.es\/es\/producto\/la-buena-fama-el-pajaro-verde-y-otros-cuentos\/\" \/>\n<meta property=\"og:locale\" content=\"es_ES\" \/>\n<meta property=\"og:type\" content=\"article\" \/>\n<meta property=\"og:title\" content=\"La buena fama, El p\u00e1jaro verde y otros cuentos - Ediciones Alfar\" \/>\n<meta property=\"og:description\" content=\"Hemos seleccionado para esta ocasi\u00f3n una antolog\u00eda de cuentos en los que se pone de manifiesto su gran habilidad para urdir y tramar historias, sobresaliendo La buena fama y El p\u00e1jaro verde como dos aut\u00e9nticas obras maestras del genero. \u00a0 DISPONIBLE EN\u00a0TODO EBOOK\" \/>\n<meta property=\"og:url\" content=\"https:\/\/edicionesalfar.es\/es\/producto\/la-buena-fama-el-pajaro-verde-y-otros-cuentos\/\" \/>\n<meta property=\"og:site_name\" content=\"Ediciones Alfar\" \/>\n<meta property=\"og:image\" content=\"https:\/\/edicionesalfar.es\/es\/wp-content\/uploads\/2019\/05\/labuenafamasimple.jpg\" \/>\n\t<meta property=\"og:image:width\" content=\"1\" \/>\n\t<meta property=\"og:image:height\" content=\"1\" \/>\n\t<meta property=\"og:image:type\" content=\"image\/jpeg\" \/>\n<meta name=\"twitter:card\" content=\"summary_large_image\" \/>\n<meta name=\"twitter:label1\" content=\"Tiempo de lectura\" \/>\n\t<meta name=\"twitter:data1\" content=\"1 minuto\" \/>\n<script type=\"application\/ld+json\" class=\"yoast-schema-graph\">{\"@context\":\"https:\\\/\\\/schema.org\",\"@graph\":[{\"@type\":\"WebPage\",\"@id\":\"https:\\\/\\\/edicionesalfar.es\\\/es\\\/producto\\\/la-buena-fama-el-pajaro-verde-y-otros-cuentos\\\/\",\"url\":\"https:\\\/\\\/edicionesalfar.es\\\/es\\\/producto\\\/la-buena-fama-el-pajaro-verde-y-otros-cuentos\\\/\",\"name\":\"La buena fama, El p\u00e1jaro verde y otros cuentos - Ediciones Alfar\",\"isPartOf\":{\"@id\":\"https:\\\/\\\/edicionesalfar.es\\\/es\\\/#website\"},\"primaryImageOfPage\":{\"@id\":\"https:\\\/\\\/edicionesalfar.es\\\/es\\\/producto\\\/la-buena-fama-el-pajaro-verde-y-otros-cuentos\\\/#primaryimage\"},\"image\":{\"@id\":\"https:\\\/\\\/edicionesalfar.es\\\/es\\\/producto\\\/la-buena-fama-el-pajaro-verde-y-otros-cuentos\\\/#primaryimage\"},\"thumbnailUrl\":\"https:\\\/\\\/edicionesalfar.es\\\/es\\\/wp-content\\\/uploads\\\/2019\\\/05\\\/labuenafamasimple.jpg\",\"datePublished\":\"2019-07-11T05:53:43+00:00\",\"breadcrumb\":{\"@id\":\"https:\\\/\\\/edicionesalfar.es\\\/es\\\/producto\\\/la-buena-fama-el-pajaro-verde-y-otros-cuentos\\\/#breadcrumb\"},\"inLanguage\":\"es\",\"potentialAction\":[{\"@type\":\"ReadAction\",\"target\":[\"https:\\\/\\\/edicionesalfar.es\\\/es\\\/producto\\\/la-buena-fama-el-pajaro-verde-y-otros-cuentos\\\/\"]}]},{\"@type\":\"ImageObject\",\"inLanguage\":\"es\",\"@id\":\"https:\\\/\\\/edicionesalfar.es\\\/es\\\/producto\\\/la-buena-fama-el-pajaro-verde-y-otros-cuentos\\\/#primaryimage\",\"url\":\"https:\\\/\\\/edicionesalfar.es\\\/es\\\/wp-content\\\/uploads\\\/2019\\\/05\\\/labuenafamasimple.jpg\",\"contentUrl\":\"https:\\\/\\\/edicionesalfar.es\\\/es\\\/wp-content\\\/uploads\\\/2019\\\/05\\\/labuenafamasimple.jpg\"},{\"@type\":\"BreadcrumbList\",\"@id\":\"https:\\\/\\\/edicionesalfar.es\\\/es\\\/producto\\\/la-buena-fama-el-pajaro-verde-y-otros-cuentos\\\/#breadcrumb\",\"itemListElement\":[{\"@type\":\"ListItem\",\"position\":1,\"name\":\"Portada\",\"item\":\"https:\\\/\\\/edicionesalfar.es\\\/es\\\/\"},{\"@type\":\"ListItem\",\"position\":2,\"name\":\"Cat\u00e1logo\",\"item\":\"https:\\\/\\\/edicionesalfar.es\\\/es\\\/catalogo\\\/\"},{\"@type\":\"ListItem\",\"position\":3,\"name\":\"La buena fama, El p\u00e1jaro verde y otros cuentos\"}]},{\"@type\":\"WebSite\",\"@id\":\"https:\\\/\\\/edicionesalfar.es\\\/es\\\/#website\",\"url\":\"https:\\\/\\\/edicionesalfar.es\\\/es\\\/\",\"name\":\"Ediciones Alfar\",\"description\":\"\",\"potentialAction\":[{\"@type\":\"SearchAction\",\"target\":{\"@type\":\"EntryPoint\",\"urlTemplate\":\"https:\\\/\\\/edicionesalfar.es\\\/es\\\/?s={search_term_string}\"},\"query-input\":{\"@type\":\"PropertyValueSpecification\",\"valueRequired\":true,\"valueName\":\"search_term_string\"}}],\"inLanguage\":\"es\"}]}<\/script>\n<!-- \/ Yoast SEO plugin. -->","yoast_head_json":{"title":"La buena fama, El p\u00e1jaro verde y otros cuentos - Ediciones Alfar","robots":{"index":"index","follow":"follow","max-snippet":"max-snippet:-1","max-image-preview":"max-image-preview:large","max-video-preview":"max-video-preview:-1"},"canonical":"https:\/\/edicionesalfar.es\/es\/producto\/la-buena-fama-el-pajaro-verde-y-otros-cuentos\/","og_locale":"es_ES","og_type":"article","og_title":"La buena fama, El p\u00e1jaro verde y otros cuentos - Ediciones Alfar","og_description":"Hemos seleccionado para esta ocasi\u00f3n una antolog\u00eda de cuentos en los que se pone de manifiesto su gran habilidad para urdir y tramar historias, sobresaliendo La buena fama y El p\u00e1jaro verde como dos aut\u00e9nticas obras maestras del genero. \u00a0 DISPONIBLE EN\u00a0TODO EBOOK","og_url":"https:\/\/edicionesalfar.es\/es\/producto\/la-buena-fama-el-pajaro-verde-y-otros-cuentos\/","og_site_name":"Ediciones Alfar","og_image":[{"url":"https:\/\/edicionesalfar.es\/es\/wp-content\/uploads\/2019\/05\/labuenafamasimple.jpg","width":1,"height":1,"type":"image\/jpeg"}],"twitter_card":"summary_large_image","twitter_misc":{"Tiempo de lectura":"1 minuto"},"schema":{"@context":"https:\/\/schema.org","@graph":[{"@type":"WebPage","@id":"https:\/\/edicionesalfar.es\/es\/producto\/la-buena-fama-el-pajaro-verde-y-otros-cuentos\/","url":"https:\/\/edicionesalfar.es\/es\/producto\/la-buena-fama-el-pajaro-verde-y-otros-cuentos\/","name":"La buena fama, El p\u00e1jaro verde y otros cuentos - Ediciones Alfar","isPartOf":{"@id":"https:\/\/edicionesalfar.es\/es\/#website"},"primaryImageOfPage":{"@id":"https:\/\/edicionesalfar.es\/es\/producto\/la-buena-fama-el-pajaro-verde-y-otros-cuentos\/#primaryimage"},"image":{"@id":"https:\/\/edicionesalfar.es\/es\/producto\/la-buena-fama-el-pajaro-verde-y-otros-cuentos\/#primaryimage"},"thumbnailUrl":"https:\/\/edicionesalfar.es\/es\/wp-content\/uploads\/2019\/05\/labuenafamasimple.jpg","datePublished":"2019-07-11T05:53:43+00:00","breadcrumb":{"@id":"https:\/\/edicionesalfar.es\/es\/producto\/la-buena-fama-el-pajaro-verde-y-otros-cuentos\/#breadcrumb"},"inLanguage":"es","potentialAction":[{"@type":"ReadAction","target":["https:\/\/edicionesalfar.es\/es\/producto\/la-buena-fama-el-pajaro-verde-y-otros-cuentos\/"]}]},{"@type":"ImageObject","inLanguage":"es","@id":"https:\/\/edicionesalfar.es\/es\/producto\/la-buena-fama-el-pajaro-verde-y-otros-cuentos\/#primaryimage","url":"https:\/\/edicionesalfar.es\/es\/wp-content\/uploads\/2019\/05\/labuenafamasimple.jpg","contentUrl":"https:\/\/edicionesalfar.es\/es\/wp-content\/uploads\/2019\/05\/labuenafamasimple.jpg"},{"@type":"BreadcrumbList","@id":"https:\/\/edicionesalfar.es\/es\/producto\/la-buena-fama-el-pajaro-verde-y-otros-cuentos\/#breadcrumb","itemListElement":[{"@type":"ListItem","position":1,"name":"Portada","item":"https:\/\/edicionesalfar.es\/es\/"},{"@type":"ListItem","position":2,"name":"Cat\u00e1logo","item":"https:\/\/edicionesalfar.es\/es\/catalogo\/"},{"@type":"ListItem","position":3,"name":"La buena fama, El p\u00e1jaro verde y otros cuentos"}]},{"@type":"WebSite","@id":"https:\/\/edicionesalfar.es\/es\/#website","url":"https:\/\/edicionesalfar.es\/es\/","name":"Ediciones Alfar","description":"","potentialAction":[{"@type":"SearchAction","target":{"@type":"EntryPoint","urlTemplate":"https:\/\/edicionesalfar.es\/es\/?s={search_term_string}"},"query-input":{"@type":"PropertyValueSpecification","valueRequired":true,"valueName":"search_term_string"}}],"inLanguage":"es"}]}},"_links":{"self":[{"href":"https:\/\/edicionesalfar.es\/es\/wp-json\/wp\/v2\/product\/14244","targetHints":{"allow":["GET"]}}],"collection":[{"href":"https:\/\/edicionesalfar.es\/es\/wp-json\/wp\/v2\/product"}],"about":[{"href":"https:\/\/edicionesalfar.es\/es\/wp-json\/wp\/v2\/types\/product"}],"replies":[{"embeddable":true,"href":"https:\/\/edicionesalfar.es\/es\/wp-json\/wp\/v2\/comments?post=14244"}],"wp:featuredmedia":[{"embeddable":true,"href":"https:\/\/edicionesalfar.es\/es\/wp-json\/wp\/v2\/media\/14245"}],"wp:attachment":[{"href":"https:\/\/edicionesalfar.es\/es\/wp-json\/wp\/v2\/media?parent=14244"}],"wp:term":[{"taxonomy":"product_brand","embeddable":true,"href":"https:\/\/edicionesalfar.es\/es\/wp-json\/wp\/v2\/product_brand?post=14244"},{"taxonomy":"product_cat","embeddable":true,"href":"https:\/\/edicionesalfar.es\/es\/wp-json\/wp\/v2\/product_cat?post=14244"},{"taxonomy":"product_tag","embeddable":true,"href":"https:\/\/edicionesalfar.es\/es\/wp-json\/wp\/v2\/product_tag?post=14244"}],"curies":[{"name":"wp","href":"https:\/\/api.w.org\/{rel}","templated":true}]}}