{"id":14242,"date":"2019-07-11T05:53:42","date_gmt":"2019-07-11T05:53:42","guid":{"rendered":"http:\/\/www.edicionesalfar.es\/web-wordpress\/?post_type=product&#034;p="},"modified":"2025-04-03T10:16:40","modified_gmt":"2025-04-03T08:16:40","slug":"cuentos-de-encantameitno-y-adivinanzas-populares","status":"publish","type":"product","link":"https:\/\/edicionesalfar.es\/es\/producto\/cuentos-de-encantameitno-y-adivinanzas-populares\/","title":{"rendered":"Cuentos de encantameitno y adivinanzas populares"},"content":{"rendered":"","protected":false},"excerpt":{"rendered":"<p><em>Fern\u00e1n Caballero<\/em> es el seud\u00f3nimo que utiliz\u00f3 la escritora Cecilia B\u00f6hl de Faber y Larrea, que naci\u00f3 en Suiza, en el Cant\u00f3n de Vaud, el 24 de diciembre de 1796. Su madre, Frasquita Larrea, tambi\u00e9n era escritora bajo el seud\u00f3nimo de\u00a0<em>Corina<\/em>. Desde el punto de vista de su biograf\u00eda diremos solamente que fue agitada, viajera y no muy afortunada, ya que pas\u00f3 su infancia y juventud entre Alemania y Espa\u00f1a (C\u00e1diz), cas\u00f3 tres veces y enviud\u00f3 otras tantas y entre el seguimiento de sus maridos y los interludios estuvo en Puerto Rico, en Hamburgo, el Puerto de Santa Mar\u00eda, en Sevilla, en donde termin\u00f3 viuda, pobre y protegida por los Duques de Montpensier y donde falleci\u00f3 el 7 de abril de 1877.<\/p>\n<p><a href=\"http:\/\/www.todoebook.com\/CUENTOS-DE-ENCANTAMIENTO-Y-ADIVINANZAS-POPULARES-FERNAN-CABALLERO-EDICIONES-ALFAR-LibroEbook-es-9788478984299.html\" target=\"_blank\" rel=\"noopener\"><img decoding=\"async\" src=\"http:\/\/www.edicionesalfar.es\/logo-todoebook.gif\" \/><\/a><\/p>\n<p><a href=\"http:\/\/digital.casalini.it\/9788478984299\" target=\"_blank\" rel=\"noopener\"><img decoding=\"async\" src=\"http:\/\/www.edicionesalfar.es\/logo_casalini.JPG\" \/><\/a><\/p>\n","protected":false},"featured_media":14243,"comment_status":"open","ping_status":"closed","template":"","meta":{"_acf_changed":false,"_et_pb_use_builder":"","_et_pb_old_content":"","_et_gb_content_width":""},"product_brand":[],"product_cat":[376,492,34],"product_tag":[],"class_list":{"0":"post-14242","1":"product","2":"type-product","3":"status-publish","4":"has-post-thumbnail","6":"product_cat-autores","7":"product_cat-caballero-fernando","8":"product_cat-siglo-xix","10":"first","11":"instock","12":"taxable","13":"shipping-taxable","14":"purchasable","15":"product-type-simple"},"acf":[],"yoast_head":"<!-- This site is optimized with the Yoast SEO plugin v27.5 - https:\/\/yoast.com\/product\/yoast-seo-wordpress\/ -->\n<title>Cuentos de encantameitno y adivinanzas populares - Ediciones Alfar<\/title>\n<meta name=\"robots\" content=\"index, follow, max-snippet:-1, max-image-preview:large, max-video-preview:-1\" \/>\n<link rel=\"canonical\" href=\"https:\/\/edicionesalfar.es\/es\/producto\/cuentos-de-encantameitno-y-adivinanzas-populares\/\" \/>\n<meta property=\"og:locale\" content=\"es_ES\" \/>\n<meta property=\"og:type\" content=\"article\" \/>\n<meta property=\"og:title\" content=\"Cuentos de encantameitno y adivinanzas populares - Ediciones Alfar\" \/>\n<meta property=\"og:description\" content=\"Fern\u00e1n Caballero es el seud\u00f3nimo que utiliz\u00f3 la escritora Cecilia B\u00f6hl de Faber y Larrea, que naci\u00f3 en Suiza, en el Cant\u00f3n de Vaud, el 24 de diciembre de 1796. Su madre, Frasquita Larrea, tambi\u00e9n era escritora bajo el seud\u00f3nimo de\u00a0Corina. Desde el punto de vista de su biograf\u00eda diremos solamente que fue agitada, viajera y no muy afortunada, ya que pas\u00f3 su infancia y juventud entre Alemania y Espa\u00f1a (C\u00e1diz), cas\u00f3 tres veces y enviud\u00f3 otras tantas y entre el seguimiento de sus maridos y los interludios estuvo en Puerto Rico, en Hamburgo, el Puerto de Santa Mar\u00eda, en Sevilla, en donde termin\u00f3 viuda, pobre y protegida por los Duques de Montpensier y donde falleci\u00f3 el 7 de abril de 1877.\" \/>\n<meta property=\"og:url\" content=\"https:\/\/edicionesalfar.es\/es\/producto\/cuentos-de-encantameitno-y-adivinanzas-populares\/\" \/>\n<meta property=\"og:site_name\" content=\"Ediciones Alfar\" \/>\n<meta property=\"article:modified_time\" content=\"2025-04-03T08:16:40+00:00\" \/>\n<meta property=\"og:image\" content=\"https:\/\/edicionesalfar.es\/es\/wp-content\/uploads\/2019\/05\/cuentosdencantamiento.jpg\" \/>\n\t<meta property=\"og:image:width\" content=\"1\" \/>\n\t<meta property=\"og:image:height\" content=\"1\" \/>\n\t<meta property=\"og:image:type\" content=\"image\/jpeg\" \/>\n<meta name=\"twitter:card\" content=\"summary_large_image\" \/>\n<script type=\"application\/ld+json\" class=\"yoast-schema-graph\">{\"@context\":\"https:\\\/\\\/schema.org\",\"@graph\":[{\"@type\":\"WebPage\",\"@id\":\"https:\\\/\\\/edicionesalfar.es\\\/es\\\/producto\\\/cuentos-de-encantameitno-y-adivinanzas-populares\\\/\",\"url\":\"https:\\\/\\\/edicionesalfar.es\\\/es\\\/producto\\\/cuentos-de-encantameitno-y-adivinanzas-populares\\\/\",\"name\":\"Cuentos de encantameitno y adivinanzas populares - Ediciones Alfar\",\"isPartOf\":{\"@id\":\"https:\\\/\\\/edicionesalfar.es\\\/es\\\/#website\"},\"primaryImageOfPage\":{\"@id\":\"https:\\\/\\\/edicionesalfar.es\\\/es\\\/producto\\\/cuentos-de-encantameitno-y-adivinanzas-populares\\\/#primaryimage\"},\"image\":{\"@id\":\"https:\\\/\\\/edicionesalfar.es\\\/es\\\/producto\\\/cuentos-de-encantameitno-y-adivinanzas-populares\\\/#primaryimage\"},\"thumbnailUrl\":\"https:\\\/\\\/edicionesalfar.es\\\/es\\\/wp-content\\\/uploads\\\/2019\\\/05\\\/cuentosdencantamiento.jpg\",\"datePublished\":\"2019-07-11T05:53:42+00:00\",\"dateModified\":\"2025-04-03T08:16:40+00:00\",\"breadcrumb\":{\"@id\":\"https:\\\/\\\/edicionesalfar.es\\\/es\\\/producto\\\/cuentos-de-encantameitno-y-adivinanzas-populares\\\/#breadcrumb\"},\"inLanguage\":\"es\",\"potentialAction\":[{\"@type\":\"ReadAction\",\"target\":[\"https:\\\/\\\/edicionesalfar.es\\\/es\\\/producto\\\/cuentos-de-encantameitno-y-adivinanzas-populares\\\/\"]}]},{\"@type\":\"ImageObject\",\"inLanguage\":\"es\",\"@id\":\"https:\\\/\\\/edicionesalfar.es\\\/es\\\/producto\\\/cuentos-de-encantameitno-y-adivinanzas-populares\\\/#primaryimage\",\"url\":\"https:\\\/\\\/edicionesalfar.es\\\/es\\\/wp-content\\\/uploads\\\/2019\\\/05\\\/cuentosdencantamiento.jpg\",\"contentUrl\":\"https:\\\/\\\/edicionesalfar.es\\\/es\\\/wp-content\\\/uploads\\\/2019\\\/05\\\/cuentosdencantamiento.jpg\"},{\"@type\":\"BreadcrumbList\",\"@id\":\"https:\\\/\\\/edicionesalfar.es\\\/es\\\/producto\\\/cuentos-de-encantameitno-y-adivinanzas-populares\\\/#breadcrumb\",\"itemListElement\":[{\"@type\":\"ListItem\",\"position\":1,\"name\":\"Portada\",\"item\":\"https:\\\/\\\/edicionesalfar.es\\\/es\\\/\"},{\"@type\":\"ListItem\",\"position\":2,\"name\":\"Cat\u00e1logo\",\"item\":\"https:\\\/\\\/edicionesalfar.es\\\/es\\\/catalogo\\\/\"},{\"@type\":\"ListItem\",\"position\":3,\"name\":\"Cuentos de encantameitno y adivinanzas populares\"}]},{\"@type\":\"WebSite\",\"@id\":\"https:\\\/\\\/edicionesalfar.es\\\/es\\\/#website\",\"url\":\"https:\\\/\\\/edicionesalfar.es\\\/es\\\/\",\"name\":\"Ediciones Alfar\",\"description\":\"\",\"potentialAction\":[{\"@type\":\"SearchAction\",\"target\":{\"@type\":\"EntryPoint\",\"urlTemplate\":\"https:\\\/\\\/edicionesalfar.es\\\/es\\\/?s={search_term_string}\"},\"query-input\":{\"@type\":\"PropertyValueSpecification\",\"valueRequired\":true,\"valueName\":\"search_term_string\"}}],\"inLanguage\":\"es\"}]}<\/script>\n<!-- \/ Yoast SEO plugin. -->","yoast_head_json":{"title":"Cuentos de encantameitno y adivinanzas populares - Ediciones Alfar","robots":{"index":"index","follow":"follow","max-snippet":"max-snippet:-1","max-image-preview":"max-image-preview:large","max-video-preview":"max-video-preview:-1"},"canonical":"https:\/\/edicionesalfar.es\/es\/producto\/cuentos-de-encantameitno-y-adivinanzas-populares\/","og_locale":"es_ES","og_type":"article","og_title":"Cuentos de encantameitno y adivinanzas populares - Ediciones Alfar","og_description":"Fern\u00e1n Caballero es el seud\u00f3nimo que utiliz\u00f3 la escritora Cecilia B\u00f6hl de Faber y Larrea, que naci\u00f3 en Suiza, en el Cant\u00f3n de Vaud, el 24 de diciembre de 1796. Su madre, Frasquita Larrea, tambi\u00e9n era escritora bajo el seud\u00f3nimo de\u00a0Corina. Desde el punto de vista de su biograf\u00eda diremos solamente que fue agitada, viajera y no muy afortunada, ya que pas\u00f3 su infancia y juventud entre Alemania y Espa\u00f1a (C\u00e1diz), cas\u00f3 tres veces y enviud\u00f3 otras tantas y entre el seguimiento de sus maridos y los interludios estuvo en Puerto Rico, en Hamburgo, el Puerto de Santa Mar\u00eda, en Sevilla, en donde termin\u00f3 viuda, pobre y protegida por los Duques de Montpensier y donde falleci\u00f3 el 7 de abril de 1877.","og_url":"https:\/\/edicionesalfar.es\/es\/producto\/cuentos-de-encantameitno-y-adivinanzas-populares\/","og_site_name":"Ediciones Alfar","article_modified_time":"2025-04-03T08:16:40+00:00","og_image":[{"url":"https:\/\/edicionesalfar.es\/es\/wp-content\/uploads\/2019\/05\/cuentosdencantamiento.jpg","width":1,"height":1,"type":"image\/jpeg"}],"twitter_card":"summary_large_image","schema":{"@context":"https:\/\/schema.org","@graph":[{"@type":"WebPage","@id":"https:\/\/edicionesalfar.es\/es\/producto\/cuentos-de-encantameitno-y-adivinanzas-populares\/","url":"https:\/\/edicionesalfar.es\/es\/producto\/cuentos-de-encantameitno-y-adivinanzas-populares\/","name":"Cuentos de encantameitno y adivinanzas populares - Ediciones Alfar","isPartOf":{"@id":"https:\/\/edicionesalfar.es\/es\/#website"},"primaryImageOfPage":{"@id":"https:\/\/edicionesalfar.es\/es\/producto\/cuentos-de-encantameitno-y-adivinanzas-populares\/#primaryimage"},"image":{"@id":"https:\/\/edicionesalfar.es\/es\/producto\/cuentos-de-encantameitno-y-adivinanzas-populares\/#primaryimage"},"thumbnailUrl":"https:\/\/edicionesalfar.es\/es\/wp-content\/uploads\/2019\/05\/cuentosdencantamiento.jpg","datePublished":"2019-07-11T05:53:42+00:00","dateModified":"2025-04-03T08:16:40+00:00","breadcrumb":{"@id":"https:\/\/edicionesalfar.es\/es\/producto\/cuentos-de-encantameitno-y-adivinanzas-populares\/#breadcrumb"},"inLanguage":"es","potentialAction":[{"@type":"ReadAction","target":["https:\/\/edicionesalfar.es\/es\/producto\/cuentos-de-encantameitno-y-adivinanzas-populares\/"]}]},{"@type":"ImageObject","inLanguage":"es","@id":"https:\/\/edicionesalfar.es\/es\/producto\/cuentos-de-encantameitno-y-adivinanzas-populares\/#primaryimage","url":"https:\/\/edicionesalfar.es\/es\/wp-content\/uploads\/2019\/05\/cuentosdencantamiento.jpg","contentUrl":"https:\/\/edicionesalfar.es\/es\/wp-content\/uploads\/2019\/05\/cuentosdencantamiento.jpg"},{"@type":"BreadcrumbList","@id":"https:\/\/edicionesalfar.es\/es\/producto\/cuentos-de-encantameitno-y-adivinanzas-populares\/#breadcrumb","itemListElement":[{"@type":"ListItem","position":1,"name":"Portada","item":"https:\/\/edicionesalfar.es\/es\/"},{"@type":"ListItem","position":2,"name":"Cat\u00e1logo","item":"https:\/\/edicionesalfar.es\/es\/catalogo\/"},{"@type":"ListItem","position":3,"name":"Cuentos de encantameitno y adivinanzas populares"}]},{"@type":"WebSite","@id":"https:\/\/edicionesalfar.es\/es\/#website","url":"https:\/\/edicionesalfar.es\/es\/","name":"Ediciones Alfar","description":"","potentialAction":[{"@type":"SearchAction","target":{"@type":"EntryPoint","urlTemplate":"https:\/\/edicionesalfar.es\/es\/?s={search_term_string}"},"query-input":{"@type":"PropertyValueSpecification","valueRequired":true,"valueName":"search_term_string"}}],"inLanguage":"es"}]}},"_links":{"self":[{"href":"https:\/\/edicionesalfar.es\/es\/wp-json\/wp\/v2\/product\/14242","targetHints":{"allow":["GET"]}}],"collection":[{"href":"https:\/\/edicionesalfar.es\/es\/wp-json\/wp\/v2\/product"}],"about":[{"href":"https:\/\/edicionesalfar.es\/es\/wp-json\/wp\/v2\/types\/product"}],"replies":[{"embeddable":true,"href":"https:\/\/edicionesalfar.es\/es\/wp-json\/wp\/v2\/comments?post=14242"}],"wp:featuredmedia":[{"embeddable":true,"href":"https:\/\/edicionesalfar.es\/es\/wp-json\/wp\/v2\/media\/14243"}],"wp:attachment":[{"href":"https:\/\/edicionesalfar.es\/es\/wp-json\/wp\/v2\/media?parent=14242"}],"wp:term":[{"taxonomy":"product_brand","embeddable":true,"href":"https:\/\/edicionesalfar.es\/es\/wp-json\/wp\/v2\/product_brand?post=14242"},{"taxonomy":"product_cat","embeddable":true,"href":"https:\/\/edicionesalfar.es\/es\/wp-json\/wp\/v2\/product_cat?post=14242"},{"taxonomy":"product_tag","embeddable":true,"href":"https:\/\/edicionesalfar.es\/es\/wp-json\/wp\/v2\/product_tag?post=14242"}],"curies":[{"name":"wp","href":"https:\/\/api.w.org\/{rel}","templated":true}]}}