{"id":14208,"date":"2019-07-11T05:53:24","date_gmt":"2019-07-11T05:53:24","guid":{"rendered":"http:\/\/www.edicionesalfar.es\/web-wordpress\/?post_type=product&#044;p="},"modified":"2022-05-27T12:08:28","modified_gmt":"2022-05-27T10:08:28","slug":"el-diablo-en-semana-santa-2","status":"publish","type":"product","link":"https:\/\/edicionesalfar.es\/es\/producto\/el-diablo-en-semana-santa-2\/","title":{"rendered":"EL DIABLO EN SEMANA SANTA"},"content":{"rendered":"<p>EL DIABLO EN SEMANA SANTA<\/p>\n","protected":false},"excerpt":{"rendered":"<p style=\"text-indent: 0.03cm; margin-top: 0.18cm; margin-bottom: 0cm;\" align=\"justify\"><span style=\"font-family: 'Times New Roman', serif;\">LIBROS DE MEJOR VISTA es una colecci\u00f3n especialmente pensada para aquellos que tienen problemas con la \u201cletra peque\u00f1a\u201d y el abigarrado texto que caracteriza muchas de las ediciones actuales. Ofrecemos, en una cuidada selecci\u00f3n que alterna los cl\u00e1sicos con autores actuales, obras para <\/span><span style=\"font-family: 'Times New Roman', serif;\"><em>neolectores, lectores de vista cansada<\/em><\/span><span style=\"font-family: 'Times New Roman', serif;\"> y, en general, para todos aquellos que quieran deleitarse con la lectura gustosa y c\u00f3moda.<\/span><\/p>\n<p style=\"margin-bottom: 0cm;\" align=\"justify\"><span style=\"font-family: 'Times New Roman', serif;\"><span style=\"font-size: x-small;\">LEOPOLDO ALAS, alias Clar\u00edn, naci\u00f3 en Zamora el 25 de abril de 1852. Comenz\u00f3 sus estudios en Le\u00f3n con los jesuitas, orden que le inculc\u00f3 un fuerte sentimiento reliogioso y una gran disciplina moral, si bien su religiosidad evolucionar\u00eda con el tiempo hacia una constante lucha por el progreso cultural y moral del individuo y de la sociedad. Se licenci\u00f3 en Derecho en Madrid, donde comenz\u00f3 a colaborar en diversas publicaciones literarias y obtuvo la c\u00e1tedra de Derecho Romano en Oviedo, ciudad en la que permaneci\u00f3 hasta su muerte. Ha escrito numerosas obras con una marcada influencia del realismo y naturalismos vigente en Europa, con una atenci\u00f3n sobresaliente al detalle y un estudio fascinante de sus personajes.<\/span><\/span><\/p>\n","protected":false},"featured_media":14209,"comment_status":"open","ping_status":"closed","template":"","meta":{"_acf_changed":false,"_et_pb_use_builder":"","_et_pb_old_content":"","_et_gb_content_width":""},"product_brand":[],"product_cat":[430,44],"product_tag":[],"class_list":{"0":"post-14208","1":"product","2":"type-product","3":"status-publish","4":"has-post-thumbnail","6":"product_cat-alas-clarin-leopoldo","7":"product_cat-libros-mejor-vista","9":"first","10":"instock","11":"taxable","12":"shipping-taxable","13":"purchasable","14":"product-type-simple"},"acf":[],"yoast_head":"<!-- This site is optimized with the Yoast SEO plugin v27.5 - https:\/\/yoast.com\/product\/yoast-seo-wordpress\/ -->\n<title>EL DIABLO EN SEMANA SANTA - Ediciones Alfar<\/title>\n<meta name=\"robots\" content=\"index, follow, max-snippet:-1, max-image-preview:large, max-video-preview:-1\" \/>\n<link rel=\"canonical\" href=\"https:\/\/edicionesalfar.es\/es\/producto\/el-diablo-en-semana-santa-2\/\" \/>\n<meta property=\"og:locale\" content=\"es_ES\" \/>\n<meta property=\"og:type\" content=\"article\" \/>\n<meta property=\"og:title\" content=\"EL DIABLO EN SEMANA SANTA - Ediciones Alfar\" \/>\n<meta property=\"og:description\" content=\"LIBROS DE MEJOR VISTA es una colecci\u00f3n especialmente pensada para aquellos que tienen problemas con la \u201cletra peque\u00f1a\u201d y el abigarrado texto que caracteriza muchas de las ediciones actuales. Ofrecemos, en una cuidada selecci\u00f3n que alterna los cl\u00e1sicos con autores actuales, obras para neolectores, lectores de vista cansada y, en general, para todos aquellos que quieran deleitarse con la lectura gustosa y c\u00f3moda. LEOPOLDO ALAS, alias Clar\u00edn, naci\u00f3 en Zamora el 25 de abril de 1852. Comenz\u00f3 sus estudios en Le\u00f3n con los jesuitas, orden que le inculc\u00f3 un fuerte sentimiento reliogioso y una gran disciplina moral, si bien su religiosidad evolucionar\u00eda con el tiempo hacia una constante lucha por el progreso cultural y moral del individuo y de la sociedad. Se licenci\u00f3 en Derecho en Madrid, donde comenz\u00f3 a colaborar en diversas publicaciones literarias y obtuvo la c\u00e1tedra de Derecho Romano en Oviedo, ciudad en la que permaneci\u00f3 hasta su muerte. Ha escrito numerosas obras con una marcada influencia del realismo y naturalismos vigente en Europa, con una atenci\u00f3n sobresaliente al detalle y un estudio fascinante de sus personajes.\" \/>\n<meta property=\"og:url\" content=\"https:\/\/edicionesalfar.es\/es\/producto\/el-diablo-en-semana-santa-2\/\" \/>\n<meta property=\"og:site_name\" content=\"Ediciones Alfar\" \/>\n<meta property=\"article:modified_time\" content=\"2022-05-27T10:08:28+00:00\" \/>\n<meta property=\"og:image\" content=\"https:\/\/edicionesalfar.es\/es\/wp-content\/uploads\/2019\/05\/diablosemanasanta2ed.jpg\" \/>\n\t<meta property=\"og:image:width\" content=\"1\" \/>\n\t<meta property=\"og:image:height\" content=\"1\" \/>\n\t<meta property=\"og:image:type\" content=\"image\/jpeg\" \/>\n<meta name=\"twitter:card\" content=\"summary_large_image\" \/>\n<script type=\"application\/ld+json\" class=\"yoast-schema-graph\">{\"@context\":\"https:\\\/\\\/schema.org\",\"@graph\":[{\"@type\":\"WebPage\",\"@id\":\"https:\\\/\\\/edicionesalfar.es\\\/es\\\/producto\\\/el-diablo-en-semana-santa-2\\\/\",\"url\":\"https:\\\/\\\/edicionesalfar.es\\\/es\\\/producto\\\/el-diablo-en-semana-santa-2\\\/\",\"name\":\"EL DIABLO EN SEMANA SANTA - Ediciones Alfar\",\"isPartOf\":{\"@id\":\"https:\\\/\\\/edicionesalfar.es\\\/es\\\/#website\"},\"primaryImageOfPage\":{\"@id\":\"https:\\\/\\\/edicionesalfar.es\\\/es\\\/producto\\\/el-diablo-en-semana-santa-2\\\/#primaryimage\"},\"image\":{\"@id\":\"https:\\\/\\\/edicionesalfar.es\\\/es\\\/producto\\\/el-diablo-en-semana-santa-2\\\/#primaryimage\"},\"thumbnailUrl\":\"https:\\\/\\\/edicionesalfar.es\\\/es\\\/wp-content\\\/uploads\\\/2019\\\/05\\\/diablosemanasanta2ed.jpg\",\"datePublished\":\"2019-07-11T05:53:24+00:00\",\"dateModified\":\"2022-05-27T10:08:28+00:00\",\"breadcrumb\":{\"@id\":\"https:\\\/\\\/edicionesalfar.es\\\/es\\\/producto\\\/el-diablo-en-semana-santa-2\\\/#breadcrumb\"},\"inLanguage\":\"es\",\"potentialAction\":[{\"@type\":\"ReadAction\",\"target\":[\"https:\\\/\\\/edicionesalfar.es\\\/es\\\/producto\\\/el-diablo-en-semana-santa-2\\\/\"]}]},{\"@type\":\"ImageObject\",\"inLanguage\":\"es\",\"@id\":\"https:\\\/\\\/edicionesalfar.es\\\/es\\\/producto\\\/el-diablo-en-semana-santa-2\\\/#primaryimage\",\"url\":\"https:\\\/\\\/edicionesalfar.es\\\/es\\\/wp-content\\\/uploads\\\/2019\\\/05\\\/diablosemanasanta2ed.jpg\",\"contentUrl\":\"https:\\\/\\\/edicionesalfar.es\\\/es\\\/wp-content\\\/uploads\\\/2019\\\/05\\\/diablosemanasanta2ed.jpg\"},{\"@type\":\"BreadcrumbList\",\"@id\":\"https:\\\/\\\/edicionesalfar.es\\\/es\\\/producto\\\/el-diablo-en-semana-santa-2\\\/#breadcrumb\",\"itemListElement\":[{\"@type\":\"ListItem\",\"position\":1,\"name\":\"Portada\",\"item\":\"https:\\\/\\\/edicionesalfar.es\\\/es\\\/\"},{\"@type\":\"ListItem\",\"position\":2,\"name\":\"Cat\u00e1logo\",\"item\":\"https:\\\/\\\/edicionesalfar.es\\\/es\\\/catalogo\\\/\"},{\"@type\":\"ListItem\",\"position\":3,\"name\":\"EL DIABLO EN SEMANA SANTA\"}]},{\"@type\":\"WebSite\",\"@id\":\"https:\\\/\\\/edicionesalfar.es\\\/es\\\/#website\",\"url\":\"https:\\\/\\\/edicionesalfar.es\\\/es\\\/\",\"name\":\"Ediciones Alfar\",\"description\":\"\",\"potentialAction\":[{\"@type\":\"SearchAction\",\"target\":{\"@type\":\"EntryPoint\",\"urlTemplate\":\"https:\\\/\\\/edicionesalfar.es\\\/es\\\/?s={search_term_string}\"},\"query-input\":{\"@type\":\"PropertyValueSpecification\",\"valueRequired\":true,\"valueName\":\"search_term_string\"}}],\"inLanguage\":\"es\"}]}<\/script>\n<!-- \/ Yoast SEO plugin. -->","yoast_head_json":{"title":"EL DIABLO EN SEMANA SANTA - Ediciones Alfar","robots":{"index":"index","follow":"follow","max-snippet":"max-snippet:-1","max-image-preview":"max-image-preview:large","max-video-preview":"max-video-preview:-1"},"canonical":"https:\/\/edicionesalfar.es\/es\/producto\/el-diablo-en-semana-santa-2\/","og_locale":"es_ES","og_type":"article","og_title":"EL DIABLO EN SEMANA SANTA - Ediciones Alfar","og_description":"LIBROS DE MEJOR VISTA es una colecci\u00f3n especialmente pensada para aquellos que tienen problemas con la \u201cletra peque\u00f1a\u201d y el abigarrado texto que caracteriza muchas de las ediciones actuales. Ofrecemos, en una cuidada selecci\u00f3n que alterna los cl\u00e1sicos con autores actuales, obras para neolectores, lectores de vista cansada y, en general, para todos aquellos que quieran deleitarse con la lectura gustosa y c\u00f3moda. LEOPOLDO ALAS, alias Clar\u00edn, naci\u00f3 en Zamora el 25 de abril de 1852. Comenz\u00f3 sus estudios en Le\u00f3n con los jesuitas, orden que le inculc\u00f3 un fuerte sentimiento reliogioso y una gran disciplina moral, si bien su religiosidad evolucionar\u00eda con el tiempo hacia una constante lucha por el progreso cultural y moral del individuo y de la sociedad. Se licenci\u00f3 en Derecho en Madrid, donde comenz\u00f3 a colaborar en diversas publicaciones literarias y obtuvo la c\u00e1tedra de Derecho Romano en Oviedo, ciudad en la que permaneci\u00f3 hasta su muerte. Ha escrito numerosas obras con una marcada influencia del realismo y naturalismos vigente en Europa, con una atenci\u00f3n sobresaliente al detalle y un estudio fascinante de sus personajes.","og_url":"https:\/\/edicionesalfar.es\/es\/producto\/el-diablo-en-semana-santa-2\/","og_site_name":"Ediciones Alfar","article_modified_time":"2022-05-27T10:08:28+00:00","og_image":[{"url":"https:\/\/edicionesalfar.es\/es\/wp-content\/uploads\/2019\/05\/diablosemanasanta2ed.jpg","width":1,"height":1,"type":"image\/jpeg"}],"twitter_card":"summary_large_image","schema":{"@context":"https:\/\/schema.org","@graph":[{"@type":"WebPage","@id":"https:\/\/edicionesalfar.es\/es\/producto\/el-diablo-en-semana-santa-2\/","url":"https:\/\/edicionesalfar.es\/es\/producto\/el-diablo-en-semana-santa-2\/","name":"EL DIABLO EN SEMANA SANTA - Ediciones Alfar","isPartOf":{"@id":"https:\/\/edicionesalfar.es\/es\/#website"},"primaryImageOfPage":{"@id":"https:\/\/edicionesalfar.es\/es\/producto\/el-diablo-en-semana-santa-2\/#primaryimage"},"image":{"@id":"https:\/\/edicionesalfar.es\/es\/producto\/el-diablo-en-semana-santa-2\/#primaryimage"},"thumbnailUrl":"https:\/\/edicionesalfar.es\/es\/wp-content\/uploads\/2019\/05\/diablosemanasanta2ed.jpg","datePublished":"2019-07-11T05:53:24+00:00","dateModified":"2022-05-27T10:08:28+00:00","breadcrumb":{"@id":"https:\/\/edicionesalfar.es\/es\/producto\/el-diablo-en-semana-santa-2\/#breadcrumb"},"inLanguage":"es","potentialAction":[{"@type":"ReadAction","target":["https:\/\/edicionesalfar.es\/es\/producto\/el-diablo-en-semana-santa-2\/"]}]},{"@type":"ImageObject","inLanguage":"es","@id":"https:\/\/edicionesalfar.es\/es\/producto\/el-diablo-en-semana-santa-2\/#primaryimage","url":"https:\/\/edicionesalfar.es\/es\/wp-content\/uploads\/2019\/05\/diablosemanasanta2ed.jpg","contentUrl":"https:\/\/edicionesalfar.es\/es\/wp-content\/uploads\/2019\/05\/diablosemanasanta2ed.jpg"},{"@type":"BreadcrumbList","@id":"https:\/\/edicionesalfar.es\/es\/producto\/el-diablo-en-semana-santa-2\/#breadcrumb","itemListElement":[{"@type":"ListItem","position":1,"name":"Portada","item":"https:\/\/edicionesalfar.es\/es\/"},{"@type":"ListItem","position":2,"name":"Cat\u00e1logo","item":"https:\/\/edicionesalfar.es\/es\/catalogo\/"},{"@type":"ListItem","position":3,"name":"EL DIABLO EN SEMANA SANTA"}]},{"@type":"WebSite","@id":"https:\/\/edicionesalfar.es\/es\/#website","url":"https:\/\/edicionesalfar.es\/es\/","name":"Ediciones Alfar","description":"","potentialAction":[{"@type":"SearchAction","target":{"@type":"EntryPoint","urlTemplate":"https:\/\/edicionesalfar.es\/es\/?s={search_term_string}"},"query-input":{"@type":"PropertyValueSpecification","valueRequired":true,"valueName":"search_term_string"}}],"inLanguage":"es"}]}},"_links":{"self":[{"href":"https:\/\/edicionesalfar.es\/es\/wp-json\/wp\/v2\/product\/14208","targetHints":{"allow":["GET"]}}],"collection":[{"href":"https:\/\/edicionesalfar.es\/es\/wp-json\/wp\/v2\/product"}],"about":[{"href":"https:\/\/edicionesalfar.es\/es\/wp-json\/wp\/v2\/types\/product"}],"replies":[{"embeddable":true,"href":"https:\/\/edicionesalfar.es\/es\/wp-json\/wp\/v2\/comments?post=14208"}],"wp:featuredmedia":[{"embeddable":true,"href":"https:\/\/edicionesalfar.es\/es\/wp-json\/wp\/v2\/media\/14209"}],"wp:attachment":[{"href":"https:\/\/edicionesalfar.es\/es\/wp-json\/wp\/v2\/media?parent=14208"}],"wp:term":[{"taxonomy":"product_brand","embeddable":true,"href":"https:\/\/edicionesalfar.es\/es\/wp-json\/wp\/v2\/product_brand?post=14208"},{"taxonomy":"product_cat","embeddable":true,"href":"https:\/\/edicionesalfar.es\/es\/wp-json\/wp\/v2\/product_cat?post=14208"},{"taxonomy":"product_tag","embeddable":true,"href":"https:\/\/edicionesalfar.es\/es\/wp-json\/wp\/v2\/product_tag?post=14208"}],"curies":[{"name":"wp","href":"https:\/\/api.w.org\/{rel}","templated":true}]}}