{"id":14200,"date":"2019-07-11T05:53:20","date_gmt":"2019-07-11T05:53:20","guid":{"rendered":"http:\/\/www.edicionesalfar.es\/web-wordpress\/?post_type=product&#044;p="},"modified":"2024-11-09T13:20:13","modified_gmt":"2024-11-09T12:20:13","slug":"cuentos-andaluces-2-edicion","status":"publish","type":"product","link":"https:\/\/edicionesalfar.es\/es\/producto\/cuentos-andaluces-2-edicion\/","title":{"rendered":"Cuentos andaluces (2\u00aa edici\u00f3n)"},"content":{"rendered":"","protected":false},"excerpt":{"rendered":"<p style=\"text-indent: 0.03cm; margin-top: 0.18cm; margin-bottom: 0cm;\" align=\"JUSTIFY\">LIBROS DE MEJOR VISTA es una colecci\u00f3n especialmente pensada para aquellos que tienen problemas con la \u201cletra peque\u00f1a\u201d y el abigarrado texto que caracteriza muchas de las ediciones actuales. Ofrecemos, en una cuidada selecci\u00f3n que alterna los cl\u00e1sicos con autores actuales, obras para <em>neolectores, lectores de vista cansada<\/em> y, en general, para todos aquellos que quieran deleitarse con la lectura gustosa y c\u00f3moda.<\/p>\n<p style=\"margin-bottom: 0cm;\" align=\"JUSTIFY\"><span style=\"font-family: 'Times New Roman', serif;\">Estamos ante una selecci\u00f3n de cuentos infantiles tra\u00eddos de la mano de Fern\u00e1n Caballero. Nos transporta a un mundo de sue\u00f1os y sentimientos con una serie de relatos tanto para adultos como para ni\u00f1os.<\/span><\/p>\n","protected":false},"featured_media":14201,"comment_status":"open","ping_status":"closed","template":"","meta":{"_acf_changed":false,"_et_pb_use_builder":"","_et_pb_old_content":"","_et_gb_content_width":""},"product_brand":[],"product_cat":[376,492,44],"product_tag":[],"class_list":{"0":"post-14200","1":"product","2":"type-product","3":"status-publish","4":"has-post-thumbnail","6":"product_cat-autores","7":"product_cat-caballero-fernando","8":"product_cat-libros-mejor-vista","10":"first","11":"instock","12":"taxable","13":"shipping-taxable","14":"purchasable","15":"product-type-simple"},"acf":[],"yoast_head":"<!-- This site is optimized with the Yoast SEO plugin v27.3 - https:\/\/yoast.com\/product\/yoast-seo-wordpress\/ -->\n<title>Cuentos andaluces (2\u00aa edici\u00f3n) - Ediciones Alfar<\/title>\n<meta name=\"robots\" content=\"index, follow, max-snippet:-1, max-image-preview:large, max-video-preview:-1\" \/>\n<link rel=\"canonical\" href=\"https:\/\/edicionesalfar.es\/es\/producto\/cuentos-andaluces-2-edicion\/\" \/>\n<meta property=\"og:locale\" content=\"es_ES\" \/>\n<meta property=\"og:type\" content=\"article\" \/>\n<meta property=\"og:title\" content=\"Cuentos andaluces (2\u00aa edici\u00f3n) - Ediciones Alfar\" \/>\n<meta property=\"og:description\" content=\"LIBROS DE MEJOR VISTA es una colecci\u00f3n especialmente pensada para aquellos que tienen problemas con la \u201cletra peque\u00f1a\u201d y el abigarrado texto que caracteriza muchas de las ediciones actuales. Ofrecemos, en una cuidada selecci\u00f3n que alterna los cl\u00e1sicos con autores actuales, obras para neolectores, lectores de vista cansada y, en general, para todos aquellos que quieran deleitarse con la lectura gustosa y c\u00f3moda. Estamos ante una selecci\u00f3n de cuentos infantiles tra\u00eddos de la mano de Fern\u00e1n Caballero. Nos transporta a un mundo de sue\u00f1os y sentimientos con una serie de relatos tanto para adultos como para ni\u00f1os.\" \/>\n<meta property=\"og:url\" content=\"https:\/\/edicionesalfar.es\/es\/producto\/cuentos-andaluces-2-edicion\/\" \/>\n<meta property=\"og:site_name\" content=\"Ediciones Alfar\" \/>\n<meta property=\"article:modified_time\" content=\"2024-11-09T12:20:13+00:00\" \/>\n<meta property=\"og:image\" content=\"https:\/\/edicionesalfar.es\/es\/wp-content\/uploads\/2019\/05\/cuentosandaluces2ed.gif\" \/>\n\t<meta property=\"og:image:width\" content=\"1\" \/>\n\t<meta property=\"og:image:height\" content=\"1\" \/>\n\t<meta property=\"og:image:type\" content=\"image\/jpeg\" \/>\n<meta name=\"twitter:card\" content=\"summary_large_image\" \/>\n<script type=\"application\/ld+json\" class=\"yoast-schema-graph\">{\"@context\":\"https:\\\/\\\/schema.org\",\"@graph\":[{\"@type\":\"WebPage\",\"@id\":\"https:\\\/\\\/edicionesalfar.es\\\/es\\\/producto\\\/cuentos-andaluces-2-edicion\\\/\",\"url\":\"https:\\\/\\\/edicionesalfar.es\\\/es\\\/producto\\\/cuentos-andaluces-2-edicion\\\/\",\"name\":\"Cuentos andaluces (2\u00aa edici\u00f3n) - Ediciones Alfar\",\"isPartOf\":{\"@id\":\"https:\\\/\\\/edicionesalfar.es\\\/es\\\/#website\"},\"primaryImageOfPage\":{\"@id\":\"https:\\\/\\\/edicionesalfar.es\\\/es\\\/producto\\\/cuentos-andaluces-2-edicion\\\/#primaryimage\"},\"image\":{\"@id\":\"https:\\\/\\\/edicionesalfar.es\\\/es\\\/producto\\\/cuentos-andaluces-2-edicion\\\/#primaryimage\"},\"thumbnailUrl\":\"https:\\\/\\\/edicionesalfar.es\\\/es\\\/wp-content\\\/uploads\\\/2019\\\/05\\\/cuentosandaluces2ed.gif\",\"datePublished\":\"2019-07-11T05:53:20+00:00\",\"dateModified\":\"2024-11-09T12:20:13+00:00\",\"breadcrumb\":{\"@id\":\"https:\\\/\\\/edicionesalfar.es\\\/es\\\/producto\\\/cuentos-andaluces-2-edicion\\\/#breadcrumb\"},\"inLanguage\":\"es\",\"potentialAction\":[{\"@type\":\"ReadAction\",\"target\":[\"https:\\\/\\\/edicionesalfar.es\\\/es\\\/producto\\\/cuentos-andaluces-2-edicion\\\/\"]}]},{\"@type\":\"ImageObject\",\"inLanguage\":\"es\",\"@id\":\"https:\\\/\\\/edicionesalfar.es\\\/es\\\/producto\\\/cuentos-andaluces-2-edicion\\\/#primaryimage\",\"url\":\"https:\\\/\\\/edicionesalfar.es\\\/es\\\/wp-content\\\/uploads\\\/2019\\\/05\\\/cuentosandaluces2ed.gif\",\"contentUrl\":\"https:\\\/\\\/edicionesalfar.es\\\/es\\\/wp-content\\\/uploads\\\/2019\\\/05\\\/cuentosandaluces2ed.gif\"},{\"@type\":\"BreadcrumbList\",\"@id\":\"https:\\\/\\\/edicionesalfar.es\\\/es\\\/producto\\\/cuentos-andaluces-2-edicion\\\/#breadcrumb\",\"itemListElement\":[{\"@type\":\"ListItem\",\"position\":1,\"name\":\"Portada\",\"item\":\"https:\\\/\\\/edicionesalfar.es\\\/es\\\/\"},{\"@type\":\"ListItem\",\"position\":2,\"name\":\"Cat\u00e1logo\",\"item\":\"https:\\\/\\\/edicionesalfar.es\\\/es\\\/catalogo\\\/\"},{\"@type\":\"ListItem\",\"position\":3,\"name\":\"Cuentos andaluces (2\u00aa edici\u00f3n)\"}]},{\"@type\":\"WebSite\",\"@id\":\"https:\\\/\\\/edicionesalfar.es\\\/es\\\/#website\",\"url\":\"https:\\\/\\\/edicionesalfar.es\\\/es\\\/\",\"name\":\"Ediciones Alfar\",\"description\":\"\",\"potentialAction\":[{\"@type\":\"SearchAction\",\"target\":{\"@type\":\"EntryPoint\",\"urlTemplate\":\"https:\\\/\\\/edicionesalfar.es\\\/es\\\/?s={search_term_string}\"},\"query-input\":{\"@type\":\"PropertyValueSpecification\",\"valueRequired\":true,\"valueName\":\"search_term_string\"}}],\"inLanguage\":\"es\"}]}<\/script>\n<!-- \/ Yoast SEO plugin. -->","yoast_head_json":{"title":"Cuentos andaluces (2\u00aa edici\u00f3n) - Ediciones Alfar","robots":{"index":"index","follow":"follow","max-snippet":"max-snippet:-1","max-image-preview":"max-image-preview:large","max-video-preview":"max-video-preview:-1"},"canonical":"https:\/\/edicionesalfar.es\/es\/producto\/cuentos-andaluces-2-edicion\/","og_locale":"es_ES","og_type":"article","og_title":"Cuentos andaluces (2\u00aa edici\u00f3n) - Ediciones Alfar","og_description":"LIBROS DE MEJOR VISTA es una colecci\u00f3n especialmente pensada para aquellos que tienen problemas con la \u201cletra peque\u00f1a\u201d y el abigarrado texto que caracteriza muchas de las ediciones actuales. Ofrecemos, en una cuidada selecci\u00f3n que alterna los cl\u00e1sicos con autores actuales, obras para neolectores, lectores de vista cansada y, en general, para todos aquellos que quieran deleitarse con la lectura gustosa y c\u00f3moda. Estamos ante una selecci\u00f3n de cuentos infantiles tra\u00eddos de la mano de Fern\u00e1n Caballero. Nos transporta a un mundo de sue\u00f1os y sentimientos con una serie de relatos tanto para adultos como para ni\u00f1os.","og_url":"https:\/\/edicionesalfar.es\/es\/producto\/cuentos-andaluces-2-edicion\/","og_site_name":"Ediciones Alfar","article_modified_time":"2024-11-09T12:20:13+00:00","og_image":[{"url":"https:\/\/edicionesalfar.es\/es\/wp-content\/uploads\/2019\/05\/cuentosandaluces2ed.gif","width":1,"height":1,"type":"image\/jpeg"}],"twitter_card":"summary_large_image","schema":{"@context":"https:\/\/schema.org","@graph":[{"@type":"WebPage","@id":"https:\/\/edicionesalfar.es\/es\/producto\/cuentos-andaluces-2-edicion\/","url":"https:\/\/edicionesalfar.es\/es\/producto\/cuentos-andaluces-2-edicion\/","name":"Cuentos andaluces (2\u00aa edici\u00f3n) - Ediciones Alfar","isPartOf":{"@id":"https:\/\/edicionesalfar.es\/es\/#website"},"primaryImageOfPage":{"@id":"https:\/\/edicionesalfar.es\/es\/producto\/cuentos-andaluces-2-edicion\/#primaryimage"},"image":{"@id":"https:\/\/edicionesalfar.es\/es\/producto\/cuentos-andaluces-2-edicion\/#primaryimage"},"thumbnailUrl":"https:\/\/edicionesalfar.es\/es\/wp-content\/uploads\/2019\/05\/cuentosandaluces2ed.gif","datePublished":"2019-07-11T05:53:20+00:00","dateModified":"2024-11-09T12:20:13+00:00","breadcrumb":{"@id":"https:\/\/edicionesalfar.es\/es\/producto\/cuentos-andaluces-2-edicion\/#breadcrumb"},"inLanguage":"es","potentialAction":[{"@type":"ReadAction","target":["https:\/\/edicionesalfar.es\/es\/producto\/cuentos-andaluces-2-edicion\/"]}]},{"@type":"ImageObject","inLanguage":"es","@id":"https:\/\/edicionesalfar.es\/es\/producto\/cuentos-andaluces-2-edicion\/#primaryimage","url":"https:\/\/edicionesalfar.es\/es\/wp-content\/uploads\/2019\/05\/cuentosandaluces2ed.gif","contentUrl":"https:\/\/edicionesalfar.es\/es\/wp-content\/uploads\/2019\/05\/cuentosandaluces2ed.gif"},{"@type":"BreadcrumbList","@id":"https:\/\/edicionesalfar.es\/es\/producto\/cuentos-andaluces-2-edicion\/#breadcrumb","itemListElement":[{"@type":"ListItem","position":1,"name":"Portada","item":"https:\/\/edicionesalfar.es\/es\/"},{"@type":"ListItem","position":2,"name":"Cat\u00e1logo","item":"https:\/\/edicionesalfar.es\/es\/catalogo\/"},{"@type":"ListItem","position":3,"name":"Cuentos andaluces (2\u00aa edici\u00f3n)"}]},{"@type":"WebSite","@id":"https:\/\/edicionesalfar.es\/es\/#website","url":"https:\/\/edicionesalfar.es\/es\/","name":"Ediciones Alfar","description":"","potentialAction":[{"@type":"SearchAction","target":{"@type":"EntryPoint","urlTemplate":"https:\/\/edicionesalfar.es\/es\/?s={search_term_string}"},"query-input":{"@type":"PropertyValueSpecification","valueRequired":true,"valueName":"search_term_string"}}],"inLanguage":"es"}]}},"_links":{"self":[{"href":"https:\/\/edicionesalfar.es\/es\/wp-json\/wp\/v2\/product\/14200","targetHints":{"allow":["GET"]}}],"collection":[{"href":"https:\/\/edicionesalfar.es\/es\/wp-json\/wp\/v2\/product"}],"about":[{"href":"https:\/\/edicionesalfar.es\/es\/wp-json\/wp\/v2\/types\/product"}],"replies":[{"embeddable":true,"href":"https:\/\/edicionesalfar.es\/es\/wp-json\/wp\/v2\/comments?post=14200"}],"wp:featuredmedia":[{"embeddable":true,"href":"https:\/\/edicionesalfar.es\/es\/wp-json\/wp\/v2\/media\/14201"}],"wp:attachment":[{"href":"https:\/\/edicionesalfar.es\/es\/wp-json\/wp\/v2\/media?parent=14200"}],"wp:term":[{"taxonomy":"product_brand","embeddable":true,"href":"https:\/\/edicionesalfar.es\/es\/wp-json\/wp\/v2\/product_brand?post=14200"},{"taxonomy":"product_cat","embeddable":true,"href":"https:\/\/edicionesalfar.es\/es\/wp-json\/wp\/v2\/product_cat?post=14200"},{"taxonomy":"product_tag","embeddable":true,"href":"https:\/\/edicionesalfar.es\/es\/wp-json\/wp\/v2\/product_tag?post=14200"}],"curies":[{"name":"wp","href":"https:\/\/api.w.org\/{rel}","templated":true}]}}