{"id":14192,"date":"2019-07-11T05:53:16","date_gmt":"2019-07-11T05:53:16","guid":{"rendered":"http:\/\/www.edicionesalfar.es\/web-wordpress\/?post_type=product\\&#044;p="},"modified":"2024-11-09T08:34:11","modified_gmt":"2024-11-09T07:34:11","slug":"cancionero-apocrifo-seleccion","status":"publish","type":"product","link":"https:\/\/edicionesalfar.es\/es\/producto\/cancionero-apocrifo-seleccion\/","title":{"rendered":"Cancionero ap\u00f3crifo (selecci\u00f3n)"},"content":{"rendered":"<p style=\"margin-top: 1em; margin-right: 0px; margin-bottom: 0cm; margin-left: 0px; padding-left: 0px;\" align=\"JUSTIFY\">CONTENIDO:\u00a0LIBROS DE MEJOR VISTA es una colecci\u00f3n especialmente pensada para aquellos que tienen problemas con la \u00abletra peque\u00f1a\u00bb y el abigarrado texto que caracteriza muchas de las ediciones actuales. ofrecemos, en una cuidada selecci\u00f3n que alterna los cl\u00e1sicos con autores actuales, obras para neolectores, lectores de vista cansada y, en general, para todos aquellos que quieran deleitarse con la lectura gustosa y c\u00f3moda.<\/p>\n<p style=\"margin-top: 0.18cm; margin-right: 0px; margin-bottom: 0cm; margin-left: 0px; padding-left: 0px; text-indent: 0.03cm;\" lang=\"es-ES\" align=\"JUSTIFY\">En esta segunda recopilaci\u00f3n sobre Antonio Machado en los LIBROS DE MEJOR VISTA nos atrevemos con una selecci\u00f3n de textos en la que aparecen Juan de Mairena, Abel Mart\u00edn y Jos\u00e9 Meneses y, como no, algunas de las Canciones a Guiomar, la poetisa Pilar Valderrama, a la cual profes\u00f3 un amor, que no por ser del todo plat\u00f3nico fue menos profundo y total. \u201cCuando en amor se renuncia a lo demasiado humano, queda lo eterno\u201d.<\/p>\n","protected":false},"excerpt":{"rendered":"<p lang=\"es-ES\" align=\"JUSTIFY\" style=\"text-indent: 0.03cm; margin-top: 0.18cm; margin-bottom: 0cm;\"><span style=\"font-family: 'Times New Roman', serif;\"><span style=\"color: #000000;\"><span>LIBROS DE MEJOR VISTA es una colecci\u00f3n especialmente pensada para aquellos que tienen problemas con la \u00abletra peque\u00f1a\u00bb y el abigarrado texto que caracteriza muchas de las ediciones actuales. ofrecemos, en una cuidada selecci\u00f3n que alterna los cl\u00e1sicos con autores actuales, obras para neolectores, lectores de vista cansada y, en general, para todos aquellos que quieran deleitarse con la lectura gustosa y c\u00f3moda.<\/span><\/span><\/span><\/p>\n<p lang=\"es-ES\" align=\"JUSTIFY\" style=\"text-indent: 0.03cm; margin-top: 0.18cm; margin-bottom: 0cm;\">\u00a0<\/p>\n<p lang=\"es-ES\" align=\"JUSTIFY\" style=\"text-indent: 0.03cm; margin-top: 0.18cm; margin-bottom: 0cm;\"><span style=\"font-family: 'Times New Roman', serif;\"><span style=\"color: #000000;\"><span>DISPONIBLE EN EBOOK<\/span><\/span><\/span><\/p>\n<p lang=\"es-ES\" align=\"JUSTIFY\" style=\"text-indent: 0.03cm; margin-top: 0.18cm; margin-bottom: 0cm;\"><span style=\"font-family: 'Times New Roman', serif;\"><span style=\"color: #000000;\"><span><a target=\"_blank\" href=\"http:\/\/www.casadellibro.com\/ebook-cancionero-apocrifo-seleccion-ebook\/9788478984657\/2042540\"><img decoding=\"async\" src=\"http:\/\/image.casadellibro.com\/t1\/i\/logo-img.png\" alt=\"Librer\u00eda casadellibro.com\" \/><\/a><br \/>En esta segunda recopilaci\u00f3n sobre Antonio Machado en los LIBROS DE MEJOR VISTA nos atrevemos con una selecci\u00f3n de textos en la que aparecen Juan de Mairena, Abel Mart\u00edn y Jos\u00e9 Meneses y, como no, algunas de las Canciones a Guiomar, la poetisa Pilar Valderrama, a la cual profes\u00f3 un amor, que no por ser del todo plat\u00f3nico fue menos profundo y total. \u201cCuando en amor se renuncia a lo demasiado humano, queda lo eterno\u201d.<\/span><\/span><\/span><\/p>\n","protected":false},"featured_media":14193,"comment_status":"open","ping_status":"open","template":"","meta":{"_acf_changed":false,"_et_pb_use_builder":"","_et_pb_old_content":"","_et_gb_content_width":""},"product_brand":[],"product_cat":[44],"product_tag":[],"class_list":{"0":"post-14192","1":"product","2":"type-product","3":"status-publish","4":"has-post-thumbnail","6":"product_cat-libros-mejor-vista","8":"first","9":"instock","10":"taxable","11":"shipping-taxable","12":"purchasable","13":"product-type-simple"},"acf":[],"yoast_head":"<!-- This site is optimized with the Yoast SEO plugin v27.5 - https:\/\/yoast.com\/product\/yoast-seo-wordpress\/ -->\n<title>Cancionero ap\u00f3crifo (selecci\u00f3n) - Ediciones Alfar<\/title>\n<meta name=\"robots\" content=\"index, follow, max-snippet:-1, max-image-preview:large, max-video-preview:-1\" \/>\n<link rel=\"canonical\" href=\"https:\/\/edicionesalfar.es\/es\/producto\/cancionero-apocrifo-seleccion\/\" \/>\n<meta property=\"og:locale\" content=\"es_ES\" \/>\n<meta property=\"og:type\" content=\"article\" \/>\n<meta property=\"og:title\" content=\"Cancionero ap\u00f3crifo (selecci\u00f3n) - Ediciones Alfar\" \/>\n<meta property=\"og:description\" content=\"LIBROS DE MEJOR VISTA es una colecci\u00f3n especialmente pensada para aquellos que tienen problemas con la &quot;letra peque\u00f1a&quot; y el abigarrado texto que caracteriza muchas de las ediciones actuales. ofrecemos, en una cuidada selecci\u00f3n que alterna los cl\u00e1sicos con autores actuales, obras para neolectores, lectores de vista cansada y, en general, para todos aquellos que quieran deleitarse con la lectura gustosa y c\u00f3moda. \u00a0 DISPONIBLE EN EBOOK En esta segunda recopilaci\u00f3n sobre Antonio Machado en los LIBROS DE MEJOR VISTA nos atrevemos con una selecci\u00f3n de textos en la que aparecen Juan de Mairena, Abel Mart\u00edn y Jos\u00e9 Meneses y, como no, algunas de las Canciones a Guiomar, la poetisa Pilar Valderrama, a la cual profes\u00f3 un amor, que no por ser del todo plat\u00f3nico fue menos profundo y total. \u201cCuando en amor se renuncia a lo demasiado humano, queda lo eterno\u201d.\" \/>\n<meta property=\"og:url\" content=\"https:\/\/edicionesalfar.es\/es\/producto\/cancionero-apocrifo-seleccion\/\" \/>\n<meta property=\"og:site_name\" content=\"Ediciones Alfar\" \/>\n<meta property=\"article:modified_time\" content=\"2024-11-09T07:34:11+00:00\" \/>\n<meta property=\"og:image\" content=\"https:\/\/edicionesalfar.es\/es\/wp-content\/uploads\/2019\/05\/Cancionero-simple.jpg\" \/>\n\t<meta property=\"og:image:width\" content=\"1\" \/>\n\t<meta property=\"og:image:height\" content=\"1\" \/>\n\t<meta property=\"og:image:type\" content=\"image\/jpeg\" \/>\n<meta name=\"twitter:card\" content=\"summary_large_image\" \/>\n<meta name=\"twitter:label1\" content=\"Tiempo de lectura\" \/>\n\t<meta name=\"twitter:data1\" content=\"1 minuto\" \/>\n<script type=\"application\/ld+json\" class=\"yoast-schema-graph\">{\"@context\":\"https:\\\/\\\/schema.org\",\"@graph\":[{\"@type\":\"WebPage\",\"@id\":\"https:\\\/\\\/edicionesalfar.es\\\/es\\\/producto\\\/cancionero-apocrifo-seleccion\\\/\",\"url\":\"https:\\\/\\\/edicionesalfar.es\\\/es\\\/producto\\\/cancionero-apocrifo-seleccion\\\/\",\"name\":\"Cancionero ap\u00f3crifo (selecci\u00f3n) - Ediciones Alfar\",\"isPartOf\":{\"@id\":\"https:\\\/\\\/edicionesalfar.es\\\/es\\\/#website\"},\"primaryImageOfPage\":{\"@id\":\"https:\\\/\\\/edicionesalfar.es\\\/es\\\/producto\\\/cancionero-apocrifo-seleccion\\\/#primaryimage\"},\"image\":{\"@id\":\"https:\\\/\\\/edicionesalfar.es\\\/es\\\/producto\\\/cancionero-apocrifo-seleccion\\\/#primaryimage\"},\"thumbnailUrl\":\"https:\\\/\\\/edicionesalfar.es\\\/es\\\/wp-content\\\/uploads\\\/2019\\\/05\\\/Cancionero-simple.jpg\",\"datePublished\":\"2019-07-11T05:53:16+00:00\",\"dateModified\":\"2024-11-09T07:34:11+00:00\",\"breadcrumb\":{\"@id\":\"https:\\\/\\\/edicionesalfar.es\\\/es\\\/producto\\\/cancionero-apocrifo-seleccion\\\/#breadcrumb\"},\"inLanguage\":\"es\",\"potentialAction\":[{\"@type\":\"ReadAction\",\"target\":[\"https:\\\/\\\/edicionesalfar.es\\\/es\\\/producto\\\/cancionero-apocrifo-seleccion\\\/\"]}]},{\"@type\":\"ImageObject\",\"inLanguage\":\"es\",\"@id\":\"https:\\\/\\\/edicionesalfar.es\\\/es\\\/producto\\\/cancionero-apocrifo-seleccion\\\/#primaryimage\",\"url\":\"https:\\\/\\\/edicionesalfar.es\\\/es\\\/wp-content\\\/uploads\\\/2019\\\/05\\\/Cancionero-simple.jpg\",\"contentUrl\":\"https:\\\/\\\/edicionesalfar.es\\\/es\\\/wp-content\\\/uploads\\\/2019\\\/05\\\/Cancionero-simple.jpg\"},{\"@type\":\"BreadcrumbList\",\"@id\":\"https:\\\/\\\/edicionesalfar.es\\\/es\\\/producto\\\/cancionero-apocrifo-seleccion\\\/#breadcrumb\",\"itemListElement\":[{\"@type\":\"ListItem\",\"position\":1,\"name\":\"Portada\",\"item\":\"https:\\\/\\\/edicionesalfar.es\\\/es\\\/\"},{\"@type\":\"ListItem\",\"position\":2,\"name\":\"Cat\u00e1logo\",\"item\":\"https:\\\/\\\/edicionesalfar.es\\\/es\\\/catalogo\\\/\"},{\"@type\":\"ListItem\",\"position\":3,\"name\":\"Cancionero ap\u00f3crifo (selecci\u00f3n)\"}]},{\"@type\":\"WebSite\",\"@id\":\"https:\\\/\\\/edicionesalfar.es\\\/es\\\/#website\",\"url\":\"https:\\\/\\\/edicionesalfar.es\\\/es\\\/\",\"name\":\"Ediciones Alfar\",\"description\":\"\",\"potentialAction\":[{\"@type\":\"SearchAction\",\"target\":{\"@type\":\"EntryPoint\",\"urlTemplate\":\"https:\\\/\\\/edicionesalfar.es\\\/es\\\/?s={search_term_string}\"},\"query-input\":{\"@type\":\"PropertyValueSpecification\",\"valueRequired\":true,\"valueName\":\"search_term_string\"}}],\"inLanguage\":\"es\"}]}<\/script>\n<!-- \/ Yoast SEO plugin. -->","yoast_head_json":{"title":"Cancionero ap\u00f3crifo (selecci\u00f3n) - Ediciones Alfar","robots":{"index":"index","follow":"follow","max-snippet":"max-snippet:-1","max-image-preview":"max-image-preview:large","max-video-preview":"max-video-preview:-1"},"canonical":"https:\/\/edicionesalfar.es\/es\/producto\/cancionero-apocrifo-seleccion\/","og_locale":"es_ES","og_type":"article","og_title":"Cancionero ap\u00f3crifo (selecci\u00f3n) - Ediciones Alfar","og_description":"LIBROS DE MEJOR VISTA es una colecci\u00f3n especialmente pensada para aquellos que tienen problemas con la \"letra peque\u00f1a\" y el abigarrado texto que caracteriza muchas de las ediciones actuales. ofrecemos, en una cuidada selecci\u00f3n que alterna los cl\u00e1sicos con autores actuales, obras para neolectores, lectores de vista cansada y, en general, para todos aquellos que quieran deleitarse con la lectura gustosa y c\u00f3moda. \u00a0 DISPONIBLE EN EBOOK En esta segunda recopilaci\u00f3n sobre Antonio Machado en los LIBROS DE MEJOR VISTA nos atrevemos con una selecci\u00f3n de textos en la que aparecen Juan de Mairena, Abel Mart\u00edn y Jos\u00e9 Meneses y, como no, algunas de las Canciones a Guiomar, la poetisa Pilar Valderrama, a la cual profes\u00f3 un amor, que no por ser del todo plat\u00f3nico fue menos profundo y total. \u201cCuando en amor se renuncia a lo demasiado humano, queda lo eterno\u201d.","og_url":"https:\/\/edicionesalfar.es\/es\/producto\/cancionero-apocrifo-seleccion\/","og_site_name":"Ediciones Alfar","article_modified_time":"2024-11-09T07:34:11+00:00","og_image":[{"url":"https:\/\/edicionesalfar.es\/es\/wp-content\/uploads\/2019\/05\/Cancionero-simple.jpg","width":1,"height":1,"type":"image\/jpeg"}],"twitter_card":"summary_large_image","twitter_misc":{"Tiempo de lectura":"1 minuto"},"schema":{"@context":"https:\/\/schema.org","@graph":[{"@type":"WebPage","@id":"https:\/\/edicionesalfar.es\/es\/producto\/cancionero-apocrifo-seleccion\/","url":"https:\/\/edicionesalfar.es\/es\/producto\/cancionero-apocrifo-seleccion\/","name":"Cancionero ap\u00f3crifo (selecci\u00f3n) - Ediciones Alfar","isPartOf":{"@id":"https:\/\/edicionesalfar.es\/es\/#website"},"primaryImageOfPage":{"@id":"https:\/\/edicionesalfar.es\/es\/producto\/cancionero-apocrifo-seleccion\/#primaryimage"},"image":{"@id":"https:\/\/edicionesalfar.es\/es\/producto\/cancionero-apocrifo-seleccion\/#primaryimage"},"thumbnailUrl":"https:\/\/edicionesalfar.es\/es\/wp-content\/uploads\/2019\/05\/Cancionero-simple.jpg","datePublished":"2019-07-11T05:53:16+00:00","dateModified":"2024-11-09T07:34:11+00:00","breadcrumb":{"@id":"https:\/\/edicionesalfar.es\/es\/producto\/cancionero-apocrifo-seleccion\/#breadcrumb"},"inLanguage":"es","potentialAction":[{"@type":"ReadAction","target":["https:\/\/edicionesalfar.es\/es\/producto\/cancionero-apocrifo-seleccion\/"]}]},{"@type":"ImageObject","inLanguage":"es","@id":"https:\/\/edicionesalfar.es\/es\/producto\/cancionero-apocrifo-seleccion\/#primaryimage","url":"https:\/\/edicionesalfar.es\/es\/wp-content\/uploads\/2019\/05\/Cancionero-simple.jpg","contentUrl":"https:\/\/edicionesalfar.es\/es\/wp-content\/uploads\/2019\/05\/Cancionero-simple.jpg"},{"@type":"BreadcrumbList","@id":"https:\/\/edicionesalfar.es\/es\/producto\/cancionero-apocrifo-seleccion\/#breadcrumb","itemListElement":[{"@type":"ListItem","position":1,"name":"Portada","item":"https:\/\/edicionesalfar.es\/es\/"},{"@type":"ListItem","position":2,"name":"Cat\u00e1logo","item":"https:\/\/edicionesalfar.es\/es\/catalogo\/"},{"@type":"ListItem","position":3,"name":"Cancionero ap\u00f3crifo (selecci\u00f3n)"}]},{"@type":"WebSite","@id":"https:\/\/edicionesalfar.es\/es\/#website","url":"https:\/\/edicionesalfar.es\/es\/","name":"Ediciones Alfar","description":"","potentialAction":[{"@type":"SearchAction","target":{"@type":"EntryPoint","urlTemplate":"https:\/\/edicionesalfar.es\/es\/?s={search_term_string}"},"query-input":{"@type":"PropertyValueSpecification","valueRequired":true,"valueName":"search_term_string"}}],"inLanguage":"es"}]}},"_links":{"self":[{"href":"https:\/\/edicionesalfar.es\/es\/wp-json\/wp\/v2\/product\/14192","targetHints":{"allow":["GET"]}}],"collection":[{"href":"https:\/\/edicionesalfar.es\/es\/wp-json\/wp\/v2\/product"}],"about":[{"href":"https:\/\/edicionesalfar.es\/es\/wp-json\/wp\/v2\/types\/product"}],"replies":[{"embeddable":true,"href":"https:\/\/edicionesalfar.es\/es\/wp-json\/wp\/v2\/comments?post=14192"}],"wp:featuredmedia":[{"embeddable":true,"href":"https:\/\/edicionesalfar.es\/es\/wp-json\/wp\/v2\/media\/14193"}],"wp:attachment":[{"href":"https:\/\/edicionesalfar.es\/es\/wp-json\/wp\/v2\/media?parent=14192"}],"wp:term":[{"taxonomy":"product_brand","embeddable":true,"href":"https:\/\/edicionesalfar.es\/es\/wp-json\/wp\/v2\/product_brand?post=14192"},{"taxonomy":"product_cat","embeddable":true,"href":"https:\/\/edicionesalfar.es\/es\/wp-json\/wp\/v2\/product_cat?post=14192"},{"taxonomy":"product_tag","embeddable":true,"href":"https:\/\/edicionesalfar.es\/es\/wp-json\/wp\/v2\/product_tag?post=14192"}],"curies":[{"name":"wp","href":"https:\/\/api.w.org\/{rel}","templated":true}]}}