{"id":14186,"date":"2019-07-11T05:53:13","date_gmt":"2019-07-11T05:53:13","guid":{"rendered":"http:\/\/www.edicionesalfar.es\/web-wordpress\/?post_type=product&#044;p="},"modified":"2025-09-25T21:53:59","modified_gmt":"2025-09-25T19:53:59","slug":"poema-del-cante-jondo","status":"publish","type":"product","link":"https:\/\/edicionesalfar.es\/es\/producto\/poema-del-cante-jondo\/","title":{"rendered":"Poema del Cante Jondo"},"content":{"rendered":"<p style=\"margin-bottom: 0cm; line-height: 150%;\">Autor: Federico Garc\u00eda Lorca<\/p>\n<p style=\"margin-bottom: 0cm; line-height: 150%;\" align=\"JUSTIFY\">T\u00edtulo: Poema del Cante Jondo<\/p>\n<p style=\"margin-bottom: 0cm; line-height: 150%;\">Colecci\u00f3n : Libros de Mejor Vista, 22.<\/p>\n<p style=\"margin-bottom: 0cm; line-height: 150%;\">P\u00e1ginas 94 p\u00e1ginas. Formato: 13 x 21 cms. Encuadernaci\u00f3n: R\u00fastica.<\/p>\n<p style=\"margin-bottom: 0cm; line-height: 150%;\">I.S.B.N.: 978-84-7898-414-5 Dep. Leg.: SE-9550-2011<\/p>\n<p style=\"margin-bottom: 0cm; line-height: 150%;\">Fecha de publicaci\u00f3n: marzo de 2012.<\/p>\n<p style=\"margin-bottom: 0cm; line-height: 150%;\">P.V.P. : 5 euros<\/p>\n<p style=\"margin-bottom: 0cm; line-height: 150%;\" align=\"JUSTIFY\">PALABRAS-CLAVE: flamenco; Federico Garc\u00eda Lorca.<\/p>\n<p style=\"margin-bottom: 0cm; line-height: 150%;\" align=\"JUSTIFY\">CONTENIDO: LIBROS DE MEJOR VISTA es una colecci\u00f3n especialmente pensada para aquellos que tienen problemas con la \u00abletra peque\u00f1a\u00bb y el abigarrado texto que caracteriza muchas de las ediciones actuales. Ofrecemos, en una cuidada selecci\u00f3n que alterna los cl\u00e1sicos con autores actuales, obras para neolectores, lectores de vista cansada y, en general, para todos aquellos que quieran deleitarse con la lectura gustosa y c\u00f3moda.<\/p>\n<p style=\"text-indent: 0.7cm; margin-bottom: 0cm; line-height: 150%;\" align=\"JUSTIFY\">En el Poema del cante jondo se propone Garc\u00eda Lorca lograr una obra misteriosa y clara que sea como una flor: arbitraria y perfecta. Se trataba de penetrar en el esp\u00edritu de Andaluc\u00eda captando su cultura popular primitiva y misteriosa, curtida en el dolor. El resultado es un prodigio de voz po\u00e9tica.<\/p>\n","protected":false},"excerpt":{"rendered":"<p style=\"margin-bottom: 0cm; line-height: 150%;\" align=\"JUSTIFY\"><span style=\"color: #000000;\"><span style=\"font-family: 'Times New Roman', serif;\"><span style=\"font-size: small;\"><span lang=\"es-ES\">LIBROS DE MEJOR VISTA es una colecci\u00f3n especialmente pensada para aquellos que tienen problemas con la \u00abletra peque\u00f1a\u00bb y el abigarrado texto que caracteriza muchas de las ediciones actuales. Ofrecemos, en una cuidada selecci\u00f3n que alterna los cl\u00e1sicos con autores actuales, obras para neolectores, lectores de vista cansada y, en general, para todos aquellos que quieran deleitarse con la lectura gustosa y c\u00f3moda.<\/span><\/span><\/span><\/span><\/p>\n<p style=\"margin-right: 4.13cm; margin-bottom: 0cm; line-height: 150%;\" align=\"JUSTIFY\">\n<p style=\"text-indent: 0.7cm; margin-bottom: 0cm; line-height: 150%;\" align=\"JUSTIFY\"><span style=\"color: #000000;\"><span style=\"font-family: 'Times New Roman', serif;\"><span style=\"font-size: small;\">En el <\/span><\/span><\/span><span style=\"color: #000000;\"><span style=\"font-family: 'Times New Roman', serif;\"><span style=\"font-size: small;\"><em>Poema del cante jondo<\/em><\/span><\/span><\/span><span style=\"color: #000000;\"><span style=\"font-family: 'Times New Roman', serif;\"><span style=\"font-size: small;\"> se propone Garc\u00eda Lorca lograr una obra misteriosa y clara que sea como una flor: arbitraria y perfecta. Se trataba de penetrar en el esp\u00edritu de Andaluc\u00eda captando su cultura popular primitiva y misteriosa, curtida en el dolor. El resultado es un prodigio de voz po\u00e9tica.<\/span><\/span><\/span><\/p>\n","protected":false},"featured_media":14187,"comment_status":"open","ping_status":"closed","template":"","meta":{"_acf_changed":false,"_et_pb_use_builder":"","_et_pb_old_content":"","_et_gb_content_width":""},"product_brand":[],"product_cat":[376,585,44],"product_tag":[],"class_list":{"0":"post-14186","1":"product","2":"type-product","3":"status-publish","4":"has-post-thumbnail","6":"product_cat-autores","7":"product_cat-garcia-lorca-federico","8":"product_cat-libros-mejor-vista","10":"first","11":"instock","12":"taxable","13":"shipping-taxable","14":"purchasable","15":"product-type-simple"},"acf":[],"yoast_head":"<!-- This site is optimized with the Yoast SEO plugin v27.5 - https:\/\/yoast.com\/product\/yoast-seo-wordpress\/ -->\n<title>Poema del Cante Jondo - Ediciones Alfar<\/title>\n<meta name=\"robots\" content=\"index, follow, max-snippet:-1, max-image-preview:large, max-video-preview:-1\" \/>\n<link rel=\"canonical\" href=\"https:\/\/edicionesalfar.es\/es\/producto\/poema-del-cante-jondo\/\" \/>\n<meta property=\"og:locale\" content=\"es_ES\" \/>\n<meta property=\"og:type\" content=\"article\" \/>\n<meta property=\"og:title\" content=\"Poema del Cante Jondo - Ediciones Alfar\" \/>\n<meta property=\"og:description\" content=\"LIBROS DE MEJOR VISTA es una colecci\u00f3n especialmente pensada para aquellos que tienen problemas con la &quot;letra peque\u00f1a&quot; y el abigarrado texto que caracteriza muchas de las ediciones actuales. Ofrecemos, en una cuidada selecci\u00f3n que alterna los cl\u00e1sicos con autores actuales, obras para neolectores, lectores de vista cansada y, en general, para todos aquellos que quieran deleitarse con la lectura gustosa y c\u00f3moda.  En el Poema del cante jondo se propone Garc\u00eda Lorca lograr una obra misteriosa y clara que sea como una flor: arbitraria y perfecta. Se trataba de penetrar en el esp\u00edritu de Andaluc\u00eda captando su cultura popular primitiva y misteriosa, curtida en el dolor. El resultado es un prodigio de voz po\u00e9tica.\" \/>\n<meta property=\"og:url\" content=\"https:\/\/edicionesalfar.es\/es\/producto\/poema-del-cante-jondo\/\" \/>\n<meta property=\"og:site_name\" content=\"Ediciones Alfar\" \/>\n<meta property=\"article:modified_time\" content=\"2025-09-25T19:53:59+00:00\" \/>\n<meta property=\"og:image\" content=\"https:\/\/edicionesalfar.es\/es\/wp-content\/uploads\/2019\/05\/Poema-del-cante-jondo.jpg\" \/>\n\t<meta property=\"og:image:width\" content=\"1\" \/>\n\t<meta property=\"og:image:height\" content=\"1\" \/>\n\t<meta property=\"og:image:type\" content=\"image\/jpeg\" \/>\n<meta name=\"twitter:card\" content=\"summary_large_image\" \/>\n<meta name=\"twitter:label1\" content=\"Tiempo de lectura\" \/>\n\t<meta name=\"twitter:data1\" content=\"1 minuto\" \/>\n<script type=\"application\/ld+json\" class=\"yoast-schema-graph\">{\"@context\":\"https:\\\/\\\/schema.org\",\"@graph\":[{\"@type\":\"WebPage\",\"@id\":\"https:\\\/\\\/edicionesalfar.es\\\/es\\\/producto\\\/poema-del-cante-jondo\\\/\",\"url\":\"https:\\\/\\\/edicionesalfar.es\\\/es\\\/producto\\\/poema-del-cante-jondo\\\/\",\"name\":\"Poema del Cante Jondo - Ediciones Alfar\",\"isPartOf\":{\"@id\":\"https:\\\/\\\/edicionesalfar.es\\\/es\\\/#website\"},\"primaryImageOfPage\":{\"@id\":\"https:\\\/\\\/edicionesalfar.es\\\/es\\\/producto\\\/poema-del-cante-jondo\\\/#primaryimage\"},\"image\":{\"@id\":\"https:\\\/\\\/edicionesalfar.es\\\/es\\\/producto\\\/poema-del-cante-jondo\\\/#primaryimage\"},\"thumbnailUrl\":\"https:\\\/\\\/edicionesalfar.es\\\/es\\\/wp-content\\\/uploads\\\/2019\\\/05\\\/Poema-del-cante-jondo.jpg\",\"datePublished\":\"2019-07-11T05:53:13+00:00\",\"dateModified\":\"2025-09-25T19:53:59+00:00\",\"breadcrumb\":{\"@id\":\"https:\\\/\\\/edicionesalfar.es\\\/es\\\/producto\\\/poema-del-cante-jondo\\\/#breadcrumb\"},\"inLanguage\":\"es\",\"potentialAction\":[{\"@type\":\"ReadAction\",\"target\":[\"https:\\\/\\\/edicionesalfar.es\\\/es\\\/producto\\\/poema-del-cante-jondo\\\/\"]}]},{\"@type\":\"ImageObject\",\"inLanguage\":\"es\",\"@id\":\"https:\\\/\\\/edicionesalfar.es\\\/es\\\/producto\\\/poema-del-cante-jondo\\\/#primaryimage\",\"url\":\"https:\\\/\\\/edicionesalfar.es\\\/es\\\/wp-content\\\/uploads\\\/2019\\\/05\\\/Poema-del-cante-jondo.jpg\",\"contentUrl\":\"https:\\\/\\\/edicionesalfar.es\\\/es\\\/wp-content\\\/uploads\\\/2019\\\/05\\\/Poema-del-cante-jondo.jpg\"},{\"@type\":\"BreadcrumbList\",\"@id\":\"https:\\\/\\\/edicionesalfar.es\\\/es\\\/producto\\\/poema-del-cante-jondo\\\/#breadcrumb\",\"itemListElement\":[{\"@type\":\"ListItem\",\"position\":1,\"name\":\"Portada\",\"item\":\"https:\\\/\\\/edicionesalfar.es\\\/es\\\/\"},{\"@type\":\"ListItem\",\"position\":2,\"name\":\"Cat\u00e1logo\",\"item\":\"https:\\\/\\\/edicionesalfar.es\\\/es\\\/catalogo\\\/\"},{\"@type\":\"ListItem\",\"position\":3,\"name\":\"Poema del Cante Jondo\"}]},{\"@type\":\"WebSite\",\"@id\":\"https:\\\/\\\/edicionesalfar.es\\\/es\\\/#website\",\"url\":\"https:\\\/\\\/edicionesalfar.es\\\/es\\\/\",\"name\":\"Ediciones Alfar\",\"description\":\"\",\"potentialAction\":[{\"@type\":\"SearchAction\",\"target\":{\"@type\":\"EntryPoint\",\"urlTemplate\":\"https:\\\/\\\/edicionesalfar.es\\\/es\\\/?s={search_term_string}\"},\"query-input\":{\"@type\":\"PropertyValueSpecification\",\"valueRequired\":true,\"valueName\":\"search_term_string\"}}],\"inLanguage\":\"es\"}]}<\/script>\n<!-- \/ Yoast SEO plugin. -->","yoast_head_json":{"title":"Poema del Cante Jondo - Ediciones Alfar","robots":{"index":"index","follow":"follow","max-snippet":"max-snippet:-1","max-image-preview":"max-image-preview:large","max-video-preview":"max-video-preview:-1"},"canonical":"https:\/\/edicionesalfar.es\/es\/producto\/poema-del-cante-jondo\/","og_locale":"es_ES","og_type":"article","og_title":"Poema del Cante Jondo - Ediciones Alfar","og_description":"LIBROS DE MEJOR VISTA es una colecci\u00f3n especialmente pensada para aquellos que tienen problemas con la \"letra peque\u00f1a\" y el abigarrado texto que caracteriza muchas de las ediciones actuales. Ofrecemos, en una cuidada selecci\u00f3n que alterna los cl\u00e1sicos con autores actuales, obras para neolectores, lectores de vista cansada y, en general, para todos aquellos que quieran deleitarse con la lectura gustosa y c\u00f3moda.  En el Poema del cante jondo se propone Garc\u00eda Lorca lograr una obra misteriosa y clara que sea como una flor: arbitraria y perfecta. Se trataba de penetrar en el esp\u00edritu de Andaluc\u00eda captando su cultura popular primitiva y misteriosa, curtida en el dolor. El resultado es un prodigio de voz po\u00e9tica.","og_url":"https:\/\/edicionesalfar.es\/es\/producto\/poema-del-cante-jondo\/","og_site_name":"Ediciones Alfar","article_modified_time":"2025-09-25T19:53:59+00:00","og_image":[{"url":"https:\/\/edicionesalfar.es\/es\/wp-content\/uploads\/2019\/05\/Poema-del-cante-jondo.jpg","width":1,"height":1,"type":"image\/jpeg"}],"twitter_card":"summary_large_image","twitter_misc":{"Tiempo de lectura":"1 minuto"},"schema":{"@context":"https:\/\/schema.org","@graph":[{"@type":"WebPage","@id":"https:\/\/edicionesalfar.es\/es\/producto\/poema-del-cante-jondo\/","url":"https:\/\/edicionesalfar.es\/es\/producto\/poema-del-cante-jondo\/","name":"Poema del Cante Jondo - Ediciones Alfar","isPartOf":{"@id":"https:\/\/edicionesalfar.es\/es\/#website"},"primaryImageOfPage":{"@id":"https:\/\/edicionesalfar.es\/es\/producto\/poema-del-cante-jondo\/#primaryimage"},"image":{"@id":"https:\/\/edicionesalfar.es\/es\/producto\/poema-del-cante-jondo\/#primaryimage"},"thumbnailUrl":"https:\/\/edicionesalfar.es\/es\/wp-content\/uploads\/2019\/05\/Poema-del-cante-jondo.jpg","datePublished":"2019-07-11T05:53:13+00:00","dateModified":"2025-09-25T19:53:59+00:00","breadcrumb":{"@id":"https:\/\/edicionesalfar.es\/es\/producto\/poema-del-cante-jondo\/#breadcrumb"},"inLanguage":"es","potentialAction":[{"@type":"ReadAction","target":["https:\/\/edicionesalfar.es\/es\/producto\/poema-del-cante-jondo\/"]}]},{"@type":"ImageObject","inLanguage":"es","@id":"https:\/\/edicionesalfar.es\/es\/producto\/poema-del-cante-jondo\/#primaryimage","url":"https:\/\/edicionesalfar.es\/es\/wp-content\/uploads\/2019\/05\/Poema-del-cante-jondo.jpg","contentUrl":"https:\/\/edicionesalfar.es\/es\/wp-content\/uploads\/2019\/05\/Poema-del-cante-jondo.jpg"},{"@type":"BreadcrumbList","@id":"https:\/\/edicionesalfar.es\/es\/producto\/poema-del-cante-jondo\/#breadcrumb","itemListElement":[{"@type":"ListItem","position":1,"name":"Portada","item":"https:\/\/edicionesalfar.es\/es\/"},{"@type":"ListItem","position":2,"name":"Cat\u00e1logo","item":"https:\/\/edicionesalfar.es\/es\/catalogo\/"},{"@type":"ListItem","position":3,"name":"Poema del Cante Jondo"}]},{"@type":"WebSite","@id":"https:\/\/edicionesalfar.es\/es\/#website","url":"https:\/\/edicionesalfar.es\/es\/","name":"Ediciones Alfar","description":"","potentialAction":[{"@type":"SearchAction","target":{"@type":"EntryPoint","urlTemplate":"https:\/\/edicionesalfar.es\/es\/?s={search_term_string}"},"query-input":{"@type":"PropertyValueSpecification","valueRequired":true,"valueName":"search_term_string"}}],"inLanguage":"es"}]}},"_links":{"self":[{"href":"https:\/\/edicionesalfar.es\/es\/wp-json\/wp\/v2\/product\/14186","targetHints":{"allow":["GET"]}}],"collection":[{"href":"https:\/\/edicionesalfar.es\/es\/wp-json\/wp\/v2\/product"}],"about":[{"href":"https:\/\/edicionesalfar.es\/es\/wp-json\/wp\/v2\/types\/product"}],"replies":[{"embeddable":true,"href":"https:\/\/edicionesalfar.es\/es\/wp-json\/wp\/v2\/comments?post=14186"}],"wp:featuredmedia":[{"embeddable":true,"href":"https:\/\/edicionesalfar.es\/es\/wp-json\/wp\/v2\/media\/14187"}],"wp:attachment":[{"href":"https:\/\/edicionesalfar.es\/es\/wp-json\/wp\/v2\/media?parent=14186"}],"wp:term":[{"taxonomy":"product_brand","embeddable":true,"href":"https:\/\/edicionesalfar.es\/es\/wp-json\/wp\/v2\/product_brand?post=14186"},{"taxonomy":"product_cat","embeddable":true,"href":"https:\/\/edicionesalfar.es\/es\/wp-json\/wp\/v2\/product_cat?post=14186"},{"taxonomy":"product_tag","embeddable":true,"href":"https:\/\/edicionesalfar.es\/es\/wp-json\/wp\/v2\/product_tag?post=14186"}],"curies":[{"name":"wp","href":"https:\/\/api.w.org\/{rel}","templated":true}]}}