{"id":14178,"date":"2019-07-11T05:53:09","date_gmt":"2019-07-11T05:53:09","guid":{"rendered":"http:\/\/www.edicionesalfar.es\/web-wordpress\/?post_type=product\\&#047;p="},"modified":"-0001-11-30T00:00:00","modified_gmt":"-0001-11-29T22:00:00","slug":"memorias-de-la-posguerra-tiempos-de-maletas-y-baules","status":"publish","type":"product","link":"https:\/\/edicionesalfar.es\/es\/producto\/memorias-de-la-posguerra-tiempos-de-maletas-y-baules\/","title":{"rendered":"MEMORIAS DE LA POSGUERRA. Tiempos de maletas y ba\u00fales"},"content":{"rendered":"<p>MEMORIAS DE LA POSGUERRA. Tiempos de maletas y ba\u00fales<\/p>\n","protected":false},"excerpt":{"rendered":"<p><span style=\"font-family: Book Antiqua,Times New Roman,Times;\"><span style=\"font-size: 10pt;\"><span style=\"font-family: georgia,palatino;\">Una obra dividida en dos partes. La primera narra la historia de una ni\u00f1a marcada por la huella que dej\u00f3 la Guerra Civil espa\u00f1ola, mientras que la segunda parte es una reflexi\u00f3n sobre el amor.<\/span><\/span><\/span><\/p>\n","protected":false},"featured_media":14179,"comment_status":"open","ping_status":"open","template":"","meta":{"_acf_changed":false,"_et_pb_use_builder":"","_et_pb_old_content":"","_et_gb_content_width":""},"product_brand":[],"product_cat":[47],"product_tag":[],"class_list":{"0":"post-14178","1":"product","2":"type-product","3":"status-publish","4":"has-post-thumbnail","6":"product_cat-otras-narrativas","8":"first","9":"instock","10":"taxable","11":"shipping-taxable","12":"purchasable","13":"product-type-simple"},"acf":[],"yoast_head":"<!-- This site is optimized with the Yoast SEO plugin v27.4 - https:\/\/yoast.com\/product\/yoast-seo-wordpress\/ -->\n<title>MEMORIAS DE LA POSGUERRA. Tiempos de maletas y ba\u00fales               - Ediciones Alfar<\/title>\n<meta name=\"robots\" content=\"index, follow, max-snippet:-1, max-image-preview:large, max-video-preview:-1\" \/>\n<link rel=\"canonical\" href=\"https:\/\/edicionesalfar.es\/es\/producto\/memorias-de-la-posguerra-tiempos-de-maletas-y-baules\/\" \/>\n<meta property=\"og:locale\" content=\"es_ES\" \/>\n<meta property=\"og:type\" content=\"article\" \/>\n<meta property=\"og:title\" content=\"MEMORIAS DE LA POSGUERRA. Tiempos de maletas y ba\u00fales               - Ediciones Alfar\" \/>\n<meta property=\"og:description\" content=\"Una obra dividida en dos partes. La primera narra la historia de una ni\u00f1a marcada por la huella que dej\u00f3 la Guerra Civil espa\u00f1ola, mientras que la segunda parte es una reflexi\u00f3n sobre el amor.\" \/>\n<meta property=\"og:url\" content=\"https:\/\/edicionesalfar.es\/es\/producto\/memorias-de-la-posguerra-tiempos-de-maletas-y-baules\/\" \/>\n<meta property=\"og:site_name\" content=\"Ediciones Alfar\" \/>\n<meta property=\"og:image\" content=\"https:\/\/edicionesalfar.es\/es\/wp-content\/uploads\/2019\/05\/porguerra.jpg\" \/>\n\t<meta property=\"og:image:width\" content=\"1\" \/>\n\t<meta property=\"og:image:height\" content=\"1\" \/>\n\t<meta property=\"og:image:type\" content=\"image\/jpeg\" \/>\n<meta name=\"twitter:card\" content=\"summary_large_image\" \/>\n<script type=\"application\/ld+json\" class=\"yoast-schema-graph\">{\"@context\":\"https:\\\/\\\/schema.org\",\"@graph\":[{\"@type\":\"WebPage\",\"@id\":\"https:\\\/\\\/edicionesalfar.es\\\/es\\\/producto\\\/memorias-de-la-posguerra-tiempos-de-maletas-y-baules\\\/\",\"url\":\"https:\\\/\\\/edicionesalfar.es\\\/es\\\/producto\\\/memorias-de-la-posguerra-tiempos-de-maletas-y-baules\\\/\",\"name\":\"MEMORIAS DE LA POSGUERRA. Tiempos de maletas y ba\u00fales - Ediciones Alfar\",\"isPartOf\":{\"@id\":\"https:\\\/\\\/edicionesalfar.es\\\/es\\\/#website\"},\"primaryImageOfPage\":{\"@id\":\"https:\\\/\\\/edicionesalfar.es\\\/es\\\/producto\\\/memorias-de-la-posguerra-tiempos-de-maletas-y-baules\\\/#primaryimage\"},\"image\":{\"@id\":\"https:\\\/\\\/edicionesalfar.es\\\/es\\\/producto\\\/memorias-de-la-posguerra-tiempos-de-maletas-y-baules\\\/#primaryimage\"},\"thumbnailUrl\":\"https:\\\/\\\/edicionesalfar.es\\\/es\\\/wp-content\\\/uploads\\\/2019\\\/05\\\/porguerra.jpg\",\"datePublished\":\"2019-07-11T05:53:09+00:00\",\"breadcrumb\":{\"@id\":\"https:\\\/\\\/edicionesalfar.es\\\/es\\\/producto\\\/memorias-de-la-posguerra-tiempos-de-maletas-y-baules\\\/#breadcrumb\"},\"inLanguage\":\"es\",\"potentialAction\":[{\"@type\":\"ReadAction\",\"target\":[\"https:\\\/\\\/edicionesalfar.es\\\/es\\\/producto\\\/memorias-de-la-posguerra-tiempos-de-maletas-y-baules\\\/\"]}]},{\"@type\":\"ImageObject\",\"inLanguage\":\"es\",\"@id\":\"https:\\\/\\\/edicionesalfar.es\\\/es\\\/producto\\\/memorias-de-la-posguerra-tiempos-de-maletas-y-baules\\\/#primaryimage\",\"url\":\"https:\\\/\\\/edicionesalfar.es\\\/es\\\/wp-content\\\/uploads\\\/2019\\\/05\\\/porguerra.jpg\",\"contentUrl\":\"https:\\\/\\\/edicionesalfar.es\\\/es\\\/wp-content\\\/uploads\\\/2019\\\/05\\\/porguerra.jpg\"},{\"@type\":\"BreadcrumbList\",\"@id\":\"https:\\\/\\\/edicionesalfar.es\\\/es\\\/producto\\\/memorias-de-la-posguerra-tiempos-de-maletas-y-baules\\\/#breadcrumb\",\"itemListElement\":[{\"@type\":\"ListItem\",\"position\":1,\"name\":\"Portada\",\"item\":\"https:\\\/\\\/edicionesalfar.es\\\/es\\\/\"},{\"@type\":\"ListItem\",\"position\":2,\"name\":\"Cat\u00e1logo\",\"item\":\"https:\\\/\\\/edicionesalfar.es\\\/es\\\/catalogo\\\/\"},{\"@type\":\"ListItem\",\"position\":3,\"name\":\"MEMORIAS DE LA POSGUERRA. Tiempos de maletas y ba\u00fales\"}]},{\"@type\":\"WebSite\",\"@id\":\"https:\\\/\\\/edicionesalfar.es\\\/es\\\/#website\",\"url\":\"https:\\\/\\\/edicionesalfar.es\\\/es\\\/\",\"name\":\"Ediciones Alfar\",\"description\":\"\",\"potentialAction\":[{\"@type\":\"SearchAction\",\"target\":{\"@type\":\"EntryPoint\",\"urlTemplate\":\"https:\\\/\\\/edicionesalfar.es\\\/es\\\/?s={search_term_string}\"},\"query-input\":{\"@type\":\"PropertyValueSpecification\",\"valueRequired\":true,\"valueName\":\"search_term_string\"}}],\"inLanguage\":\"es\"}]}<\/script>\n<!-- \/ Yoast SEO plugin. -->","yoast_head_json":{"title":"MEMORIAS DE LA POSGUERRA. Tiempos de maletas y ba\u00fales               - Ediciones Alfar","robots":{"index":"index","follow":"follow","max-snippet":"max-snippet:-1","max-image-preview":"max-image-preview:large","max-video-preview":"max-video-preview:-1"},"canonical":"https:\/\/edicionesalfar.es\/es\/producto\/memorias-de-la-posguerra-tiempos-de-maletas-y-baules\/","og_locale":"es_ES","og_type":"article","og_title":"MEMORIAS DE LA POSGUERRA. Tiempos de maletas y ba\u00fales               - Ediciones Alfar","og_description":"Una obra dividida en dos partes. La primera narra la historia de una ni\u00f1a marcada por la huella que dej\u00f3 la Guerra Civil espa\u00f1ola, mientras que la segunda parte es una reflexi\u00f3n sobre el amor.","og_url":"https:\/\/edicionesalfar.es\/es\/producto\/memorias-de-la-posguerra-tiempos-de-maletas-y-baules\/","og_site_name":"Ediciones Alfar","og_image":[{"url":"https:\/\/edicionesalfar.es\/es\/wp-content\/uploads\/2019\/05\/porguerra.jpg","width":1,"height":1,"type":"image\/jpeg"}],"twitter_card":"summary_large_image","schema":{"@context":"https:\/\/schema.org","@graph":[{"@type":"WebPage","@id":"https:\/\/edicionesalfar.es\/es\/producto\/memorias-de-la-posguerra-tiempos-de-maletas-y-baules\/","url":"https:\/\/edicionesalfar.es\/es\/producto\/memorias-de-la-posguerra-tiempos-de-maletas-y-baules\/","name":"MEMORIAS DE LA POSGUERRA. Tiempos de maletas y ba\u00fales - Ediciones Alfar","isPartOf":{"@id":"https:\/\/edicionesalfar.es\/es\/#website"},"primaryImageOfPage":{"@id":"https:\/\/edicionesalfar.es\/es\/producto\/memorias-de-la-posguerra-tiempos-de-maletas-y-baules\/#primaryimage"},"image":{"@id":"https:\/\/edicionesalfar.es\/es\/producto\/memorias-de-la-posguerra-tiempos-de-maletas-y-baules\/#primaryimage"},"thumbnailUrl":"https:\/\/edicionesalfar.es\/es\/wp-content\/uploads\/2019\/05\/porguerra.jpg","datePublished":"2019-07-11T05:53:09+00:00","breadcrumb":{"@id":"https:\/\/edicionesalfar.es\/es\/producto\/memorias-de-la-posguerra-tiempos-de-maletas-y-baules\/#breadcrumb"},"inLanguage":"es","potentialAction":[{"@type":"ReadAction","target":["https:\/\/edicionesalfar.es\/es\/producto\/memorias-de-la-posguerra-tiempos-de-maletas-y-baules\/"]}]},{"@type":"ImageObject","inLanguage":"es","@id":"https:\/\/edicionesalfar.es\/es\/producto\/memorias-de-la-posguerra-tiempos-de-maletas-y-baules\/#primaryimage","url":"https:\/\/edicionesalfar.es\/es\/wp-content\/uploads\/2019\/05\/porguerra.jpg","contentUrl":"https:\/\/edicionesalfar.es\/es\/wp-content\/uploads\/2019\/05\/porguerra.jpg"},{"@type":"BreadcrumbList","@id":"https:\/\/edicionesalfar.es\/es\/producto\/memorias-de-la-posguerra-tiempos-de-maletas-y-baules\/#breadcrumb","itemListElement":[{"@type":"ListItem","position":1,"name":"Portada","item":"https:\/\/edicionesalfar.es\/es\/"},{"@type":"ListItem","position":2,"name":"Cat\u00e1logo","item":"https:\/\/edicionesalfar.es\/es\/catalogo\/"},{"@type":"ListItem","position":3,"name":"MEMORIAS DE LA POSGUERRA. Tiempos de maletas y ba\u00fales"}]},{"@type":"WebSite","@id":"https:\/\/edicionesalfar.es\/es\/#website","url":"https:\/\/edicionesalfar.es\/es\/","name":"Ediciones Alfar","description":"","potentialAction":[{"@type":"SearchAction","target":{"@type":"EntryPoint","urlTemplate":"https:\/\/edicionesalfar.es\/es\/?s={search_term_string}"},"query-input":{"@type":"PropertyValueSpecification","valueRequired":true,"valueName":"search_term_string"}}],"inLanguage":"es"}]}},"_links":{"self":[{"href":"https:\/\/edicionesalfar.es\/es\/wp-json\/wp\/v2\/product\/14178","targetHints":{"allow":["GET"]}}],"collection":[{"href":"https:\/\/edicionesalfar.es\/es\/wp-json\/wp\/v2\/product"}],"about":[{"href":"https:\/\/edicionesalfar.es\/es\/wp-json\/wp\/v2\/types\/product"}],"replies":[{"embeddable":true,"href":"https:\/\/edicionesalfar.es\/es\/wp-json\/wp\/v2\/comments?post=14178"}],"wp:featuredmedia":[{"embeddable":true,"href":"https:\/\/edicionesalfar.es\/es\/wp-json\/wp\/v2\/media\/14179"}],"wp:attachment":[{"href":"https:\/\/edicionesalfar.es\/es\/wp-json\/wp\/v2\/media?parent=14178"}],"wp:term":[{"taxonomy":"product_brand","embeddable":true,"href":"https:\/\/edicionesalfar.es\/es\/wp-json\/wp\/v2\/product_brand?post=14178"},{"taxonomy":"product_cat","embeddable":true,"href":"https:\/\/edicionesalfar.es\/es\/wp-json\/wp\/v2\/product_cat?post=14178"},{"taxonomy":"product_tag","embeddable":true,"href":"https:\/\/edicionesalfar.es\/es\/wp-json\/wp\/v2\/product_tag?post=14178"}],"curies":[{"name":"wp","href":"https:\/\/api.w.org\/{rel}","templated":true}]}}