{"id":14132,"date":"2019-07-11T05:52:46","date_gmt":"2019-07-11T05:52:46","guid":{"rendered":"http:\/\/www.edicionesalfar.es\/web-wordpress\/?post_type=product\\&#042;p="},"modified":"-0001-11-30T00:00:00","modified_gmt":"-0001-11-29T22:00:00","slug":"francisco-ayala-y-america","status":"publish","type":"product","link":"https:\/\/edicionesalfar.es\/es\/producto\/francisco-ayala-y-america\/","title":{"rendered":"FRANCISCO AYALA Y AM\u00c9RICA"},"content":{"rendered":"<p>FRANCISCO AYALA Y AM\u00c9RICA<\/p>\n","protected":false},"excerpt":{"rendered":"<p>En estas p\u00e1ginas el lector encontrar\u00e1 sugerencias y claves para entender mejor un periodo decisivo de la vida de uno de los escritores e intelectuales fundamentales de la literatura del siglo XX:<\/p>\n","protected":false},"featured_media":14133,"comment_status":"open","ping_status":"open","template":"","meta":{"_acf_changed":false,"_et_pb_use_builder":"","_et_pb_old_content":"","_et_gb_content_width":""},"product_brand":[],"product_cat":[42],"product_tag":[],"class_list":{"0":"post-14132","1":"product","2":"type-product","3":"status-publish","4":"has-post-thumbnail","6":"product_cat-fuera-coleccion","8":"first","9":"instock","10":"taxable","11":"shipping-taxable","12":"purchasable","13":"product-type-simple"},"acf":[],"yoast_head":"<!-- This site is optimized with the Yoast SEO plugin v27.4 - https:\/\/yoast.com\/product\/yoast-seo-wordpress\/ -->\n<title>FRANCISCO AYALA Y AM\u00c9RICA - Ediciones Alfar<\/title>\n<meta name=\"robots\" content=\"index, follow, max-snippet:-1, max-image-preview:large, max-video-preview:-1\" \/>\n<link rel=\"canonical\" href=\"https:\/\/edicionesalfar.es\/es\/producto\/francisco-ayala-y-america\/\" \/>\n<meta property=\"og:locale\" content=\"es_ES\" \/>\n<meta property=\"og:type\" content=\"article\" \/>\n<meta property=\"og:title\" content=\"FRANCISCO AYALA Y AM\u00c9RICA - Ediciones Alfar\" \/>\n<meta property=\"og:description\" content=\"En estas p\u00e1ginas el lector encontrar\u00e1 sugerencias y claves para entender mejor un periodo decisivo de la vida de uno de los escritores e intelectuales fundamentales de la literatura del siglo XX:\" \/>\n<meta property=\"og:url\" content=\"https:\/\/edicionesalfar.es\/es\/producto\/francisco-ayala-y-america\/\" \/>\n<meta property=\"og:site_name\" content=\"Ediciones Alfar\" \/>\n<meta property=\"og:image\" content=\"https:\/\/edicionesalfar.es\/es\/wp-content\/uploads\/2019\/05\/fco%20ayala%20y%20america.jpg\" \/>\n\t<meta property=\"og:image:width\" content=\"1\" \/>\n\t<meta property=\"og:image:height\" content=\"1\" \/>\n\t<meta property=\"og:image:type\" content=\"image\/jpeg\" \/>\n<meta name=\"twitter:card\" content=\"summary_large_image\" \/>\n<script type=\"application\/ld+json\" class=\"yoast-schema-graph\">{\"@context\":\"https:\\\/\\\/schema.org\",\"@graph\":[{\"@type\":\"WebPage\",\"@id\":\"https:\\\/\\\/edicionesalfar.es\\\/es\\\/producto\\\/francisco-ayala-y-america\\\/\",\"url\":\"https:\\\/\\\/edicionesalfar.es\\\/es\\\/producto\\\/francisco-ayala-y-america\\\/\",\"name\":\"FRANCISCO AYALA Y AM\u00c9RICA - Ediciones Alfar\",\"isPartOf\":{\"@id\":\"https:\\\/\\\/edicionesalfar.es\\\/es\\\/#website\"},\"primaryImageOfPage\":{\"@id\":\"https:\\\/\\\/edicionesalfar.es\\\/es\\\/producto\\\/francisco-ayala-y-america\\\/#primaryimage\"},\"image\":{\"@id\":\"https:\\\/\\\/edicionesalfar.es\\\/es\\\/producto\\\/francisco-ayala-y-america\\\/#primaryimage\"},\"thumbnailUrl\":\"https:\\\/\\\/edicionesalfar.es\\\/es\\\/wp-content\\\/uploads\\\/2019\\\/05\\\/fco%20ayala%20y%20america.jpg\",\"datePublished\":\"2019-07-11T05:52:46+00:00\",\"breadcrumb\":{\"@id\":\"https:\\\/\\\/edicionesalfar.es\\\/es\\\/producto\\\/francisco-ayala-y-america\\\/#breadcrumb\"},\"inLanguage\":\"es\",\"potentialAction\":[{\"@type\":\"ReadAction\",\"target\":[\"https:\\\/\\\/edicionesalfar.es\\\/es\\\/producto\\\/francisco-ayala-y-america\\\/\"]}]},{\"@type\":\"ImageObject\",\"inLanguage\":\"es\",\"@id\":\"https:\\\/\\\/edicionesalfar.es\\\/es\\\/producto\\\/francisco-ayala-y-america\\\/#primaryimage\",\"url\":\"https:\\\/\\\/edicionesalfar.es\\\/es\\\/wp-content\\\/uploads\\\/2019\\\/05\\\/fco%20ayala%20y%20america.jpg\",\"contentUrl\":\"https:\\\/\\\/edicionesalfar.es\\\/es\\\/wp-content\\\/uploads\\\/2019\\\/05\\\/fco%20ayala%20y%20america.jpg\"},{\"@type\":\"BreadcrumbList\",\"@id\":\"https:\\\/\\\/edicionesalfar.es\\\/es\\\/producto\\\/francisco-ayala-y-america\\\/#breadcrumb\",\"itemListElement\":[{\"@type\":\"ListItem\",\"position\":1,\"name\":\"Portada\",\"item\":\"https:\\\/\\\/edicionesalfar.es\\\/es\\\/\"},{\"@type\":\"ListItem\",\"position\":2,\"name\":\"Cat\u00e1logo\",\"item\":\"https:\\\/\\\/edicionesalfar.es\\\/es\\\/catalogo\\\/\"},{\"@type\":\"ListItem\",\"position\":3,\"name\":\"FRANCISCO AYALA Y AM\u00c9RICA\"}]},{\"@type\":\"WebSite\",\"@id\":\"https:\\\/\\\/edicionesalfar.es\\\/es\\\/#website\",\"url\":\"https:\\\/\\\/edicionesalfar.es\\\/es\\\/\",\"name\":\"Ediciones Alfar\",\"description\":\"\",\"potentialAction\":[{\"@type\":\"SearchAction\",\"target\":{\"@type\":\"EntryPoint\",\"urlTemplate\":\"https:\\\/\\\/edicionesalfar.es\\\/es\\\/?s={search_term_string}\"},\"query-input\":{\"@type\":\"PropertyValueSpecification\",\"valueRequired\":true,\"valueName\":\"search_term_string\"}}],\"inLanguage\":\"es\"}]}<\/script>\n<!-- \/ Yoast SEO plugin. -->","yoast_head_json":{"title":"FRANCISCO AYALA Y AM\u00c9RICA - Ediciones Alfar","robots":{"index":"index","follow":"follow","max-snippet":"max-snippet:-1","max-image-preview":"max-image-preview:large","max-video-preview":"max-video-preview:-1"},"canonical":"https:\/\/edicionesalfar.es\/es\/producto\/francisco-ayala-y-america\/","og_locale":"es_ES","og_type":"article","og_title":"FRANCISCO AYALA Y AM\u00c9RICA - Ediciones Alfar","og_description":"En estas p\u00e1ginas el lector encontrar\u00e1 sugerencias y claves para entender mejor un periodo decisivo de la vida de uno de los escritores e intelectuales fundamentales de la literatura del siglo XX:","og_url":"https:\/\/edicionesalfar.es\/es\/producto\/francisco-ayala-y-america\/","og_site_name":"Ediciones Alfar","og_image":[{"url":"https:\/\/edicionesalfar.es\/es\/wp-content\/uploads\/2019\/05\/fco%20ayala%20y%20america.jpg","width":1,"height":1,"type":"image\/jpeg"}],"twitter_card":"summary_large_image","schema":{"@context":"https:\/\/schema.org","@graph":[{"@type":"WebPage","@id":"https:\/\/edicionesalfar.es\/es\/producto\/francisco-ayala-y-america\/","url":"https:\/\/edicionesalfar.es\/es\/producto\/francisco-ayala-y-america\/","name":"FRANCISCO AYALA Y AM\u00c9RICA - Ediciones Alfar","isPartOf":{"@id":"https:\/\/edicionesalfar.es\/es\/#website"},"primaryImageOfPage":{"@id":"https:\/\/edicionesalfar.es\/es\/producto\/francisco-ayala-y-america\/#primaryimage"},"image":{"@id":"https:\/\/edicionesalfar.es\/es\/producto\/francisco-ayala-y-america\/#primaryimage"},"thumbnailUrl":"https:\/\/edicionesalfar.es\/es\/wp-content\/uploads\/2019\/05\/fco%20ayala%20y%20america.jpg","datePublished":"2019-07-11T05:52:46+00:00","breadcrumb":{"@id":"https:\/\/edicionesalfar.es\/es\/producto\/francisco-ayala-y-america\/#breadcrumb"},"inLanguage":"es","potentialAction":[{"@type":"ReadAction","target":["https:\/\/edicionesalfar.es\/es\/producto\/francisco-ayala-y-america\/"]}]},{"@type":"ImageObject","inLanguage":"es","@id":"https:\/\/edicionesalfar.es\/es\/producto\/francisco-ayala-y-america\/#primaryimage","url":"https:\/\/edicionesalfar.es\/es\/wp-content\/uploads\/2019\/05\/fco%20ayala%20y%20america.jpg","contentUrl":"https:\/\/edicionesalfar.es\/es\/wp-content\/uploads\/2019\/05\/fco%20ayala%20y%20america.jpg"},{"@type":"BreadcrumbList","@id":"https:\/\/edicionesalfar.es\/es\/producto\/francisco-ayala-y-america\/#breadcrumb","itemListElement":[{"@type":"ListItem","position":1,"name":"Portada","item":"https:\/\/edicionesalfar.es\/es\/"},{"@type":"ListItem","position":2,"name":"Cat\u00e1logo","item":"https:\/\/edicionesalfar.es\/es\/catalogo\/"},{"@type":"ListItem","position":3,"name":"FRANCISCO AYALA Y AM\u00c9RICA"}]},{"@type":"WebSite","@id":"https:\/\/edicionesalfar.es\/es\/#website","url":"https:\/\/edicionesalfar.es\/es\/","name":"Ediciones Alfar","description":"","potentialAction":[{"@type":"SearchAction","target":{"@type":"EntryPoint","urlTemplate":"https:\/\/edicionesalfar.es\/es\/?s={search_term_string}"},"query-input":{"@type":"PropertyValueSpecification","valueRequired":true,"valueName":"search_term_string"}}],"inLanguage":"es"}]}},"_links":{"self":[{"href":"https:\/\/edicionesalfar.es\/es\/wp-json\/wp\/v2\/product\/14132","targetHints":{"allow":["GET"]}}],"collection":[{"href":"https:\/\/edicionesalfar.es\/es\/wp-json\/wp\/v2\/product"}],"about":[{"href":"https:\/\/edicionesalfar.es\/es\/wp-json\/wp\/v2\/types\/product"}],"replies":[{"embeddable":true,"href":"https:\/\/edicionesalfar.es\/es\/wp-json\/wp\/v2\/comments?post=14132"}],"wp:featuredmedia":[{"embeddable":true,"href":"https:\/\/edicionesalfar.es\/es\/wp-json\/wp\/v2\/media\/14133"}],"wp:attachment":[{"href":"https:\/\/edicionesalfar.es\/es\/wp-json\/wp\/v2\/media?parent=14132"}],"wp:term":[{"taxonomy":"product_brand","embeddable":true,"href":"https:\/\/edicionesalfar.es\/es\/wp-json\/wp\/v2\/product_brand?post=14132"},{"taxonomy":"product_cat","embeddable":true,"href":"https:\/\/edicionesalfar.es\/es\/wp-json\/wp\/v2\/product_cat?post=14132"},{"taxonomy":"product_tag","embeddable":true,"href":"https:\/\/edicionesalfar.es\/es\/wp-json\/wp\/v2\/product_tag?post=14132"}],"curies":[{"name":"wp","href":"https:\/\/api.w.org\/{rel}","templated":true}]}}