{"id":14126,"date":"2019-07-11T05:52:43","date_gmt":"2019-07-11T05:52:43","guid":{"rendered":"http:\/\/www.edicionesalfar.es\/web-wordpress\/?post_type=product&#048;p="},"modified":"2024-11-13T14:23:56","modified_gmt":"2024-11-13T13:23:56","slug":"9-poemas","status":"publish","type":"product","link":"https:\/\/edicionesalfar.es\/es\/producto\/9-poemas\/","title":{"rendered":"9 poemas"},"content":{"rendered":"<p lang=\"es-ES\" style=\"text-indent: 0.03cm; padding: 0px; margin: 0.18cm 0px 0cm 0px;\" align=\"justify\">CONTENIDO:\u00a0Los poemas de este libro (que contin\u00faa un ciclo iniciado con el poemario que lo precede,16\u00a0poemas) se presentan a la manera de prismas donde los reflejos, muy variados, requieren una interpretaci\u00f3n abierta. La idea de collage irracionalista preside la construcci\u00f3n de los textos. En ellos se enlazan con gran libertad los temas y los procedimientos, aunque no dejan de repetirse elementos que van dando cohesi\u00f3n a la serie, como la contemplaci\u00f3n de la naturaleza o la representaci\u00f3n de constelaciones.<\/p>\n<p lang=\"es-ES\" style=\"text-indent: 0.03cm; padding: 0px; margin: 0.18cm 0px 0cm 0px;\" align=\"justify\">El primer poema del libro, \u201cMirfak\u201d, apareci\u00f3 en\u00a0una carpeta gr\u00e1fica con el mismo t\u00edtulo\u00a0(2008) junto a 3 litograf\u00edas completadas xilogr\u00e1ficamente de Juan F. Lacomba (Sevilla, 1954), pintor con numerosas exposiciones en su haber y autor de muy diversas publicaciones sobre arte. Lacomba ha realizado el dibujo de la cubierta de\u00a09 poemas.<\/p>\n<p lang=\"es-ES\" style=\"text-indent: 0.03cm; padding: 0px; margin: 0.18cm 0px 0cm 0px;\" align=\"justify\">AUTOR:\u00a0Francisco Deco (Sevilla, 1962) es poeta y profesor de la Universidad de C\u00e1diz. En su vertiente creadora, cuenta con siete vol\u00famenes de versos publicados:\u00a0De m\u00e1quina oscura\u00a0(con aguadas de Javier Olmedo),\u00a0Incisiones, Lutra, Siciliana\u00a0(con fotograf\u00edas de Angelo di Garbo),\u00a016 poemas, 9 poemas\u00a0y, reci\u00e9n editado en Italia,\u00a0Un paese leggero\/Un pa\u00eds ligero, versos de nuevo acompa\u00f1ado de fotograf\u00edas. En cuanto a la investigaci\u00f3n, el autor ha estudiado diversos aspectos de la producci\u00f3n po\u00e9tica a trav\u00e9s de la historia, desde la\u00a0Scuola Siciliana\u00a0hasta las segundas vanguardias, pasando por el grupo de\u00a0La Pl\u00e9iade.\u00a0Su inter\u00e9s se ha centrado, en cualquier caso, en el an\u00e1lisis de la poes\u00eda contempor\u00e1nea, escribiendo sobre autores como Andr\u00e9 Breton, Paul Noug\u00e9, Mario Luzi o John Cage. Igualmente, ha realizado numerosos traducciones: Ronsard, Breton (edici\u00f3n espa\u00f1ola de\u00a0Constelaciones), Tzara (edici\u00f3n espa\u00f1ola de\u00a0De nuestros p\u00e1jaros, en prensa), Ungaretti, Luzi, Montale, entre otros.<\/p>\n<p lang=\"es-ES\" style=\"text-indent: 0.03cm; padding: 0px; margin: 0.18cm 0px 0cm 0px;\" align=\"justify\">\u00cdNDICE:<\/p>\n<p lang=\"es-ES\" style=\"text-indent: 0.03cm; padding: 0px; margin: 0.18cm 0px 0cm 0px;\" align=\"justify\">Mirfak<\/p>\n<p lang=\"es-ES\" style=\"text-indent: 0.03cm; padding: 0px; margin: 0.18cm 0px 0cm 0px;\" align=\"justify\">Nicodemo<\/p>\n<p lang=\"es-ES\" style=\"text-indent: 0.03cm; padding: 0px; margin: 0.18cm 0px 0cm 0px;\" align=\"justify\">Archipi\u00e9lago<\/p>\n<p lang=\"es-ES\" style=\"text-indent: 0.03cm; padding: 0px; margin: 0.18cm 0px 0cm 0px;\" align=\"justify\">Dioscursos<\/p>\n<p lang=\"es-ES\" style=\"text-indent: 0.03cm; padding: 0px; margin: 0.18cm 0px 0cm 0px;\" align=\"justify\">Alexos<\/p>\n<p lang=\"es-ES\" style=\"text-indent: 0.03cm; padding: 0px; margin: 0.18cm 0px 0cm 0px;\" align=\"justify\">S\u00e1ndalo<\/p>\n<p lang=\"es-ES\" style=\"text-indent: 0.03cm; padding: 0px; margin: 0.18cm 0px 0cm 0px;\" align=\"justify\">Mar<\/p>\n<p lang=\"es-ES\" style=\"text-indent: 0.03cm; padding: 0px; margin: 0.18cm 0px 0cm 0px;\" align=\"justify\">El nombre de las cosas<\/p>\n<p lang=\"es-ES\" style=\"text-indent: 0.03cm; padding: 0px; margin: 0.18cm 0px 0cm 0px;\" align=\"justify\">Cervus<\/p>\n","protected":false},"excerpt":{"rendered":"<p><span style=\"font-size: 12pt;\">Los poemas de este libro (que contin\u00faa un ciclo iniciado con el poemario que lo precede,<\/span><em><span style=\"font-size: 12pt;\">16 <\/span><\/em><span style=\"font-size: 12pt;\">poemas) se presentan a la manera de prismas donde los reflejos, muy variados, requieren una interpretaci\u00f3n abierta. La idea de collage irracionalista preside la construcci\u00f3n de los textos. En ellos se enlazan con gran libertad los temas y los procedimientos, aunque no dejan de repetirse elementos que van dando cohesi\u00f3n a la serie, como la contemplaci\u00f3n de la naturaleza o la representaci\u00f3n de constelaciones.<\/span><\/p>\n<p><span style=\"font-size: 12pt;\"><a href=\"http:\/\/narraluces.org\/social\/pg\/blog\/ubaldorodriguez\">http:\/\/narraluces.org\/social\/pg\/blog\/ubaldorodriguez<\/a><\/span><\/p>\n","protected":false},"featured_media":14127,"comment_status":"open","ping_status":"closed","template":"","meta":{"_acf_changed":false,"_et_pb_use_builder":"","_et_pb_old_content":"","_et_gb_content_width":""},"product_brand":[],"product_cat":[376,527,48],"product_tag":[],"class_list":{"0":"post-14126","1":"product","2":"type-product","3":"status-publish","4":"has-post-thumbnail","6":"product_cat-autores","7":"product_cat-deco-francisco","8":"product_cat-otras-poesias","10":"first","11":"instock","12":"taxable","13":"shipping-taxable","14":"purchasable","15":"product-type-simple"},"acf":[],"yoast_head":"<!-- This site is optimized with the Yoast SEO plugin v27.5 - https:\/\/yoast.com\/product\/yoast-seo-wordpress\/ -->\n<title>9 poemas - Ediciones Alfar<\/title>\n<meta name=\"robots\" content=\"index, follow, max-snippet:-1, max-image-preview:large, max-video-preview:-1\" \/>\n<link rel=\"canonical\" href=\"https:\/\/edicionesalfar.es\/es\/producto\/9-poemas\/\" \/>\n<meta property=\"og:locale\" content=\"es_ES\" \/>\n<meta property=\"og:type\" content=\"article\" \/>\n<meta property=\"og:title\" content=\"9 poemas - Ediciones Alfar\" \/>\n<meta property=\"og:description\" content=\"Los poemas de este libro (que contin\u00faa un ciclo iniciado con el poemario que lo precede,16 poemas) se presentan a la manera de prismas donde los reflejos, muy variados, requieren una interpretaci\u00f3n abierta. La idea de collage irracionalista preside la construcci\u00f3n de los textos. En ellos se enlazan con gran libertad los temas y los procedimientos, aunque no dejan de repetirse elementos que van dando cohesi\u00f3n a la serie, como la contemplaci\u00f3n de la naturaleza o la representaci\u00f3n de constelaciones.  http:\/\/narraluces.org\/social\/pg\/blog\/ubaldorodriguez\" \/>\n<meta property=\"og:url\" content=\"https:\/\/edicionesalfar.es\/es\/producto\/9-poemas\/\" \/>\n<meta property=\"og:site_name\" content=\"Ediciones Alfar\" \/>\n<meta property=\"article:modified_time\" content=\"2024-11-13T13:23:56+00:00\" \/>\n<meta property=\"og:image\" content=\"https:\/\/edicionesalfar.es\/es\/wp-content\/uploads\/2019\/05\/9-POEMAS.jpg\" \/>\n\t<meta property=\"og:image:width\" content=\"1\" \/>\n\t<meta property=\"og:image:height\" content=\"1\" \/>\n\t<meta property=\"og:image:type\" content=\"image\/jpeg\" \/>\n<meta name=\"twitter:card\" content=\"summary_large_image\" \/>\n<meta name=\"twitter:label1\" content=\"Tiempo de lectura\" \/>\n\t<meta name=\"twitter:data1\" content=\"2 minutos\" \/>\n<script type=\"application\/ld+json\" class=\"yoast-schema-graph\">{\"@context\":\"https:\\\/\\\/schema.org\",\"@graph\":[{\"@type\":\"WebPage\",\"@id\":\"https:\\\/\\\/edicionesalfar.es\\\/es\\\/producto\\\/9-poemas\\\/\",\"url\":\"https:\\\/\\\/edicionesalfar.es\\\/es\\\/producto\\\/9-poemas\\\/\",\"name\":\"9 poemas - Ediciones Alfar\",\"isPartOf\":{\"@id\":\"https:\\\/\\\/edicionesalfar.es\\\/es\\\/#website\"},\"primaryImageOfPage\":{\"@id\":\"https:\\\/\\\/edicionesalfar.es\\\/es\\\/producto\\\/9-poemas\\\/#primaryimage\"},\"image\":{\"@id\":\"https:\\\/\\\/edicionesalfar.es\\\/es\\\/producto\\\/9-poemas\\\/#primaryimage\"},\"thumbnailUrl\":\"https:\\\/\\\/edicionesalfar.es\\\/es\\\/wp-content\\\/uploads\\\/2019\\\/05\\\/9-POEMAS.jpg\",\"datePublished\":\"2019-07-11T05:52:43+00:00\",\"dateModified\":\"2024-11-13T13:23:56+00:00\",\"breadcrumb\":{\"@id\":\"https:\\\/\\\/edicionesalfar.es\\\/es\\\/producto\\\/9-poemas\\\/#breadcrumb\"},\"inLanguage\":\"es\",\"potentialAction\":[{\"@type\":\"ReadAction\",\"target\":[\"https:\\\/\\\/edicionesalfar.es\\\/es\\\/producto\\\/9-poemas\\\/\"]}]},{\"@type\":\"ImageObject\",\"inLanguage\":\"es\",\"@id\":\"https:\\\/\\\/edicionesalfar.es\\\/es\\\/producto\\\/9-poemas\\\/#primaryimage\",\"url\":\"https:\\\/\\\/edicionesalfar.es\\\/es\\\/wp-content\\\/uploads\\\/2019\\\/05\\\/9-POEMAS.jpg\",\"contentUrl\":\"https:\\\/\\\/edicionesalfar.es\\\/es\\\/wp-content\\\/uploads\\\/2019\\\/05\\\/9-POEMAS.jpg\"},{\"@type\":\"BreadcrumbList\",\"@id\":\"https:\\\/\\\/edicionesalfar.es\\\/es\\\/producto\\\/9-poemas\\\/#breadcrumb\",\"itemListElement\":[{\"@type\":\"ListItem\",\"position\":1,\"name\":\"Portada\",\"item\":\"https:\\\/\\\/edicionesalfar.es\\\/es\\\/\"},{\"@type\":\"ListItem\",\"position\":2,\"name\":\"Cat\u00e1logo\",\"item\":\"https:\\\/\\\/edicionesalfar.es\\\/es\\\/catalogo\\\/\"},{\"@type\":\"ListItem\",\"position\":3,\"name\":\"9 poemas\"}]},{\"@type\":\"WebSite\",\"@id\":\"https:\\\/\\\/edicionesalfar.es\\\/es\\\/#website\",\"url\":\"https:\\\/\\\/edicionesalfar.es\\\/es\\\/\",\"name\":\"Ediciones Alfar\",\"description\":\"\",\"potentialAction\":[{\"@type\":\"SearchAction\",\"target\":{\"@type\":\"EntryPoint\",\"urlTemplate\":\"https:\\\/\\\/edicionesalfar.es\\\/es\\\/?s={search_term_string}\"},\"query-input\":{\"@type\":\"PropertyValueSpecification\",\"valueRequired\":true,\"valueName\":\"search_term_string\"}}],\"inLanguage\":\"es\"}]}<\/script>\n<!-- \/ Yoast SEO plugin. -->","yoast_head_json":{"title":"9 poemas - Ediciones Alfar","robots":{"index":"index","follow":"follow","max-snippet":"max-snippet:-1","max-image-preview":"max-image-preview:large","max-video-preview":"max-video-preview:-1"},"canonical":"https:\/\/edicionesalfar.es\/es\/producto\/9-poemas\/","og_locale":"es_ES","og_type":"article","og_title":"9 poemas - Ediciones Alfar","og_description":"Los poemas de este libro (que contin\u00faa un ciclo iniciado con el poemario que lo precede,16 poemas) se presentan a la manera de prismas donde los reflejos, muy variados, requieren una interpretaci\u00f3n abierta. La idea de collage irracionalista preside la construcci\u00f3n de los textos. En ellos se enlazan con gran libertad los temas y los procedimientos, aunque no dejan de repetirse elementos que van dando cohesi\u00f3n a la serie, como la contemplaci\u00f3n de la naturaleza o la representaci\u00f3n de constelaciones.  http:\/\/narraluces.org\/social\/pg\/blog\/ubaldorodriguez","og_url":"https:\/\/edicionesalfar.es\/es\/producto\/9-poemas\/","og_site_name":"Ediciones Alfar","article_modified_time":"2024-11-13T13:23:56+00:00","og_image":[{"url":"https:\/\/edicionesalfar.es\/es\/wp-content\/uploads\/2019\/05\/9-POEMAS.jpg","width":1,"height":1,"type":"image\/jpeg"}],"twitter_card":"summary_large_image","twitter_misc":{"Tiempo de lectura":"2 minutos"},"schema":{"@context":"https:\/\/schema.org","@graph":[{"@type":"WebPage","@id":"https:\/\/edicionesalfar.es\/es\/producto\/9-poemas\/","url":"https:\/\/edicionesalfar.es\/es\/producto\/9-poemas\/","name":"9 poemas - Ediciones Alfar","isPartOf":{"@id":"https:\/\/edicionesalfar.es\/es\/#website"},"primaryImageOfPage":{"@id":"https:\/\/edicionesalfar.es\/es\/producto\/9-poemas\/#primaryimage"},"image":{"@id":"https:\/\/edicionesalfar.es\/es\/producto\/9-poemas\/#primaryimage"},"thumbnailUrl":"https:\/\/edicionesalfar.es\/es\/wp-content\/uploads\/2019\/05\/9-POEMAS.jpg","datePublished":"2019-07-11T05:52:43+00:00","dateModified":"2024-11-13T13:23:56+00:00","breadcrumb":{"@id":"https:\/\/edicionesalfar.es\/es\/producto\/9-poemas\/#breadcrumb"},"inLanguage":"es","potentialAction":[{"@type":"ReadAction","target":["https:\/\/edicionesalfar.es\/es\/producto\/9-poemas\/"]}]},{"@type":"ImageObject","inLanguage":"es","@id":"https:\/\/edicionesalfar.es\/es\/producto\/9-poemas\/#primaryimage","url":"https:\/\/edicionesalfar.es\/es\/wp-content\/uploads\/2019\/05\/9-POEMAS.jpg","contentUrl":"https:\/\/edicionesalfar.es\/es\/wp-content\/uploads\/2019\/05\/9-POEMAS.jpg"},{"@type":"BreadcrumbList","@id":"https:\/\/edicionesalfar.es\/es\/producto\/9-poemas\/#breadcrumb","itemListElement":[{"@type":"ListItem","position":1,"name":"Portada","item":"https:\/\/edicionesalfar.es\/es\/"},{"@type":"ListItem","position":2,"name":"Cat\u00e1logo","item":"https:\/\/edicionesalfar.es\/es\/catalogo\/"},{"@type":"ListItem","position":3,"name":"9 poemas"}]},{"@type":"WebSite","@id":"https:\/\/edicionesalfar.es\/es\/#website","url":"https:\/\/edicionesalfar.es\/es\/","name":"Ediciones Alfar","description":"","potentialAction":[{"@type":"SearchAction","target":{"@type":"EntryPoint","urlTemplate":"https:\/\/edicionesalfar.es\/es\/?s={search_term_string}"},"query-input":{"@type":"PropertyValueSpecification","valueRequired":true,"valueName":"search_term_string"}}],"inLanguage":"es"}]}},"_links":{"self":[{"href":"https:\/\/edicionesalfar.es\/es\/wp-json\/wp\/v2\/product\/14126","targetHints":{"allow":["GET"]}}],"collection":[{"href":"https:\/\/edicionesalfar.es\/es\/wp-json\/wp\/v2\/product"}],"about":[{"href":"https:\/\/edicionesalfar.es\/es\/wp-json\/wp\/v2\/types\/product"}],"replies":[{"embeddable":true,"href":"https:\/\/edicionesalfar.es\/es\/wp-json\/wp\/v2\/comments?post=14126"}],"wp:featuredmedia":[{"embeddable":true,"href":"https:\/\/edicionesalfar.es\/es\/wp-json\/wp\/v2\/media\/14127"}],"wp:attachment":[{"href":"https:\/\/edicionesalfar.es\/es\/wp-json\/wp\/v2\/media?parent=14126"}],"wp:term":[{"taxonomy":"product_brand","embeddable":true,"href":"https:\/\/edicionesalfar.es\/es\/wp-json\/wp\/v2\/product_brand?post=14126"},{"taxonomy":"product_cat","embeddable":true,"href":"https:\/\/edicionesalfar.es\/es\/wp-json\/wp\/v2\/product_cat?post=14126"},{"taxonomy":"product_tag","embeddable":true,"href":"https:\/\/edicionesalfar.es\/es\/wp-json\/wp\/v2\/product_tag?post=14126"}],"curies":[{"name":"wp","href":"https:\/\/api.w.org\/{rel}","templated":true}]}}