{"id":14124,"date":"2019-07-11T05:52:42","date_gmt":"2019-07-11T05:52:42","guid":{"rendered":"http:\/\/www.edicionesalfar.es\/web-wordpress\/?post_type=product&#054;p="},"modified":"2025-05-21T10:40:06","modified_gmt":"2025-05-21T08:40:06","slug":"rio-tinto-viaje-a-marte-edicion-espanol-ingles","status":"publish","type":"product","link":"https:\/\/edicionesalfar.es\/es\/producto\/rio-tinto-viaje-a-marte-edicion-espanol-ingles\/","title":{"rendered":"R\u00edo Tinto&#8230; Viaje a Marte (edici\u00f3n espa\u00f1ol\/ingl\u00e9s)"},"content":{"rendered":"","protected":false},"excerpt":{"rendered":"<p>Magn\u00edfica edici\u00f3n biling\u00fce espa\u00f1ol\/ingl\u00e9s con fotograf\u00edas en gran formato a color de una de las joyas medioambientales de Espa\u00f1a, el R\u00edo Tinto. Una zona que es lo m\u00e1s parecido al planeta Marte que tenemos en nuestro desconocido planeta Tierra.<\/p>\n<p>DISPONIBLE TAMBI\u00c9N EN EBOOK<\/p>\n<p><a style=\"font-size: medium;\" href=\"http:\/\/www.todoebook.com\/RIO-TINTO___-VIAJE-A-MARTE--EDICION-ESPANOL-INGLES--RICARDO-AMILS-Y-JULIO-SEGURA-EDICIONES-ALFAR-S_A_-LibroEbook-9788478983469.html\" target=\"_blank\" rel=\"noopener\"><img decoding=\"async\" style=\"border-width: initial; border-color: initial;\" src=\"http:\/\/www.edicionesalfar.es\/logo-todoebook.gif\" alt=\"\" \/> <\/a><\/p>\n<p><a href=\"http:\/\/digital.casalini.it\/9788478984183\" target=\"_blank\" rel=\"noopener\"><img decoding=\"async\" src=\"http:\/\/www.edicionesalfar.es\/logo_casalini.JPG\" alt=\"\" \/><\/a><\/p>\n","protected":false},"featured_media":14125,"comment_status":"open","ping_status":"closed","template":"","meta":{"_acf_changed":false,"_et_pb_use_builder":"","_et_pb_old_content":"","_et_gb_content_width":""},"product_brand":[],"product_cat":[441,376,54],"product_tag":[],"class_list":{"0":"post-14124","1":"product","2":"type-product","3":"status-publish","4":"has-post-thumbnail","6":"product_cat-amils-pibernat-ricardo","7":"product_cat-autores","8":"product_cat-actuales","10":"first","11":"outofstock","12":"taxable","13":"shipping-taxable","14":"purchasable","15":"product-type-simple"},"acf":[],"yoast_head":"<!-- This site is optimized with the Yoast SEO plugin v27.5 - https:\/\/yoast.com\/product\/yoast-seo-wordpress\/ -->\n<title>R\u00edo Tinto... Viaje a Marte (edici\u00f3n espa\u00f1ol\/ingl\u00e9s) - Ediciones Alfar<\/title>\n<meta name=\"robots\" content=\"index, follow, max-snippet:-1, max-image-preview:large, max-video-preview:-1\" \/>\n<link rel=\"canonical\" href=\"https:\/\/edicionesalfar.es\/es\/producto\/rio-tinto-viaje-a-marte-edicion-espanol-ingles\/\" \/>\n<meta property=\"og:locale\" content=\"es_ES\" \/>\n<meta property=\"og:type\" content=\"article\" \/>\n<meta property=\"og:title\" content=\"R\u00edo Tinto... Viaje a Marte (edici\u00f3n espa\u00f1ol\/ingl\u00e9s) - Ediciones Alfar\" \/>\n<meta property=\"og:description\" content=\"Magn\u00edfica edici\u00f3n biling\u00fce espa\u00f1ol\/ingl\u00e9s con fotograf\u00edas en gran formato a color de una de las joyas medioambientales de Espa\u00f1a, el R\u00edo Tinto. Una zona que es lo m\u00e1s parecido al planeta Marte que tenemos en nuestro desconocido planeta Tierra.  DISPONIBLE TAMBI\u00c9N EN EBOOK\" \/>\n<meta property=\"og:url\" content=\"https:\/\/edicionesalfar.es\/es\/producto\/rio-tinto-viaje-a-marte-edicion-espanol-ingles\/\" \/>\n<meta property=\"og:site_name\" content=\"Ediciones Alfar\" \/>\n<meta property=\"article:modified_time\" content=\"2025-05-21T08:40:06+00:00\" \/>\n<meta property=\"og:image\" content=\"https:\/\/edicionesalfar.es\/es\/wp-content\/uploads\/2019\/05\/RIOTINTOsimple.jpg\" \/>\n\t<meta property=\"og:image:width\" content=\"1\" \/>\n\t<meta property=\"og:image:height\" content=\"1\" \/>\n\t<meta property=\"og:image:type\" content=\"image\/jpeg\" \/>\n<meta name=\"twitter:card\" content=\"summary_large_image\" \/>\n<script type=\"application\/ld+json\" class=\"yoast-schema-graph\">{\"@context\":\"https:\\\/\\\/schema.org\",\"@graph\":[{\"@type\":\"WebPage\",\"@id\":\"https:\\\/\\\/edicionesalfar.es\\\/es\\\/producto\\\/rio-tinto-viaje-a-marte-edicion-espanol-ingles\\\/\",\"url\":\"https:\\\/\\\/edicionesalfar.es\\\/es\\\/producto\\\/rio-tinto-viaje-a-marte-edicion-espanol-ingles\\\/\",\"name\":\"R\u00edo Tinto... Viaje a Marte (edici\u00f3n espa\u00f1ol\\\/ingl\u00e9s) - Ediciones Alfar\",\"isPartOf\":{\"@id\":\"https:\\\/\\\/edicionesalfar.es\\\/es\\\/#website\"},\"primaryImageOfPage\":{\"@id\":\"https:\\\/\\\/edicionesalfar.es\\\/es\\\/producto\\\/rio-tinto-viaje-a-marte-edicion-espanol-ingles\\\/#primaryimage\"},\"image\":{\"@id\":\"https:\\\/\\\/edicionesalfar.es\\\/es\\\/producto\\\/rio-tinto-viaje-a-marte-edicion-espanol-ingles\\\/#primaryimage\"},\"thumbnailUrl\":\"https:\\\/\\\/edicionesalfar.es\\\/es\\\/wp-content\\\/uploads\\\/2019\\\/05\\\/RIOTINTOsimple.jpg\",\"datePublished\":\"2019-07-11T05:52:42+00:00\",\"dateModified\":\"2025-05-21T08:40:06+00:00\",\"breadcrumb\":{\"@id\":\"https:\\\/\\\/edicionesalfar.es\\\/es\\\/producto\\\/rio-tinto-viaje-a-marte-edicion-espanol-ingles\\\/#breadcrumb\"},\"inLanguage\":\"es\",\"potentialAction\":[{\"@type\":\"ReadAction\",\"target\":[\"https:\\\/\\\/edicionesalfar.es\\\/es\\\/producto\\\/rio-tinto-viaje-a-marte-edicion-espanol-ingles\\\/\"]}]},{\"@type\":\"ImageObject\",\"inLanguage\":\"es\",\"@id\":\"https:\\\/\\\/edicionesalfar.es\\\/es\\\/producto\\\/rio-tinto-viaje-a-marte-edicion-espanol-ingles\\\/#primaryimage\",\"url\":\"https:\\\/\\\/edicionesalfar.es\\\/es\\\/wp-content\\\/uploads\\\/2019\\\/05\\\/RIOTINTOsimple.jpg\",\"contentUrl\":\"https:\\\/\\\/edicionesalfar.es\\\/es\\\/wp-content\\\/uploads\\\/2019\\\/05\\\/RIOTINTOsimple.jpg\"},{\"@type\":\"BreadcrumbList\",\"@id\":\"https:\\\/\\\/edicionesalfar.es\\\/es\\\/producto\\\/rio-tinto-viaje-a-marte-edicion-espanol-ingles\\\/#breadcrumb\",\"itemListElement\":[{\"@type\":\"ListItem\",\"position\":1,\"name\":\"Portada\",\"item\":\"https:\\\/\\\/edicionesalfar.es\\\/es\\\/\"},{\"@type\":\"ListItem\",\"position\":2,\"name\":\"Cat\u00e1logo\",\"item\":\"https:\\\/\\\/edicionesalfar.es\\\/es\\\/catalogo\\\/\"},{\"@type\":\"ListItem\",\"position\":3,\"name\":\"R\u00edo Tinto&#8230; Viaje a Marte (edici\u00f3n espa\u00f1ol\\\/ingl\u00e9s)\"}]},{\"@type\":\"WebSite\",\"@id\":\"https:\\\/\\\/edicionesalfar.es\\\/es\\\/#website\",\"url\":\"https:\\\/\\\/edicionesalfar.es\\\/es\\\/\",\"name\":\"Ediciones Alfar\",\"description\":\"\",\"potentialAction\":[{\"@type\":\"SearchAction\",\"target\":{\"@type\":\"EntryPoint\",\"urlTemplate\":\"https:\\\/\\\/edicionesalfar.es\\\/es\\\/?s={search_term_string}\"},\"query-input\":{\"@type\":\"PropertyValueSpecification\",\"valueRequired\":true,\"valueName\":\"search_term_string\"}}],\"inLanguage\":\"es\"}]}<\/script>\n<!-- \/ Yoast SEO plugin. -->","yoast_head_json":{"title":"R\u00edo Tinto... Viaje a Marte (edici\u00f3n espa\u00f1ol\/ingl\u00e9s) - Ediciones Alfar","robots":{"index":"index","follow":"follow","max-snippet":"max-snippet:-1","max-image-preview":"max-image-preview:large","max-video-preview":"max-video-preview:-1"},"canonical":"https:\/\/edicionesalfar.es\/es\/producto\/rio-tinto-viaje-a-marte-edicion-espanol-ingles\/","og_locale":"es_ES","og_type":"article","og_title":"R\u00edo Tinto... Viaje a Marte (edici\u00f3n espa\u00f1ol\/ingl\u00e9s) - Ediciones Alfar","og_description":"Magn\u00edfica edici\u00f3n biling\u00fce espa\u00f1ol\/ingl\u00e9s con fotograf\u00edas en gran formato a color de una de las joyas medioambientales de Espa\u00f1a, el R\u00edo Tinto. Una zona que es lo m\u00e1s parecido al planeta Marte que tenemos en nuestro desconocido planeta Tierra.  DISPONIBLE TAMBI\u00c9N EN EBOOK","og_url":"https:\/\/edicionesalfar.es\/es\/producto\/rio-tinto-viaje-a-marte-edicion-espanol-ingles\/","og_site_name":"Ediciones Alfar","article_modified_time":"2025-05-21T08:40:06+00:00","og_image":[{"url":"https:\/\/edicionesalfar.es\/es\/wp-content\/uploads\/2019\/05\/RIOTINTOsimple.jpg","width":1,"height":1,"type":"image\/jpeg"}],"twitter_card":"summary_large_image","schema":{"@context":"https:\/\/schema.org","@graph":[{"@type":"WebPage","@id":"https:\/\/edicionesalfar.es\/es\/producto\/rio-tinto-viaje-a-marte-edicion-espanol-ingles\/","url":"https:\/\/edicionesalfar.es\/es\/producto\/rio-tinto-viaje-a-marte-edicion-espanol-ingles\/","name":"R\u00edo Tinto... Viaje a Marte (edici\u00f3n espa\u00f1ol\/ingl\u00e9s) - Ediciones Alfar","isPartOf":{"@id":"https:\/\/edicionesalfar.es\/es\/#website"},"primaryImageOfPage":{"@id":"https:\/\/edicionesalfar.es\/es\/producto\/rio-tinto-viaje-a-marte-edicion-espanol-ingles\/#primaryimage"},"image":{"@id":"https:\/\/edicionesalfar.es\/es\/producto\/rio-tinto-viaje-a-marte-edicion-espanol-ingles\/#primaryimage"},"thumbnailUrl":"https:\/\/edicionesalfar.es\/es\/wp-content\/uploads\/2019\/05\/RIOTINTOsimple.jpg","datePublished":"2019-07-11T05:52:42+00:00","dateModified":"2025-05-21T08:40:06+00:00","breadcrumb":{"@id":"https:\/\/edicionesalfar.es\/es\/producto\/rio-tinto-viaje-a-marte-edicion-espanol-ingles\/#breadcrumb"},"inLanguage":"es","potentialAction":[{"@type":"ReadAction","target":["https:\/\/edicionesalfar.es\/es\/producto\/rio-tinto-viaje-a-marte-edicion-espanol-ingles\/"]}]},{"@type":"ImageObject","inLanguage":"es","@id":"https:\/\/edicionesalfar.es\/es\/producto\/rio-tinto-viaje-a-marte-edicion-espanol-ingles\/#primaryimage","url":"https:\/\/edicionesalfar.es\/es\/wp-content\/uploads\/2019\/05\/RIOTINTOsimple.jpg","contentUrl":"https:\/\/edicionesalfar.es\/es\/wp-content\/uploads\/2019\/05\/RIOTINTOsimple.jpg"},{"@type":"BreadcrumbList","@id":"https:\/\/edicionesalfar.es\/es\/producto\/rio-tinto-viaje-a-marte-edicion-espanol-ingles\/#breadcrumb","itemListElement":[{"@type":"ListItem","position":1,"name":"Portada","item":"https:\/\/edicionesalfar.es\/es\/"},{"@type":"ListItem","position":2,"name":"Cat\u00e1logo","item":"https:\/\/edicionesalfar.es\/es\/catalogo\/"},{"@type":"ListItem","position":3,"name":"R\u00edo Tinto&#8230; Viaje a Marte (edici\u00f3n espa\u00f1ol\/ingl\u00e9s)"}]},{"@type":"WebSite","@id":"https:\/\/edicionesalfar.es\/es\/#website","url":"https:\/\/edicionesalfar.es\/es\/","name":"Ediciones Alfar","description":"","potentialAction":[{"@type":"SearchAction","target":{"@type":"EntryPoint","urlTemplate":"https:\/\/edicionesalfar.es\/es\/?s={search_term_string}"},"query-input":{"@type":"PropertyValueSpecification","valueRequired":true,"valueName":"search_term_string"}}],"inLanguage":"es"}]}},"_links":{"self":[{"href":"https:\/\/edicionesalfar.es\/es\/wp-json\/wp\/v2\/product\/14124","targetHints":{"allow":["GET"]}}],"collection":[{"href":"https:\/\/edicionesalfar.es\/es\/wp-json\/wp\/v2\/product"}],"about":[{"href":"https:\/\/edicionesalfar.es\/es\/wp-json\/wp\/v2\/types\/product"}],"replies":[{"embeddable":true,"href":"https:\/\/edicionesalfar.es\/es\/wp-json\/wp\/v2\/comments?post=14124"}],"wp:featuredmedia":[{"embeddable":true,"href":"https:\/\/edicionesalfar.es\/es\/wp-json\/wp\/v2\/media\/14125"}],"wp:attachment":[{"href":"https:\/\/edicionesalfar.es\/es\/wp-json\/wp\/v2\/media?parent=14124"}],"wp:term":[{"taxonomy":"product_brand","embeddable":true,"href":"https:\/\/edicionesalfar.es\/es\/wp-json\/wp\/v2\/product_brand?post=14124"},{"taxonomy":"product_cat","embeddable":true,"href":"https:\/\/edicionesalfar.es\/es\/wp-json\/wp\/v2\/product_cat?post=14124"},{"taxonomy":"product_tag","embeddable":true,"href":"https:\/\/edicionesalfar.es\/es\/wp-json\/wp\/v2\/product_tag?post=14124"}],"curies":[{"name":"wp","href":"https:\/\/api.w.org\/{rel}","templated":true}]}}