{"id":14122,"date":"2019-07-11T05:52:41","date_gmt":"2019-07-11T05:52:41","guid":{"rendered":"http:\/\/www.edicionesalfar.es\/web-wordpress\/?post_type=product&#047;p="},"modified":"2022-09-15T09:16:49","modified_gmt":"2022-09-15T07:16:49","slug":"don-picoco-de-los-cerros-senor-de-los-fogones-viajero-incansable-y-anfitrion-amable","status":"publish","type":"product","link":"https:\/\/edicionesalfar.es\/es\/producto\/don-picoco-de-los-cerros-senor-de-los-fogones-viajero-incansable-y-anfitrion-amable\/","title":{"rendered":"Don Picoco de los Cerros. Se\u00f1or de los fogones, viajero incansable y anfitri\u00f3n amable"},"content":{"rendered":"<p>Es un libro que nos trae buenos sabores, buenos paisajes, memorias y recuerdos. Don Picoco de los Cerros es un exquisito cocinero de la alta sociedad que decide recorrer los pueblos de Espa\u00f1a, acompa\u00f1ado siempre por su ayudante Sancho, llevando sus recetas culinarias a aquellas zonas que visita. En \u00e9l se detalla cada rinc\u00f3n que visita, y cada receta que elabora con el fin de compartir con los lectores recuerdos de sensaciones placenteras. Nos transporta as\u00ed a un mundo de pasiones, y evocaciones, que sin duda quedan grabados en nuestra mente.<\/p>\n<p>Francisco Casas Delgado naci\u00f3 en Torreblascopedro (Ja\u00e9n) en el a\u00f1o 1948. Autor de las novelas\u00a0Ocho de Enero, Las campanas de Virimar, El oscuro mundo de Epifanio Blanco, Sololoquio fugitivo.\u00a0Autor de una obra de car\u00e1cter gastron\u00f3mico:\u00a0La cocina andaluza Guadalquivir arriba. Charlas y recetas.\u00a0Todas estas obras han sido publicadas por Editorial Alfar de Sevilla.<\/p>\n","protected":false},"excerpt":{"rendered":"<p>Libro lleno de buenos sabores, buenos paisajes, memorias y recuerdos. Don Picoco de los Cerro, un exquisito cocinero de la alta sociedad, decide recorrer los pueblos de Espa\u00f1a llevando sus recetas culinarias por el territorio. Nos transporta as\u00ed a un mundo de pasiones, y evocaciones, que sin duda quedan grabados en nuestra mente.<\/p>\n<p><a style=\"font-size: medium;\" href=\"http:\/\/www.todoebook.com\/DON-PICOCO-FRANCISCO-CASAS-DELGADO-EDICIONES-ALFAR-S_A_-LibroEbook-9788478984145.html\" target=\"_blank\" rel=\"noopener\"><img decoding=\"async\" style=\"border-width: initial; border-color: initial;\" src=\"http:\/\/www.edicionesalfar.es\/logo-todoebook.gif\" \/> DISPONIBLE EN\u00a0<span style=\"color: #3366ff;\">TODO EBOOK<\/span><\/a><\/p>\n","protected":false},"featured_media":14123,"comment_status":"open","ping_status":"closed","template":"","meta":{"_acf_changed":false,"_et_pb_use_builder":"","_et_pb_old_content":"","_et_gb_content_width":""},"product_brand":[],"product_cat":[376,499,47],"product_tag":[],"class_list":{"0":"post-14122","1":"product","2":"type-product","3":"status-publish","4":"has-post-thumbnail","6":"product_cat-autores","7":"product_cat-casas-delgado-francisco","8":"product_cat-otras-narrativas","10":"first","11":"instock","12":"taxable","13":"shipping-taxable","14":"purchasable","15":"product-type-simple"},"acf":[],"yoast_head":"<!-- This site is optimized with the Yoast SEO plugin v27.4 - https:\/\/yoast.com\/product\/yoast-seo-wordpress\/ -->\n<title>Don Picoco de los Cerros. Se\u00f1or de los fogones, viajero incansable y anfitri\u00f3n amable - Ediciones Alfar<\/title>\n<meta name=\"robots\" content=\"index, follow, max-snippet:-1, max-image-preview:large, max-video-preview:-1\" \/>\n<link rel=\"canonical\" href=\"https:\/\/edicionesalfar.es\/es\/producto\/don-picoco-de-los-cerros-senor-de-los-fogones-viajero-incansable-y-anfitrion-amable\/\" \/>\n<meta property=\"og:locale\" content=\"es_ES\" \/>\n<meta property=\"og:type\" content=\"article\" \/>\n<meta property=\"og:title\" content=\"Don Picoco de los Cerros. Se\u00f1or de los fogones, viajero incansable y anfitri\u00f3n amable - Ediciones Alfar\" \/>\n<meta property=\"og:description\" content=\"Libro lleno de buenos sabores, buenos paisajes, memorias y recuerdos. Don Picoco de los Cerro, un exquisito cocinero de la alta sociedad, decide recorrer los pueblos de Espa\u00f1a llevando sus recetas culinarias por el territorio. Nos transporta as\u00ed a un mundo de pasiones, y evocaciones, que sin duda quedan grabados en nuestra mente.   DISPONIBLE EN\u00a0TODO EBOOK\" \/>\n<meta property=\"og:url\" content=\"https:\/\/edicionesalfar.es\/es\/producto\/don-picoco-de-los-cerros-senor-de-los-fogones-viajero-incansable-y-anfitrion-amable\/\" \/>\n<meta property=\"og:site_name\" content=\"Ediciones Alfar\" \/>\n<meta property=\"article:modified_time\" content=\"2022-09-15T07:16:49+00:00\" \/>\n<meta property=\"og:image\" content=\"https:\/\/edicionesalfar.es\/es\/wp-content\/uploads\/2019\/05\/donpicoco.jpg\" \/>\n\t<meta property=\"og:image:width\" content=\"1\" \/>\n\t<meta property=\"og:image:height\" content=\"1\" \/>\n\t<meta property=\"og:image:type\" content=\"image\/jpeg\" \/>\n<meta name=\"twitter:card\" content=\"summary_large_image\" \/>\n<meta name=\"twitter:label1\" content=\"Tiempo de lectura\" \/>\n\t<meta name=\"twitter:data1\" content=\"1 minuto\" \/>\n<script type=\"application\/ld+json\" class=\"yoast-schema-graph\">{\"@context\":\"https:\\\/\\\/schema.org\",\"@graph\":[{\"@type\":\"WebPage\",\"@id\":\"https:\\\/\\\/edicionesalfar.es\\\/es\\\/producto\\\/don-picoco-de-los-cerros-senor-de-los-fogones-viajero-incansable-y-anfitrion-amable\\\/\",\"url\":\"https:\\\/\\\/edicionesalfar.es\\\/es\\\/producto\\\/don-picoco-de-los-cerros-senor-de-los-fogones-viajero-incansable-y-anfitrion-amable\\\/\",\"name\":\"Don Picoco de los Cerros. Se\u00f1or de los fogones, viajero incansable y anfitri\u00f3n amable - Ediciones Alfar\",\"isPartOf\":{\"@id\":\"https:\\\/\\\/edicionesalfar.es\\\/es\\\/#website\"},\"primaryImageOfPage\":{\"@id\":\"https:\\\/\\\/edicionesalfar.es\\\/es\\\/producto\\\/don-picoco-de-los-cerros-senor-de-los-fogones-viajero-incansable-y-anfitrion-amable\\\/#primaryimage\"},\"image\":{\"@id\":\"https:\\\/\\\/edicionesalfar.es\\\/es\\\/producto\\\/don-picoco-de-los-cerros-senor-de-los-fogones-viajero-incansable-y-anfitrion-amable\\\/#primaryimage\"},\"thumbnailUrl\":\"https:\\\/\\\/edicionesalfar.es\\\/es\\\/wp-content\\\/uploads\\\/2019\\\/05\\\/donpicoco.jpg\",\"datePublished\":\"2019-07-11T05:52:41+00:00\",\"dateModified\":\"2022-09-15T07:16:49+00:00\",\"breadcrumb\":{\"@id\":\"https:\\\/\\\/edicionesalfar.es\\\/es\\\/producto\\\/don-picoco-de-los-cerros-senor-de-los-fogones-viajero-incansable-y-anfitrion-amable\\\/#breadcrumb\"},\"inLanguage\":\"es\",\"potentialAction\":[{\"@type\":\"ReadAction\",\"target\":[\"https:\\\/\\\/edicionesalfar.es\\\/es\\\/producto\\\/don-picoco-de-los-cerros-senor-de-los-fogones-viajero-incansable-y-anfitrion-amable\\\/\"]}]},{\"@type\":\"ImageObject\",\"inLanguage\":\"es\",\"@id\":\"https:\\\/\\\/edicionesalfar.es\\\/es\\\/producto\\\/don-picoco-de-los-cerros-senor-de-los-fogones-viajero-incansable-y-anfitrion-amable\\\/#primaryimage\",\"url\":\"https:\\\/\\\/edicionesalfar.es\\\/es\\\/wp-content\\\/uploads\\\/2019\\\/05\\\/donpicoco.jpg\",\"contentUrl\":\"https:\\\/\\\/edicionesalfar.es\\\/es\\\/wp-content\\\/uploads\\\/2019\\\/05\\\/donpicoco.jpg\"},{\"@type\":\"BreadcrumbList\",\"@id\":\"https:\\\/\\\/edicionesalfar.es\\\/es\\\/producto\\\/don-picoco-de-los-cerros-senor-de-los-fogones-viajero-incansable-y-anfitrion-amable\\\/#breadcrumb\",\"itemListElement\":[{\"@type\":\"ListItem\",\"position\":1,\"name\":\"Portada\",\"item\":\"https:\\\/\\\/edicionesalfar.es\\\/es\\\/\"},{\"@type\":\"ListItem\",\"position\":2,\"name\":\"Cat\u00e1logo\",\"item\":\"https:\\\/\\\/edicionesalfar.es\\\/es\\\/catalogo\\\/\"},{\"@type\":\"ListItem\",\"position\":3,\"name\":\"Don Picoco de los Cerros. Se\u00f1or de los fogones, viajero incansable y anfitri\u00f3n amable\"}]},{\"@type\":\"WebSite\",\"@id\":\"https:\\\/\\\/edicionesalfar.es\\\/es\\\/#website\",\"url\":\"https:\\\/\\\/edicionesalfar.es\\\/es\\\/\",\"name\":\"Ediciones Alfar\",\"description\":\"\",\"potentialAction\":[{\"@type\":\"SearchAction\",\"target\":{\"@type\":\"EntryPoint\",\"urlTemplate\":\"https:\\\/\\\/edicionesalfar.es\\\/es\\\/?s={search_term_string}\"},\"query-input\":{\"@type\":\"PropertyValueSpecification\",\"valueRequired\":true,\"valueName\":\"search_term_string\"}}],\"inLanguage\":\"es\"}]}<\/script>\n<!-- \/ Yoast SEO plugin. -->","yoast_head_json":{"title":"Don Picoco de los Cerros. Se\u00f1or de los fogones, viajero incansable y anfitri\u00f3n amable - Ediciones Alfar","robots":{"index":"index","follow":"follow","max-snippet":"max-snippet:-1","max-image-preview":"max-image-preview:large","max-video-preview":"max-video-preview:-1"},"canonical":"https:\/\/edicionesalfar.es\/es\/producto\/don-picoco-de-los-cerros-senor-de-los-fogones-viajero-incansable-y-anfitrion-amable\/","og_locale":"es_ES","og_type":"article","og_title":"Don Picoco de los Cerros. Se\u00f1or de los fogones, viajero incansable y anfitri\u00f3n amable - Ediciones Alfar","og_description":"Libro lleno de buenos sabores, buenos paisajes, memorias y recuerdos. Don Picoco de los Cerro, un exquisito cocinero de la alta sociedad, decide recorrer los pueblos de Espa\u00f1a llevando sus recetas culinarias por el territorio. Nos transporta as\u00ed a un mundo de pasiones, y evocaciones, que sin duda quedan grabados en nuestra mente.   DISPONIBLE EN\u00a0TODO EBOOK","og_url":"https:\/\/edicionesalfar.es\/es\/producto\/don-picoco-de-los-cerros-senor-de-los-fogones-viajero-incansable-y-anfitrion-amable\/","og_site_name":"Ediciones Alfar","article_modified_time":"2022-09-15T07:16:49+00:00","og_image":[{"url":"https:\/\/edicionesalfar.es\/es\/wp-content\/uploads\/2019\/05\/donpicoco.jpg","width":1,"height":1,"type":"image\/jpeg"}],"twitter_card":"summary_large_image","twitter_misc":{"Tiempo de lectura":"1 minuto"},"schema":{"@context":"https:\/\/schema.org","@graph":[{"@type":"WebPage","@id":"https:\/\/edicionesalfar.es\/es\/producto\/don-picoco-de-los-cerros-senor-de-los-fogones-viajero-incansable-y-anfitrion-amable\/","url":"https:\/\/edicionesalfar.es\/es\/producto\/don-picoco-de-los-cerros-senor-de-los-fogones-viajero-incansable-y-anfitrion-amable\/","name":"Don Picoco de los Cerros. Se\u00f1or de los fogones, viajero incansable y anfitri\u00f3n amable - Ediciones Alfar","isPartOf":{"@id":"https:\/\/edicionesalfar.es\/es\/#website"},"primaryImageOfPage":{"@id":"https:\/\/edicionesalfar.es\/es\/producto\/don-picoco-de-los-cerros-senor-de-los-fogones-viajero-incansable-y-anfitrion-amable\/#primaryimage"},"image":{"@id":"https:\/\/edicionesalfar.es\/es\/producto\/don-picoco-de-los-cerros-senor-de-los-fogones-viajero-incansable-y-anfitrion-amable\/#primaryimage"},"thumbnailUrl":"https:\/\/edicionesalfar.es\/es\/wp-content\/uploads\/2019\/05\/donpicoco.jpg","datePublished":"2019-07-11T05:52:41+00:00","dateModified":"2022-09-15T07:16:49+00:00","breadcrumb":{"@id":"https:\/\/edicionesalfar.es\/es\/producto\/don-picoco-de-los-cerros-senor-de-los-fogones-viajero-incansable-y-anfitrion-amable\/#breadcrumb"},"inLanguage":"es","potentialAction":[{"@type":"ReadAction","target":["https:\/\/edicionesalfar.es\/es\/producto\/don-picoco-de-los-cerros-senor-de-los-fogones-viajero-incansable-y-anfitrion-amable\/"]}]},{"@type":"ImageObject","inLanguage":"es","@id":"https:\/\/edicionesalfar.es\/es\/producto\/don-picoco-de-los-cerros-senor-de-los-fogones-viajero-incansable-y-anfitrion-amable\/#primaryimage","url":"https:\/\/edicionesalfar.es\/es\/wp-content\/uploads\/2019\/05\/donpicoco.jpg","contentUrl":"https:\/\/edicionesalfar.es\/es\/wp-content\/uploads\/2019\/05\/donpicoco.jpg"},{"@type":"BreadcrumbList","@id":"https:\/\/edicionesalfar.es\/es\/producto\/don-picoco-de-los-cerros-senor-de-los-fogones-viajero-incansable-y-anfitrion-amable\/#breadcrumb","itemListElement":[{"@type":"ListItem","position":1,"name":"Portada","item":"https:\/\/edicionesalfar.es\/es\/"},{"@type":"ListItem","position":2,"name":"Cat\u00e1logo","item":"https:\/\/edicionesalfar.es\/es\/catalogo\/"},{"@type":"ListItem","position":3,"name":"Don Picoco de los Cerros. Se\u00f1or de los fogones, viajero incansable y anfitri\u00f3n amable"}]},{"@type":"WebSite","@id":"https:\/\/edicionesalfar.es\/es\/#website","url":"https:\/\/edicionesalfar.es\/es\/","name":"Ediciones Alfar","description":"","potentialAction":[{"@type":"SearchAction","target":{"@type":"EntryPoint","urlTemplate":"https:\/\/edicionesalfar.es\/es\/?s={search_term_string}"},"query-input":{"@type":"PropertyValueSpecification","valueRequired":true,"valueName":"search_term_string"}}],"inLanguage":"es"}]}},"_links":{"self":[{"href":"https:\/\/edicionesalfar.es\/es\/wp-json\/wp\/v2\/product\/14122","targetHints":{"allow":["GET"]}}],"collection":[{"href":"https:\/\/edicionesalfar.es\/es\/wp-json\/wp\/v2\/product"}],"about":[{"href":"https:\/\/edicionesalfar.es\/es\/wp-json\/wp\/v2\/types\/product"}],"replies":[{"embeddable":true,"href":"https:\/\/edicionesalfar.es\/es\/wp-json\/wp\/v2\/comments?post=14122"}],"wp:featuredmedia":[{"embeddable":true,"href":"https:\/\/edicionesalfar.es\/es\/wp-json\/wp\/v2\/media\/14123"}],"wp:attachment":[{"href":"https:\/\/edicionesalfar.es\/es\/wp-json\/wp\/v2\/media?parent=14122"}],"wp:term":[{"taxonomy":"product_brand","embeddable":true,"href":"https:\/\/edicionesalfar.es\/es\/wp-json\/wp\/v2\/product_brand?post=14122"},{"taxonomy":"product_cat","embeddable":true,"href":"https:\/\/edicionesalfar.es\/es\/wp-json\/wp\/v2\/product_cat?post=14122"},{"taxonomy":"product_tag","embeddable":true,"href":"https:\/\/edicionesalfar.es\/es\/wp-json\/wp\/v2\/product_tag?post=14122"}],"curies":[{"name":"wp","href":"https:\/\/api.w.org\/{rel}","templated":true}]}}