{"id":14116,"date":"2019-07-11T05:52:38","date_gmt":"2019-07-11T05:52:38","guid":{"rendered":"http:\/\/www.edicionesalfar.es\/web-wordpress\/?post_type=product&#048;p="},"modified":"2024-11-06T21:22:57","modified_gmt":"2024-11-06T20:22:57","slug":"un-poema","status":"publish","type":"product","link":"https:\/\/edicionesalfar.es\/es\/producto\/un-poema\/","title":{"rendered":"Un poema"},"content":{"rendered":"<p lang=\"es-ES\" style=\"text-indent: 0.03cm; padding: 0px; margin: 0.18cm 0px 0cm 0px;\" align=\"JUSTIFY\">CONTENIDO:\u00a0Este libro, constituido, en efecto, por un \u00fanico poema de 70 p\u00e1ginas, contin\u00faa una l\u00ednea de escritura (iniciada con\u00a0Lutra\u00a0y continuada por16 poemas\u00a0y\u00a09 poemas) en la que la idea de collage preside la construcci\u00f3n del texto. Los temas y los procedimientos se encadenan con gran libertad a partir de un esp\u00edritu de experimentaci\u00f3n que, entre otros elementos, asume lo visual como parte del trabajo po\u00e9tico. Determinados componentes tem\u00e1ticos van, por otra parte, dando cohesi\u00f3n al conjunto.<\/p>\n<p lang=\"es-ES\" style=\"text-indent: 0.03cm; padding: 0px; margin: 0.18cm 0px 0cm 0px;\" align=\"JUSTIFY\">AUTOR:\u00a0Francisco Deco\u00a0(Sevilla, 1962) es poeta y profesor de la Universidad de C\u00e1diz. En su vertiente creadora, cuenta con ocho vol\u00famenes de versos publicados:\u00a0De m\u00e1quina oscura, Incisiones, Lutra, Siciliana,\u00a016 poemas,\u00a09 poemas, Un paese leggero\/Un pa\u00eds ligero,\u00a0Un poema.\u00a0Ha realizado adem\u00e1s la carpeta gr\u00e1fica\u00a0Mirfak\u00a0en colaboraci\u00f3n con el pintor Juan F. Lacomba. En cuanto a la investigaci\u00f3n, el autor ha estudiado diversos aspectos de la producci\u00f3n po\u00e9tica a trav\u00e9s de la historia, desde la\u00a0Scuola Siciliana\u00a0hasta las segundas vanguardias, pasando por el grupo de\u00a0La\u00a0Pl\u00e9iade.\u00a0Su inter\u00e9s se ha centrado, en cualquier caso, en el an\u00e1lisis de la poes\u00eda contempor\u00e1nea, escribiendo sobre autores como Andr\u00e9 Breton, Paul Noug\u00e9, Mario Luzi o John Cage. Igualmente, ha realizado numerosas traducciones: Ronsard, Andr\u00e9 Breton (edici\u00f3n espa\u00f1ola de\u00a0Constelaciones), Tristan Tzara (edici\u00f3n espa\u00f1ola deDe nuestros p\u00e1jaros), Ungaretti, Luzi, Montale, entre otros.<\/p>\n","protected":false},"excerpt":{"rendered":"<p>Constituido por un \u00fanico poema de 70 p\u00e1ginas, contin\u00faa una l\u00ednea de escritura (Lutra, 16 poemas y 9 poemas) en la que la idea de collage preside la construcci\u00f3n del texto. Se asume lo visual como parte del trabajo po\u00e9tico.<\/p>\n","protected":false},"featured_media":14117,"comment_status":"open","ping_status":"closed","template":"","meta":{"_acf_changed":false,"_et_pb_use_builder":"","_et_pb_old_content":"","_et_gb_content_width":""},"product_brand":[],"product_cat":[376,527,48],"product_tag":[],"class_list":{"0":"post-14116","1":"product","2":"type-product","3":"status-publish","4":"has-post-thumbnail","6":"product_cat-autores","7":"product_cat-deco-francisco","8":"product_cat-otras-poesias","10":"first","11":"instock","12":"taxable","13":"shipping-taxable","14":"purchasable","15":"product-type-simple"},"acf":[],"yoast_head":"<!-- This site is optimized with the Yoast SEO plugin v27.5 - https:\/\/yoast.com\/product\/yoast-seo-wordpress\/ -->\n<title>Un poema - Ediciones Alfar<\/title>\n<meta name=\"robots\" content=\"index, follow, max-snippet:-1, max-image-preview:large, max-video-preview:-1\" \/>\n<link rel=\"canonical\" href=\"https:\/\/edicionesalfar.es\/es\/producto\/un-poema\/\" \/>\n<meta property=\"og:locale\" content=\"es_ES\" \/>\n<meta property=\"og:type\" content=\"article\" \/>\n<meta property=\"og:title\" content=\"Un poema - Ediciones Alfar\" \/>\n<meta property=\"og:description\" content=\"Constituido por un \u00fanico poema de 70 p\u00e1ginas, contin\u00faa una l\u00ednea de escritura (Lutra, 16 poemas y 9 poemas) en la que la idea de collage preside la construcci\u00f3n del texto. Se asume lo visual como parte del trabajo po\u00e9tico.\" \/>\n<meta property=\"og:url\" content=\"https:\/\/edicionesalfar.es\/es\/producto\/un-poema\/\" \/>\n<meta property=\"og:site_name\" content=\"Ediciones Alfar\" \/>\n<meta property=\"article:modified_time\" content=\"2024-11-06T20:22:57+00:00\" \/>\n<meta property=\"og:image\" content=\"https:\/\/edicionesalfar.es\/es\/wp-content\/uploads\/2019\/05\/unpoema.jpg\" \/>\n\t<meta property=\"og:image:width\" content=\"1\" \/>\n\t<meta property=\"og:image:height\" content=\"1\" \/>\n\t<meta property=\"og:image:type\" content=\"image\/jpeg\" \/>\n<meta name=\"twitter:card\" content=\"summary_large_image\" \/>\n<meta name=\"twitter:label1\" content=\"Tiempo de lectura\" \/>\n\t<meta name=\"twitter:data1\" content=\"2 minutos\" \/>\n<script type=\"application\/ld+json\" class=\"yoast-schema-graph\">{\"@context\":\"https:\\\/\\\/schema.org\",\"@graph\":[{\"@type\":\"WebPage\",\"@id\":\"https:\\\/\\\/edicionesalfar.es\\\/es\\\/producto\\\/un-poema\\\/\",\"url\":\"https:\\\/\\\/edicionesalfar.es\\\/es\\\/producto\\\/un-poema\\\/\",\"name\":\"Un poema - Ediciones Alfar\",\"isPartOf\":{\"@id\":\"https:\\\/\\\/edicionesalfar.es\\\/es\\\/#website\"},\"primaryImageOfPage\":{\"@id\":\"https:\\\/\\\/edicionesalfar.es\\\/es\\\/producto\\\/un-poema\\\/#primaryimage\"},\"image\":{\"@id\":\"https:\\\/\\\/edicionesalfar.es\\\/es\\\/producto\\\/un-poema\\\/#primaryimage\"},\"thumbnailUrl\":\"https:\\\/\\\/edicionesalfar.es\\\/es\\\/wp-content\\\/uploads\\\/2019\\\/05\\\/unpoema.jpg\",\"datePublished\":\"2019-07-11T05:52:38+00:00\",\"dateModified\":\"2024-11-06T20:22:57+00:00\",\"breadcrumb\":{\"@id\":\"https:\\\/\\\/edicionesalfar.es\\\/es\\\/producto\\\/un-poema\\\/#breadcrumb\"},\"inLanguage\":\"es\",\"potentialAction\":[{\"@type\":\"ReadAction\",\"target\":[\"https:\\\/\\\/edicionesalfar.es\\\/es\\\/producto\\\/un-poema\\\/\"]}]},{\"@type\":\"ImageObject\",\"inLanguage\":\"es\",\"@id\":\"https:\\\/\\\/edicionesalfar.es\\\/es\\\/producto\\\/un-poema\\\/#primaryimage\",\"url\":\"https:\\\/\\\/edicionesalfar.es\\\/es\\\/wp-content\\\/uploads\\\/2019\\\/05\\\/unpoema.jpg\",\"contentUrl\":\"https:\\\/\\\/edicionesalfar.es\\\/es\\\/wp-content\\\/uploads\\\/2019\\\/05\\\/unpoema.jpg\"},{\"@type\":\"BreadcrumbList\",\"@id\":\"https:\\\/\\\/edicionesalfar.es\\\/es\\\/producto\\\/un-poema\\\/#breadcrumb\",\"itemListElement\":[{\"@type\":\"ListItem\",\"position\":1,\"name\":\"Portada\",\"item\":\"https:\\\/\\\/edicionesalfar.es\\\/es\\\/\"},{\"@type\":\"ListItem\",\"position\":2,\"name\":\"Cat\u00e1logo\",\"item\":\"https:\\\/\\\/edicionesalfar.es\\\/es\\\/catalogo\\\/\"},{\"@type\":\"ListItem\",\"position\":3,\"name\":\"Un poema\"}]},{\"@type\":\"WebSite\",\"@id\":\"https:\\\/\\\/edicionesalfar.es\\\/es\\\/#website\",\"url\":\"https:\\\/\\\/edicionesalfar.es\\\/es\\\/\",\"name\":\"Ediciones Alfar\",\"description\":\"\",\"potentialAction\":[{\"@type\":\"SearchAction\",\"target\":{\"@type\":\"EntryPoint\",\"urlTemplate\":\"https:\\\/\\\/edicionesalfar.es\\\/es\\\/?s={search_term_string}\"},\"query-input\":{\"@type\":\"PropertyValueSpecification\",\"valueRequired\":true,\"valueName\":\"search_term_string\"}}],\"inLanguage\":\"es\"}]}<\/script>\n<!-- \/ Yoast SEO plugin. -->","yoast_head_json":{"title":"Un poema - Ediciones Alfar","robots":{"index":"index","follow":"follow","max-snippet":"max-snippet:-1","max-image-preview":"max-image-preview:large","max-video-preview":"max-video-preview:-1"},"canonical":"https:\/\/edicionesalfar.es\/es\/producto\/un-poema\/","og_locale":"es_ES","og_type":"article","og_title":"Un poema - Ediciones Alfar","og_description":"Constituido por un \u00fanico poema de 70 p\u00e1ginas, contin\u00faa una l\u00ednea de escritura (Lutra, 16 poemas y 9 poemas) en la que la idea de collage preside la construcci\u00f3n del texto. Se asume lo visual como parte del trabajo po\u00e9tico.","og_url":"https:\/\/edicionesalfar.es\/es\/producto\/un-poema\/","og_site_name":"Ediciones Alfar","article_modified_time":"2024-11-06T20:22:57+00:00","og_image":[{"url":"https:\/\/edicionesalfar.es\/es\/wp-content\/uploads\/2019\/05\/unpoema.jpg","width":1,"height":1,"type":"image\/jpeg"}],"twitter_card":"summary_large_image","twitter_misc":{"Tiempo de lectura":"2 minutos"},"schema":{"@context":"https:\/\/schema.org","@graph":[{"@type":"WebPage","@id":"https:\/\/edicionesalfar.es\/es\/producto\/un-poema\/","url":"https:\/\/edicionesalfar.es\/es\/producto\/un-poema\/","name":"Un poema - Ediciones Alfar","isPartOf":{"@id":"https:\/\/edicionesalfar.es\/es\/#website"},"primaryImageOfPage":{"@id":"https:\/\/edicionesalfar.es\/es\/producto\/un-poema\/#primaryimage"},"image":{"@id":"https:\/\/edicionesalfar.es\/es\/producto\/un-poema\/#primaryimage"},"thumbnailUrl":"https:\/\/edicionesalfar.es\/es\/wp-content\/uploads\/2019\/05\/unpoema.jpg","datePublished":"2019-07-11T05:52:38+00:00","dateModified":"2024-11-06T20:22:57+00:00","breadcrumb":{"@id":"https:\/\/edicionesalfar.es\/es\/producto\/un-poema\/#breadcrumb"},"inLanguage":"es","potentialAction":[{"@type":"ReadAction","target":["https:\/\/edicionesalfar.es\/es\/producto\/un-poema\/"]}]},{"@type":"ImageObject","inLanguage":"es","@id":"https:\/\/edicionesalfar.es\/es\/producto\/un-poema\/#primaryimage","url":"https:\/\/edicionesalfar.es\/es\/wp-content\/uploads\/2019\/05\/unpoema.jpg","contentUrl":"https:\/\/edicionesalfar.es\/es\/wp-content\/uploads\/2019\/05\/unpoema.jpg"},{"@type":"BreadcrumbList","@id":"https:\/\/edicionesalfar.es\/es\/producto\/un-poema\/#breadcrumb","itemListElement":[{"@type":"ListItem","position":1,"name":"Portada","item":"https:\/\/edicionesalfar.es\/es\/"},{"@type":"ListItem","position":2,"name":"Cat\u00e1logo","item":"https:\/\/edicionesalfar.es\/es\/catalogo\/"},{"@type":"ListItem","position":3,"name":"Un poema"}]},{"@type":"WebSite","@id":"https:\/\/edicionesalfar.es\/es\/#website","url":"https:\/\/edicionesalfar.es\/es\/","name":"Ediciones Alfar","description":"","potentialAction":[{"@type":"SearchAction","target":{"@type":"EntryPoint","urlTemplate":"https:\/\/edicionesalfar.es\/es\/?s={search_term_string}"},"query-input":{"@type":"PropertyValueSpecification","valueRequired":true,"valueName":"search_term_string"}}],"inLanguage":"es"}]}},"_links":{"self":[{"href":"https:\/\/edicionesalfar.es\/es\/wp-json\/wp\/v2\/product\/14116","targetHints":{"allow":["GET"]}}],"collection":[{"href":"https:\/\/edicionesalfar.es\/es\/wp-json\/wp\/v2\/product"}],"about":[{"href":"https:\/\/edicionesalfar.es\/es\/wp-json\/wp\/v2\/types\/product"}],"replies":[{"embeddable":true,"href":"https:\/\/edicionesalfar.es\/es\/wp-json\/wp\/v2\/comments?post=14116"}],"wp:featuredmedia":[{"embeddable":true,"href":"https:\/\/edicionesalfar.es\/es\/wp-json\/wp\/v2\/media\/14117"}],"wp:attachment":[{"href":"https:\/\/edicionesalfar.es\/es\/wp-json\/wp\/v2\/media?parent=14116"}],"wp:term":[{"taxonomy":"product_brand","embeddable":true,"href":"https:\/\/edicionesalfar.es\/es\/wp-json\/wp\/v2\/product_brand?post=14116"},{"taxonomy":"product_cat","embeddable":true,"href":"https:\/\/edicionesalfar.es\/es\/wp-json\/wp\/v2\/product_cat?post=14116"},{"taxonomy":"product_tag","embeddable":true,"href":"https:\/\/edicionesalfar.es\/es\/wp-json\/wp\/v2\/product_tag?post=14116"}],"curies":[{"name":"wp","href":"https:\/\/api.w.org\/{rel}","templated":true}]}}