{"id":14112,"date":"2019-07-11T05:52:36","date_gmt":"2019-07-11T05:52:36","guid":{"rendered":"http:\/\/www.edicionesalfar.es\/web-wordpress\/?post_type=product&#039;p="},"modified":"2022-12-14T10:04:37","modified_gmt":"2022-12-14T09:04:37","slug":"menta-y-nata-primera-novela-historica-del-real-betis-balompie","status":"publish","type":"product","link":"https:\/\/edicionesalfar.es\/es\/producto\/menta-y-nata-primera-novela-historica-del-real-betis-balompie\/","title":{"rendered":"Menta y nata. Primera novela hist\u00f3rica del Real Betis Balompi\u00e9"},"content":{"rendered":"<p style=\"text-align: justify; padding: 0px; margin: 1em 0px 0cm 0px;\">CONTENIDO:\u00a0Casi nadie sabe que la cena que dio origen a la Generaci\u00f3n del 27 la pag\u00f3 S\u00e1nchez Mej\u00edas, presidente del Betis, amigo de Lorca, torero y escritor. Casi nadie sabe que fuimos campeones de Liga poco antes de que estallara la Guerra Civil y de que la contienda disolviera aquella colosal plantilla. Casi nadie sabe que el fusilamiento de Lorca guarda relaci\u00f3n con la ciudad de Sevilla, con el Betis, con Luis Cernuda y con Queipo de Llano. Rafael Gordillo y la Copa de 2005. La fundaci\u00f3n del club. Y, entre tanto, una historia de amor ambientada entre Sevilla y Granada. Porque mientras el mundo se desmorona los seres humanos tenemos la est\u00fapida costumbre de enamorarnos. Por esos esta es una novela sobre f\u00fatbol y literatura, que mezcla los polos opuestos de la vida, sensaciones tan dispares como la menta y la nata. La primera novela hist\u00f3rica sobre f\u00fatbol. Y sobre el Betis.<\/p>\n<p lang=\"es-ES\" style=\"text-align: justify; padding: 0px; margin: 0.18cm 0px 0cm 0px;\">AUTOR:\u00a0Fernando Fedriani (Sevilla, 1982) es licenciado en Filolog\u00eda Hisp\u00e1nica por la Universidad de Sevilla, posee los estudios de doctorado en ling\u00fc\u00edstica (UCA) y realiza su tesis doctoral en ret\u00f3rica pol\u00edtica (UPO). Es profesor de Secundaria. Columnista habitual de El Mundo-Andaluc\u00eda desde 2005. Coautor del libro\u00a0Relatos en verdiblanco.\u00a0Finalista del Ateneo Joven con esta novela. Ganador del Gallo de Vidrio en poes\u00eda. Socio 6.039 del Real Betis Balompi\u00e9.<\/p>\n","protected":false},"excerpt":{"rendered":"<p>Una novela sobre f\u00fatbol y literatura, que mezcla los polos opuestos de la vida, sensaciones tan dispares como la menta y la nata. La primera novela hist\u00f3rica sobre f\u00fatbol. Y sobre el Betis.<\/p>\n<p>&nbsp;<\/p>\n<p><strong><span style=\"font-size: 14pt;\">DISPONIBLE VERSI\u00d3N ELECTR\u00d3NICA<\/span> en todoebook, casa del libro, el corte ingl\u00e9s&#8230;<\/strong><\/p>\n<p><a href=\"http:\/\/www.todoebook.com\/MENTA-Y-NATA-FERNANDO-FEDRIANI-EDICIONES-ALFAR-LibroEbook-es-9788478984572.html\" target=\"_blank\" rel=\"noopener\"><img decoding=\"async\" style=\"border-width: initial; border-color: initial;\" src=\"http:\/\/www.edicionesalfar.es\/logo-todoebook.gif\" alt=\"\" \/><\/a><\/p>\n","protected":false},"featured_media":14113,"comment_status":"open","ping_status":"closed","template":"","meta":{"_acf_changed":false,"_et_pb_use_builder":"","_et_pb_old_content":"","_et_gb_content_width":""},"product_brand":[],"product_cat":[376,39,541],"product_tag":[],"class_list":{"0":"post-14112","1":"product","2":"type-product","3":"status-publish","4":"has-post-thumbnail","6":"product_cat-autores","7":"product_cat-deportes","8":"product_cat-fedriani-fernando","10":"first","11":"instock","12":"taxable","13":"shipping-taxable","14":"purchasable","15":"product-type-simple"},"acf":[],"yoast_head":"<!-- This site is optimized with the Yoast SEO plugin v27.4 - https:\/\/yoast.com\/product\/yoast-seo-wordpress\/ -->\n<title>Menta y nata. Primera novela hist\u00f3rica del Real Betis Balompi\u00e9 - Ediciones Alfar<\/title>\n<meta name=\"robots\" content=\"index, follow, max-snippet:-1, max-image-preview:large, max-video-preview:-1\" \/>\n<link rel=\"canonical\" href=\"https:\/\/edicionesalfar.es\/es\/producto\/menta-y-nata-primera-novela-historica-del-real-betis-balompie\/\" \/>\n<meta property=\"og:locale\" content=\"es_ES\" \/>\n<meta property=\"og:type\" content=\"article\" \/>\n<meta property=\"og:title\" content=\"Menta y nata. Primera novela hist\u00f3rica del Real Betis Balompi\u00e9 - Ediciones Alfar\" \/>\n<meta property=\"og:description\" content=\"Una novela sobre f\u00fatbol y literatura, que mezcla los polos opuestos de la vida, sensaciones tan dispares como la menta y la nata. La primera novela hist\u00f3rica sobre f\u00fatbol. Y sobre el Betis.  &nbsp;  DISPONIBLE VERSI\u00d3N ELECTR\u00d3NICA en todoebook, casa del libro, el corte ingl\u00e9s...\" \/>\n<meta property=\"og:url\" content=\"https:\/\/edicionesalfar.es\/es\/producto\/menta-y-nata-primera-novela-historica-del-real-betis-balompie\/\" \/>\n<meta property=\"og:site_name\" content=\"Ediciones Alfar\" \/>\n<meta property=\"article:modified_time\" content=\"2022-12-14T09:04:37+00:00\" \/>\n<meta property=\"og:image\" content=\"https:\/\/edicionesalfar.es\/es\/wp-content\/uploads\/2019\/05\/menta%20y%20nata.jpg\" \/>\n\t<meta property=\"og:image:width\" content=\"1\" \/>\n\t<meta property=\"og:image:height\" content=\"1\" \/>\n\t<meta property=\"og:image:type\" content=\"image\/jpeg\" \/>\n<meta name=\"twitter:card\" content=\"summary_large_image\" \/>\n<meta name=\"twitter:label1\" content=\"Tiempo de lectura\" \/>\n\t<meta name=\"twitter:data1\" content=\"2 minutos\" \/>\n<script type=\"application\/ld+json\" class=\"yoast-schema-graph\">{\"@context\":\"https:\\\/\\\/schema.org\",\"@graph\":[{\"@type\":\"WebPage\",\"@id\":\"https:\\\/\\\/edicionesalfar.es\\\/es\\\/producto\\\/menta-y-nata-primera-novela-historica-del-real-betis-balompie\\\/\",\"url\":\"https:\\\/\\\/edicionesalfar.es\\\/es\\\/producto\\\/menta-y-nata-primera-novela-historica-del-real-betis-balompie\\\/\",\"name\":\"Menta y nata. Primera novela hist\u00f3rica del Real Betis Balompi\u00e9 - Ediciones Alfar\",\"isPartOf\":{\"@id\":\"https:\\\/\\\/edicionesalfar.es\\\/es\\\/#website\"},\"primaryImageOfPage\":{\"@id\":\"https:\\\/\\\/edicionesalfar.es\\\/es\\\/producto\\\/menta-y-nata-primera-novela-historica-del-real-betis-balompie\\\/#primaryimage\"},\"image\":{\"@id\":\"https:\\\/\\\/edicionesalfar.es\\\/es\\\/producto\\\/menta-y-nata-primera-novela-historica-del-real-betis-balompie\\\/#primaryimage\"},\"thumbnailUrl\":\"https:\\\/\\\/edicionesalfar.es\\\/es\\\/wp-content\\\/uploads\\\/2019\\\/05\\\/menta%20y%20nata.jpg\",\"datePublished\":\"2019-07-11T05:52:36+00:00\",\"dateModified\":\"2022-12-14T09:04:37+00:00\",\"breadcrumb\":{\"@id\":\"https:\\\/\\\/edicionesalfar.es\\\/es\\\/producto\\\/menta-y-nata-primera-novela-historica-del-real-betis-balompie\\\/#breadcrumb\"},\"inLanguage\":\"es\",\"potentialAction\":[{\"@type\":\"ReadAction\",\"target\":[\"https:\\\/\\\/edicionesalfar.es\\\/es\\\/producto\\\/menta-y-nata-primera-novela-historica-del-real-betis-balompie\\\/\"]}]},{\"@type\":\"ImageObject\",\"inLanguage\":\"es\",\"@id\":\"https:\\\/\\\/edicionesalfar.es\\\/es\\\/producto\\\/menta-y-nata-primera-novela-historica-del-real-betis-balompie\\\/#primaryimage\",\"url\":\"https:\\\/\\\/edicionesalfar.es\\\/es\\\/wp-content\\\/uploads\\\/2019\\\/05\\\/menta%20y%20nata.jpg\",\"contentUrl\":\"https:\\\/\\\/edicionesalfar.es\\\/es\\\/wp-content\\\/uploads\\\/2019\\\/05\\\/menta%20y%20nata.jpg\"},{\"@type\":\"BreadcrumbList\",\"@id\":\"https:\\\/\\\/edicionesalfar.es\\\/es\\\/producto\\\/menta-y-nata-primera-novela-historica-del-real-betis-balompie\\\/#breadcrumb\",\"itemListElement\":[{\"@type\":\"ListItem\",\"position\":1,\"name\":\"Portada\",\"item\":\"https:\\\/\\\/edicionesalfar.es\\\/es\\\/\"},{\"@type\":\"ListItem\",\"position\":2,\"name\":\"Cat\u00e1logo\",\"item\":\"https:\\\/\\\/edicionesalfar.es\\\/es\\\/catalogo\\\/\"},{\"@type\":\"ListItem\",\"position\":3,\"name\":\"Menta y nata. Primera novela hist\u00f3rica del Real Betis Balompi\u00e9\"}]},{\"@type\":\"WebSite\",\"@id\":\"https:\\\/\\\/edicionesalfar.es\\\/es\\\/#website\",\"url\":\"https:\\\/\\\/edicionesalfar.es\\\/es\\\/\",\"name\":\"Ediciones Alfar\",\"description\":\"\",\"potentialAction\":[{\"@type\":\"SearchAction\",\"target\":{\"@type\":\"EntryPoint\",\"urlTemplate\":\"https:\\\/\\\/edicionesalfar.es\\\/es\\\/?s={search_term_string}\"},\"query-input\":{\"@type\":\"PropertyValueSpecification\",\"valueRequired\":true,\"valueName\":\"search_term_string\"}}],\"inLanguage\":\"es\"}]}<\/script>\n<!-- \/ Yoast SEO plugin. -->","yoast_head_json":{"title":"Menta y nata. Primera novela hist\u00f3rica del Real Betis Balompi\u00e9 - Ediciones Alfar","robots":{"index":"index","follow":"follow","max-snippet":"max-snippet:-1","max-image-preview":"max-image-preview:large","max-video-preview":"max-video-preview:-1"},"canonical":"https:\/\/edicionesalfar.es\/es\/producto\/menta-y-nata-primera-novela-historica-del-real-betis-balompie\/","og_locale":"es_ES","og_type":"article","og_title":"Menta y nata. Primera novela hist\u00f3rica del Real Betis Balompi\u00e9 - Ediciones Alfar","og_description":"Una novela sobre f\u00fatbol y literatura, que mezcla los polos opuestos de la vida, sensaciones tan dispares como la menta y la nata. La primera novela hist\u00f3rica sobre f\u00fatbol. Y sobre el Betis.  &nbsp;  DISPONIBLE VERSI\u00d3N ELECTR\u00d3NICA en todoebook, casa del libro, el corte ingl\u00e9s...","og_url":"https:\/\/edicionesalfar.es\/es\/producto\/menta-y-nata-primera-novela-historica-del-real-betis-balompie\/","og_site_name":"Ediciones Alfar","article_modified_time":"2022-12-14T09:04:37+00:00","og_image":[{"url":"https:\/\/edicionesalfar.es\/es\/wp-content\/uploads\/2019\/05\/menta%20y%20nata.jpg","width":1,"height":1,"type":"image\/jpeg"}],"twitter_card":"summary_large_image","twitter_misc":{"Tiempo de lectura":"2 minutos"},"schema":{"@context":"https:\/\/schema.org","@graph":[{"@type":"WebPage","@id":"https:\/\/edicionesalfar.es\/es\/producto\/menta-y-nata-primera-novela-historica-del-real-betis-balompie\/","url":"https:\/\/edicionesalfar.es\/es\/producto\/menta-y-nata-primera-novela-historica-del-real-betis-balompie\/","name":"Menta y nata. Primera novela hist\u00f3rica del Real Betis Balompi\u00e9 - Ediciones Alfar","isPartOf":{"@id":"https:\/\/edicionesalfar.es\/es\/#website"},"primaryImageOfPage":{"@id":"https:\/\/edicionesalfar.es\/es\/producto\/menta-y-nata-primera-novela-historica-del-real-betis-balompie\/#primaryimage"},"image":{"@id":"https:\/\/edicionesalfar.es\/es\/producto\/menta-y-nata-primera-novela-historica-del-real-betis-balompie\/#primaryimage"},"thumbnailUrl":"https:\/\/edicionesalfar.es\/es\/wp-content\/uploads\/2019\/05\/menta%20y%20nata.jpg","datePublished":"2019-07-11T05:52:36+00:00","dateModified":"2022-12-14T09:04:37+00:00","breadcrumb":{"@id":"https:\/\/edicionesalfar.es\/es\/producto\/menta-y-nata-primera-novela-historica-del-real-betis-balompie\/#breadcrumb"},"inLanguage":"es","potentialAction":[{"@type":"ReadAction","target":["https:\/\/edicionesalfar.es\/es\/producto\/menta-y-nata-primera-novela-historica-del-real-betis-balompie\/"]}]},{"@type":"ImageObject","inLanguage":"es","@id":"https:\/\/edicionesalfar.es\/es\/producto\/menta-y-nata-primera-novela-historica-del-real-betis-balompie\/#primaryimage","url":"https:\/\/edicionesalfar.es\/es\/wp-content\/uploads\/2019\/05\/menta%20y%20nata.jpg","contentUrl":"https:\/\/edicionesalfar.es\/es\/wp-content\/uploads\/2019\/05\/menta%20y%20nata.jpg"},{"@type":"BreadcrumbList","@id":"https:\/\/edicionesalfar.es\/es\/producto\/menta-y-nata-primera-novela-historica-del-real-betis-balompie\/#breadcrumb","itemListElement":[{"@type":"ListItem","position":1,"name":"Portada","item":"https:\/\/edicionesalfar.es\/es\/"},{"@type":"ListItem","position":2,"name":"Cat\u00e1logo","item":"https:\/\/edicionesalfar.es\/es\/catalogo\/"},{"@type":"ListItem","position":3,"name":"Menta y nata. Primera novela hist\u00f3rica del Real Betis Balompi\u00e9"}]},{"@type":"WebSite","@id":"https:\/\/edicionesalfar.es\/es\/#website","url":"https:\/\/edicionesalfar.es\/es\/","name":"Ediciones Alfar","description":"","potentialAction":[{"@type":"SearchAction","target":{"@type":"EntryPoint","urlTemplate":"https:\/\/edicionesalfar.es\/es\/?s={search_term_string}"},"query-input":{"@type":"PropertyValueSpecification","valueRequired":true,"valueName":"search_term_string"}}],"inLanguage":"es"}]}},"_links":{"self":[{"href":"https:\/\/edicionesalfar.es\/es\/wp-json\/wp\/v2\/product\/14112","targetHints":{"allow":["GET"]}}],"collection":[{"href":"https:\/\/edicionesalfar.es\/es\/wp-json\/wp\/v2\/product"}],"about":[{"href":"https:\/\/edicionesalfar.es\/es\/wp-json\/wp\/v2\/types\/product"}],"replies":[{"embeddable":true,"href":"https:\/\/edicionesalfar.es\/es\/wp-json\/wp\/v2\/comments?post=14112"}],"wp:featuredmedia":[{"embeddable":true,"href":"https:\/\/edicionesalfar.es\/es\/wp-json\/wp\/v2\/media\/14113"}],"wp:attachment":[{"href":"https:\/\/edicionesalfar.es\/es\/wp-json\/wp\/v2\/media?parent=14112"}],"wp:term":[{"taxonomy":"product_brand","embeddable":true,"href":"https:\/\/edicionesalfar.es\/es\/wp-json\/wp\/v2\/product_brand?post=14112"},{"taxonomy":"product_cat","embeddable":true,"href":"https:\/\/edicionesalfar.es\/es\/wp-json\/wp\/v2\/product_cat?post=14112"},{"taxonomy":"product_tag","embeddable":true,"href":"https:\/\/edicionesalfar.es\/es\/wp-json\/wp\/v2\/product_tag?post=14112"}],"curies":[{"name":"wp","href":"https:\/\/api.w.org\/{rel}","templated":true}]}}