{"id":14108,"date":"2019-07-11T05:52:34","date_gmt":"2019-07-11T05:52:34","guid":{"rendered":"http:\/\/www.edicionesalfar.es\/web-wordpress\/?post_type=product&#047;p="},"modified":"2024-11-30T05:02:19","modified_gmt":"2024-11-30T04:02:19","slug":"don-picoco-de-los-cerros-senor-de-los-fogones-viajero-incansable-y-anfitrion-amable-segunda-parte","status":"publish","type":"product","link":"https:\/\/edicionesalfar.es\/es\/producto\/don-picoco-de-los-cerros-senor-de-los-fogones-viajero-incansable-y-anfitrion-amable-segunda-parte\/","title":{"rendered":"Don Picoco de los Cerros. Se\u00f1or de los fogones, viajero incansable y anfitri\u00f3n amable. SEGUNDA PARTE"},"content":{"rendered":"","protected":false},"excerpt":{"rendered":"<p style=\"line-height: 0.35cm;\" align=\"JUSTIFY\"><span style=\"color: #000000;\"><span style=\"color: #000000;\"><span style=\"font-family: Andalus;\"><span style=\"font-size: x-small;\"><span lang=\"es-ES\">Don Picoco, una vez ha finalizado en compa\u00f1\u00eda de Sancho su periplo inici\u00e1tico por tierras de Ja\u00e9n, del que ya tenemos cumplida noticia en la primera parte de este libro, ha de proseguir sus aventuras culturales y gastron\u00f3micas por otras tierras en las que encontrar\u00e1 nuevas vivencias y mejores momentos que compartir.<\/span><\/span><\/span><\/span><\/span><\/p>\n<p style=\"margin-bottom: 0.5cm; line-height: 0.35cm;\" align=\"JUSTIFY\"><span style=\"font-family: Andalus;\"><span style=\"font-size: x-small;\">En esta segunda parte de <\/span><\/span><span style=\"font-family: Andalus;\"><span style=\"font-size: x-small;\"><em>Don Picoco de los Cerros<\/em><\/span><\/span><span style=\"font-family: Andalus;\"><span style=\"font-size: x-small;\"> nuestro afamado se\u00f1or de los fogones, animado con el esp\u00edritu divulgador de la Orden de la Cuchara quiere dar a conocer facetas del arte, la cultura, la cocina, el ser y el sentir de otros pueblos de Espa\u00f1a que le son muy queridos, para lo cual viaja de nuevo junto a un Sancho cada vez m\u00e1s \u2018gastr\u00f3sofo\u2019 (gastr\u00f3nomo y fil\u00f3sofo) al que quiere retener en este mundo de sue\u00f1os que podr\u00edan ser una realidad. <\/span><\/span><\/p>\n","protected":false},"featured_media":14109,"comment_status":"open","ping_status":"closed","template":"","meta":{"_acf_changed":false,"_et_pb_use_builder":"","_et_pb_old_content":"","_et_gb_content_width":""},"product_brand":[],"product_cat":[376,499,47],"product_tag":[],"class_list":{"0":"post-14108","1":"product","2":"type-product","3":"status-publish","4":"has-post-thumbnail","6":"product_cat-autores","7":"product_cat-casas-delgado-francisco","8":"product_cat-otras-narrativas","10":"first","11":"instock","12":"taxable","13":"shipping-taxable","14":"purchasable","15":"product-type-simple"},"acf":[],"yoast_head":"<!-- This site is optimized with the Yoast SEO plugin v27.5 - https:\/\/yoast.com\/product\/yoast-seo-wordpress\/ -->\n<title>Don Picoco de los Cerros. Se\u00f1or de los fogones, viajero incansable y anfitri\u00f3n amable. SEGUNDA PARTE - Ediciones Alfar<\/title>\n<meta name=\"robots\" content=\"index, follow, max-snippet:-1, max-image-preview:large, max-video-preview:-1\" \/>\n<link rel=\"canonical\" href=\"https:\/\/edicionesalfar.es\/es\/producto\/don-picoco-de-los-cerros-senor-de-los-fogones-viajero-incansable-y-anfitrion-amable-segunda-parte\/\" \/>\n<meta property=\"og:locale\" content=\"es_ES\" \/>\n<meta property=\"og:type\" content=\"article\" \/>\n<meta property=\"og:title\" content=\"Don Picoco de los Cerros. Se\u00f1or de los fogones, viajero incansable y anfitri\u00f3n amable. SEGUNDA PARTE - Ediciones Alfar\" \/>\n<meta property=\"og:description\" content=\"Don Picoco, una vez ha finalizado en compa\u00f1\u00eda de Sancho su periplo inici\u00e1tico por tierras de Ja\u00e9n, del que ya tenemos cumplida noticia en la primera parte de este libro, ha de proseguir sus aventuras culturales y gastron\u00f3micas por otras tierras en las que encontrar\u00e1 nuevas vivencias y mejores momentos que compartir. En esta segunda parte de Don Picoco de los Cerros nuestro afamado se\u00f1or de los fogones, animado con el esp\u00edritu divulgador de la Orden de la Cuchara quiere dar a conocer facetas del arte, la cultura, la cocina, el ser y el sentir de otros pueblos de Espa\u00f1a que le son muy queridos, para lo cual viaja de nuevo junto a un Sancho cada vez m\u00e1s \u2018gastr\u00f3sofo\u2019 (gastr\u00f3nomo y fil\u00f3sofo) al que quiere retener en este mundo de sue\u00f1os que podr\u00edan ser una realidad.\" \/>\n<meta property=\"og:url\" content=\"https:\/\/edicionesalfar.es\/es\/producto\/don-picoco-de-los-cerros-senor-de-los-fogones-viajero-incansable-y-anfitrion-amable-segunda-parte\/\" \/>\n<meta property=\"og:site_name\" content=\"Ediciones Alfar\" \/>\n<meta property=\"article:modified_time\" content=\"2024-11-30T04:02:19+00:00\" \/>\n<meta property=\"og:image\" content=\"https:\/\/edicionesalfar.es\/es\/wp-content\/uploads\/2019\/05\/Don-Picoco.Segunda-parte.jpg\" \/>\n\t<meta property=\"og:image:width\" content=\"1\" \/>\n\t<meta property=\"og:image:height\" content=\"1\" \/>\n\t<meta property=\"og:image:type\" content=\"image\/jpeg\" \/>\n<meta name=\"twitter:card\" content=\"summary_large_image\" \/>\n<script type=\"application\/ld+json\" class=\"yoast-schema-graph\">{\"@context\":\"https:\\\/\\\/schema.org\",\"@graph\":[{\"@type\":\"WebPage\",\"@id\":\"https:\\\/\\\/edicionesalfar.es\\\/es\\\/producto\\\/don-picoco-de-los-cerros-senor-de-los-fogones-viajero-incansable-y-anfitrion-amable-segunda-parte\\\/\",\"url\":\"https:\\\/\\\/edicionesalfar.es\\\/es\\\/producto\\\/don-picoco-de-los-cerros-senor-de-los-fogones-viajero-incansable-y-anfitrion-amable-segunda-parte\\\/\",\"name\":\"Don Picoco de los Cerros. Se\u00f1or de los fogones, viajero incansable y anfitri\u00f3n amable. SEGUNDA PARTE - Ediciones Alfar\",\"isPartOf\":{\"@id\":\"https:\\\/\\\/edicionesalfar.es\\\/es\\\/#website\"},\"primaryImageOfPage\":{\"@id\":\"https:\\\/\\\/edicionesalfar.es\\\/es\\\/producto\\\/don-picoco-de-los-cerros-senor-de-los-fogones-viajero-incansable-y-anfitrion-amable-segunda-parte\\\/#primaryimage\"},\"image\":{\"@id\":\"https:\\\/\\\/edicionesalfar.es\\\/es\\\/producto\\\/don-picoco-de-los-cerros-senor-de-los-fogones-viajero-incansable-y-anfitrion-amable-segunda-parte\\\/#primaryimage\"},\"thumbnailUrl\":\"https:\\\/\\\/edicionesalfar.es\\\/es\\\/wp-content\\\/uploads\\\/2019\\\/05\\\/Don-Picoco.Segunda-parte.jpg\",\"datePublished\":\"2019-07-11T05:52:34+00:00\",\"dateModified\":\"2024-11-30T04:02:19+00:00\",\"breadcrumb\":{\"@id\":\"https:\\\/\\\/edicionesalfar.es\\\/es\\\/producto\\\/don-picoco-de-los-cerros-senor-de-los-fogones-viajero-incansable-y-anfitrion-amable-segunda-parte\\\/#breadcrumb\"},\"inLanguage\":\"es\",\"potentialAction\":[{\"@type\":\"ReadAction\",\"target\":[\"https:\\\/\\\/edicionesalfar.es\\\/es\\\/producto\\\/don-picoco-de-los-cerros-senor-de-los-fogones-viajero-incansable-y-anfitrion-amable-segunda-parte\\\/\"]}]},{\"@type\":\"ImageObject\",\"inLanguage\":\"es\",\"@id\":\"https:\\\/\\\/edicionesalfar.es\\\/es\\\/producto\\\/don-picoco-de-los-cerros-senor-de-los-fogones-viajero-incansable-y-anfitrion-amable-segunda-parte\\\/#primaryimage\",\"url\":\"https:\\\/\\\/edicionesalfar.es\\\/es\\\/wp-content\\\/uploads\\\/2019\\\/05\\\/Don-Picoco.Segunda-parte.jpg\",\"contentUrl\":\"https:\\\/\\\/edicionesalfar.es\\\/es\\\/wp-content\\\/uploads\\\/2019\\\/05\\\/Don-Picoco.Segunda-parte.jpg\"},{\"@type\":\"BreadcrumbList\",\"@id\":\"https:\\\/\\\/edicionesalfar.es\\\/es\\\/producto\\\/don-picoco-de-los-cerros-senor-de-los-fogones-viajero-incansable-y-anfitrion-amable-segunda-parte\\\/#breadcrumb\",\"itemListElement\":[{\"@type\":\"ListItem\",\"position\":1,\"name\":\"Portada\",\"item\":\"https:\\\/\\\/edicionesalfar.es\\\/es\\\/\"},{\"@type\":\"ListItem\",\"position\":2,\"name\":\"Cat\u00e1logo\",\"item\":\"https:\\\/\\\/edicionesalfar.es\\\/es\\\/catalogo\\\/\"},{\"@type\":\"ListItem\",\"position\":3,\"name\":\"Don Picoco de los Cerros. Se\u00f1or de los fogones, viajero incansable y anfitri\u00f3n amable. SEGUNDA PARTE\"}]},{\"@type\":\"WebSite\",\"@id\":\"https:\\\/\\\/edicionesalfar.es\\\/es\\\/#website\",\"url\":\"https:\\\/\\\/edicionesalfar.es\\\/es\\\/\",\"name\":\"Ediciones Alfar\",\"description\":\"\",\"potentialAction\":[{\"@type\":\"SearchAction\",\"target\":{\"@type\":\"EntryPoint\",\"urlTemplate\":\"https:\\\/\\\/edicionesalfar.es\\\/es\\\/?s={search_term_string}\"},\"query-input\":{\"@type\":\"PropertyValueSpecification\",\"valueRequired\":true,\"valueName\":\"search_term_string\"}}],\"inLanguage\":\"es\"}]}<\/script>\n<!-- \/ Yoast SEO plugin. -->","yoast_head_json":{"title":"Don Picoco de los Cerros. Se\u00f1or de los fogones, viajero incansable y anfitri\u00f3n amable. SEGUNDA PARTE - Ediciones Alfar","robots":{"index":"index","follow":"follow","max-snippet":"max-snippet:-1","max-image-preview":"max-image-preview:large","max-video-preview":"max-video-preview:-1"},"canonical":"https:\/\/edicionesalfar.es\/es\/producto\/don-picoco-de-los-cerros-senor-de-los-fogones-viajero-incansable-y-anfitrion-amable-segunda-parte\/","og_locale":"es_ES","og_type":"article","og_title":"Don Picoco de los Cerros. Se\u00f1or de los fogones, viajero incansable y anfitri\u00f3n amable. SEGUNDA PARTE - Ediciones Alfar","og_description":"Don Picoco, una vez ha finalizado en compa\u00f1\u00eda de Sancho su periplo inici\u00e1tico por tierras de Ja\u00e9n, del que ya tenemos cumplida noticia en la primera parte de este libro, ha de proseguir sus aventuras culturales y gastron\u00f3micas por otras tierras en las que encontrar\u00e1 nuevas vivencias y mejores momentos que compartir. En esta segunda parte de Don Picoco de los Cerros nuestro afamado se\u00f1or de los fogones, animado con el esp\u00edritu divulgador de la Orden de la Cuchara quiere dar a conocer facetas del arte, la cultura, la cocina, el ser y el sentir de otros pueblos de Espa\u00f1a que le son muy queridos, para lo cual viaja de nuevo junto a un Sancho cada vez m\u00e1s \u2018gastr\u00f3sofo\u2019 (gastr\u00f3nomo y fil\u00f3sofo) al que quiere retener en este mundo de sue\u00f1os que podr\u00edan ser una realidad.","og_url":"https:\/\/edicionesalfar.es\/es\/producto\/don-picoco-de-los-cerros-senor-de-los-fogones-viajero-incansable-y-anfitrion-amable-segunda-parte\/","og_site_name":"Ediciones Alfar","article_modified_time":"2024-11-30T04:02:19+00:00","og_image":[{"url":"https:\/\/edicionesalfar.es\/es\/wp-content\/uploads\/2019\/05\/Don-Picoco.Segunda-parte.jpg","width":1,"height":1,"type":"image\/jpeg"}],"twitter_card":"summary_large_image","schema":{"@context":"https:\/\/schema.org","@graph":[{"@type":"WebPage","@id":"https:\/\/edicionesalfar.es\/es\/producto\/don-picoco-de-los-cerros-senor-de-los-fogones-viajero-incansable-y-anfitrion-amable-segunda-parte\/","url":"https:\/\/edicionesalfar.es\/es\/producto\/don-picoco-de-los-cerros-senor-de-los-fogones-viajero-incansable-y-anfitrion-amable-segunda-parte\/","name":"Don Picoco de los Cerros. Se\u00f1or de los fogones, viajero incansable y anfitri\u00f3n amable. SEGUNDA PARTE - Ediciones Alfar","isPartOf":{"@id":"https:\/\/edicionesalfar.es\/es\/#website"},"primaryImageOfPage":{"@id":"https:\/\/edicionesalfar.es\/es\/producto\/don-picoco-de-los-cerros-senor-de-los-fogones-viajero-incansable-y-anfitrion-amable-segunda-parte\/#primaryimage"},"image":{"@id":"https:\/\/edicionesalfar.es\/es\/producto\/don-picoco-de-los-cerros-senor-de-los-fogones-viajero-incansable-y-anfitrion-amable-segunda-parte\/#primaryimage"},"thumbnailUrl":"https:\/\/edicionesalfar.es\/es\/wp-content\/uploads\/2019\/05\/Don-Picoco.Segunda-parte.jpg","datePublished":"2019-07-11T05:52:34+00:00","dateModified":"2024-11-30T04:02:19+00:00","breadcrumb":{"@id":"https:\/\/edicionesalfar.es\/es\/producto\/don-picoco-de-los-cerros-senor-de-los-fogones-viajero-incansable-y-anfitrion-amable-segunda-parte\/#breadcrumb"},"inLanguage":"es","potentialAction":[{"@type":"ReadAction","target":["https:\/\/edicionesalfar.es\/es\/producto\/don-picoco-de-los-cerros-senor-de-los-fogones-viajero-incansable-y-anfitrion-amable-segunda-parte\/"]}]},{"@type":"ImageObject","inLanguage":"es","@id":"https:\/\/edicionesalfar.es\/es\/producto\/don-picoco-de-los-cerros-senor-de-los-fogones-viajero-incansable-y-anfitrion-amable-segunda-parte\/#primaryimage","url":"https:\/\/edicionesalfar.es\/es\/wp-content\/uploads\/2019\/05\/Don-Picoco.Segunda-parte.jpg","contentUrl":"https:\/\/edicionesalfar.es\/es\/wp-content\/uploads\/2019\/05\/Don-Picoco.Segunda-parte.jpg"},{"@type":"BreadcrumbList","@id":"https:\/\/edicionesalfar.es\/es\/producto\/don-picoco-de-los-cerros-senor-de-los-fogones-viajero-incansable-y-anfitrion-amable-segunda-parte\/#breadcrumb","itemListElement":[{"@type":"ListItem","position":1,"name":"Portada","item":"https:\/\/edicionesalfar.es\/es\/"},{"@type":"ListItem","position":2,"name":"Cat\u00e1logo","item":"https:\/\/edicionesalfar.es\/es\/catalogo\/"},{"@type":"ListItem","position":3,"name":"Don Picoco de los Cerros. Se\u00f1or de los fogones, viajero incansable y anfitri\u00f3n amable. SEGUNDA PARTE"}]},{"@type":"WebSite","@id":"https:\/\/edicionesalfar.es\/es\/#website","url":"https:\/\/edicionesalfar.es\/es\/","name":"Ediciones Alfar","description":"","potentialAction":[{"@type":"SearchAction","target":{"@type":"EntryPoint","urlTemplate":"https:\/\/edicionesalfar.es\/es\/?s={search_term_string}"},"query-input":{"@type":"PropertyValueSpecification","valueRequired":true,"valueName":"search_term_string"}}],"inLanguage":"es"}]}},"_links":{"self":[{"href":"https:\/\/edicionesalfar.es\/es\/wp-json\/wp\/v2\/product\/14108","targetHints":{"allow":["GET"]}}],"collection":[{"href":"https:\/\/edicionesalfar.es\/es\/wp-json\/wp\/v2\/product"}],"about":[{"href":"https:\/\/edicionesalfar.es\/es\/wp-json\/wp\/v2\/types\/product"}],"replies":[{"embeddable":true,"href":"https:\/\/edicionesalfar.es\/es\/wp-json\/wp\/v2\/comments?post=14108"}],"wp:featuredmedia":[{"embeddable":true,"href":"https:\/\/edicionesalfar.es\/es\/wp-json\/wp\/v2\/media\/14109"}],"wp:attachment":[{"href":"https:\/\/edicionesalfar.es\/es\/wp-json\/wp\/v2\/media?parent=14108"}],"wp:term":[{"taxonomy":"product_brand","embeddable":true,"href":"https:\/\/edicionesalfar.es\/es\/wp-json\/wp\/v2\/product_brand?post=14108"},{"taxonomy":"product_cat","embeddable":true,"href":"https:\/\/edicionesalfar.es\/es\/wp-json\/wp\/v2\/product_cat?post=14108"},{"taxonomy":"product_tag","embeddable":true,"href":"https:\/\/edicionesalfar.es\/es\/wp-json\/wp\/v2\/product_tag?post=14108"}],"curies":[{"name":"wp","href":"https:\/\/api.w.org\/{rel}","templated":true}]}}