{"id":14106,"date":"2019-07-11T05:52:33","date_gmt":"2019-07-11T05:52:33","guid":{"rendered":"http:\/\/www.edicionesalfar.es\/web-wordpress\/?post_type=product&#045;p="},"modified":"2023-01-12T10:12:38","modified_gmt":"2023-01-12T09:12:38","slug":"ruta-de-falla","status":"publish","type":"product","link":"https:\/\/edicionesalfar.es\/es\/producto\/ruta-de-falla\/","title":{"rendered":"Ruta de Falla"},"content":{"rendered":"<p>CONTENIDO:\u00a0Hay rutas que s\u00f3lo el coraz\u00f3n puede recorrer desde el origen de la emoci\u00f3n y el misterio. Antonio Flor ha dibujado en este libro el camino sentimental y memor\u00edstico de un gran m\u00fasico, Manuel de Falla, que es tambi\u00e9n el alter ego de su condici\u00f3n de compositor y profesor de m\u00fasica, y con ello describe un recorrido por C\u00e1diz y sus \u00edntimas cercan\u00edas; la ciudad ancestral, m\u00edtica, ilustrada y rom\u00e1ntica, que se presta con su historia y sus bell\u00edsimos espacios a ser cuerpo po\u00e9tico de esta ruta, geograf\u00eda del conocimiento, y desvelo de los lugares que forjan los sustratos infantiles y juveniles de la futura m\u00fasica de Falla.<\/p>\n<p style=\"padding-left: 0px; color: #333333; font-family: Georgia, Cambria, 'Times New Roman', Times, serif; font-size: 13px; font-style: normal; line-height: 0.35cm; margin: 1em 0px 0cm 0px;\" align=\"JUSTIFY\">\u00cdNDICE:<\/p>\n<p>PR\u00d3LOGO. Josela Maturana<br style=\"height: 1px; font-size: 1px;\" \/>Manuel de Falla inicia el paseo<br style=\"height: 1px; font-size: 1px;\" \/>CAP\u00cdTULO I. Mi quimera de sublimar el flamenco en M\u00fasica Cl\u00e1sica, quiz\u00e1s&#8230; la \u00faltima pieza del puzzle\u00a0<br style=\"height: 1px; font-size: 1px;\" \/>CAP\u00cdTULO II. El pasado m\u00edtico de C\u00e1diz. Mi Atl\u00e1ntida\u00a0<br style=\"height: 1px; font-size: 1px;\" \/>CAP\u00cdTULO III . Salimos de Chiclana hacia San Fernando.\u00a0 La Bah\u00eda de C\u00e1diz, laberinto de Esteros, para\u00edso de sal de\u00a0 los flamencos<br style=\"height: 1px; font-size: 1px;\" \/>CAP\u00cdTULO IV. Nos vamos acercando a San Fernando y despu\u00e9s a C\u00e1diz. Dos preciosos \u201cCaf\u00e9-cantantes\u201d, santuarios\u00a0 del \u201cFlamenco\u201d\u00a0<br style=\"height: 1px; font-size: 1px;\" \/>CAP\u00cdTULO V. Las Murallas de Puertas de Tierra, otra sem\u00e1ntica m\u00e1s bella aun si cabe\u00a0<br style=\"height: 1px; font-size: 1px;\" \/>CAP\u00cdTULO VI. Plaza Espa\u00f1a, jugar a buscar en el cielo&#8230; \u201cTorres Miradores\u201d\u00a0<br style=\"height: 1px; font-size: 1px;\" \/>CAP\u00cdTULO VII. Salimos de la Plaza de Espa\u00f1a, &#8230;subimos\u00a0 la muralla de San Carlos, &#8230;la Alameda Apodaca, &#8230;la Plaza\u00a0 de Mina.Las nanas flamencas de mi aya. Mi infancia\u00a0<br style=\"height: 1px; font-size: 1px;\" \/>CAP\u00cdTULO VIII. Plaza de Mina&#8230; Callej\u00f3n del Tinte&#8230; Calle Rosario&#8230; Iglesia de la Santa Cueva. Goya&#8230; Haydn&#8230;\u00a0 Mi Oratorio de La Atl\u00e1ntida\u00a0<br style=\"height: 1px; font-size: 1px;\" \/>CAP\u00cdTULO IX. Calle Rosario &#8230; Plaza de San Francisco&#8230; \u00bfLa Casa de Indias? Fray Jun\u00edpero Serra&#8230;\u00a0<br style=\"height: 1px; font-size: 1px;\" \/>CAP\u00cdTULO X. Plaza de San Francisco&#8230;Calle Ancha, San\u00a0 Antonio&#8230; La proclamaci\u00f3n de la Constituci\u00f3n de 1812. Don Jos\u00e9 Mar\u00eda Pem\u00e1n\u00a0<br style=\"height: 1px; font-size: 1px;\" \/>CAP\u00cdTULO XI. Calle Ancha&#8230; Palillero&#8230; Plaza de\u00a0 Candelaria&#8230; Me enamor\u00e9 de la m\u00fasica\u00a0<br style=\"height: 1px; font-size: 1px;\" \/>CAP\u00cdTULO XII Plaza Candelaria&#8230;Calle Santiago&#8230; Plaza de la Catedral. La Plaza de los puntos y&#8230; \u00bffinales?\u00a0<br style=\"height: 1px; font-size: 1px;\" \/>CAP\u00cdTULO XIII. Plaza de la Catedral&#8230; Cuesta del\u00a0 Arquitecto Acero&#8230;Campo del sur&#8230; Miro de nuevo al\u00a0 Mediterr\u00e1neo fenicio\u00a0<br style=\"height: 1px; font-size: 1px;\" \/>Ep\u00edlogo del autor<\/p>\n","protected":false},"excerpt":{"rendered":"<p>Hay rutas que s\u00f3lo el coraz\u00f3n puede recorrer desde el origen de la emoci\u00f3n y el misterio. Antonio Flor ha dibujado en este libro el camino sentimental y memor\u00edstico de un gran m\u00fasico, Manuel de Falla, que es tambi\u00e9n el alter ego de su condici\u00f3n de compositor y profesor de m\u00fasica, y con ello describe un recorrido por C\u00e1diz y sus \u00edntimas cercan\u00edas; la ciudad ancestral, m\u00edtica, ilustrada y rom\u00e1ntica, que se presta con su historia y sus bell\u00edsimos espacios a ser cuerpo po\u00e9tico de esta ruta, geograf\u00eda del conocimiento, y desvelo de los lugares que forjan los sustratos infantiles y juveniles de la futura m\u00fasica de Falla.<\/p>\n<p>&nbsp;<\/p>\n<p><a href=\"http:\/\/digital.casalini.it\/9788478984350\" target=\"_blank\" rel=\"noopener\"><img decoding=\"async\" src=\"http:\/\/www.edicionesalfar.es\/logo_casalini.JPG\" alt=\"\" \/><\/a><\/p>\n<p lang=\"es-ES\" style=\"margin-bottom: 0cm; line-height: 0.35cm;\" align=\"JUSTIFY\">\n","protected":false},"featured_media":14107,"comment_status":"open","ping_status":"closed","template":"","meta":{"_acf_changed":false,"_et_pb_use_builder":"","_et_pb_old_content":"","_et_gb_content_width":""},"product_brand":[],"product_cat":[376,555,45],"product_tag":[],"class_list":{"0":"post-14106","1":"product","2":"type-product","3":"status-publish","4":"has-post-thumbnail","6":"product_cat-autores","7":"product_cat-flor-borrego-antonio","8":"product_cat-viajes","10":"first","11":"instock","12":"taxable","13":"shipping-taxable","14":"purchasable","15":"product-type-simple"},"acf":[],"yoast_head":"<!-- This site is optimized with the Yoast SEO plugin v27.4 - https:\/\/yoast.com\/product\/yoast-seo-wordpress\/ -->\n<title>Ruta de Falla - Ediciones Alfar<\/title>\n<meta name=\"robots\" content=\"index, follow, max-snippet:-1, max-image-preview:large, max-video-preview:-1\" \/>\n<link rel=\"canonical\" href=\"https:\/\/edicionesalfar.es\/es\/producto\/ruta-de-falla\/\" \/>\n<meta property=\"og:locale\" content=\"es_ES\" \/>\n<meta property=\"og:type\" content=\"article\" \/>\n<meta property=\"og:title\" content=\"Ruta de Falla - Ediciones Alfar\" \/>\n<meta property=\"og:description\" content=\"Hay rutas que s\u00f3lo el coraz\u00f3n puede recorrer desde el origen de la emoci\u00f3n y el misterio. Antonio Flor ha dibujado en este libro el camino sentimental y memor\u00edstico de un gran m\u00fasico, Manuel de Falla, que es tambi\u00e9n el alter ego de su condici\u00f3n de compositor y profesor de m\u00fasica, y con ello describe un recorrido por C\u00e1diz y sus \u00edntimas cercan\u00edas; la ciudad ancestral, m\u00edtica, ilustrada y rom\u00e1ntica, que se presta con su historia y sus bell\u00edsimos espacios a ser cuerpo po\u00e9tico de esta ruta, geograf\u00eda del conocimiento, y desvelo de los lugares que forjan los sustratos infantiles y juveniles de la futura m\u00fasica de Falla.  &nbsp;\" \/>\n<meta property=\"og:url\" content=\"https:\/\/edicionesalfar.es\/es\/producto\/ruta-de-falla\/\" \/>\n<meta property=\"og:site_name\" content=\"Ediciones Alfar\" \/>\n<meta property=\"article:modified_time\" content=\"2023-01-12T09:12:38+00:00\" \/>\n<meta property=\"og:image\" content=\"https:\/\/edicionesalfar.es\/es\/wp-content\/uploads\/2019\/05\/Rutafalla.jpg\" \/>\n\t<meta property=\"og:image:width\" content=\"1\" \/>\n\t<meta property=\"og:image:height\" content=\"1\" \/>\n\t<meta property=\"og:image:type\" content=\"image\/jpeg\" \/>\n<meta name=\"twitter:card\" content=\"summary_large_image\" \/>\n<meta name=\"twitter:label1\" content=\"Tiempo de lectura\" \/>\n\t<meta name=\"twitter:data1\" content=\"2 minutos\" \/>\n<script type=\"application\/ld+json\" class=\"yoast-schema-graph\">{\"@context\":\"https:\\\/\\\/schema.org\",\"@graph\":[{\"@type\":\"WebPage\",\"@id\":\"https:\\\/\\\/edicionesalfar.es\\\/es\\\/producto\\\/ruta-de-falla\\\/\",\"url\":\"https:\\\/\\\/edicionesalfar.es\\\/es\\\/producto\\\/ruta-de-falla\\\/\",\"name\":\"Ruta de Falla - Ediciones Alfar\",\"isPartOf\":{\"@id\":\"https:\\\/\\\/edicionesalfar.es\\\/es\\\/#website\"},\"primaryImageOfPage\":{\"@id\":\"https:\\\/\\\/edicionesalfar.es\\\/es\\\/producto\\\/ruta-de-falla\\\/#primaryimage\"},\"image\":{\"@id\":\"https:\\\/\\\/edicionesalfar.es\\\/es\\\/producto\\\/ruta-de-falla\\\/#primaryimage\"},\"thumbnailUrl\":\"https:\\\/\\\/edicionesalfar.es\\\/es\\\/wp-content\\\/uploads\\\/2019\\\/05\\\/Rutafalla.jpg\",\"datePublished\":\"2019-07-11T05:52:33+00:00\",\"dateModified\":\"2023-01-12T09:12:38+00:00\",\"breadcrumb\":{\"@id\":\"https:\\\/\\\/edicionesalfar.es\\\/es\\\/producto\\\/ruta-de-falla\\\/#breadcrumb\"},\"inLanguage\":\"es\",\"potentialAction\":[{\"@type\":\"ReadAction\",\"target\":[\"https:\\\/\\\/edicionesalfar.es\\\/es\\\/producto\\\/ruta-de-falla\\\/\"]}]},{\"@type\":\"ImageObject\",\"inLanguage\":\"es\",\"@id\":\"https:\\\/\\\/edicionesalfar.es\\\/es\\\/producto\\\/ruta-de-falla\\\/#primaryimage\",\"url\":\"https:\\\/\\\/edicionesalfar.es\\\/es\\\/wp-content\\\/uploads\\\/2019\\\/05\\\/Rutafalla.jpg\",\"contentUrl\":\"https:\\\/\\\/edicionesalfar.es\\\/es\\\/wp-content\\\/uploads\\\/2019\\\/05\\\/Rutafalla.jpg\"},{\"@type\":\"BreadcrumbList\",\"@id\":\"https:\\\/\\\/edicionesalfar.es\\\/es\\\/producto\\\/ruta-de-falla\\\/#breadcrumb\",\"itemListElement\":[{\"@type\":\"ListItem\",\"position\":1,\"name\":\"Portada\",\"item\":\"https:\\\/\\\/edicionesalfar.es\\\/es\\\/\"},{\"@type\":\"ListItem\",\"position\":2,\"name\":\"Cat\u00e1logo\",\"item\":\"https:\\\/\\\/edicionesalfar.es\\\/es\\\/catalogo\\\/\"},{\"@type\":\"ListItem\",\"position\":3,\"name\":\"Ruta de Falla\"}]},{\"@type\":\"WebSite\",\"@id\":\"https:\\\/\\\/edicionesalfar.es\\\/es\\\/#website\",\"url\":\"https:\\\/\\\/edicionesalfar.es\\\/es\\\/\",\"name\":\"Ediciones Alfar\",\"description\":\"\",\"potentialAction\":[{\"@type\":\"SearchAction\",\"target\":{\"@type\":\"EntryPoint\",\"urlTemplate\":\"https:\\\/\\\/edicionesalfar.es\\\/es\\\/?s={search_term_string}\"},\"query-input\":{\"@type\":\"PropertyValueSpecification\",\"valueRequired\":true,\"valueName\":\"search_term_string\"}}],\"inLanguage\":\"es\"}]}<\/script>\n<!-- \/ Yoast SEO plugin. -->","yoast_head_json":{"title":"Ruta de Falla - Ediciones Alfar","robots":{"index":"index","follow":"follow","max-snippet":"max-snippet:-1","max-image-preview":"max-image-preview:large","max-video-preview":"max-video-preview:-1"},"canonical":"https:\/\/edicionesalfar.es\/es\/producto\/ruta-de-falla\/","og_locale":"es_ES","og_type":"article","og_title":"Ruta de Falla - Ediciones Alfar","og_description":"Hay rutas que s\u00f3lo el coraz\u00f3n puede recorrer desde el origen de la emoci\u00f3n y el misterio. Antonio Flor ha dibujado en este libro el camino sentimental y memor\u00edstico de un gran m\u00fasico, Manuel de Falla, que es tambi\u00e9n el alter ego de su condici\u00f3n de compositor y profesor de m\u00fasica, y con ello describe un recorrido por C\u00e1diz y sus \u00edntimas cercan\u00edas; la ciudad ancestral, m\u00edtica, ilustrada y rom\u00e1ntica, que se presta con su historia y sus bell\u00edsimos espacios a ser cuerpo po\u00e9tico de esta ruta, geograf\u00eda del conocimiento, y desvelo de los lugares que forjan los sustratos infantiles y juveniles de la futura m\u00fasica de Falla.  &nbsp;","og_url":"https:\/\/edicionesalfar.es\/es\/producto\/ruta-de-falla\/","og_site_name":"Ediciones Alfar","article_modified_time":"2023-01-12T09:12:38+00:00","og_image":[{"url":"https:\/\/edicionesalfar.es\/es\/wp-content\/uploads\/2019\/05\/Rutafalla.jpg","width":1,"height":1,"type":"image\/jpeg"}],"twitter_card":"summary_large_image","twitter_misc":{"Tiempo de lectura":"2 minutos"},"schema":{"@context":"https:\/\/schema.org","@graph":[{"@type":"WebPage","@id":"https:\/\/edicionesalfar.es\/es\/producto\/ruta-de-falla\/","url":"https:\/\/edicionesalfar.es\/es\/producto\/ruta-de-falla\/","name":"Ruta de Falla - Ediciones Alfar","isPartOf":{"@id":"https:\/\/edicionesalfar.es\/es\/#website"},"primaryImageOfPage":{"@id":"https:\/\/edicionesalfar.es\/es\/producto\/ruta-de-falla\/#primaryimage"},"image":{"@id":"https:\/\/edicionesalfar.es\/es\/producto\/ruta-de-falla\/#primaryimage"},"thumbnailUrl":"https:\/\/edicionesalfar.es\/es\/wp-content\/uploads\/2019\/05\/Rutafalla.jpg","datePublished":"2019-07-11T05:52:33+00:00","dateModified":"2023-01-12T09:12:38+00:00","breadcrumb":{"@id":"https:\/\/edicionesalfar.es\/es\/producto\/ruta-de-falla\/#breadcrumb"},"inLanguage":"es","potentialAction":[{"@type":"ReadAction","target":["https:\/\/edicionesalfar.es\/es\/producto\/ruta-de-falla\/"]}]},{"@type":"ImageObject","inLanguage":"es","@id":"https:\/\/edicionesalfar.es\/es\/producto\/ruta-de-falla\/#primaryimage","url":"https:\/\/edicionesalfar.es\/es\/wp-content\/uploads\/2019\/05\/Rutafalla.jpg","contentUrl":"https:\/\/edicionesalfar.es\/es\/wp-content\/uploads\/2019\/05\/Rutafalla.jpg"},{"@type":"BreadcrumbList","@id":"https:\/\/edicionesalfar.es\/es\/producto\/ruta-de-falla\/#breadcrumb","itemListElement":[{"@type":"ListItem","position":1,"name":"Portada","item":"https:\/\/edicionesalfar.es\/es\/"},{"@type":"ListItem","position":2,"name":"Cat\u00e1logo","item":"https:\/\/edicionesalfar.es\/es\/catalogo\/"},{"@type":"ListItem","position":3,"name":"Ruta de Falla"}]},{"@type":"WebSite","@id":"https:\/\/edicionesalfar.es\/es\/#website","url":"https:\/\/edicionesalfar.es\/es\/","name":"Ediciones Alfar","description":"","potentialAction":[{"@type":"SearchAction","target":{"@type":"EntryPoint","urlTemplate":"https:\/\/edicionesalfar.es\/es\/?s={search_term_string}"},"query-input":{"@type":"PropertyValueSpecification","valueRequired":true,"valueName":"search_term_string"}}],"inLanguage":"es"}]}},"_links":{"self":[{"href":"https:\/\/edicionesalfar.es\/es\/wp-json\/wp\/v2\/product\/14106","targetHints":{"allow":["GET"]}}],"collection":[{"href":"https:\/\/edicionesalfar.es\/es\/wp-json\/wp\/v2\/product"}],"about":[{"href":"https:\/\/edicionesalfar.es\/es\/wp-json\/wp\/v2\/types\/product"}],"replies":[{"embeddable":true,"href":"https:\/\/edicionesalfar.es\/es\/wp-json\/wp\/v2\/comments?post=14106"}],"wp:featuredmedia":[{"embeddable":true,"href":"https:\/\/edicionesalfar.es\/es\/wp-json\/wp\/v2\/media\/14107"}],"wp:attachment":[{"href":"https:\/\/edicionesalfar.es\/es\/wp-json\/wp\/v2\/media?parent=14106"}],"wp:term":[{"taxonomy":"product_brand","embeddable":true,"href":"https:\/\/edicionesalfar.es\/es\/wp-json\/wp\/v2\/product_brand?post=14106"},{"taxonomy":"product_cat","embeddable":true,"href":"https:\/\/edicionesalfar.es\/es\/wp-json\/wp\/v2\/product_cat?post=14106"},{"taxonomy":"product_tag","embeddable":true,"href":"https:\/\/edicionesalfar.es\/es\/wp-json\/wp\/v2\/product_tag?post=14106"}],"curies":[{"name":"wp","href":"https:\/\/api.w.org\/{rel}","templated":true}]}}