{"id":14104,"date":"2019-07-11T05:52:32","date_gmt":"2019-07-11T05:52:32","guid":{"rendered":"http:\/\/www.edicionesalfar.es\/web-wordpress\/?post_type=product&#047;p="},"modified":"2024-11-09T09:00:37","modified_gmt":"2024-11-09T08:00:37","slug":"magia-para-torpes","status":"publish","type":"product","link":"https:\/\/edicionesalfar.es\/es\/producto\/magia-para-torpes\/","title":{"rendered":"Magia para torpes"},"content":{"rendered":"<p style=\"margin-bottom: 0cm; line-height: 0.35cm;\" align=\"JUSTIFY\">CONTENIDO: Federico est\u00e1 viendo en la televisi\u00f3n un partido del Getafe, sin menor transcendencia para el desarrollo de la Liga. Sin embargo, siempre recordar\u00e1 este momento, pues su novia Silvia se ha marchado para siempre de casa sin darle explicaciones.<\/p>\n<p lang=\"es-ES\" style=\"margin-bottom: 0cm; line-height: 0.35cm;\" align=\"JUSTIFY\">Federico cre\u00eda que su relaci\u00f3n de pareja iba bien. No sab\u00eda que su novia (ahora, exnovia) no es feliz a su lado. \u00bfA cu\u00e1ntos hombres les ocurrir\u00e1 lo mismo por no saber darle a sus parejas lo que necesitan\u2026 o por no ser capaces de entenderlas?<\/p>\n<p lang=\"es-ES\" style=\"margin-bottom: 0cm; line-height: 0.35cm;\" align=\"JUSTIFY\">Tratando de encontrar las respuestas que ella no le dio, se apunta a un curso llamado \u201cMagia para Torpes\u201d. En \u00e9l un exc\u00e9ntrico profesor imparte lecciones de romanticismo que sirven para entender mejor a las mujeres, pero sobre todo para tratarlas mejor.<\/p>\n<p lang=\"es-ES\" style=\"margin-bottom: 0cm; line-height: 0.35cm;\" align=\"JUSTIFY\">Poniendo en pr\u00e1ctica todo lo que ha aprendido, decide comenzar a reconquistar a Silvia. Sin embargo, para complicar a\u00fan m\u00e1s las cosas, una extra\u00f1a mujer se cruza en su camino para desordenarlo todo \u00a1a\u00fan m\u00e1s!<\/p>\n<p lang=\"es-ES\" style=\"margin-bottom: 0cm; line-height: 0.35cm;\" align=\"JUSTIFY\">\u201cMagia para Torpes\u201d es una novela que nos presenta una historia de amor joven, fresca y divertida. Adem\u00e1s de eso, te ayudar\u00e1 a ponerle magia (y romanticismo) a tu relaci\u00f3n de pareja. Es un libro muy recomendable para todos esos hombres torpes para los que es imposible descifrar el significado de un sue\u00f1o o de una l\u00e1grima.<\/p>\n<p style=\"text-indent: 0.05cm; margin-bottom: 0cm; line-height: 0.35cm;\" align=\"JUSTIFY\">AUTOR: Fernando Fedriani es profesor de Lengua y Literatura en un instituto andaluz. Magia para torpes es su segunda novela, tras el rotundo \u00e9xito de Menta y Nata. Primera novela hist\u00f3rica del Real Betis Balompi\u00e9.<\/p>\n","protected":false},"excerpt":{"rendered":"<h2><span style=\"color: #000000;\">\u201c<span style=\"font-family: Andalus, 'MS Mincho';\"><span style=\"font-size: medium;\">Magia para Torpes\u201d es una novela que nos presenta una historia de amor joven, fresca y divertida. Adem\u00e1s de eso, te ayudar\u00e1 a ponerle magia (y romanticismo) a tu relaci\u00f3n de pareja. Es un libro muy recomendable para todos esos hombres torpes para los que es imposible descifrar el significado de un sue\u00f1o o de una l\u00e1grima.<\/span><\/span><\/span><\/h2>\n<p><span style=\"font-size: small;\"><strong><span style=\"font-size: 14pt;\">DISPONIBLE VERSI\u00d3N ELECTR\u00d3NICA <\/span>en todoebook, casa del libro, el corte ingl\u00e9s&#8230;<\/strong><\/span><\/p>\n<p><a href=\"http:\/\/www.todoebook.com\/MAGIA-PARA-TORPES-FERNANDO-FEDRIANI-EDICIONES-ALFAR-LibroEbook-es-9788478984503.html\" target=\"_blank\" rel=\"noopener\"><img decoding=\"async\" style=\"border-width: initial; border-color: initial;\" src=\"http:\/\/www.edicionesalfar.es\/logo-todoebook.gif\" alt=\"\" \/><\/a><\/p>\n","protected":false},"featured_media":14105,"comment_status":"open","ping_status":"closed","template":"","meta":{"_acf_changed":false,"_et_pb_use_builder":"","_et_pb_old_content":"","_et_gb_content_width":""},"product_brand":[],"product_cat":[376,541,47],"product_tag":[],"class_list":{"0":"post-14104","1":"product","2":"type-product","3":"status-publish","4":"has-post-thumbnail","6":"product_cat-autores","7":"product_cat-fedriani-fernando","8":"product_cat-otras-narrativas","10":"first","11":"instock","12":"taxable","13":"shipping-taxable","14":"purchasable","15":"product-type-simple"},"acf":[],"yoast_head":"<!-- This site is optimized with the Yoast SEO plugin v27.5 - https:\/\/yoast.com\/product\/yoast-seo-wordpress\/ -->\n<title>Magia para torpes - Ediciones Alfar<\/title>\n<meta name=\"robots\" content=\"index, follow, max-snippet:-1, max-image-preview:large, max-video-preview:-1\" \/>\n<link rel=\"canonical\" href=\"https:\/\/edicionesalfar.es\/es\/producto\/magia-para-torpes\/\" \/>\n<meta property=\"og:locale\" content=\"es_ES\" \/>\n<meta property=\"og:type\" content=\"article\" \/>\n<meta property=\"og:title\" content=\"Magia para torpes - Ediciones Alfar\" \/>\n<meta property=\"og:description\" content=\"\u201cMagia para Torpes\u201d es una novela que nos presenta una historia de amor joven, fresca y divertida. Adem\u00e1s de eso, te ayudar\u00e1 a ponerle magia (y romanticismo) a tu relaci\u00f3n de pareja. Es un libro muy recomendable para todos esos hombres torpes para los que es imposible descifrar el significado de un sue\u00f1o o de una l\u00e1grima. DISPONIBLE VERSI\u00d3N ELECTR\u00d3NICA en todoebook, casa del libro, el corte ingl\u00e9s...\" \/>\n<meta property=\"og:url\" content=\"https:\/\/edicionesalfar.es\/es\/producto\/magia-para-torpes\/\" \/>\n<meta property=\"og:site_name\" content=\"Ediciones Alfar\" \/>\n<meta property=\"article:modified_time\" content=\"2024-11-09T08:00:37+00:00\" \/>\n<meta property=\"og:image\" content=\"https:\/\/edicionesalfar.es\/es\/wp-content\/uploads\/2019\/05\/Magia.jpg\" \/>\n\t<meta property=\"og:image:width\" content=\"1\" \/>\n\t<meta property=\"og:image:height\" content=\"1\" \/>\n\t<meta property=\"og:image:type\" content=\"image\/jpeg\" \/>\n<meta name=\"twitter:card\" content=\"summary_large_image\" \/>\n<meta name=\"twitter:label1\" content=\"Tiempo de lectura\" \/>\n\t<meta name=\"twitter:data1\" content=\"2 minutos\" \/>\n<script type=\"application\/ld+json\" class=\"yoast-schema-graph\">{\"@context\":\"https:\\\/\\\/schema.org\",\"@graph\":[{\"@type\":\"WebPage\",\"@id\":\"https:\\\/\\\/edicionesalfar.es\\\/es\\\/producto\\\/magia-para-torpes\\\/\",\"url\":\"https:\\\/\\\/edicionesalfar.es\\\/es\\\/producto\\\/magia-para-torpes\\\/\",\"name\":\"Magia para torpes - Ediciones Alfar\",\"isPartOf\":{\"@id\":\"https:\\\/\\\/edicionesalfar.es\\\/es\\\/#website\"},\"primaryImageOfPage\":{\"@id\":\"https:\\\/\\\/edicionesalfar.es\\\/es\\\/producto\\\/magia-para-torpes\\\/#primaryimage\"},\"image\":{\"@id\":\"https:\\\/\\\/edicionesalfar.es\\\/es\\\/producto\\\/magia-para-torpes\\\/#primaryimage\"},\"thumbnailUrl\":\"https:\\\/\\\/edicionesalfar.es\\\/es\\\/wp-content\\\/uploads\\\/2019\\\/05\\\/Magia.jpg\",\"datePublished\":\"2019-07-11T05:52:32+00:00\",\"dateModified\":\"2024-11-09T08:00:37+00:00\",\"breadcrumb\":{\"@id\":\"https:\\\/\\\/edicionesalfar.es\\\/es\\\/producto\\\/magia-para-torpes\\\/#breadcrumb\"},\"inLanguage\":\"es\",\"potentialAction\":[{\"@type\":\"ReadAction\",\"target\":[\"https:\\\/\\\/edicionesalfar.es\\\/es\\\/producto\\\/magia-para-torpes\\\/\"]}]},{\"@type\":\"ImageObject\",\"inLanguage\":\"es\",\"@id\":\"https:\\\/\\\/edicionesalfar.es\\\/es\\\/producto\\\/magia-para-torpes\\\/#primaryimage\",\"url\":\"https:\\\/\\\/edicionesalfar.es\\\/es\\\/wp-content\\\/uploads\\\/2019\\\/05\\\/Magia.jpg\",\"contentUrl\":\"https:\\\/\\\/edicionesalfar.es\\\/es\\\/wp-content\\\/uploads\\\/2019\\\/05\\\/Magia.jpg\"},{\"@type\":\"BreadcrumbList\",\"@id\":\"https:\\\/\\\/edicionesalfar.es\\\/es\\\/producto\\\/magia-para-torpes\\\/#breadcrumb\",\"itemListElement\":[{\"@type\":\"ListItem\",\"position\":1,\"name\":\"Portada\",\"item\":\"https:\\\/\\\/edicionesalfar.es\\\/es\\\/\"},{\"@type\":\"ListItem\",\"position\":2,\"name\":\"Cat\u00e1logo\",\"item\":\"https:\\\/\\\/edicionesalfar.es\\\/es\\\/catalogo\\\/\"},{\"@type\":\"ListItem\",\"position\":3,\"name\":\"Magia para torpes\"}]},{\"@type\":\"WebSite\",\"@id\":\"https:\\\/\\\/edicionesalfar.es\\\/es\\\/#website\",\"url\":\"https:\\\/\\\/edicionesalfar.es\\\/es\\\/\",\"name\":\"Ediciones Alfar\",\"description\":\"\",\"potentialAction\":[{\"@type\":\"SearchAction\",\"target\":{\"@type\":\"EntryPoint\",\"urlTemplate\":\"https:\\\/\\\/edicionesalfar.es\\\/es\\\/?s={search_term_string}\"},\"query-input\":{\"@type\":\"PropertyValueSpecification\",\"valueRequired\":true,\"valueName\":\"search_term_string\"}}],\"inLanguage\":\"es\"}]}<\/script>\n<!-- \/ Yoast SEO plugin. -->","yoast_head_json":{"title":"Magia para torpes - Ediciones Alfar","robots":{"index":"index","follow":"follow","max-snippet":"max-snippet:-1","max-image-preview":"max-image-preview:large","max-video-preview":"max-video-preview:-1"},"canonical":"https:\/\/edicionesalfar.es\/es\/producto\/magia-para-torpes\/","og_locale":"es_ES","og_type":"article","og_title":"Magia para torpes - Ediciones Alfar","og_description":"\u201cMagia para Torpes\u201d es una novela que nos presenta una historia de amor joven, fresca y divertida. Adem\u00e1s de eso, te ayudar\u00e1 a ponerle magia (y romanticismo) a tu relaci\u00f3n de pareja. Es un libro muy recomendable para todos esos hombres torpes para los que es imposible descifrar el significado de un sue\u00f1o o de una l\u00e1grima. DISPONIBLE VERSI\u00d3N ELECTR\u00d3NICA en todoebook, casa del libro, el corte ingl\u00e9s...","og_url":"https:\/\/edicionesalfar.es\/es\/producto\/magia-para-torpes\/","og_site_name":"Ediciones Alfar","article_modified_time":"2024-11-09T08:00:37+00:00","og_image":[{"url":"https:\/\/edicionesalfar.es\/es\/wp-content\/uploads\/2019\/05\/Magia.jpg","width":1,"height":1,"type":"image\/jpeg"}],"twitter_card":"summary_large_image","twitter_misc":{"Tiempo de lectura":"2 minutos"},"schema":{"@context":"https:\/\/schema.org","@graph":[{"@type":"WebPage","@id":"https:\/\/edicionesalfar.es\/es\/producto\/magia-para-torpes\/","url":"https:\/\/edicionesalfar.es\/es\/producto\/magia-para-torpes\/","name":"Magia para torpes - Ediciones Alfar","isPartOf":{"@id":"https:\/\/edicionesalfar.es\/es\/#website"},"primaryImageOfPage":{"@id":"https:\/\/edicionesalfar.es\/es\/producto\/magia-para-torpes\/#primaryimage"},"image":{"@id":"https:\/\/edicionesalfar.es\/es\/producto\/magia-para-torpes\/#primaryimage"},"thumbnailUrl":"https:\/\/edicionesalfar.es\/es\/wp-content\/uploads\/2019\/05\/Magia.jpg","datePublished":"2019-07-11T05:52:32+00:00","dateModified":"2024-11-09T08:00:37+00:00","breadcrumb":{"@id":"https:\/\/edicionesalfar.es\/es\/producto\/magia-para-torpes\/#breadcrumb"},"inLanguage":"es","potentialAction":[{"@type":"ReadAction","target":["https:\/\/edicionesalfar.es\/es\/producto\/magia-para-torpes\/"]}]},{"@type":"ImageObject","inLanguage":"es","@id":"https:\/\/edicionesalfar.es\/es\/producto\/magia-para-torpes\/#primaryimage","url":"https:\/\/edicionesalfar.es\/es\/wp-content\/uploads\/2019\/05\/Magia.jpg","contentUrl":"https:\/\/edicionesalfar.es\/es\/wp-content\/uploads\/2019\/05\/Magia.jpg"},{"@type":"BreadcrumbList","@id":"https:\/\/edicionesalfar.es\/es\/producto\/magia-para-torpes\/#breadcrumb","itemListElement":[{"@type":"ListItem","position":1,"name":"Portada","item":"https:\/\/edicionesalfar.es\/es\/"},{"@type":"ListItem","position":2,"name":"Cat\u00e1logo","item":"https:\/\/edicionesalfar.es\/es\/catalogo\/"},{"@type":"ListItem","position":3,"name":"Magia para torpes"}]},{"@type":"WebSite","@id":"https:\/\/edicionesalfar.es\/es\/#website","url":"https:\/\/edicionesalfar.es\/es\/","name":"Ediciones Alfar","description":"","potentialAction":[{"@type":"SearchAction","target":{"@type":"EntryPoint","urlTemplate":"https:\/\/edicionesalfar.es\/es\/?s={search_term_string}"},"query-input":{"@type":"PropertyValueSpecification","valueRequired":true,"valueName":"search_term_string"}}],"inLanguage":"es"}]}},"_links":{"self":[{"href":"https:\/\/edicionesalfar.es\/es\/wp-json\/wp\/v2\/product\/14104","targetHints":{"allow":["GET"]}}],"collection":[{"href":"https:\/\/edicionesalfar.es\/es\/wp-json\/wp\/v2\/product"}],"about":[{"href":"https:\/\/edicionesalfar.es\/es\/wp-json\/wp\/v2\/types\/product"}],"replies":[{"embeddable":true,"href":"https:\/\/edicionesalfar.es\/es\/wp-json\/wp\/v2\/comments?post=14104"}],"wp:featuredmedia":[{"embeddable":true,"href":"https:\/\/edicionesalfar.es\/es\/wp-json\/wp\/v2\/media\/14105"}],"wp:attachment":[{"href":"https:\/\/edicionesalfar.es\/es\/wp-json\/wp\/v2\/media?parent=14104"}],"wp:term":[{"taxonomy":"product_brand","embeddable":true,"href":"https:\/\/edicionesalfar.es\/es\/wp-json\/wp\/v2\/product_brand?post=14104"},{"taxonomy":"product_cat","embeddable":true,"href":"https:\/\/edicionesalfar.es\/es\/wp-json\/wp\/v2\/product_cat?post=14104"},{"taxonomy":"product_tag","embeddable":true,"href":"https:\/\/edicionesalfar.es\/es\/wp-json\/wp\/v2\/product_tag?post=14104"}],"curies":[{"name":"wp","href":"https:\/\/api.w.org\/{rel}","templated":true}]}}