{"id":14010,"date":"2019-07-11T05:51:44","date_gmt":"2019-07-11T05:51:44","guid":{"rendered":"http:\/\/www.edicionesalfar.es\/web-wordpress\/?post_type=product&#038;#030;p="},"modified":"2024-11-09T12:24:03","modified_gmt":"2024-11-09T11:24:03","slug":"libertad-sin-fianza-testimonio-de-un-ex-presidario","status":"publish","type":"product","link":"https:\/\/edicionesalfar.es\/es\/producto\/libertad-sin-fianza-testimonio-de-un-ex-presidario\/","title":{"rendered":"Libertad sin fianza (Testimonio de un ex-presidario)"},"content":{"rendered":"<p style=\"padding: 0px; margin: 1em 0px 1em 0px;\">CONTENIDO:\u00a0La prisi\u00f3n como met\u00e1fora de la ocupaci\u00f3n del espacio-tiempo de una vida que no te pertenece y de la que te quieres deshacer. La angustia del encarcelamiento como prueba de rechazo. Paisajes oscuros para custodiar la condena. Declaraci\u00f3n de culpabilidad para asumir errores. Una estancia aprisionada como transcripci\u00f3n de sentimientos de desasosiego, hasta que por fin se abandona el calabozo, y se consigue habitar en la extraordinaria y ansiada libertad. Una muestra de que es posible encontrar la luz en medio de la oscuridad y localizar la puerta de salida de esa vida que no es tuya y de una vez para siempre residir interiormente en Paz.<\/p>\n<p style=\"padding: 0px; margin: 1em 0px 1em 0px;\">AUTOR:\u00a0Manuel Esteban Bernab\u00e9 Ca\u00f1adas (C\u00e1diz 1978) conoci\u00f3\u00a0la Metaf\u00edsica\u00a0cuando pr\u00e1cticamente era un ni\u00f1o.<\/p>\n<p style=\"padding: 0px; margin: 1em 0px 1em 0px;\">Su trayectoria literaria comenzar\u00eda en el a\u00f1o 2001 con la participaci\u00f3n en el libro de relatos\u00a0\u201cLa alegr\u00eda de contar\u201d\u00a0(Nueva Narrativa, Padilla Libros). En Poes\u00eda ha publicado \u201cVida\u201d\u00a0(Padilla libros, 2004) y \u201cAbramos las Ventanas\u201d\u00a0(Padilla Libros, 2005). Con su primer ensayo metaf\u00edsico\u00a0\u201c7 Secretos del \u00e9xito. Cambia tu mente y prep\u00e1rate para la vida que sue\u00f1as\u201d\u00a0publicado por editorial Argentina\u00a0Kier\u00a0(2010), est\u00e1 teniendo un notable \u00e9xito tanto en Am\u00e9rica Latina como en Espa\u00f1a. Colabora asiduamente publicando art\u00edculos en webs, blogs y revistas \u00a0tanto impresa como en Internet.<\/p>\n<p style=\"padding: 0px; margin: 1em 0px 1em 0px;\">Ha sido reconocido por el Instituto Andaluz de\u00a0la Juventud\u00a0con el premio \u201cC\u00e1diz Joven\u201d por su contribuci\u00f3n a la cultura gaditana.<\/p>\n<p style=\"padding: 0px; margin: 1em 0px 1em 0px;\">\u00cdNDICE:<\/p>\n<p style=\"padding: 0px; margin: 1em 0px 1em 0px;\">Antonio de Cos<\/p>\n<p style=\"padding: 0px; margin: 1em 0px 1em 0px;\">Toma de declaraci\u00f3n<\/p>\n<p style=\"padding: 0px; margin: 1em 0px 1em 0px;\">Estancia en prisi\u00f3n<\/p>\n<p style=\"padding: 0px; margin: 1em 0px 1em 0px;\">Puesta en libertad<\/p>\n<p style=\"padding: 0px; margin: 1em 0px 1em 0px;\">Autopsia<\/p>\n","protected":false},"excerpt":{"rendered":"<p>La prisi\u00f3n como met\u00e1fora de la ocupaci\u00f3n del espacio-tiempo de una vida que no te pertenece y de la que te quieres deshacer. La angustia del encarcelamiento como prueba de rechazo. Paisajes oscuros para custodiar la condena. Declaraci\u00f3n de culpabilidad para asumir errores. Una estancia aprisionada como transcripci\u00f3n de sentimientos de desasosiego, hasta que por fin se abandona el calabozo, y se consigue habitar en la extraordinaria y ansiada libertad. Una muestra de que es posible encontrar la luz en medio de la oscuridad y localizar la puerta de salida de esa vida que no es tuya y de una vez para siempre residir interiormente en Paz<\/p>\n<p><a href=\"http:\/\/www.todoebook.com\/LIBERTAD-SIN-FIANZA-MANUEL-ESTEBAN-BERNABE-CANADAS-EDICIONES-ALFAR-LibroEbook-es-9788478984312.html\" target=\"_blank\" rel=\"noopener\"><img decoding=\"async\" src=\"http:\/\/www.edicionesalfar.es\/logo-todoebook.gif\" \/><\/a><\/p>\n","protected":false},"featured_media":14011,"comment_status":"open","ping_status":"closed","template":"","meta":{"_acf_changed":false,"_et_pb_use_builder":"","_et_pb_old_content":"","_et_gb_content_width":""},"product_brand":[],"product_cat":[376,472,30],"product_tag":[],"class_list":{"0":"post-14010","1":"product","2":"type-product","3":"status-publish","4":"has-post-thumbnail","6":"product_cat-autores","7":"product_cat-bernabe-canadas-manuel-esteban","8":"product_cat-poesia","10":"first","11":"instock","12":"taxable","13":"shipping-taxable","14":"purchasable","15":"product-type-simple"},"acf":[],"yoast_head":"<!-- This site is optimized with the Yoast SEO plugin v27.3 - https:\/\/yoast.com\/product\/yoast-seo-wordpress\/ -->\n<title>Libertad sin fianza (Testimonio de un ex-presidario) - Ediciones Alfar<\/title>\n<meta name=\"robots\" content=\"index, follow, max-snippet:-1, max-image-preview:large, max-video-preview:-1\" \/>\n<link rel=\"canonical\" href=\"https:\/\/edicionesalfar.es\/es\/producto\/libertad-sin-fianza-testimonio-de-un-ex-presidario\/\" \/>\n<meta property=\"og:locale\" content=\"es_ES\" \/>\n<meta property=\"og:type\" content=\"article\" \/>\n<meta property=\"og:title\" content=\"Libertad sin fianza (Testimonio de un ex-presidario) - Ediciones Alfar\" \/>\n<meta property=\"og:description\" content=\"La prisi\u00f3n como met\u00e1fora de la ocupaci\u00f3n del espacio-tiempo de una vida que no te pertenece y de la que te quieres deshacer. La angustia del encarcelamiento como prueba de rechazo. Paisajes oscuros para custodiar la condena. Declaraci\u00f3n de culpabilidad para asumir errores. Una estancia aprisionada como transcripci\u00f3n de sentimientos de desasosiego, hasta que por fin se abandona el calabozo, y se consigue habitar en la extraordinaria y ansiada libertad. Una muestra de que es posible encontrar la luz en medio de la oscuridad y localizar la puerta de salida de esa vida que no es tuya y de una vez para siempre residir interiormente en Paz\" \/>\n<meta property=\"og:url\" content=\"https:\/\/edicionesalfar.es\/es\/producto\/libertad-sin-fianza-testimonio-de-un-ex-presidario\/\" \/>\n<meta property=\"og:site_name\" content=\"Ediciones Alfar\" \/>\n<meta property=\"article:modified_time\" content=\"2024-11-09T11:24:03+00:00\" \/>\n<meta property=\"og:image\" content=\"https:\/\/edicionesalfar.es\/es\/wp-content\/uploads\/2019\/05\/Libertad.jpg\" \/>\n\t<meta property=\"og:image:width\" content=\"1\" \/>\n\t<meta property=\"og:image:height\" content=\"1\" \/>\n\t<meta property=\"og:image:type\" content=\"image\/jpeg\" \/>\n<meta name=\"twitter:card\" content=\"summary_large_image\" \/>\n<meta name=\"twitter:label1\" content=\"Tiempo de lectura\" \/>\n\t<meta name=\"twitter:data1\" content=\"2 minutos\" \/>\n<script type=\"application\/ld+json\" class=\"yoast-schema-graph\">{\"@context\":\"https:\\\/\\\/schema.org\",\"@graph\":[{\"@type\":\"WebPage\",\"@id\":\"https:\\\/\\\/edicionesalfar.es\\\/es\\\/producto\\\/libertad-sin-fianza-testimonio-de-un-ex-presidario\\\/\",\"url\":\"https:\\\/\\\/edicionesalfar.es\\\/es\\\/producto\\\/libertad-sin-fianza-testimonio-de-un-ex-presidario\\\/\",\"name\":\"Libertad sin fianza (Testimonio de un ex-presidario) - Ediciones Alfar\",\"isPartOf\":{\"@id\":\"https:\\\/\\\/edicionesalfar.es\\\/es\\\/#website\"},\"primaryImageOfPage\":{\"@id\":\"https:\\\/\\\/edicionesalfar.es\\\/es\\\/producto\\\/libertad-sin-fianza-testimonio-de-un-ex-presidario\\\/#primaryimage\"},\"image\":{\"@id\":\"https:\\\/\\\/edicionesalfar.es\\\/es\\\/producto\\\/libertad-sin-fianza-testimonio-de-un-ex-presidario\\\/#primaryimage\"},\"thumbnailUrl\":\"https:\\\/\\\/edicionesalfar.es\\\/es\\\/wp-content\\\/uploads\\\/2019\\\/05\\\/Libertad.jpg\",\"datePublished\":\"2019-07-11T05:51:44+00:00\",\"dateModified\":\"2024-11-09T11:24:03+00:00\",\"breadcrumb\":{\"@id\":\"https:\\\/\\\/edicionesalfar.es\\\/es\\\/producto\\\/libertad-sin-fianza-testimonio-de-un-ex-presidario\\\/#breadcrumb\"},\"inLanguage\":\"es\",\"potentialAction\":[{\"@type\":\"ReadAction\",\"target\":[\"https:\\\/\\\/edicionesalfar.es\\\/es\\\/producto\\\/libertad-sin-fianza-testimonio-de-un-ex-presidario\\\/\"]}]},{\"@type\":\"ImageObject\",\"inLanguage\":\"es\",\"@id\":\"https:\\\/\\\/edicionesalfar.es\\\/es\\\/producto\\\/libertad-sin-fianza-testimonio-de-un-ex-presidario\\\/#primaryimage\",\"url\":\"https:\\\/\\\/edicionesalfar.es\\\/es\\\/wp-content\\\/uploads\\\/2019\\\/05\\\/Libertad.jpg\",\"contentUrl\":\"https:\\\/\\\/edicionesalfar.es\\\/es\\\/wp-content\\\/uploads\\\/2019\\\/05\\\/Libertad.jpg\"},{\"@type\":\"BreadcrumbList\",\"@id\":\"https:\\\/\\\/edicionesalfar.es\\\/es\\\/producto\\\/libertad-sin-fianza-testimonio-de-un-ex-presidario\\\/#breadcrumb\",\"itemListElement\":[{\"@type\":\"ListItem\",\"position\":1,\"name\":\"Portada\",\"item\":\"https:\\\/\\\/edicionesalfar.es\\\/es\\\/\"},{\"@type\":\"ListItem\",\"position\":2,\"name\":\"Cat\u00e1logo\",\"item\":\"https:\\\/\\\/edicionesalfar.es\\\/es\\\/catalogo\\\/\"},{\"@type\":\"ListItem\",\"position\":3,\"name\":\"Libertad sin fianza (Testimonio de un ex-presidario)\"}]},{\"@type\":\"WebSite\",\"@id\":\"https:\\\/\\\/edicionesalfar.es\\\/es\\\/#website\",\"url\":\"https:\\\/\\\/edicionesalfar.es\\\/es\\\/\",\"name\":\"Ediciones Alfar\",\"description\":\"\",\"potentialAction\":[{\"@type\":\"SearchAction\",\"target\":{\"@type\":\"EntryPoint\",\"urlTemplate\":\"https:\\\/\\\/edicionesalfar.es\\\/es\\\/?s={search_term_string}\"},\"query-input\":{\"@type\":\"PropertyValueSpecification\",\"valueRequired\":true,\"valueName\":\"search_term_string\"}}],\"inLanguage\":\"es\"}]}<\/script>\n<!-- \/ Yoast SEO plugin. -->","yoast_head_json":{"title":"Libertad sin fianza (Testimonio de un ex-presidario) - Ediciones Alfar","robots":{"index":"index","follow":"follow","max-snippet":"max-snippet:-1","max-image-preview":"max-image-preview:large","max-video-preview":"max-video-preview:-1"},"canonical":"https:\/\/edicionesalfar.es\/es\/producto\/libertad-sin-fianza-testimonio-de-un-ex-presidario\/","og_locale":"es_ES","og_type":"article","og_title":"Libertad sin fianza (Testimonio de un ex-presidario) - Ediciones Alfar","og_description":"La prisi\u00f3n como met\u00e1fora de la ocupaci\u00f3n del espacio-tiempo de una vida que no te pertenece y de la que te quieres deshacer. La angustia del encarcelamiento como prueba de rechazo. Paisajes oscuros para custodiar la condena. Declaraci\u00f3n de culpabilidad para asumir errores. Una estancia aprisionada como transcripci\u00f3n de sentimientos de desasosiego, hasta que por fin se abandona el calabozo, y se consigue habitar en la extraordinaria y ansiada libertad. Una muestra de que es posible encontrar la luz en medio de la oscuridad y localizar la puerta de salida de esa vida que no es tuya y de una vez para siempre residir interiormente en Paz","og_url":"https:\/\/edicionesalfar.es\/es\/producto\/libertad-sin-fianza-testimonio-de-un-ex-presidario\/","og_site_name":"Ediciones Alfar","article_modified_time":"2024-11-09T11:24:03+00:00","og_image":[{"url":"https:\/\/edicionesalfar.es\/es\/wp-content\/uploads\/2019\/05\/Libertad.jpg","width":1,"height":1,"type":"image\/jpeg"}],"twitter_card":"summary_large_image","twitter_misc":{"Tiempo de lectura":"2 minutos"},"schema":{"@context":"https:\/\/schema.org","@graph":[{"@type":"WebPage","@id":"https:\/\/edicionesalfar.es\/es\/producto\/libertad-sin-fianza-testimonio-de-un-ex-presidario\/","url":"https:\/\/edicionesalfar.es\/es\/producto\/libertad-sin-fianza-testimonio-de-un-ex-presidario\/","name":"Libertad sin fianza (Testimonio de un ex-presidario) - Ediciones Alfar","isPartOf":{"@id":"https:\/\/edicionesalfar.es\/es\/#website"},"primaryImageOfPage":{"@id":"https:\/\/edicionesalfar.es\/es\/producto\/libertad-sin-fianza-testimonio-de-un-ex-presidario\/#primaryimage"},"image":{"@id":"https:\/\/edicionesalfar.es\/es\/producto\/libertad-sin-fianza-testimonio-de-un-ex-presidario\/#primaryimage"},"thumbnailUrl":"https:\/\/edicionesalfar.es\/es\/wp-content\/uploads\/2019\/05\/Libertad.jpg","datePublished":"2019-07-11T05:51:44+00:00","dateModified":"2024-11-09T11:24:03+00:00","breadcrumb":{"@id":"https:\/\/edicionesalfar.es\/es\/producto\/libertad-sin-fianza-testimonio-de-un-ex-presidario\/#breadcrumb"},"inLanguage":"es","potentialAction":[{"@type":"ReadAction","target":["https:\/\/edicionesalfar.es\/es\/producto\/libertad-sin-fianza-testimonio-de-un-ex-presidario\/"]}]},{"@type":"ImageObject","inLanguage":"es","@id":"https:\/\/edicionesalfar.es\/es\/producto\/libertad-sin-fianza-testimonio-de-un-ex-presidario\/#primaryimage","url":"https:\/\/edicionesalfar.es\/es\/wp-content\/uploads\/2019\/05\/Libertad.jpg","contentUrl":"https:\/\/edicionesalfar.es\/es\/wp-content\/uploads\/2019\/05\/Libertad.jpg"},{"@type":"BreadcrumbList","@id":"https:\/\/edicionesalfar.es\/es\/producto\/libertad-sin-fianza-testimonio-de-un-ex-presidario\/#breadcrumb","itemListElement":[{"@type":"ListItem","position":1,"name":"Portada","item":"https:\/\/edicionesalfar.es\/es\/"},{"@type":"ListItem","position":2,"name":"Cat\u00e1logo","item":"https:\/\/edicionesalfar.es\/es\/catalogo\/"},{"@type":"ListItem","position":3,"name":"Libertad sin fianza (Testimonio de un ex-presidario)"}]},{"@type":"WebSite","@id":"https:\/\/edicionesalfar.es\/es\/#website","url":"https:\/\/edicionesalfar.es\/es\/","name":"Ediciones Alfar","description":"","potentialAction":[{"@type":"SearchAction","target":{"@type":"EntryPoint","urlTemplate":"https:\/\/edicionesalfar.es\/es\/?s={search_term_string}"},"query-input":{"@type":"PropertyValueSpecification","valueRequired":true,"valueName":"search_term_string"}}],"inLanguage":"es"}]}},"_links":{"self":[{"href":"https:\/\/edicionesalfar.es\/es\/wp-json\/wp\/v2\/product\/14010","targetHints":{"allow":["GET"]}}],"collection":[{"href":"https:\/\/edicionesalfar.es\/es\/wp-json\/wp\/v2\/product"}],"about":[{"href":"https:\/\/edicionesalfar.es\/es\/wp-json\/wp\/v2\/types\/product"}],"replies":[{"embeddable":true,"href":"https:\/\/edicionesalfar.es\/es\/wp-json\/wp\/v2\/comments?post=14010"}],"wp:featuredmedia":[{"embeddable":true,"href":"https:\/\/edicionesalfar.es\/es\/wp-json\/wp\/v2\/media\/14011"}],"wp:attachment":[{"href":"https:\/\/edicionesalfar.es\/es\/wp-json\/wp\/v2\/media?parent=14010"}],"wp:term":[{"taxonomy":"product_brand","embeddable":true,"href":"https:\/\/edicionesalfar.es\/es\/wp-json\/wp\/v2\/product_brand?post=14010"},{"taxonomy":"product_cat","embeddable":true,"href":"https:\/\/edicionesalfar.es\/es\/wp-json\/wp\/v2\/product_cat?post=14010"},{"taxonomy":"product_tag","embeddable":true,"href":"https:\/\/edicionesalfar.es\/es\/wp-json\/wp\/v2\/product_tag?post=14010"}],"curies":[{"name":"wp","href":"https:\/\/api.w.org\/{rel}","templated":true}]}}