{"id":14006,"date":"2019-07-11T05:51:42","date_gmt":"2019-07-11T05:51:42","guid":{"rendered":"http:\/\/www.edicionesalfar.es\/web-wordpress\/?post_type=product\\&#030;p="},"modified":"-0001-11-30T00:00:00","modified_gmt":"-0001-11-29T22:00:00","slug":"matar-a-narciso","status":"publish","type":"product","link":"https:\/\/edicionesalfar.es\/es\/producto\/matar-a-narciso\/","title":{"rendered":"Matar a Narciso"},"content":{"rendered":"<p style=\"margin-bottom: 0cm; line-height: 0.35cm;\" align=\"JUSTIFY\">CONTENIDO: En los versos de Alejandro P\u00e9rez Guill\u00e9n late toda la poes\u00eda necesaria.<\/p>\n<p style=\"margin-right: 0.03cm; margin-bottom: 0cm; line-height: 0.35cm;\" align=\"JUSTIFY\">Y es este libro, Matar a Narciso la consagraci\u00f3n de un poeta entregado a las palabras bien hiladas  en las heridas del tiempo.<\/p>\n<p style=\"margin-right: 0.03cm; margin-bottom: 0cm; line-height: 0.35cm;\" align=\"JUSTIFY\">Nos ofrece los mapas para orientarnos a trav\u00e9s  de un mundo interior propio ya compartido, que hacen de la realidad un lugar m\u00e1s habitable.<\/p>\n<p style=\"margin-right: 0.03cm; margin-bottom: 0cm; line-height: 0.35cm;\" align=\"JUSTIFY\">Y es que no es  posible \u00abmatar\u00bb a Narciso una sola vez. Es vital volver la vista atr\u00e1s, y releer, para saborear, para disfrutar la sensibilidad materializada en el poema, en los poemas, para o\u00edr la voz s\u00f3lida y antigua de un poeta f\u00e9rtil, que lleg\u00f3 para perdurar m\u00e1s all\u00e1 del ruido.<\/p>\n<p style=\"margin-right: 0.03cm; margin-bottom: 0cm; line-height: 0.35cm;\" align=\"JUSTIFY\">Alejandro P\u00e9rez Guill\u00e9n tiene la maestr\u00eda suficiente para reinventarse, para reinventar su personal\u00edsima po\u00e9tica en cada ejercicio l\u00edrico. Es capaz de incendiar las calles, en pleno insomnio, para refrescarlas con la lluvia de sus letras, ofreciendo el mar entero en alma viva, ahogando dudas en la ginebra de esos momentos extra\u00f1os en que el poeta divaga, buscando su propia meta: la perfecci\u00f3n literaria.<\/p>\n<p style=\"margin-right: 0.03cm; margin-bottom: 0cm; line-height: 0.35cm;\" align=\"JUSTIFY\">Matar a Narciso constituye una experiencia literaria imprescindible, para descubrir al escritor de oficio, al hombre, al compa\u00f1ero de viaje, a Alejandro P\u00e9rez Guill\u00e9n el arquitecto de sue\u00f1os y libros, al poeta. (Rosario Troncoso Gonz\u00e1lez)<\/p>\n<p style=\"margin-bottom: 0cm; line-height: 0.35cm;\" align=\"JUSTIFY\">\u00a0<\/p>\n<p style=\"margin-bottom: 0cm; line-height: 0.35cm;\" align=\"JUSTIFY\">AUTOR: Alejandro P\u00e9rez Guill\u00e9n (Benalup-Casas Viejas, 1973) es uno de esos escritores andaluces de la nueva hornada. Licenciado en Filolog\u00eda Hisp\u00e1nica, trabaja actualmente como bibliotecario y animador cultural en su pueblo, desde el cual ha presentado a numerosas personalidades del mundo literario. Participa en diferentes actividades de animaci\u00f3n a la lectura a lo largo de toda la geograf\u00eda andaluza. Ha publicado los siguientes poemarios: Entrevista con la palabra (Ayto. de Benalup-Casas Viejas,1997), Sue\u00f1os de hadas sin hada madrina (Alhulia, 2003), Monedas de papel (Diputaci\u00f3n de C\u00e1diz, 2006). La otra realidad (Aladena, 2009) es su primera incursi\u00f3n en el \u00e1mbito de los relatos cortos. Ha escrito en diversas revistas de car\u00e1cter cultural y varios medios de comunicaci\u00f3n como columnista y cr\u00edtico literario. Matar a Narciso (Alfar, 2012) supone la vuelta al sue\u00f1o de la l\u00edrica.<\/p>\n<p style=\"margin-right: 4.24cm; margin-bottom: 0cm; line-height: 0.35cm;\" align=\"JUSTIFY\">www.alejandroperezguillen.es<\/p>\n","protected":false},"excerpt":{"rendered":"<p style=\"margin-right: 0.03cm; margin-bottom: 0cm; line-height: 0.35cm;\" align=\"JUSTIFY\"><span style=\"font-size: 12pt;\"><span style=\"color: #000000;\"><span style=\"font-size: x-small;\"><em>Matar a Narciso <\/em><\/span><\/span><span style=\"color: #000000;\"><span style=\"font-size: x-small;\">constituye una experiencia literaria imprescindible, para descubrir al escritor de oficio, al hombre, al compa\u00f1ero de viaje, a Alejandro P\u00e9rez Guill\u00e9n el arquitecto de sue\u00f1os y libros, al poeta. (Rosario Troncoso Gonz\u00e1lez)<\/span><\/span><\/span><\/p>\n","protected":false},"featured_media":14007,"comment_status":"open","ping_status":"open","template":"","meta":{"_acf_changed":false,"_et_pb_use_builder":"","_et_pb_old_content":"","_et_gb_content_width":""},"product_brand":[],"product_cat":[30],"product_tag":[],"class_list":{"0":"post-14006","1":"product","2":"type-product","3":"status-publish","4":"has-post-thumbnail","6":"product_cat-poesia","8":"first","9":"instock","10":"taxable","11":"shipping-taxable","12":"purchasable","13":"product-type-simple"},"acf":[],"yoast_head":"<!-- This site is optimized with the Yoast SEO plugin v27.5 - https:\/\/yoast.com\/product\/yoast-seo-wordpress\/ -->\n<title>Matar a Narciso - Ediciones Alfar<\/title>\n<meta name=\"robots\" content=\"index, follow, max-snippet:-1, max-image-preview:large, max-video-preview:-1\" \/>\n<link rel=\"canonical\" href=\"https:\/\/edicionesalfar.es\/es\/producto\/matar-a-narciso\/\" \/>\n<meta property=\"og:locale\" content=\"es_ES\" \/>\n<meta property=\"og:type\" content=\"article\" \/>\n<meta property=\"og:title\" content=\"Matar a Narciso - Ediciones Alfar\" \/>\n<meta property=\"og:description\" content=\"Matar a Narciso constituye una experiencia literaria imprescindible, para descubrir al escritor de oficio, al hombre, al compa\u00f1ero de viaje, a Alejandro P\u00e9rez Guill\u00e9n el arquitecto de sue\u00f1os y libros, al poeta. (Rosario Troncoso Gonz\u00e1lez)\" \/>\n<meta property=\"og:url\" content=\"https:\/\/edicionesalfar.es\/es\/producto\/matar-a-narciso\/\" \/>\n<meta property=\"og:site_name\" content=\"Ediciones Alfar\" \/>\n<meta property=\"og:image\" content=\"https:\/\/edicionesalfar.es\/es\/wp-content\/uploads\/2019\/05\/Matar-a-narciso.jpg\" \/>\n\t<meta property=\"og:image:width\" content=\"1\" \/>\n\t<meta property=\"og:image:height\" content=\"1\" \/>\n\t<meta property=\"og:image:type\" content=\"image\/jpeg\" \/>\n<meta name=\"twitter:card\" content=\"summary_large_image\" \/>\n<meta name=\"twitter:label1\" content=\"Tiempo de lectura\" \/>\n\t<meta name=\"twitter:data1\" content=\"2 minutos\" \/>\n<script type=\"application\/ld+json\" class=\"yoast-schema-graph\">{\"@context\":\"https:\\\/\\\/schema.org\",\"@graph\":[{\"@type\":\"WebPage\",\"@id\":\"https:\\\/\\\/edicionesalfar.es\\\/es\\\/producto\\\/matar-a-narciso\\\/\",\"url\":\"https:\\\/\\\/edicionesalfar.es\\\/es\\\/producto\\\/matar-a-narciso\\\/\",\"name\":\"Matar a Narciso - Ediciones Alfar\",\"isPartOf\":{\"@id\":\"https:\\\/\\\/edicionesalfar.es\\\/es\\\/#website\"},\"primaryImageOfPage\":{\"@id\":\"https:\\\/\\\/edicionesalfar.es\\\/es\\\/producto\\\/matar-a-narciso\\\/#primaryimage\"},\"image\":{\"@id\":\"https:\\\/\\\/edicionesalfar.es\\\/es\\\/producto\\\/matar-a-narciso\\\/#primaryimage\"},\"thumbnailUrl\":\"https:\\\/\\\/edicionesalfar.es\\\/es\\\/wp-content\\\/uploads\\\/2019\\\/05\\\/Matar-a-narciso.jpg\",\"datePublished\":\"2019-07-11T05:51:42+00:00\",\"breadcrumb\":{\"@id\":\"https:\\\/\\\/edicionesalfar.es\\\/es\\\/producto\\\/matar-a-narciso\\\/#breadcrumb\"},\"inLanguage\":\"es\",\"potentialAction\":[{\"@type\":\"ReadAction\",\"target\":[\"https:\\\/\\\/edicionesalfar.es\\\/es\\\/producto\\\/matar-a-narciso\\\/\"]}]},{\"@type\":\"ImageObject\",\"inLanguage\":\"es\",\"@id\":\"https:\\\/\\\/edicionesalfar.es\\\/es\\\/producto\\\/matar-a-narciso\\\/#primaryimage\",\"url\":\"https:\\\/\\\/edicionesalfar.es\\\/es\\\/wp-content\\\/uploads\\\/2019\\\/05\\\/Matar-a-narciso.jpg\",\"contentUrl\":\"https:\\\/\\\/edicionesalfar.es\\\/es\\\/wp-content\\\/uploads\\\/2019\\\/05\\\/Matar-a-narciso.jpg\"},{\"@type\":\"BreadcrumbList\",\"@id\":\"https:\\\/\\\/edicionesalfar.es\\\/es\\\/producto\\\/matar-a-narciso\\\/#breadcrumb\",\"itemListElement\":[{\"@type\":\"ListItem\",\"position\":1,\"name\":\"Portada\",\"item\":\"https:\\\/\\\/edicionesalfar.es\\\/es\\\/\"},{\"@type\":\"ListItem\",\"position\":2,\"name\":\"Cat\u00e1logo\",\"item\":\"https:\\\/\\\/edicionesalfar.es\\\/es\\\/catalogo\\\/\"},{\"@type\":\"ListItem\",\"position\":3,\"name\":\"Matar a Narciso\"}]},{\"@type\":\"WebSite\",\"@id\":\"https:\\\/\\\/edicionesalfar.es\\\/es\\\/#website\",\"url\":\"https:\\\/\\\/edicionesalfar.es\\\/es\\\/\",\"name\":\"Ediciones Alfar\",\"description\":\"\",\"potentialAction\":[{\"@type\":\"SearchAction\",\"target\":{\"@type\":\"EntryPoint\",\"urlTemplate\":\"https:\\\/\\\/edicionesalfar.es\\\/es\\\/?s={search_term_string}\"},\"query-input\":{\"@type\":\"PropertyValueSpecification\",\"valueRequired\":true,\"valueName\":\"search_term_string\"}}],\"inLanguage\":\"es\"}]}<\/script>\n<!-- \/ Yoast SEO plugin. -->","yoast_head_json":{"title":"Matar a Narciso - Ediciones Alfar","robots":{"index":"index","follow":"follow","max-snippet":"max-snippet:-1","max-image-preview":"max-image-preview:large","max-video-preview":"max-video-preview:-1"},"canonical":"https:\/\/edicionesalfar.es\/es\/producto\/matar-a-narciso\/","og_locale":"es_ES","og_type":"article","og_title":"Matar a Narciso - Ediciones Alfar","og_description":"Matar a Narciso constituye una experiencia literaria imprescindible, para descubrir al escritor de oficio, al hombre, al compa\u00f1ero de viaje, a Alejandro P\u00e9rez Guill\u00e9n el arquitecto de sue\u00f1os y libros, al poeta. (Rosario Troncoso Gonz\u00e1lez)","og_url":"https:\/\/edicionesalfar.es\/es\/producto\/matar-a-narciso\/","og_site_name":"Ediciones Alfar","og_image":[{"url":"https:\/\/edicionesalfar.es\/es\/wp-content\/uploads\/2019\/05\/Matar-a-narciso.jpg","width":1,"height":1,"type":"image\/jpeg"}],"twitter_card":"summary_large_image","twitter_misc":{"Tiempo de lectura":"2 minutos"},"schema":{"@context":"https:\/\/schema.org","@graph":[{"@type":"WebPage","@id":"https:\/\/edicionesalfar.es\/es\/producto\/matar-a-narciso\/","url":"https:\/\/edicionesalfar.es\/es\/producto\/matar-a-narciso\/","name":"Matar a Narciso - Ediciones Alfar","isPartOf":{"@id":"https:\/\/edicionesalfar.es\/es\/#website"},"primaryImageOfPage":{"@id":"https:\/\/edicionesalfar.es\/es\/producto\/matar-a-narciso\/#primaryimage"},"image":{"@id":"https:\/\/edicionesalfar.es\/es\/producto\/matar-a-narciso\/#primaryimage"},"thumbnailUrl":"https:\/\/edicionesalfar.es\/es\/wp-content\/uploads\/2019\/05\/Matar-a-narciso.jpg","datePublished":"2019-07-11T05:51:42+00:00","breadcrumb":{"@id":"https:\/\/edicionesalfar.es\/es\/producto\/matar-a-narciso\/#breadcrumb"},"inLanguage":"es","potentialAction":[{"@type":"ReadAction","target":["https:\/\/edicionesalfar.es\/es\/producto\/matar-a-narciso\/"]}]},{"@type":"ImageObject","inLanguage":"es","@id":"https:\/\/edicionesalfar.es\/es\/producto\/matar-a-narciso\/#primaryimage","url":"https:\/\/edicionesalfar.es\/es\/wp-content\/uploads\/2019\/05\/Matar-a-narciso.jpg","contentUrl":"https:\/\/edicionesalfar.es\/es\/wp-content\/uploads\/2019\/05\/Matar-a-narciso.jpg"},{"@type":"BreadcrumbList","@id":"https:\/\/edicionesalfar.es\/es\/producto\/matar-a-narciso\/#breadcrumb","itemListElement":[{"@type":"ListItem","position":1,"name":"Portada","item":"https:\/\/edicionesalfar.es\/es\/"},{"@type":"ListItem","position":2,"name":"Cat\u00e1logo","item":"https:\/\/edicionesalfar.es\/es\/catalogo\/"},{"@type":"ListItem","position":3,"name":"Matar a Narciso"}]},{"@type":"WebSite","@id":"https:\/\/edicionesalfar.es\/es\/#website","url":"https:\/\/edicionesalfar.es\/es\/","name":"Ediciones Alfar","description":"","potentialAction":[{"@type":"SearchAction","target":{"@type":"EntryPoint","urlTemplate":"https:\/\/edicionesalfar.es\/es\/?s={search_term_string}"},"query-input":{"@type":"PropertyValueSpecification","valueRequired":true,"valueName":"search_term_string"}}],"inLanguage":"es"}]}},"_links":{"self":[{"href":"https:\/\/edicionesalfar.es\/es\/wp-json\/wp\/v2\/product\/14006","targetHints":{"allow":["GET"]}}],"collection":[{"href":"https:\/\/edicionesalfar.es\/es\/wp-json\/wp\/v2\/product"}],"about":[{"href":"https:\/\/edicionesalfar.es\/es\/wp-json\/wp\/v2\/types\/product"}],"replies":[{"embeddable":true,"href":"https:\/\/edicionesalfar.es\/es\/wp-json\/wp\/v2\/comments?post=14006"}],"wp:featuredmedia":[{"embeddable":true,"href":"https:\/\/edicionesalfar.es\/es\/wp-json\/wp\/v2\/media\/14007"}],"wp:attachment":[{"href":"https:\/\/edicionesalfar.es\/es\/wp-json\/wp\/v2\/media?parent=14006"}],"wp:term":[{"taxonomy":"product_brand","embeddable":true,"href":"https:\/\/edicionesalfar.es\/es\/wp-json\/wp\/v2\/product_brand?post=14006"},{"taxonomy":"product_cat","embeddable":true,"href":"https:\/\/edicionesalfar.es\/es\/wp-json\/wp\/v2\/product_cat?post=14006"},{"taxonomy":"product_tag","embeddable":true,"href":"https:\/\/edicionesalfar.es\/es\/wp-json\/wp\/v2\/product_tag?post=14006"}],"curies":[{"name":"wp","href":"https:\/\/api.w.org\/{rel}","templated":true}]}}