{"id":13960,"date":"2019-07-11T05:51:19","date_gmt":"2019-07-11T05:51:19","guid":{"rendered":"http:\/\/www.edicionesalfar.es\/web-wordpress\/?post_type=product&#038;#029;p="},"modified":"2023-01-12T23:31:00","modified_gmt":"2023-01-12T22:31:00","slug":"in-nomine-patri-y-otros-cuentos","status":"publish","type":"product","link":"https:\/\/edicionesalfar.es\/es\/producto\/in-nomine-patri-y-otros-cuentos\/","title":{"rendered":"IN NOMINE PATRI Y OTROS CUENTOS"},"content":{"rendered":"<p>IN NOMINE PATRI Y OTROS CUENTOS<\/p>\n","protected":false},"excerpt":{"rendered":"<p><span style=\"font-size: 10pt;\"><span style=\"font-family: georgia,palatino;\">Colecci\u00f3n de cuentos que mezclan la fantas\u00eda (el sue\u00f1o) con la realidad (vigilia) del presente y el futuro, configurando una estupenda narraci\u00f3n que sorprender\u00e1 al lector por su tratamiento de aspectos como la inmigraci\u00f3n, la pol\u00edtica o el desarrollo tecnol\u00f3gico.<\/span><\/span><\/p>\n<p><span style=\"font-size: 10pt;\"><span style=\"font-family: georgia,palatino;\"><span style=\"font-family: 'Book Antiqua', 'Times New Roman', Times;\"><span lang=\"ES\"><span style=\"font-size: x-small;\"><a href=\"http:\/\/www.todoebook.com\/IN-NOMINE-PATRI-Y-OTROS-CUENTOS-ADRIAN-HUICI-MODENES-EDICIONES-ALFAR-SA-ebook-9788478982974.html\" target=\"_parent\" rel=\"noopener\"><img decoding=\"async\" style=\"padding: 0px; margin: 0px; border: initial none initial;\" src=\"..\/logo-todoebook.gif\" alt=\"\" \/><\/a><\/span><\/span><\/span><span style=\"font-size: 10pt;\"><a href=\"http:\/\/www.todoebook.com\/IN-NOMINE-PATRI-Y-OTROS-CUENTOS-ADRIAN-HUICI-MODENES-EDICIONES-ALFAR-SA-ebook-9788478982974.html\" target=\"_parent\" rel=\"noopener\">D<\/a><\/span><a href=\"http:\/\/www.todoebook.com\/IN-NOMINE-PATRI-Y-OTROS-CUENTOS-ADRIAN-HUICI-MODENES-EDICIONES-ALFAR-SA-ebook-9788478982974.html\" target=\"_parent\" rel=\"noopener\">ISPONIBLE EN TODOEBOOK<\/a><\/span><\/span><\/p>\n<p>&nbsp;<\/p>\n<p>&nbsp;<\/p>\n<p><a href=\"http:\/\/www.casadellibro.com\/libro-in-nomine-patri-y-otros-cuentos\/1228058\/2900001286863\" target=\"_blank\" rel=\"noopener\"><span style=\"font-size: 8pt;\"><strong><strong><img decoding=\"async\" style=\"margin: 5px; float: left;\" src=\"..\/logo.gif\" alt=\"\" width=\"171\" height=\"25\" \/><\/strong><\/strong> <\/span><\/a><\/p>\n<p><a href=\"http:\/\/www.casadellibro.com\/libro-in-nomine-patri-y-otros-cuentos\/1228058\/2900001286863\" target=\"_blank\" rel=\"noopener\"><span style=\"font-size: 8pt;\"> <span style=\"color: #3366ff;\">DISPONIBLE EN CASADELLIBRO<\/span><\/span><\/a><\/p>\n<p>&nbsp;<\/p>\n<p>&nbsp;<\/p>\n<p><span style=\"font-size: 8pt;\"><a href=\"http:\/\/gandhi.publidisa.com\/IN-NOMINE-PATRI-Y-OTROS-CUENTOS-ebooks-9788478982974.html\" target=\"_blank\" rel=\"noopener\"><img decoding=\"async\" src=\"..\/gandhi-esfuerzan.jpg\" alt=\"\" width=\"135\" height=\"37\" \/> <span style=\"color: #3366ff;\">DISPONIBLE EN GANDHI<\/span><\/a> <\/span><\/p>\n<p>&nbsp;<\/p>\n<p><a href=\"http:\/\/ebooks.elcorteingles.es\/IN-NOMINE-PATRI-Y-OTROS-CUENTOS-LibroEbook-9788478982974.html\" target=\"_blank\" rel=\"noopener\"><strong><strong><img decoding=\"async\" src=\"..\/elcorteingles.jpg\" alt=\"\" width=\"126\" height=\"69\" \/> <\/strong><\/strong><span style=\"font-size: 8pt;\"> <span style=\"color: #3366ff;\">DISPONIBLE EN EL CORTE INGLES<\/span><\/span><\/a><\/p>\n","protected":false},"featured_media":13961,"comment_status":"open","ping_status":"closed","template":"","meta":{"_acf_changed":false,"_et_pb_use_builder":"","_et_pb_old_content":"","_et_gb_content_width":""},"product_brand":[],"product_cat":[376,556,29],"product_tag":[],"class_list":{"0":"post-13960","1":"product","2":"type-product","3":"status-publish","4":"has-post-thumbnail","6":"product_cat-autores","7":"product_cat-huici-adrian","8":"product_cat-narrativa","10":"first","11":"instock","12":"taxable","13":"shipping-taxable","14":"purchasable","15":"product-type-simple"},"acf":[],"yoast_head":"<!-- This site is optimized with the Yoast SEO plugin v27.5 - https:\/\/yoast.com\/product\/yoast-seo-wordpress\/ -->\n<title>IN NOMINE PATRI Y OTROS CUENTOS - Ediciones Alfar<\/title>\n<meta name=\"robots\" content=\"index, follow, max-snippet:-1, max-image-preview:large, max-video-preview:-1\" \/>\n<link rel=\"canonical\" href=\"https:\/\/edicionesalfar.es\/es\/producto\/in-nomine-patri-y-otros-cuentos\/\" \/>\n<meta property=\"og:locale\" content=\"es_ES\" \/>\n<meta property=\"og:type\" content=\"article\" \/>\n<meta property=\"og:title\" content=\"IN NOMINE PATRI Y OTROS CUENTOS - Ediciones Alfar\" \/>\n<meta property=\"og:description\" content=\"Colecci\u00f3n de cuentos que mezclan la fantas\u00eda (el sue\u00f1o) con la realidad (vigilia) del presente y el futuro, configurando una estupenda narraci\u00f3n que sorprender\u00e1 al lector por su tratamiento de aspectos como la inmigraci\u00f3n, la pol\u00edtica o el desarrollo tecnol\u00f3gico.  DISPONIBLE EN TODOEBOOK  &nbsp;  &nbsp;     DISPONIBLE EN CASADELLIBRO  &nbsp;  &nbsp;   DISPONIBLE EN GANDHI   &nbsp;   DISPONIBLE EN EL CORTE INGLES\" \/>\n<meta property=\"og:url\" content=\"https:\/\/edicionesalfar.es\/es\/producto\/in-nomine-patri-y-otros-cuentos\/\" \/>\n<meta property=\"og:site_name\" content=\"Ediciones Alfar\" \/>\n<meta property=\"article:modified_time\" content=\"2023-01-12T22:31:00+00:00\" \/>\n<meta property=\"og:image\" content=\"https:\/\/edicionesalfar.es\/es\/wp-content\/uploads\/2019\/05\/web\/tienda_online\/img\/p\/1204-758-thickbox.jpg\" \/>\n\t<meta property=\"og:image:width\" content=\"1\" \/>\n\t<meta property=\"og:image:height\" content=\"1\" \/>\n\t<meta property=\"og:image:type\" content=\"image\/jpeg\" \/>\n<meta name=\"twitter:card\" content=\"summary_large_image\" \/>\n<meta name=\"twitter:label1\" content=\"Tiempo de lectura\" \/>\n\t<meta name=\"twitter:data1\" content=\"1 minuto\" \/>\n<script type=\"application\/ld+json\" class=\"yoast-schema-graph\">{\"@context\":\"https:\\\/\\\/schema.org\",\"@graph\":[{\"@type\":\"WebPage\",\"@id\":\"https:\\\/\\\/edicionesalfar.es\\\/es\\\/producto\\\/in-nomine-patri-y-otros-cuentos\\\/\",\"url\":\"https:\\\/\\\/edicionesalfar.es\\\/es\\\/producto\\\/in-nomine-patri-y-otros-cuentos\\\/\",\"name\":\"IN NOMINE PATRI Y OTROS CUENTOS - Ediciones Alfar\",\"isPartOf\":{\"@id\":\"https:\\\/\\\/edicionesalfar.es\\\/es\\\/#website\"},\"primaryImageOfPage\":{\"@id\":\"https:\\\/\\\/edicionesalfar.es\\\/es\\\/producto\\\/in-nomine-patri-y-otros-cuentos\\\/#primaryimage\"},\"image\":{\"@id\":\"https:\\\/\\\/edicionesalfar.es\\\/es\\\/producto\\\/in-nomine-patri-y-otros-cuentos\\\/#primaryimage\"},\"thumbnailUrl\":\"https:\\\/\\\/edicionesalfar.es\\\/es\\\/wp-content\\\/uploads\\\/2019\\\/05\\\/web\\\/tienda_online\\\/img\\\/p\\\/1204-758-thickbox.jpg\",\"datePublished\":\"2019-07-11T05:51:19+00:00\",\"dateModified\":\"2023-01-12T22:31:00+00:00\",\"breadcrumb\":{\"@id\":\"https:\\\/\\\/edicionesalfar.es\\\/es\\\/producto\\\/in-nomine-patri-y-otros-cuentos\\\/#breadcrumb\"},\"inLanguage\":\"es\",\"potentialAction\":[{\"@type\":\"ReadAction\",\"target\":[\"https:\\\/\\\/edicionesalfar.es\\\/es\\\/producto\\\/in-nomine-patri-y-otros-cuentos\\\/\"]}]},{\"@type\":\"ImageObject\",\"inLanguage\":\"es\",\"@id\":\"https:\\\/\\\/edicionesalfar.es\\\/es\\\/producto\\\/in-nomine-patri-y-otros-cuentos\\\/#primaryimage\",\"url\":\"https:\\\/\\\/edicionesalfar.es\\\/es\\\/wp-content\\\/uploads\\\/2019\\\/05\\\/web\\\/tienda_online\\\/img\\\/p\\\/1204-758-thickbox.jpg\",\"contentUrl\":\"https:\\\/\\\/edicionesalfar.es\\\/es\\\/wp-content\\\/uploads\\\/2019\\\/05\\\/web\\\/tienda_online\\\/img\\\/p\\\/1204-758-thickbox.jpg\"},{\"@type\":\"BreadcrumbList\",\"@id\":\"https:\\\/\\\/edicionesalfar.es\\\/es\\\/producto\\\/in-nomine-patri-y-otros-cuentos\\\/#breadcrumb\",\"itemListElement\":[{\"@type\":\"ListItem\",\"position\":1,\"name\":\"Portada\",\"item\":\"https:\\\/\\\/edicionesalfar.es\\\/es\\\/\"},{\"@type\":\"ListItem\",\"position\":2,\"name\":\"Cat\u00e1logo\",\"item\":\"https:\\\/\\\/edicionesalfar.es\\\/es\\\/catalogo\\\/\"},{\"@type\":\"ListItem\",\"position\":3,\"name\":\"IN NOMINE PATRI Y OTROS CUENTOS\"}]},{\"@type\":\"WebSite\",\"@id\":\"https:\\\/\\\/edicionesalfar.es\\\/es\\\/#website\",\"url\":\"https:\\\/\\\/edicionesalfar.es\\\/es\\\/\",\"name\":\"Ediciones Alfar\",\"description\":\"\",\"potentialAction\":[{\"@type\":\"SearchAction\",\"target\":{\"@type\":\"EntryPoint\",\"urlTemplate\":\"https:\\\/\\\/edicionesalfar.es\\\/es\\\/?s={search_term_string}\"},\"query-input\":{\"@type\":\"PropertyValueSpecification\",\"valueRequired\":true,\"valueName\":\"search_term_string\"}}],\"inLanguage\":\"es\"}]}<\/script>\n<!-- \/ Yoast SEO plugin. -->","yoast_head_json":{"title":"IN NOMINE PATRI Y OTROS CUENTOS - Ediciones Alfar","robots":{"index":"index","follow":"follow","max-snippet":"max-snippet:-1","max-image-preview":"max-image-preview:large","max-video-preview":"max-video-preview:-1"},"canonical":"https:\/\/edicionesalfar.es\/es\/producto\/in-nomine-patri-y-otros-cuentos\/","og_locale":"es_ES","og_type":"article","og_title":"IN NOMINE PATRI Y OTROS CUENTOS - Ediciones Alfar","og_description":"Colecci\u00f3n de cuentos que mezclan la fantas\u00eda (el sue\u00f1o) con la realidad (vigilia) del presente y el futuro, configurando una estupenda narraci\u00f3n que sorprender\u00e1 al lector por su tratamiento de aspectos como la inmigraci\u00f3n, la pol\u00edtica o el desarrollo tecnol\u00f3gico.  DISPONIBLE EN TODOEBOOK  &nbsp;  &nbsp;     DISPONIBLE EN CASADELLIBRO  &nbsp;  &nbsp;   DISPONIBLE EN GANDHI   &nbsp;   DISPONIBLE EN EL CORTE INGLES","og_url":"https:\/\/edicionesalfar.es\/es\/producto\/in-nomine-patri-y-otros-cuentos\/","og_site_name":"Ediciones Alfar","article_modified_time":"2023-01-12T22:31:00+00:00","og_image":[{"url":"https:\/\/edicionesalfar.es\/es\/wp-content\/uploads\/2019\/05\/web\/tienda_online\/img\/p\/1204-758-thickbox.jpg","width":1,"height":1,"type":"image\/jpeg"}],"twitter_card":"summary_large_image","twitter_misc":{"Tiempo de lectura":"1 minuto"},"schema":{"@context":"https:\/\/schema.org","@graph":[{"@type":"WebPage","@id":"https:\/\/edicionesalfar.es\/es\/producto\/in-nomine-patri-y-otros-cuentos\/","url":"https:\/\/edicionesalfar.es\/es\/producto\/in-nomine-patri-y-otros-cuentos\/","name":"IN NOMINE PATRI Y OTROS CUENTOS - Ediciones Alfar","isPartOf":{"@id":"https:\/\/edicionesalfar.es\/es\/#website"},"primaryImageOfPage":{"@id":"https:\/\/edicionesalfar.es\/es\/producto\/in-nomine-patri-y-otros-cuentos\/#primaryimage"},"image":{"@id":"https:\/\/edicionesalfar.es\/es\/producto\/in-nomine-patri-y-otros-cuentos\/#primaryimage"},"thumbnailUrl":"https:\/\/edicionesalfar.es\/es\/wp-content\/uploads\/2019\/05\/web\/tienda_online\/img\/p\/1204-758-thickbox.jpg","datePublished":"2019-07-11T05:51:19+00:00","dateModified":"2023-01-12T22:31:00+00:00","breadcrumb":{"@id":"https:\/\/edicionesalfar.es\/es\/producto\/in-nomine-patri-y-otros-cuentos\/#breadcrumb"},"inLanguage":"es","potentialAction":[{"@type":"ReadAction","target":["https:\/\/edicionesalfar.es\/es\/producto\/in-nomine-patri-y-otros-cuentos\/"]}]},{"@type":"ImageObject","inLanguage":"es","@id":"https:\/\/edicionesalfar.es\/es\/producto\/in-nomine-patri-y-otros-cuentos\/#primaryimage","url":"https:\/\/edicionesalfar.es\/es\/wp-content\/uploads\/2019\/05\/web\/tienda_online\/img\/p\/1204-758-thickbox.jpg","contentUrl":"https:\/\/edicionesalfar.es\/es\/wp-content\/uploads\/2019\/05\/web\/tienda_online\/img\/p\/1204-758-thickbox.jpg"},{"@type":"BreadcrumbList","@id":"https:\/\/edicionesalfar.es\/es\/producto\/in-nomine-patri-y-otros-cuentos\/#breadcrumb","itemListElement":[{"@type":"ListItem","position":1,"name":"Portada","item":"https:\/\/edicionesalfar.es\/es\/"},{"@type":"ListItem","position":2,"name":"Cat\u00e1logo","item":"https:\/\/edicionesalfar.es\/es\/catalogo\/"},{"@type":"ListItem","position":3,"name":"IN NOMINE PATRI Y OTROS CUENTOS"}]},{"@type":"WebSite","@id":"https:\/\/edicionesalfar.es\/es\/#website","url":"https:\/\/edicionesalfar.es\/es\/","name":"Ediciones Alfar","description":"","potentialAction":[{"@type":"SearchAction","target":{"@type":"EntryPoint","urlTemplate":"https:\/\/edicionesalfar.es\/es\/?s={search_term_string}"},"query-input":{"@type":"PropertyValueSpecification","valueRequired":true,"valueName":"search_term_string"}}],"inLanguage":"es"}]}},"_links":{"self":[{"href":"https:\/\/edicionesalfar.es\/es\/wp-json\/wp\/v2\/product\/13960","targetHints":{"allow":["GET"]}}],"collection":[{"href":"https:\/\/edicionesalfar.es\/es\/wp-json\/wp\/v2\/product"}],"about":[{"href":"https:\/\/edicionesalfar.es\/es\/wp-json\/wp\/v2\/types\/product"}],"replies":[{"embeddable":true,"href":"https:\/\/edicionesalfar.es\/es\/wp-json\/wp\/v2\/comments?post=13960"}],"wp:featuredmedia":[{"embeddable":true,"href":"https:\/\/edicionesalfar.es\/es\/wp-json\/wp\/v2\/media\/13961"}],"wp:attachment":[{"href":"https:\/\/edicionesalfar.es\/es\/wp-json\/wp\/v2\/media?parent=13960"}],"wp:term":[{"taxonomy":"product_brand","embeddable":true,"href":"https:\/\/edicionesalfar.es\/es\/wp-json\/wp\/v2\/product_brand?post=13960"},{"taxonomy":"product_cat","embeddable":true,"href":"https:\/\/edicionesalfar.es\/es\/wp-json\/wp\/v2\/product_cat?post=13960"},{"taxonomy":"product_tag","embeddable":true,"href":"https:\/\/edicionesalfar.es\/es\/wp-json\/wp\/v2\/product_tag?post=13960"}],"curies":[{"name":"wp","href":"https:\/\/api.w.org\/{rel}","templated":true}]}}