{"id":13954,"date":"2019-07-11T05:51:16","date_gmt":"2019-07-11T05:51:16","guid":{"rendered":"http:\/\/www.edicionesalfar.es\/web-wordpress\/?post_type=product\\&#029;p="},"modified":"-0001-11-30T00:00:00","modified_gmt":"-0001-11-29T22:00:00","slug":"una-mujer-una-historia","status":"publish","type":"product","link":"https:\/\/edicionesalfar.es\/es\/producto\/una-mujer-una-historia\/","title":{"rendered":"Una mujer, una historia"},"content":{"rendered":"<p style=\"margin-top: 1em; margin-right: 0px; margin-bottom: 0cm; margin-left: 0px; padding: 0px;\" align=\"JUSTIFY\">Una mujer, una historia, es un libro de relatos que rescata a grandes mujeres de la historia que pasaron al olvido a pesar de su lucha en el seno de las sociedades patriarcales y\/o machistas en que vivieron.<\/p>\n<p style=\"margin-top: 1em; margin-right: 0px; margin-bottom: 0cm; margin-left: 0px; padding: 0px;\" align=\"JUSTIFY\">Se adentra en la historia en busca de mujeres de diversos \u00e1mbitos, pero que comparten un sentimiento com\u00fan: la b\u00fasqueda de la libertad, conjugada con el amor y la valent\u00eda para afrontar sus propias decisiones y enfrentarse a los dem\u00e1s. Ana Herrera, comienza as\u00ed un repaso por la vida de personajes femeninos que, en su mayor\u00eda, no son conocidas al nivel de grandes nombre de la historia. Ejemplos de ello son Helvia, Domicia Paulina, W\u00e4llada, Zayda, Al-Rakuniyya y Christie de Pisan.<\/p>\n<p style=\"margin-top: 1em; margin-right: 0px; margin-bottom: 0cm; margin-left: 0px; padding: 0px;\" align=\"JUSTIFY\">El \u00faltimo fragmento de este libro nos relata la situaci\u00f3n de mujeres en la actualidad maltratadas, enamoradas, luchadoras o so\u00f1adoras de la ciudad lejana.<\/p>\n<p style=\"margin-top: 1em; margin-right: 0px; margin-bottom: 0cm; margin-left: 0px; padding: 0px;\" align=\"JUSTIFY\">Todo ello contando con la pluma magistral, y la esencia l\u00edrica de la autora Ana Herrera.<\/p>\n<p style=\"margin-top: 1em; margin-right: 0px; margin-bottom: 0cm; margin-left: 0px; padding: 0px;\" align=\"JUSTIFY\">AUTOR:\u00a0Ana Herrera, nacida en Campillos (M\u00e1laga), es diplomada en Magisterio y licenciada en Filolog\u00eda Hisp\u00e1nica por la Universidad de M\u00e1laga. Ha colaborado como directora en la representaci\u00f3n de obras teatrales y se ha preparado tambi\u00e9n numerosos recitales po\u00e9ticos, participando en cert\u00e1menes de teatro, narrativa y poes\u00eda. Realiza adem\u00e1s prensa-escuela y actividades de animaci\u00f3n de la biblioteca escolar. Ha sido secretaria de la Federaci\u00f3n Provincial de Asociaciones de Mujeres de M\u00e1laga. Con la asociaci\u00f3n ALAS ha sido coautora de diversas publicaciones. En la actualidad participa en las tertulias radiof\u00f3nicas de\u00a0La vida es bella\u00a0de RTV Marbella y escribe art\u00edculos en varias revistas. Tiene varios premios por sus poemas y relatos cortos.<\/p>\n","protected":false},"excerpt":{"rendered":"<p>Es un libro de relatos que rebosa vida y amor<span style=\"font-weight: bold;\"><span style=\"font-weight: normal;\">,<\/span><\/span> donde la protagonista indiscutible es la mujer ubicada en diversos \u00e1mbitos, pero con un hilo conductor: la b\u00fasqueda de libertad conjugada con el amor, la valent\u00eda para afrontar sus propias decisiones y enfrentarse a los dem\u00e1s y el goce de la sensualidad. Comienza la obra con un conjunto de \u201cBiograf\u00edas noveladas\u201d\u00a0 sobre personajes hist\u00f3ricos femeninos, que en su mayor\u00eda han permanecido en la sombra, y que han vivido en distintos momentos\u00a0 hist\u00f3ricos de la humanidad: Hipatia, Helvia, \u00a0Wall\u00e4da, \u00a0Christine de Pisan, Jane Austen, Mumtaz Mahal&#8230;.\u00a0 En la \u00faltima parte de la obra, bajo el ep\u00edgrafe \u201cOtros relatos\u201d, \u00a0conoceremos de cerca las voces de las mujeres de nuestro tiempo trasladadas \u00a0al mundo maravilloso de la literatura a trav\u00e9s de la pluma magistral, llena de esencia l\u00edrica, \u00a0de la autora y que recogen experiencias diversas de \u00a0poetisas solidarias, mujeres luchadoras, maltratadas, enamoradas \u00a0o so\u00f1adoras de la ciudad lejana.<\/p>\n<p><a target=\"_blank\" href=\"http:\/\/www.todoebook.com\/UNA-MUJER_-UNA-HISTORIA-ANA-HERRERA-BARBA-EDICIONES-ALFAR-LibroEbook-es-9788478984305.html\"><img decoding=\"async\" src=\"http:\/\/www.edicionesalfar.es\/logo-todoebook.gif\" \/><\/a><\/p>\n<p><a target=\"_blank\" href=\"http:\/\/digital.casalini.it\/9788478984305\"><img decoding=\"async\" src=\"http:\/\/www.edicionesalfar.es\/logo_casalini.JPG\" \/><\/a><\/p>\n","protected":false},"featured_media":13955,"comment_status":"open","ping_status":"open","template":"","meta":{"_acf_changed":false,"_et_pb_use_builder":"","_et_pb_old_content":"","_et_gb_content_width":""},"product_brand":[],"product_cat":[29],"product_tag":[],"class_list":{"0":"post-13954","1":"product","2":"type-product","3":"status-publish","4":"has-post-thumbnail","6":"product_cat-narrativa","8":"first","9":"instock","10":"taxable","11":"shipping-taxable","12":"purchasable","13":"product-type-simple"},"acf":[],"yoast_head":"<!-- This site is optimized with the Yoast SEO plugin v27.4 - https:\/\/yoast.com\/product\/yoast-seo-wordpress\/ -->\n<title>Una mujer, una historia - Ediciones Alfar<\/title>\n<meta name=\"robots\" content=\"index, follow, max-snippet:-1, max-image-preview:large, max-video-preview:-1\" \/>\n<link rel=\"canonical\" href=\"https:\/\/edicionesalfar.es\/es\/producto\/una-mujer-una-historia\/\" \/>\n<meta property=\"og:locale\" content=\"es_ES\" \/>\n<meta property=\"og:type\" content=\"article\" \/>\n<meta property=\"og:title\" content=\"Una mujer, una historia - Ediciones Alfar\" \/>\n<meta property=\"og:description\" content=\"Es un libro de relatos que rebosa vida y amor, donde la protagonista indiscutible es la mujer ubicada en diversos \u00e1mbitos, pero con un hilo conductor: la b\u00fasqueda de libertad conjugada con el amor, la valent\u00eda para afrontar sus propias decisiones y enfrentarse a los dem\u00e1s y el goce de la sensualidad. Comienza la obra con un conjunto de \u201cBiograf\u00edas noveladas\u201d\u00a0 sobre personajes hist\u00f3ricos femeninos, que en su mayor\u00eda han permanecido en la sombra, y que han vivido en distintos momentos\u00a0 hist\u00f3ricos de la humanidad: Hipatia, Helvia, \u00a0Wall\u00e4da, \u00a0Christine de Pisan, Jane Austen, Mumtaz Mahal....\u00a0 En la \u00faltima parte de la obra, bajo el ep\u00edgrafe \u201cOtros relatos\u201d, \u00a0conoceremos de cerca las voces de las mujeres de nuestro tiempo trasladadas \u00a0al mundo maravilloso de la literatura a trav\u00e9s de la pluma magistral, llena de esencia l\u00edrica, \u00a0de la autora y que recogen experiencias diversas de \u00a0poetisas solidarias, mujeres luchadoras, maltratadas, enamoradas \u00a0o so\u00f1adoras de la ciudad lejana.\" \/>\n<meta property=\"og:url\" content=\"https:\/\/edicionesalfar.es\/es\/producto\/una-mujer-una-historia\/\" \/>\n<meta property=\"og:site_name\" content=\"Ediciones Alfar\" \/>\n<meta property=\"og:image\" content=\"https:\/\/edicionesalfar.es\/es\/wp-content\/uploads\/2019\/05\/unamujerunahistoria.jpg\" \/>\n\t<meta property=\"og:image:width\" content=\"1\" \/>\n\t<meta property=\"og:image:height\" content=\"1\" \/>\n\t<meta property=\"og:image:type\" content=\"image\/jpeg\" \/>\n<meta name=\"twitter:card\" content=\"summary_large_image\" \/>\n<meta name=\"twitter:label1\" content=\"Tiempo de lectura\" \/>\n\t<meta name=\"twitter:data1\" content=\"1 minuto\" \/>\n<script type=\"application\/ld+json\" class=\"yoast-schema-graph\">{\"@context\":\"https:\\\/\\\/schema.org\",\"@graph\":[{\"@type\":\"WebPage\",\"@id\":\"https:\\\/\\\/edicionesalfar.es\\\/es\\\/producto\\\/una-mujer-una-historia\\\/\",\"url\":\"https:\\\/\\\/edicionesalfar.es\\\/es\\\/producto\\\/una-mujer-una-historia\\\/\",\"name\":\"Una mujer, una historia - Ediciones Alfar\",\"isPartOf\":{\"@id\":\"https:\\\/\\\/edicionesalfar.es\\\/es\\\/#website\"},\"primaryImageOfPage\":{\"@id\":\"https:\\\/\\\/edicionesalfar.es\\\/es\\\/producto\\\/una-mujer-una-historia\\\/#primaryimage\"},\"image\":{\"@id\":\"https:\\\/\\\/edicionesalfar.es\\\/es\\\/producto\\\/una-mujer-una-historia\\\/#primaryimage\"},\"thumbnailUrl\":\"https:\\\/\\\/edicionesalfar.es\\\/es\\\/wp-content\\\/uploads\\\/2019\\\/05\\\/unamujerunahistoria.jpg\",\"datePublished\":\"2019-07-11T05:51:16+00:00\",\"breadcrumb\":{\"@id\":\"https:\\\/\\\/edicionesalfar.es\\\/es\\\/producto\\\/una-mujer-una-historia\\\/#breadcrumb\"},\"inLanguage\":\"es\",\"potentialAction\":[{\"@type\":\"ReadAction\",\"target\":[\"https:\\\/\\\/edicionesalfar.es\\\/es\\\/producto\\\/una-mujer-una-historia\\\/\"]}]},{\"@type\":\"ImageObject\",\"inLanguage\":\"es\",\"@id\":\"https:\\\/\\\/edicionesalfar.es\\\/es\\\/producto\\\/una-mujer-una-historia\\\/#primaryimage\",\"url\":\"https:\\\/\\\/edicionesalfar.es\\\/es\\\/wp-content\\\/uploads\\\/2019\\\/05\\\/unamujerunahistoria.jpg\",\"contentUrl\":\"https:\\\/\\\/edicionesalfar.es\\\/es\\\/wp-content\\\/uploads\\\/2019\\\/05\\\/unamujerunahistoria.jpg\"},{\"@type\":\"BreadcrumbList\",\"@id\":\"https:\\\/\\\/edicionesalfar.es\\\/es\\\/producto\\\/una-mujer-una-historia\\\/#breadcrumb\",\"itemListElement\":[{\"@type\":\"ListItem\",\"position\":1,\"name\":\"Portada\",\"item\":\"https:\\\/\\\/edicionesalfar.es\\\/es\\\/\"},{\"@type\":\"ListItem\",\"position\":2,\"name\":\"Cat\u00e1logo\",\"item\":\"https:\\\/\\\/edicionesalfar.es\\\/es\\\/catalogo\\\/\"},{\"@type\":\"ListItem\",\"position\":3,\"name\":\"Una mujer, una historia\"}]},{\"@type\":\"WebSite\",\"@id\":\"https:\\\/\\\/edicionesalfar.es\\\/es\\\/#website\",\"url\":\"https:\\\/\\\/edicionesalfar.es\\\/es\\\/\",\"name\":\"Ediciones Alfar\",\"description\":\"\",\"potentialAction\":[{\"@type\":\"SearchAction\",\"target\":{\"@type\":\"EntryPoint\",\"urlTemplate\":\"https:\\\/\\\/edicionesalfar.es\\\/es\\\/?s={search_term_string}\"},\"query-input\":{\"@type\":\"PropertyValueSpecification\",\"valueRequired\":true,\"valueName\":\"search_term_string\"}}],\"inLanguage\":\"es\"}]}<\/script>\n<!-- \/ Yoast SEO plugin. -->","yoast_head_json":{"title":"Una mujer, una historia - Ediciones Alfar","robots":{"index":"index","follow":"follow","max-snippet":"max-snippet:-1","max-image-preview":"max-image-preview:large","max-video-preview":"max-video-preview:-1"},"canonical":"https:\/\/edicionesalfar.es\/es\/producto\/una-mujer-una-historia\/","og_locale":"es_ES","og_type":"article","og_title":"Una mujer, una historia - Ediciones Alfar","og_description":"Es un libro de relatos que rebosa vida y amor, donde la protagonista indiscutible es la mujer ubicada en diversos \u00e1mbitos, pero con un hilo conductor: la b\u00fasqueda de libertad conjugada con el amor, la valent\u00eda para afrontar sus propias decisiones y enfrentarse a los dem\u00e1s y el goce de la sensualidad. Comienza la obra con un conjunto de \u201cBiograf\u00edas noveladas\u201d\u00a0 sobre personajes hist\u00f3ricos femeninos, que en su mayor\u00eda han permanecido en la sombra, y que han vivido en distintos momentos\u00a0 hist\u00f3ricos de la humanidad: Hipatia, Helvia, \u00a0Wall\u00e4da, \u00a0Christine de Pisan, Jane Austen, Mumtaz Mahal....\u00a0 En la \u00faltima parte de la obra, bajo el ep\u00edgrafe \u201cOtros relatos\u201d, \u00a0conoceremos de cerca las voces de las mujeres de nuestro tiempo trasladadas \u00a0al mundo maravilloso de la literatura a trav\u00e9s de la pluma magistral, llena de esencia l\u00edrica, \u00a0de la autora y que recogen experiencias diversas de \u00a0poetisas solidarias, mujeres luchadoras, maltratadas, enamoradas \u00a0o so\u00f1adoras de la ciudad lejana.","og_url":"https:\/\/edicionesalfar.es\/es\/producto\/una-mujer-una-historia\/","og_site_name":"Ediciones Alfar","og_image":[{"url":"https:\/\/edicionesalfar.es\/es\/wp-content\/uploads\/2019\/05\/unamujerunahistoria.jpg","width":1,"height":1,"type":"image\/jpeg"}],"twitter_card":"summary_large_image","twitter_misc":{"Tiempo de lectura":"1 minuto"},"schema":{"@context":"https:\/\/schema.org","@graph":[{"@type":"WebPage","@id":"https:\/\/edicionesalfar.es\/es\/producto\/una-mujer-una-historia\/","url":"https:\/\/edicionesalfar.es\/es\/producto\/una-mujer-una-historia\/","name":"Una mujer, una historia - Ediciones Alfar","isPartOf":{"@id":"https:\/\/edicionesalfar.es\/es\/#website"},"primaryImageOfPage":{"@id":"https:\/\/edicionesalfar.es\/es\/producto\/una-mujer-una-historia\/#primaryimage"},"image":{"@id":"https:\/\/edicionesalfar.es\/es\/producto\/una-mujer-una-historia\/#primaryimage"},"thumbnailUrl":"https:\/\/edicionesalfar.es\/es\/wp-content\/uploads\/2019\/05\/unamujerunahistoria.jpg","datePublished":"2019-07-11T05:51:16+00:00","breadcrumb":{"@id":"https:\/\/edicionesalfar.es\/es\/producto\/una-mujer-una-historia\/#breadcrumb"},"inLanguage":"es","potentialAction":[{"@type":"ReadAction","target":["https:\/\/edicionesalfar.es\/es\/producto\/una-mujer-una-historia\/"]}]},{"@type":"ImageObject","inLanguage":"es","@id":"https:\/\/edicionesalfar.es\/es\/producto\/una-mujer-una-historia\/#primaryimage","url":"https:\/\/edicionesalfar.es\/es\/wp-content\/uploads\/2019\/05\/unamujerunahistoria.jpg","contentUrl":"https:\/\/edicionesalfar.es\/es\/wp-content\/uploads\/2019\/05\/unamujerunahistoria.jpg"},{"@type":"BreadcrumbList","@id":"https:\/\/edicionesalfar.es\/es\/producto\/una-mujer-una-historia\/#breadcrumb","itemListElement":[{"@type":"ListItem","position":1,"name":"Portada","item":"https:\/\/edicionesalfar.es\/es\/"},{"@type":"ListItem","position":2,"name":"Cat\u00e1logo","item":"https:\/\/edicionesalfar.es\/es\/catalogo\/"},{"@type":"ListItem","position":3,"name":"Una mujer, una historia"}]},{"@type":"WebSite","@id":"https:\/\/edicionesalfar.es\/es\/#website","url":"https:\/\/edicionesalfar.es\/es\/","name":"Ediciones Alfar","description":"","potentialAction":[{"@type":"SearchAction","target":{"@type":"EntryPoint","urlTemplate":"https:\/\/edicionesalfar.es\/es\/?s={search_term_string}"},"query-input":{"@type":"PropertyValueSpecification","valueRequired":true,"valueName":"search_term_string"}}],"inLanguage":"es"}]}},"_links":{"self":[{"href":"https:\/\/edicionesalfar.es\/es\/wp-json\/wp\/v2\/product\/13954","targetHints":{"allow":["GET"]}}],"collection":[{"href":"https:\/\/edicionesalfar.es\/es\/wp-json\/wp\/v2\/product"}],"about":[{"href":"https:\/\/edicionesalfar.es\/es\/wp-json\/wp\/v2\/types\/product"}],"replies":[{"embeddable":true,"href":"https:\/\/edicionesalfar.es\/es\/wp-json\/wp\/v2\/comments?post=13954"}],"wp:featuredmedia":[{"embeddable":true,"href":"https:\/\/edicionesalfar.es\/es\/wp-json\/wp\/v2\/media\/13955"}],"wp:attachment":[{"href":"https:\/\/edicionesalfar.es\/es\/wp-json\/wp\/v2\/media?parent=13954"}],"wp:term":[{"taxonomy":"product_brand","embeddable":true,"href":"https:\/\/edicionesalfar.es\/es\/wp-json\/wp\/v2\/product_brand?post=13954"},{"taxonomy":"product_cat","embeddable":true,"href":"https:\/\/edicionesalfar.es\/es\/wp-json\/wp\/v2\/product_cat?post=13954"},{"taxonomy":"product_tag","embeddable":true,"href":"https:\/\/edicionesalfar.es\/es\/wp-json\/wp\/v2\/product_tag?post=13954"}],"curies":[{"name":"wp","href":"https:\/\/api.w.org\/{rel}","templated":true}]}}