{"id":13950,"date":"2019-07-11T05:51:14","date_gmt":"2019-07-11T05:51:14","guid":{"rendered":"http:\/\/www.edicionesalfar.es\/web-wordpress\/?post_type=product\\&#029;p="},"modified":"2020-11-13T08:56:18","modified_gmt":"2020-11-13T07:56:18","slug":"el-campo-de-la-libertad-la-batalla-de-cordoba-1368","status":"publish","type":"product","link":"https:\/\/edicionesalfar.es\/es\/producto\/el-campo-de-la-libertad-la-batalla-de-cordoba-1368\/","title":{"rendered":"El campo de la libertad. La batalla de C\u00f3rdoba, 1368"},"content":{"rendered":"<p style=\"margin-top: 0.18cm; margin-right: 0px; margin-bottom: 0cm; margin-left: 0px; text-indent: 0.03cm; padding: 0px;\" lang=\"es-ES\" align=\"JUSTIFY\">CONTENIDO:\u00a0La batalla del Campo de la Verdad, como es conocida hoy en d\u00eda en C\u00f3rdoba, fue un hito en la historia de la ciudad, que marc\u00f3 muchos de sus lugares<\/p>\n<p style=\"margin-top: 0.18cm; margin-right: 0px; margin-bottom: 0cm; margin-left: 0px; text-indent: 0.03cm; padding: 0px;\" lang=\"es-ES\" align=\"JUSTIFY\">con sus nombres actuales, as\u00ed como algunos de los prejuicios m\u00e1s arraigados acerca de C\u00f3rdoba y sus habitantes.<\/p>\n<p>\u00a0<\/p>\n<p>Esta novela trata de actualizar aquel episodio, bebiendo de tradiciones que lo mantuvieron vivo, como los relatos de Rafael de Vida y de Teodomiro Ram\u00edrez de Arellano.<\/p>\n<p>Los protagonistas son los P\u00e1ez, una familia de conquistadores de C\u00f3rdoba, aquellos que recuperaron la ciudad para la cristiandad en 1236 y la entregaron posteriormente\u00a0<br \/>\nal rey San Fernando. Sin embargo, por diversas experiencias que se entremezclan con la misma historia de Castilla en el siglo XIV, sus vidas y opiniones difieren bastante<br \/>\n de las de su entorno social: amigos de los jud\u00edos, de la industria y el comercio, y abiertos a las corrientes de un incipiente renacimiento que apunta ya en Occidente.\u00a0<br \/>\nAlonso P\u00e1ez relata en primera persona su historia y la de los suyos, que culmina durante la guerra civil que asol\u00f3 Espa\u00f1a durante la mayor parte del reinado de Pedro I de\u00a0<br \/>\nCastilla. Dicho conflicto tuvo un punto culminante en la batalla de C\u00f3rdoba del a\u00f1o 1368, en la que qued\u00f3 sellado el destino de la Corona. <\/p>\n<p>\u00a0<\/p>\n<p style=\"margin-top: 0.18cm; margin-right: 0px; margin-bottom: 0cm; margin-left: 0px; padding: 0px;\" lang=\"es-ES\" align=\"JUSTIFY\">AUTOR:\u00a0Antonio Rubio Merino naci\u00f3 en C\u00f3rdoba en 1968. Licenciado en Ciencias Econ\u00f3micas y Empresariales y tambi\u00e9n en Geograf\u00eda e Historia, ha dedicado la<\/p>\n<p style=\"margin-top: 0.18cm; margin-right: 0px; margin-bottom: 0cm; margin-left: 0px; padding: 0px;\" lang=\"es-ES\" align=\"JUSTIFY\">mayor parte de su vida al mundo de la empresa, desempe\u00f1ando su oficio de economista en algunas de las m\u00e1s importantes multinacionales espa\u00f1olas. Ha<\/p>\n<p style=\"margin-top: 0.18cm; margin-right: 0px; margin-bottom: 0cm; margin-left: 0px; padding: 0px;\" lang=\"es-ES\" align=\"JUSTIFY\">simultaneado dicha profesi\u00f3n con ocasionales actividades docentes y tambi\u00e9n con la publicaci\u00f3n peri\u00f3dica de art\u00edculos de opini\u00f3n. Es tambi\u00e9n autor del ensayo<\/p>\n<p style=\"margin-top: 0.18cm; margin-right: 0px; margin-bottom: 0cm; margin-left: 0px; padding: 0px;\" lang=\"es-ES\" align=\"JUSTIFY\">\u00ab\u00bfTiene sentido ser mon\u00e1rquico?\u00bb en el que expone su original visi\u00f3n de la historia de Espa\u00f1a.<\/p>\n","protected":false},"excerpt":{"rendered":"<p>Novela que trata de actualizar la batalla del Campo de la Verdad ocurrida en C\u00f3rdoba en 1368. Alonso P\u00e1ez relata en primera persona su historia y la de su familia (muy conocida en la ciudad), y la guerra civil que asol\u00f3 Espa\u00f1a durante parte del reinado de Pedro I de Castilla. Dicha guerra termin\u00f3 con esta batalla.<\/p>\n<p>\u00a0<\/p>\n<p><strong><span style=\"font-size: 14pt;\">DISPONIBLE VERSI\u00d3N ELECTR\u00d3NICA<\/span> en todoebook, casa del libro, el corte ingl\u00e9s&#8230;<\/strong><\/p>\n<p><a href=\"http:\/\/www.todoebook.com\/EL-CAMPO-DE-LA-LIBERTAD_-LA-BATALLA-DE-CORDOBA_-1368--EDICIONES-ALFAR-LibroEbook-es-9788478984565.html\" target=\"_blank\"><img decoding=\"async\" src=\"http:\/\/www.edicionesalfar.es\/logo-todoebook.gif\" style=\"border-width: initial; border-color: initial;\" \/><\/a><\/p>\n","protected":false},"featured_media":13951,"comment_status":"open","ping_status":"open","template":"","meta":{"_acf_changed":false,"_et_pb_use_builder":"","_et_pb_old_content":"","_et_gb_content_width":""},"product_brand":[],"product_cat":[29],"product_tag":[],"class_list":{"0":"post-13950","1":"product","2":"type-product","3":"status-publish","4":"has-post-thumbnail","6":"product_cat-narrativa","8":"first","9":"instock","10":"taxable","11":"shipping-taxable","12":"purchasable","13":"product-type-simple"},"acf":[],"yoast_head":"<!-- This site is optimized with the Yoast SEO plugin v27.5 - https:\/\/yoast.com\/product\/yoast-seo-wordpress\/ -->\n<title>El campo de la libertad. La batalla de C\u00f3rdoba, 1368 - Ediciones Alfar<\/title>\n<meta name=\"robots\" content=\"index, follow, max-snippet:-1, max-image-preview:large, max-video-preview:-1\" \/>\n<link rel=\"canonical\" href=\"https:\/\/edicionesalfar.es\/es\/producto\/el-campo-de-la-libertad-la-batalla-de-cordoba-1368\/\" \/>\n<meta property=\"og:locale\" content=\"es_ES\" \/>\n<meta property=\"og:type\" content=\"article\" \/>\n<meta property=\"og:title\" content=\"El campo de la libertad. La batalla de C\u00f3rdoba, 1368 - Ediciones Alfar\" \/>\n<meta property=\"og:description\" content=\"Novela que trata de actualizar la batalla del Campo de la Verdad ocurrida en C\u00f3rdoba en 1368. Alonso P\u00e1ez relata en primera persona su historia y la de su familia (muy conocida en la ciudad), y la guerra civil que asol\u00f3 Espa\u00f1a durante parte del reinado de Pedro I de Castilla. Dicha guerra termin\u00f3 con esta batalla. \u00a0 DISPONIBLE VERSI\u00d3N ELECTR\u00d3NICA en todoebook, casa del libro, el corte ingl\u00e9s...\" \/>\n<meta property=\"og:url\" content=\"https:\/\/edicionesalfar.es\/es\/producto\/el-campo-de-la-libertad-la-batalla-de-cordoba-1368\/\" \/>\n<meta property=\"og:site_name\" content=\"Ediciones Alfar\" \/>\n<meta property=\"article:modified_time\" content=\"2020-11-13T07:56:18+00:00\" \/>\n<meta property=\"og:image\" content=\"https:\/\/edicionesalfar.es\/es\/wp-content\/uploads\/2019\/05\/elcamposencilla.jpg\" \/>\n\t<meta property=\"og:image:width\" content=\"1\" \/>\n\t<meta property=\"og:image:height\" content=\"1\" \/>\n\t<meta property=\"og:image:type\" content=\"image\/jpeg\" \/>\n<meta name=\"twitter:card\" content=\"summary_large_image\" \/>\n<meta name=\"twitter:label1\" content=\"Tiempo de lectura\" \/>\n\t<meta name=\"twitter:data1\" content=\"2 minutos\" \/>\n<script type=\"application\/ld+json\" class=\"yoast-schema-graph\">{\"@context\":\"https:\\\/\\\/schema.org\",\"@graph\":[{\"@type\":\"WebPage\",\"@id\":\"https:\\\/\\\/edicionesalfar.es\\\/es\\\/producto\\\/el-campo-de-la-libertad-la-batalla-de-cordoba-1368\\\/\",\"url\":\"https:\\\/\\\/edicionesalfar.es\\\/es\\\/producto\\\/el-campo-de-la-libertad-la-batalla-de-cordoba-1368\\\/\",\"name\":\"El campo de la libertad. La batalla de C\u00f3rdoba, 1368 - Ediciones Alfar\",\"isPartOf\":{\"@id\":\"https:\\\/\\\/edicionesalfar.es\\\/es\\\/#website\"},\"primaryImageOfPage\":{\"@id\":\"https:\\\/\\\/edicionesalfar.es\\\/es\\\/producto\\\/el-campo-de-la-libertad-la-batalla-de-cordoba-1368\\\/#primaryimage\"},\"image\":{\"@id\":\"https:\\\/\\\/edicionesalfar.es\\\/es\\\/producto\\\/el-campo-de-la-libertad-la-batalla-de-cordoba-1368\\\/#primaryimage\"},\"thumbnailUrl\":\"https:\\\/\\\/edicionesalfar.es\\\/es\\\/wp-content\\\/uploads\\\/2019\\\/05\\\/elcamposencilla.jpg\",\"datePublished\":\"2019-07-11T05:51:14+00:00\",\"dateModified\":\"2020-11-13T07:56:18+00:00\",\"breadcrumb\":{\"@id\":\"https:\\\/\\\/edicionesalfar.es\\\/es\\\/producto\\\/el-campo-de-la-libertad-la-batalla-de-cordoba-1368\\\/#breadcrumb\"},\"inLanguage\":\"es\",\"potentialAction\":[{\"@type\":\"ReadAction\",\"target\":[\"https:\\\/\\\/edicionesalfar.es\\\/es\\\/producto\\\/el-campo-de-la-libertad-la-batalla-de-cordoba-1368\\\/\"]}]},{\"@type\":\"ImageObject\",\"inLanguage\":\"es\",\"@id\":\"https:\\\/\\\/edicionesalfar.es\\\/es\\\/producto\\\/el-campo-de-la-libertad-la-batalla-de-cordoba-1368\\\/#primaryimage\",\"url\":\"https:\\\/\\\/edicionesalfar.es\\\/es\\\/wp-content\\\/uploads\\\/2019\\\/05\\\/elcamposencilla.jpg\",\"contentUrl\":\"https:\\\/\\\/edicionesalfar.es\\\/es\\\/wp-content\\\/uploads\\\/2019\\\/05\\\/elcamposencilla.jpg\"},{\"@type\":\"BreadcrumbList\",\"@id\":\"https:\\\/\\\/edicionesalfar.es\\\/es\\\/producto\\\/el-campo-de-la-libertad-la-batalla-de-cordoba-1368\\\/#breadcrumb\",\"itemListElement\":[{\"@type\":\"ListItem\",\"position\":1,\"name\":\"Portada\",\"item\":\"https:\\\/\\\/edicionesalfar.es\\\/es\\\/\"},{\"@type\":\"ListItem\",\"position\":2,\"name\":\"Cat\u00e1logo\",\"item\":\"https:\\\/\\\/edicionesalfar.es\\\/es\\\/catalogo\\\/\"},{\"@type\":\"ListItem\",\"position\":3,\"name\":\"El campo de la libertad. La batalla de C\u00f3rdoba, 1368\"}]},{\"@type\":\"WebSite\",\"@id\":\"https:\\\/\\\/edicionesalfar.es\\\/es\\\/#website\",\"url\":\"https:\\\/\\\/edicionesalfar.es\\\/es\\\/\",\"name\":\"Ediciones Alfar\",\"description\":\"\",\"potentialAction\":[{\"@type\":\"SearchAction\",\"target\":{\"@type\":\"EntryPoint\",\"urlTemplate\":\"https:\\\/\\\/edicionesalfar.es\\\/es\\\/?s={search_term_string}\"},\"query-input\":{\"@type\":\"PropertyValueSpecification\",\"valueRequired\":true,\"valueName\":\"search_term_string\"}}],\"inLanguage\":\"es\"}]}<\/script>\n<!-- \/ Yoast SEO plugin. -->","yoast_head_json":{"title":"El campo de la libertad. La batalla de C\u00f3rdoba, 1368 - Ediciones Alfar","robots":{"index":"index","follow":"follow","max-snippet":"max-snippet:-1","max-image-preview":"max-image-preview:large","max-video-preview":"max-video-preview:-1"},"canonical":"https:\/\/edicionesalfar.es\/es\/producto\/el-campo-de-la-libertad-la-batalla-de-cordoba-1368\/","og_locale":"es_ES","og_type":"article","og_title":"El campo de la libertad. La batalla de C\u00f3rdoba, 1368 - Ediciones Alfar","og_description":"Novela que trata de actualizar la batalla del Campo de la Verdad ocurrida en C\u00f3rdoba en 1368. Alonso P\u00e1ez relata en primera persona su historia y la de su familia (muy conocida en la ciudad), y la guerra civil que asol\u00f3 Espa\u00f1a durante parte del reinado de Pedro I de Castilla. Dicha guerra termin\u00f3 con esta batalla. \u00a0 DISPONIBLE VERSI\u00d3N ELECTR\u00d3NICA en todoebook, casa del libro, el corte ingl\u00e9s...","og_url":"https:\/\/edicionesalfar.es\/es\/producto\/el-campo-de-la-libertad-la-batalla-de-cordoba-1368\/","og_site_name":"Ediciones Alfar","article_modified_time":"2020-11-13T07:56:18+00:00","og_image":[{"url":"https:\/\/edicionesalfar.es\/es\/wp-content\/uploads\/2019\/05\/elcamposencilla.jpg","width":1,"height":1,"type":"image\/jpeg"}],"twitter_card":"summary_large_image","twitter_misc":{"Tiempo de lectura":"2 minutos"},"schema":{"@context":"https:\/\/schema.org","@graph":[{"@type":"WebPage","@id":"https:\/\/edicionesalfar.es\/es\/producto\/el-campo-de-la-libertad-la-batalla-de-cordoba-1368\/","url":"https:\/\/edicionesalfar.es\/es\/producto\/el-campo-de-la-libertad-la-batalla-de-cordoba-1368\/","name":"El campo de la libertad. La batalla de C\u00f3rdoba, 1368 - Ediciones Alfar","isPartOf":{"@id":"https:\/\/edicionesalfar.es\/es\/#website"},"primaryImageOfPage":{"@id":"https:\/\/edicionesalfar.es\/es\/producto\/el-campo-de-la-libertad-la-batalla-de-cordoba-1368\/#primaryimage"},"image":{"@id":"https:\/\/edicionesalfar.es\/es\/producto\/el-campo-de-la-libertad-la-batalla-de-cordoba-1368\/#primaryimage"},"thumbnailUrl":"https:\/\/edicionesalfar.es\/es\/wp-content\/uploads\/2019\/05\/elcamposencilla.jpg","datePublished":"2019-07-11T05:51:14+00:00","dateModified":"2020-11-13T07:56:18+00:00","breadcrumb":{"@id":"https:\/\/edicionesalfar.es\/es\/producto\/el-campo-de-la-libertad-la-batalla-de-cordoba-1368\/#breadcrumb"},"inLanguage":"es","potentialAction":[{"@type":"ReadAction","target":["https:\/\/edicionesalfar.es\/es\/producto\/el-campo-de-la-libertad-la-batalla-de-cordoba-1368\/"]}]},{"@type":"ImageObject","inLanguage":"es","@id":"https:\/\/edicionesalfar.es\/es\/producto\/el-campo-de-la-libertad-la-batalla-de-cordoba-1368\/#primaryimage","url":"https:\/\/edicionesalfar.es\/es\/wp-content\/uploads\/2019\/05\/elcamposencilla.jpg","contentUrl":"https:\/\/edicionesalfar.es\/es\/wp-content\/uploads\/2019\/05\/elcamposencilla.jpg"},{"@type":"BreadcrumbList","@id":"https:\/\/edicionesalfar.es\/es\/producto\/el-campo-de-la-libertad-la-batalla-de-cordoba-1368\/#breadcrumb","itemListElement":[{"@type":"ListItem","position":1,"name":"Portada","item":"https:\/\/edicionesalfar.es\/es\/"},{"@type":"ListItem","position":2,"name":"Cat\u00e1logo","item":"https:\/\/edicionesalfar.es\/es\/catalogo\/"},{"@type":"ListItem","position":3,"name":"El campo de la libertad. La batalla de C\u00f3rdoba, 1368"}]},{"@type":"WebSite","@id":"https:\/\/edicionesalfar.es\/es\/#website","url":"https:\/\/edicionesalfar.es\/es\/","name":"Ediciones Alfar","description":"","potentialAction":[{"@type":"SearchAction","target":{"@type":"EntryPoint","urlTemplate":"https:\/\/edicionesalfar.es\/es\/?s={search_term_string}"},"query-input":{"@type":"PropertyValueSpecification","valueRequired":true,"valueName":"search_term_string"}}],"inLanguage":"es"}]}},"_links":{"self":[{"href":"https:\/\/edicionesalfar.es\/es\/wp-json\/wp\/v2\/product\/13950","targetHints":{"allow":["GET"]}}],"collection":[{"href":"https:\/\/edicionesalfar.es\/es\/wp-json\/wp\/v2\/product"}],"about":[{"href":"https:\/\/edicionesalfar.es\/es\/wp-json\/wp\/v2\/types\/product"}],"replies":[{"embeddable":true,"href":"https:\/\/edicionesalfar.es\/es\/wp-json\/wp\/v2\/comments?post=13950"}],"wp:featuredmedia":[{"embeddable":true,"href":"https:\/\/edicionesalfar.es\/es\/wp-json\/wp\/v2\/media\/13951"}],"wp:attachment":[{"href":"https:\/\/edicionesalfar.es\/es\/wp-json\/wp\/v2\/media?parent=13950"}],"wp:term":[{"taxonomy":"product_brand","embeddable":true,"href":"https:\/\/edicionesalfar.es\/es\/wp-json\/wp\/v2\/product_brand?post=13950"},{"taxonomy":"product_cat","embeddable":true,"href":"https:\/\/edicionesalfar.es\/es\/wp-json\/wp\/v2\/product_cat?post=13950"},{"taxonomy":"product_tag","embeddable":true,"href":"https:\/\/edicionesalfar.es\/es\/wp-json\/wp\/v2\/product_tag?post=13950"}],"curies":[{"name":"wp","href":"https:\/\/api.w.org\/{rel}","templated":true}]}}