{"id":13946,"date":"2019-07-11T05:51:12","date_gmt":"2019-07-11T05:51:12","guid":{"rendered":"http:\/\/www.edicionesalfar.es\/web-wordpress\/?post_type=product\\&#029;p="},"modified":"-0001-11-30T00:00:00","modified_gmt":"-0001-11-29T22:00:00","slug":"otra-vez-esta-noche","status":"publish","type":"product","link":"https:\/\/edicionesalfar.es\/es\/producto\/otra-vez-esta-noche\/","title":{"rendered":"Otra vez esta noche"},"content":{"rendered":"<p style=\"margin-top: 1em; margin-right: 0px; margin-bottom: 0cm; margin-left: 0px; padding: 0px;\" align=\"JUSTIFY\">CONTENIDO:\u00a0Otra vez esta noche\u00a0transporta al lector al ambiente de la Andaluc\u00eda rural de los a\u00f1os 20 del siglo pasado. El relato, que se encuentra a medio camino entre la novela costumbrista y la de misterio, gira en torno a un secreto familiar que la protagonista ir\u00e1 desvelando a medida que desgrana los recuerdos de su infancia. En este regreso al pasado, la narradora, reci\u00e9n llegada de Argentina para conocer a su familia materna, realiza un retrato de la sociedad de la \u00e9poca que le permitir\u00e1, al mismo tiempo, descubrirse a s\u00ed misma.<\/p>\n<p style=\"margin-top: 0.18cm; margin-right: 0px; margin-bottom: 0cm; margin-left: 0px; text-indent: 0.03cm; padding: 0px;\" lang=\"es-ES\" align=\"JUSTIFY\">AUTOR:\u00a0Adelaida Porras Medrano, madrile\u00f1a de nacimiento y sevillana de adopci\u00f3n, es profesora de literatura francesa en la Universidad de Sevilla desde el a\u00f1o 1987. Toda su trayectoria profesional, tanto docente como investigadora, ha estado vinculada a la literatura desde que termin\u00f3 sus estudios de Filolog\u00eda en la Universidad Complutense de Madrid, en la que tambi\u00e9n trabaj\u00f3 como profesora antes de trasladarse definitivamente a Sevilla. En 2003 recibe el primer premio de relato breve de la Universidad San Pablo-CEU y el tercer premio de poes\u00eda Ciudad de Cantillana. Es autora del libro\u00a0Perlas australianas y otros relatos (Alfar, 2009).<\/p>\n","protected":false},"excerpt":{"rendered":"<p>La obra transporta al lector al ambiente de la Andaluc\u00eda rural de los a\u00f1os 20 del siglo pasado. A medio camino entre la novela de costumbres y de misterio, la obra gira en torno a un secreto familiar que la protagonista ir\u00e1 desvelando.<\/p>\n<p>DISPONIBLE EN EBOOK<\/p>\n<p><a href=\"http:\/\/www.casadellibro.com\/ebook-otra-vez-esta-noche-ebook\/9788478984688\/2042534\" target=\"_blank\"><img decoding=\"async\" alt=\"Librer\u00eda casadellibro.com\" src=\"http:\/\/image.casadellibro.com\/t1\/i\/logo-img.png\" \/><\/a><\/p>\n","protected":false},"featured_media":13947,"comment_status":"open","ping_status":"open","template":"","meta":{"_acf_changed":false,"_et_pb_use_builder":"","_et_pb_old_content":"","_et_gb_content_width":""},"product_brand":[],"product_cat":[29],"product_tag":[],"class_list":{"0":"post-13946","1":"product","2":"type-product","3":"status-publish","4":"has-post-thumbnail","6":"product_cat-narrativa","8":"first","9":"instock","10":"taxable","11":"shipping-taxable","12":"purchasable","13":"product-type-simple"},"acf":[],"yoast_head":"<!-- This site is optimized with the Yoast SEO plugin v27.5 - https:\/\/yoast.com\/product\/yoast-seo-wordpress\/ -->\n<title>Otra vez esta noche - Ediciones Alfar<\/title>\n<meta name=\"robots\" content=\"index, follow, max-snippet:-1, max-image-preview:large, max-video-preview:-1\" \/>\n<link rel=\"canonical\" href=\"https:\/\/edicionesalfar.es\/es\/producto\/otra-vez-esta-noche\/\" \/>\n<meta property=\"og:locale\" content=\"es_ES\" \/>\n<meta property=\"og:type\" content=\"article\" \/>\n<meta property=\"og:title\" content=\"Otra vez esta noche - Ediciones Alfar\" \/>\n<meta property=\"og:description\" content=\"La obra transporta al lector al ambiente de la Andaluc\u00eda rural de los a\u00f1os 20 del siglo pasado. A medio camino entre la novela de costumbres y de misterio, la obra gira en torno a un secreto familiar que la protagonista ir\u00e1 desvelando. DISPONIBLE EN EBOOK\" \/>\n<meta property=\"og:url\" content=\"https:\/\/edicionesalfar.es\/es\/producto\/otra-vez-esta-noche\/\" \/>\n<meta property=\"og:site_name\" content=\"Ediciones Alfar\" \/>\n<meta property=\"og:image\" content=\"https:\/\/edicionesalfar.es\/es\/wp-content\/uploads\/2019\/05\/otravezestanocheSIMPLE.jpg\" \/>\n\t<meta property=\"og:image:width\" content=\"1\" \/>\n\t<meta property=\"og:image:height\" content=\"1\" \/>\n\t<meta property=\"og:image:type\" content=\"image\/jpeg\" \/>\n<meta name=\"twitter:card\" content=\"summary_large_image\" \/>\n<meta name=\"twitter:label1\" content=\"Tiempo de lectura\" \/>\n\t<meta name=\"twitter:data1\" content=\"1 minuto\" \/>\n<script type=\"application\/ld+json\" class=\"yoast-schema-graph\">{\"@context\":\"https:\\\/\\\/schema.org\",\"@graph\":[{\"@type\":\"WebPage\",\"@id\":\"https:\\\/\\\/edicionesalfar.es\\\/es\\\/producto\\\/otra-vez-esta-noche\\\/\",\"url\":\"https:\\\/\\\/edicionesalfar.es\\\/es\\\/producto\\\/otra-vez-esta-noche\\\/\",\"name\":\"Otra vez esta noche - Ediciones Alfar\",\"isPartOf\":{\"@id\":\"https:\\\/\\\/edicionesalfar.es\\\/es\\\/#website\"},\"primaryImageOfPage\":{\"@id\":\"https:\\\/\\\/edicionesalfar.es\\\/es\\\/producto\\\/otra-vez-esta-noche\\\/#primaryimage\"},\"image\":{\"@id\":\"https:\\\/\\\/edicionesalfar.es\\\/es\\\/producto\\\/otra-vez-esta-noche\\\/#primaryimage\"},\"thumbnailUrl\":\"https:\\\/\\\/edicionesalfar.es\\\/es\\\/wp-content\\\/uploads\\\/2019\\\/05\\\/otravezestanocheSIMPLE.jpg\",\"datePublished\":\"2019-07-11T05:51:12+00:00\",\"breadcrumb\":{\"@id\":\"https:\\\/\\\/edicionesalfar.es\\\/es\\\/producto\\\/otra-vez-esta-noche\\\/#breadcrumb\"},\"inLanguage\":\"es\",\"potentialAction\":[{\"@type\":\"ReadAction\",\"target\":[\"https:\\\/\\\/edicionesalfar.es\\\/es\\\/producto\\\/otra-vez-esta-noche\\\/\"]}]},{\"@type\":\"ImageObject\",\"inLanguage\":\"es\",\"@id\":\"https:\\\/\\\/edicionesalfar.es\\\/es\\\/producto\\\/otra-vez-esta-noche\\\/#primaryimage\",\"url\":\"https:\\\/\\\/edicionesalfar.es\\\/es\\\/wp-content\\\/uploads\\\/2019\\\/05\\\/otravezestanocheSIMPLE.jpg\",\"contentUrl\":\"https:\\\/\\\/edicionesalfar.es\\\/es\\\/wp-content\\\/uploads\\\/2019\\\/05\\\/otravezestanocheSIMPLE.jpg\"},{\"@type\":\"BreadcrumbList\",\"@id\":\"https:\\\/\\\/edicionesalfar.es\\\/es\\\/producto\\\/otra-vez-esta-noche\\\/#breadcrumb\",\"itemListElement\":[{\"@type\":\"ListItem\",\"position\":1,\"name\":\"Portada\",\"item\":\"https:\\\/\\\/edicionesalfar.es\\\/es\\\/\"},{\"@type\":\"ListItem\",\"position\":2,\"name\":\"Cat\u00e1logo\",\"item\":\"https:\\\/\\\/edicionesalfar.es\\\/es\\\/catalogo\\\/\"},{\"@type\":\"ListItem\",\"position\":3,\"name\":\"Otra vez esta noche\"}]},{\"@type\":\"WebSite\",\"@id\":\"https:\\\/\\\/edicionesalfar.es\\\/es\\\/#website\",\"url\":\"https:\\\/\\\/edicionesalfar.es\\\/es\\\/\",\"name\":\"Ediciones Alfar\",\"description\":\"\",\"potentialAction\":[{\"@type\":\"SearchAction\",\"target\":{\"@type\":\"EntryPoint\",\"urlTemplate\":\"https:\\\/\\\/edicionesalfar.es\\\/es\\\/?s={search_term_string}\"},\"query-input\":{\"@type\":\"PropertyValueSpecification\",\"valueRequired\":true,\"valueName\":\"search_term_string\"}}],\"inLanguage\":\"es\"}]}<\/script>\n<!-- \/ Yoast SEO plugin. -->","yoast_head_json":{"title":"Otra vez esta noche - Ediciones Alfar","robots":{"index":"index","follow":"follow","max-snippet":"max-snippet:-1","max-image-preview":"max-image-preview:large","max-video-preview":"max-video-preview:-1"},"canonical":"https:\/\/edicionesalfar.es\/es\/producto\/otra-vez-esta-noche\/","og_locale":"es_ES","og_type":"article","og_title":"Otra vez esta noche - Ediciones Alfar","og_description":"La obra transporta al lector al ambiente de la Andaluc\u00eda rural de los a\u00f1os 20 del siglo pasado. A medio camino entre la novela de costumbres y de misterio, la obra gira en torno a un secreto familiar que la protagonista ir\u00e1 desvelando. DISPONIBLE EN EBOOK","og_url":"https:\/\/edicionesalfar.es\/es\/producto\/otra-vez-esta-noche\/","og_site_name":"Ediciones Alfar","og_image":[{"url":"https:\/\/edicionesalfar.es\/es\/wp-content\/uploads\/2019\/05\/otravezestanocheSIMPLE.jpg","width":1,"height":1,"type":"image\/jpeg"}],"twitter_card":"summary_large_image","twitter_misc":{"Tiempo de lectura":"1 minuto"},"schema":{"@context":"https:\/\/schema.org","@graph":[{"@type":"WebPage","@id":"https:\/\/edicionesalfar.es\/es\/producto\/otra-vez-esta-noche\/","url":"https:\/\/edicionesalfar.es\/es\/producto\/otra-vez-esta-noche\/","name":"Otra vez esta noche - Ediciones Alfar","isPartOf":{"@id":"https:\/\/edicionesalfar.es\/es\/#website"},"primaryImageOfPage":{"@id":"https:\/\/edicionesalfar.es\/es\/producto\/otra-vez-esta-noche\/#primaryimage"},"image":{"@id":"https:\/\/edicionesalfar.es\/es\/producto\/otra-vez-esta-noche\/#primaryimage"},"thumbnailUrl":"https:\/\/edicionesalfar.es\/es\/wp-content\/uploads\/2019\/05\/otravezestanocheSIMPLE.jpg","datePublished":"2019-07-11T05:51:12+00:00","breadcrumb":{"@id":"https:\/\/edicionesalfar.es\/es\/producto\/otra-vez-esta-noche\/#breadcrumb"},"inLanguage":"es","potentialAction":[{"@type":"ReadAction","target":["https:\/\/edicionesalfar.es\/es\/producto\/otra-vez-esta-noche\/"]}]},{"@type":"ImageObject","inLanguage":"es","@id":"https:\/\/edicionesalfar.es\/es\/producto\/otra-vez-esta-noche\/#primaryimage","url":"https:\/\/edicionesalfar.es\/es\/wp-content\/uploads\/2019\/05\/otravezestanocheSIMPLE.jpg","contentUrl":"https:\/\/edicionesalfar.es\/es\/wp-content\/uploads\/2019\/05\/otravezestanocheSIMPLE.jpg"},{"@type":"BreadcrumbList","@id":"https:\/\/edicionesalfar.es\/es\/producto\/otra-vez-esta-noche\/#breadcrumb","itemListElement":[{"@type":"ListItem","position":1,"name":"Portada","item":"https:\/\/edicionesalfar.es\/es\/"},{"@type":"ListItem","position":2,"name":"Cat\u00e1logo","item":"https:\/\/edicionesalfar.es\/es\/catalogo\/"},{"@type":"ListItem","position":3,"name":"Otra vez esta noche"}]},{"@type":"WebSite","@id":"https:\/\/edicionesalfar.es\/es\/#website","url":"https:\/\/edicionesalfar.es\/es\/","name":"Ediciones Alfar","description":"","potentialAction":[{"@type":"SearchAction","target":{"@type":"EntryPoint","urlTemplate":"https:\/\/edicionesalfar.es\/es\/?s={search_term_string}"},"query-input":{"@type":"PropertyValueSpecification","valueRequired":true,"valueName":"search_term_string"}}],"inLanguage":"es"}]}},"_links":{"self":[{"href":"https:\/\/edicionesalfar.es\/es\/wp-json\/wp\/v2\/product\/13946","targetHints":{"allow":["GET"]}}],"collection":[{"href":"https:\/\/edicionesalfar.es\/es\/wp-json\/wp\/v2\/product"}],"about":[{"href":"https:\/\/edicionesalfar.es\/es\/wp-json\/wp\/v2\/types\/product"}],"replies":[{"embeddable":true,"href":"https:\/\/edicionesalfar.es\/es\/wp-json\/wp\/v2\/comments?post=13946"}],"wp:featuredmedia":[{"embeddable":true,"href":"https:\/\/edicionesalfar.es\/es\/wp-json\/wp\/v2\/media\/13947"}],"wp:attachment":[{"href":"https:\/\/edicionesalfar.es\/es\/wp-json\/wp\/v2\/media?parent=13946"}],"wp:term":[{"taxonomy":"product_brand","embeddable":true,"href":"https:\/\/edicionesalfar.es\/es\/wp-json\/wp\/v2\/product_brand?post=13946"},{"taxonomy":"product_cat","embeddable":true,"href":"https:\/\/edicionesalfar.es\/es\/wp-json\/wp\/v2\/product_cat?post=13946"},{"taxonomy":"product_tag","embeddable":true,"href":"https:\/\/edicionesalfar.es\/es\/wp-json\/wp\/v2\/product_tag?post=13946"}],"curies":[{"name":"wp","href":"https:\/\/api.w.org\/{rel}","templated":true}]}}