{"id":13934,"date":"2019-07-11T05:51:05","date_gmt":"2019-07-11T05:51:05","guid":{"rendered":"http:\/\/www.edicionesalfar.es\/web-wordpress\/?post_type=product\\&#029;p="},"modified":"2025-08-27T14:11:13","modified_gmt":"2025-08-27T12:11:13","slug":"el-cuaderno-de-don-innombrable-la-novela-de-una-investigacion-sobre-las-leyes-del-universo","status":"publish","type":"product","link":"https:\/\/edicionesalfar.es\/es\/producto\/el-cuaderno-de-don-innombrable-la-novela-de-una-investigacion-sobre-las-leyes-del-universo\/","title":{"rendered":"El cuaderno de don Innombrable. (La novela de una investigaci\u00f3n sobre las leyes del universo)"},"content":{"rendered":"","protected":false},"excerpt":{"rendered":"<p><span style=\"font-family: Cambria, serif; font-size: medium; text-align: justify;\">Es una novela inici\u00e1tica y filos\u00f3fica que trata de hacer experimentar en el lector el proceso de transformaci\u00f3n que padece el protagonista, el cual comienza su andadura como don Innombrable, porque lo que no tiene nombre no est\u00e1 definido ni acabado, y s\u00f3lo al final de su trayecto, cuando la materia ha tomado su forma, se insin\u00faa el nombre de este personaje realizado.<\/span><\/p>\n<p>&nbsp;<\/p>\n<p><strong><span style=\"font-size: 14pt;\">DISPONIBLE VERSI\u00d3N ELECTR\u00d3NICA<\/span> en todoebook, casa del libro, el corte ingl\u00e9s&#8230;<\/strong><\/p>\n<p><a href=\"http:\/\/www.todoebook.com\/EL-CUADERNO-DE-DON-INNOMBRABLE-DANIEL-RUEDA-GARRIDO-EDICIONES-ALFAR-LibroEbook-es-9788478984596.html\" target=\"_blank\"><img decoding=\"async\" style=\"border-width: initial; border-color: initial;\" src=\"http:\/\/www.edicionesalfar.es\/logo-todoebook.gif\" alt=\"\" \/><\/a><\/p>\n","protected":false},"featured_media":13935,"comment_status":"open","ping_status":"open","template":"","meta":{"_acf_changed":false,"_et_pb_use_builder":"","_et_pb_old_content":"","_et_gb_content_width":""},"product_brand":[],"product_cat":[29],"product_tag":[],"class_list":{"0":"post-13934","1":"product","2":"type-product","3":"status-publish","4":"has-post-thumbnail","6":"product_cat-narrativa","8":"first","9":"instock","10":"taxable","11":"shipping-taxable","12":"purchasable","13":"product-type-simple"},"acf":[],"yoast_head":"<!-- This site is optimized with the Yoast SEO plugin v27.6 - https:\/\/yoast.com\/product\/yoast-seo-wordpress\/ -->\n<title>El cuaderno de don Innombrable. (La novela de una investigaci\u00f3n sobre las leyes del universo) - Ediciones Alfar<\/title>\n<meta name=\"robots\" content=\"index, follow, max-snippet:-1, max-image-preview:large, max-video-preview:-1\" \/>\n<link rel=\"canonical\" href=\"https:\/\/edicionesalfar.es\/es\/producto\/el-cuaderno-de-don-innombrable-la-novela-de-una-investigacion-sobre-las-leyes-del-universo\/\" \/>\n<meta property=\"og:locale\" content=\"es_ES\" \/>\n<meta property=\"og:type\" content=\"article\" \/>\n<meta property=\"og:title\" content=\"El cuaderno de don Innombrable. (La novela de una investigaci\u00f3n sobre las leyes del universo) - Ediciones Alfar\" \/>\n<meta property=\"og:description\" content=\"Es una novela inici\u00e1tica y filos\u00f3fica que trata de hacer experimentar en el lector el proceso de transformaci\u00f3n que padece el protagonista, el cual comienza su andadura como don Innombrable, porque lo que no tiene nombre no est\u00e1 definido ni acabado, y s\u00f3lo al final de su trayecto, cuando la materia ha tomado su forma, se insin\u00faa el nombre de este personaje realizado. &nbsp; DISPONIBLE VERSI\u00d3N ELECTR\u00d3NICA en todoebook, casa del libro, el corte ingl\u00e9s...\" \/>\n<meta property=\"og:url\" content=\"https:\/\/edicionesalfar.es\/es\/producto\/el-cuaderno-de-don-innombrable-la-novela-de-una-investigacion-sobre-las-leyes-del-universo\/\" \/>\n<meta property=\"og:site_name\" content=\"Ediciones Alfar\" \/>\n<meta property=\"article:modified_time\" content=\"2025-08-27T12:11:13+00:00\" \/>\n<meta property=\"og:image\" content=\"https:\/\/edicionesalfar.es\/es\/wp-content\/uploads\/2019\/05\/El-cuaderno-de-don-sencilla.jpg\" \/>\n\t<meta property=\"og:image:width\" content=\"1\" \/>\n\t<meta property=\"og:image:height\" content=\"1\" \/>\n\t<meta property=\"og:image:type\" content=\"image\/jpeg\" \/>\n<meta name=\"twitter:card\" content=\"summary_large_image\" \/>\n<script type=\"application\/ld+json\" class=\"yoast-schema-graph\">{\"@context\":\"https:\\\/\\\/schema.org\",\"@graph\":[{\"@type\":\"WebPage\",\"@id\":\"https:\\\/\\\/edicionesalfar.es\\\/es\\\/producto\\\/el-cuaderno-de-don-innombrable-la-novela-de-una-investigacion-sobre-las-leyes-del-universo\\\/\",\"url\":\"https:\\\/\\\/edicionesalfar.es\\\/es\\\/producto\\\/el-cuaderno-de-don-innombrable-la-novela-de-una-investigacion-sobre-las-leyes-del-universo\\\/\",\"name\":\"El cuaderno de don Innombrable. (La novela de una investigaci\u00f3n sobre las leyes del universo) - Ediciones Alfar\",\"isPartOf\":{\"@id\":\"https:\\\/\\\/edicionesalfar.es\\\/es\\\/#website\"},\"primaryImageOfPage\":{\"@id\":\"https:\\\/\\\/edicionesalfar.es\\\/es\\\/producto\\\/el-cuaderno-de-don-innombrable-la-novela-de-una-investigacion-sobre-las-leyes-del-universo\\\/#primaryimage\"},\"image\":{\"@id\":\"https:\\\/\\\/edicionesalfar.es\\\/es\\\/producto\\\/el-cuaderno-de-don-innombrable-la-novela-de-una-investigacion-sobre-las-leyes-del-universo\\\/#primaryimage\"},\"thumbnailUrl\":\"https:\\\/\\\/edicionesalfar.es\\\/es\\\/wp-content\\\/uploads\\\/2019\\\/05\\\/El-cuaderno-de-don-sencilla.jpg\",\"datePublished\":\"2019-07-11T05:51:05+00:00\",\"dateModified\":\"2025-08-27T12:11:13+00:00\",\"breadcrumb\":{\"@id\":\"https:\\\/\\\/edicionesalfar.es\\\/es\\\/producto\\\/el-cuaderno-de-don-innombrable-la-novela-de-una-investigacion-sobre-las-leyes-del-universo\\\/#breadcrumb\"},\"inLanguage\":\"es\",\"potentialAction\":[{\"@type\":\"ReadAction\",\"target\":[\"https:\\\/\\\/edicionesalfar.es\\\/es\\\/producto\\\/el-cuaderno-de-don-innombrable-la-novela-de-una-investigacion-sobre-las-leyes-del-universo\\\/\"]}]},{\"@type\":\"ImageObject\",\"inLanguage\":\"es\",\"@id\":\"https:\\\/\\\/edicionesalfar.es\\\/es\\\/producto\\\/el-cuaderno-de-don-innombrable-la-novela-de-una-investigacion-sobre-las-leyes-del-universo\\\/#primaryimage\",\"url\":\"https:\\\/\\\/edicionesalfar.es\\\/es\\\/wp-content\\\/uploads\\\/2019\\\/05\\\/El-cuaderno-de-don-sencilla.jpg\",\"contentUrl\":\"https:\\\/\\\/edicionesalfar.es\\\/es\\\/wp-content\\\/uploads\\\/2019\\\/05\\\/El-cuaderno-de-don-sencilla.jpg\"},{\"@type\":\"BreadcrumbList\",\"@id\":\"https:\\\/\\\/edicionesalfar.es\\\/es\\\/producto\\\/el-cuaderno-de-don-innombrable-la-novela-de-una-investigacion-sobre-las-leyes-del-universo\\\/#breadcrumb\",\"itemListElement\":[{\"@type\":\"ListItem\",\"position\":1,\"name\":\"Portada\",\"item\":\"https:\\\/\\\/edicionesalfar.es\\\/es\\\/\"},{\"@type\":\"ListItem\",\"position\":2,\"name\":\"Cat\u00e1logo\",\"item\":\"https:\\\/\\\/edicionesalfar.es\\\/es\\\/catalogo\\\/\"},{\"@type\":\"ListItem\",\"position\":3,\"name\":\"El cuaderno de don Innombrable. (La novela de una investigaci\u00f3n sobre las leyes del universo)\"}]},{\"@type\":\"WebSite\",\"@id\":\"https:\\\/\\\/edicionesalfar.es\\\/es\\\/#website\",\"url\":\"https:\\\/\\\/edicionesalfar.es\\\/es\\\/\",\"name\":\"Ediciones Alfar\",\"description\":\"\",\"potentialAction\":[{\"@type\":\"SearchAction\",\"target\":{\"@type\":\"EntryPoint\",\"urlTemplate\":\"https:\\\/\\\/edicionesalfar.es\\\/es\\\/?s={search_term_string}\"},\"query-input\":{\"@type\":\"PropertyValueSpecification\",\"valueRequired\":true,\"valueName\":\"search_term_string\"}}],\"inLanguage\":\"es\"}]}<\/script>\n<!-- \/ Yoast SEO plugin. -->","yoast_head_json":{"title":"El cuaderno de don Innombrable. (La novela de una investigaci\u00f3n sobre las leyes del universo) - Ediciones Alfar","robots":{"index":"index","follow":"follow","max-snippet":"max-snippet:-1","max-image-preview":"max-image-preview:large","max-video-preview":"max-video-preview:-1"},"canonical":"https:\/\/edicionesalfar.es\/es\/producto\/el-cuaderno-de-don-innombrable-la-novela-de-una-investigacion-sobre-las-leyes-del-universo\/","og_locale":"es_ES","og_type":"article","og_title":"El cuaderno de don Innombrable. (La novela de una investigaci\u00f3n sobre las leyes del universo) - Ediciones Alfar","og_description":"Es una novela inici\u00e1tica y filos\u00f3fica que trata de hacer experimentar en el lector el proceso de transformaci\u00f3n que padece el protagonista, el cual comienza su andadura como don Innombrable, porque lo que no tiene nombre no est\u00e1 definido ni acabado, y s\u00f3lo al final de su trayecto, cuando la materia ha tomado su forma, se insin\u00faa el nombre de este personaje realizado. &nbsp; DISPONIBLE VERSI\u00d3N ELECTR\u00d3NICA en todoebook, casa del libro, el corte ingl\u00e9s...","og_url":"https:\/\/edicionesalfar.es\/es\/producto\/el-cuaderno-de-don-innombrable-la-novela-de-una-investigacion-sobre-las-leyes-del-universo\/","og_site_name":"Ediciones Alfar","article_modified_time":"2025-08-27T12:11:13+00:00","og_image":[{"url":"https:\/\/edicionesalfar.es\/es\/wp-content\/uploads\/2019\/05\/El-cuaderno-de-don-sencilla.jpg","width":1,"height":1,"type":"image\/jpeg"}],"twitter_card":"summary_large_image","schema":{"@context":"https:\/\/schema.org","@graph":[{"@type":"WebPage","@id":"https:\/\/edicionesalfar.es\/es\/producto\/el-cuaderno-de-don-innombrable-la-novela-de-una-investigacion-sobre-las-leyes-del-universo\/","url":"https:\/\/edicionesalfar.es\/es\/producto\/el-cuaderno-de-don-innombrable-la-novela-de-una-investigacion-sobre-las-leyes-del-universo\/","name":"El cuaderno de don Innombrable. (La novela de una investigaci\u00f3n sobre las leyes del universo) - Ediciones Alfar","isPartOf":{"@id":"https:\/\/edicionesalfar.es\/es\/#website"},"primaryImageOfPage":{"@id":"https:\/\/edicionesalfar.es\/es\/producto\/el-cuaderno-de-don-innombrable-la-novela-de-una-investigacion-sobre-las-leyes-del-universo\/#primaryimage"},"image":{"@id":"https:\/\/edicionesalfar.es\/es\/producto\/el-cuaderno-de-don-innombrable-la-novela-de-una-investigacion-sobre-las-leyes-del-universo\/#primaryimage"},"thumbnailUrl":"https:\/\/edicionesalfar.es\/es\/wp-content\/uploads\/2019\/05\/El-cuaderno-de-don-sencilla.jpg","datePublished":"2019-07-11T05:51:05+00:00","dateModified":"2025-08-27T12:11:13+00:00","breadcrumb":{"@id":"https:\/\/edicionesalfar.es\/es\/producto\/el-cuaderno-de-don-innombrable-la-novela-de-una-investigacion-sobre-las-leyes-del-universo\/#breadcrumb"},"inLanguage":"es","potentialAction":[{"@type":"ReadAction","target":["https:\/\/edicionesalfar.es\/es\/producto\/el-cuaderno-de-don-innombrable-la-novela-de-una-investigacion-sobre-las-leyes-del-universo\/"]}]},{"@type":"ImageObject","inLanguage":"es","@id":"https:\/\/edicionesalfar.es\/es\/producto\/el-cuaderno-de-don-innombrable-la-novela-de-una-investigacion-sobre-las-leyes-del-universo\/#primaryimage","url":"https:\/\/edicionesalfar.es\/es\/wp-content\/uploads\/2019\/05\/El-cuaderno-de-don-sencilla.jpg","contentUrl":"https:\/\/edicionesalfar.es\/es\/wp-content\/uploads\/2019\/05\/El-cuaderno-de-don-sencilla.jpg"},{"@type":"BreadcrumbList","@id":"https:\/\/edicionesalfar.es\/es\/producto\/el-cuaderno-de-don-innombrable-la-novela-de-una-investigacion-sobre-las-leyes-del-universo\/#breadcrumb","itemListElement":[{"@type":"ListItem","position":1,"name":"Portada","item":"https:\/\/edicionesalfar.es\/es\/"},{"@type":"ListItem","position":2,"name":"Cat\u00e1logo","item":"https:\/\/edicionesalfar.es\/es\/catalogo\/"},{"@type":"ListItem","position":3,"name":"El cuaderno de don Innombrable. (La novela de una investigaci\u00f3n sobre las leyes del universo)"}]},{"@type":"WebSite","@id":"https:\/\/edicionesalfar.es\/es\/#website","url":"https:\/\/edicionesalfar.es\/es\/","name":"Ediciones Alfar","description":"","potentialAction":[{"@type":"SearchAction","target":{"@type":"EntryPoint","urlTemplate":"https:\/\/edicionesalfar.es\/es\/?s={search_term_string}"},"query-input":{"@type":"PropertyValueSpecification","valueRequired":true,"valueName":"search_term_string"}}],"inLanguage":"es"}]}},"_links":{"self":[{"href":"https:\/\/edicionesalfar.es\/es\/wp-json\/wp\/v2\/product\/13934","targetHints":{"allow":["GET"]}}],"collection":[{"href":"https:\/\/edicionesalfar.es\/es\/wp-json\/wp\/v2\/product"}],"about":[{"href":"https:\/\/edicionesalfar.es\/es\/wp-json\/wp\/v2\/types\/product"}],"replies":[{"embeddable":true,"href":"https:\/\/edicionesalfar.es\/es\/wp-json\/wp\/v2\/comments?post=13934"}],"wp:featuredmedia":[{"embeddable":true,"href":"https:\/\/edicionesalfar.es\/es\/wp-json\/wp\/v2\/media\/13935"}],"wp:attachment":[{"href":"https:\/\/edicionesalfar.es\/es\/wp-json\/wp\/v2\/media?parent=13934"}],"wp:term":[{"taxonomy":"product_brand","embeddable":true,"href":"https:\/\/edicionesalfar.es\/es\/wp-json\/wp\/v2\/product_brand?post=13934"},{"taxonomy":"product_cat","embeddable":true,"href":"https:\/\/edicionesalfar.es\/es\/wp-json\/wp\/v2\/product_cat?post=13934"},{"taxonomy":"product_tag","embeddable":true,"href":"https:\/\/edicionesalfar.es\/es\/wp-json\/wp\/v2\/product_tag?post=13934"}],"curies":[{"name":"wp","href":"https:\/\/api.w.org\/{rel}","templated":true}]}}