{"id":13930,"date":"2019-07-11T05:51:01","date_gmt":"2019-07-11T05:51:01","guid":{"rendered":"http:\/\/www.edicionesalfar.es\/web-wordpress\/?post_type=product\\&#029;p="},"modified":"2024-07-18T01:23:09","modified_gmt":"2024-07-17T23:23:09","slug":"el-barco","status":"publish","type":"product","link":"https:\/\/edicionesalfar.es\/es\/producto\/el-barco\/","title":{"rendered":"El barco"},"content":{"rendered":"<p>\u00a0<\/p>\n<p>CONTENIDO: El barco es la historia de los cientos de trabajadores que hoy en d\u00eda navegan en la desesperanza de los problemas laborales, del paro&#8230; Es la historia de aquellos enfermos y sus familiares que navegan perdidos en los mares internos de la mente.<br \/>\nEs un fragmento de historia del autor en el que ve como cualquier barco zarpa, navega y termina dejando el mar con tristeza. Es un diario de a bordo. Es el testimonio de los a\u00f1os de la transici\u00f3n, el testimonio de otra crisis, de muchas crisis vitales.<br \/>\nAUTOR: Conocido art\u00edsticamente como Tate Montoya, cantante, autor de sus canciones y presentador en televisi\u00f3n.<br \/>\nNacido de familia art\u00edstica (hijo de Enrique Montoya), se vincula al mundo de la canci\u00f3n desde muy joven, empezando por componer temas para otros artistas.<br \/>\nEstudi\u00f3 Ingenier\u00eda T\u00e9cnica Industrial y trabaj\u00f3 como ingeniero t\u00e9cnico durante 10 a\u00f1os en empresa relacionada con automoci\u00f3n.<br \/>\nGraba su primer disco en el a\u00f1o 1989. Desde entonces hasta la fecha, ha lanzado al mercado discogr\u00e1fico ocho productos, siempre cuidados en su contenido musical y en sus letras. En varios de ellos, cuenta colaboraciones de otros artistas de la talla de Ana Bel\u00e9n, Enrique Montoya, Los Sabande\u00f1os y su hermano Enrique. Ha presentado, durante varias temporadas, programas en televisi\u00f3n tan importantes como como Tal Como Somos (Canal Sur), Su Media Naranja (Tele 5) o Ma\u00f1anas de Primera (TVE1).<br \/>\nSu \u00faltimo espect\u00e1culo teatral ha sido Coplas de la Mar, del Amor y la Tierra, donde los poemas de Lorca, Machado, Alberti, Villal\u00f3n y otros poetas andaluces, han encontrado en la m\u00fasica y la voz de Tate Montoya el complemento sonoro para hacerlas si cabe, a\u00fan m\u00e1s andaluzas. En la temporada del 2006, estren\u00f3, como autor y director, \u00a0su primera obra de teatro, el musical flamenco OPRE ROMNIA-ADELANTE GITANA.<br \/>\nEn 1995, junto con su hermano David, fund\u00f3 \u00a0la discogr\u00e1fica Lunadisco, donde han sido productores de una veintena de discos flamencos y en la que tiene editado el libro de poes\u00edas Cuatro Estaciones.<br \/>\nA principios del 2008, tras sufrir un aneurisma de aorta, ha dejado de actuar en p\u00fablico y dedica su mayor tiempo, a la lectura, pintura y escritura.<\/p>\n<p>\u00a0<\/p>\n<p>\u00a0<\/p>\n","protected":false},"excerpt":{"rendered":"<p>El barco es la historia de los cientos de trabajadores que hoy en d\u00eda navegan en la desesperanza de los problemas laborales, del paro&#8230; Es la historia de aquellos enfermos y sus familiares que navegan perdidos en los mares internos de la mente.<\/p>\n<p>DISPONIBLE EN EBOOK<\/p>\n<p><a target=\"_blank\" href=\"http:\/\/www.casadellibro.com\/ebook-el-barco-ebook\/9788478984640\/2042533\"><img decoding=\"async\" src=\"http:\/\/image.casadellibro.com\/t1\/i\/logo-img.png\" alt=\"Librer\u00eda casadellibro.com\" \/><\/a><\/p>\n","protected":false},"featured_media":13931,"comment_status":"open","ping_status":"open","template":"","meta":{"_acf_changed":false,"_et_pb_use_builder":"","_et_pb_old_content":"","_et_gb_content_width":""},"product_brand":[],"product_cat":[29],"product_tag":[],"class_list":{"0":"post-13930","1":"product","2":"type-product","3":"status-publish","4":"has-post-thumbnail","6":"product_cat-narrativa","8":"first","9":"instock","10":"taxable","11":"shipping-taxable","12":"purchasable","13":"product-type-simple"},"acf":[],"yoast_head":"<!-- This site is optimized with the Yoast SEO plugin v27.3 - https:\/\/yoast.com\/product\/yoast-seo-wordpress\/ -->\n<title>El barco - Ediciones Alfar<\/title>\n<meta name=\"robots\" content=\"index, follow, max-snippet:-1, max-image-preview:large, max-video-preview:-1\" \/>\n<link rel=\"canonical\" href=\"https:\/\/edicionesalfar.es\/es\/producto\/el-barco\/\" \/>\n<meta property=\"og:locale\" content=\"es_ES\" \/>\n<meta property=\"og:type\" content=\"article\" \/>\n<meta property=\"og:title\" content=\"El barco - Ediciones Alfar\" \/>\n<meta property=\"og:description\" content=\"El barco es la historia de los cientos de trabajadores que hoy en d\u00eda navegan en la desesperanza de los problemas laborales, del paro... Es la historia de aquellos enfermos y sus familiares que navegan perdidos en los mares internos de la mente. DISPONIBLE EN EBOOK\" \/>\n<meta property=\"og:url\" content=\"https:\/\/edicionesalfar.es\/es\/producto\/el-barco\/\" \/>\n<meta property=\"og:site_name\" content=\"Ediciones Alfar\" \/>\n<meta property=\"article:modified_time\" content=\"2024-07-17T23:23:09+00:00\" \/>\n<meta property=\"og:image\" content=\"https:\/\/edicionesalfar.es\/es\/wp-content\/uploads\/2019\/05\/El-barco-sencilla.jpg\" \/>\n\t<meta property=\"og:image:width\" content=\"1\" \/>\n\t<meta property=\"og:image:height\" content=\"1\" \/>\n\t<meta property=\"og:image:type\" content=\"image\/jpeg\" \/>\n<meta name=\"twitter:card\" content=\"summary_large_image\" \/>\n<meta name=\"twitter:label1\" content=\"Tiempo de lectura\" \/>\n\t<meta name=\"twitter:data1\" content=\"2 minutos\" \/>\n<script type=\"application\/ld+json\" class=\"yoast-schema-graph\">{\"@context\":\"https:\\\/\\\/schema.org\",\"@graph\":[{\"@type\":\"WebPage\",\"@id\":\"https:\\\/\\\/edicionesalfar.es\\\/es\\\/producto\\\/el-barco\\\/\",\"url\":\"https:\\\/\\\/edicionesalfar.es\\\/es\\\/producto\\\/el-barco\\\/\",\"name\":\"El barco - Ediciones Alfar\",\"isPartOf\":{\"@id\":\"https:\\\/\\\/edicionesalfar.es\\\/es\\\/#website\"},\"primaryImageOfPage\":{\"@id\":\"https:\\\/\\\/edicionesalfar.es\\\/es\\\/producto\\\/el-barco\\\/#primaryimage\"},\"image\":{\"@id\":\"https:\\\/\\\/edicionesalfar.es\\\/es\\\/producto\\\/el-barco\\\/#primaryimage\"},\"thumbnailUrl\":\"https:\\\/\\\/edicionesalfar.es\\\/es\\\/wp-content\\\/uploads\\\/2019\\\/05\\\/El-barco-sencilla.jpg\",\"datePublished\":\"2019-07-11T05:51:01+00:00\",\"dateModified\":\"2024-07-17T23:23:09+00:00\",\"breadcrumb\":{\"@id\":\"https:\\\/\\\/edicionesalfar.es\\\/es\\\/producto\\\/el-barco\\\/#breadcrumb\"},\"inLanguage\":\"es\",\"potentialAction\":[{\"@type\":\"ReadAction\",\"target\":[\"https:\\\/\\\/edicionesalfar.es\\\/es\\\/producto\\\/el-barco\\\/\"]}]},{\"@type\":\"ImageObject\",\"inLanguage\":\"es\",\"@id\":\"https:\\\/\\\/edicionesalfar.es\\\/es\\\/producto\\\/el-barco\\\/#primaryimage\",\"url\":\"https:\\\/\\\/edicionesalfar.es\\\/es\\\/wp-content\\\/uploads\\\/2019\\\/05\\\/El-barco-sencilla.jpg\",\"contentUrl\":\"https:\\\/\\\/edicionesalfar.es\\\/es\\\/wp-content\\\/uploads\\\/2019\\\/05\\\/El-barco-sencilla.jpg\"},{\"@type\":\"BreadcrumbList\",\"@id\":\"https:\\\/\\\/edicionesalfar.es\\\/es\\\/producto\\\/el-barco\\\/#breadcrumb\",\"itemListElement\":[{\"@type\":\"ListItem\",\"position\":1,\"name\":\"Portada\",\"item\":\"https:\\\/\\\/edicionesalfar.es\\\/es\\\/\"},{\"@type\":\"ListItem\",\"position\":2,\"name\":\"Cat\u00e1logo\",\"item\":\"https:\\\/\\\/edicionesalfar.es\\\/es\\\/catalogo\\\/\"},{\"@type\":\"ListItem\",\"position\":3,\"name\":\"El barco\"}]},{\"@type\":\"WebSite\",\"@id\":\"https:\\\/\\\/edicionesalfar.es\\\/es\\\/#website\",\"url\":\"https:\\\/\\\/edicionesalfar.es\\\/es\\\/\",\"name\":\"Ediciones Alfar\",\"description\":\"\",\"potentialAction\":[{\"@type\":\"SearchAction\",\"target\":{\"@type\":\"EntryPoint\",\"urlTemplate\":\"https:\\\/\\\/edicionesalfar.es\\\/es\\\/?s={search_term_string}\"},\"query-input\":{\"@type\":\"PropertyValueSpecification\",\"valueRequired\":true,\"valueName\":\"search_term_string\"}}],\"inLanguage\":\"es\"}]}<\/script>\n<!-- \/ Yoast SEO plugin. -->","yoast_head_json":{"title":"El barco - Ediciones Alfar","robots":{"index":"index","follow":"follow","max-snippet":"max-snippet:-1","max-image-preview":"max-image-preview:large","max-video-preview":"max-video-preview:-1"},"canonical":"https:\/\/edicionesalfar.es\/es\/producto\/el-barco\/","og_locale":"es_ES","og_type":"article","og_title":"El barco - Ediciones Alfar","og_description":"El barco es la historia de los cientos de trabajadores que hoy en d\u00eda navegan en la desesperanza de los problemas laborales, del paro... Es la historia de aquellos enfermos y sus familiares que navegan perdidos en los mares internos de la mente. DISPONIBLE EN EBOOK","og_url":"https:\/\/edicionesalfar.es\/es\/producto\/el-barco\/","og_site_name":"Ediciones Alfar","article_modified_time":"2024-07-17T23:23:09+00:00","og_image":[{"url":"https:\/\/edicionesalfar.es\/es\/wp-content\/uploads\/2019\/05\/El-barco-sencilla.jpg","width":1,"height":1,"type":"image\/jpeg"}],"twitter_card":"summary_large_image","twitter_misc":{"Tiempo de lectura":"2 minutos"},"schema":{"@context":"https:\/\/schema.org","@graph":[{"@type":"WebPage","@id":"https:\/\/edicionesalfar.es\/es\/producto\/el-barco\/","url":"https:\/\/edicionesalfar.es\/es\/producto\/el-barco\/","name":"El barco - Ediciones Alfar","isPartOf":{"@id":"https:\/\/edicionesalfar.es\/es\/#website"},"primaryImageOfPage":{"@id":"https:\/\/edicionesalfar.es\/es\/producto\/el-barco\/#primaryimage"},"image":{"@id":"https:\/\/edicionesalfar.es\/es\/producto\/el-barco\/#primaryimage"},"thumbnailUrl":"https:\/\/edicionesalfar.es\/es\/wp-content\/uploads\/2019\/05\/El-barco-sencilla.jpg","datePublished":"2019-07-11T05:51:01+00:00","dateModified":"2024-07-17T23:23:09+00:00","breadcrumb":{"@id":"https:\/\/edicionesalfar.es\/es\/producto\/el-barco\/#breadcrumb"},"inLanguage":"es","potentialAction":[{"@type":"ReadAction","target":["https:\/\/edicionesalfar.es\/es\/producto\/el-barco\/"]}]},{"@type":"ImageObject","inLanguage":"es","@id":"https:\/\/edicionesalfar.es\/es\/producto\/el-barco\/#primaryimage","url":"https:\/\/edicionesalfar.es\/es\/wp-content\/uploads\/2019\/05\/El-barco-sencilla.jpg","contentUrl":"https:\/\/edicionesalfar.es\/es\/wp-content\/uploads\/2019\/05\/El-barco-sencilla.jpg"},{"@type":"BreadcrumbList","@id":"https:\/\/edicionesalfar.es\/es\/producto\/el-barco\/#breadcrumb","itemListElement":[{"@type":"ListItem","position":1,"name":"Portada","item":"https:\/\/edicionesalfar.es\/es\/"},{"@type":"ListItem","position":2,"name":"Cat\u00e1logo","item":"https:\/\/edicionesalfar.es\/es\/catalogo\/"},{"@type":"ListItem","position":3,"name":"El barco"}]},{"@type":"WebSite","@id":"https:\/\/edicionesalfar.es\/es\/#website","url":"https:\/\/edicionesalfar.es\/es\/","name":"Ediciones Alfar","description":"","potentialAction":[{"@type":"SearchAction","target":{"@type":"EntryPoint","urlTemplate":"https:\/\/edicionesalfar.es\/es\/?s={search_term_string}"},"query-input":{"@type":"PropertyValueSpecification","valueRequired":true,"valueName":"search_term_string"}}],"inLanguage":"es"}]}},"_links":{"self":[{"href":"https:\/\/edicionesalfar.es\/es\/wp-json\/wp\/v2\/product\/13930","targetHints":{"allow":["GET"]}}],"collection":[{"href":"https:\/\/edicionesalfar.es\/es\/wp-json\/wp\/v2\/product"}],"about":[{"href":"https:\/\/edicionesalfar.es\/es\/wp-json\/wp\/v2\/types\/product"}],"replies":[{"embeddable":true,"href":"https:\/\/edicionesalfar.es\/es\/wp-json\/wp\/v2\/comments?post=13930"}],"wp:featuredmedia":[{"embeddable":true,"href":"https:\/\/edicionesalfar.es\/es\/wp-json\/wp\/v2\/media\/13931"}],"wp:attachment":[{"href":"https:\/\/edicionesalfar.es\/es\/wp-json\/wp\/v2\/media?parent=13930"}],"wp:term":[{"taxonomy":"product_brand","embeddable":true,"href":"https:\/\/edicionesalfar.es\/es\/wp-json\/wp\/v2\/product_brand?post=13930"},{"taxonomy":"product_cat","embeddable":true,"href":"https:\/\/edicionesalfar.es\/es\/wp-json\/wp\/v2\/product_cat?post=13930"},{"taxonomy":"product_tag","embeddable":true,"href":"https:\/\/edicionesalfar.es\/es\/wp-json\/wp\/v2\/product_tag?post=13930"}],"curies":[{"name":"wp","href":"https:\/\/api.w.org\/{rel}","templated":true}]}}