{"id":13924,"date":"2019-07-11T05:50:58","date_gmt":"2019-07-11T05:50:58","guid":{"rendered":"http:\/\/www.edicionesalfar.es\/web-wordpress\/?post_type=product&#038;#029;p="},"modified":"2019-09-18T10:47:54","modified_gmt":"2019-09-18T08:47:54","slug":"la-zorra-y-el-ak-47","status":"publish","type":"product","link":"https:\/\/edicionesalfar.es\/es\/producto\/la-zorra-y-el-ak-47\/","title":{"rendered":"La zorra y el AK-47"},"content":{"rendered":"<p>CONTENIDO:\u00a0 \u201cCuando el lobo tiene hambre salta la valla\u201d dice el refr\u00e1n. De ese mismo modo, un indeterminado 31 de junio, la miseria end\u00e9mica que asola el continente africano toma al asalto la frontera de Melilla que la separa de la opulencia europea y hace saltar por los aires nuestro id\u00edlico mundo de urracas acaparadoras de innecesarios objetos materiales.<br style=\"height: 1px; font-size: 1px; color: #333333; font-family: Georgia, Cambria, 'Times New Roman', Times, serif;\" \/>Una gran cifra, cercana al infinito, de gentes del color de la tierra invade los campos y las ciudades espa\u00f1olas buscando algo que llevarse a la boca. Son ayudados por miles de espa\u00f1oles que luchan por el derecho de todo ser humano a un pedazo de pan y enfrentados por un n\u00famero parejo que defiende que quien quiera pan que lo pague. La Guerra del Hambre ha empezado.<br style=\"height: 1px; font-size: 1px; color: #333333; font-family: Georgia, Cambria, 'Times New Roman', Times, serif;\" \/>Teresa de Jes\u00fas era hasta aquel entonces una corresponsal de guerra curtida en mil batallas a lo ancho del planeta, pero esta vez tendr\u00e1 que vivir su conflicto m\u00e1s terrible, porque esta vez tiene lugar en casa. Este vez es ella uno de los infelices protagonistas que se encuentra en el lado equivocado de la c\u00e1mara.\u00a0\u00a0\u00a0<br style=\"height: 1px; font-size: 1px; color: #333333; font-family: Georgia, Cambria, 'Times New Roman', Times, serif;\" \/><br style=\"height: 1px; font-size: 1px; color: #333333; font-family: Georgia, Cambria, 'Times New Roman', Times, serif;\" \/>AUTOR:\u00a0 B\u00e1rbara Patricia Palmero, Prado de Campos (Zamora), 1973. Licenciada en Periodismo. Despu\u00e9s de desempe\u00f1ar diferentes oficios, en la actualidad se dedica a la ganader\u00eda en r\u00e9gimen extensivo. La zorra y el AK-47 es su primera novela publicada. La segunda parte de la misma, Cambio Rolex por mira de visi\u00f3n nocturna se encuentra en proceso de preparaci\u00f3n.<\/p>\n","protected":false},"excerpt":{"rendered":"<p><span style=\"color: #333333; font-size: 13px; line-height: 20px;\">Miles de africanos invaden las ciudades espa\u00f1olas buscando algo que llevarse a la boca. Se produce el caos, una guerra despiadada entre la gente que busca el derecho a pan para todos y los que defienden que quien quiera pan que lo pague. En nuestra tierra se desata la Guerra del Hambre.<\/span><\/p>\n","protected":false},"featured_media":15148,"comment_status":"closed","ping_status":"closed","template":"","meta":{"_acf_changed":false,"_et_pb_use_builder":"","_et_pb_old_content":"","_et_gb_content_width":""},"product_brand":[],"product_cat":[29],"product_tag":[],"class_list":{"0":"post-13924","1":"product","2":"type-product","3":"status-publish","4":"has-post-thumbnail","6":"product_cat-narrativa","8":"first","9":"instock","10":"taxable","11":"shipping-taxable","12":"purchasable","13":"product-type-simple"},"acf":[],"yoast_head":"<!-- This site is optimized with the Yoast SEO plugin v27.4 - https:\/\/yoast.com\/product\/yoast-seo-wordpress\/ -->\n<title>La zorra y el AK-47 - Ediciones Alfar<\/title>\n<meta name=\"robots\" content=\"index, follow, max-snippet:-1, max-image-preview:large, max-video-preview:-1\" \/>\n<link rel=\"canonical\" href=\"https:\/\/edicionesalfar.es\/es\/producto\/la-zorra-y-el-ak-47\/\" \/>\n<meta property=\"og:locale\" content=\"es_ES\" \/>\n<meta property=\"og:type\" content=\"article\" \/>\n<meta property=\"og:title\" content=\"La zorra y el AK-47 - Ediciones Alfar\" \/>\n<meta property=\"og:description\" content=\"Miles de africanos invaden las ciudades espa\u00f1olas buscando algo que llevarse a la boca. Se produce el caos, una guerra despiadada entre la gente que busca el derecho a pan para todos y los que defienden que quien quiera pan que lo pague. En nuestra tierra se desata la Guerra del Hambre.\" \/>\n<meta property=\"og:url\" content=\"https:\/\/edicionesalfar.es\/es\/producto\/la-zorra-y-el-ak-47\/\" \/>\n<meta property=\"og:site_name\" content=\"Ediciones Alfar\" \/>\n<meta property=\"article:modified_time\" content=\"2019-09-18T08:47:54+00:00\" \/>\n<meta property=\"og:image\" content=\"https:\/\/edicionesalfar.es\/es\/wp-content\/uploads\/2019\/07\/lazorra.jpg\" \/>\n\t<meta property=\"og:image:width\" content=\"360\" \/>\n\t<meta property=\"og:image:height\" content=\"602\" \/>\n\t<meta property=\"og:image:type\" content=\"image\/jpeg\" \/>\n<meta name=\"twitter:card\" content=\"summary_large_image\" \/>\n<meta name=\"twitter:label1\" content=\"Tiempo de lectura\" \/>\n\t<meta name=\"twitter:data1\" content=\"1 minuto\" \/>\n<script type=\"application\/ld+json\" class=\"yoast-schema-graph\">{\"@context\":\"https:\\\/\\\/schema.org\",\"@graph\":[{\"@type\":\"WebPage\",\"@id\":\"https:\\\/\\\/edicionesalfar.es\\\/es\\\/producto\\\/la-zorra-y-el-ak-47\\\/\",\"url\":\"https:\\\/\\\/edicionesalfar.es\\\/es\\\/producto\\\/la-zorra-y-el-ak-47\\\/\",\"name\":\"La zorra y el AK-47 - Ediciones Alfar\",\"isPartOf\":{\"@id\":\"https:\\\/\\\/edicionesalfar.es\\\/es\\\/#website\"},\"primaryImageOfPage\":{\"@id\":\"https:\\\/\\\/edicionesalfar.es\\\/es\\\/producto\\\/la-zorra-y-el-ak-47\\\/#primaryimage\"},\"image\":{\"@id\":\"https:\\\/\\\/edicionesalfar.es\\\/es\\\/producto\\\/la-zorra-y-el-ak-47\\\/#primaryimage\"},\"thumbnailUrl\":\"https:\\\/\\\/edicionesalfar.es\\\/es\\\/wp-content\\\/uploads\\\/2019\\\/07\\\/lazorra.jpg\",\"datePublished\":\"2019-07-11T05:50:58+00:00\",\"dateModified\":\"2019-09-18T08:47:54+00:00\",\"breadcrumb\":{\"@id\":\"https:\\\/\\\/edicionesalfar.es\\\/es\\\/producto\\\/la-zorra-y-el-ak-47\\\/#breadcrumb\"},\"inLanguage\":\"es\",\"potentialAction\":[{\"@type\":\"ReadAction\",\"target\":[\"https:\\\/\\\/edicionesalfar.es\\\/es\\\/producto\\\/la-zorra-y-el-ak-47\\\/\"]}]},{\"@type\":\"ImageObject\",\"inLanguage\":\"es\",\"@id\":\"https:\\\/\\\/edicionesalfar.es\\\/es\\\/producto\\\/la-zorra-y-el-ak-47\\\/#primaryimage\",\"url\":\"https:\\\/\\\/edicionesalfar.es\\\/es\\\/wp-content\\\/uploads\\\/2019\\\/07\\\/lazorra.jpg\",\"contentUrl\":\"https:\\\/\\\/edicionesalfar.es\\\/es\\\/wp-content\\\/uploads\\\/2019\\\/07\\\/lazorra.jpg\",\"width\":360,\"height\":602},{\"@type\":\"BreadcrumbList\",\"@id\":\"https:\\\/\\\/edicionesalfar.es\\\/es\\\/producto\\\/la-zorra-y-el-ak-47\\\/#breadcrumb\",\"itemListElement\":[{\"@type\":\"ListItem\",\"position\":1,\"name\":\"Portada\",\"item\":\"https:\\\/\\\/edicionesalfar.es\\\/es\\\/\"},{\"@type\":\"ListItem\",\"position\":2,\"name\":\"Cat\u00e1logo\",\"item\":\"https:\\\/\\\/edicionesalfar.es\\\/es\\\/catalogo\\\/\"},{\"@type\":\"ListItem\",\"position\":3,\"name\":\"La zorra y el AK-47\"}]},{\"@type\":\"WebSite\",\"@id\":\"https:\\\/\\\/edicionesalfar.es\\\/es\\\/#website\",\"url\":\"https:\\\/\\\/edicionesalfar.es\\\/es\\\/\",\"name\":\"Ediciones Alfar\",\"description\":\"\",\"potentialAction\":[{\"@type\":\"SearchAction\",\"target\":{\"@type\":\"EntryPoint\",\"urlTemplate\":\"https:\\\/\\\/edicionesalfar.es\\\/es\\\/?s={search_term_string}\"},\"query-input\":{\"@type\":\"PropertyValueSpecification\",\"valueRequired\":true,\"valueName\":\"search_term_string\"}}],\"inLanguage\":\"es\"}]}<\/script>\n<!-- \/ Yoast SEO plugin. -->","yoast_head_json":{"title":"La zorra y el AK-47 - Ediciones Alfar","robots":{"index":"index","follow":"follow","max-snippet":"max-snippet:-1","max-image-preview":"max-image-preview:large","max-video-preview":"max-video-preview:-1"},"canonical":"https:\/\/edicionesalfar.es\/es\/producto\/la-zorra-y-el-ak-47\/","og_locale":"es_ES","og_type":"article","og_title":"La zorra y el AK-47 - Ediciones Alfar","og_description":"Miles de africanos invaden las ciudades espa\u00f1olas buscando algo que llevarse a la boca. Se produce el caos, una guerra despiadada entre la gente que busca el derecho a pan para todos y los que defienden que quien quiera pan que lo pague. En nuestra tierra se desata la Guerra del Hambre.","og_url":"https:\/\/edicionesalfar.es\/es\/producto\/la-zorra-y-el-ak-47\/","og_site_name":"Ediciones Alfar","article_modified_time":"2019-09-18T08:47:54+00:00","og_image":[{"width":360,"height":602,"url":"https:\/\/edicionesalfar.es\/es\/wp-content\/uploads\/2019\/07\/lazorra.jpg","type":"image\/jpeg"}],"twitter_card":"summary_large_image","twitter_misc":{"Tiempo de lectura":"1 minuto"},"schema":{"@context":"https:\/\/schema.org","@graph":[{"@type":"WebPage","@id":"https:\/\/edicionesalfar.es\/es\/producto\/la-zorra-y-el-ak-47\/","url":"https:\/\/edicionesalfar.es\/es\/producto\/la-zorra-y-el-ak-47\/","name":"La zorra y el AK-47 - Ediciones Alfar","isPartOf":{"@id":"https:\/\/edicionesalfar.es\/es\/#website"},"primaryImageOfPage":{"@id":"https:\/\/edicionesalfar.es\/es\/producto\/la-zorra-y-el-ak-47\/#primaryimage"},"image":{"@id":"https:\/\/edicionesalfar.es\/es\/producto\/la-zorra-y-el-ak-47\/#primaryimage"},"thumbnailUrl":"https:\/\/edicionesalfar.es\/es\/wp-content\/uploads\/2019\/07\/lazorra.jpg","datePublished":"2019-07-11T05:50:58+00:00","dateModified":"2019-09-18T08:47:54+00:00","breadcrumb":{"@id":"https:\/\/edicionesalfar.es\/es\/producto\/la-zorra-y-el-ak-47\/#breadcrumb"},"inLanguage":"es","potentialAction":[{"@type":"ReadAction","target":["https:\/\/edicionesalfar.es\/es\/producto\/la-zorra-y-el-ak-47\/"]}]},{"@type":"ImageObject","inLanguage":"es","@id":"https:\/\/edicionesalfar.es\/es\/producto\/la-zorra-y-el-ak-47\/#primaryimage","url":"https:\/\/edicionesalfar.es\/es\/wp-content\/uploads\/2019\/07\/lazorra.jpg","contentUrl":"https:\/\/edicionesalfar.es\/es\/wp-content\/uploads\/2019\/07\/lazorra.jpg","width":360,"height":602},{"@type":"BreadcrumbList","@id":"https:\/\/edicionesalfar.es\/es\/producto\/la-zorra-y-el-ak-47\/#breadcrumb","itemListElement":[{"@type":"ListItem","position":1,"name":"Portada","item":"https:\/\/edicionesalfar.es\/es\/"},{"@type":"ListItem","position":2,"name":"Cat\u00e1logo","item":"https:\/\/edicionesalfar.es\/es\/catalogo\/"},{"@type":"ListItem","position":3,"name":"La zorra y el AK-47"}]},{"@type":"WebSite","@id":"https:\/\/edicionesalfar.es\/es\/#website","url":"https:\/\/edicionesalfar.es\/es\/","name":"Ediciones Alfar","description":"","potentialAction":[{"@type":"SearchAction","target":{"@type":"EntryPoint","urlTemplate":"https:\/\/edicionesalfar.es\/es\/?s={search_term_string}"},"query-input":{"@type":"PropertyValueSpecification","valueRequired":true,"valueName":"search_term_string"}}],"inLanguage":"es"}]}},"_links":{"self":[{"href":"https:\/\/edicionesalfar.es\/es\/wp-json\/wp\/v2\/product\/13924","targetHints":{"allow":["GET"]}}],"collection":[{"href":"https:\/\/edicionesalfar.es\/es\/wp-json\/wp\/v2\/product"}],"about":[{"href":"https:\/\/edicionesalfar.es\/es\/wp-json\/wp\/v2\/types\/product"}],"replies":[{"embeddable":true,"href":"https:\/\/edicionesalfar.es\/es\/wp-json\/wp\/v2\/comments?post=13924"}],"wp:featuredmedia":[{"embeddable":true,"href":"https:\/\/edicionesalfar.es\/es\/wp-json\/wp\/v2\/media\/15148"}],"wp:attachment":[{"href":"https:\/\/edicionesalfar.es\/es\/wp-json\/wp\/v2\/media?parent=13924"}],"wp:term":[{"taxonomy":"product_brand","embeddable":true,"href":"https:\/\/edicionesalfar.es\/es\/wp-json\/wp\/v2\/product_brand?post=13924"},{"taxonomy":"product_cat","embeddable":true,"href":"https:\/\/edicionesalfar.es\/es\/wp-json\/wp\/v2\/product_cat?post=13924"},{"taxonomy":"product_tag","embeddable":true,"href":"https:\/\/edicionesalfar.es\/es\/wp-json\/wp\/v2\/product_tag?post=13924"}],"curies":[{"name":"wp","href":"https:\/\/api.w.org\/{rel}","templated":true}]}}