{"id":13922,"date":"2019-07-11T05:50:57","date_gmt":"2019-07-11T05:50:57","guid":{"rendered":"http:\/\/www.edicionesalfar.es\/web-wordpress\/?post_type=product&#038;#029;p="},"modified":"2022-10-31T21:47:29","modified_gmt":"2022-10-31T20:47:29","slug":"el-reino-de-otro-mundo","status":"publish","type":"product","link":"https:\/\/edicionesalfar.es\/es\/producto\/el-reino-de-otro-mundo\/","title":{"rendered":"El reino de otro mundo"},"content":{"rendered":"<p style=\"margin: 1em 0px; padding-left: 0px; color: #333333; font-family: Georgia, Cambria, 'Times New Roman', Times, serif; font-size: 13px; font-style: normal; line-height: 20px;\">CONTENIDO:\u00a0<br style=\"height: 1px; font-size: 1px;\" \/>El reino de otro mundo, nace bajo la premisa de Hermann Broch, por la que \u201cdescubrir lo que solo una novela puede descubrir es la \u00fanica raz\u00f3n de ser de una novela\u201d.\u00a0<br style=\"height: 1px; font-size: 1px;\" \/><br style=\"height: 1px; font-size: 1px;\" \/>La historia de Isaac Bouza es la de cualquier joven cuya vida se ve trastornada por una noticia del pasado. Asimilar las consecuencias de esto le lleva a emprender una huida hacia delante en la que su vida se ver\u00e1 jalonada de vicisitudes que no distingue si reales o imaginadas, pero que conforman la existencia que vive d\u00eda a d\u00eda.<br style=\"height: 1px; font-size: 1px;\" \/><br style=\"height: 1px; font-size: 1px;\" \/>El reino de otro mundo, no solo es la narraci\u00f3n de un momento en la vida de Isaac Bouza y sus circunstancias, si no que tambi\u00e9n es un reflejo de la sociedad esquizofr\u00e9nica en la que se desenvuelve.<br style=\"height: 1px; font-size: 1px;\" \/><br style=\"height: 1px; font-size: 1px;\" \/>Con un estilo directo y carente de cualquier adorno, el autor construye una estructura que reproduce el desorden en la mente del personaje principal para que sea el propio lector quien vaya desentra\u00f1ando el sentido final urdido en la novela.<br style=\"height: 1px; font-size: 1px;\" \/><br style=\"height: 1px; font-size: 1px;\" \/>AUTOR:\u00a0<br style=\"height: 1px; font-size: 1px;\" \/>Jos\u00e9 Carlos de Paz, naci\u00f3 en Toledo un 26 de agosto. Es su primera novela.<\/p>\n<p style=\"margin: 1em 0px; padding-left: 0px; color: #333333; font-family: Georgia, Cambria, 'Times New Roman', Times, serif; font-size: 13px; font-style: normal; line-height: 20px;\">\n","protected":false},"excerpt":{"rendered":"<p><span style=\"color: #333333; font-size: 13px; line-height: 20px;\">La historia de Isaac Bouza es la cualquier joven cuya vida se ve trastornada por una noticia del pasado. Asimilar las consecuencias de esto le lleva a emprender una huida hacia delante.<\/span><\/p>\n","protected":false},"featured_media":13923,"comment_status":"open","ping_status":"closed","template":"","meta":{"_acf_changed":false,"_et_pb_use_builder":"","_et_pb_old_content":"","_et_gb_content_width":""},"product_brand":[],"product_cat":[376,524,29],"product_tag":[],"class_list":{"0":"post-13922","1":"product","2":"type-product","3":"status-publish","4":"has-post-thumbnail","6":"product_cat-autores","7":"product_cat-de-paz-carvajal-jose-carlos","8":"product_cat-narrativa","10":"first","11":"instock","12":"taxable","13":"shipping-taxable","14":"purchasable","15":"product-type-simple"},"acf":[],"yoast_head":"<!-- This site is optimized with the Yoast SEO plugin v27.5 - https:\/\/yoast.com\/product\/yoast-seo-wordpress\/ -->\n<title>El reino de otro mundo - Ediciones Alfar<\/title>\n<meta name=\"robots\" content=\"index, follow, max-snippet:-1, max-image-preview:large, max-video-preview:-1\" \/>\n<link rel=\"canonical\" href=\"https:\/\/edicionesalfar.es\/es\/producto\/el-reino-de-otro-mundo\/\" \/>\n<meta property=\"og:locale\" content=\"es_ES\" \/>\n<meta property=\"og:type\" content=\"article\" \/>\n<meta property=\"og:title\" content=\"El reino de otro mundo - Ediciones Alfar\" \/>\n<meta property=\"og:description\" content=\"La historia de Isaac Bouza es la cualquier joven cuya vida se ve trastornada por una noticia del pasado. Asimilar las consecuencias de esto le lleva a emprender una huida hacia delante.\" \/>\n<meta property=\"og:url\" content=\"https:\/\/edicionesalfar.es\/es\/producto\/el-reino-de-otro-mundo\/\" \/>\n<meta property=\"og:site_name\" content=\"Ediciones Alfar\" \/>\n<meta property=\"article:modified_time\" content=\"2022-10-31T20:47:29+00:00\" \/>\n<meta property=\"og:image\" content=\"https:\/\/edicionesalfar.es\/es\/wp-content\/uploads\/2019\/05\/9788478984749_elreinodeotro.jpg\" \/>\n\t<meta property=\"og:image:width\" content=\"1\" \/>\n\t<meta property=\"og:image:height\" content=\"1\" \/>\n\t<meta property=\"og:image:type\" content=\"image\/jpeg\" \/>\n<meta name=\"twitter:card\" content=\"summary_large_image\" \/>\n<meta name=\"twitter:label1\" content=\"Tiempo de lectura\" \/>\n\t<meta name=\"twitter:data1\" content=\"1 minuto\" \/>\n<script type=\"application\/ld+json\" class=\"yoast-schema-graph\">{\"@context\":\"https:\\\/\\\/schema.org\",\"@graph\":[{\"@type\":\"WebPage\",\"@id\":\"https:\\\/\\\/edicionesalfar.es\\\/es\\\/producto\\\/el-reino-de-otro-mundo\\\/\",\"url\":\"https:\\\/\\\/edicionesalfar.es\\\/es\\\/producto\\\/el-reino-de-otro-mundo\\\/\",\"name\":\"El reino de otro mundo - Ediciones Alfar\",\"isPartOf\":{\"@id\":\"https:\\\/\\\/edicionesalfar.es\\\/es\\\/#website\"},\"primaryImageOfPage\":{\"@id\":\"https:\\\/\\\/edicionesalfar.es\\\/es\\\/producto\\\/el-reino-de-otro-mundo\\\/#primaryimage\"},\"image\":{\"@id\":\"https:\\\/\\\/edicionesalfar.es\\\/es\\\/producto\\\/el-reino-de-otro-mundo\\\/#primaryimage\"},\"thumbnailUrl\":\"https:\\\/\\\/edicionesalfar.es\\\/es\\\/wp-content\\\/uploads\\\/2019\\\/05\\\/9788478984749_elreinodeotro.jpg\",\"datePublished\":\"2019-07-11T05:50:57+00:00\",\"dateModified\":\"2022-10-31T20:47:29+00:00\",\"breadcrumb\":{\"@id\":\"https:\\\/\\\/edicionesalfar.es\\\/es\\\/producto\\\/el-reino-de-otro-mundo\\\/#breadcrumb\"},\"inLanguage\":\"es\",\"potentialAction\":[{\"@type\":\"ReadAction\",\"target\":[\"https:\\\/\\\/edicionesalfar.es\\\/es\\\/producto\\\/el-reino-de-otro-mundo\\\/\"]}]},{\"@type\":\"ImageObject\",\"inLanguage\":\"es\",\"@id\":\"https:\\\/\\\/edicionesalfar.es\\\/es\\\/producto\\\/el-reino-de-otro-mundo\\\/#primaryimage\",\"url\":\"https:\\\/\\\/edicionesalfar.es\\\/es\\\/wp-content\\\/uploads\\\/2019\\\/05\\\/9788478984749_elreinodeotro.jpg\",\"contentUrl\":\"https:\\\/\\\/edicionesalfar.es\\\/es\\\/wp-content\\\/uploads\\\/2019\\\/05\\\/9788478984749_elreinodeotro.jpg\"},{\"@type\":\"BreadcrumbList\",\"@id\":\"https:\\\/\\\/edicionesalfar.es\\\/es\\\/producto\\\/el-reino-de-otro-mundo\\\/#breadcrumb\",\"itemListElement\":[{\"@type\":\"ListItem\",\"position\":1,\"name\":\"Portada\",\"item\":\"https:\\\/\\\/edicionesalfar.es\\\/es\\\/\"},{\"@type\":\"ListItem\",\"position\":2,\"name\":\"Cat\u00e1logo\",\"item\":\"https:\\\/\\\/edicionesalfar.es\\\/es\\\/catalogo\\\/\"},{\"@type\":\"ListItem\",\"position\":3,\"name\":\"El reino de otro mundo\"}]},{\"@type\":\"WebSite\",\"@id\":\"https:\\\/\\\/edicionesalfar.es\\\/es\\\/#website\",\"url\":\"https:\\\/\\\/edicionesalfar.es\\\/es\\\/\",\"name\":\"Ediciones Alfar\",\"description\":\"\",\"potentialAction\":[{\"@type\":\"SearchAction\",\"target\":{\"@type\":\"EntryPoint\",\"urlTemplate\":\"https:\\\/\\\/edicionesalfar.es\\\/es\\\/?s={search_term_string}\"},\"query-input\":{\"@type\":\"PropertyValueSpecification\",\"valueRequired\":true,\"valueName\":\"search_term_string\"}}],\"inLanguage\":\"es\"}]}<\/script>\n<!-- \/ Yoast SEO plugin. -->","yoast_head_json":{"title":"El reino de otro mundo - Ediciones Alfar","robots":{"index":"index","follow":"follow","max-snippet":"max-snippet:-1","max-image-preview":"max-image-preview:large","max-video-preview":"max-video-preview:-1"},"canonical":"https:\/\/edicionesalfar.es\/es\/producto\/el-reino-de-otro-mundo\/","og_locale":"es_ES","og_type":"article","og_title":"El reino de otro mundo - Ediciones Alfar","og_description":"La historia de Isaac Bouza es la cualquier joven cuya vida se ve trastornada por una noticia del pasado. Asimilar las consecuencias de esto le lleva a emprender una huida hacia delante.","og_url":"https:\/\/edicionesalfar.es\/es\/producto\/el-reino-de-otro-mundo\/","og_site_name":"Ediciones Alfar","article_modified_time":"2022-10-31T20:47:29+00:00","og_image":[{"url":"https:\/\/edicionesalfar.es\/es\/wp-content\/uploads\/2019\/05\/9788478984749_elreinodeotro.jpg","width":1,"height":1,"type":"image\/jpeg"}],"twitter_card":"summary_large_image","twitter_misc":{"Tiempo de lectura":"1 minuto"},"schema":{"@context":"https:\/\/schema.org","@graph":[{"@type":"WebPage","@id":"https:\/\/edicionesalfar.es\/es\/producto\/el-reino-de-otro-mundo\/","url":"https:\/\/edicionesalfar.es\/es\/producto\/el-reino-de-otro-mundo\/","name":"El reino de otro mundo - Ediciones Alfar","isPartOf":{"@id":"https:\/\/edicionesalfar.es\/es\/#website"},"primaryImageOfPage":{"@id":"https:\/\/edicionesalfar.es\/es\/producto\/el-reino-de-otro-mundo\/#primaryimage"},"image":{"@id":"https:\/\/edicionesalfar.es\/es\/producto\/el-reino-de-otro-mundo\/#primaryimage"},"thumbnailUrl":"https:\/\/edicionesalfar.es\/es\/wp-content\/uploads\/2019\/05\/9788478984749_elreinodeotro.jpg","datePublished":"2019-07-11T05:50:57+00:00","dateModified":"2022-10-31T20:47:29+00:00","breadcrumb":{"@id":"https:\/\/edicionesalfar.es\/es\/producto\/el-reino-de-otro-mundo\/#breadcrumb"},"inLanguage":"es","potentialAction":[{"@type":"ReadAction","target":["https:\/\/edicionesalfar.es\/es\/producto\/el-reino-de-otro-mundo\/"]}]},{"@type":"ImageObject","inLanguage":"es","@id":"https:\/\/edicionesalfar.es\/es\/producto\/el-reino-de-otro-mundo\/#primaryimage","url":"https:\/\/edicionesalfar.es\/es\/wp-content\/uploads\/2019\/05\/9788478984749_elreinodeotro.jpg","contentUrl":"https:\/\/edicionesalfar.es\/es\/wp-content\/uploads\/2019\/05\/9788478984749_elreinodeotro.jpg"},{"@type":"BreadcrumbList","@id":"https:\/\/edicionesalfar.es\/es\/producto\/el-reino-de-otro-mundo\/#breadcrumb","itemListElement":[{"@type":"ListItem","position":1,"name":"Portada","item":"https:\/\/edicionesalfar.es\/es\/"},{"@type":"ListItem","position":2,"name":"Cat\u00e1logo","item":"https:\/\/edicionesalfar.es\/es\/catalogo\/"},{"@type":"ListItem","position":3,"name":"El reino de otro mundo"}]},{"@type":"WebSite","@id":"https:\/\/edicionesalfar.es\/es\/#website","url":"https:\/\/edicionesalfar.es\/es\/","name":"Ediciones Alfar","description":"","potentialAction":[{"@type":"SearchAction","target":{"@type":"EntryPoint","urlTemplate":"https:\/\/edicionesalfar.es\/es\/?s={search_term_string}"},"query-input":{"@type":"PropertyValueSpecification","valueRequired":true,"valueName":"search_term_string"}}],"inLanguage":"es"}]}},"_links":{"self":[{"href":"https:\/\/edicionesalfar.es\/es\/wp-json\/wp\/v2\/product\/13922","targetHints":{"allow":["GET"]}}],"collection":[{"href":"https:\/\/edicionesalfar.es\/es\/wp-json\/wp\/v2\/product"}],"about":[{"href":"https:\/\/edicionesalfar.es\/es\/wp-json\/wp\/v2\/types\/product"}],"replies":[{"embeddable":true,"href":"https:\/\/edicionesalfar.es\/es\/wp-json\/wp\/v2\/comments?post=13922"}],"wp:featuredmedia":[{"embeddable":true,"href":"https:\/\/edicionesalfar.es\/es\/wp-json\/wp\/v2\/media\/13923"}],"wp:attachment":[{"href":"https:\/\/edicionesalfar.es\/es\/wp-json\/wp\/v2\/media?parent=13922"}],"wp:term":[{"taxonomy":"product_brand","embeddable":true,"href":"https:\/\/edicionesalfar.es\/es\/wp-json\/wp\/v2\/product_brand?post=13922"},{"taxonomy":"product_cat","embeddable":true,"href":"https:\/\/edicionesalfar.es\/es\/wp-json\/wp\/v2\/product_cat?post=13922"},{"taxonomy":"product_tag","embeddable":true,"href":"https:\/\/edicionesalfar.es\/es\/wp-json\/wp\/v2\/product_tag?post=13922"}],"curies":[{"name":"wp","href":"https:\/\/api.w.org\/{rel}","templated":true}]}}