{"id":13906,"date":"2019-07-11T05:50:49","date_gmt":"2019-07-11T05:50:49","guid":{"rendered":"http:\/\/www.edicionesalfar.es\/web-wordpress\/?post_type=product&#038;#019;p="},"modified":"2024-11-09T13:53:01","modified_gmt":"2024-11-09T12:53:01","slug":"antologia-de-la-poesia-femenina-marroqui","status":"publish","type":"product","link":"https:\/\/edicionesalfar.es\/es\/producto\/antologia-de-la-poesia-femenina-marroqui\/","title":{"rendered":"ANTOLOG\u00cdA DE LA POES\u00cdA FEMENINA MARROQU\u00cd"},"content":{"rendered":"<p>ANTOLOG\u00cdA DE LA POES\u00cdA FEMENINA MARROQU\u00cd<\/p>\n","protected":false},"excerpt":{"rendered":"<p style=\"margin-top: 0px; margin-bottom: 0px;\" align=\"left\"><span style=\"font-size: 10pt;\"><span style=\"font-size: 12pt;\">Una selecci\u00f3n de la poes\u00eda femenina que se produce en Marruecos<\/span><\/span><span style=\"font-size: 12pt;\"> es la nueva apuesta de esta edici\u00f3n biling\u00fce \u00e1rabe-espa\u00f1ol para traspasar fronteras y mostrar el emergente lugar que viene ocupando la mujer en la cultura \u00e1rabe.<\/span><\/p>\n<p style=\"margin-top: 0px; margin-bottom: 0px;\" align=\"left\"><strong>\u00a0<\/strong><\/p>\n<p>&nbsp;<\/p>\n","protected":false},"featured_media":13907,"comment_status":"open","ping_status":"closed","template":"","meta":{"_acf_changed":false,"_et_pb_use_builder":"","_et_pb_old_content":"","_et_gb_content_width":""},"product_brand":[],"product_cat":[19],"product_tag":[],"class_list":{"0":"post-13906","1":"product","2":"type-product","3":"status-publish","4":"has-post-thumbnail","6":"product_cat-alfar-ixbilia","8":"first","9":"instock","10":"taxable","11":"shipping-taxable","12":"purchasable","13":"product-type-simple"},"acf":[],"yoast_head":"<!-- This site is optimized with the Yoast SEO plugin v27.4 - https:\/\/yoast.com\/product\/yoast-seo-wordpress\/ -->\n<title>ANTOLOG\u00cdA DE LA POES\u00cdA FEMENINA MARROQU\u00cd - Ediciones Alfar<\/title>\n<meta name=\"robots\" content=\"index, follow, max-snippet:-1, max-image-preview:large, max-video-preview:-1\" \/>\n<link rel=\"canonical\" href=\"https:\/\/edicionesalfar.es\/es\/producto\/antologia-de-la-poesia-femenina-marroqui\/\" \/>\n<meta property=\"og:locale\" content=\"es_ES\" \/>\n<meta property=\"og:type\" content=\"article\" \/>\n<meta property=\"og:title\" content=\"ANTOLOG\u00cdA DE LA POES\u00cdA FEMENINA MARROQU\u00cd - Ediciones Alfar\" \/>\n<meta property=\"og:description\" content=\"Una selecci\u00f3n de la poes\u00eda femenina que se produce en Marruecos es la nueva apuesta de esta edici\u00f3n biling\u00fce \u00e1rabe-espa\u00f1ol para traspasar fronteras y mostrar el emergente lugar que viene ocupando la mujer en la cultura \u00e1rabe. \u00a0 &nbsp;\" \/>\n<meta property=\"og:url\" content=\"https:\/\/edicionesalfar.es\/es\/producto\/antologia-de-la-poesia-femenina-marroqui\/\" \/>\n<meta property=\"og:site_name\" content=\"Ediciones Alfar\" \/>\n<meta property=\"article:modified_time\" content=\"2024-11-09T12:53:01+00:00\" \/>\n<meta property=\"og:image\" content=\"https:\/\/edicionesalfar.es\/es\/wp-content\/uploads\/2019\/05\/web\/tienda_online\/img\/p\/1183-737-home.jpg\" \/>\n\t<meta property=\"og:image:width\" content=\"1\" \/>\n\t<meta property=\"og:image:height\" content=\"1\" \/>\n\t<meta property=\"og:image:type\" content=\"image\/jpeg\" \/>\n<meta name=\"twitter:card\" content=\"summary_large_image\" \/>\n<script type=\"application\/ld+json\" class=\"yoast-schema-graph\">{\"@context\":\"https:\\\/\\\/schema.org\",\"@graph\":[{\"@type\":\"WebPage\",\"@id\":\"https:\\\/\\\/edicionesalfar.es\\\/es\\\/producto\\\/antologia-de-la-poesia-femenina-marroqui\\\/\",\"url\":\"https:\\\/\\\/edicionesalfar.es\\\/es\\\/producto\\\/antologia-de-la-poesia-femenina-marroqui\\\/\",\"name\":\"ANTOLOG\u00cdA DE LA POES\u00cdA FEMENINA MARROQU\u00cd - Ediciones Alfar\",\"isPartOf\":{\"@id\":\"https:\\\/\\\/edicionesalfar.es\\\/es\\\/#website\"},\"primaryImageOfPage\":{\"@id\":\"https:\\\/\\\/edicionesalfar.es\\\/es\\\/producto\\\/antologia-de-la-poesia-femenina-marroqui\\\/#primaryimage\"},\"image\":{\"@id\":\"https:\\\/\\\/edicionesalfar.es\\\/es\\\/producto\\\/antologia-de-la-poesia-femenina-marroqui\\\/#primaryimage\"},\"thumbnailUrl\":\"https:\\\/\\\/edicionesalfar.es\\\/es\\\/wp-content\\\/uploads\\\/2019\\\/05\\\/web\\\/tienda_online\\\/img\\\/p\\\/1183-737-home.jpg\",\"datePublished\":\"2019-07-11T05:50:49+00:00\",\"dateModified\":\"2024-11-09T12:53:01+00:00\",\"breadcrumb\":{\"@id\":\"https:\\\/\\\/edicionesalfar.es\\\/es\\\/producto\\\/antologia-de-la-poesia-femenina-marroqui\\\/#breadcrumb\"},\"inLanguage\":\"es\",\"potentialAction\":[{\"@type\":\"ReadAction\",\"target\":[\"https:\\\/\\\/edicionesalfar.es\\\/es\\\/producto\\\/antologia-de-la-poesia-femenina-marroqui\\\/\"]}]},{\"@type\":\"ImageObject\",\"inLanguage\":\"es\",\"@id\":\"https:\\\/\\\/edicionesalfar.es\\\/es\\\/producto\\\/antologia-de-la-poesia-femenina-marroqui\\\/#primaryimage\",\"url\":\"https:\\\/\\\/edicionesalfar.es\\\/es\\\/wp-content\\\/uploads\\\/2019\\\/05\\\/web\\\/tienda_online\\\/img\\\/p\\\/1183-737-home.jpg\",\"contentUrl\":\"https:\\\/\\\/edicionesalfar.es\\\/es\\\/wp-content\\\/uploads\\\/2019\\\/05\\\/web\\\/tienda_online\\\/img\\\/p\\\/1183-737-home.jpg\"},{\"@type\":\"BreadcrumbList\",\"@id\":\"https:\\\/\\\/edicionesalfar.es\\\/es\\\/producto\\\/antologia-de-la-poesia-femenina-marroqui\\\/#breadcrumb\",\"itemListElement\":[{\"@type\":\"ListItem\",\"position\":1,\"name\":\"Portada\",\"item\":\"https:\\\/\\\/edicionesalfar.es\\\/es\\\/\"},{\"@type\":\"ListItem\",\"position\":2,\"name\":\"Cat\u00e1logo\",\"item\":\"https:\\\/\\\/edicionesalfar.es\\\/es\\\/catalogo\\\/\"},{\"@type\":\"ListItem\",\"position\":3,\"name\":\"ANTOLOG\u00cdA DE LA POES\u00cdA FEMENINA MARROQU\u00cd\"}]},{\"@type\":\"WebSite\",\"@id\":\"https:\\\/\\\/edicionesalfar.es\\\/es\\\/#website\",\"url\":\"https:\\\/\\\/edicionesalfar.es\\\/es\\\/\",\"name\":\"Ediciones Alfar\",\"description\":\"\",\"potentialAction\":[{\"@type\":\"SearchAction\",\"target\":{\"@type\":\"EntryPoint\",\"urlTemplate\":\"https:\\\/\\\/edicionesalfar.es\\\/es\\\/?s={search_term_string}\"},\"query-input\":{\"@type\":\"PropertyValueSpecification\",\"valueRequired\":true,\"valueName\":\"search_term_string\"}}],\"inLanguage\":\"es\"}]}<\/script>\n<!-- \/ Yoast SEO plugin. -->","yoast_head_json":{"title":"ANTOLOG\u00cdA DE LA POES\u00cdA FEMENINA MARROQU\u00cd - Ediciones Alfar","robots":{"index":"index","follow":"follow","max-snippet":"max-snippet:-1","max-image-preview":"max-image-preview:large","max-video-preview":"max-video-preview:-1"},"canonical":"https:\/\/edicionesalfar.es\/es\/producto\/antologia-de-la-poesia-femenina-marroqui\/","og_locale":"es_ES","og_type":"article","og_title":"ANTOLOG\u00cdA DE LA POES\u00cdA FEMENINA MARROQU\u00cd - Ediciones Alfar","og_description":"Una selecci\u00f3n de la poes\u00eda femenina que se produce en Marruecos es la nueva apuesta de esta edici\u00f3n biling\u00fce \u00e1rabe-espa\u00f1ol para traspasar fronteras y mostrar el emergente lugar que viene ocupando la mujer en la cultura \u00e1rabe. \u00a0 &nbsp;","og_url":"https:\/\/edicionesalfar.es\/es\/producto\/antologia-de-la-poesia-femenina-marroqui\/","og_site_name":"Ediciones Alfar","article_modified_time":"2024-11-09T12:53:01+00:00","og_image":[{"url":"https:\/\/edicionesalfar.es\/es\/wp-content\/uploads\/2019\/05\/web\/tienda_online\/img\/p\/1183-737-home.jpg","width":1,"height":1,"type":"image\/jpeg"}],"twitter_card":"summary_large_image","schema":{"@context":"https:\/\/schema.org","@graph":[{"@type":"WebPage","@id":"https:\/\/edicionesalfar.es\/es\/producto\/antologia-de-la-poesia-femenina-marroqui\/","url":"https:\/\/edicionesalfar.es\/es\/producto\/antologia-de-la-poesia-femenina-marroqui\/","name":"ANTOLOG\u00cdA DE LA POES\u00cdA FEMENINA MARROQU\u00cd - Ediciones Alfar","isPartOf":{"@id":"https:\/\/edicionesalfar.es\/es\/#website"},"primaryImageOfPage":{"@id":"https:\/\/edicionesalfar.es\/es\/producto\/antologia-de-la-poesia-femenina-marroqui\/#primaryimage"},"image":{"@id":"https:\/\/edicionesalfar.es\/es\/producto\/antologia-de-la-poesia-femenina-marroqui\/#primaryimage"},"thumbnailUrl":"https:\/\/edicionesalfar.es\/es\/wp-content\/uploads\/2019\/05\/web\/tienda_online\/img\/p\/1183-737-home.jpg","datePublished":"2019-07-11T05:50:49+00:00","dateModified":"2024-11-09T12:53:01+00:00","breadcrumb":{"@id":"https:\/\/edicionesalfar.es\/es\/producto\/antologia-de-la-poesia-femenina-marroqui\/#breadcrumb"},"inLanguage":"es","potentialAction":[{"@type":"ReadAction","target":["https:\/\/edicionesalfar.es\/es\/producto\/antologia-de-la-poesia-femenina-marroqui\/"]}]},{"@type":"ImageObject","inLanguage":"es","@id":"https:\/\/edicionesalfar.es\/es\/producto\/antologia-de-la-poesia-femenina-marroqui\/#primaryimage","url":"https:\/\/edicionesalfar.es\/es\/wp-content\/uploads\/2019\/05\/web\/tienda_online\/img\/p\/1183-737-home.jpg","contentUrl":"https:\/\/edicionesalfar.es\/es\/wp-content\/uploads\/2019\/05\/web\/tienda_online\/img\/p\/1183-737-home.jpg"},{"@type":"BreadcrumbList","@id":"https:\/\/edicionesalfar.es\/es\/producto\/antologia-de-la-poesia-femenina-marroqui\/#breadcrumb","itemListElement":[{"@type":"ListItem","position":1,"name":"Portada","item":"https:\/\/edicionesalfar.es\/es\/"},{"@type":"ListItem","position":2,"name":"Cat\u00e1logo","item":"https:\/\/edicionesalfar.es\/es\/catalogo\/"},{"@type":"ListItem","position":3,"name":"ANTOLOG\u00cdA DE LA POES\u00cdA FEMENINA MARROQU\u00cd"}]},{"@type":"WebSite","@id":"https:\/\/edicionesalfar.es\/es\/#website","url":"https:\/\/edicionesalfar.es\/es\/","name":"Ediciones Alfar","description":"","potentialAction":[{"@type":"SearchAction","target":{"@type":"EntryPoint","urlTemplate":"https:\/\/edicionesalfar.es\/es\/?s={search_term_string}"},"query-input":{"@type":"PropertyValueSpecification","valueRequired":true,"valueName":"search_term_string"}}],"inLanguage":"es"}]}},"_links":{"self":[{"href":"https:\/\/edicionesalfar.es\/es\/wp-json\/wp\/v2\/product\/13906","targetHints":{"allow":["GET"]}}],"collection":[{"href":"https:\/\/edicionesalfar.es\/es\/wp-json\/wp\/v2\/product"}],"about":[{"href":"https:\/\/edicionesalfar.es\/es\/wp-json\/wp\/v2\/types\/product"}],"replies":[{"embeddable":true,"href":"https:\/\/edicionesalfar.es\/es\/wp-json\/wp\/v2\/comments?post=13906"}],"wp:featuredmedia":[{"embeddable":true,"href":"https:\/\/edicionesalfar.es\/es\/wp-json\/wp\/v2\/media\/13907"}],"wp:attachment":[{"href":"https:\/\/edicionesalfar.es\/es\/wp-json\/wp\/v2\/media?parent=13906"}],"wp:term":[{"taxonomy":"product_brand","embeddable":true,"href":"https:\/\/edicionesalfar.es\/es\/wp-json\/wp\/v2\/product_brand?post=13906"},{"taxonomy":"product_cat","embeddable":true,"href":"https:\/\/edicionesalfar.es\/es\/wp-json\/wp\/v2\/product_cat?post=13906"},{"taxonomy":"product_tag","embeddable":true,"href":"https:\/\/edicionesalfar.es\/es\/wp-json\/wp\/v2\/product_tag?post=13906"}],"curies":[{"name":"wp","href":"https:\/\/api.w.org\/{rel}","templated":true}]}}