{"id":13894,"date":"2019-07-11T05:50:43","date_gmt":"2019-07-11T05:50:43","guid":{"rendered":"http:\/\/www.edicionesalfar.es\/web-wordpress\/?post_type=product&#038;#021;p="},"modified":"2019-07-11T08:22:11","modified_gmt":"2019-07-11T06:22:11","slug":"narraciones-anecdoticas-de-don-francisco-rodriguez-marin","status":"publish","type":"product","link":"https:\/\/edicionesalfar.es\/es\/producto\/narraciones-anecdoticas-de-don-francisco-rodriguez-marin\/","title":{"rendered":"NARRACIONES ANECD\u00d3TICAS DE DON FRANCISCO RODR\u00cdGUEZ MAR\u00cdN"},"content":{"rendered":"<p>NARRACIONES ANECD\u00d3TICAS DE DON FRANCISCO RODR\u00cdGUEZ MAR\u00cdN<\/p>\n","protected":false},"excerpt":{"rendered":"<p><span style=\"font-size: 10pt;\"><span style=\"font-family: georgia,palatino;\">Esta obra muestra un amplio panorama argumental de los relatos de don Francisco Rodr\u00edguez Mar\u00edn, para incidir despu\u00e9s en el an\u00e1lisis de sus estructuras formales y conceptuales. El trabajo se completa con una antolog\u00eda de relatos y una sugerencia de aplicaci\u00f3n pedag\u00f3gica.<\/span><\/span><\/p>\n<p><a href=\"http:\/\/digital.casalini.it\/9788478983384\" target=\"_blank\" rel=\"noopener noreferrer\"><span style=\"color: #0358a8;\"><img decoding=\"async\" style=\"padding: 0px; margin: 0px; border: initial none initial;\" src=\"http:\/\/www.edicionesalfar.es\/logo_casalini.JPG\" alt=\"\" width=\"200\" \/><\/span> DISPONIBLE EN CASALINI (EBOOK + CAP\u00cdTULOS)<\/a><\/p>\n<p><a href=\"http:\/\/www.futurbook.com\/ficha\/ficha.asp?ID_LIBRO=235\" target=\"_blank\" rel=\"noopener noreferrer\"><img decoding=\"async\" style=\"padding: 0px; margin: 0px; border: initial none initial;\" src=\"..\/logo_Naranja_small.jpg\" alt=\"\" width=\"150\" \/><\/a><span style=\"font-size: 8pt;\"><span style=\"color: #3366ff;\"><a href=\"http:\/\/www.futurbook.com\/ficha\/ficha.asp?ID_LIBRO=235\" target=\"_blank\" rel=\"noopener noreferrer\">DISPONIBLE EN\u00a0FUTURBOOK.COM<\/a><\/span><\/span><\/p>\n","protected":false},"featured_media":14859,"comment_status":"open","ping_status":"closed","template":"","meta":{"_acf_changed":false,"_et_pb_use_builder":"","_et_pb_old_content":"","_et_gb_content_width":""},"product_brand":[],"product_cat":[21],"product_tag":[],"class_list":{"0":"post-13894","1":"product","2":"type-product","3":"status-publish","4":"has-post-thumbnail","6":"product_cat-estudios-literarios","8":"first","9":"instock","10":"taxable","11":"shipping-taxable","12":"purchasable","13":"product-type-simple"},"acf":[],"yoast_head":"<!-- This site is optimized with the Yoast SEO plugin v27.5 - https:\/\/yoast.com\/product\/yoast-seo-wordpress\/ -->\n<title>NARRACIONES ANECD\u00d3TICAS DE DON FRANCISCO RODR\u00cdGUEZ MAR\u00cdN - Ediciones Alfar<\/title>\n<meta name=\"robots\" content=\"index, follow, max-snippet:-1, max-image-preview:large, max-video-preview:-1\" \/>\n<link rel=\"canonical\" href=\"https:\/\/edicionesalfar.es\/es\/producto\/narraciones-anecdoticas-de-don-francisco-rodriguez-marin\/\" \/>\n<meta property=\"og:locale\" content=\"es_ES\" \/>\n<meta property=\"og:type\" content=\"article\" \/>\n<meta property=\"og:title\" content=\"NARRACIONES ANECD\u00d3TICAS DE DON FRANCISCO RODR\u00cdGUEZ MAR\u00cdN - Ediciones Alfar\" \/>\n<meta property=\"og:description\" content=\"Esta obra muestra un amplio panorama argumental de los relatos de don Francisco Rodr\u00edguez Mar\u00edn, para incidir despu\u00e9s en el an\u00e1lisis de sus estructuras formales y conceptuales. El trabajo se completa con una antolog\u00eda de relatos y una sugerencia de aplicaci\u00f3n pedag\u00f3gica.   DISPONIBLE EN CASALINI (EBOOK + CAP\u00cdTULOS)  DISPONIBLE EN\u00a0FUTURBOOK.COM\" \/>\n<meta property=\"og:url\" content=\"https:\/\/edicionesalfar.es\/es\/producto\/narraciones-anecdoticas-de-don-francisco-rodriguez-marin\/\" \/>\n<meta property=\"og:site_name\" content=\"Ediciones Alfar\" \/>\n<meta property=\"article:modified_time\" content=\"2019-07-11T06:22:11+00:00\" \/>\n<meta property=\"og:image\" content=\"https:\/\/edicionesalfar.es\/es\/wp-content\/uploads\/2019\/07\/9788478982509.jpg\" \/>\n\t<meta property=\"og:image:width\" content=\"143\" \/>\n\t<meta property=\"og:image:height\" content=\"207\" \/>\n\t<meta property=\"og:image:type\" content=\"image\/jpeg\" \/>\n<meta name=\"twitter:card\" content=\"summary_large_image\" \/>\n<script type=\"application\/ld+json\" class=\"yoast-schema-graph\">{\"@context\":\"https:\\\/\\\/schema.org\",\"@graph\":[{\"@type\":\"WebPage\",\"@id\":\"https:\\\/\\\/edicionesalfar.es\\\/es\\\/producto\\\/narraciones-anecdoticas-de-don-francisco-rodriguez-marin\\\/\",\"url\":\"https:\\\/\\\/edicionesalfar.es\\\/es\\\/producto\\\/narraciones-anecdoticas-de-don-francisco-rodriguez-marin\\\/\",\"name\":\"NARRACIONES ANECD\u00d3TICAS DE DON FRANCISCO RODR\u00cdGUEZ MAR\u00cdN - Ediciones Alfar\",\"isPartOf\":{\"@id\":\"https:\\\/\\\/edicionesalfar.es\\\/es\\\/#website\"},\"primaryImageOfPage\":{\"@id\":\"https:\\\/\\\/edicionesalfar.es\\\/es\\\/producto\\\/narraciones-anecdoticas-de-don-francisco-rodriguez-marin\\\/#primaryimage\"},\"image\":{\"@id\":\"https:\\\/\\\/edicionesalfar.es\\\/es\\\/producto\\\/narraciones-anecdoticas-de-don-francisco-rodriguez-marin\\\/#primaryimage\"},\"thumbnailUrl\":\"https:\\\/\\\/edicionesalfar.es\\\/es\\\/wp-content\\\/uploads\\\/2019\\\/07\\\/9788478982509.jpg\",\"datePublished\":\"2019-07-11T05:50:43+00:00\",\"dateModified\":\"2019-07-11T06:22:11+00:00\",\"breadcrumb\":{\"@id\":\"https:\\\/\\\/edicionesalfar.es\\\/es\\\/producto\\\/narraciones-anecdoticas-de-don-francisco-rodriguez-marin\\\/#breadcrumb\"},\"inLanguage\":\"es\",\"potentialAction\":[{\"@type\":\"ReadAction\",\"target\":[\"https:\\\/\\\/edicionesalfar.es\\\/es\\\/producto\\\/narraciones-anecdoticas-de-don-francisco-rodriguez-marin\\\/\"]}]},{\"@type\":\"ImageObject\",\"inLanguage\":\"es\",\"@id\":\"https:\\\/\\\/edicionesalfar.es\\\/es\\\/producto\\\/narraciones-anecdoticas-de-don-francisco-rodriguez-marin\\\/#primaryimage\",\"url\":\"https:\\\/\\\/edicionesalfar.es\\\/es\\\/wp-content\\\/uploads\\\/2019\\\/07\\\/9788478982509.jpg\",\"contentUrl\":\"https:\\\/\\\/edicionesalfar.es\\\/es\\\/wp-content\\\/uploads\\\/2019\\\/07\\\/9788478982509.jpg\",\"width\":143,\"height\":207},{\"@type\":\"BreadcrumbList\",\"@id\":\"https:\\\/\\\/edicionesalfar.es\\\/es\\\/producto\\\/narraciones-anecdoticas-de-don-francisco-rodriguez-marin\\\/#breadcrumb\",\"itemListElement\":[{\"@type\":\"ListItem\",\"position\":1,\"name\":\"Portada\",\"item\":\"https:\\\/\\\/edicionesalfar.es\\\/es\\\/\"},{\"@type\":\"ListItem\",\"position\":2,\"name\":\"Cat\u00e1logo\",\"item\":\"https:\\\/\\\/edicionesalfar.es\\\/es\\\/catalogo\\\/\"},{\"@type\":\"ListItem\",\"position\":3,\"name\":\"NARRACIONES ANECD\u00d3TICAS DE DON FRANCISCO RODR\u00cdGUEZ MAR\u00cdN\"}]},{\"@type\":\"WebSite\",\"@id\":\"https:\\\/\\\/edicionesalfar.es\\\/es\\\/#website\",\"url\":\"https:\\\/\\\/edicionesalfar.es\\\/es\\\/\",\"name\":\"Ediciones Alfar\",\"description\":\"\",\"potentialAction\":[{\"@type\":\"SearchAction\",\"target\":{\"@type\":\"EntryPoint\",\"urlTemplate\":\"https:\\\/\\\/edicionesalfar.es\\\/es\\\/?s={search_term_string}\"},\"query-input\":{\"@type\":\"PropertyValueSpecification\",\"valueRequired\":true,\"valueName\":\"search_term_string\"}}],\"inLanguage\":\"es\"}]}<\/script>\n<!-- \/ Yoast SEO plugin. -->","yoast_head_json":{"title":"NARRACIONES ANECD\u00d3TICAS DE DON FRANCISCO RODR\u00cdGUEZ MAR\u00cdN - Ediciones Alfar","robots":{"index":"index","follow":"follow","max-snippet":"max-snippet:-1","max-image-preview":"max-image-preview:large","max-video-preview":"max-video-preview:-1"},"canonical":"https:\/\/edicionesalfar.es\/es\/producto\/narraciones-anecdoticas-de-don-francisco-rodriguez-marin\/","og_locale":"es_ES","og_type":"article","og_title":"NARRACIONES ANECD\u00d3TICAS DE DON FRANCISCO RODR\u00cdGUEZ MAR\u00cdN - Ediciones Alfar","og_description":"Esta obra muestra un amplio panorama argumental de los relatos de don Francisco Rodr\u00edguez Mar\u00edn, para incidir despu\u00e9s en el an\u00e1lisis de sus estructuras formales y conceptuales. El trabajo se completa con una antolog\u00eda de relatos y una sugerencia de aplicaci\u00f3n pedag\u00f3gica.   DISPONIBLE EN CASALINI (EBOOK + CAP\u00cdTULOS)  DISPONIBLE EN\u00a0FUTURBOOK.COM","og_url":"https:\/\/edicionesalfar.es\/es\/producto\/narraciones-anecdoticas-de-don-francisco-rodriguez-marin\/","og_site_name":"Ediciones Alfar","article_modified_time":"2019-07-11T06:22:11+00:00","og_image":[{"width":143,"height":207,"url":"https:\/\/edicionesalfar.es\/es\/wp-content\/uploads\/2019\/07\/9788478982509.jpg","type":"image\/jpeg"}],"twitter_card":"summary_large_image","schema":{"@context":"https:\/\/schema.org","@graph":[{"@type":"WebPage","@id":"https:\/\/edicionesalfar.es\/es\/producto\/narraciones-anecdoticas-de-don-francisco-rodriguez-marin\/","url":"https:\/\/edicionesalfar.es\/es\/producto\/narraciones-anecdoticas-de-don-francisco-rodriguez-marin\/","name":"NARRACIONES ANECD\u00d3TICAS DE DON FRANCISCO RODR\u00cdGUEZ MAR\u00cdN - Ediciones Alfar","isPartOf":{"@id":"https:\/\/edicionesalfar.es\/es\/#website"},"primaryImageOfPage":{"@id":"https:\/\/edicionesalfar.es\/es\/producto\/narraciones-anecdoticas-de-don-francisco-rodriguez-marin\/#primaryimage"},"image":{"@id":"https:\/\/edicionesalfar.es\/es\/producto\/narraciones-anecdoticas-de-don-francisco-rodriguez-marin\/#primaryimage"},"thumbnailUrl":"https:\/\/edicionesalfar.es\/es\/wp-content\/uploads\/2019\/07\/9788478982509.jpg","datePublished":"2019-07-11T05:50:43+00:00","dateModified":"2019-07-11T06:22:11+00:00","breadcrumb":{"@id":"https:\/\/edicionesalfar.es\/es\/producto\/narraciones-anecdoticas-de-don-francisco-rodriguez-marin\/#breadcrumb"},"inLanguage":"es","potentialAction":[{"@type":"ReadAction","target":["https:\/\/edicionesalfar.es\/es\/producto\/narraciones-anecdoticas-de-don-francisco-rodriguez-marin\/"]}]},{"@type":"ImageObject","inLanguage":"es","@id":"https:\/\/edicionesalfar.es\/es\/producto\/narraciones-anecdoticas-de-don-francisco-rodriguez-marin\/#primaryimage","url":"https:\/\/edicionesalfar.es\/es\/wp-content\/uploads\/2019\/07\/9788478982509.jpg","contentUrl":"https:\/\/edicionesalfar.es\/es\/wp-content\/uploads\/2019\/07\/9788478982509.jpg","width":143,"height":207},{"@type":"BreadcrumbList","@id":"https:\/\/edicionesalfar.es\/es\/producto\/narraciones-anecdoticas-de-don-francisco-rodriguez-marin\/#breadcrumb","itemListElement":[{"@type":"ListItem","position":1,"name":"Portada","item":"https:\/\/edicionesalfar.es\/es\/"},{"@type":"ListItem","position":2,"name":"Cat\u00e1logo","item":"https:\/\/edicionesalfar.es\/es\/catalogo\/"},{"@type":"ListItem","position":3,"name":"NARRACIONES ANECD\u00d3TICAS DE DON FRANCISCO RODR\u00cdGUEZ MAR\u00cdN"}]},{"@type":"WebSite","@id":"https:\/\/edicionesalfar.es\/es\/#website","url":"https:\/\/edicionesalfar.es\/es\/","name":"Ediciones Alfar","description":"","potentialAction":[{"@type":"SearchAction","target":{"@type":"EntryPoint","urlTemplate":"https:\/\/edicionesalfar.es\/es\/?s={search_term_string}"},"query-input":{"@type":"PropertyValueSpecification","valueRequired":true,"valueName":"search_term_string"}}],"inLanguage":"es"}]}},"_links":{"self":[{"href":"https:\/\/edicionesalfar.es\/es\/wp-json\/wp\/v2\/product\/13894","targetHints":{"allow":["GET"]}}],"collection":[{"href":"https:\/\/edicionesalfar.es\/es\/wp-json\/wp\/v2\/product"}],"about":[{"href":"https:\/\/edicionesalfar.es\/es\/wp-json\/wp\/v2\/types\/product"}],"replies":[{"embeddable":true,"href":"https:\/\/edicionesalfar.es\/es\/wp-json\/wp\/v2\/comments?post=13894"}],"wp:featuredmedia":[{"embeddable":true,"href":"https:\/\/edicionesalfar.es\/es\/wp-json\/wp\/v2\/media\/14859"}],"wp:attachment":[{"href":"https:\/\/edicionesalfar.es\/es\/wp-json\/wp\/v2\/media?parent=13894"}],"wp:term":[{"taxonomy":"product_brand","embeddable":true,"href":"https:\/\/edicionesalfar.es\/es\/wp-json\/wp\/v2\/product_brand?post=13894"},{"taxonomy":"product_cat","embeddable":true,"href":"https:\/\/edicionesalfar.es\/es\/wp-json\/wp\/v2\/product_cat?post=13894"},{"taxonomy":"product_tag","embeddable":true,"href":"https:\/\/edicionesalfar.es\/es\/wp-json\/wp\/v2\/product_tag?post=13894"}],"curies":[{"name":"wp","href":"https:\/\/api.w.org\/{rel}","templated":true}]}}