{"id":13702,"date":"2019-07-11T05:49:06","date_gmt":"2019-07-11T05:49:06","guid":{"rendered":"http:\/\/www.edicionesalfar.es\/web-wordpress\/?post_type=product\\&#021;p="},"modified":"-0001-11-30T00:00:00","modified_gmt":"-0001-11-29T22:00:00","slug":"tres-novelas-de-luis-goytisolo-forma-y-sentido-en-mzungo-placer-licuante-y-escalera-hacia-el-cielo","status":"publish","type":"product","link":"https:\/\/edicionesalfar.es\/es\/producto\/tres-novelas-de-luis-goytisolo-forma-y-sentido-en-mzungo-placer-licuante-y-escalera-hacia-el-cielo\/","title":{"rendered":"TRES NOVELAS DE LUIS GOYTISOLO. Forma y sentido en Mzungo, Placer licuante y Escalera hacia el cielo."},"content":{"rendered":"<p>TRES NOVELAS DE LUIS GOYTISOLO. Forma y sentido en Mzungo, Placer licuante y Escalera hacia el cielo.<\/p>\n","protected":false},"excerpt":{"rendered":"<p><span style=\"font-size: 10pt;\"><span style=\"font-family: georgia,palatino;\">En  esta obra el autor aborda en profundidad el estudio de estas tres obras,  contextualizando el panorama narrativo al que pertenecen y analizando estas  obras desde una oportuna actualizaci\u00f3n cient\u00edfica y s\u00edntesis operativa, de modo  que nos ofrece varios libros en un solo. <\/span><\/span><\/p>\n<p align=\"justify\"><a target=\"_blank\" href=\"http:\/\/www.todoebook.com\/TRES-NOVELAS-DE-LUIS-GOYTISOLO-ebook-8478982302.html\"><span style=\"font-family: Book Antiqua,Times New Roman,Times;\"><span lang=\"ES\"><span style=\"font-size: x-small;\"><img decoding=\"async\" src=\"..\/logo-todoebook.gif\" \/><\/span><\/span><\/span><\/a><a href=\"http:\/\/www.todoebook.com\/TRES-NOVELAS-DE-LUIS-GOYTISOLO-ebook-8478982302.html\"><span style=\"font-size: 10pt;\">D<\/span>ISPONIBLE  EN TODOEBOOK<\/a><\/p>\n<p align=\"justify\">\u00a0<\/p>\n<p align=\"justify\"><a href=\"http:\/\/www.biblioandalucia.com\/LIBRO-TRES-NOVELAS-DE-LUIS-GOYTISOLO-RUIZ-RUBIO_-FEDERICO_8478982302.html\" target=\"_blank\"><img decoding=\"async\" width=\"100\" src=\"..\/biblioandalucia.gif\" \/> <\/a><a target=\"_blank\" href=\"http:\/\/www.biblioandalucia.com\/LIBRO-TRES-NOVELAS-DE-LUIS-GOYTISOLO-RUIZ-RUBIO_-FEDERICO_8478982302.html\"><span style=\"font-family: Book Antiqua,Times New Roman,Times;\"><span lang=\"ES\"><span style=\"font-size: x-small;\"> <\/span><\/span><\/span><\/a><a href=\"http:\/\/www.biblioandalucia.com\/LIBRO-TRES-NOVELAS-DE-LUIS-GOYTISOLO-RUIZ-RUBIO_-FEDERICO_8478982302.html\" target=\"_blank\"><span style=\"font-size: 10pt;\">D<\/span>ISPONIBLE  EN BIBLIOANDALUCIA<\/a><\/p>\n<p><a href=\"http:\/\/www.casadellibro.com\/libro-tres-novelas-de-luis-goytisolo-forma-y-sentido-en-mzungo-placer-licuante-y-escalera-hacia-el-cielo\/1028640\/2900001054813\" target=\"_blank\"><span style=\"font-size: 8pt;\"><br \/><\/span><\/a><\/p>\n<p><a href=\"http:\/\/www.casadellibro.com\/libro-tres-novelas-de-luis-goytisolo-forma-y-sentido-en-mzungo-placer-licuante-y-escalera-hacia-el-cielo\/1028640\/2900001054813\" target=\"_blank\"><span style=\"font-size: 8pt;\"><strong><strong><img decoding=\"async\" height=\"25\" width=\"171\" style=\"margin: 5px; float: left;\" src=\"..\/logo.gif\" \/><\/strong><\/strong> <\/span><\/a><\/p>\n<p><a href=\"http:\/\/www.casadellibro.com\/libro-tres-novelas-de-luis-goytisolo-forma-y-sentido-en-mzungo-placer-licuante-y-escalera-hacia-el-cielo\/1028640\/2900001054813\" target=\"_blank\"><span style=\"font-size: 8pt;\"> <span style=\"color: #3366ff;\">DISPONIBLE EN CASADELLIBRO<\/span><\/span><\/a><\/p>\n<p><span style=\"font-size: 8pt;\"><span style=\"color: #3366ff;\"><br \/><\/span><\/span><\/p>\n<p><span style=\"font-size: 8pt;\"><br \/><\/span><\/p>\n<p><span style=\"font-size: 8pt;\"><a href=\"http:\/\/gandhi.publidisa.com\/TRES-NOVELAS-DE-LUIS-GOYTISOLO-ebooks-8478982302.html\" target=\"_blank\"><img decoding=\"async\" height=\"37\" width=\"135\" src=\"..\/gandhi-esfuerzan.jpg \" \/> <span style=\"color: #3366ff;\">DISPONIBLE EN GANDHI<\/span><\/a> <span style=\"color: #3366ff;\"> <\/span><\/span><\/p>\n<p><span style=\"font-size: 8pt;\"><br \/><\/span><\/p>\n<p><span style=\"font-size: 8pt;\"> <\/span><a href=\"http:\/\/ebooks.elcorteingles.es\/TRES-NOVELAS-DE-LUIS-GOYTISOLO-LibroEbook-8478982302.html\" target=\"_blank\"><strong><strong><img decoding=\"async\" height=\"69\" width=\"126\" src=\"..\/elcorteingles.jpg\" \/> <\/strong><\/strong><span style=\"font-size: 8pt;\"><span style=\"font-family: Book Antiqua,Times New Roman,Times;\"><span style=\"font-family: Arial;\"><span style=\"color: #3366ff;\"> <\/span><\/span><\/span><span style=\"font-family: Book Antiqua,Times New Roman,Times;\"><span style=\"font-family: Arial;\"> <\/span><\/span><span style=\"color: #3366ff;\">DISPONIBLE EN EL CORTE INGLES<\/span><\/span><\/a><\/p>\n","protected":false},"featured_media":13703,"comment_status":"open","ping_status":"open","template":"","meta":{"_acf_changed":false,"_et_pb_use_builder":"","_et_pb_old_content":"","_et_gb_content_width":""},"product_brand":[],"product_cat":[21],"product_tag":[],"class_list":{"0":"post-13702","1":"product","2":"type-product","3":"status-publish","4":"has-post-thumbnail","6":"product_cat-estudios-literarios","8":"first","9":"instock","10":"taxable","11":"shipping-taxable","12":"purchasable","13":"product-type-simple"},"acf":[],"yoast_head":"<!-- This site is optimized with the Yoast SEO plugin v27.4 - https:\/\/yoast.com\/product\/yoast-seo-wordpress\/ -->\n<title>TRES NOVELAS DE LUIS GOYTISOLO. Forma y sentido en Mzungo, Placer licuante y Escalera hacia el cielo.                   - Ediciones Alfar<\/title>\n<meta name=\"robots\" content=\"index, follow, max-snippet:-1, max-image-preview:large, max-video-preview:-1\" \/>\n<link rel=\"canonical\" href=\"https:\/\/edicionesalfar.es\/es\/producto\/tres-novelas-de-luis-goytisolo-forma-y-sentido-en-mzungo-placer-licuante-y-escalera-hacia-el-cielo\/\" \/>\n<meta property=\"og:locale\" content=\"es_ES\" \/>\n<meta property=\"og:type\" content=\"article\" \/>\n<meta property=\"og:title\" content=\"TRES NOVELAS DE LUIS GOYTISOLO. Forma y sentido en Mzungo, Placer licuante y Escalera hacia el cielo.                   - Ediciones Alfar\" \/>\n<meta property=\"og:description\" content=\"En esta obra el autor aborda en profundidad el estudio de estas tres obras, contextualizando el panorama narrativo al que pertenecen y analizando estas obras desde una oportuna actualizaci\u00f3n cient\u00edfica y s\u00edntesis operativa, de modo que nos ofrece varios libros en un solo. DISPONIBLE EN TODOEBOOK \u00a0  DISPONIBLE EN BIBLIOANDALUCIA   DISPONIBLE EN CASADELLIBRO  DISPONIBLE EN GANDHI    DISPONIBLE EN EL CORTE INGLES\" \/>\n<meta property=\"og:url\" content=\"https:\/\/edicionesalfar.es\/es\/producto\/tres-novelas-de-luis-goytisolo-forma-y-sentido-en-mzungo-placer-licuante-y-escalera-hacia-el-cielo\/\" \/>\n<meta property=\"og:site_name\" content=\"Ediciones Alfar\" \/>\n<meta property=\"og:image\" content=\"https:\/\/edicionesalfar.es\/es\/wp-content\/uploads\/2019\/05\/tres%20novelas.jpg\" \/>\n\t<meta property=\"og:image:width\" content=\"1\" \/>\n\t<meta property=\"og:image:height\" content=\"1\" \/>\n\t<meta property=\"og:image:type\" content=\"image\/jpeg\" \/>\n<meta name=\"twitter:card\" content=\"summary_large_image\" \/>\n<script type=\"application\/ld+json\" class=\"yoast-schema-graph\">{\"@context\":\"https:\\\/\\\/schema.org\",\"@graph\":[{\"@type\":\"WebPage\",\"@id\":\"https:\\\/\\\/edicionesalfar.es\\\/es\\\/producto\\\/tres-novelas-de-luis-goytisolo-forma-y-sentido-en-mzungo-placer-licuante-y-escalera-hacia-el-cielo\\\/\",\"url\":\"https:\\\/\\\/edicionesalfar.es\\\/es\\\/producto\\\/tres-novelas-de-luis-goytisolo-forma-y-sentido-en-mzungo-placer-licuante-y-escalera-hacia-el-cielo\\\/\",\"name\":\"TRES NOVELAS DE LUIS GOYTISOLO. Forma y sentido en Mzungo, Placer licuante y Escalera hacia el cielo. - Ediciones Alfar\",\"isPartOf\":{\"@id\":\"https:\\\/\\\/edicionesalfar.es\\\/es\\\/#website\"},\"primaryImageOfPage\":{\"@id\":\"https:\\\/\\\/edicionesalfar.es\\\/es\\\/producto\\\/tres-novelas-de-luis-goytisolo-forma-y-sentido-en-mzungo-placer-licuante-y-escalera-hacia-el-cielo\\\/#primaryimage\"},\"image\":{\"@id\":\"https:\\\/\\\/edicionesalfar.es\\\/es\\\/producto\\\/tres-novelas-de-luis-goytisolo-forma-y-sentido-en-mzungo-placer-licuante-y-escalera-hacia-el-cielo\\\/#primaryimage\"},\"thumbnailUrl\":\"https:\\\/\\\/edicionesalfar.es\\\/es\\\/wp-content\\\/uploads\\\/2019\\\/05\\\/tres novelas.jpg\",\"datePublished\":\"2019-07-11T05:49:06+00:00\",\"breadcrumb\":{\"@id\":\"https:\\\/\\\/edicionesalfar.es\\\/es\\\/producto\\\/tres-novelas-de-luis-goytisolo-forma-y-sentido-en-mzungo-placer-licuante-y-escalera-hacia-el-cielo\\\/#breadcrumb\"},\"inLanguage\":\"es\",\"potentialAction\":[{\"@type\":\"ReadAction\",\"target\":[\"https:\\\/\\\/edicionesalfar.es\\\/es\\\/producto\\\/tres-novelas-de-luis-goytisolo-forma-y-sentido-en-mzungo-placer-licuante-y-escalera-hacia-el-cielo\\\/\"]}]},{\"@type\":\"ImageObject\",\"inLanguage\":\"es\",\"@id\":\"https:\\\/\\\/edicionesalfar.es\\\/es\\\/producto\\\/tres-novelas-de-luis-goytisolo-forma-y-sentido-en-mzungo-placer-licuante-y-escalera-hacia-el-cielo\\\/#primaryimage\",\"url\":\"https:\\\/\\\/edicionesalfar.es\\\/es\\\/wp-content\\\/uploads\\\/2019\\\/05\\\/tres novelas.jpg\",\"contentUrl\":\"https:\\\/\\\/edicionesalfar.es\\\/es\\\/wp-content\\\/uploads\\\/2019\\\/05\\\/tres novelas.jpg\"},{\"@type\":\"BreadcrumbList\",\"@id\":\"https:\\\/\\\/edicionesalfar.es\\\/es\\\/producto\\\/tres-novelas-de-luis-goytisolo-forma-y-sentido-en-mzungo-placer-licuante-y-escalera-hacia-el-cielo\\\/#breadcrumb\",\"itemListElement\":[{\"@type\":\"ListItem\",\"position\":1,\"name\":\"Portada\",\"item\":\"https:\\\/\\\/edicionesalfar.es\\\/es\\\/\"},{\"@type\":\"ListItem\",\"position\":2,\"name\":\"Cat\u00e1logo\",\"item\":\"https:\\\/\\\/edicionesalfar.es\\\/es\\\/catalogo\\\/\"},{\"@type\":\"ListItem\",\"position\":3,\"name\":\"TRES NOVELAS DE LUIS GOYTISOLO. Forma y sentido en Mzungo, Placer licuante y Escalera hacia el cielo.\"}]},{\"@type\":\"WebSite\",\"@id\":\"https:\\\/\\\/edicionesalfar.es\\\/es\\\/#website\",\"url\":\"https:\\\/\\\/edicionesalfar.es\\\/es\\\/\",\"name\":\"Ediciones Alfar\",\"description\":\"\",\"potentialAction\":[{\"@type\":\"SearchAction\",\"target\":{\"@type\":\"EntryPoint\",\"urlTemplate\":\"https:\\\/\\\/edicionesalfar.es\\\/es\\\/?s={search_term_string}\"},\"query-input\":{\"@type\":\"PropertyValueSpecification\",\"valueRequired\":true,\"valueName\":\"search_term_string\"}}],\"inLanguage\":\"es\"}]}<\/script>\n<!-- \/ Yoast SEO plugin. -->","yoast_head_json":{"title":"TRES NOVELAS DE LUIS GOYTISOLO. Forma y sentido en Mzungo, Placer licuante y Escalera hacia el cielo.                   - Ediciones Alfar","robots":{"index":"index","follow":"follow","max-snippet":"max-snippet:-1","max-image-preview":"max-image-preview:large","max-video-preview":"max-video-preview:-1"},"canonical":"https:\/\/edicionesalfar.es\/es\/producto\/tres-novelas-de-luis-goytisolo-forma-y-sentido-en-mzungo-placer-licuante-y-escalera-hacia-el-cielo\/","og_locale":"es_ES","og_type":"article","og_title":"TRES NOVELAS DE LUIS GOYTISOLO. Forma y sentido en Mzungo, Placer licuante y Escalera hacia el cielo.                   - Ediciones Alfar","og_description":"En esta obra el autor aborda en profundidad el estudio de estas tres obras, contextualizando el panorama narrativo al que pertenecen y analizando estas obras desde una oportuna actualizaci\u00f3n cient\u00edfica y s\u00edntesis operativa, de modo que nos ofrece varios libros en un solo. DISPONIBLE EN TODOEBOOK \u00a0  DISPONIBLE EN BIBLIOANDALUCIA   DISPONIBLE EN CASADELLIBRO  DISPONIBLE EN GANDHI    DISPONIBLE EN EL CORTE INGLES","og_url":"https:\/\/edicionesalfar.es\/es\/producto\/tres-novelas-de-luis-goytisolo-forma-y-sentido-en-mzungo-placer-licuante-y-escalera-hacia-el-cielo\/","og_site_name":"Ediciones Alfar","og_image":[{"url":"https:\/\/edicionesalfar.es\/es\/wp-content\/uploads\/2019\/05\/tres novelas.jpg","width":1,"height":1,"type":"image\/jpeg"}],"twitter_card":"summary_large_image","schema":{"@context":"https:\/\/schema.org","@graph":[{"@type":"WebPage","@id":"https:\/\/edicionesalfar.es\/es\/producto\/tres-novelas-de-luis-goytisolo-forma-y-sentido-en-mzungo-placer-licuante-y-escalera-hacia-el-cielo\/","url":"https:\/\/edicionesalfar.es\/es\/producto\/tres-novelas-de-luis-goytisolo-forma-y-sentido-en-mzungo-placer-licuante-y-escalera-hacia-el-cielo\/","name":"TRES NOVELAS DE LUIS GOYTISOLO. Forma y sentido en Mzungo, Placer licuante y Escalera hacia el cielo. - Ediciones Alfar","isPartOf":{"@id":"https:\/\/edicionesalfar.es\/es\/#website"},"primaryImageOfPage":{"@id":"https:\/\/edicionesalfar.es\/es\/producto\/tres-novelas-de-luis-goytisolo-forma-y-sentido-en-mzungo-placer-licuante-y-escalera-hacia-el-cielo\/#primaryimage"},"image":{"@id":"https:\/\/edicionesalfar.es\/es\/producto\/tres-novelas-de-luis-goytisolo-forma-y-sentido-en-mzungo-placer-licuante-y-escalera-hacia-el-cielo\/#primaryimage"},"thumbnailUrl":"https:\/\/edicionesalfar.es\/es\/wp-content\/uploads\/2019\/05\/tres novelas.jpg","datePublished":"2019-07-11T05:49:06+00:00","breadcrumb":{"@id":"https:\/\/edicionesalfar.es\/es\/producto\/tres-novelas-de-luis-goytisolo-forma-y-sentido-en-mzungo-placer-licuante-y-escalera-hacia-el-cielo\/#breadcrumb"},"inLanguage":"es","potentialAction":[{"@type":"ReadAction","target":["https:\/\/edicionesalfar.es\/es\/producto\/tres-novelas-de-luis-goytisolo-forma-y-sentido-en-mzungo-placer-licuante-y-escalera-hacia-el-cielo\/"]}]},{"@type":"ImageObject","inLanguage":"es","@id":"https:\/\/edicionesalfar.es\/es\/producto\/tres-novelas-de-luis-goytisolo-forma-y-sentido-en-mzungo-placer-licuante-y-escalera-hacia-el-cielo\/#primaryimage","url":"https:\/\/edicionesalfar.es\/es\/wp-content\/uploads\/2019\/05\/tres novelas.jpg","contentUrl":"https:\/\/edicionesalfar.es\/es\/wp-content\/uploads\/2019\/05\/tres novelas.jpg"},{"@type":"BreadcrumbList","@id":"https:\/\/edicionesalfar.es\/es\/producto\/tres-novelas-de-luis-goytisolo-forma-y-sentido-en-mzungo-placer-licuante-y-escalera-hacia-el-cielo\/#breadcrumb","itemListElement":[{"@type":"ListItem","position":1,"name":"Portada","item":"https:\/\/edicionesalfar.es\/es\/"},{"@type":"ListItem","position":2,"name":"Cat\u00e1logo","item":"https:\/\/edicionesalfar.es\/es\/catalogo\/"},{"@type":"ListItem","position":3,"name":"TRES NOVELAS DE LUIS GOYTISOLO. Forma y sentido en Mzungo, Placer licuante y Escalera hacia el cielo."}]},{"@type":"WebSite","@id":"https:\/\/edicionesalfar.es\/es\/#website","url":"https:\/\/edicionesalfar.es\/es\/","name":"Ediciones Alfar","description":"","potentialAction":[{"@type":"SearchAction","target":{"@type":"EntryPoint","urlTemplate":"https:\/\/edicionesalfar.es\/es\/?s={search_term_string}"},"query-input":{"@type":"PropertyValueSpecification","valueRequired":true,"valueName":"search_term_string"}}],"inLanguage":"es"}]}},"_links":{"self":[{"href":"https:\/\/edicionesalfar.es\/es\/wp-json\/wp\/v2\/product\/13702","targetHints":{"allow":["GET"]}}],"collection":[{"href":"https:\/\/edicionesalfar.es\/es\/wp-json\/wp\/v2\/product"}],"about":[{"href":"https:\/\/edicionesalfar.es\/es\/wp-json\/wp\/v2\/types\/product"}],"replies":[{"embeddable":true,"href":"https:\/\/edicionesalfar.es\/es\/wp-json\/wp\/v2\/comments?post=13702"}],"wp:featuredmedia":[{"embeddable":true,"href":"https:\/\/edicionesalfar.es\/es\/wp-json\/wp\/v2\/media\/13703"}],"wp:attachment":[{"href":"https:\/\/edicionesalfar.es\/es\/wp-json\/wp\/v2\/media?parent=13702"}],"wp:term":[{"taxonomy":"product_brand","embeddable":true,"href":"https:\/\/edicionesalfar.es\/es\/wp-json\/wp\/v2\/product_brand?post=13702"},{"taxonomy":"product_cat","embeddable":true,"href":"https:\/\/edicionesalfar.es\/es\/wp-json\/wp\/v2\/product_cat?post=13702"},{"taxonomy":"product_tag","embeddable":true,"href":"https:\/\/edicionesalfar.es\/es\/wp-json\/wp\/v2\/product_tag?post=13702"}],"curies":[{"name":"wp","href":"https:\/\/api.w.org\/{rel}","templated":true}]}}