{"id":13680,"date":"2019-07-11T05:48:55","date_gmt":"2019-07-11T05:48:55","guid":{"rendered":"http:\/\/www.edicionesalfar.es\/web-wordpress\/?post_type=product&#038;#021;p="},"modified":"2022-12-30T09:25:08","modified_gmt":"2022-12-30T08:25:08","slug":"estudios-sobre-literatura-y-suicidio","status":"publish","type":"product","link":"https:\/\/edicionesalfar.es\/es\/producto\/estudios-sobre-literatura-y-suicidio\/","title":{"rendered":"ESTUDIOS SOBRE LITERATURA Y SUICIDIO"},"content":{"rendered":"<p>ESTUDIOS SOBRE LITERATURA Y SUICIDIO<\/p>\n","protected":false},"excerpt":{"rendered":"<p><span style=\"font-size: 10pt;\"><span style=\"font-family: georgia,palatino;\">El presente volumen recoge varios estudios que analizan el inter\u00e9s que diferentes autores y \u00e9pocas han mostrado por la muerte voluntaria. Se trata de trabajos que abordan el an\u00e1lisis desde presupuestos coincidentes en algunos casos y particulares a cada uno en otros.<\/span><\/span><\/p>\n<p><span style=\"font-size: 10pt;\"><span style=\"font-family: georgia,palatino;\"><a href=\"http:\/\/www.todoebook.com\/ESTUDIOS-SOBRE-LITERATURA-Y-SUICIDIO-PABLO-ZAMBRANO-M-REGLA-EDICIONES-ALFAR-SA-ebook-9788478983179.html\" target=\"_parent\" rel=\"noopener\"><img decoding=\"async\" style=\"padding: 0px; margin: 0px; border: initial none initial;\" src=\"..\/logo-todoebook.gif\" \/><\/a><span style=\"color: #3366ff;\"><a href=\"http:\/\/www.todoebook.com\/ESTUDIOS-SOBRE-LITERATURA-Y-SUICIDIO-PABLO-ZAMBRANO-M-REGLA-EDICIONES-ALFAR-SA-ebook-9788478983179.html\" target=\"_parent\" rel=\"noopener\"> DISPONIBLE EN T<\/a><\/span><span style=\"color: #3366ff;\"><a href=\"http:\/\/www.todoebook.com\/ESTUDIOS-SOBRE-LITERATURA-Y-SUICIDIO-PABLO-ZAMBRANO-M-REGLA-EDICIONES-ALFAR-SA-ebook-9788478983179.html\" target=\"_parent\" rel=\"noopener\">ODO EBOOK<\/a><\/span><\/span><\/span><\/p>\n<p><span style=\"font-size: 10pt;\"><span style=\"font-family: georgia,palatino;\"><a href=\"http:\/\/www.biblioandalucia.com\/LIBRO-ESTUDIOS-SOBRE-LITERATURA-Y-SUICIDIO-PABLO-ZAMBRANO_-M_-REGLA_9788478983179.html\"><span style=\"color: #3366ff;\"><img decoding=\"async\" src=\"..\/biblioandalucia.gif\" width=\"100\" \/> <\/span><\/a><a target=\"_parent\" rel=\"noopener\"> DISPONIBLE EN BIBLIOANDALUC\u00cdA<\/a><\/span><\/span><\/p>\n<p><a href=\"http:\/\/www.casadellibro.com\/libro-estudios-sobre-literatura-y-suicidio\/1103872\/2900001136944\" target=\"_blank\" rel=\"noopener\"><span style=\"font-size: 8pt;\">\u00a0<\/span><\/a><\/p>\n<p><a href=\"http:\/\/www.casadellibro.com\/libro-estudios-sobre-literatura-y-suicidio\/1103872\/2900001136944\" target=\"_blank\" rel=\"noopener\"><span style=\"font-size: 8pt;\"><strong><strong><img decoding=\"async\" style=\"margin: 5px; float: left;\" src=\"..\/logo.gif\" width=\"171\" height=\"25\" \/><\/strong><\/strong> <\/span><\/a><\/p>\n<p><a href=\"http:\/\/www.casadellibro.com\/libro-estudios-sobre-literatura-y-suicidio\/1103872\/2900001136944\" target=\"_blank\" rel=\"noopener\"><span style=\"font-size: 8pt;\"> <span style=\"color: #3366ff;\">DISPONIBLE EN CASADELLIBRO<\/span><\/span><\/a><\/p>\n<p><span style=\"font-size: 8pt;\"><span style=\"color: #3366ff;\">\u00a0<\/span><\/span><\/p>\n<p><span style=\"font-size: 8pt;\">\u00a0<\/span><\/p>\n<p><span style=\"font-size: 8pt;\"><a href=\"http:\/\/gandhi.publidisa.com\/ESTUDIOS-SOBRE-LITERATURA-Y-SUICIDIO-ebooks-9788478983179.html\" target=\"_blank\" rel=\"noopener\"><img decoding=\"async\" src=\"..\/gandhi-esfuerzan.jpg \" width=\"135\" height=\"37\" \/> <span style=\"color: #3366ff;\">DISPONIBLE EN GANDHI<\/span><\/a> <\/span><\/p>\n<p><span style=\"font-size: 8pt;\">\u00a0<\/span><\/p>\n<p><a href=\"http:\/\/ebooks.elcorteingles.es\/ESTUDIOS-SOBRE-LITERATURA-Y-SUICIDIO-LibroEbook-9788478983179.html\" target=\"_blank\" rel=\"noopener\"><strong><strong><img decoding=\"async\" src=\"..\/elcorteingles.jpg\" width=\"126\" height=\"69\" \/> <\/strong><\/strong><span style=\"font-size: 8pt;\"> <span style=\"color: #3366ff;\">DISPONIBLE EN EL CORTE INGLES<\/span><\/span><\/a><\/p>\n<p><a href=\"http:\/\/digital.casalini.it\/9788478983179\" target=\"_blank\" rel=\"noopener\"><span style=\"color: #0358a8;\"><img decoding=\"async\" style=\"padding: 0px; margin: 0px; border: initial none initial;\" src=\"http:\/\/www.edicionesalfar.es\/logo_casalini.JPG\" width=\"200\" \/><\/span> DISPONIBLE EN CASALINI (EBOOK + CAP\u00cdTULOS)<\/a><\/p>\n<p><a href=\"http:\/\/www.futurbook.com\/ficha\/ficha.asp?ID_LIBRO=241\" target=\"_blank\" rel=\"noopener\"><img decoding=\"async\" style=\"padding: 0px; margin: 0px; border: initial none initial;\" src=\"..\/logo_Naranja_small.jpg\" width=\"150\" \/><\/a><span style=\"font-size: 8pt;\"><span style=\"color: #3366ff;\"><a href=\"http:\/\/www.futurbook.com\/ficha\/ficha.asp?ID_LIBRO=241\" target=\"_blank\" rel=\"noopener\">DISPONIBLE EN\u00a0FUTURBOOK.COM<\/a><\/span><\/span><\/p>\n","protected":false},"featured_media":13681,"comment_status":"open","ping_status":"closed","template":"","meta":{"_acf_changed":false,"_et_pb_use_builder":"","_et_pb_old_content":"","_et_gb_content_width":""},"product_brand":[],"product_cat":[376,549,21],"product_tag":[],"class_list":{"0":"post-13680","1":"product","2":"type-product","3":"status-publish","4":"has-post-thumbnail","6":"product_cat-autores","7":"product_cat-fernandez-garrido-ma-regla","8":"product_cat-estudios-literarios","10":"first","11":"instock","12":"taxable","13":"shipping-taxable","14":"purchasable","15":"product-type-simple"},"acf":[],"yoast_head":"<!-- This site is optimized with the Yoast SEO plugin v27.5 - https:\/\/yoast.com\/product\/yoast-seo-wordpress\/ -->\n<title>ESTUDIOS SOBRE LITERATURA Y SUICIDIO - Ediciones Alfar<\/title>\n<meta name=\"robots\" content=\"index, follow, max-snippet:-1, max-image-preview:large, max-video-preview:-1\" \/>\n<link rel=\"canonical\" href=\"https:\/\/edicionesalfar.es\/es\/producto\/estudios-sobre-literatura-y-suicidio\/\" \/>\n<meta property=\"og:locale\" content=\"es_ES\" \/>\n<meta property=\"og:type\" content=\"article\" \/>\n<meta property=\"og:title\" content=\"ESTUDIOS SOBRE LITERATURA Y SUICIDIO - Ediciones Alfar\" \/>\n<meta property=\"og:description\" content=\"El presente volumen recoge varios estudios que analizan el inter\u00e9s que diferentes autores y \u00e9pocas han mostrado por la muerte voluntaria. Se trata de trabajos que abordan el an\u00e1lisis desde presupuestos coincidentes en algunos casos y particulares a cada uno en otros.   DISPONIBLE EN TODO EBOOK   DISPONIBLE EN BIBLIOANDALUC\u00cdA  \u00a0     DISPONIBLE EN CASADELLIBRO  \u00a0  \u00a0   DISPONIBLE EN GANDHI   \u00a0   DISPONIBLE EN EL CORTE INGLES   DISPONIBLE EN CASALINI (EBOOK + CAP\u00cdTULOS)  DISPONIBLE EN\u00a0FUTURBOOK.COM\" \/>\n<meta property=\"og:url\" content=\"https:\/\/edicionesalfar.es\/es\/producto\/estudios-sobre-literatura-y-suicidio\/\" \/>\n<meta property=\"og:site_name\" content=\"Ediciones Alfar\" \/>\n<meta property=\"article:modified_time\" content=\"2022-12-30T08:25:08+00:00\" \/>\n<meta property=\"og:image\" content=\"https:\/\/edicionesalfar.es\/es\/wp-content\/uploads\/2019\/05\/literatura%20y%20suicidio.jpg\" \/>\n\t<meta property=\"og:image:width\" content=\"1\" \/>\n\t<meta property=\"og:image:height\" content=\"1\" \/>\n\t<meta property=\"og:image:type\" content=\"image\/jpeg\" \/>\n<meta name=\"twitter:card\" content=\"summary_large_image\" \/>\n<meta name=\"twitter:label1\" content=\"Tiempo de lectura\" \/>\n\t<meta name=\"twitter:data1\" content=\"1 minuto\" \/>\n<script type=\"application\/ld+json\" class=\"yoast-schema-graph\">{\"@context\":\"https:\\\/\\\/schema.org\",\"@graph\":[{\"@type\":\"WebPage\",\"@id\":\"https:\\\/\\\/edicionesalfar.es\\\/es\\\/producto\\\/estudios-sobre-literatura-y-suicidio\\\/\",\"url\":\"https:\\\/\\\/edicionesalfar.es\\\/es\\\/producto\\\/estudios-sobre-literatura-y-suicidio\\\/\",\"name\":\"ESTUDIOS SOBRE LITERATURA Y SUICIDIO - Ediciones Alfar\",\"isPartOf\":{\"@id\":\"https:\\\/\\\/edicionesalfar.es\\\/es\\\/#website\"},\"primaryImageOfPage\":{\"@id\":\"https:\\\/\\\/edicionesalfar.es\\\/es\\\/producto\\\/estudios-sobre-literatura-y-suicidio\\\/#primaryimage\"},\"image\":{\"@id\":\"https:\\\/\\\/edicionesalfar.es\\\/es\\\/producto\\\/estudios-sobre-literatura-y-suicidio\\\/#primaryimage\"},\"thumbnailUrl\":\"https:\\\/\\\/edicionesalfar.es\\\/es\\\/wp-content\\\/uploads\\\/2019\\\/05\\\/literatura y suicidio.jpg\",\"datePublished\":\"2019-07-11T05:48:55+00:00\",\"dateModified\":\"2022-12-30T08:25:08+00:00\",\"breadcrumb\":{\"@id\":\"https:\\\/\\\/edicionesalfar.es\\\/es\\\/producto\\\/estudios-sobre-literatura-y-suicidio\\\/#breadcrumb\"},\"inLanguage\":\"es\",\"potentialAction\":[{\"@type\":\"ReadAction\",\"target\":[\"https:\\\/\\\/edicionesalfar.es\\\/es\\\/producto\\\/estudios-sobre-literatura-y-suicidio\\\/\"]}]},{\"@type\":\"ImageObject\",\"inLanguage\":\"es\",\"@id\":\"https:\\\/\\\/edicionesalfar.es\\\/es\\\/producto\\\/estudios-sobre-literatura-y-suicidio\\\/#primaryimage\",\"url\":\"https:\\\/\\\/edicionesalfar.es\\\/es\\\/wp-content\\\/uploads\\\/2019\\\/05\\\/literatura y suicidio.jpg\",\"contentUrl\":\"https:\\\/\\\/edicionesalfar.es\\\/es\\\/wp-content\\\/uploads\\\/2019\\\/05\\\/literatura y suicidio.jpg\"},{\"@type\":\"BreadcrumbList\",\"@id\":\"https:\\\/\\\/edicionesalfar.es\\\/es\\\/producto\\\/estudios-sobre-literatura-y-suicidio\\\/#breadcrumb\",\"itemListElement\":[{\"@type\":\"ListItem\",\"position\":1,\"name\":\"Portada\",\"item\":\"https:\\\/\\\/edicionesalfar.es\\\/es\\\/\"},{\"@type\":\"ListItem\",\"position\":2,\"name\":\"Cat\u00e1logo\",\"item\":\"https:\\\/\\\/edicionesalfar.es\\\/es\\\/catalogo\\\/\"},{\"@type\":\"ListItem\",\"position\":3,\"name\":\"ESTUDIOS SOBRE LITERATURA Y SUICIDIO\"}]},{\"@type\":\"WebSite\",\"@id\":\"https:\\\/\\\/edicionesalfar.es\\\/es\\\/#website\",\"url\":\"https:\\\/\\\/edicionesalfar.es\\\/es\\\/\",\"name\":\"Ediciones Alfar\",\"description\":\"\",\"potentialAction\":[{\"@type\":\"SearchAction\",\"target\":{\"@type\":\"EntryPoint\",\"urlTemplate\":\"https:\\\/\\\/edicionesalfar.es\\\/es\\\/?s={search_term_string}\"},\"query-input\":{\"@type\":\"PropertyValueSpecification\",\"valueRequired\":true,\"valueName\":\"search_term_string\"}}],\"inLanguage\":\"es\"}]}<\/script>\n<!-- \/ Yoast SEO plugin. -->","yoast_head_json":{"title":"ESTUDIOS SOBRE LITERATURA Y SUICIDIO - Ediciones Alfar","robots":{"index":"index","follow":"follow","max-snippet":"max-snippet:-1","max-image-preview":"max-image-preview:large","max-video-preview":"max-video-preview:-1"},"canonical":"https:\/\/edicionesalfar.es\/es\/producto\/estudios-sobre-literatura-y-suicidio\/","og_locale":"es_ES","og_type":"article","og_title":"ESTUDIOS SOBRE LITERATURA Y SUICIDIO - Ediciones Alfar","og_description":"El presente volumen recoge varios estudios que analizan el inter\u00e9s que diferentes autores y \u00e9pocas han mostrado por la muerte voluntaria. Se trata de trabajos que abordan el an\u00e1lisis desde presupuestos coincidentes en algunos casos y particulares a cada uno en otros.   DISPONIBLE EN TODO EBOOK   DISPONIBLE EN BIBLIOANDALUC\u00cdA  \u00a0     DISPONIBLE EN CASADELLIBRO  \u00a0  \u00a0   DISPONIBLE EN GANDHI   \u00a0   DISPONIBLE EN EL CORTE INGLES   DISPONIBLE EN CASALINI (EBOOK + CAP\u00cdTULOS)  DISPONIBLE EN\u00a0FUTURBOOK.COM","og_url":"https:\/\/edicionesalfar.es\/es\/producto\/estudios-sobre-literatura-y-suicidio\/","og_site_name":"Ediciones Alfar","article_modified_time":"2022-12-30T08:25:08+00:00","og_image":[{"url":"https:\/\/edicionesalfar.es\/es\/wp-content\/uploads\/2019\/05\/literatura y suicidio.jpg","width":1,"height":1,"type":"image\/jpeg"}],"twitter_card":"summary_large_image","twitter_misc":{"Tiempo de lectura":"1 minuto"},"schema":{"@context":"https:\/\/schema.org","@graph":[{"@type":"WebPage","@id":"https:\/\/edicionesalfar.es\/es\/producto\/estudios-sobre-literatura-y-suicidio\/","url":"https:\/\/edicionesalfar.es\/es\/producto\/estudios-sobre-literatura-y-suicidio\/","name":"ESTUDIOS SOBRE LITERATURA Y SUICIDIO - Ediciones Alfar","isPartOf":{"@id":"https:\/\/edicionesalfar.es\/es\/#website"},"primaryImageOfPage":{"@id":"https:\/\/edicionesalfar.es\/es\/producto\/estudios-sobre-literatura-y-suicidio\/#primaryimage"},"image":{"@id":"https:\/\/edicionesalfar.es\/es\/producto\/estudios-sobre-literatura-y-suicidio\/#primaryimage"},"thumbnailUrl":"https:\/\/edicionesalfar.es\/es\/wp-content\/uploads\/2019\/05\/literatura y suicidio.jpg","datePublished":"2019-07-11T05:48:55+00:00","dateModified":"2022-12-30T08:25:08+00:00","breadcrumb":{"@id":"https:\/\/edicionesalfar.es\/es\/producto\/estudios-sobre-literatura-y-suicidio\/#breadcrumb"},"inLanguage":"es","potentialAction":[{"@type":"ReadAction","target":["https:\/\/edicionesalfar.es\/es\/producto\/estudios-sobre-literatura-y-suicidio\/"]}]},{"@type":"ImageObject","inLanguage":"es","@id":"https:\/\/edicionesalfar.es\/es\/producto\/estudios-sobre-literatura-y-suicidio\/#primaryimage","url":"https:\/\/edicionesalfar.es\/es\/wp-content\/uploads\/2019\/05\/literatura y suicidio.jpg","contentUrl":"https:\/\/edicionesalfar.es\/es\/wp-content\/uploads\/2019\/05\/literatura y suicidio.jpg"},{"@type":"BreadcrumbList","@id":"https:\/\/edicionesalfar.es\/es\/producto\/estudios-sobre-literatura-y-suicidio\/#breadcrumb","itemListElement":[{"@type":"ListItem","position":1,"name":"Portada","item":"https:\/\/edicionesalfar.es\/es\/"},{"@type":"ListItem","position":2,"name":"Cat\u00e1logo","item":"https:\/\/edicionesalfar.es\/es\/catalogo\/"},{"@type":"ListItem","position":3,"name":"ESTUDIOS SOBRE LITERATURA Y SUICIDIO"}]},{"@type":"WebSite","@id":"https:\/\/edicionesalfar.es\/es\/#website","url":"https:\/\/edicionesalfar.es\/es\/","name":"Ediciones Alfar","description":"","potentialAction":[{"@type":"SearchAction","target":{"@type":"EntryPoint","urlTemplate":"https:\/\/edicionesalfar.es\/es\/?s={search_term_string}"},"query-input":{"@type":"PropertyValueSpecification","valueRequired":true,"valueName":"search_term_string"}}],"inLanguage":"es"}]}},"_links":{"self":[{"href":"https:\/\/edicionesalfar.es\/es\/wp-json\/wp\/v2\/product\/13680","targetHints":{"allow":["GET"]}}],"collection":[{"href":"https:\/\/edicionesalfar.es\/es\/wp-json\/wp\/v2\/product"}],"about":[{"href":"https:\/\/edicionesalfar.es\/es\/wp-json\/wp\/v2\/types\/product"}],"replies":[{"embeddable":true,"href":"https:\/\/edicionesalfar.es\/es\/wp-json\/wp\/v2\/comments?post=13680"}],"wp:featuredmedia":[{"embeddable":true,"href":"https:\/\/edicionesalfar.es\/es\/wp-json\/wp\/v2\/media\/13681"}],"wp:attachment":[{"href":"https:\/\/edicionesalfar.es\/es\/wp-json\/wp\/v2\/media?parent=13680"}],"wp:term":[{"taxonomy":"product_brand","embeddable":true,"href":"https:\/\/edicionesalfar.es\/es\/wp-json\/wp\/v2\/product_brand?post=13680"},{"taxonomy":"product_cat","embeddable":true,"href":"https:\/\/edicionesalfar.es\/es\/wp-json\/wp\/v2\/product_cat?post=13680"},{"taxonomy":"product_tag","embeddable":true,"href":"https:\/\/edicionesalfar.es\/es\/wp-json\/wp\/v2\/product_tag?post=13680"}],"curies":[{"name":"wp","href":"https:\/\/api.w.org\/{rel}","templated":true}]}}