{"id":13630,"date":"2019-07-11T05:48:29","date_gmt":"2019-07-11T05:48:29","guid":{"rendered":"http:\/\/www.edicionesalfar.es\/web-wordpress\/?post_type=product&#038;#023;p="},"modified":"2022-11-11T07:57:10","modified_gmt":"2022-11-11T06:57:10","slug":"actas-del-congreso-conocer-al-andalus-perspectivas-desde-el-siglo-xxi","status":"publish","type":"product","link":"https:\/\/edicionesalfar.es\/es\/producto\/actas-del-congreso-conocer-al-andalus-perspectivas-desde-el-siglo-xxi\/","title":{"rendered":"Actas del congreso Conocer Al-Andalus. Perspectivas desde el siglo XXI"},"content":{"rendered":"<p style=\"padding: 0px; margin: 1em 0px 0cm 0px;\">CONTENIDO:\u00a0La civilizaci\u00f3n andalus\u00ed es, sin lugar a dudas, una de las m\u00e1s completas de la historia, convirti\u00e9ndose en una cultura con un sello distintivo. Su producci\u00f3n intelectual y art\u00edstica, as\u00ed como su sociedad, su pensamiento teol\u00f3gico y sus ciencias exactas, estimulan a\u00fan hoy en d\u00eda a los investigadores de las civilizaciones humanas.<\/p>\n<p>Este inter\u00e9s por al-Andalus queda materializado en este libro donde se recogen algunas de las ponencias celebradas en el Congreso\u00a0Conocer al-Andalus. Perspectivas desde el siglo XXI\u00a0celebrado en Sevilla en mayo de 2009.<br \/>\nPresenta el desarrollo y la evoluci\u00f3n de esta cultura, haciendo hincapi\u00e9 en las nuevas aportaciones de los investigadores en torno a este per\u00edodo significativo y trascendental de nuestra Historia. Este libro pone al alcance del interesado en la materia, la posibilidad de una relectura de dicha civilizaci\u00f3n, ampliado adem\u00e1s con nuevos conocimientos de la cuesti\u00f3n.<\/p>\n<p style=\"padding: 0px; margin: 1em 0px 0cm 0px;\" align=\"JUSTIFY\">AUTOR:\u00a0Tanto Mercedes Delgado como Gracia L\u00f3pez Anguita son dos investigadoras centradas en el \u00e1rea de Estudios \u00c1rabes e Isl\u00e1micos. La primera lo hace desde la cartograf\u00eda y las postrimer\u00edas del Reino nazar\u00ed de Granada, mientras que Gracia L\u00f3pez Anguita versa sobre el Sufismo.<\/p>\n<p style=\"padding: 0px; margin: 1em 0px 0cm 0px;\" align=\"JUSTIFY\">Mercedes Delgado es autora de obras como\u00a0Lo real y lo maravilloso en la ec\u00famene del siglo\u00a0y de la antolog\u00eda\u00a0Al-Andalus. Impresiones desde la memoria. Compagina adem\u00e1s sus trabajos de investigaci\u00f3n con publicaciones en diversas revistas y libros especializados.<\/p>\n<p style=\"padding: 0px; margin: 1em 0px 0cm 0px;\" align=\"JUSTIFY\">Por su parte, cabe destacar la obra\u00a0Historia del Sufismo en Al-Andalus. Maestros suf\u00edes de al-Andalus y el Magreb\u00a0de Gracia L\u00f3pez Anguita.<\/p>\n<p style=\"padding: 0px; margin: 1em 0px 0cm 0px;\" align=\"JUSTIFY\">\u00cdNDICE:<\/p>\n<p style=\"padding: 0px; margin: 1em 0px 0cm 0px;\" align=\"JUSTIFY\">PRESENTACI\u00d3N. M\u00aa Mercedes Delgado P\u00e9rez y Gracia L\u00f3pez Anguita<\/p>\n<p style=\"padding: 0px; margin: 1em 0px 0cm 0px;\" align=\"JUSTIFY\">NUEVAS VISIONES DE LA ARQUITECTURA ANDALUS\u00cd. Antonio Almagro<\/p>\n<p style=\"padding: 0px; margin: 1em 0px 0cm 0px;\" align=\"JUSTIFY\">LA SOCIEDAD DE AL-ANDALUS Y LA SEXUALIDAD. Camilo \u00c1lvarez de Morales<\/p>\n<p style=\"padding: 0px; margin: 1em 0px 0cm 0px;\" align=\"JUSTIFY\">EX\u00c9GESIS Y EX\u00c9GETAS EN AL-ANDALUS. Amina Gonz\u00e1lez Costa<\/p>\n<p style=\"padding: 0px; margin: 1em 0px 0cm 0px;\" align=\"JUSTIFY\">TRAS LAS HUELLAS DE LAS MUJERES CRISTIANAS DE AL-ANDALUS. Bel\u00e9n Holgado Cristeto<\/p>\n<p style=\"padding: 0px; margin: 1em 0px 0cm 0px;\" align=\"JUSTIFY\">LOS ULEMAS EN LA SOCIEDAD ANDALUS\u00cd, RIQUEZA Y SABER. Manuela Mar\u00edn<\/p>\n<p style=\"padding: 0px; margin: 1em 0px 0cm 0px;\" align=\"JUSTIFY\">EL RACIONALISMO ANDALUS\u00cd. Juan Antonio Pacheco.<\/p>\n","protected":false},"excerpt":{"rendered":"<p><span style=\"font-size: 10pt;\">La civilizaci\u00f3n andalus\u00ed constituye una parte fundamental de nuestro patrimonio, siendo su producci\u00f3n intelectual y art\u00edstica, as\u00ed como su compleja sociedad, objeto de m\u00faltiples estudios dentro y fuera de nuestras fronteras. En este libro se recogen las conferencias pronunciadas en el congreso<\/span><em><span style=\"font-size: 10pt;\">Conocer al-Andalus. Perspectivas desde el siglo XXI<\/span><\/em><span style=\"font-size: 10pt;\"> celebrado en Sevilla en mayo de 2009, que reuni\u00f3 a especialistas nacionales con el fin de dar a conocer los resultados de sus \u00faltimas investigaciones en torno a este largo y crucial per\u00edodo de nuestra Historia. Se ofrecen, as\u00ed, nuevos datos y enfoques relacionados con la arquitectura, la filosof\u00eda, la teolog\u00eda en su vertiente hermen\u00e9utica y la sociolog\u00eda en lo relativo a \u00e9lites religiosas, minor\u00edas sociales o sexualidad. Desde el rigor cient\u00edfico, este libro pone al alcance del lector interesado unos frutos que, en ocasiones, no se divulgan convenientemente fuera de los c\u00edrculos acad\u00e9micos o intelectuales, sum\u00e1ndose, por tanto, al ya enorme e inagotable caudal de publicaciones sobre al-Andalus.<\/span><\/p>\n<p><span style=\"font-size: 10pt;\"><a style=\"font-size: medium;\" href=\"http:\/\/www.todoebook.com\/ACTAS-DEL-CONGRESO-CONOCER-AL-ANDALUS_-NO-ESPECIFICADO-EDICIONES-ALFAR-S_A_-LibroEbook-9788478984152.html\" target=\"_blank\" rel=\"noopener\"><img decoding=\"async\" style=\"border-width: initial; border-color: initial;\" src=\"http:\/\/www.edicionesalfar.es\/logo-todoebook.gif\" alt=\"\" \/> DISPONIBLE EN\u00a0<span style=\"color: #3366ff;\">TODO EBOOK<\/span><\/a><\/span><\/p>\n","protected":false},"featured_media":13631,"comment_status":"open","ping_status":"closed","template":"","meta":{"_acf_changed":false,"_et_pb_use_builder":"","_et_pb_old_content":"","_et_gb_content_width":""},"product_brand":[],"product_cat":[376,528,23],"product_tag":[],"class_list":{"0":"post-13630","1":"product","2":"type-product","3":"status-publish","4":"has-post-thumbnail","6":"product_cat-autores","7":"product_cat-delgado-perez-mercedes","8":"product_cat-estudios-mundo-arabe","10":"first","11":"instock","12":"taxable","13":"shipping-taxable","14":"purchasable","15":"product-type-simple"},"acf":[],"yoast_head":"<!-- This site is optimized with the Yoast SEO plugin v27.3 - https:\/\/yoast.com\/product\/yoast-seo-wordpress\/ -->\n<title>Actas del congreso Conocer Al-Andalus. Perspectivas desde el siglo XXI - Ediciones Alfar<\/title>\n<meta name=\"robots\" content=\"index, follow, max-snippet:-1, max-image-preview:large, max-video-preview:-1\" \/>\n<link rel=\"canonical\" href=\"https:\/\/edicionesalfar.es\/es\/producto\/actas-del-congreso-conocer-al-andalus-perspectivas-desde-el-siglo-xxi\/\" \/>\n<meta property=\"og:locale\" content=\"es_ES\" \/>\n<meta property=\"og:type\" content=\"article\" \/>\n<meta property=\"og:title\" content=\"Actas del congreso Conocer Al-Andalus. Perspectivas desde el siglo XXI - Ediciones Alfar\" \/>\n<meta property=\"og:description\" content=\"La civilizaci\u00f3n andalus\u00ed constituye una parte fundamental de nuestro patrimonio, siendo su producci\u00f3n intelectual y art\u00edstica, as\u00ed como su compleja sociedad, objeto de m\u00faltiples estudios dentro y fuera de nuestras fronteras. En este libro se recogen las conferencias pronunciadas en el congresoConocer al-Andalus. Perspectivas desde el siglo XXI celebrado en Sevilla en mayo de 2009, que reuni\u00f3 a especialistas nacionales con el fin de dar a conocer los resultados de sus \u00faltimas investigaciones en torno a este largo y crucial per\u00edodo de nuestra Historia. Se ofrecen, as\u00ed, nuevos datos y enfoques relacionados con la arquitectura, la filosof\u00eda, la teolog\u00eda en su vertiente hermen\u00e9utica y la sociolog\u00eda en lo relativo a \u00e9lites religiosas, minor\u00edas sociales o sexualidad. Desde el rigor cient\u00edfico, este libro pone al alcance del lector interesado unos frutos que, en ocasiones, no se divulgan convenientemente fuera de los c\u00edrculos acad\u00e9micos o intelectuales, sum\u00e1ndose, por tanto, al ya enorme e inagotable caudal de publicaciones sobre al-Andalus.   DISPONIBLE EN\u00a0TODO EBOOK\" \/>\n<meta property=\"og:url\" content=\"https:\/\/edicionesalfar.es\/es\/producto\/actas-del-congreso-conocer-al-andalus-perspectivas-desde-el-siglo-xxi\/\" \/>\n<meta property=\"og:site_name\" content=\"Ediciones Alfar\" \/>\n<meta property=\"article:modified_time\" content=\"2022-11-11T06:57:10+00:00\" \/>\n<meta property=\"og:image\" content=\"https:\/\/edicionesalfar.es\/es\/wp-content\/uploads\/2019\/05\/conoceralandalus.jpg\" \/>\n\t<meta property=\"og:image:width\" content=\"1\" \/>\n\t<meta property=\"og:image:height\" content=\"1\" \/>\n\t<meta property=\"og:image:type\" content=\"image\/jpeg\" \/>\n<meta name=\"twitter:card\" content=\"summary_large_image\" \/>\n<meta name=\"twitter:label1\" content=\"Tiempo de lectura\" \/>\n\t<meta name=\"twitter:data1\" content=\"2 minutos\" \/>\n<script type=\"application\/ld+json\" class=\"yoast-schema-graph\">{\"@context\":\"https:\\\/\\\/schema.org\",\"@graph\":[{\"@type\":\"WebPage\",\"@id\":\"https:\\\/\\\/edicionesalfar.es\\\/es\\\/producto\\\/actas-del-congreso-conocer-al-andalus-perspectivas-desde-el-siglo-xxi\\\/\",\"url\":\"https:\\\/\\\/edicionesalfar.es\\\/es\\\/producto\\\/actas-del-congreso-conocer-al-andalus-perspectivas-desde-el-siglo-xxi\\\/\",\"name\":\"Actas del congreso Conocer Al-Andalus. Perspectivas desde el siglo XXI - Ediciones Alfar\",\"isPartOf\":{\"@id\":\"https:\\\/\\\/edicionesalfar.es\\\/es\\\/#website\"},\"primaryImageOfPage\":{\"@id\":\"https:\\\/\\\/edicionesalfar.es\\\/es\\\/producto\\\/actas-del-congreso-conocer-al-andalus-perspectivas-desde-el-siglo-xxi\\\/#primaryimage\"},\"image\":{\"@id\":\"https:\\\/\\\/edicionesalfar.es\\\/es\\\/producto\\\/actas-del-congreso-conocer-al-andalus-perspectivas-desde-el-siglo-xxi\\\/#primaryimage\"},\"thumbnailUrl\":\"https:\\\/\\\/edicionesalfar.es\\\/es\\\/wp-content\\\/uploads\\\/2019\\\/05\\\/conoceralandalus.jpg\",\"datePublished\":\"2019-07-11T05:48:29+00:00\",\"dateModified\":\"2022-11-11T06:57:10+00:00\",\"breadcrumb\":{\"@id\":\"https:\\\/\\\/edicionesalfar.es\\\/es\\\/producto\\\/actas-del-congreso-conocer-al-andalus-perspectivas-desde-el-siglo-xxi\\\/#breadcrumb\"},\"inLanguage\":\"es\",\"potentialAction\":[{\"@type\":\"ReadAction\",\"target\":[\"https:\\\/\\\/edicionesalfar.es\\\/es\\\/producto\\\/actas-del-congreso-conocer-al-andalus-perspectivas-desde-el-siglo-xxi\\\/\"]}]},{\"@type\":\"ImageObject\",\"inLanguage\":\"es\",\"@id\":\"https:\\\/\\\/edicionesalfar.es\\\/es\\\/producto\\\/actas-del-congreso-conocer-al-andalus-perspectivas-desde-el-siglo-xxi\\\/#primaryimage\",\"url\":\"https:\\\/\\\/edicionesalfar.es\\\/es\\\/wp-content\\\/uploads\\\/2019\\\/05\\\/conoceralandalus.jpg\",\"contentUrl\":\"https:\\\/\\\/edicionesalfar.es\\\/es\\\/wp-content\\\/uploads\\\/2019\\\/05\\\/conoceralandalus.jpg\"},{\"@type\":\"BreadcrumbList\",\"@id\":\"https:\\\/\\\/edicionesalfar.es\\\/es\\\/producto\\\/actas-del-congreso-conocer-al-andalus-perspectivas-desde-el-siglo-xxi\\\/#breadcrumb\",\"itemListElement\":[{\"@type\":\"ListItem\",\"position\":1,\"name\":\"Portada\",\"item\":\"https:\\\/\\\/edicionesalfar.es\\\/es\\\/\"},{\"@type\":\"ListItem\",\"position\":2,\"name\":\"Cat\u00e1logo\",\"item\":\"https:\\\/\\\/edicionesalfar.es\\\/es\\\/catalogo\\\/\"},{\"@type\":\"ListItem\",\"position\":3,\"name\":\"Actas del congreso Conocer Al-Andalus. Perspectivas desde el siglo XXI\"}]},{\"@type\":\"WebSite\",\"@id\":\"https:\\\/\\\/edicionesalfar.es\\\/es\\\/#website\",\"url\":\"https:\\\/\\\/edicionesalfar.es\\\/es\\\/\",\"name\":\"Ediciones Alfar\",\"description\":\"\",\"potentialAction\":[{\"@type\":\"SearchAction\",\"target\":{\"@type\":\"EntryPoint\",\"urlTemplate\":\"https:\\\/\\\/edicionesalfar.es\\\/es\\\/?s={search_term_string}\"},\"query-input\":{\"@type\":\"PropertyValueSpecification\",\"valueRequired\":true,\"valueName\":\"search_term_string\"}}],\"inLanguage\":\"es\"}]}<\/script>\n<!-- \/ Yoast SEO plugin. -->","yoast_head_json":{"title":"Actas del congreso Conocer Al-Andalus. Perspectivas desde el siglo XXI - Ediciones Alfar","robots":{"index":"index","follow":"follow","max-snippet":"max-snippet:-1","max-image-preview":"max-image-preview:large","max-video-preview":"max-video-preview:-1"},"canonical":"https:\/\/edicionesalfar.es\/es\/producto\/actas-del-congreso-conocer-al-andalus-perspectivas-desde-el-siglo-xxi\/","og_locale":"es_ES","og_type":"article","og_title":"Actas del congreso Conocer Al-Andalus. Perspectivas desde el siglo XXI - Ediciones Alfar","og_description":"La civilizaci\u00f3n andalus\u00ed constituye una parte fundamental de nuestro patrimonio, siendo su producci\u00f3n intelectual y art\u00edstica, as\u00ed como su compleja sociedad, objeto de m\u00faltiples estudios dentro y fuera de nuestras fronteras. En este libro se recogen las conferencias pronunciadas en el congresoConocer al-Andalus. Perspectivas desde el siglo XXI celebrado en Sevilla en mayo de 2009, que reuni\u00f3 a especialistas nacionales con el fin de dar a conocer los resultados de sus \u00faltimas investigaciones en torno a este largo y crucial per\u00edodo de nuestra Historia. Se ofrecen, as\u00ed, nuevos datos y enfoques relacionados con la arquitectura, la filosof\u00eda, la teolog\u00eda en su vertiente hermen\u00e9utica y la sociolog\u00eda en lo relativo a \u00e9lites religiosas, minor\u00edas sociales o sexualidad. Desde el rigor cient\u00edfico, este libro pone al alcance del lector interesado unos frutos que, en ocasiones, no se divulgan convenientemente fuera de los c\u00edrculos acad\u00e9micos o intelectuales, sum\u00e1ndose, por tanto, al ya enorme e inagotable caudal de publicaciones sobre al-Andalus.   DISPONIBLE EN\u00a0TODO EBOOK","og_url":"https:\/\/edicionesalfar.es\/es\/producto\/actas-del-congreso-conocer-al-andalus-perspectivas-desde-el-siglo-xxi\/","og_site_name":"Ediciones Alfar","article_modified_time":"2022-11-11T06:57:10+00:00","og_image":[{"url":"https:\/\/edicionesalfar.es\/es\/wp-content\/uploads\/2019\/05\/conoceralandalus.jpg","width":1,"height":1,"type":"image\/jpeg"}],"twitter_card":"summary_large_image","twitter_misc":{"Tiempo de lectura":"2 minutos"},"schema":{"@context":"https:\/\/schema.org","@graph":[{"@type":"WebPage","@id":"https:\/\/edicionesalfar.es\/es\/producto\/actas-del-congreso-conocer-al-andalus-perspectivas-desde-el-siglo-xxi\/","url":"https:\/\/edicionesalfar.es\/es\/producto\/actas-del-congreso-conocer-al-andalus-perspectivas-desde-el-siglo-xxi\/","name":"Actas del congreso Conocer Al-Andalus. Perspectivas desde el siglo XXI - Ediciones Alfar","isPartOf":{"@id":"https:\/\/edicionesalfar.es\/es\/#website"},"primaryImageOfPage":{"@id":"https:\/\/edicionesalfar.es\/es\/producto\/actas-del-congreso-conocer-al-andalus-perspectivas-desde-el-siglo-xxi\/#primaryimage"},"image":{"@id":"https:\/\/edicionesalfar.es\/es\/producto\/actas-del-congreso-conocer-al-andalus-perspectivas-desde-el-siglo-xxi\/#primaryimage"},"thumbnailUrl":"https:\/\/edicionesalfar.es\/es\/wp-content\/uploads\/2019\/05\/conoceralandalus.jpg","datePublished":"2019-07-11T05:48:29+00:00","dateModified":"2022-11-11T06:57:10+00:00","breadcrumb":{"@id":"https:\/\/edicionesalfar.es\/es\/producto\/actas-del-congreso-conocer-al-andalus-perspectivas-desde-el-siglo-xxi\/#breadcrumb"},"inLanguage":"es","potentialAction":[{"@type":"ReadAction","target":["https:\/\/edicionesalfar.es\/es\/producto\/actas-del-congreso-conocer-al-andalus-perspectivas-desde-el-siglo-xxi\/"]}]},{"@type":"ImageObject","inLanguage":"es","@id":"https:\/\/edicionesalfar.es\/es\/producto\/actas-del-congreso-conocer-al-andalus-perspectivas-desde-el-siglo-xxi\/#primaryimage","url":"https:\/\/edicionesalfar.es\/es\/wp-content\/uploads\/2019\/05\/conoceralandalus.jpg","contentUrl":"https:\/\/edicionesalfar.es\/es\/wp-content\/uploads\/2019\/05\/conoceralandalus.jpg"},{"@type":"BreadcrumbList","@id":"https:\/\/edicionesalfar.es\/es\/producto\/actas-del-congreso-conocer-al-andalus-perspectivas-desde-el-siglo-xxi\/#breadcrumb","itemListElement":[{"@type":"ListItem","position":1,"name":"Portada","item":"https:\/\/edicionesalfar.es\/es\/"},{"@type":"ListItem","position":2,"name":"Cat\u00e1logo","item":"https:\/\/edicionesalfar.es\/es\/catalogo\/"},{"@type":"ListItem","position":3,"name":"Actas del congreso Conocer Al-Andalus. Perspectivas desde el siglo XXI"}]},{"@type":"WebSite","@id":"https:\/\/edicionesalfar.es\/es\/#website","url":"https:\/\/edicionesalfar.es\/es\/","name":"Ediciones Alfar","description":"","potentialAction":[{"@type":"SearchAction","target":{"@type":"EntryPoint","urlTemplate":"https:\/\/edicionesalfar.es\/es\/?s={search_term_string}"},"query-input":{"@type":"PropertyValueSpecification","valueRequired":true,"valueName":"search_term_string"}}],"inLanguage":"es"}]}},"_links":{"self":[{"href":"https:\/\/edicionesalfar.es\/es\/wp-json\/wp\/v2\/product\/13630","targetHints":{"allow":["GET"]}}],"collection":[{"href":"https:\/\/edicionesalfar.es\/es\/wp-json\/wp\/v2\/product"}],"about":[{"href":"https:\/\/edicionesalfar.es\/es\/wp-json\/wp\/v2\/types\/product"}],"replies":[{"embeddable":true,"href":"https:\/\/edicionesalfar.es\/es\/wp-json\/wp\/v2\/comments?post=13630"}],"wp:featuredmedia":[{"embeddable":true,"href":"https:\/\/edicionesalfar.es\/es\/wp-json\/wp\/v2\/media\/13631"}],"wp:attachment":[{"href":"https:\/\/edicionesalfar.es\/es\/wp-json\/wp\/v2\/media?parent=13630"}],"wp:term":[{"taxonomy":"product_brand","embeddable":true,"href":"https:\/\/edicionesalfar.es\/es\/wp-json\/wp\/v2\/product_brand?post=13630"},{"taxonomy":"product_cat","embeddable":true,"href":"https:\/\/edicionesalfar.es\/es\/wp-json\/wp\/v2\/product_cat?post=13630"},{"taxonomy":"product_tag","embeddable":true,"href":"https:\/\/edicionesalfar.es\/es\/wp-json\/wp\/v2\/product_tag?post=13630"}],"curies":[{"name":"wp","href":"https:\/\/api.w.org\/{rel}","templated":true}]}}