{"id":13620,"date":"2019-07-11T05:48:24","date_gmt":"2019-07-11T05:48:24","guid":{"rendered":"http:\/\/www.edicionesalfar.es\/web-wordpress\/?post_type=product\\&#021;p="},"modified":"-0001-11-30T00:00:00","modified_gmt":"-0001-11-29T22:00:00","slug":"cantico-resistencia-y-vanguardia-de-los-poetas-de-cordoba","status":"publish","type":"product","link":"https:\/\/edicionesalfar.es\/es\/producto\/cantico-resistencia-y-vanguardia-de-los-poetas-de-cordoba\/","title":{"rendered":"C\u00e1ntico. Resistencia y vanguardia de los poetas de C\u00f3rdoba"},"content":{"rendered":"<p style=\"margin-top: 1em; margin-right: 0px; margin-bottom: 0cm; margin-left: 0px; padding: 0px;\">CONTENIDO:\u00a0Esta es la historia, contada en primera persona por sus protagonistas \u2013y por tanto mecida por los vaivenes de la memoria y sus desconsuelos\u2013, de aquel grupo de muchachos que, en los a\u00f1os cuarenta del pasado siglo, desde C\u00f3rdoba elevaron su voz po\u00e9tica al mundo como en un juego de j\u00f3venes traviesos, sin saber que su canto de amistad y belleza (C\u00e1ntico\u00a0llamaron al fruto colectivo de sus versos) acabar\u00eda poniendo luz donde s\u00f3lo hab\u00eda sombras, y alegr\u00eda de vivir, amar y emborracharse de la misma sustancia de los sue\u00f1os donde apenas si se o\u00eda el latido mortecino de una ciudad entumecida por la postguerra y otros demonios.<\/p>\n<p style=\"margin-top: 1em; margin-right: 0px; margin-bottom: 0cm; margin-left: 0px; padding: 0px;\" align=\"JUSTIFY\">Se recogen la serie de entrevistas (salvo en el caso de Miguel del Moral, en que sus palabras aparecen en formato de semblanza) que la autora hizo, la mayor\u00eda en la d\u00e9cada de los noventa del pasado siglo y publicadas todos ellas en el diario\u00a0C\u00f3rdoba, a los miembros de aquel grupo po\u00e9tico de corta pero intensa vida que a\u00fan sigue dando que hablar y escribir, cada vez con mayor admiraci\u00f3n, seis d\u00e9cadas despu\u00e9s. La m\u00e1s reciente ocasi\u00f3n fue con motivo de una muestra, montada en la Diputaci\u00f3n cordobesa y que despu\u00e9s pudo contemplarse en el Palacio Episcopal de M\u00e1laga, que bajo el t\u00edtulo\u00a0C\u00e1ntico 2010\u00a0era la primera exposici\u00f3n importante dedicada al grupo y a la revista del mismo nombre, hoy considerada uno de los hitos fundamentales de la literatura del siglo XX.<\/p>\n<p style=\"margin-top: 1em; margin-right: 0px; margin-bottom: 0cm; margin-left: 0px; padding: 0px;\">AUTORA:\u00a0Rosa Luque (C\u00f3rdoba, 1958) es licenciada en Ciencias de la Informaci\u00f3n (Periodismo) por la Universidad Complutense de Madrid. Ha centrado su trayectoria profesional en el diario\u00a0C\u00f3rdoba, peri\u00f3dico al que est\u00e1 vinculado desde el a\u00f1o 1978 y del que es jefa de secci\u00f3n desde 1990. Durante su estancia en Londres colabor\u00f3 con el Daily Telegraph. Ha dirigido diversos gabinetes de prensa, como el del Gobierno Civil y el Colegio de Enfermer\u00eda. Es coautora de tres ediciones de la Galer\u00eda de Arte dedicadas a los pintores Aurelio Teno, Gin\u00e9s Li\u00e9bana y Antonio Bujalance. Tambi\u00e9n ha participado en colecciones enciclop\u00e9dicas como Colecci\u00f3n C\u00f3rdoba y Los pueblos de C\u00f3rdoba y en la obra 50 a\u00f1os de C\u00f3rdoba (1991) y Cr\u00f3nica de un sue\u00f1o (2005).<\/p>\n<p style=\"margin-top: 0.18cm; margin-right: 0px; margin-bottom: 0cm; margin-left: 0px; text-indent: 0.03cm; font-style: normal; font-weight: normal; text-decoration: none; padding: 0px;\" lang=\"es-ES\" align=\"JUSTIFY\">En 2005 recibi\u00f3 de la Asociaci\u00f3n de la Prensa el Premio Ciudad de C\u00f3rdoba de Periodismo. En 2007 ingres\u00f3 como miembro en la Real Academia de C\u00f3rdoba de Ciencias, Bellas Letras y Nobleas Artes.<\/p>\n","protected":false},"excerpt":{"rendered":"<p>Entrevistas realizadas a los intregantes del grupo po\u00e9tico C\u00e1ntico. Personajes tan relevantes hoy en d\u00eda como Pablo Garc\u00eda Baena nos cuentan las ra\u00edces, influencias&#8230; de este grupo po\u00e9tica que tanto ha marcado la poes\u00eda del siglo XX. Se acompa\u00f1a una antolog\u00eda de poemas y anexo fotogr\u00e1fico.<\/p>\n<p>DISPONIBLE EN EBOOK<\/p>\n<p><a href=\"http:\/\/www.casadellibro.com\/ebook-cantico-ebook\/9788478984725\/2042535\" target=\"_blank\"><img decoding=\"async\" alt=\"Librer\u00eda casadellibro.com\" src=\"http:\/\/image.casadellibro.com\/t1\/i\/logo-img.png\" \/><\/a><\/p>\n","protected":false},"featured_media":13621,"comment_status":"open","ping_status":"open","template":"","meta":{"_acf_changed":false,"_et_pb_use_builder":"","_et_pb_old_content":"","_et_gb_content_width":""},"product_brand":[],"product_cat":[21],"product_tag":[],"class_list":{"0":"post-13620","1":"product","2":"type-product","3":"status-publish","4":"has-post-thumbnail","6":"product_cat-estudios-literarios","8":"first","9":"instock","10":"taxable","11":"shipping-taxable","12":"purchasable","13":"product-type-simple"},"acf":[],"yoast_head":"<!-- This site is optimized with the Yoast SEO plugin v27.5 - https:\/\/yoast.com\/product\/yoast-seo-wordpress\/ -->\n<title>C\u00e1ntico. Resistencia y vanguardia de los poetas de C\u00f3rdoba - Ediciones Alfar<\/title>\n<meta name=\"robots\" content=\"index, follow, max-snippet:-1, max-image-preview:large, max-video-preview:-1\" \/>\n<link rel=\"canonical\" href=\"https:\/\/edicionesalfar.es\/es\/producto\/cantico-resistencia-y-vanguardia-de-los-poetas-de-cordoba\/\" \/>\n<meta property=\"og:locale\" content=\"es_ES\" \/>\n<meta property=\"og:type\" content=\"article\" \/>\n<meta property=\"og:title\" content=\"C\u00e1ntico. Resistencia y vanguardia de los poetas de C\u00f3rdoba - Ediciones Alfar\" \/>\n<meta property=\"og:description\" content=\"Entrevistas realizadas a los intregantes del grupo po\u00e9tico C\u00e1ntico. Personajes tan relevantes hoy en d\u00eda como Pablo Garc\u00eda Baena nos cuentan las ra\u00edces, influencias... de este grupo po\u00e9tica que tanto ha marcado la poes\u00eda del siglo XX. Se acompa\u00f1a una antolog\u00eda de poemas y anexo fotogr\u00e1fico. DISPONIBLE EN EBOOK\" \/>\n<meta property=\"og:url\" content=\"https:\/\/edicionesalfar.es\/es\/producto\/cantico-resistencia-y-vanguardia-de-los-poetas-de-cordoba\/\" \/>\n<meta property=\"og:site_name\" content=\"Ediciones Alfar\" \/>\n<meta property=\"og:image\" content=\"https:\/\/edicionesalfar.es\/es\/wp-content\/uploads\/2019\/05\/canticosimple.jpg\" \/>\n\t<meta property=\"og:image:width\" content=\"1\" \/>\n\t<meta property=\"og:image:height\" content=\"1\" \/>\n\t<meta property=\"og:image:type\" content=\"image\/jpeg\" \/>\n<meta name=\"twitter:card\" content=\"summary_large_image\" \/>\n<meta name=\"twitter:label1\" content=\"Tiempo de lectura\" \/>\n\t<meta name=\"twitter:data1\" content=\"2 minutos\" \/>\n<script type=\"application\/ld+json\" class=\"yoast-schema-graph\">{\"@context\":\"https:\\\/\\\/schema.org\",\"@graph\":[{\"@type\":\"WebPage\",\"@id\":\"https:\\\/\\\/edicionesalfar.es\\\/es\\\/producto\\\/cantico-resistencia-y-vanguardia-de-los-poetas-de-cordoba\\\/\",\"url\":\"https:\\\/\\\/edicionesalfar.es\\\/es\\\/producto\\\/cantico-resistencia-y-vanguardia-de-los-poetas-de-cordoba\\\/\",\"name\":\"C\u00e1ntico. Resistencia y vanguardia de los poetas de C\u00f3rdoba - Ediciones Alfar\",\"isPartOf\":{\"@id\":\"https:\\\/\\\/edicionesalfar.es\\\/es\\\/#website\"},\"primaryImageOfPage\":{\"@id\":\"https:\\\/\\\/edicionesalfar.es\\\/es\\\/producto\\\/cantico-resistencia-y-vanguardia-de-los-poetas-de-cordoba\\\/#primaryimage\"},\"image\":{\"@id\":\"https:\\\/\\\/edicionesalfar.es\\\/es\\\/producto\\\/cantico-resistencia-y-vanguardia-de-los-poetas-de-cordoba\\\/#primaryimage\"},\"thumbnailUrl\":\"https:\\\/\\\/edicionesalfar.es\\\/es\\\/wp-content\\\/uploads\\\/2019\\\/05\\\/canticosimple.jpg\",\"datePublished\":\"2019-07-11T05:48:24+00:00\",\"breadcrumb\":{\"@id\":\"https:\\\/\\\/edicionesalfar.es\\\/es\\\/producto\\\/cantico-resistencia-y-vanguardia-de-los-poetas-de-cordoba\\\/#breadcrumb\"},\"inLanguage\":\"es\",\"potentialAction\":[{\"@type\":\"ReadAction\",\"target\":[\"https:\\\/\\\/edicionesalfar.es\\\/es\\\/producto\\\/cantico-resistencia-y-vanguardia-de-los-poetas-de-cordoba\\\/\"]}]},{\"@type\":\"ImageObject\",\"inLanguage\":\"es\",\"@id\":\"https:\\\/\\\/edicionesalfar.es\\\/es\\\/producto\\\/cantico-resistencia-y-vanguardia-de-los-poetas-de-cordoba\\\/#primaryimage\",\"url\":\"https:\\\/\\\/edicionesalfar.es\\\/es\\\/wp-content\\\/uploads\\\/2019\\\/05\\\/canticosimple.jpg\",\"contentUrl\":\"https:\\\/\\\/edicionesalfar.es\\\/es\\\/wp-content\\\/uploads\\\/2019\\\/05\\\/canticosimple.jpg\"},{\"@type\":\"BreadcrumbList\",\"@id\":\"https:\\\/\\\/edicionesalfar.es\\\/es\\\/producto\\\/cantico-resistencia-y-vanguardia-de-los-poetas-de-cordoba\\\/#breadcrumb\",\"itemListElement\":[{\"@type\":\"ListItem\",\"position\":1,\"name\":\"Portada\",\"item\":\"https:\\\/\\\/edicionesalfar.es\\\/es\\\/\"},{\"@type\":\"ListItem\",\"position\":2,\"name\":\"Cat\u00e1logo\",\"item\":\"https:\\\/\\\/edicionesalfar.es\\\/es\\\/catalogo\\\/\"},{\"@type\":\"ListItem\",\"position\":3,\"name\":\"C\u00e1ntico. Resistencia y vanguardia de los poetas de C\u00f3rdoba\"}]},{\"@type\":\"WebSite\",\"@id\":\"https:\\\/\\\/edicionesalfar.es\\\/es\\\/#website\",\"url\":\"https:\\\/\\\/edicionesalfar.es\\\/es\\\/\",\"name\":\"Ediciones Alfar\",\"description\":\"\",\"potentialAction\":[{\"@type\":\"SearchAction\",\"target\":{\"@type\":\"EntryPoint\",\"urlTemplate\":\"https:\\\/\\\/edicionesalfar.es\\\/es\\\/?s={search_term_string}\"},\"query-input\":{\"@type\":\"PropertyValueSpecification\",\"valueRequired\":true,\"valueName\":\"search_term_string\"}}],\"inLanguage\":\"es\"}]}<\/script>\n<!-- \/ Yoast SEO plugin. -->","yoast_head_json":{"title":"C\u00e1ntico. Resistencia y vanguardia de los poetas de C\u00f3rdoba - Ediciones Alfar","robots":{"index":"index","follow":"follow","max-snippet":"max-snippet:-1","max-image-preview":"max-image-preview:large","max-video-preview":"max-video-preview:-1"},"canonical":"https:\/\/edicionesalfar.es\/es\/producto\/cantico-resistencia-y-vanguardia-de-los-poetas-de-cordoba\/","og_locale":"es_ES","og_type":"article","og_title":"C\u00e1ntico. Resistencia y vanguardia de los poetas de C\u00f3rdoba - Ediciones Alfar","og_description":"Entrevistas realizadas a los intregantes del grupo po\u00e9tico C\u00e1ntico. Personajes tan relevantes hoy en d\u00eda como Pablo Garc\u00eda Baena nos cuentan las ra\u00edces, influencias... de este grupo po\u00e9tica que tanto ha marcado la poes\u00eda del siglo XX. Se acompa\u00f1a una antolog\u00eda de poemas y anexo fotogr\u00e1fico. DISPONIBLE EN EBOOK","og_url":"https:\/\/edicionesalfar.es\/es\/producto\/cantico-resistencia-y-vanguardia-de-los-poetas-de-cordoba\/","og_site_name":"Ediciones Alfar","og_image":[{"url":"https:\/\/edicionesalfar.es\/es\/wp-content\/uploads\/2019\/05\/canticosimple.jpg","width":1,"height":1,"type":"image\/jpeg"}],"twitter_card":"summary_large_image","twitter_misc":{"Tiempo de lectura":"2 minutos"},"schema":{"@context":"https:\/\/schema.org","@graph":[{"@type":"WebPage","@id":"https:\/\/edicionesalfar.es\/es\/producto\/cantico-resistencia-y-vanguardia-de-los-poetas-de-cordoba\/","url":"https:\/\/edicionesalfar.es\/es\/producto\/cantico-resistencia-y-vanguardia-de-los-poetas-de-cordoba\/","name":"C\u00e1ntico. Resistencia y vanguardia de los poetas de C\u00f3rdoba - Ediciones Alfar","isPartOf":{"@id":"https:\/\/edicionesalfar.es\/es\/#website"},"primaryImageOfPage":{"@id":"https:\/\/edicionesalfar.es\/es\/producto\/cantico-resistencia-y-vanguardia-de-los-poetas-de-cordoba\/#primaryimage"},"image":{"@id":"https:\/\/edicionesalfar.es\/es\/producto\/cantico-resistencia-y-vanguardia-de-los-poetas-de-cordoba\/#primaryimage"},"thumbnailUrl":"https:\/\/edicionesalfar.es\/es\/wp-content\/uploads\/2019\/05\/canticosimple.jpg","datePublished":"2019-07-11T05:48:24+00:00","breadcrumb":{"@id":"https:\/\/edicionesalfar.es\/es\/producto\/cantico-resistencia-y-vanguardia-de-los-poetas-de-cordoba\/#breadcrumb"},"inLanguage":"es","potentialAction":[{"@type":"ReadAction","target":["https:\/\/edicionesalfar.es\/es\/producto\/cantico-resistencia-y-vanguardia-de-los-poetas-de-cordoba\/"]}]},{"@type":"ImageObject","inLanguage":"es","@id":"https:\/\/edicionesalfar.es\/es\/producto\/cantico-resistencia-y-vanguardia-de-los-poetas-de-cordoba\/#primaryimage","url":"https:\/\/edicionesalfar.es\/es\/wp-content\/uploads\/2019\/05\/canticosimple.jpg","contentUrl":"https:\/\/edicionesalfar.es\/es\/wp-content\/uploads\/2019\/05\/canticosimple.jpg"},{"@type":"BreadcrumbList","@id":"https:\/\/edicionesalfar.es\/es\/producto\/cantico-resistencia-y-vanguardia-de-los-poetas-de-cordoba\/#breadcrumb","itemListElement":[{"@type":"ListItem","position":1,"name":"Portada","item":"https:\/\/edicionesalfar.es\/es\/"},{"@type":"ListItem","position":2,"name":"Cat\u00e1logo","item":"https:\/\/edicionesalfar.es\/es\/catalogo\/"},{"@type":"ListItem","position":3,"name":"C\u00e1ntico. Resistencia y vanguardia de los poetas de C\u00f3rdoba"}]},{"@type":"WebSite","@id":"https:\/\/edicionesalfar.es\/es\/#website","url":"https:\/\/edicionesalfar.es\/es\/","name":"Ediciones Alfar","description":"","potentialAction":[{"@type":"SearchAction","target":{"@type":"EntryPoint","urlTemplate":"https:\/\/edicionesalfar.es\/es\/?s={search_term_string}"},"query-input":{"@type":"PropertyValueSpecification","valueRequired":true,"valueName":"search_term_string"}}],"inLanguage":"es"}]}},"_links":{"self":[{"href":"https:\/\/edicionesalfar.es\/es\/wp-json\/wp\/v2\/product\/13620","targetHints":{"allow":["GET"]}}],"collection":[{"href":"https:\/\/edicionesalfar.es\/es\/wp-json\/wp\/v2\/product"}],"about":[{"href":"https:\/\/edicionesalfar.es\/es\/wp-json\/wp\/v2\/types\/product"}],"replies":[{"embeddable":true,"href":"https:\/\/edicionesalfar.es\/es\/wp-json\/wp\/v2\/comments?post=13620"}],"wp:featuredmedia":[{"embeddable":true,"href":"https:\/\/edicionesalfar.es\/es\/wp-json\/wp\/v2\/media\/13621"}],"wp:attachment":[{"href":"https:\/\/edicionesalfar.es\/es\/wp-json\/wp\/v2\/media?parent=13620"}],"wp:term":[{"taxonomy":"product_brand","embeddable":true,"href":"https:\/\/edicionesalfar.es\/es\/wp-json\/wp\/v2\/product_brand?post=13620"},{"taxonomy":"product_cat","embeddable":true,"href":"https:\/\/edicionesalfar.es\/es\/wp-json\/wp\/v2\/product_cat?post=13620"},{"taxonomy":"product_tag","embeddable":true,"href":"https:\/\/edicionesalfar.es\/es\/wp-json\/wp\/v2\/product_tag?post=13620"}],"curies":[{"name":"wp","href":"https:\/\/api.w.org\/{rel}","templated":true}]}}