{"id":13618,"date":"2019-07-11T05:48:23","date_gmt":"2019-07-11T05:48:23","guid":{"rendered":"http:\/\/www.edicionesalfar.es\/web-wordpress\/?post_type=product\\&#021;p="},"modified":"-0001-11-30T00:00:00","modified_gmt":"-0001-11-29T22:00:00","slug":"la-traduccion-como-actividad-editorial-en-la-andalucia-del-siglo-xix","status":"publish","type":"product","link":"https:\/\/edicionesalfar.es\/es\/producto\/la-traduccion-como-actividad-editorial-en-la-andalucia-del-siglo-xix\/","title":{"rendered":"La traducci\u00f3n como  actividad editorial en la Andaluc\u00eda del siglo XIX"},"content":{"rendered":"","protected":false},"excerpt":{"rendered":"<p>Este estudio nos muestra la importante labor de traducci\u00f3n que se produjo en Andaluc\u00eda en el siglo XIX con la publicaci\u00f3n de m\u00e1s de novecientas obras traducidas. Este libro constituye un primer testimonio de la labor de estos traductores andaluces tan injustamente olvidados.<\/p>\n<p>DISPONIBLE EN EBOOK<\/p>\n<p><a href=\"http:\/\/www.casadellibro.com\/ebook-la-traduccion-como-actividad-editorial-en-la-andalucia-del-siglo-xix-ebook\/9788478984664\/2042538\" target=\"_blank\"><img decoding=\"async\" alt=\"Librer\u00eda casadellibro.com\" src=\"http:\/\/image.casadellibro.com\/t1\/i\/logo-img.png\" \/><\/a><\/p>\n","protected":false},"featured_media":13619,"comment_status":"open","ping_status":"open","template":"","meta":{"_acf_changed":false,"_et_pb_use_builder":"","_et_pb_old_content":"","_et_gb_content_width":""},"product_brand":[],"product_cat":[21],"product_tag":[],"class_list":{"0":"post-13618","1":"product","2":"type-product","3":"status-publish","4":"has-post-thumbnail","6":"product_cat-estudios-literarios","8":"first","9":"instock","10":"taxable","11":"shipping-taxable","12":"purchasable","13":"product-type-simple"},"acf":[],"yoast_head":"<!-- This site is optimized with the Yoast SEO plugin v27.4 - https:\/\/yoast.com\/product\/yoast-seo-wordpress\/ -->\n<title>La traducci\u00f3n como actividad editorial en la Andaluc\u00eda del siglo XIX - Ediciones Alfar<\/title>\n<meta name=\"robots\" content=\"index, follow, max-snippet:-1, max-image-preview:large, max-video-preview:-1\" \/>\n<link rel=\"canonical\" href=\"https:\/\/edicionesalfar.es\/es\/producto\/la-traduccion-como-actividad-editorial-en-la-andalucia-del-siglo-xix\/\" \/>\n<meta property=\"og:locale\" content=\"es_ES\" \/>\n<meta property=\"og:type\" content=\"article\" \/>\n<meta property=\"og:title\" content=\"La traducci\u00f3n como actividad editorial en la Andaluc\u00eda del siglo XIX - Ediciones Alfar\" \/>\n<meta property=\"og:description\" content=\"Este estudio nos muestra la importante labor de traducci\u00f3n que se produjo en Andaluc\u00eda en el siglo XIX con la publicaci\u00f3n de m\u00e1s de novecientas obras traducidas. Este libro constituye un primer testimonio de la labor de estos traductores andaluces tan injustamente olvidados. DISPONIBLE EN EBOOK\" \/>\n<meta property=\"og:url\" content=\"https:\/\/edicionesalfar.es\/es\/producto\/la-traduccion-como-actividad-editorial-en-la-andalucia-del-siglo-xix\/\" \/>\n<meta property=\"og:site_name\" content=\"Ediciones Alfar\" \/>\n<meta property=\"og:image\" content=\"https:\/\/edicionesalfar.es\/es\/wp-content\/uploads\/2019\/05\/Traduccion%20simple.jpg\" \/>\n\t<meta property=\"og:image:width\" content=\"1\" \/>\n\t<meta property=\"og:image:height\" content=\"1\" \/>\n\t<meta property=\"og:image:type\" content=\"image\/jpeg\" \/>\n<meta name=\"twitter:card\" content=\"summary_large_image\" \/>\n<script type=\"application\/ld+json\" class=\"yoast-schema-graph\">{\"@context\":\"https:\\\/\\\/schema.org\",\"@graph\":[{\"@type\":\"WebPage\",\"@id\":\"https:\\\/\\\/edicionesalfar.es\\\/es\\\/producto\\\/la-traduccion-como-actividad-editorial-en-la-andalucia-del-siglo-xix\\\/\",\"url\":\"https:\\\/\\\/edicionesalfar.es\\\/es\\\/producto\\\/la-traduccion-como-actividad-editorial-en-la-andalucia-del-siglo-xix\\\/\",\"name\":\"La traducci\u00f3n como actividad editorial en la Andaluc\u00eda del siglo XIX - Ediciones Alfar\",\"isPartOf\":{\"@id\":\"https:\\\/\\\/edicionesalfar.es\\\/es\\\/#website\"},\"primaryImageOfPage\":{\"@id\":\"https:\\\/\\\/edicionesalfar.es\\\/es\\\/producto\\\/la-traduccion-como-actividad-editorial-en-la-andalucia-del-siglo-xix\\\/#primaryimage\"},\"image\":{\"@id\":\"https:\\\/\\\/edicionesalfar.es\\\/es\\\/producto\\\/la-traduccion-como-actividad-editorial-en-la-andalucia-del-siglo-xix\\\/#primaryimage\"},\"thumbnailUrl\":\"https:\\\/\\\/edicionesalfar.es\\\/es\\\/wp-content\\\/uploads\\\/2019\\\/05\\\/Traduccion%20simple.jpg\",\"datePublished\":\"2019-07-11T05:48:23+00:00\",\"breadcrumb\":{\"@id\":\"https:\\\/\\\/edicionesalfar.es\\\/es\\\/producto\\\/la-traduccion-como-actividad-editorial-en-la-andalucia-del-siglo-xix\\\/#breadcrumb\"},\"inLanguage\":\"es\",\"potentialAction\":[{\"@type\":\"ReadAction\",\"target\":[\"https:\\\/\\\/edicionesalfar.es\\\/es\\\/producto\\\/la-traduccion-como-actividad-editorial-en-la-andalucia-del-siglo-xix\\\/\"]}]},{\"@type\":\"ImageObject\",\"inLanguage\":\"es\",\"@id\":\"https:\\\/\\\/edicionesalfar.es\\\/es\\\/producto\\\/la-traduccion-como-actividad-editorial-en-la-andalucia-del-siglo-xix\\\/#primaryimage\",\"url\":\"https:\\\/\\\/edicionesalfar.es\\\/es\\\/wp-content\\\/uploads\\\/2019\\\/05\\\/Traduccion%20simple.jpg\",\"contentUrl\":\"https:\\\/\\\/edicionesalfar.es\\\/es\\\/wp-content\\\/uploads\\\/2019\\\/05\\\/Traduccion%20simple.jpg\"},{\"@type\":\"BreadcrumbList\",\"@id\":\"https:\\\/\\\/edicionesalfar.es\\\/es\\\/producto\\\/la-traduccion-como-actividad-editorial-en-la-andalucia-del-siglo-xix\\\/#breadcrumb\",\"itemListElement\":[{\"@type\":\"ListItem\",\"position\":1,\"name\":\"Portada\",\"item\":\"https:\\\/\\\/edicionesalfar.es\\\/es\\\/\"},{\"@type\":\"ListItem\",\"position\":2,\"name\":\"Cat\u00e1logo\",\"item\":\"https:\\\/\\\/edicionesalfar.es\\\/es\\\/catalogo\\\/\"},{\"@type\":\"ListItem\",\"position\":3,\"name\":\"La traducci\u00f3n como actividad editorial en la Andaluc\u00eda del siglo XIX\"}]},{\"@type\":\"WebSite\",\"@id\":\"https:\\\/\\\/edicionesalfar.es\\\/es\\\/#website\",\"url\":\"https:\\\/\\\/edicionesalfar.es\\\/es\\\/\",\"name\":\"Ediciones Alfar\",\"description\":\"\",\"potentialAction\":[{\"@type\":\"SearchAction\",\"target\":{\"@type\":\"EntryPoint\",\"urlTemplate\":\"https:\\\/\\\/edicionesalfar.es\\\/es\\\/?s={search_term_string}\"},\"query-input\":{\"@type\":\"PropertyValueSpecification\",\"valueRequired\":true,\"valueName\":\"search_term_string\"}}],\"inLanguage\":\"es\"}]}<\/script>\n<!-- \/ Yoast SEO plugin. -->","yoast_head_json":{"title":"La traducci\u00f3n como actividad editorial en la Andaluc\u00eda del siglo XIX - Ediciones Alfar","robots":{"index":"index","follow":"follow","max-snippet":"max-snippet:-1","max-image-preview":"max-image-preview:large","max-video-preview":"max-video-preview:-1"},"canonical":"https:\/\/edicionesalfar.es\/es\/producto\/la-traduccion-como-actividad-editorial-en-la-andalucia-del-siglo-xix\/","og_locale":"es_ES","og_type":"article","og_title":"La traducci\u00f3n como actividad editorial en la Andaluc\u00eda del siglo XIX - Ediciones Alfar","og_description":"Este estudio nos muestra la importante labor de traducci\u00f3n que se produjo en Andaluc\u00eda en el siglo XIX con la publicaci\u00f3n de m\u00e1s de novecientas obras traducidas. Este libro constituye un primer testimonio de la labor de estos traductores andaluces tan injustamente olvidados. DISPONIBLE EN EBOOK","og_url":"https:\/\/edicionesalfar.es\/es\/producto\/la-traduccion-como-actividad-editorial-en-la-andalucia-del-siglo-xix\/","og_site_name":"Ediciones Alfar","og_image":[{"url":"https:\/\/edicionesalfar.es\/es\/wp-content\/uploads\/2019\/05\/Traduccion%20simple.jpg","width":1,"height":1,"type":"image\/jpeg"}],"twitter_card":"summary_large_image","schema":{"@context":"https:\/\/schema.org","@graph":[{"@type":"WebPage","@id":"https:\/\/edicionesalfar.es\/es\/producto\/la-traduccion-como-actividad-editorial-en-la-andalucia-del-siglo-xix\/","url":"https:\/\/edicionesalfar.es\/es\/producto\/la-traduccion-como-actividad-editorial-en-la-andalucia-del-siglo-xix\/","name":"La traducci\u00f3n como actividad editorial en la Andaluc\u00eda del siglo XIX - Ediciones Alfar","isPartOf":{"@id":"https:\/\/edicionesalfar.es\/es\/#website"},"primaryImageOfPage":{"@id":"https:\/\/edicionesalfar.es\/es\/producto\/la-traduccion-como-actividad-editorial-en-la-andalucia-del-siglo-xix\/#primaryimage"},"image":{"@id":"https:\/\/edicionesalfar.es\/es\/producto\/la-traduccion-como-actividad-editorial-en-la-andalucia-del-siglo-xix\/#primaryimage"},"thumbnailUrl":"https:\/\/edicionesalfar.es\/es\/wp-content\/uploads\/2019\/05\/Traduccion%20simple.jpg","datePublished":"2019-07-11T05:48:23+00:00","breadcrumb":{"@id":"https:\/\/edicionesalfar.es\/es\/producto\/la-traduccion-como-actividad-editorial-en-la-andalucia-del-siglo-xix\/#breadcrumb"},"inLanguage":"es","potentialAction":[{"@type":"ReadAction","target":["https:\/\/edicionesalfar.es\/es\/producto\/la-traduccion-como-actividad-editorial-en-la-andalucia-del-siglo-xix\/"]}]},{"@type":"ImageObject","inLanguage":"es","@id":"https:\/\/edicionesalfar.es\/es\/producto\/la-traduccion-como-actividad-editorial-en-la-andalucia-del-siglo-xix\/#primaryimage","url":"https:\/\/edicionesalfar.es\/es\/wp-content\/uploads\/2019\/05\/Traduccion%20simple.jpg","contentUrl":"https:\/\/edicionesalfar.es\/es\/wp-content\/uploads\/2019\/05\/Traduccion%20simple.jpg"},{"@type":"BreadcrumbList","@id":"https:\/\/edicionesalfar.es\/es\/producto\/la-traduccion-como-actividad-editorial-en-la-andalucia-del-siglo-xix\/#breadcrumb","itemListElement":[{"@type":"ListItem","position":1,"name":"Portada","item":"https:\/\/edicionesalfar.es\/es\/"},{"@type":"ListItem","position":2,"name":"Cat\u00e1logo","item":"https:\/\/edicionesalfar.es\/es\/catalogo\/"},{"@type":"ListItem","position":3,"name":"La traducci\u00f3n como actividad editorial en la Andaluc\u00eda del siglo XIX"}]},{"@type":"WebSite","@id":"https:\/\/edicionesalfar.es\/es\/#website","url":"https:\/\/edicionesalfar.es\/es\/","name":"Ediciones Alfar","description":"","potentialAction":[{"@type":"SearchAction","target":{"@type":"EntryPoint","urlTemplate":"https:\/\/edicionesalfar.es\/es\/?s={search_term_string}"},"query-input":{"@type":"PropertyValueSpecification","valueRequired":true,"valueName":"search_term_string"}}],"inLanguage":"es"}]}},"_links":{"self":[{"href":"https:\/\/edicionesalfar.es\/es\/wp-json\/wp\/v2\/product\/13618","targetHints":{"allow":["GET"]}}],"collection":[{"href":"https:\/\/edicionesalfar.es\/es\/wp-json\/wp\/v2\/product"}],"about":[{"href":"https:\/\/edicionesalfar.es\/es\/wp-json\/wp\/v2\/types\/product"}],"replies":[{"embeddable":true,"href":"https:\/\/edicionesalfar.es\/es\/wp-json\/wp\/v2\/comments?post=13618"}],"wp:featuredmedia":[{"embeddable":true,"href":"https:\/\/edicionesalfar.es\/es\/wp-json\/wp\/v2\/media\/13619"}],"wp:attachment":[{"href":"https:\/\/edicionesalfar.es\/es\/wp-json\/wp\/v2\/media?parent=13618"}],"wp:term":[{"taxonomy":"product_brand","embeddable":true,"href":"https:\/\/edicionesalfar.es\/es\/wp-json\/wp\/v2\/product_brand?post=13618"},{"taxonomy":"product_cat","embeddable":true,"href":"https:\/\/edicionesalfar.es\/es\/wp-json\/wp\/v2\/product_cat?post=13618"},{"taxonomy":"product_tag","embeddable":true,"href":"https:\/\/edicionesalfar.es\/es\/wp-json\/wp\/v2\/product_tag?post=13618"}],"curies":[{"name":"wp","href":"https:\/\/api.w.org\/{rel}","templated":true}]}}