{"id":13614,"date":"2019-07-11T05:48:20","date_gmt":"2019-07-11T05:48:20","guid":{"rendered":"http:\/\/www.edicionesalfar.es\/web-wordpress\/?post_type=product\\&#022;p="},"modified":"-0001-11-30T00:00:00","modified_gmt":"-0001-11-29T22:00:00","slug":"redes-sociales-y-discapacidad","status":"publish","type":"product","link":"https:\/\/edicionesalfar.es\/es\/producto\/redes-sociales-y-discapacidad\/","title":{"rendered":"Redes sociales y discapacidad"},"content":{"rendered":"<p style=\"margin-top: 1em; margin-right: 0px; margin-bottom: 0cm; margin-left: 0px; padding-left: 0px;\" align=\"JUSTIFY\">CONTENIDO:\u00a0En este libro, nuestro amigo Juan Ram\u00f3n Jim\u00e9nez, vinculado desde\u00a0siempre al mundo de la discapacidad, primero vitalmente y despu\u00e9s por vocaci\u00f3n profesional, nos ofrece una perspectiva novedosa de ese mundo. Con frecuencia se nos ha presentado la realidad de las personas con discapacidad \u00fanica o predominantemente desde la perspectiva sanitaria o asistencial. Tenemos en nuestras manos una mirada desde su dimensi\u00f3n global y no sectorizada, desde la complejidad que caracteriza esta realidad. En esta obra descubrimos la importancia del asociacionismo para dar respuesta, de manera global, y desde el protagonismo de las propias personas con discapacidad, a los grandes retos que nos plantea esta realidad tan compleja y tan presente en nuestra sociedad.<\/p>\n<p>En nuestro trabajo con estas personas, el reto m\u00e1s urgente y necesario que tenemos entre manos es la promoci\u00f3n integral de las mismas, desarroll\u00e1ndose plenamente como tales.\u00a0<br \/>\nEs decir, que las personas con discapacidad vivan conforme a su dignidad de personas, que est\u00e1 por encima de cualquier otra consideraci\u00f3n de cualquier tipo. El aut\u00e9ntico\u00a0<br \/>\ndesarrollo del ser humano, que le concierne de manera unitaria en todas sus dimensiones, debe ser integral, promover a todas las personas y a toda persona sin distinci\u00f3n.<br \/>\nEsta acci\u00f3n promocional ha de ser una acci\u00f3n colectiva de las propias personas con discapacidad, abarc\u00e1ndolas a todas, en todo el mundo, en una solidaridad internacional.<br \/>\nCon esta publicaci\u00f3n \u201cRedes sociales y discapacidad\u201d, su autor nos ofrece una herramienta de gran valor en nuestro trabajo diario con las personas con discapacidad.<br \/>\n(Jaime Guti\u00e9rrez Villanueva)<\/p>\n<p>AUTOR: Juan Ram\u00f3n Jim\u00e9nez Sim\u00f3n es sevillano de ascendencia manchega. Es doctor en Ciencias Sociales por la Universidad Pablo de Olavide,\u00a0<br \/>\nposee la D.E.A. En Sociolog\u00eda por la Universidad Complutense de Madrid y es licenciado en Filosof\u00eda y Ciencias de la Educaci\u00f3n por la Universidad\u00a0<br \/>\nde Sevilla. Trabaja en FSC INSERTA de Fundaci\u00f3n ONCE como coordinador de orientaci\u00f3n y formaci\u00f3n en la zona de Andaluc\u00eda Occidental.\u00a0<br \/>\nVinculado a la realidad de las personas con capacidades diferentes, siempre ha mostrado inter\u00e9s por la exclusi\u00f3n social y la diversidad.<\/p>\n<p style=\"margin-top: 1em; margin-right: 0px; margin-bottom: 0cm; margin-left: 0px; padding-left: 0px;\" align=\"JUSTIFY\">\u00cdNDICE:<\/p>\n<p style=\"margin-top: 1em; margin-right: 0px; margin-bottom: 0cm; margin-left: 0px; padding-left: 0px;\" align=\"JUSTIFY\">PR\u00d3LOGO<br style=\"height: 1px; font-size: 1px;\" \/>INTRODUCCI\u00d3N\u00a0<br style=\"height: 1px; font-size: 1px;\" \/>CAP\u00cdTULO I. LA EDUCACI\u00d3N SOCIAL EN EL MARCO DE LA EDUCACI\u00d3N NO FORMAL<br style=\"height: 1px; font-size: 1px;\" \/>CAP\u00cdTULO II. EL MOVIMIENTO ASOCIATIVO DE LAS PERSONAS CON DISCAPACIDAD<br style=\"height: 1px; font-size: 1px;\" \/>CAP\u00cdTULO III. EL PARADIGMA DE LA COMPLEJIDAD<br style=\"height: 1px; font-size: 1px;\" \/>CAP\u00cdTULO IV. LA REALIDAD SOCIAL COMO SISTEMA COMPLEJO<br style=\"height: 1px; font-size: 1px;\" \/>CAP\u00cdTULO V. EL AN\u00c1LISIS DE LAS REDES SOCIALES<br style=\"height: 1px; font-size: 1px;\" \/>CAP\u00cdTULO VI. SISTEMAS ORGANIZATIVOS EN DISCAPACIDAD: UNIDAD Y COMPLEJIDAD<br style=\"height: 1px; font-size: 1px;\" \/>CAP\u00cdTULO VII. HACIA UNA COMPRENSI\u00d3N SISTEM\u00c1TICA Y COMPLEJA DE LA REALIDAD<br style=\"height: 1px; font-size: 1px;\" \/>BIBLIOGRAF\u00cdA GENERAL<\/p>\n","protected":false},"excerpt":{"rendered":"<div id=\"_mcePaste\" style=\"position: absolute; left: -10000px; top: 0px; width: 1px; height: 1px; overflow-x: hidden; overflow-y: hidden;\">En esta obra descubrimos la importancia del asociacionismo para dar respuesta, de manera global, y desde el protagonismo de las propias personas con discapacidad, a los grandes retos que nos plantea esta realidad tan compleja y tan presente en nuestra sociedad.<\/div>\n<div>&nbsp;<\/div>\n<p>En esta obra descubrimos la importancia del asociacionismo para dar respuesta, de manera global, y desde el protagonismo de las propias personas con discapacidad, a los grandes retos que nos plantea esta realidad tan compleja y tan presente en nuestra sociedad.<\/p>\n","protected":false},"featured_media":13615,"comment_status":"open","ping_status":"open","template":"","meta":{"_acf_changed":false,"_et_pb_use_builder":"","_et_pb_old_content":"","_et_gb_content_width":""},"product_brand":[],"product_cat":[22],"product_tag":[],"class_list":{"0":"post-13614","1":"product","2":"type-product","3":"status-publish","4":"has-post-thumbnail","6":"product_cat-estudios-comunicacion","8":"first","9":"instock","10":"taxable","11":"shipping-taxable","12":"purchasable","13":"product-type-simple"},"acf":[],"yoast_head":"<!-- This site is optimized with the Yoast SEO plugin v27.6 - https:\/\/yoast.com\/product\/yoast-seo-wordpress\/ -->\n<title>Redes sociales y discapacidad - Ediciones Alfar<\/title>\n<meta name=\"robots\" content=\"index, follow, max-snippet:-1, max-image-preview:large, max-video-preview:-1\" \/>\n<link rel=\"canonical\" href=\"https:\/\/edicionesalfar.es\/es\/producto\/redes-sociales-y-discapacidad\/\" \/>\n<meta property=\"og:locale\" content=\"es_ES\" \/>\n<meta property=\"og:type\" content=\"article\" \/>\n<meta property=\"og:title\" content=\"Redes sociales y discapacidad - Ediciones Alfar\" \/>\n<meta property=\"og:description\" content=\"En esta obra descubrimos la importancia del asociacionismo para dar respuesta, de manera global, y desde el protagonismo de las propias personas con discapacidad, a los grandes retos que nos plantea esta realidad tan compleja y tan presente en nuestra sociedad. &nbsp; En esta obra descubrimos la importancia del asociacionismo para dar respuesta, de manera global, y desde el protagonismo de las propias personas con discapacidad, a los grandes retos que nos plantea esta realidad tan compleja y tan presente en nuestra sociedad.\" \/>\n<meta property=\"og:url\" content=\"https:\/\/edicionesalfar.es\/es\/producto\/redes-sociales-y-discapacidad\/\" \/>\n<meta property=\"og:site_name\" content=\"Ediciones Alfar\" \/>\n<meta property=\"og:image\" content=\"https:\/\/edicionesalfar.es\/es\/wp-content\/uploads\/2019\/05\/Redessociales.jpg\" \/>\n\t<meta property=\"og:image:width\" content=\"1\" \/>\n\t<meta property=\"og:image:height\" content=\"1\" \/>\n\t<meta property=\"og:image:type\" content=\"image\/jpeg\" \/>\n<meta name=\"twitter:card\" content=\"summary_large_image\" \/>\n<meta name=\"twitter:label1\" content=\"Tiempo de lectura\" \/>\n\t<meta name=\"twitter:data1\" content=\"2 minutos\" \/>\n<script type=\"application\/ld+json\" class=\"yoast-schema-graph\">{\"@context\":\"https:\\\/\\\/schema.org\",\"@graph\":[{\"@type\":\"WebPage\",\"@id\":\"https:\\\/\\\/edicionesalfar.es\\\/es\\\/producto\\\/redes-sociales-y-discapacidad\\\/\",\"url\":\"https:\\\/\\\/edicionesalfar.es\\\/es\\\/producto\\\/redes-sociales-y-discapacidad\\\/\",\"name\":\"Redes sociales y discapacidad - Ediciones Alfar\",\"isPartOf\":{\"@id\":\"https:\\\/\\\/edicionesalfar.es\\\/es\\\/#website\"},\"primaryImageOfPage\":{\"@id\":\"https:\\\/\\\/edicionesalfar.es\\\/es\\\/producto\\\/redes-sociales-y-discapacidad\\\/#primaryimage\"},\"image\":{\"@id\":\"https:\\\/\\\/edicionesalfar.es\\\/es\\\/producto\\\/redes-sociales-y-discapacidad\\\/#primaryimage\"},\"thumbnailUrl\":\"https:\\\/\\\/edicionesalfar.es\\\/es\\\/wp-content\\\/uploads\\\/2019\\\/05\\\/Redessociales.jpg\",\"datePublished\":\"2019-07-11T05:48:20+00:00\",\"breadcrumb\":{\"@id\":\"https:\\\/\\\/edicionesalfar.es\\\/es\\\/producto\\\/redes-sociales-y-discapacidad\\\/#breadcrumb\"},\"inLanguage\":\"es\",\"potentialAction\":[{\"@type\":\"ReadAction\",\"target\":[\"https:\\\/\\\/edicionesalfar.es\\\/es\\\/producto\\\/redes-sociales-y-discapacidad\\\/\"]}]},{\"@type\":\"ImageObject\",\"inLanguage\":\"es\",\"@id\":\"https:\\\/\\\/edicionesalfar.es\\\/es\\\/producto\\\/redes-sociales-y-discapacidad\\\/#primaryimage\",\"url\":\"https:\\\/\\\/edicionesalfar.es\\\/es\\\/wp-content\\\/uploads\\\/2019\\\/05\\\/Redessociales.jpg\",\"contentUrl\":\"https:\\\/\\\/edicionesalfar.es\\\/es\\\/wp-content\\\/uploads\\\/2019\\\/05\\\/Redessociales.jpg\"},{\"@type\":\"BreadcrumbList\",\"@id\":\"https:\\\/\\\/edicionesalfar.es\\\/es\\\/producto\\\/redes-sociales-y-discapacidad\\\/#breadcrumb\",\"itemListElement\":[{\"@type\":\"ListItem\",\"position\":1,\"name\":\"Portada\",\"item\":\"https:\\\/\\\/edicionesalfar.es\\\/es\\\/\"},{\"@type\":\"ListItem\",\"position\":2,\"name\":\"Cat\u00e1logo\",\"item\":\"https:\\\/\\\/edicionesalfar.es\\\/es\\\/catalogo\\\/\"},{\"@type\":\"ListItem\",\"position\":3,\"name\":\"Redes sociales y discapacidad\"}]},{\"@type\":\"WebSite\",\"@id\":\"https:\\\/\\\/edicionesalfar.es\\\/es\\\/#website\",\"url\":\"https:\\\/\\\/edicionesalfar.es\\\/es\\\/\",\"name\":\"Ediciones Alfar\",\"description\":\"\",\"potentialAction\":[{\"@type\":\"SearchAction\",\"target\":{\"@type\":\"EntryPoint\",\"urlTemplate\":\"https:\\\/\\\/edicionesalfar.es\\\/es\\\/?s={search_term_string}\"},\"query-input\":{\"@type\":\"PropertyValueSpecification\",\"valueRequired\":true,\"valueName\":\"search_term_string\"}}],\"inLanguage\":\"es\"}]}<\/script>\n<!-- \/ Yoast SEO plugin. -->","yoast_head_json":{"title":"Redes sociales y discapacidad - Ediciones Alfar","robots":{"index":"index","follow":"follow","max-snippet":"max-snippet:-1","max-image-preview":"max-image-preview:large","max-video-preview":"max-video-preview:-1"},"canonical":"https:\/\/edicionesalfar.es\/es\/producto\/redes-sociales-y-discapacidad\/","og_locale":"es_ES","og_type":"article","og_title":"Redes sociales y discapacidad - Ediciones Alfar","og_description":"En esta obra descubrimos la importancia del asociacionismo para dar respuesta, de manera global, y desde el protagonismo de las propias personas con discapacidad, a los grandes retos que nos plantea esta realidad tan compleja y tan presente en nuestra sociedad. &nbsp; En esta obra descubrimos la importancia del asociacionismo para dar respuesta, de manera global, y desde el protagonismo de las propias personas con discapacidad, a los grandes retos que nos plantea esta realidad tan compleja y tan presente en nuestra sociedad.","og_url":"https:\/\/edicionesalfar.es\/es\/producto\/redes-sociales-y-discapacidad\/","og_site_name":"Ediciones Alfar","og_image":[{"url":"https:\/\/edicionesalfar.es\/es\/wp-content\/uploads\/2019\/05\/Redessociales.jpg","width":1,"height":1,"type":"image\/jpeg"}],"twitter_card":"summary_large_image","twitter_misc":{"Tiempo de lectura":"2 minutos"},"schema":{"@context":"https:\/\/schema.org","@graph":[{"@type":"WebPage","@id":"https:\/\/edicionesalfar.es\/es\/producto\/redes-sociales-y-discapacidad\/","url":"https:\/\/edicionesalfar.es\/es\/producto\/redes-sociales-y-discapacidad\/","name":"Redes sociales y discapacidad - Ediciones Alfar","isPartOf":{"@id":"https:\/\/edicionesalfar.es\/es\/#website"},"primaryImageOfPage":{"@id":"https:\/\/edicionesalfar.es\/es\/producto\/redes-sociales-y-discapacidad\/#primaryimage"},"image":{"@id":"https:\/\/edicionesalfar.es\/es\/producto\/redes-sociales-y-discapacidad\/#primaryimage"},"thumbnailUrl":"https:\/\/edicionesalfar.es\/es\/wp-content\/uploads\/2019\/05\/Redessociales.jpg","datePublished":"2019-07-11T05:48:20+00:00","breadcrumb":{"@id":"https:\/\/edicionesalfar.es\/es\/producto\/redes-sociales-y-discapacidad\/#breadcrumb"},"inLanguage":"es","potentialAction":[{"@type":"ReadAction","target":["https:\/\/edicionesalfar.es\/es\/producto\/redes-sociales-y-discapacidad\/"]}]},{"@type":"ImageObject","inLanguage":"es","@id":"https:\/\/edicionesalfar.es\/es\/producto\/redes-sociales-y-discapacidad\/#primaryimage","url":"https:\/\/edicionesalfar.es\/es\/wp-content\/uploads\/2019\/05\/Redessociales.jpg","contentUrl":"https:\/\/edicionesalfar.es\/es\/wp-content\/uploads\/2019\/05\/Redessociales.jpg"},{"@type":"BreadcrumbList","@id":"https:\/\/edicionesalfar.es\/es\/producto\/redes-sociales-y-discapacidad\/#breadcrumb","itemListElement":[{"@type":"ListItem","position":1,"name":"Portada","item":"https:\/\/edicionesalfar.es\/es\/"},{"@type":"ListItem","position":2,"name":"Cat\u00e1logo","item":"https:\/\/edicionesalfar.es\/es\/catalogo\/"},{"@type":"ListItem","position":3,"name":"Redes sociales y discapacidad"}]},{"@type":"WebSite","@id":"https:\/\/edicionesalfar.es\/es\/#website","url":"https:\/\/edicionesalfar.es\/es\/","name":"Ediciones Alfar","description":"","potentialAction":[{"@type":"SearchAction","target":{"@type":"EntryPoint","urlTemplate":"https:\/\/edicionesalfar.es\/es\/?s={search_term_string}"},"query-input":{"@type":"PropertyValueSpecification","valueRequired":true,"valueName":"search_term_string"}}],"inLanguage":"es"}]}},"_links":{"self":[{"href":"https:\/\/edicionesalfar.es\/es\/wp-json\/wp\/v2\/product\/13614","targetHints":{"allow":["GET"]}}],"collection":[{"href":"https:\/\/edicionesalfar.es\/es\/wp-json\/wp\/v2\/product"}],"about":[{"href":"https:\/\/edicionesalfar.es\/es\/wp-json\/wp\/v2\/types\/product"}],"replies":[{"embeddable":true,"href":"https:\/\/edicionesalfar.es\/es\/wp-json\/wp\/v2\/comments?post=13614"}],"wp:featuredmedia":[{"embeddable":true,"href":"https:\/\/edicionesalfar.es\/es\/wp-json\/wp\/v2\/media\/13615"}],"wp:attachment":[{"href":"https:\/\/edicionesalfar.es\/es\/wp-json\/wp\/v2\/media?parent=13614"}],"wp:term":[{"taxonomy":"product_brand","embeddable":true,"href":"https:\/\/edicionesalfar.es\/es\/wp-json\/wp\/v2\/product_brand?post=13614"},{"taxonomy":"product_cat","embeddable":true,"href":"https:\/\/edicionesalfar.es\/es\/wp-json\/wp\/v2\/product_cat?post=13614"},{"taxonomy":"product_tag","embeddable":true,"href":"https:\/\/edicionesalfar.es\/es\/wp-json\/wp\/v2\/product_tag?post=13614"}],"curies":[{"name":"wp","href":"https:\/\/api.w.org\/{rel}","templated":true}]}}