{"id":13610,"date":"2019-07-11T05:48:18","date_gmt":"2019-07-11T05:48:18","guid":{"rendered":"http:\/\/www.edicionesalfar.es\/web-wordpress\/?post_type=product&#038;#021;p="},"modified":"2022-09-07T08:43:26","modified_gmt":"2022-09-07T06:43:26","slug":"la-novela-policiaca-en-italia","status":"publish","type":"product","link":"https:\/\/edicionesalfar.es\/es\/producto\/la-novela-policiaca-en-italia\/","title":{"rendered":"La novela polic\u00edaca en Italia"},"content":{"rendered":"<p style=\"padding-left: 0px; margin: 1em 0px 0cm 0px;\" align=\"JUSTIFY\">CONTENIDO:\u00a0Si pudi\u00e9semos trazar, antes de tiempo, unas pautas generales que de alguna manera sirvieran para definir el ADN it\u00e1lico de la novela polic\u00edaca, limit\u00e1ndonos a los a\u00f1os y a los autores anteriormente mencionados, dir\u00edamos que este g\u00e9nero ha sufrido en Italia un desarrollo constante que lo ha llevado a la afirmaci\u00f3n de un modelo t\u00edpico de novela polic\u00edaca a la italiana, es decir, un g\u00e9nero que ha estado muy atento y ha perseguido muy de cerca la realidad pol\u00edtica y social de Italia y con ella ha ido cambiando transform\u00e1ndose y adapt\u00e1ndose a las nuevas circunstancias y a los nuevos argumentos que la reciente historia de este pa\u00eds ha sido capaz de ofrecer.<\/p>\n<p style=\"padding-left: 0px; margin: 1em 0px 0cm 0px;\" align=\"JUSTIFY\">Muchas son las referencias a argumentos de actualidad como la crisis pol\u00edtico\u2013institucional, el terrorismo, la mafia, pasando por temas tan graves y tan actuales como el tr\u00e1fico de armas, de \u00f3rganos o de humanos, problemas que en los \u00faltimos a\u00f1os han llenado de tinta negra las p\u00e1ginas de los peri\u00f3dicos transalpinos.<\/p>\n<p lang=\"es-ES\" style=\"padding-left: 0px; text-decoration: none; margin: 1em 0px 0cm 0px;\" align=\"JUSTIFY\">Esta atenci\u00f3n y esta nueva \u201csensibilidad\u201d dirigida hacia los problemas reales de lo cotidiano no se expresa en t\u00e9rminos formales \u2015el g\u00e9nero polic\u00edaco visto como simple pretexto narrativo\u2015 o de relleno, sino de forma sustancial, respetando las reglas estructurales del g\u00e9nero del cual nos ocupamos.<\/p>\n<p>AUTOR: Giovanni Caprara ha abordado el estudio de la variaci\u00f3n ling\u00fc\u00edstica del italiano y de la traducci\u00f3n en distintas investigaciones y <br style=\"height: 1px; font-size: 1px;\" \/>publicaciones. Ha traducido al italiano obras de autores como Justo Navarro, Jos\u00e9 Antonio Mu\u00f1oz Rojas, Antonio Mart\u00ednez Asensio y al <br style=\"height: 1px; font-size: 1px;\" \/>castellano algunos poemas de Alda Merini. Ha realizado la traducci\u00f3n del cat\u00e1logo razonado sobre el artista Jos\u00e9 Guerrero publicado por la <br style=\"height: 1px; font-size: 1px;\" \/>Diputaci\u00f3n Provincial de Granada y ha traducido tambi\u00e9n varias gu\u00edas tur\u00edsticas. Ha colaborado a la versi\u00f3n italiana de la antolog\u00eda <br style=\"height: 1px; font-size: 1px;\" \/>Tra ansia e finitudine. La nuova Europa dei poeti, publicada por la editorial Nyomda (Hungr\u00eda) y a la edici\u00f3n y traducci\u00f3n al <br style=\"height: 1px; font-size: 1px;\" \/>italiano de algunos estudios aparecidos en La orden de detenci\u00f3n y entrega europea publicado por la Universidad de Castilla-La Mancha <br style=\"height: 1px; font-size: 1px;\" \/>y La prueba en el Espacio Europeo de Libertad, Seguridad y Justicia Pena publicado por Thomson-Aranzadi. Es miembro del consejo <br style=\"height: 1px; font-size: 1px;\" \/>de redacci\u00f3n de la revista Entreculturas y Profesor de la Universidad de M\u00e1laga.<br \/>\n\u00cdNDICE:<\/p>\n<p>Pr\u00f3logo<br style=\"height: 1px; font-size: 1px;\" \/>Introducci\u00f3n\u00a0<br style=\"height: 1px; font-size: 1px;\" \/>1. Un g\u00e9nero de entretenimiento\u00a0<br style=\"height: 1px; font-size: 1px;\" \/>2. Antecedentes literarios<br style=\"height: 1px; font-size: 1px;\" \/>3. El g\u00e9nero polic\u00edaco en Italia\u00a0<br style=\"height: 1px; font-size: 1px;\" \/>4. Limitaciones y problemas del giallo en Italia\u00a0<br style=\"height: 1px; font-size: 1px;\" \/>5. Las primeras publicaciones\u00a0<br style=\"height: 1px; font-size: 1px;\" \/>6. El giallo hist\u00f3rico\u00a0<br style=\"height: 1px; font-size: 1px;\" \/>7. El fen\u00f3meno Andrea Camilleri\u00a0<br style=\"height: 1px; font-size: 1px;\" \/>8. No s\u00f3lo literatura: las series de televisi\u00f3n\u00a0<br style=\"height: 1px; font-size: 1px;\" \/>Bibliograf\u00eda\u00a0<br style=\"height: 1px; font-size: 1px;\" \/>Bibliograf\u00eda de Referencia<\/p>\n","protected":false},"excerpt":{"rendered":"<p><span style=\"color: #333333; font-size: 13px; line-height: 20px;\">Breve estudio sobre el uso que se hace del g\u00e9nero polic\u00edaco como pretexto narrativo para manifestar la realidad pol\u00edtica, social y econ\u00f3mica de Italia.<\/span><\/p>\n","protected":false},"featured_media":13611,"comment_status":"open","ping_status":"closed","template":"","meta":{"_acf_changed":false,"_et_pb_use_builder":"","_et_pb_old_content":"","_et_gb_content_width":""},"product_brand":[],"product_cat":[376,495,21],"product_tag":[],"class_list":{"0":"post-13610","1":"product","2":"type-product","3":"status-publish","4":"has-post-thumbnail","6":"product_cat-autores","7":"product_cat-caprara-giovanni","8":"product_cat-estudios-literarios","10":"first","11":"instock","12":"taxable","13":"shipping-taxable","14":"purchasable","15":"product-type-simple"},"acf":[],"yoast_head":"<!-- This site is optimized with the Yoast SEO plugin v27.3 - https:\/\/yoast.com\/product\/yoast-seo-wordpress\/ -->\n<title>La novela polic\u00edaca en Italia - Ediciones Alfar<\/title>\n<meta name=\"robots\" content=\"index, follow, max-snippet:-1, max-image-preview:large, max-video-preview:-1\" \/>\n<link rel=\"canonical\" href=\"https:\/\/edicionesalfar.es\/es\/producto\/la-novela-policiaca-en-italia\/\" \/>\n<meta property=\"og:locale\" content=\"es_ES\" \/>\n<meta property=\"og:type\" content=\"article\" \/>\n<meta property=\"og:title\" content=\"La novela polic\u00edaca en Italia - Ediciones Alfar\" \/>\n<meta property=\"og:description\" content=\"Breve estudio sobre el uso que se hace del g\u00e9nero polic\u00edaco como pretexto narrativo para manifestar la realidad pol\u00edtica, social y econ\u00f3mica de Italia.\" \/>\n<meta property=\"og:url\" content=\"https:\/\/edicionesalfar.es\/es\/producto\/la-novela-policiaca-en-italia\/\" \/>\n<meta property=\"og:site_name\" content=\"Ediciones Alfar\" \/>\n<meta property=\"article:modified_time\" content=\"2022-09-07T06:43:26+00:00\" \/>\n<meta property=\"og:image\" content=\"https:\/\/edicionesalfar.es\/es\/wp-content\/uploads\/2019\/05\/Lanovelapoliciaca.jpg\" \/>\n\t<meta property=\"og:image:width\" content=\"1\" \/>\n\t<meta property=\"og:image:height\" content=\"1\" \/>\n\t<meta property=\"og:image:type\" content=\"image\/jpeg\" \/>\n<meta name=\"twitter:card\" content=\"summary_large_image\" \/>\n<meta name=\"twitter:label1\" content=\"Tiempo de lectura\" \/>\n\t<meta name=\"twitter:data1\" content=\"2 minutos\" \/>\n<script type=\"application\/ld+json\" class=\"yoast-schema-graph\">{\"@context\":\"https:\\\/\\\/schema.org\",\"@graph\":[{\"@type\":\"WebPage\",\"@id\":\"https:\\\/\\\/edicionesalfar.es\\\/es\\\/producto\\\/la-novela-policiaca-en-italia\\\/\",\"url\":\"https:\\\/\\\/edicionesalfar.es\\\/es\\\/producto\\\/la-novela-policiaca-en-italia\\\/\",\"name\":\"La novela polic\u00edaca en Italia - Ediciones Alfar\",\"isPartOf\":{\"@id\":\"https:\\\/\\\/edicionesalfar.es\\\/es\\\/#website\"},\"primaryImageOfPage\":{\"@id\":\"https:\\\/\\\/edicionesalfar.es\\\/es\\\/producto\\\/la-novela-policiaca-en-italia\\\/#primaryimage\"},\"image\":{\"@id\":\"https:\\\/\\\/edicionesalfar.es\\\/es\\\/producto\\\/la-novela-policiaca-en-italia\\\/#primaryimage\"},\"thumbnailUrl\":\"https:\\\/\\\/edicionesalfar.es\\\/es\\\/wp-content\\\/uploads\\\/2019\\\/05\\\/Lanovelapoliciaca.jpg\",\"datePublished\":\"2019-07-11T05:48:18+00:00\",\"dateModified\":\"2022-09-07T06:43:26+00:00\",\"breadcrumb\":{\"@id\":\"https:\\\/\\\/edicionesalfar.es\\\/es\\\/producto\\\/la-novela-policiaca-en-italia\\\/#breadcrumb\"},\"inLanguage\":\"es\",\"potentialAction\":[{\"@type\":\"ReadAction\",\"target\":[\"https:\\\/\\\/edicionesalfar.es\\\/es\\\/producto\\\/la-novela-policiaca-en-italia\\\/\"]}]},{\"@type\":\"ImageObject\",\"inLanguage\":\"es\",\"@id\":\"https:\\\/\\\/edicionesalfar.es\\\/es\\\/producto\\\/la-novela-policiaca-en-italia\\\/#primaryimage\",\"url\":\"https:\\\/\\\/edicionesalfar.es\\\/es\\\/wp-content\\\/uploads\\\/2019\\\/05\\\/Lanovelapoliciaca.jpg\",\"contentUrl\":\"https:\\\/\\\/edicionesalfar.es\\\/es\\\/wp-content\\\/uploads\\\/2019\\\/05\\\/Lanovelapoliciaca.jpg\"},{\"@type\":\"BreadcrumbList\",\"@id\":\"https:\\\/\\\/edicionesalfar.es\\\/es\\\/producto\\\/la-novela-policiaca-en-italia\\\/#breadcrumb\",\"itemListElement\":[{\"@type\":\"ListItem\",\"position\":1,\"name\":\"Portada\",\"item\":\"https:\\\/\\\/edicionesalfar.es\\\/es\\\/\"},{\"@type\":\"ListItem\",\"position\":2,\"name\":\"Cat\u00e1logo\",\"item\":\"https:\\\/\\\/edicionesalfar.es\\\/es\\\/catalogo\\\/\"},{\"@type\":\"ListItem\",\"position\":3,\"name\":\"La novela polic\u00edaca en Italia\"}]},{\"@type\":\"WebSite\",\"@id\":\"https:\\\/\\\/edicionesalfar.es\\\/es\\\/#website\",\"url\":\"https:\\\/\\\/edicionesalfar.es\\\/es\\\/\",\"name\":\"Ediciones Alfar\",\"description\":\"\",\"potentialAction\":[{\"@type\":\"SearchAction\",\"target\":{\"@type\":\"EntryPoint\",\"urlTemplate\":\"https:\\\/\\\/edicionesalfar.es\\\/es\\\/?s={search_term_string}\"},\"query-input\":{\"@type\":\"PropertyValueSpecification\",\"valueRequired\":true,\"valueName\":\"search_term_string\"}}],\"inLanguage\":\"es\"}]}<\/script>\n<!-- \/ Yoast SEO plugin. -->","yoast_head_json":{"title":"La novela polic\u00edaca en Italia - Ediciones Alfar","robots":{"index":"index","follow":"follow","max-snippet":"max-snippet:-1","max-image-preview":"max-image-preview:large","max-video-preview":"max-video-preview:-1"},"canonical":"https:\/\/edicionesalfar.es\/es\/producto\/la-novela-policiaca-en-italia\/","og_locale":"es_ES","og_type":"article","og_title":"La novela polic\u00edaca en Italia - Ediciones Alfar","og_description":"Breve estudio sobre el uso que se hace del g\u00e9nero polic\u00edaco como pretexto narrativo para manifestar la realidad pol\u00edtica, social y econ\u00f3mica de Italia.","og_url":"https:\/\/edicionesalfar.es\/es\/producto\/la-novela-policiaca-en-italia\/","og_site_name":"Ediciones Alfar","article_modified_time":"2022-09-07T06:43:26+00:00","og_image":[{"url":"https:\/\/edicionesalfar.es\/es\/wp-content\/uploads\/2019\/05\/Lanovelapoliciaca.jpg","width":1,"height":1,"type":"image\/jpeg"}],"twitter_card":"summary_large_image","twitter_misc":{"Tiempo de lectura":"2 minutos"},"schema":{"@context":"https:\/\/schema.org","@graph":[{"@type":"WebPage","@id":"https:\/\/edicionesalfar.es\/es\/producto\/la-novela-policiaca-en-italia\/","url":"https:\/\/edicionesalfar.es\/es\/producto\/la-novela-policiaca-en-italia\/","name":"La novela polic\u00edaca en Italia - Ediciones Alfar","isPartOf":{"@id":"https:\/\/edicionesalfar.es\/es\/#website"},"primaryImageOfPage":{"@id":"https:\/\/edicionesalfar.es\/es\/producto\/la-novela-policiaca-en-italia\/#primaryimage"},"image":{"@id":"https:\/\/edicionesalfar.es\/es\/producto\/la-novela-policiaca-en-italia\/#primaryimage"},"thumbnailUrl":"https:\/\/edicionesalfar.es\/es\/wp-content\/uploads\/2019\/05\/Lanovelapoliciaca.jpg","datePublished":"2019-07-11T05:48:18+00:00","dateModified":"2022-09-07T06:43:26+00:00","breadcrumb":{"@id":"https:\/\/edicionesalfar.es\/es\/producto\/la-novela-policiaca-en-italia\/#breadcrumb"},"inLanguage":"es","potentialAction":[{"@type":"ReadAction","target":["https:\/\/edicionesalfar.es\/es\/producto\/la-novela-policiaca-en-italia\/"]}]},{"@type":"ImageObject","inLanguage":"es","@id":"https:\/\/edicionesalfar.es\/es\/producto\/la-novela-policiaca-en-italia\/#primaryimage","url":"https:\/\/edicionesalfar.es\/es\/wp-content\/uploads\/2019\/05\/Lanovelapoliciaca.jpg","contentUrl":"https:\/\/edicionesalfar.es\/es\/wp-content\/uploads\/2019\/05\/Lanovelapoliciaca.jpg"},{"@type":"BreadcrumbList","@id":"https:\/\/edicionesalfar.es\/es\/producto\/la-novela-policiaca-en-italia\/#breadcrumb","itemListElement":[{"@type":"ListItem","position":1,"name":"Portada","item":"https:\/\/edicionesalfar.es\/es\/"},{"@type":"ListItem","position":2,"name":"Cat\u00e1logo","item":"https:\/\/edicionesalfar.es\/es\/catalogo\/"},{"@type":"ListItem","position":3,"name":"La novela polic\u00edaca en Italia"}]},{"@type":"WebSite","@id":"https:\/\/edicionesalfar.es\/es\/#website","url":"https:\/\/edicionesalfar.es\/es\/","name":"Ediciones Alfar","description":"","potentialAction":[{"@type":"SearchAction","target":{"@type":"EntryPoint","urlTemplate":"https:\/\/edicionesalfar.es\/es\/?s={search_term_string}"},"query-input":{"@type":"PropertyValueSpecification","valueRequired":true,"valueName":"search_term_string"}}],"inLanguage":"es"}]}},"_links":{"self":[{"href":"https:\/\/edicionesalfar.es\/es\/wp-json\/wp\/v2\/product\/13610","targetHints":{"allow":["GET"]}}],"collection":[{"href":"https:\/\/edicionesalfar.es\/es\/wp-json\/wp\/v2\/product"}],"about":[{"href":"https:\/\/edicionesalfar.es\/es\/wp-json\/wp\/v2\/types\/product"}],"replies":[{"embeddable":true,"href":"https:\/\/edicionesalfar.es\/es\/wp-json\/wp\/v2\/comments?post=13610"}],"wp:featuredmedia":[{"embeddable":true,"href":"https:\/\/edicionesalfar.es\/es\/wp-json\/wp\/v2\/media\/13611"}],"wp:attachment":[{"href":"https:\/\/edicionesalfar.es\/es\/wp-json\/wp\/v2\/media?parent=13610"}],"wp:term":[{"taxonomy":"product_brand","embeddable":true,"href":"https:\/\/edicionesalfar.es\/es\/wp-json\/wp\/v2\/product_brand?post=13610"},{"taxonomy":"product_cat","embeddable":true,"href":"https:\/\/edicionesalfar.es\/es\/wp-json\/wp\/v2\/product_cat?post=13610"},{"taxonomy":"product_tag","embeddable":true,"href":"https:\/\/edicionesalfar.es\/es\/wp-json\/wp\/v2\/product_tag?post=13610"}],"curies":[{"name":"wp","href":"https:\/\/api.w.org\/{rel}","templated":true}]}}