{"id":13608,"date":"2019-07-11T05:48:17","date_gmt":"2019-07-11T05:48:17","guid":{"rendered":"http:\/\/www.edicionesalfar.es\/web-wordpress\/?post_type=product&#038;#024;p="},"modified":"2023-02-06T12:12:13","modified_gmt":"2023-02-06T11:12:13","slug":"genero-ciudadania-y-globalizacion-vol-ii","status":"publish","type":"product","link":"https:\/\/edicionesalfar.es\/es\/producto\/genero-ciudadania-y-globalizacion-vol-ii\/","title":{"rendered":"G\u00e9nero, ciudadan\u00eda y globalizaci\u00f3n (vol. II)"},"content":{"rendered":"<p style=\"padding-left: 0px; color: #333333; font-family: Georgia, Cambria, 'Times New Roman', Times, serif; font-style: normal; line-height: 25px; font-size: small; margin: 1em 0px 0cm 0px;\" align=\"JUSTIFY\">CONTENIDO:\u00a0El segundo volumen de la colecci\u00f3n\u00a0G\u00e9nero, Ciudadan\u00eda y Globalizaci\u00f3n\u00a0se centra en c\u00f3mo la intersecci\u00f3n entre los tres conceptos se proyecta en diversas producciones literarias y art\u00edsticas as\u00ed como en la influencia de ambos para la puesta en marcha de iniciativas acad\u00e9micas y personales.\u00a0 Como ya quedaba recogido en el primer volumen, en los \u00faltimos tiempos, un gran n\u00famero de voces han denunciado el modo en que aspectos derivados de la era de la globalizaci\u00f3n en la que se encuentra inmerso el mundo actual han determinado en gran medida la configuraci\u00f3n de las identidades de g\u00e9nero.\u00a0 Asimismo, la definici\u00f3n de ciudadan\u00eda, que en muchos casos ha delimitado el desarrollo pleno de la subjetividad personal, est\u00e1 siendo cuestionada desde m\u00faltiples disciplinas, de tal manera que las categor\u00edas hegem\u00f3nicas empiezan a ser subvertidas.\u00a0 Este trabajo recoge algunas reflexiones al respecto, contando con la contribuci\u00f3n de profesionales que analizan los conceptos de globalizaci\u00f3n y ciudadan\u00eda desde la literatura, la historia, las artes visuales, el mundo acad\u00e9mico y el activismo.\u00a0 Los efectos de los par\u00e1metros nacionalistas, raciales y socio-pol\u00edticos se analizan en los cap\u00edtulos con la intenci\u00f3n de demostrar los diferentes discursos en los que los c\u00f3digos de la globalizaci\u00f3n y la ciudadan\u00eda se escriben y re-escriben en pro de un imaginario de g\u00e9nero menos ortodoxo y m\u00e1s plural.\u00a0 De esta forma, el volumen constituye un instrumento excelente para la reflexi\u00f3n sobre las visiones y revisiones de la ciudadan\u00eda y la globalizaci\u00f3n que han tenido lugar en el panorama internacional.<\/p>\n<p style=\"padding-left: 0px; color: #333333; font-family: Georgia, Cambria, 'Times New Roman', Times, serif; font-style: normal; line-height: 25px; font-size: small; margin: 1em 0px 0cm 0px;\" align=\"JUSTIFY\">AUTOR:\u00a0Beatriz Dom\u00ednguez-Garc\u00eda y Auxiliadora P\u00e9rez Vides forman parte del nutrido grupo de profesoras y profesores que constituyen el Seminario de Estudios de la Mujer de la Universidad de Huelva.\u00a0 Ambas imparten docencia de grado y posgrado en el Departamento de Filolog\u00eda Inglesa de dicha universidad y tienen una amplia experiencia en el an\u00e1lisis de g\u00e9nero desde la literatura en lengua inglesa as\u00ed como en la organizaci\u00f3n de actividades relacionadas con los estudios feministas y de g\u00e9nero.\u00a0 Dom\u00ednguez Garc\u00eda es especialista en reescrituras feministas de los cuentos de hadas y revisiones de la historia por parte de escritoras brit\u00e1nicas del siglo XX, sobre las que ha publicado diversos cap\u00edtulos y art\u00edculos.\u00a0 Por su parte, P\u00e9rez Vides ha centrado su investigaci\u00f3n en la literatura irlandesa contempor\u00e1nea, concretamente en las representaciones feministas de la maternidad en la narrativa de dicho pa\u00eds, y cuenta tambi\u00e9n con varias publicaciones sobre dichos temas.<\/p>\n","protected":false},"excerpt":{"rendered":"<p style=\"margin-bottom: 0cm;\" align=\"JUSTIFY\"><span style=\"color: #000000;\"><span style=\"font-family: 'Times New Roman', serif;\"><span style=\"font-size: small;\"><span lang=\"es-ES\">El segundo volumen de la colecci\u00f3n <\/span><\/span><\/span><\/span><span style=\"color: #000000;\"><span style=\"font-family: 'Times New Roman', serif;\"><span style=\"font-size: small;\"><span lang=\"es-ES\"><em>G\u00e9nero, Ciudadan\u00eda y Globalizaci\u00f3n <\/em><\/span><\/span><\/span><\/span><span style=\"color: #000000;\"><span style=\"font-family: 'Times New Roman', serif;\"><span style=\"font-size: small;\"><span lang=\"es-ES\">se centra en c\u00f3mo la intersecci\u00f3n entre los tres conceptos se proyecta en diversas producciones literarias y art\u00edsticas as\u00ed como en la influencia de ambos para la puesta en marcha de iniciativas acad\u00e9micas y personales.<\/span><\/span><\/span><\/span><\/p>\n","protected":false},"featured_media":13609,"comment_status":"open","ping_status":"closed","template":"","meta":{"_acf_changed":false,"_et_pb_use_builder":"","_et_pb_old_content":"","_et_gb_content_width":""},"product_brand":[],"product_cat":[376,531,567,24],"product_tag":[],"class_list":{"0":"post-13608","1":"product","2":"type-product","3":"status-publish","4":"has-post-thumbnail","6":"product_cat-autores","7":"product_cat-dominguez-garcia-beatriz","8":"product_cat-gallego-duran-maria-del-mar","9":"product_cat-estudios-mujer","11":"first","12":"instock","13":"taxable","14":"shipping-taxable","15":"purchasable","16":"product-type-simple"},"acf":[],"yoast_head":"<!-- This site is optimized with the Yoast SEO plugin v27.4 - https:\/\/yoast.com\/product\/yoast-seo-wordpress\/ -->\n<title>G\u00e9nero, ciudadan\u00eda y globalizaci\u00f3n (vol. II) - Ediciones Alfar<\/title>\n<meta name=\"robots\" content=\"index, follow, max-snippet:-1, max-image-preview:large, max-video-preview:-1\" \/>\n<link rel=\"canonical\" href=\"https:\/\/edicionesalfar.es\/es\/producto\/genero-ciudadania-y-globalizacion-vol-ii\/\" \/>\n<meta property=\"og:locale\" content=\"es_ES\" \/>\n<meta property=\"og:type\" content=\"article\" \/>\n<meta property=\"og:title\" content=\"G\u00e9nero, ciudadan\u00eda y globalizaci\u00f3n (vol. II) - Ediciones Alfar\" \/>\n<meta property=\"og:description\" content=\"El segundo volumen de la colecci\u00f3n G\u00e9nero, Ciudadan\u00eda y Globalizaci\u00f3n se centra en c\u00f3mo la intersecci\u00f3n entre los tres conceptos se proyecta en diversas producciones literarias y art\u00edsticas as\u00ed como en la influencia de ambos para la puesta en marcha de iniciativas acad\u00e9micas y personales.\" \/>\n<meta property=\"og:url\" content=\"https:\/\/edicionesalfar.es\/es\/producto\/genero-ciudadania-y-globalizacion-vol-ii\/\" \/>\n<meta property=\"og:site_name\" content=\"Ediciones Alfar\" \/>\n<meta property=\"article:modified_time\" content=\"2023-02-06T11:12:13+00:00\" \/>\n<meta property=\"og:image\" content=\"https:\/\/edicionesalfar.es\/es\/wp-content\/uploads\/2019\/05\/GeneroIIsimple.jpg\" \/>\n\t<meta property=\"og:image:width\" content=\"1\" \/>\n\t<meta property=\"og:image:height\" content=\"1\" \/>\n\t<meta property=\"og:image:type\" content=\"image\/jpeg\" \/>\n<meta name=\"twitter:card\" content=\"summary_large_image\" \/>\n<meta name=\"twitter:label1\" content=\"Tiempo de lectura\" \/>\n\t<meta name=\"twitter:data1\" content=\"2 minutos\" \/>\n<script type=\"application\/ld+json\" class=\"yoast-schema-graph\">{\"@context\":\"https:\\\/\\\/schema.org\",\"@graph\":[{\"@type\":\"WebPage\",\"@id\":\"https:\\\/\\\/edicionesalfar.es\\\/es\\\/producto\\\/genero-ciudadania-y-globalizacion-vol-ii\\\/\",\"url\":\"https:\\\/\\\/edicionesalfar.es\\\/es\\\/producto\\\/genero-ciudadania-y-globalizacion-vol-ii\\\/\",\"name\":\"G\u00e9nero, ciudadan\u00eda y globalizaci\u00f3n (vol. II) - Ediciones Alfar\",\"isPartOf\":{\"@id\":\"https:\\\/\\\/edicionesalfar.es\\\/es\\\/#website\"},\"primaryImageOfPage\":{\"@id\":\"https:\\\/\\\/edicionesalfar.es\\\/es\\\/producto\\\/genero-ciudadania-y-globalizacion-vol-ii\\\/#primaryimage\"},\"image\":{\"@id\":\"https:\\\/\\\/edicionesalfar.es\\\/es\\\/producto\\\/genero-ciudadania-y-globalizacion-vol-ii\\\/#primaryimage\"},\"thumbnailUrl\":\"https:\\\/\\\/edicionesalfar.es\\\/es\\\/wp-content\\\/uploads\\\/2019\\\/05\\\/GeneroIIsimple.jpg\",\"datePublished\":\"2019-07-11T05:48:17+00:00\",\"dateModified\":\"2023-02-06T11:12:13+00:00\",\"breadcrumb\":{\"@id\":\"https:\\\/\\\/edicionesalfar.es\\\/es\\\/producto\\\/genero-ciudadania-y-globalizacion-vol-ii\\\/#breadcrumb\"},\"inLanguage\":\"es\",\"potentialAction\":[{\"@type\":\"ReadAction\",\"target\":[\"https:\\\/\\\/edicionesalfar.es\\\/es\\\/producto\\\/genero-ciudadania-y-globalizacion-vol-ii\\\/\"]}]},{\"@type\":\"ImageObject\",\"inLanguage\":\"es\",\"@id\":\"https:\\\/\\\/edicionesalfar.es\\\/es\\\/producto\\\/genero-ciudadania-y-globalizacion-vol-ii\\\/#primaryimage\",\"url\":\"https:\\\/\\\/edicionesalfar.es\\\/es\\\/wp-content\\\/uploads\\\/2019\\\/05\\\/GeneroIIsimple.jpg\",\"contentUrl\":\"https:\\\/\\\/edicionesalfar.es\\\/es\\\/wp-content\\\/uploads\\\/2019\\\/05\\\/GeneroIIsimple.jpg\"},{\"@type\":\"BreadcrumbList\",\"@id\":\"https:\\\/\\\/edicionesalfar.es\\\/es\\\/producto\\\/genero-ciudadania-y-globalizacion-vol-ii\\\/#breadcrumb\",\"itemListElement\":[{\"@type\":\"ListItem\",\"position\":1,\"name\":\"Portada\",\"item\":\"https:\\\/\\\/edicionesalfar.es\\\/es\\\/\"},{\"@type\":\"ListItem\",\"position\":2,\"name\":\"Cat\u00e1logo\",\"item\":\"https:\\\/\\\/edicionesalfar.es\\\/es\\\/catalogo\\\/\"},{\"@type\":\"ListItem\",\"position\":3,\"name\":\"G\u00e9nero, ciudadan\u00eda y globalizaci\u00f3n (vol. II)\"}]},{\"@type\":\"WebSite\",\"@id\":\"https:\\\/\\\/edicionesalfar.es\\\/es\\\/#website\",\"url\":\"https:\\\/\\\/edicionesalfar.es\\\/es\\\/\",\"name\":\"Ediciones Alfar\",\"description\":\"\",\"potentialAction\":[{\"@type\":\"SearchAction\",\"target\":{\"@type\":\"EntryPoint\",\"urlTemplate\":\"https:\\\/\\\/edicionesalfar.es\\\/es\\\/?s={search_term_string}\"},\"query-input\":{\"@type\":\"PropertyValueSpecification\",\"valueRequired\":true,\"valueName\":\"search_term_string\"}}],\"inLanguage\":\"es\"}]}<\/script>\n<!-- \/ Yoast SEO plugin. -->","yoast_head_json":{"title":"G\u00e9nero, ciudadan\u00eda y globalizaci\u00f3n (vol. II) - Ediciones Alfar","robots":{"index":"index","follow":"follow","max-snippet":"max-snippet:-1","max-image-preview":"max-image-preview:large","max-video-preview":"max-video-preview:-1"},"canonical":"https:\/\/edicionesalfar.es\/es\/producto\/genero-ciudadania-y-globalizacion-vol-ii\/","og_locale":"es_ES","og_type":"article","og_title":"G\u00e9nero, ciudadan\u00eda y globalizaci\u00f3n (vol. II) - Ediciones Alfar","og_description":"El segundo volumen de la colecci\u00f3n G\u00e9nero, Ciudadan\u00eda y Globalizaci\u00f3n se centra en c\u00f3mo la intersecci\u00f3n entre los tres conceptos se proyecta en diversas producciones literarias y art\u00edsticas as\u00ed como en la influencia de ambos para la puesta en marcha de iniciativas acad\u00e9micas y personales.","og_url":"https:\/\/edicionesalfar.es\/es\/producto\/genero-ciudadania-y-globalizacion-vol-ii\/","og_site_name":"Ediciones Alfar","article_modified_time":"2023-02-06T11:12:13+00:00","og_image":[{"url":"https:\/\/edicionesalfar.es\/es\/wp-content\/uploads\/2019\/05\/GeneroIIsimple.jpg","width":1,"height":1,"type":"image\/jpeg"}],"twitter_card":"summary_large_image","twitter_misc":{"Tiempo de lectura":"2 minutos"},"schema":{"@context":"https:\/\/schema.org","@graph":[{"@type":"WebPage","@id":"https:\/\/edicionesalfar.es\/es\/producto\/genero-ciudadania-y-globalizacion-vol-ii\/","url":"https:\/\/edicionesalfar.es\/es\/producto\/genero-ciudadania-y-globalizacion-vol-ii\/","name":"G\u00e9nero, ciudadan\u00eda y globalizaci\u00f3n (vol. II) - Ediciones Alfar","isPartOf":{"@id":"https:\/\/edicionesalfar.es\/es\/#website"},"primaryImageOfPage":{"@id":"https:\/\/edicionesalfar.es\/es\/producto\/genero-ciudadania-y-globalizacion-vol-ii\/#primaryimage"},"image":{"@id":"https:\/\/edicionesalfar.es\/es\/producto\/genero-ciudadania-y-globalizacion-vol-ii\/#primaryimage"},"thumbnailUrl":"https:\/\/edicionesalfar.es\/es\/wp-content\/uploads\/2019\/05\/GeneroIIsimple.jpg","datePublished":"2019-07-11T05:48:17+00:00","dateModified":"2023-02-06T11:12:13+00:00","breadcrumb":{"@id":"https:\/\/edicionesalfar.es\/es\/producto\/genero-ciudadania-y-globalizacion-vol-ii\/#breadcrumb"},"inLanguage":"es","potentialAction":[{"@type":"ReadAction","target":["https:\/\/edicionesalfar.es\/es\/producto\/genero-ciudadania-y-globalizacion-vol-ii\/"]}]},{"@type":"ImageObject","inLanguage":"es","@id":"https:\/\/edicionesalfar.es\/es\/producto\/genero-ciudadania-y-globalizacion-vol-ii\/#primaryimage","url":"https:\/\/edicionesalfar.es\/es\/wp-content\/uploads\/2019\/05\/GeneroIIsimple.jpg","contentUrl":"https:\/\/edicionesalfar.es\/es\/wp-content\/uploads\/2019\/05\/GeneroIIsimple.jpg"},{"@type":"BreadcrumbList","@id":"https:\/\/edicionesalfar.es\/es\/producto\/genero-ciudadania-y-globalizacion-vol-ii\/#breadcrumb","itemListElement":[{"@type":"ListItem","position":1,"name":"Portada","item":"https:\/\/edicionesalfar.es\/es\/"},{"@type":"ListItem","position":2,"name":"Cat\u00e1logo","item":"https:\/\/edicionesalfar.es\/es\/catalogo\/"},{"@type":"ListItem","position":3,"name":"G\u00e9nero, ciudadan\u00eda y globalizaci\u00f3n (vol. II)"}]},{"@type":"WebSite","@id":"https:\/\/edicionesalfar.es\/es\/#website","url":"https:\/\/edicionesalfar.es\/es\/","name":"Ediciones Alfar","description":"","potentialAction":[{"@type":"SearchAction","target":{"@type":"EntryPoint","urlTemplate":"https:\/\/edicionesalfar.es\/es\/?s={search_term_string}"},"query-input":{"@type":"PropertyValueSpecification","valueRequired":true,"valueName":"search_term_string"}}],"inLanguage":"es"}]}},"_links":{"self":[{"href":"https:\/\/edicionesalfar.es\/es\/wp-json\/wp\/v2\/product\/13608","targetHints":{"allow":["GET"]}}],"collection":[{"href":"https:\/\/edicionesalfar.es\/es\/wp-json\/wp\/v2\/product"}],"about":[{"href":"https:\/\/edicionesalfar.es\/es\/wp-json\/wp\/v2\/types\/product"}],"replies":[{"embeddable":true,"href":"https:\/\/edicionesalfar.es\/es\/wp-json\/wp\/v2\/comments?post=13608"}],"wp:featuredmedia":[{"embeddable":true,"href":"https:\/\/edicionesalfar.es\/es\/wp-json\/wp\/v2\/media\/13609"}],"wp:attachment":[{"href":"https:\/\/edicionesalfar.es\/es\/wp-json\/wp\/v2\/media?parent=13608"}],"wp:term":[{"taxonomy":"product_brand","embeddable":true,"href":"https:\/\/edicionesalfar.es\/es\/wp-json\/wp\/v2\/product_brand?post=13608"},{"taxonomy":"product_cat","embeddable":true,"href":"https:\/\/edicionesalfar.es\/es\/wp-json\/wp\/v2\/product_cat?post=13608"},{"taxonomy":"product_tag","embeddable":true,"href":"https:\/\/edicionesalfar.es\/es\/wp-json\/wp\/v2\/product_tag?post=13608"}],"curies":[{"name":"wp","href":"https:\/\/api.w.org\/{rel}","templated":true}]}}