{"id":13602,"date":"2019-07-11T05:48:14","date_gmt":"2019-07-11T05:48:14","guid":{"rendered":"http:\/\/www.edicionesalfar.es\/web-wordpress\/?post_type=product\\&#025;p="},"modified":"-0001-11-30T00:00:00","modified_gmt":"-0001-11-29T22:00:00","slug":"entre-minerva-y-juventa-sobre-el-desarrollo-cientifico-y-la-educacion-en-valores","status":"publish","type":"product","link":"https:\/\/edicionesalfar.es\/es\/producto\/entre-minerva-y-juventa-sobre-el-desarrollo-cientifico-y-la-educacion-en-valores\/","title":{"rendered":"Entre Minerva y Juventa. Sobre el desarrollo cient\u00edfico y la educaci\u00f3n en valores"},"content":{"rendered":"<p>CONTENIDO: La civilizaci\u00f3n occidental se enorgullece de dos logros particularmente exportables: la tecnolog\u00eda (que permite la transformaci\u00f3n del mundo adapt\u00e1ndolo a nuestras necesidades) y la democracia (que hace posible la intervenci\u00f3n del ciudadano en su gobierno). Sin embargo, ambos elementos no bastan\u00a0para\u00a0garantizar una sociedad justa pues pueden f\u00e1cilmente pervertirse, convirti\u00e9ndose en instrumentos de dominaci\u00f3n. Deben, pues, ir acompa\u00f1ados de una realidad tan vieja como inevitable: la conciencia y la responsabilidad moral por parte de los cient\u00edficos, gobernantes y gobernados. Para hacer m\u00e1s presente en nuestras sociedades tan necesaria condici\u00f3n, parece imprescindible un incremento de la educaci\u00f3n moral en nuestro sistema educativo.\u00a0<br style=\"height: 1px; font-size: 1px; color: #333333; font-family: Georgia, Cambria, 'Times New Roman', Times, serif;\" \/><br style=\"height: 1px; font-size: 1px; color: #333333; font-family: Georgia, Cambria, 'Times New Roman', Times, serif;\" \/>Sin embargo, cuando analizamos los distintos planes de estudio,\u00a0desde\u00a0las primeras edades hasta los posgrados universitarios, aunque encontramos en ellos un gran protagonismo de los saberes instrumentales y t\u00e9cnicos, no sucede igual respecto a la educaci\u00f3n en valores. Parece olvidarse que el fundamento de una sociedad no es otro que la voluntad de cada uno de sus miembros por contribuir al bien de la colectividad. El autor del presente libro reflexiona sobre la necesidad pragm\u00e1tica de tal formaci\u00f3n; sobre cuales podr\u00edan ser los temas de esa m\u00ednima moralia; y sobre qu\u00e9 recursos did\u00e1cticos resultar\u00edan \u00fatiles a tales efectos.<br style=\"height: 1px; font-size: 1px; color: #333333; font-family: Georgia, Cambria, 'Times New Roman', Times, serif;\" \/><br style=\"height: 1px; font-size: 1px; color: #333333; font-family: Georgia, Cambria, 'Times New Roman', Times, serif;\" \/>AUTOR: Rafael \u00c1ngel Rodr\u00edguez S\u00e1nchez (1966) es Licenciado en Filosof\u00eda y Doctor en Humanidades. Profesor de Instituto desde 1989, ha compatibilizado esta actividad con otras como la de profesor preparador de oposiciones al Cuerpo de Profesores de Ense\u00f1anza Secundaria de Filosof\u00eda (Centro de Ense\u00f1anza Universitaria Claustro, de Sevilla). Ha\u00a0sido\u00a0tambi\u00e9n Profesor Asociado durante 8 a\u00f1os en las universidades de Huelva, Sevilla -centro adscrito Cardenal Sp\u00ednola CEU- y Pablo de Olavide (y est\u00e1 acreditado como profesor contratado doctor). Investigador Visitante Posdoctoral en la Universidad de Glasgow, es en la actualidad profesor titular (programa biling\u00fce de ingl\u00e9s) de Filosof\u00eda en el instituto p\u00fablico Isbilya de Sevilla. Es autor de 4 libros y una veintena de art\u00edculos en revistas especializadas de Filosof\u00eda como Th\u00e9mata, Llull, Pensamiento, Alfa o Escuela Abierta. Entre dichas publicaciones, cabe destacar la obra Introducci\u00f3n de la medicina moderna en Espa\u00f1a, editada en 2005 en esta colecci\u00f3n de Alfar, dos breves tratados, Marx y Nietzsche (Editex, 2002), as\u00ed como el estudio y la traducci\u00f3n de algunos op\u00fasculos m\u00e9dico-filos\u00f3ficos de John Locke.<\/p>\n","protected":false},"excerpt":{"rendered":"<p style=\"margin-bottom: 0cm;\" align=\"JUSTIFY\"><span style=\"font-size: 14pt;\"><span style=\"color: #000000;\"><span style=\"font-family: Andalus;\"><span lang=\"es-ES\">El autor del presente libro reflexiona sobre la necesidad pragm\u00e1tica de tal formaci\u00f3n; sobre cuales podr\u00edan ser los temas de esa <\/span><\/span><\/span><span style=\"color: #000000;\"><span style=\"font-family: Andalus;\"><span lang=\"es-ES\"><em>m\u00ednima moralia<\/em><\/span><\/span><\/span><span style=\"color: #000000;\"><span style=\"font-family: Andalus;\"><span lang=\"es-ES\">; y sobre qu\u00e9 recursos did\u00e1cticos resultar\u00edan \u00fatiles a tales efectos.<\/span><\/span><\/span><\/span><\/p>\n","protected":false},"featured_media":13603,"comment_status":"open","ping_status":"open","template":"","meta":{"_acf_changed":false,"_et_pb_use_builder":"","_et_pb_old_content":"","_et_gb_content_width":""},"product_brand":[],"product_cat":[25],"product_tag":[],"class_list":{"0":"post-13602","1":"product","2":"type-product","3":"status-publish","4":"has-post-thumbnail","6":"product_cat-filosofia-sociedad","8":"first","9":"instock","10":"taxable","11":"shipping-taxable","12":"purchasable","13":"product-type-simple"},"acf":[],"yoast_head":"<!-- This site is optimized with the Yoast SEO plugin v27.3 - https:\/\/yoast.com\/product\/yoast-seo-wordpress\/ -->\n<title>Entre Minerva y Juventa. Sobre el desarrollo cient\u00edfico y la educaci\u00f3n en valores - Ediciones Alfar<\/title>\n<meta name=\"robots\" content=\"index, follow, max-snippet:-1, max-image-preview:large, max-video-preview:-1\" \/>\n<link rel=\"canonical\" href=\"https:\/\/edicionesalfar.es\/es\/producto\/entre-minerva-y-juventa-sobre-el-desarrollo-cientifico-y-la-educacion-en-valores\/\" \/>\n<meta property=\"og:locale\" content=\"es_ES\" \/>\n<meta property=\"og:type\" content=\"article\" \/>\n<meta property=\"og:title\" content=\"Entre Minerva y Juventa. Sobre el desarrollo cient\u00edfico y la educaci\u00f3n en valores - Ediciones Alfar\" \/>\n<meta property=\"og:description\" content=\"El autor del presente libro reflexiona sobre la necesidad pragm\u00e1tica de tal formaci\u00f3n; sobre cuales podr\u00edan ser los temas de esa m\u00ednima moralia; y sobre qu\u00e9 recursos did\u00e1cticos resultar\u00edan \u00fatiles a tales efectos.\" \/>\n<meta property=\"og:url\" content=\"https:\/\/edicionesalfar.es\/es\/producto\/entre-minerva-y-juventa-sobre-el-desarrollo-cientifico-y-la-educacion-en-valores\/\" \/>\n<meta property=\"og:site_name\" content=\"Ediciones Alfar\" \/>\n<meta property=\"og:image\" content=\"https:\/\/edicionesalfar.es\/es\/wp-content\/uploads\/2019\/05\/Entre-Minerva-sencilla.jpg\" \/>\n\t<meta property=\"og:image:width\" content=\"1\" \/>\n\t<meta property=\"og:image:height\" content=\"1\" \/>\n\t<meta property=\"og:image:type\" content=\"image\/jpeg\" \/>\n<meta name=\"twitter:card\" content=\"summary_large_image\" \/>\n<meta name=\"twitter:label1\" content=\"Tiempo de lectura\" \/>\n\t<meta name=\"twitter:data1\" content=\"2 minutos\" \/>\n<script type=\"application\/ld+json\" class=\"yoast-schema-graph\">{\"@context\":\"https:\\\/\\\/schema.org\",\"@graph\":[{\"@type\":\"WebPage\",\"@id\":\"https:\\\/\\\/edicionesalfar.es\\\/es\\\/producto\\\/entre-minerva-y-juventa-sobre-el-desarrollo-cientifico-y-la-educacion-en-valores\\\/\",\"url\":\"https:\\\/\\\/edicionesalfar.es\\\/es\\\/producto\\\/entre-minerva-y-juventa-sobre-el-desarrollo-cientifico-y-la-educacion-en-valores\\\/\",\"name\":\"Entre Minerva y Juventa. Sobre el desarrollo cient\u00edfico y la educaci\u00f3n en valores - Ediciones Alfar\",\"isPartOf\":{\"@id\":\"https:\\\/\\\/edicionesalfar.es\\\/es\\\/#website\"},\"primaryImageOfPage\":{\"@id\":\"https:\\\/\\\/edicionesalfar.es\\\/es\\\/producto\\\/entre-minerva-y-juventa-sobre-el-desarrollo-cientifico-y-la-educacion-en-valores\\\/#primaryimage\"},\"image\":{\"@id\":\"https:\\\/\\\/edicionesalfar.es\\\/es\\\/producto\\\/entre-minerva-y-juventa-sobre-el-desarrollo-cientifico-y-la-educacion-en-valores\\\/#primaryimage\"},\"thumbnailUrl\":\"https:\\\/\\\/edicionesalfar.es\\\/es\\\/wp-content\\\/uploads\\\/2019\\\/05\\\/Entre-Minerva-sencilla.jpg\",\"datePublished\":\"2019-07-11T05:48:14+00:00\",\"breadcrumb\":{\"@id\":\"https:\\\/\\\/edicionesalfar.es\\\/es\\\/producto\\\/entre-minerva-y-juventa-sobre-el-desarrollo-cientifico-y-la-educacion-en-valores\\\/#breadcrumb\"},\"inLanguage\":\"es\",\"potentialAction\":[{\"@type\":\"ReadAction\",\"target\":[\"https:\\\/\\\/edicionesalfar.es\\\/es\\\/producto\\\/entre-minerva-y-juventa-sobre-el-desarrollo-cientifico-y-la-educacion-en-valores\\\/\"]}]},{\"@type\":\"ImageObject\",\"inLanguage\":\"es\",\"@id\":\"https:\\\/\\\/edicionesalfar.es\\\/es\\\/producto\\\/entre-minerva-y-juventa-sobre-el-desarrollo-cientifico-y-la-educacion-en-valores\\\/#primaryimage\",\"url\":\"https:\\\/\\\/edicionesalfar.es\\\/es\\\/wp-content\\\/uploads\\\/2019\\\/05\\\/Entre-Minerva-sencilla.jpg\",\"contentUrl\":\"https:\\\/\\\/edicionesalfar.es\\\/es\\\/wp-content\\\/uploads\\\/2019\\\/05\\\/Entre-Minerva-sencilla.jpg\"},{\"@type\":\"BreadcrumbList\",\"@id\":\"https:\\\/\\\/edicionesalfar.es\\\/es\\\/producto\\\/entre-minerva-y-juventa-sobre-el-desarrollo-cientifico-y-la-educacion-en-valores\\\/#breadcrumb\",\"itemListElement\":[{\"@type\":\"ListItem\",\"position\":1,\"name\":\"Portada\",\"item\":\"https:\\\/\\\/edicionesalfar.es\\\/es\\\/\"},{\"@type\":\"ListItem\",\"position\":2,\"name\":\"Cat\u00e1logo\",\"item\":\"https:\\\/\\\/edicionesalfar.es\\\/es\\\/catalogo\\\/\"},{\"@type\":\"ListItem\",\"position\":3,\"name\":\"Entre Minerva y Juventa. Sobre el desarrollo cient\u00edfico y la educaci\u00f3n en valores\"}]},{\"@type\":\"WebSite\",\"@id\":\"https:\\\/\\\/edicionesalfar.es\\\/es\\\/#website\",\"url\":\"https:\\\/\\\/edicionesalfar.es\\\/es\\\/\",\"name\":\"Ediciones Alfar\",\"description\":\"\",\"potentialAction\":[{\"@type\":\"SearchAction\",\"target\":{\"@type\":\"EntryPoint\",\"urlTemplate\":\"https:\\\/\\\/edicionesalfar.es\\\/es\\\/?s={search_term_string}\"},\"query-input\":{\"@type\":\"PropertyValueSpecification\",\"valueRequired\":true,\"valueName\":\"search_term_string\"}}],\"inLanguage\":\"es\"}]}<\/script>\n<!-- \/ Yoast SEO plugin. -->","yoast_head_json":{"title":"Entre Minerva y Juventa. Sobre el desarrollo cient\u00edfico y la educaci\u00f3n en valores - Ediciones Alfar","robots":{"index":"index","follow":"follow","max-snippet":"max-snippet:-1","max-image-preview":"max-image-preview:large","max-video-preview":"max-video-preview:-1"},"canonical":"https:\/\/edicionesalfar.es\/es\/producto\/entre-minerva-y-juventa-sobre-el-desarrollo-cientifico-y-la-educacion-en-valores\/","og_locale":"es_ES","og_type":"article","og_title":"Entre Minerva y Juventa. Sobre el desarrollo cient\u00edfico y la educaci\u00f3n en valores - Ediciones Alfar","og_description":"El autor del presente libro reflexiona sobre la necesidad pragm\u00e1tica de tal formaci\u00f3n; sobre cuales podr\u00edan ser los temas de esa m\u00ednima moralia; y sobre qu\u00e9 recursos did\u00e1cticos resultar\u00edan \u00fatiles a tales efectos.","og_url":"https:\/\/edicionesalfar.es\/es\/producto\/entre-minerva-y-juventa-sobre-el-desarrollo-cientifico-y-la-educacion-en-valores\/","og_site_name":"Ediciones Alfar","og_image":[{"url":"https:\/\/edicionesalfar.es\/es\/wp-content\/uploads\/2019\/05\/Entre-Minerva-sencilla.jpg","width":1,"height":1,"type":"image\/jpeg"}],"twitter_card":"summary_large_image","twitter_misc":{"Tiempo de lectura":"2 minutos"},"schema":{"@context":"https:\/\/schema.org","@graph":[{"@type":"WebPage","@id":"https:\/\/edicionesalfar.es\/es\/producto\/entre-minerva-y-juventa-sobre-el-desarrollo-cientifico-y-la-educacion-en-valores\/","url":"https:\/\/edicionesalfar.es\/es\/producto\/entre-minerva-y-juventa-sobre-el-desarrollo-cientifico-y-la-educacion-en-valores\/","name":"Entre Minerva y Juventa. Sobre el desarrollo cient\u00edfico y la educaci\u00f3n en valores - Ediciones Alfar","isPartOf":{"@id":"https:\/\/edicionesalfar.es\/es\/#website"},"primaryImageOfPage":{"@id":"https:\/\/edicionesalfar.es\/es\/producto\/entre-minerva-y-juventa-sobre-el-desarrollo-cientifico-y-la-educacion-en-valores\/#primaryimage"},"image":{"@id":"https:\/\/edicionesalfar.es\/es\/producto\/entre-minerva-y-juventa-sobre-el-desarrollo-cientifico-y-la-educacion-en-valores\/#primaryimage"},"thumbnailUrl":"https:\/\/edicionesalfar.es\/es\/wp-content\/uploads\/2019\/05\/Entre-Minerva-sencilla.jpg","datePublished":"2019-07-11T05:48:14+00:00","breadcrumb":{"@id":"https:\/\/edicionesalfar.es\/es\/producto\/entre-minerva-y-juventa-sobre-el-desarrollo-cientifico-y-la-educacion-en-valores\/#breadcrumb"},"inLanguage":"es","potentialAction":[{"@type":"ReadAction","target":["https:\/\/edicionesalfar.es\/es\/producto\/entre-minerva-y-juventa-sobre-el-desarrollo-cientifico-y-la-educacion-en-valores\/"]}]},{"@type":"ImageObject","inLanguage":"es","@id":"https:\/\/edicionesalfar.es\/es\/producto\/entre-minerva-y-juventa-sobre-el-desarrollo-cientifico-y-la-educacion-en-valores\/#primaryimage","url":"https:\/\/edicionesalfar.es\/es\/wp-content\/uploads\/2019\/05\/Entre-Minerva-sencilla.jpg","contentUrl":"https:\/\/edicionesalfar.es\/es\/wp-content\/uploads\/2019\/05\/Entre-Minerva-sencilla.jpg"},{"@type":"BreadcrumbList","@id":"https:\/\/edicionesalfar.es\/es\/producto\/entre-minerva-y-juventa-sobre-el-desarrollo-cientifico-y-la-educacion-en-valores\/#breadcrumb","itemListElement":[{"@type":"ListItem","position":1,"name":"Portada","item":"https:\/\/edicionesalfar.es\/es\/"},{"@type":"ListItem","position":2,"name":"Cat\u00e1logo","item":"https:\/\/edicionesalfar.es\/es\/catalogo\/"},{"@type":"ListItem","position":3,"name":"Entre Minerva y Juventa. Sobre el desarrollo cient\u00edfico y la educaci\u00f3n en valores"}]},{"@type":"WebSite","@id":"https:\/\/edicionesalfar.es\/es\/#website","url":"https:\/\/edicionesalfar.es\/es\/","name":"Ediciones Alfar","description":"","potentialAction":[{"@type":"SearchAction","target":{"@type":"EntryPoint","urlTemplate":"https:\/\/edicionesalfar.es\/es\/?s={search_term_string}"},"query-input":{"@type":"PropertyValueSpecification","valueRequired":true,"valueName":"search_term_string"}}],"inLanguage":"es"}]}},"_links":{"self":[{"href":"https:\/\/edicionesalfar.es\/es\/wp-json\/wp\/v2\/product\/13602","targetHints":{"allow":["GET"]}}],"collection":[{"href":"https:\/\/edicionesalfar.es\/es\/wp-json\/wp\/v2\/product"}],"about":[{"href":"https:\/\/edicionesalfar.es\/es\/wp-json\/wp\/v2\/types\/product"}],"replies":[{"embeddable":true,"href":"https:\/\/edicionesalfar.es\/es\/wp-json\/wp\/v2\/comments?post=13602"}],"wp:featuredmedia":[{"embeddable":true,"href":"https:\/\/edicionesalfar.es\/es\/wp-json\/wp\/v2\/media\/13603"}],"wp:attachment":[{"href":"https:\/\/edicionesalfar.es\/es\/wp-json\/wp\/v2\/media?parent=13602"}],"wp:term":[{"taxonomy":"product_brand","embeddable":true,"href":"https:\/\/edicionesalfar.es\/es\/wp-json\/wp\/v2\/product_brand?post=13602"},{"taxonomy":"product_cat","embeddable":true,"href":"https:\/\/edicionesalfar.es\/es\/wp-json\/wp\/v2\/product_cat?post=13602"},{"taxonomy":"product_tag","embeddable":true,"href":"https:\/\/edicionesalfar.es\/es\/wp-json\/wp\/v2\/product_tag?post=13602"}],"curies":[{"name":"wp","href":"https:\/\/api.w.org\/{rel}","templated":true}]}}