{"id":13600,"date":"2019-07-11T05:48:13","date_gmt":"2019-07-11T05:48:13","guid":{"rendered":"http:\/\/www.edicionesalfar.es\/web-wordpress\/?post_type=product&#038;#025;p="},"modified":"2024-11-09T05:29:30","modified_gmt":"2024-11-09T04:29:30","slug":"ensayos-sobre-logica-lenguaje-mente-y-ciencia","status":"publish","type":"product","link":"https:\/\/edicionesalfar.es\/es\/producto\/ensayos-sobre-logica-lenguaje-mente-y-ciencia\/","title":{"rendered":"Ensayos sobre l\u00f3gica, lenguaje, mente y ciencia"},"content":{"rendered":"<p>CONTENIDO: Ensayos sobre L\u00f3gica, Lenguaje, Mente y Ciencia recoge una serie de art\u00edculos escritos por investigadores de distintas universidades con un denominador com\u00fan: el inter\u00e9s por la metodolog\u00eda de la investigaci\u00f3n, as\u00ed como por el descubrimiento, el desarrollo, la invenci\u00f3n y la representaci\u00f3n en el \u00e1mbito de la ciencia y del conocimiento en general.\u00a0<br style=\"height: 1px; font-size: 1px; color: #333333; font-family: Georgia, Cambria, 'Times New Roman', Times, serif;\" \/>Los trabajos \u2013escritos en ingl\u00e9s, portugu\u00e9s y espa\u00f1ol\u2013 aparecen distribuidos en cuatro apartados, atendiendo al foco principal de investigaci\u00f3n seg\u00fan su tem\u00e1tica, aunque el lector comprobar\u00e1 que muchos de ellos pueden relacionarse con temas tratados en apartados distintos, habida cuenta de los v\u00ednculos que se dan entre los estudios sobre el lenguaje, la mente, la l\u00f3gica, el desarrollo y la representaci\u00f3n de las teor\u00edas cient\u00edficas.\u00a0<br style=\"height: 1px; font-size: 1px; color: #333333; font-family: Georgia, Cambria, 'Times New Roman', Times, serif;\" \/>La edici\u00f3n de los textos ha corrido a cargo de Luis Fern\u00e1ndez Moreno, Francisco Jos\u00e9 Salguero Lamillar y Cristina Bar\u00e9s G\u00f3mez.<br style=\"height: 1px; font-size: 1px; color: #333333; font-family: Georgia, Cambria, 'Times New Roman', Times, serif;\" \/><br style=\"height: 1px; font-size: 1px; color: #333333; font-family: Georgia, Cambria, 'Times New Roman', Times, serif;\" \/>AUTOR: Luis Fern\u00e1ndez Moreno es Catedr\u00e1tico de L\u00f3gica y Filosof\u00eda de la Ciencia y miembro del Grupo de investigaci\u00f3n UCM Filosof\u00eda del Lenguaje, de la Naturaleza y de la Ciencia de la Universidad Complutense de Madrid, especialista en filosof\u00eda del lenguaje y de la ciencia.<br style=\"height: 1px; font-size: 1px; color: #333333; font-family: Georgia, Cambria, 'Times New Roman', Times, serif;\" \/><br style=\"height: 1px; font-size: 1px; color: #333333; font-family: Georgia, Cambria, 'Times New Roman', Times, serif;\" \/>Francisco Jos\u00e9 Salguero Lamillar es Profesor Titular de Ling\u00fc\u00edstica General y pertenece al Grupo de L\u00f3gica, Lenguaje e Informaci\u00f3n de la Universidad de Sevilla, donde desarrolla sus investigaciones sobre el lenguaje natural y los modelos formales de representaci\u00f3n del mismo.<br style=\"height: 1px; font-size: 1px; color: #333333; font-family: Georgia, Cambria, 'Times New Roman', Times, serif;\" \/><br style=\"height: 1px; font-size: 1px; color: #333333; font-family: Georgia, Cambria, 'Times New Roman', Times, serif;\" \/>Cristina Bar\u00e9s G\u00f3mez ha sido investigadora del Programa I3P del CSIC. En la actualidad ultima su tesis doctoral entre la Universidad de Sevilla y el CSIC sobre la aplicaci\u00f3n de herramientas l\u00f3gicas y formales al estudio de lenguas naturales.<\/p>\n","protected":false},"excerpt":{"rendered":"<p>Ensayos sobre L\u00f3gica, Lenguaje, Mente y Ciencia recoge una serie de art\u00edculos escritos por investigadores de distintas universidades con un denominador com\u00fan: el inter\u00e9s por la metodolog\u00eda de la investigaci\u00f3n, as\u00ed como por el descubrimiento, el desarrollo, la invenci\u00f3n y la representaci\u00f3n en el \u00e1mbito de la ciencia y del conocimiento en general.<\/p>\n<p style=\"font-size: medium;\"><a href=\"http:\/\/www.casadellibro.com\/ebook-ensayos-sobre-logica-lenguaje-mente-y-ciencia-ebook\/9788478984817\/2064478\" target=\"_blank\" rel=\"noopener\">DISPONIBLE EN EBOOK<\/a><\/p>\n<p style=\"font-size: medium;\"><a href=\"http:\/\/www.casadellibro.com\/ebook-ensayos-sobre-logica-lenguaje-mente-y-ciencia-ebook\/9788478984817\/2064478\" target=\"_blank\" rel=\"noopener\"><img decoding=\"async\" src=\"http:\/\/image.casadellibro.com\/t1\/i\/logo-img.png\" alt=\"Librer\u00eda casadellibro.com\" \/><\/a><\/p>\n","protected":false},"featured_media":13601,"comment_status":"open","ping_status":"closed","template":"","meta":{"_acf_changed":false,"_et_pb_use_builder":"","_et_pb_old_content":"","_et_gb_content_width":""},"product_brand":[],"product_cat":[376,461,552,25],"product_tag":[],"class_list":{"0":"post-13600","1":"product","2":"type-product","3":"status-publish","4":"has-post-thumbnail","6":"product_cat-autores","7":"product_cat-bares-gomez-cristina","8":"product_cat-fernandez-moreno-luis","9":"product_cat-filosofia-sociedad","11":"first","12":"instock","13":"taxable","14":"shipping-taxable","15":"purchasable","16":"product-type-simple"},"acf":[],"yoast_head":"<!-- This site is optimized with the Yoast SEO plugin v27.5 - https:\/\/yoast.com\/product\/yoast-seo-wordpress\/ -->\n<title>Ensayos sobre l\u00f3gica, lenguaje, mente y ciencia - Ediciones Alfar<\/title>\n<meta name=\"robots\" content=\"index, follow, max-snippet:-1, max-image-preview:large, max-video-preview:-1\" \/>\n<link rel=\"canonical\" href=\"https:\/\/edicionesalfar.es\/es\/producto\/ensayos-sobre-logica-lenguaje-mente-y-ciencia\/\" \/>\n<meta property=\"og:locale\" content=\"es_ES\" \/>\n<meta property=\"og:type\" content=\"article\" \/>\n<meta property=\"og:title\" content=\"Ensayos sobre l\u00f3gica, lenguaje, mente y ciencia - Ediciones Alfar\" \/>\n<meta property=\"og:description\" content=\"Ensayos sobre L\u00f3gica, Lenguaje, Mente y Ciencia recoge una serie de art\u00edculos escritos por investigadores de distintas universidades con un denominador com\u00fan: el inter\u00e9s por la metodolog\u00eda de la investigaci\u00f3n, as\u00ed como por el descubrimiento, el desarrollo, la invenci\u00f3n y la representaci\u00f3n en el \u00e1mbito de la ciencia y del conocimiento en general. DISPONIBLE EN EBOOK\" \/>\n<meta property=\"og:url\" content=\"https:\/\/edicionesalfar.es\/es\/producto\/ensayos-sobre-logica-lenguaje-mente-y-ciencia\/\" \/>\n<meta property=\"og:site_name\" content=\"Ediciones Alfar\" \/>\n<meta property=\"article:modified_time\" content=\"2024-11-09T04:29:30+00:00\" \/>\n<meta property=\"og:image\" content=\"https:\/\/edicionesalfar.es\/es\/wp-content\/uploads\/2019\/05\/Ensayos-sobre-logica-simple.jpg\" \/>\n\t<meta property=\"og:image:width\" content=\"1\" \/>\n\t<meta property=\"og:image:height\" content=\"1\" \/>\n\t<meta property=\"og:image:type\" content=\"image\/jpeg\" \/>\n<meta name=\"twitter:card\" content=\"summary_large_image\" \/>\n<meta name=\"twitter:label1\" content=\"Tiempo de lectura\" \/>\n\t<meta name=\"twitter:data1\" content=\"2 minutos\" \/>\n<script type=\"application\/ld+json\" class=\"yoast-schema-graph\">{\"@context\":\"https:\\\/\\\/schema.org\",\"@graph\":[{\"@type\":\"WebPage\",\"@id\":\"https:\\\/\\\/edicionesalfar.es\\\/es\\\/producto\\\/ensayos-sobre-logica-lenguaje-mente-y-ciencia\\\/\",\"url\":\"https:\\\/\\\/edicionesalfar.es\\\/es\\\/producto\\\/ensayos-sobre-logica-lenguaje-mente-y-ciencia\\\/\",\"name\":\"Ensayos sobre l\u00f3gica, lenguaje, mente y ciencia - Ediciones Alfar\",\"isPartOf\":{\"@id\":\"https:\\\/\\\/edicionesalfar.es\\\/es\\\/#website\"},\"primaryImageOfPage\":{\"@id\":\"https:\\\/\\\/edicionesalfar.es\\\/es\\\/producto\\\/ensayos-sobre-logica-lenguaje-mente-y-ciencia\\\/#primaryimage\"},\"image\":{\"@id\":\"https:\\\/\\\/edicionesalfar.es\\\/es\\\/producto\\\/ensayos-sobre-logica-lenguaje-mente-y-ciencia\\\/#primaryimage\"},\"thumbnailUrl\":\"https:\\\/\\\/edicionesalfar.es\\\/es\\\/wp-content\\\/uploads\\\/2019\\\/05\\\/Ensayos-sobre-logica-simple.jpg\",\"datePublished\":\"2019-07-11T05:48:13+00:00\",\"dateModified\":\"2024-11-09T04:29:30+00:00\",\"breadcrumb\":{\"@id\":\"https:\\\/\\\/edicionesalfar.es\\\/es\\\/producto\\\/ensayos-sobre-logica-lenguaje-mente-y-ciencia\\\/#breadcrumb\"},\"inLanguage\":\"es\",\"potentialAction\":[{\"@type\":\"ReadAction\",\"target\":[\"https:\\\/\\\/edicionesalfar.es\\\/es\\\/producto\\\/ensayos-sobre-logica-lenguaje-mente-y-ciencia\\\/\"]}]},{\"@type\":\"ImageObject\",\"inLanguage\":\"es\",\"@id\":\"https:\\\/\\\/edicionesalfar.es\\\/es\\\/producto\\\/ensayos-sobre-logica-lenguaje-mente-y-ciencia\\\/#primaryimage\",\"url\":\"https:\\\/\\\/edicionesalfar.es\\\/es\\\/wp-content\\\/uploads\\\/2019\\\/05\\\/Ensayos-sobre-logica-simple.jpg\",\"contentUrl\":\"https:\\\/\\\/edicionesalfar.es\\\/es\\\/wp-content\\\/uploads\\\/2019\\\/05\\\/Ensayos-sobre-logica-simple.jpg\"},{\"@type\":\"BreadcrumbList\",\"@id\":\"https:\\\/\\\/edicionesalfar.es\\\/es\\\/producto\\\/ensayos-sobre-logica-lenguaje-mente-y-ciencia\\\/#breadcrumb\",\"itemListElement\":[{\"@type\":\"ListItem\",\"position\":1,\"name\":\"Portada\",\"item\":\"https:\\\/\\\/edicionesalfar.es\\\/es\\\/\"},{\"@type\":\"ListItem\",\"position\":2,\"name\":\"Cat\u00e1logo\",\"item\":\"https:\\\/\\\/edicionesalfar.es\\\/es\\\/catalogo\\\/\"},{\"@type\":\"ListItem\",\"position\":3,\"name\":\"Ensayos sobre l\u00f3gica, lenguaje, mente y ciencia\"}]},{\"@type\":\"WebSite\",\"@id\":\"https:\\\/\\\/edicionesalfar.es\\\/es\\\/#website\",\"url\":\"https:\\\/\\\/edicionesalfar.es\\\/es\\\/\",\"name\":\"Ediciones Alfar\",\"description\":\"\",\"potentialAction\":[{\"@type\":\"SearchAction\",\"target\":{\"@type\":\"EntryPoint\",\"urlTemplate\":\"https:\\\/\\\/edicionesalfar.es\\\/es\\\/?s={search_term_string}\"},\"query-input\":{\"@type\":\"PropertyValueSpecification\",\"valueRequired\":true,\"valueName\":\"search_term_string\"}}],\"inLanguage\":\"es\"}]}<\/script>\n<!-- \/ Yoast SEO plugin. -->","yoast_head_json":{"title":"Ensayos sobre l\u00f3gica, lenguaje, mente y ciencia - Ediciones Alfar","robots":{"index":"index","follow":"follow","max-snippet":"max-snippet:-1","max-image-preview":"max-image-preview:large","max-video-preview":"max-video-preview:-1"},"canonical":"https:\/\/edicionesalfar.es\/es\/producto\/ensayos-sobre-logica-lenguaje-mente-y-ciencia\/","og_locale":"es_ES","og_type":"article","og_title":"Ensayos sobre l\u00f3gica, lenguaje, mente y ciencia - Ediciones Alfar","og_description":"Ensayos sobre L\u00f3gica, Lenguaje, Mente y Ciencia recoge una serie de art\u00edculos escritos por investigadores de distintas universidades con un denominador com\u00fan: el inter\u00e9s por la metodolog\u00eda de la investigaci\u00f3n, as\u00ed como por el descubrimiento, el desarrollo, la invenci\u00f3n y la representaci\u00f3n en el \u00e1mbito de la ciencia y del conocimiento en general. DISPONIBLE EN EBOOK","og_url":"https:\/\/edicionesalfar.es\/es\/producto\/ensayos-sobre-logica-lenguaje-mente-y-ciencia\/","og_site_name":"Ediciones Alfar","article_modified_time":"2024-11-09T04:29:30+00:00","og_image":[{"url":"https:\/\/edicionesalfar.es\/es\/wp-content\/uploads\/2019\/05\/Ensayos-sobre-logica-simple.jpg","width":1,"height":1,"type":"image\/jpeg"}],"twitter_card":"summary_large_image","twitter_misc":{"Tiempo de lectura":"2 minutos"},"schema":{"@context":"https:\/\/schema.org","@graph":[{"@type":"WebPage","@id":"https:\/\/edicionesalfar.es\/es\/producto\/ensayos-sobre-logica-lenguaje-mente-y-ciencia\/","url":"https:\/\/edicionesalfar.es\/es\/producto\/ensayos-sobre-logica-lenguaje-mente-y-ciencia\/","name":"Ensayos sobre l\u00f3gica, lenguaje, mente y ciencia - Ediciones Alfar","isPartOf":{"@id":"https:\/\/edicionesalfar.es\/es\/#website"},"primaryImageOfPage":{"@id":"https:\/\/edicionesalfar.es\/es\/producto\/ensayos-sobre-logica-lenguaje-mente-y-ciencia\/#primaryimage"},"image":{"@id":"https:\/\/edicionesalfar.es\/es\/producto\/ensayos-sobre-logica-lenguaje-mente-y-ciencia\/#primaryimage"},"thumbnailUrl":"https:\/\/edicionesalfar.es\/es\/wp-content\/uploads\/2019\/05\/Ensayos-sobre-logica-simple.jpg","datePublished":"2019-07-11T05:48:13+00:00","dateModified":"2024-11-09T04:29:30+00:00","breadcrumb":{"@id":"https:\/\/edicionesalfar.es\/es\/producto\/ensayos-sobre-logica-lenguaje-mente-y-ciencia\/#breadcrumb"},"inLanguage":"es","potentialAction":[{"@type":"ReadAction","target":["https:\/\/edicionesalfar.es\/es\/producto\/ensayos-sobre-logica-lenguaje-mente-y-ciencia\/"]}]},{"@type":"ImageObject","inLanguage":"es","@id":"https:\/\/edicionesalfar.es\/es\/producto\/ensayos-sobre-logica-lenguaje-mente-y-ciencia\/#primaryimage","url":"https:\/\/edicionesalfar.es\/es\/wp-content\/uploads\/2019\/05\/Ensayos-sobre-logica-simple.jpg","contentUrl":"https:\/\/edicionesalfar.es\/es\/wp-content\/uploads\/2019\/05\/Ensayos-sobre-logica-simple.jpg"},{"@type":"BreadcrumbList","@id":"https:\/\/edicionesalfar.es\/es\/producto\/ensayos-sobre-logica-lenguaje-mente-y-ciencia\/#breadcrumb","itemListElement":[{"@type":"ListItem","position":1,"name":"Portada","item":"https:\/\/edicionesalfar.es\/es\/"},{"@type":"ListItem","position":2,"name":"Cat\u00e1logo","item":"https:\/\/edicionesalfar.es\/es\/catalogo\/"},{"@type":"ListItem","position":3,"name":"Ensayos sobre l\u00f3gica, lenguaje, mente y ciencia"}]},{"@type":"WebSite","@id":"https:\/\/edicionesalfar.es\/es\/#website","url":"https:\/\/edicionesalfar.es\/es\/","name":"Ediciones Alfar","description":"","potentialAction":[{"@type":"SearchAction","target":{"@type":"EntryPoint","urlTemplate":"https:\/\/edicionesalfar.es\/es\/?s={search_term_string}"},"query-input":{"@type":"PropertyValueSpecification","valueRequired":true,"valueName":"search_term_string"}}],"inLanguage":"es"}]}},"_links":{"self":[{"href":"https:\/\/edicionesalfar.es\/es\/wp-json\/wp\/v2\/product\/13600","targetHints":{"allow":["GET"]}}],"collection":[{"href":"https:\/\/edicionesalfar.es\/es\/wp-json\/wp\/v2\/product"}],"about":[{"href":"https:\/\/edicionesalfar.es\/es\/wp-json\/wp\/v2\/types\/product"}],"replies":[{"embeddable":true,"href":"https:\/\/edicionesalfar.es\/es\/wp-json\/wp\/v2\/comments?post=13600"}],"wp:featuredmedia":[{"embeddable":true,"href":"https:\/\/edicionesalfar.es\/es\/wp-json\/wp\/v2\/media\/13601"}],"wp:attachment":[{"href":"https:\/\/edicionesalfar.es\/es\/wp-json\/wp\/v2\/media?parent=13600"}],"wp:term":[{"taxonomy":"product_brand","embeddable":true,"href":"https:\/\/edicionesalfar.es\/es\/wp-json\/wp\/v2\/product_brand?post=13600"},{"taxonomy":"product_cat","embeddable":true,"href":"https:\/\/edicionesalfar.es\/es\/wp-json\/wp\/v2\/product_cat?post=13600"},{"taxonomy":"product_tag","embeddable":true,"href":"https:\/\/edicionesalfar.es\/es\/wp-json\/wp\/v2\/product_tag?post=13600"}],"curies":[{"name":"wp","href":"https:\/\/api.w.org\/{rel}","templated":true}]}}