{"id":13594,"date":"2019-07-11T05:48:10","date_gmt":"2019-07-11T05:48:10","guid":{"rendered":"http:\/\/www.edicionesalfar.es\/web-wordpress\/?post_type=product\\&#021;p="},"modified":"2025-07-18T09:49:16","modified_gmt":"2025-07-18T07:49:16","slug":"poesias-completas","status":"publish","type":"product","link":"https:\/\/edicionesalfar.es\/es\/producto\/poesias-completas\/","title":{"rendered":"Poes\u00edas completas"},"content":{"rendered":"<p>\u00a0<\/p>\n<p>CONTENIDO: Esta edici\u00f3n de la Poes\u00eda completa de Rivas parte de una extensa introducci\u00f3n y an\u00e1lisis de la obra del poeta rom\u00e1ntico, en donde adem\u00e1s se realiza un novedoso planteamiento metodol\u00f3gico relativo al binomio ideolog\u00eda y literatura.<br style=\"height: 1px; font-size: 1px;\" \/><br style=\"height: 1px; font-size: 1px;\" \/>Quiz\u00e1s por vez primera se edita aqu\u00ed la poes\u00eda completa del Duque con el necesario rigor en la fijaci\u00f3n textual, fruto de un detallado cotejo de ediciones de \u00e9poca y posteriores. Se a\u00f1ade un estudio muy completo sobre la obra de Rivas.<br style=\"height: 1px; font-size: 1px;\" \/><br style=\"height: 1px; font-size: 1px;\" \/>La poes\u00eda del Duque de Rivas es poco conocida respecto a la evidente calidad que posee: obra de sencillez l\u00edrica di\u00e1fana y luminosa verdaderamente evocadora de un universo personal.<br style=\"height: 1px; font-size: 1px;\" \/><br style=\"height: 1px; font-size: 1px;\" \/>El Duque de Rivas es sin duda un autor cuyo valor est\u00e1 por redescubrir a\u00fan en nuestro siglo XXI.<br style=\"height: 1px; font-size: 1px;\" \/><br style=\"height: 1px; font-size: 1px;\" \/>AUTOR: Diego Mart\u00ednez Torr\u00f3n es catedr\u00e1tico de Literatura Espa\u00f1ola en la Universidad de C\u00f3rdoba y escritor, autor de 47 libros en editoras espa\u00f1olas y europeas: ensayo, poes\u00eda y relato. Reputado especialista en el romanticismo espa\u00f1ol, tema al que ha dedicado numerosos estudios, entre ellos El universo literario del Duque de Rivas (Alfar, 2009), donde se analiza la obra completa del Duque, algo que no se hac\u00eda desde 1926 en franc\u00e9s por Boussagol; public\u00f3 Blanca de Castilla tragedia in\u00e9dita del autor rom\u00e1ntico.<br \/>\n\u00cdNDICE:<br \/>\nINTRODUCCI\u00d3N<br \/>\nBIBLIOGRAF\u00cdA GENERAL<br style=\"height: 1px; font-size: 1px;\" \/>\u00c1NGEL DE SAAVEDRA, DUQUE DE RIVAS. POES\u00cdAS COMPLETAS.<br style=\"height: 1px; font-size: 1px;\" \/>POES\u00cdAS DE DON \u00c1NGEL DE SAAVEDRA REM\u00cdREZ DE BAQUEDANO (C\u00e1diz, 1814)\u00a0<br style=\"height: 1px; font-size: 1px;\" \/>POES\u00cdAS DE DON \u00c1NGEL DE SAAVEDRA RAM\u00cdREZ DE BAQUEDANO (Madrid, 1820)\u00a0<br style=\"height: 1px; font-size: 1px;\" \/>LEYENDAS\u00a0<br style=\"height: 1px; font-size: 1px;\" \/>POES\u00cdAS RECOGIDAS POSTERIORMENTE<\/p>\n<p>\u00a0<\/p>\n<p>\u00a0<\/p>\n","protected":false},"excerpt":{"rendered":"<div style=\"font-size: 13px; color: #333333; line-height: 20px;\">Se edita por vez primera la poes\u00eda completa del Duque de Rivas con el necesario rigor en la fijaci\u00f3n textual, fruto de un detallado cotejo de ediciones de \u00e9poca y anteriores. Acompa\u00f1a la obra un magn\u00edfico estudio previo.<\/div>\n<p>&nbsp;<\/p>\n","protected":false},"featured_media":13595,"comment_status":"open","ping_status":"open","template":"","meta":{"_acf_changed":false,"_et_pb_use_builder":"","_et_pb_old_content":"","_et_gb_content_width":""},"product_brand":[],"product_cat":[21],"product_tag":[],"class_list":{"0":"post-13594","1":"product","2":"type-product","3":"status-publish","4":"has-post-thumbnail","6":"product_cat-estudios-literarios","8":"first","9":"instock","10":"taxable","11":"shipping-taxable","12":"purchasable","13":"product-type-simple"},"acf":[],"yoast_head":"<!-- This site is optimized with the Yoast SEO plugin v27.5 - https:\/\/yoast.com\/product\/yoast-seo-wordpress\/ -->\n<title>Poes\u00edas completas - Ediciones Alfar<\/title>\n<meta name=\"robots\" content=\"index, follow, max-snippet:-1, max-image-preview:large, max-video-preview:-1\" \/>\n<link rel=\"canonical\" href=\"https:\/\/edicionesalfar.es\/es\/producto\/poesias-completas\/\" \/>\n<meta property=\"og:locale\" content=\"es_ES\" \/>\n<meta property=\"og:type\" content=\"article\" \/>\n<meta property=\"og:title\" content=\"Poes\u00edas completas - Ediciones Alfar\" \/>\n<meta property=\"og:description\" content=\"Se edita por vez primera la poes\u00eda completa del Duque de Rivas con el necesario rigor en la fijaci\u00f3n textual, fruto de un detallado cotejo de ediciones de \u00e9poca y anteriores. Acompa\u00f1a la obra un magn\u00edfico estudio previo. &nbsp;\" \/>\n<meta property=\"og:url\" content=\"https:\/\/edicionesalfar.es\/es\/producto\/poesias-completas\/\" \/>\n<meta property=\"og:site_name\" content=\"Ediciones Alfar\" \/>\n<meta property=\"article:modified_time\" content=\"2025-07-18T07:49:16+00:00\" \/>\n<meta property=\"og:image\" content=\"https:\/\/edicionesalfar.es\/es\/wp-content\/uploads\/2019\/05\/Poesias-completas-Sencillaf.jpg\" \/>\n\t<meta property=\"og:image:width\" content=\"1\" \/>\n\t<meta property=\"og:image:height\" content=\"1\" \/>\n\t<meta property=\"og:image:type\" content=\"image\/jpeg\" \/>\n<meta name=\"twitter:card\" content=\"summary_large_image\" \/>\n<meta name=\"twitter:label1\" content=\"Tiempo de lectura\" \/>\n\t<meta name=\"twitter:data1\" content=\"1 minuto\" \/>\n<script type=\"application\/ld+json\" class=\"yoast-schema-graph\">{\"@context\":\"https:\\\/\\\/schema.org\",\"@graph\":[{\"@type\":\"WebPage\",\"@id\":\"https:\\\/\\\/edicionesalfar.es\\\/es\\\/producto\\\/poesias-completas\\\/\",\"url\":\"https:\\\/\\\/edicionesalfar.es\\\/es\\\/producto\\\/poesias-completas\\\/\",\"name\":\"Poes\u00edas completas - Ediciones Alfar\",\"isPartOf\":{\"@id\":\"https:\\\/\\\/edicionesalfar.es\\\/es\\\/#website\"},\"primaryImageOfPage\":{\"@id\":\"https:\\\/\\\/edicionesalfar.es\\\/es\\\/producto\\\/poesias-completas\\\/#primaryimage\"},\"image\":{\"@id\":\"https:\\\/\\\/edicionesalfar.es\\\/es\\\/producto\\\/poesias-completas\\\/#primaryimage\"},\"thumbnailUrl\":\"https:\\\/\\\/edicionesalfar.es\\\/es\\\/wp-content\\\/uploads\\\/2019\\\/05\\\/Poesias-completas-Sencillaf.jpg\",\"datePublished\":\"2019-07-11T05:48:10+00:00\",\"dateModified\":\"2025-07-18T07:49:16+00:00\",\"breadcrumb\":{\"@id\":\"https:\\\/\\\/edicionesalfar.es\\\/es\\\/producto\\\/poesias-completas\\\/#breadcrumb\"},\"inLanguage\":\"es\",\"potentialAction\":[{\"@type\":\"ReadAction\",\"target\":[\"https:\\\/\\\/edicionesalfar.es\\\/es\\\/producto\\\/poesias-completas\\\/\"]}]},{\"@type\":\"ImageObject\",\"inLanguage\":\"es\",\"@id\":\"https:\\\/\\\/edicionesalfar.es\\\/es\\\/producto\\\/poesias-completas\\\/#primaryimage\",\"url\":\"https:\\\/\\\/edicionesalfar.es\\\/es\\\/wp-content\\\/uploads\\\/2019\\\/05\\\/Poesias-completas-Sencillaf.jpg\",\"contentUrl\":\"https:\\\/\\\/edicionesalfar.es\\\/es\\\/wp-content\\\/uploads\\\/2019\\\/05\\\/Poesias-completas-Sencillaf.jpg\"},{\"@type\":\"BreadcrumbList\",\"@id\":\"https:\\\/\\\/edicionesalfar.es\\\/es\\\/producto\\\/poesias-completas\\\/#breadcrumb\",\"itemListElement\":[{\"@type\":\"ListItem\",\"position\":1,\"name\":\"Portada\",\"item\":\"https:\\\/\\\/edicionesalfar.es\\\/es\\\/\"},{\"@type\":\"ListItem\",\"position\":2,\"name\":\"Cat\u00e1logo\",\"item\":\"https:\\\/\\\/edicionesalfar.es\\\/es\\\/catalogo\\\/\"},{\"@type\":\"ListItem\",\"position\":3,\"name\":\"Poes\u00edas completas\"}]},{\"@type\":\"WebSite\",\"@id\":\"https:\\\/\\\/edicionesalfar.es\\\/es\\\/#website\",\"url\":\"https:\\\/\\\/edicionesalfar.es\\\/es\\\/\",\"name\":\"Ediciones Alfar\",\"description\":\"\",\"potentialAction\":[{\"@type\":\"SearchAction\",\"target\":{\"@type\":\"EntryPoint\",\"urlTemplate\":\"https:\\\/\\\/edicionesalfar.es\\\/es\\\/?s={search_term_string}\"},\"query-input\":{\"@type\":\"PropertyValueSpecification\",\"valueRequired\":true,\"valueName\":\"search_term_string\"}}],\"inLanguage\":\"es\"}]}<\/script>\n<!-- \/ Yoast SEO plugin. -->","yoast_head_json":{"title":"Poes\u00edas completas - Ediciones Alfar","robots":{"index":"index","follow":"follow","max-snippet":"max-snippet:-1","max-image-preview":"max-image-preview:large","max-video-preview":"max-video-preview:-1"},"canonical":"https:\/\/edicionesalfar.es\/es\/producto\/poesias-completas\/","og_locale":"es_ES","og_type":"article","og_title":"Poes\u00edas completas - Ediciones Alfar","og_description":"Se edita por vez primera la poes\u00eda completa del Duque de Rivas con el necesario rigor en la fijaci\u00f3n textual, fruto de un detallado cotejo de ediciones de \u00e9poca y anteriores. Acompa\u00f1a la obra un magn\u00edfico estudio previo. &nbsp;","og_url":"https:\/\/edicionesalfar.es\/es\/producto\/poesias-completas\/","og_site_name":"Ediciones Alfar","article_modified_time":"2025-07-18T07:49:16+00:00","og_image":[{"url":"https:\/\/edicionesalfar.es\/es\/wp-content\/uploads\/2019\/05\/Poesias-completas-Sencillaf.jpg","width":1,"height":1,"type":"image\/jpeg"}],"twitter_card":"summary_large_image","twitter_misc":{"Tiempo de lectura":"1 minuto"},"schema":{"@context":"https:\/\/schema.org","@graph":[{"@type":"WebPage","@id":"https:\/\/edicionesalfar.es\/es\/producto\/poesias-completas\/","url":"https:\/\/edicionesalfar.es\/es\/producto\/poesias-completas\/","name":"Poes\u00edas completas - Ediciones Alfar","isPartOf":{"@id":"https:\/\/edicionesalfar.es\/es\/#website"},"primaryImageOfPage":{"@id":"https:\/\/edicionesalfar.es\/es\/producto\/poesias-completas\/#primaryimage"},"image":{"@id":"https:\/\/edicionesalfar.es\/es\/producto\/poesias-completas\/#primaryimage"},"thumbnailUrl":"https:\/\/edicionesalfar.es\/es\/wp-content\/uploads\/2019\/05\/Poesias-completas-Sencillaf.jpg","datePublished":"2019-07-11T05:48:10+00:00","dateModified":"2025-07-18T07:49:16+00:00","breadcrumb":{"@id":"https:\/\/edicionesalfar.es\/es\/producto\/poesias-completas\/#breadcrumb"},"inLanguage":"es","potentialAction":[{"@type":"ReadAction","target":["https:\/\/edicionesalfar.es\/es\/producto\/poesias-completas\/"]}]},{"@type":"ImageObject","inLanguage":"es","@id":"https:\/\/edicionesalfar.es\/es\/producto\/poesias-completas\/#primaryimage","url":"https:\/\/edicionesalfar.es\/es\/wp-content\/uploads\/2019\/05\/Poesias-completas-Sencillaf.jpg","contentUrl":"https:\/\/edicionesalfar.es\/es\/wp-content\/uploads\/2019\/05\/Poesias-completas-Sencillaf.jpg"},{"@type":"BreadcrumbList","@id":"https:\/\/edicionesalfar.es\/es\/producto\/poesias-completas\/#breadcrumb","itemListElement":[{"@type":"ListItem","position":1,"name":"Portada","item":"https:\/\/edicionesalfar.es\/es\/"},{"@type":"ListItem","position":2,"name":"Cat\u00e1logo","item":"https:\/\/edicionesalfar.es\/es\/catalogo\/"},{"@type":"ListItem","position":3,"name":"Poes\u00edas completas"}]},{"@type":"WebSite","@id":"https:\/\/edicionesalfar.es\/es\/#website","url":"https:\/\/edicionesalfar.es\/es\/","name":"Ediciones Alfar","description":"","potentialAction":[{"@type":"SearchAction","target":{"@type":"EntryPoint","urlTemplate":"https:\/\/edicionesalfar.es\/es\/?s={search_term_string}"},"query-input":{"@type":"PropertyValueSpecification","valueRequired":true,"valueName":"search_term_string"}}],"inLanguage":"es"}]}},"_links":{"self":[{"href":"https:\/\/edicionesalfar.es\/es\/wp-json\/wp\/v2\/product\/13594","targetHints":{"allow":["GET"]}}],"collection":[{"href":"https:\/\/edicionesalfar.es\/es\/wp-json\/wp\/v2\/product"}],"about":[{"href":"https:\/\/edicionesalfar.es\/es\/wp-json\/wp\/v2\/types\/product"}],"replies":[{"embeddable":true,"href":"https:\/\/edicionesalfar.es\/es\/wp-json\/wp\/v2\/comments?post=13594"}],"wp:featuredmedia":[{"embeddable":true,"href":"https:\/\/edicionesalfar.es\/es\/wp-json\/wp\/v2\/media\/13595"}],"wp:attachment":[{"href":"https:\/\/edicionesalfar.es\/es\/wp-json\/wp\/v2\/media?parent=13594"}],"wp:term":[{"taxonomy":"product_brand","embeddable":true,"href":"https:\/\/edicionesalfar.es\/es\/wp-json\/wp\/v2\/product_brand?post=13594"},{"taxonomy":"product_cat","embeddable":true,"href":"https:\/\/edicionesalfar.es\/es\/wp-json\/wp\/v2\/product_cat?post=13594"},{"taxonomy":"product_tag","embeddable":true,"href":"https:\/\/edicionesalfar.es\/es\/wp-json\/wp\/v2\/product_tag?post=13594"}],"curies":[{"name":"wp","href":"https:\/\/api.w.org\/{rel}","templated":true}]}}